{"id":39222,"date":"2025-06-16T07:58:41","date_gmt":"2025-06-15T23:58:41","guid":{"rendered":"https:\/\/demostore.ai\/?post_type=product&#038;p=39222"},"modified":"2026-02-19T17:18:27","modified_gmt":"2026-02-19T09:18:27","slug":"funko-pop-one-piece-samurai-brook","status":"publish","type":"product","link":"https:\/\/demostore.ai\/sk\/produkt\/funko-pop-one-piece-samurai-brook\/","title":{"rendered":"Funko Pop! One Piece &#8211; Samurai Brook"},"content":{"rendered":"<section data-wtai-block-id=\"wtai_product_description_features\" class=\"wtai-section wtai-features-section\">\n<h2>Pre\u010do si ob\u013e\u00fabi\u0165 t\u00fato fig\u00farku<\/h2>\n<ul>\n<li><strong>Limitovan\u00e1 exkluzivita<\/strong> \u2013 Fig\u00farka nesie n\u00e1lepku Funko Exclusive, v\u010faka \u010domu sa st\u00e1va zberate\u013esk\u00fdm k\u00faskom, ktor\u00fd nen\u00e1jdete len tak hocikde.<\/li>\n<li><strong>Autentick\u00fd dizajn postavy Brook<\/strong> \u2013 Vern\u00e9 spracovanie postavy zo s\u00e9rie One Piece v samurajskom brnen\u00ed ihne\u010f zaujme v\u0161etk\u00fdch fan\u00fa\u0161ikov anime.<\/li>\n<li><strong>Kvalitn\u00fd vinyl<\/strong> \u2013 Odoln\u00e9 spracovanie zaru\u010duje dlh\u00fa \u017eivotnos\u0165 a v\u00fdrazn\u00e9 detaily aj po rokoch na poli\u010dke.<\/li>\n<li><strong>Zberate\u013esk\u00e1 hodnota<\/strong> \u2013 S\u00e9riov\u00e9 ozna\u010denie 1129 a ed\u00edcia POP! Animation One Piece robia z tejto fig\u00farky atrakt\u00edvny pr\u00edrastok do ka\u017edej kolekcie.<\/li>\n<li><strong>Atrakt\u00edvne dlhotrvaj\u00face balenie<\/strong> \u2013 Fig\u00farka je balen\u00e1 v ochrannom prieh\u013eadnom boxe s ofici\u00e1lnym logom a mot\u00edvom s\u00e9rie.<\/li>\n<\/ul>\n<\/section>\n<div data-wtai-block-id=\"wtai_product_description_image_1\" class=\"wtai-section wtai-image_1-section\">\n<figure class=\"wtai-image-p wtai-align-center\" style=\"text-align:center\"><img decoding=\"async\" src=\"https:\/\/demostore.ai\/wp-content\/uploads\/2025\/06\/Funko-Pop-figure-2-600x600.png\" alt=\"Zadn\u00e1 strana balenia Funko Pop! One Piece \u2013 Samurai Brook s vyobrazen\u00edm piatich zberate\u013esk\u00fdch fig\u00farok.\" srcset=\"https:\/\/demostore.ai\/wp-content\/uploads\/2025\/06\/Funko-Pop-figure-2.png 1000w, https:\/\/demostore.ai\/wp-content\/uploads\/2025\/06\/Funko-Pop-figure-2-300x300.png 300w, https:\/\/demostore.ai\/wp-content\/uploads\/2025\/06\/Funko-Pop-figure-2-150x150.png 150w, https:\/\/demostore.ai\/wp-content\/uploads\/2025\/06\/Funko-Pop-figure-2-768x768.png 768w, https:\/\/demostore.ai\/wp-content\/uploads\/2025\/06\/Funko-Pop-figure-2-600x600.png 600w, https:\/\/demostore.ai\/wp-content\/uploads\/2025\/06\/Funko-Pop-figure-2-250x250.png 250w\"><figcaption>\n<p>Zadn\u00e1 strana krabi\u010dky predstavuje cel\u00fd rad postavi\u010diek One Piece na pozad\u00ed starod\u00e1vnej mapy.<\/p>\n<\/figcaption><\/figure>\n<\/p><\/div>\n<section data-wtai-block-id=\"wtai_product_description_technical_specifications\" class=\"wtai-section wtai-technical_specifications-section\">\n<h3>Detaily<\/h3>\n<ul>\n<li><strong>S\u00e9ria<\/strong>: POP! Animation One Piece<\/li>\n<li><strong>Postava<\/strong>: Samurai Brook<\/li>\n<li><strong>V\u00fd\u0161ka<\/strong>: 4&quot;<\/li>\n<li><strong>Materi\u00e1l<\/strong>: Vinyl<\/li>\n<li><strong>K\u00f3d fig\u00farky<\/strong>: 1129<\/li>\n<li><strong>Ed\u00edcia<\/strong>: Funko Exclusive<\/li>\n<li><strong>Balenie<\/strong>: Prieh\u013eadn\u00fd ochrann\u00fd box s origin\u00e1lnym dizajnom<\/li>\n<li><strong>Typ pou\u017eitia<\/strong>: Zberate\u013esk\u00e1 fig\u00farka, dekora\u010dn\u00fd predmet<\/li>\n<\/ul>\n<\/section>\n<section data-wtai-block-id=\"wtai_product_description_custom_1\" class=\"wtai-section wtai-custom_1-section\">\n<h2>Pre koho a kedy je Funko Pop! One Piece \u2013 Samurai Brook ako stvoren\u00fd<\/h2>\n<ul>\n<li><strong>Zberatelia<\/strong> \u2013 Vz\u00e1cny pr\u00edrastok do kolekcie anime fig\u00farok alebo Funko Pop! s\u00e9ri\u00ed.<\/li>\n<li><strong>Fan\u00fa\u0161ikovia One Piece<\/strong> \u2013 Ide\u00e1lny dar\u010dek pre milovn\u00edkov postavy Brook v samurajskej podobe.<\/li>\n<li><strong>Dekorat\u00e9ri<\/strong> \u2013 O\u017eivte poli\u010dku alebo pracovn\u00fd st\u00f4l v\u00fdraznou a origin\u00e1lnou postavi\u010dkou.<\/li>\n<\/ul>\n<\/section>\n<section data-wtai-block-id=\"wtai_product_description_custom_2\" class=\"wtai-section wtai-custom_2-section\">\n<h2>O autorovi a tvorcovi fenom\u00e9nu One Piece: Eiichiro Oda<\/h2>\n<p>Eiichiro Oda je legend\u00e1rny japonsk\u00fd autor mangy, ktor\u00fd stoj\u00ed za zrodom s\u00e9rie One Piece \u2013 najpred\u00e1vanej\u0161ieho komiksu v\u0161etk\u00fdch \u010dias.<\/p>\n<p>Narodil sa v roku 1975 a u\u017e ako t\u00edned\u017eer sa presadil v umeleck\u00fdch s\u00fa\u0165a\u017eiach v\u010faka svojmu origin\u00e1lnemu \u0161t\u00fdlu a z\u00e1palu pre pir\u00e1tsku tematiku.<\/p>\n<p>One Piece za\u010dal vych\u00e1dza\u0165 v roku 1997 a r\u00fdchlo si z\u00edskal mili\u00f3ny fan\u00fa\u0161ikov v\u010faka prepracovan\u00e9mu svetu, em\u00f3ci\u00e1m a typick\u00e9mu humoru.<\/p>\n<p>Oda je zn\u00e1my detailn\u00fdm vizu\u00e1lnym spracovan\u00edm a postavy ako Brook s\u00fa d\u00f4kazom jeho schopnosti vyvola\u0165 v \u010ditate\u013eoch siln\u00e9 sympatie.<\/p>\n<p>Jeho tvorba oslovuje ka\u017ed\u00fa gener\u00e1ciu, preto\u017ee dok\u00e1\u017ee pon\u00faknu\u0165 dobrodru\u017estvo, smiech aj h\u013abku a jeho dielo je dnes neodmyslite\u013enou s\u00fa\u010das\u0165ou popkult\u00fary.<\/p>\n<\/section>\n<section data-wtai-block-id=\"wtai_product_description_faqs\" class=\"wtai-section wtai-faqs-section\">\n<h2>\u010casto kladen\u00e9 ot\u00e1zky<\/h2>\n<p><strong>Je fig\u00farka vhodn\u00e1 pre deti?<\/strong><\/p>\n<p>Fig\u00farka je prim\u00e1rne ur\u010den\u00e1 pre zberate\u013eov a fan\u00fa\u0161ikov One Piece od 3 rokov, ke\u010f\u017ee obsahuje mal\u00e9 \u010dasti nevhodn\u00e9 pre najmen\u0161ie deti.<\/p>\n<p><strong>D\u00e1 sa fig\u00farka vybra\u0165 z obalu bez po\u0161kodenia?<\/strong><\/p>\n<p>\u00c1no, prieh\u013eadn\u00fd box je navrhnut\u00fd tak, aby sa dal opatrne otvori\u0165 a fig\u00farku mo\u017eno vybra\u0165 aj vr\u00e1ti\u0165 sp\u00e4\u0165 bez po\u0161kodenia.<\/p>\n<p><strong>Je t\u00e1to verzia Brook dostupn\u00e1 aj v in\u00fdch ed\u00edci\u00e1ch?<\/strong><\/p>\n<p>Postava Brook existuje v r\u00f4znych verzi\u00e1ch v r\u00e1mci s\u00e9rie Funko Pop!, no samurajsk\u00e1 verzia s exkluz\u00edvnou n\u00e1lepkou je \u0161pecifick\u00e1 iba pre t\u00fato ed\u00edciu.<\/p>\n<p><strong>Ako najlep\u0161ie vystavi\u0165 t\u00fato fig\u00farku?<\/strong><\/p>\n<p>Najlep\u0161ie vynikne na vidite\u013enom mieste, napr\u00edklad na poli\u010dke \u010di stole, ide\u00e1lne vo svojom origin\u00e1lnom boxe, ktor\u00fd ju z\u00e1rove\u0148 chr\u00e1ni pred prachom.<\/p>\n<\/section>\n<section data-wtai-block-id=\"wtai_product_description_conclusion\" class=\"wtai-section wtai-conclusion-section\">\n<h3>Nezme\u0161kajte \u0161ancu na unik\u00e1tny k\u00fasok<\/h3>\n<p><strong>Samurai Brook z One Piece je fig\u00farka, ktor\u00fa si zamiluje ka\u017ed\u00fd spr\u00e1vny zberate\u013e aj fan\u00fa\u0161ik anime.<\/strong> <strong>Jej limitovan\u00e1 exkluzivita a starostliv\u00e9 detaily z nej robia neprehliadnute\u013en\u00fd prvok akejko\u013evek zbierky.<\/strong> <strong>Oboha\u0165te si vlastn\u00fa poli\u010dku o tento v\u00fdnimo\u010dn\u00fd k\u00fasok dnes. Podobn\u00e9 rarity mizn\u00fa r\u00fdchlo, tak nev\u00e1hajte.<\/strong><\/p>\n<\/section>\n","protected":false},"excerpt":{"rendered":"<div data-wtai-block-id=\"wtai_excerpt_subtitle\" class=\"wtai-section wtai-subtitle-section\">\n<p><em><strong>Samurajsk\u00fd \u0161mrnc pre ka\u017ed\u00fa poli\u010dku \u2013 limitovan\u00e1 zberate\u013esk\u00e1 ed\u00edcia pln\u00e1 osobnosti.<\/strong><\/em><\/p>\n<\/p><\/div>\n<div data-wtai-block-id=\"wtai_excerpt_introduction\" class=\"wtai-section wtai-introduction-section\">\n<p>\u010co sa stane, ke\u010f ikonick\u00fd hudobn\u00edk a kostlivec Brook oble\u010die samurajsk\u00e9 brnenie? Vznikne par\u00e1dny k\u00fasok Funko Pop! One Piece \u2013 Samurai Brook, ktor\u00fd okam\u017eite rozpozn\u00e1 ka\u017ed\u00fd fan\u00fa\u0161ik anime. T\u00e1to detailn\u00e1 vinylov\u00e1 fig\u00farka, navrhnut\u00e1 \u0161peci\u00e1lne pre zberate\u013eov a milovn\u00edkov kultovej s\u00e9rie One Piece, sa stane v\u00fdrazn\u00fdm doplnkom do ka\u017edej zbierky alebo origin\u00e1lnym dar\u010dekom pre nad\u0161encov popkult\u00fary v\u0161etk\u00fdch gener\u00e1ci\u00ed.<\/p>\n<\/p><\/div>\n","protected":false},"featured_media":18132,"comment_status":"open","ping_status":"closed","template":"","meta":[],"product_brand":[],"product_cat":[173],"product_tag":[],"class_list":{"0":"post-39222","1":"product","2":"type-product","3":"status-publish","4":"has-post-thumbnail","6":"product_cat-knihy-a-media","8":"first","9":"instock","10":"shipping-taxable","11":"purchasable","12":"product-type-simple"},"bundled_by":[],"bundle_stock_status":"instock","bundle_stock_quantity":null,"bundle_virtual":false,"bundle_layout":"","bundle_add_to_cart_form_location":"","bundle_editable_in_cart":false,"bundle_sold_individually_context":"","bundle_item_grouping":"","bundle_min_size":"","bundle_max_size":"","bundle_price":[],"bundled_items":[],"bundle_sell_ids":[],"yoast_head":"<!-- This site is optimized with the Yoast SEO plugin v25.2 - https:\/\/yoast.com\/wordpress\/plugins\/seo\/ -->\n<title>Top-Rated Funko Pop One Piece Samurai Brook Exclusive<\/title>\n<meta name=\"description\" content=\"Vz\u00e1cne exkluz\u00edvne vydanie Funko Pop! One Piece \u2013 Samurai Brook s detailnou samurajskou v\u00fdbavou. Perfektn\u00e1 vo\u013eba pre ka\u017ed\u00e9ho fan\u00fa\u0161ika a zberate\u013ea.\" \/>\n<meta name=\"robots\" content=\"index, follow, max-snippet:-1, max-image-preview:large, max-video-preview:-1\" \/>\n<link rel=\"canonical\" href=\"https:\/\/demostore.ai\/sk\/produkt\/funko-pop-one-piece-samurai-brook\/\" \/>\n<meta property=\"og:type\" content=\"article\" \/>\n<meta property=\"og:title\" content=\"Top-Rated Funko Pop One Piece Samurai Brook Exclusive\" \/>\n<meta property=\"og:description\" content=\"Reprezenta\u010dn\u00e1 limitovan\u00e1 fig\u00farka Funko Pop! Samurai Brook zo s\u00e9rie One Piece s exkluz\u00edvnym dizajnom a kvalitn\u00fdm preveden\u00edm. Skvel\u00fd k\u00fasok do ka\u017edej zbierky.\" \/>\n<meta property=\"og:url\" content=\"https:\/\/demostore.ai\/sk\/produkt\/funko-pop-one-piece-samurai-brook\/\" \/>\n<meta property=\"og:site_name\" content=\"Trendy Thread\" \/>\n<meta property=\"article:modified_time\" content=\"2026-02-19T09:18:27+00:00\" \/>\n<meta property=\"og:image\" content=\"https:\/\/demostore.ai\/wp-content\/uploads\/2025\/06\/Funko-Pop-figure-1.png\" \/>\n\t<meta property=\"og:image:width\" content=\"1000\" \/>\n\t<meta property=\"og:image:height\" content=\"1000\" \/>\n\t<meta property=\"og:image:type\" content=\"image\/png\" \/>\n<meta name=\"twitter:card\" content=\"summary_large_image\" \/>\n<meta name=\"twitter:title\" content=\"Top-Rated Funko Pop One Piece Samurai Brook Exclusive\" \/>\n<meta name=\"twitter:description\" content=\"Reprezenta\u010dn\u00e1 limitovan\u00e1 fig\u00farka Funko Pop! Samurai Brook zo s\u00e9rie One Piece s exkluz\u00edvnym dizajnom a kvalitn\u00fdm preveden\u00edm. Skvel\u00fd k\u00fasok do ka\u017edej zbierky.\" \/>\n<meta name=\"twitter:label1\" content=\"Predpokladan\u00fd \u010das \u010d\u00edtania\" \/>\n\t<meta name=\"twitter:data1\" content=\"1 min\u00fata\" \/>\n<script type=\"application\/ld+json\" class=\"yoast-schema-graph\">{\"@context\":\"https:\/\/schema.org\",\"@graph\":[{\"@type\":\"WebPage\",\"@id\":\"https:\/\/demostore.ai\/sk\/produkt\/funko-pop-one-piece-samurai-brook\/\",\"url\":\"https:\/\/demostore.ai\/sk\/produkt\/funko-pop-one-piece-samurai-brook\/\",\"name\":\"Top-Rated Funko Pop One Piece Samurai Brook Exclusive\",\"isPartOf\":{\"@id\":\"https:\/\/demostore.ai\/sk\/#website\"},\"primaryImageOfPage\":{\"@id\":\"https:\/\/demostore.ai\/sk\/produkt\/funko-pop-one-piece-samurai-brook\/#primaryimage\"},\"image\":{\"@id\":\"https:\/\/demostore.ai\/sk\/produkt\/funko-pop-one-piece-samurai-brook\/#primaryimage\"},\"thumbnailUrl\":\"https:\/\/demostore.ai\/wp-content\/uploads\/2025\/06\/Funko-Pop-figure-1.png\",\"datePublished\":\"2025-06-15T23:58:41+00:00\",\"dateModified\":\"2026-02-19T09:18:27+00:00\",\"description\":\"Vz\u00e1cne exkluz\u00edvne vydanie Funko Pop! One Piece \u2013 Samurai Brook s detailnou samurajskou v\u00fdbavou. Perfektn\u00e1 vo\u013eba pre ka\u017ed\u00e9ho fan\u00fa\u0161ika a zberate\u013ea.\",\"breadcrumb\":{\"@id\":\"https:\/\/demostore.ai\/sk\/produkt\/funko-pop-one-piece-samurai-brook\/#breadcrumb\"},\"inLanguage\":\"sk-SK\",\"potentialAction\":[{\"@type\":\"ReadAction\",\"target\":[\"https:\/\/demostore.ai\/sk\/produkt\/funko-pop-one-piece-samurai-brook\/\"]}]},{\"@type\":\"ImageObject\",\"inLanguage\":\"sk-SK\",\"@id\":\"https:\/\/demostore.ai\/sk\/produkt\/funko-pop-one-piece-samurai-brook\/#primaryimage\",\"url\":\"https:\/\/demostore.ai\/wp-content\/uploads\/2025\/06\/Funko-Pop-figure-1.png\",\"contentUrl\":\"https:\/\/demostore.ai\/wp-content\/uploads\/2025\/06\/Funko-Pop-figure-1.png\",\"width\":1000,\"height\":1000,\"caption\":\"Funko Pop! fig\u00farka One Piece \u2013 Samurai Brook v krabici, exkluz\u00edvne vydanie pre zberate\u013eov.\"},{\"@type\":\"BreadcrumbList\",\"@id\":\"https:\/\/demostore.ai\/sk\/produkt\/funko-pop-one-piece-samurai-brook\/#breadcrumb\",\"itemListElement\":[{\"@type\":\"ListItem\",\"position\":1,\"name\":\"Domov\",\"item\":\"https:\/\/demostore.ai\/sk\/\"},{\"@type\":\"ListItem\",\"position\":2,\"name\":\"Obchod\",\"item\":\"https:\/\/demostore.ai\/sk\/obchod\/\"},{\"@type\":\"ListItem\",\"position\":3,\"name\":\"Funko Pop! One Piece &#8211; Samurai Brook\"}]},{\"@type\":\"WebSite\",\"@id\":\"https:\/\/demostore.ai\/sk\/#website\",\"url\":\"https:\/\/demostore.ai\/sk\/\",\"name\":\"Trendy Thread\",\"description\":\"Demo obchod WriteText.ai\",\"publisher\":{\"@id\":\"https:\/\/demostore.ai\/sk\/#organization\"},\"potentialAction\":[{\"@type\":\"SearchAction\",\"target\":{\"@type\":\"EntryPoint\",\"urlTemplate\":\"https:\/\/demostore.ai\/sk\/?s={search_term_string}\"},\"query-input\":{\"@type\":\"PropertyValueSpecification\",\"valueRequired\":true,\"valueName\":\"search_term_string\"}}],\"inLanguage\":\"sk-SK\"},{\"@type\":\"Organization\",\"@id\":\"https:\/\/demostore.ai\/sk\/#organization\",\"name\":\"WriteText.ai\",\"url\":\"https:\/\/demostore.ai\/sk\/\",\"logo\":{\"@type\":\"ImageObject\",\"inLanguage\":\"sk-SK\",\"@id\":\"https:\/\/demostore.ai\/sk\/#\/schema\/logo\/image\/\",\"url\":\"https:\/\/demostore.ai\/wp-content\/uploads\/2025\/10\/writetext_logo.webp\",\"contentUrl\":\"https:\/\/demostore.ai\/wp-content\/uploads\/2025\/10\/writetext_logo.webp\",\"width\":200,\"height\":34,\"caption\":\"WriteText.ai\"},\"image\":{\"@id\":\"https:\/\/demostore.ai\/sk\/#\/schema\/logo\/image\/\"}}]}<\/script>\n<!-- \/ Yoast SEO plugin. -->","yoast_head_json":{"title":"Top-Rated Funko Pop One Piece Samurai Brook Exclusive","description":"Vz\u00e1cne exkluz\u00edvne vydanie Funko Pop! One Piece \u2013 Samurai Brook s detailnou samurajskou v\u00fdbavou. Perfektn\u00e1 vo\u013eba pre ka\u017ed\u00e9ho fan\u00fa\u0161ika a zberate\u013ea.","robots":{"index":"index","follow":"follow","max-snippet":"max-snippet:-1","max-image-preview":"max-image-preview:large","max-video-preview":"max-video-preview:-1"},"canonical":"https:\/\/demostore.ai\/sk\/produkt\/funko-pop-one-piece-samurai-brook\/","og_type":"article","og_title":"Top-Rated Funko Pop One Piece Samurai Brook Exclusive","og_description":"Reprezenta\u010dn\u00e1 limitovan\u00e1 fig\u00farka Funko Pop! Samurai Brook zo s\u00e9rie One Piece s exkluz\u00edvnym dizajnom a kvalitn\u00fdm preveden\u00edm. Skvel\u00fd k\u00fasok do ka\u017edej zbierky.","og_url":"https:\/\/demostore.ai\/sk\/produkt\/funko-pop-one-piece-samurai-brook\/","og_site_name":"Trendy Thread","article_modified_time":"2026-02-19T09:18:27+00:00","og_image":[{"width":1000,"height":1000,"url":"https:\/\/demostore.ai\/wp-content\/uploads\/2025\/06\/Funko-Pop-figure-1.png","type":"image\/png"}],"twitter_card":"summary_large_image","twitter_title":"Top-Rated Funko Pop One Piece Samurai Brook Exclusive","twitter_description":"Reprezenta\u010dn\u00e1 limitovan\u00e1 fig\u00farka Funko Pop! Samurai Brook zo s\u00e9rie One Piece s exkluz\u00edvnym dizajnom a kvalitn\u00fdm preveden\u00edm. Skvel\u00fd k\u00fasok do ka\u017edej zbierky.","twitter_misc":{"Predpokladan\u00fd \u010das \u010d\u00edtania":"1 min\u00fata"},"schema":{"@context":"https:\/\/schema.org","@graph":[{"@type":"WebPage","@id":"https:\/\/demostore.ai\/sk\/produkt\/funko-pop-one-piece-samurai-brook\/","url":"https:\/\/demostore.ai\/sk\/produkt\/funko-pop-one-piece-samurai-brook\/","name":"Top-Rated Funko Pop One Piece Samurai Brook Exclusive","isPartOf":{"@id":"https:\/\/demostore.ai\/sk\/#website"},"primaryImageOfPage":{"@id":"https:\/\/demostore.ai\/sk\/produkt\/funko-pop-one-piece-samurai-brook\/#primaryimage"},"image":{"@id":"https:\/\/demostore.ai\/sk\/produkt\/funko-pop-one-piece-samurai-brook\/#primaryimage"},"thumbnailUrl":"https:\/\/demostore.ai\/wp-content\/uploads\/2025\/06\/Funko-Pop-figure-1.png","datePublished":"2025-06-15T23:58:41+00:00","dateModified":"2026-02-19T09:18:27+00:00","description":"Vz\u00e1cne exkluz\u00edvne vydanie Funko Pop! One Piece \u2013 Samurai Brook s detailnou samurajskou v\u00fdbavou. Perfektn\u00e1 vo\u013eba pre ka\u017ed\u00e9ho fan\u00fa\u0161ika a zberate\u013ea.","breadcrumb":{"@id":"https:\/\/demostore.ai\/sk\/produkt\/funko-pop-one-piece-samurai-brook\/#breadcrumb"},"inLanguage":"sk-SK","potentialAction":[{"@type":"ReadAction","target":["https:\/\/demostore.ai\/sk\/produkt\/funko-pop-one-piece-samurai-brook\/"]}]},{"@type":"ImageObject","inLanguage":"sk-SK","@id":"https:\/\/demostore.ai\/sk\/produkt\/funko-pop-one-piece-samurai-brook\/#primaryimage","url":"https:\/\/demostore.ai\/wp-content\/uploads\/2025\/06\/Funko-Pop-figure-1.png","contentUrl":"https:\/\/demostore.ai\/wp-content\/uploads\/2025\/06\/Funko-Pop-figure-1.png","width":1000,"height":1000,"caption":"Funko Pop! fig\u00farka One Piece \u2013 Samurai Brook v krabici, exkluz\u00edvne vydanie pre zberate\u013eov."},{"@type":"BreadcrumbList","@id":"https:\/\/demostore.ai\/sk\/produkt\/funko-pop-one-piece-samurai-brook\/#breadcrumb","itemListElement":[{"@type":"ListItem","position":1,"name":"Domov","item":"https:\/\/demostore.ai\/sk\/"},{"@type":"ListItem","position":2,"name":"Obchod","item":"https:\/\/demostore.ai\/sk\/obchod\/"},{"@type":"ListItem","position":3,"name":"Funko Pop! One Piece &#8211; Samurai Brook"}]},{"@type":"WebSite","@id":"https:\/\/demostore.ai\/sk\/#website","url":"https:\/\/demostore.ai\/sk\/","name":"Trendy Thread","description":"Demo obchod WriteText.ai","publisher":{"@id":"https:\/\/demostore.ai\/sk\/#organization"},"potentialAction":[{"@type":"SearchAction","target":{"@type":"EntryPoint","urlTemplate":"https:\/\/demostore.ai\/sk\/?s={search_term_string}"},"query-input":{"@type":"PropertyValueSpecification","valueRequired":true,"valueName":"search_term_string"}}],"inLanguage":"sk-SK"},{"@type":"Organization","@id":"https:\/\/demostore.ai\/sk\/#organization","name":"WriteText.ai","url":"https:\/\/demostore.ai\/sk\/","logo":{"@type":"ImageObject","inLanguage":"sk-SK","@id":"https:\/\/demostore.ai\/sk\/#\/schema\/logo\/image\/","url":"https:\/\/demostore.ai\/wp-content\/uploads\/2025\/10\/writetext_logo.webp","contentUrl":"https:\/\/demostore.ai\/wp-content\/uploads\/2025\/10\/writetext_logo.webp","width":200,"height":34,"caption":"WriteText.ai"},"image":{"@id":"https:\/\/demostore.ai\/sk\/#\/schema\/logo\/image\/"}}]}},"_links":{"self":[{"href":"https:\/\/demostore.ai\/sk\/wp-json\/wp\/v2\/product\/39222","targetHints":{"allow":["GET"]}}],"collection":[{"href":"https:\/\/demostore.ai\/sk\/wp-json\/wp\/v2\/product"}],"about":[{"href":"https:\/\/demostore.ai\/sk\/wp-json\/wp\/v2\/types\/product"}],"replies":[{"embeddable":true,"href":"https:\/\/demostore.ai\/sk\/wp-json\/wp\/v2\/comments?post=39222"}],"wp:featuredmedia":[{"embeddable":true,"href":"https:\/\/demostore.ai\/sk\/wp-json\/wp\/v2\/media\/18132"}],"wp:attachment":[{"href":"https:\/\/demostore.ai\/sk\/wp-json\/wp\/v2\/media?parent=39222"}],"wp:term":[{"taxonomy":"product_brand","embeddable":true,"href":"https:\/\/demostore.ai\/sk\/wp-json\/wp\/v2\/product_brand?post=39222"},{"taxonomy":"product_cat","embeddable":true,"href":"https:\/\/demostore.ai\/sk\/wp-json\/wp\/v2\/product_cat?post=39222"},{"taxonomy":"product_tag","embeddable":true,"href":"https:\/\/demostore.ai\/sk\/wp-json\/wp\/v2\/product_tag?post=39222"}],"curies":[{"name":"wp","href":"https:\/\/api.w.org\/{rel}","templated":true}]}}