{"id":39171,"date":"2025-06-13T08:34:21","date_gmt":"2025-06-13T00:34:21","guid":{"rendered":"https:\/\/demostore.ai\/?post_type=product&#038;p=39171"},"modified":"2026-02-19T18:04:32","modified_gmt":"2026-02-19T10:04:32","slug":"hydratacny-toner-s-melonom-ponds","status":"publish","type":"product","link":"https:\/\/demostore.ai\/sk\/produkt\/hydratacny-toner-s-melonom-ponds\/","title":{"rendered":"Hydrata\u010dn\u00fd toner s mel\u00f3nom Pond&#8217;s"},"content":{"rendered":"<section data-wtai-block-id=\"wtai_product_description_features\" class=\"wtai-section wtai-features-section\">\n<h2>Najd\u00f4le\u017eitej\u0161ie vlastnosti produktu<\/h2>\n<ul>\n<li><strong>Intenz\u00edvna hydrat\u00e1cia<\/strong> pre svie\u017eu a hladk\u00fa ple\u0165 u\u017e po prvom pou\u017eit\u00ed<\/li>\n<li><strong>Zjednoten\u00fd t\u00f3n a rozjasnenie poko\u017eky<\/strong> v\u010faka obsahu niac\u00ednamidu<\/li>\n<li><strong>Upokojuj\u00face \u00fa\u010dinky<\/strong> s panthenolom a ureo na citliv\u00fa a podr\u00e1\u017eden\u00fa poko\u017eku<\/li>\n<li><strong>\u013dahk\u00e1, nemastn\u00e1 text\u00fara<\/strong> sa r\u00fdchlo vstreb\u00e1va bez pocitu lepenia<\/li>\n<li><strong>V\u00fd\u0165a\u017eok z mel\u00f3na<\/strong> \u2013 prirodzen\u00fd antioxidant pre podporu zdravej pleti a ochranu pred stresom prostredia<\/li>\n<li><strong>Viacn\u00e1sobn\u00e9 formy kyseliny hyalur\u00f3novej<\/strong> \u2013 extra \u00fa\u010dinn\u00e1 hydrat\u00e1cia vo vrstv\u00e1ch poko\u017eky<\/li>\n<li><strong>Glycer\u00edn a vitam\u00edn E<\/strong> \u2013 posil\u0148uj\u00fa ochrann\u00fa bari\u00e9ru a zvy\u0161uj\u00fa pru\u017enos\u0165<\/li>\n<li><strong>Jemn\u00e1 v\u00f4\u0148a mel\u00f3na<\/strong> pre zmyslov\u00fd z\u00e1\u017eitok pri ka\u017edom pou\u017eit\u00ed<\/li>\n<\/ul>\n<\/section>\n<div data-wtai-block-id=\"wtai_product_description_image_1753694499291\" class=\"wtai-section wtai-image_1753694499291-section\">\n<figure class=\"wtai-image-p wtai-align-center\" style=\"text-align:center\"><img decoding=\"async\" src=\"https:\/\/demostore.ai\/wp-content\/uploads\/2025\/06\/Toner-4-scaled-1.png\" alt=\"Hydrata\u010dn\u00fd toner s mel\u00f3nom Pond\u2019s, otvoren\u00e1 f\u013ea\u0161a s \u010derven\u00fdm vrchn\u00e1kom polo\u017een\u00fdm ved\u013ea.\" srcset=\"https:\/\/demostore.ai\/wp-content\/uploads\/2025\/06\/Toner-4-scaled-1.png 575w, https:\/\/demostore.ai\/wp-content\/uploads\/2025\/06\/Toner-4-scaled-1-173x300.png 173w\"><figcaption>\n<p>Prieh\u013eadn\u00e1 f\u013ea\u0161a so svie\u017eim dizajnom a \u013eahko otv\u00e1rate\u013en\u00fdm ru\u017eov\u00fdm vrchn\u00e1kom p\u00f4sob\u00ed moderne.<\/p>\n<\/figcaption><\/figure>\n<\/p><\/div>\n<section data-wtai-block-id=\"wtai_product_description_benefits\" class=\"wtai-section wtai-benefits-section\">\n<h2>Pre\u010do si ho zamilujete<\/h2>\n<ul>\n<li>Poko\u017eka zost\u00e1va svie\u017ea a hydratovan\u00e1 po\u010das cel\u00e9ho d\u0148a<\/li>\n<li>Vidite\u013en\u00e9 rozjasnenie a \u201eglass skin\u201c efekt u\u017e po nieko\u013ek\u00fdch d\u0148och<\/li>\n<li>Pom\u00e1ha zjednoti\u0165 t\u00f3n pleti a upokojuje podr\u00e1\u017edenie<\/li>\n<li>Zlep\u0161uje pru\u017enos\u0165 a jemnos\u0165 na dotyk<\/li>\n<li>Vzbudzuje pocit confidence pri ka\u017edom poh\u013eade do zrkadla<\/li>\n<\/ul>\n<\/section>\n<section data-wtai-block-id=\"wtai_product_description_use_cases\" class=\"wtai-section wtai-use_cases-section\">\n<h3>Ako zaradi\u0165 do svojej rutiny<\/h3>\n<ol>\n<li>Pou\u017eite r\u00e1no hne\u010f po vy\u010disten\u00ed pleti na pripravenie poko\u017eky na \u010fal\u0161iu starostlivos\u0165<\/li>\n<li>Naneste na vatov\u00fd tamp\u00f3n alebo priamo do dlan\u00ed a jemne vtla\u010dte do tv\u00e1re<\/li>\n<li>Vhodn\u00e9 aj na ve\u010dern\u00e9 pou\u017eitie po odl\u00ed\u010den\u00ed a \u010disten\u00ed<\/li>\n<li>Vrstvite pod\u013ea potreby v priebehu d\u0148a pre extra d\u00e1vku hydrat\u00e1cie<\/li>\n<li>Ide\u00e1lne ako osvie\u017eenie pred nanesen\u00edm make-upu<\/li>\n<li>Odpor\u00fa\u010da sa aj pre jemn\u00fa ple\u0165 krku a dekoltu<\/li>\n<li>Pou\u017e\u00edvajte denne pre dosiahnutie \u017eiarivej a pru\u017enej poko\u017eky<\/li>\n<li>Perfektn\u00fd ako z\u00e1klad pred s\u00e9rom \u010di hydrata\u010dn\u00fdm kr\u00e9mom<\/li>\n<\/ol>\n<\/section>\n<section data-wtai-block-id=\"wtai_product_description_technical_specifications\" class=\"wtai-section wtai-technical_specifications-section\">\n<h3>Podrobnosti<\/h3>\n<ul>\n<li><strong>Objem:<\/strong> 110 ml<\/li>\n<li><strong>Typ pleti:<\/strong> vhodn\u00e9 pre v\u0161etky typy pleti vr\u00e1tane citlivej<\/li>\n<li><strong>Forma:<\/strong> tekut\u00fd toner s jemnou v\u00f4\u0148ou a ru\u017eov\u00fdm dizajnom f\u013ea\u0161ti\u010dky<\/li>\n<li><strong>Krajina p\u00f4vodu:<\/strong> Indon\u00e9zia<\/li>\n<\/ul>\n<\/section>\n<section data-wtai-block-id=\"wtai_product_description_custom_1753167803027\" class=\"wtai-section wtai-custom_1753167803027-section\">\n<h2>Pre koho je Hydrata\u010dn\u00fd toner s mel\u00f3nom Pond\u2019s ide\u00e1lny<\/h2>\n<ul>\n<li><strong>Suchos\u0165 pleti<\/strong> \u2013 dod\u00e1va potrebn\u00fa hydrat\u00e1ciu a pocit svie\u017eosti.<\/li>\n<li><strong>Unaven\u00e1 alebo mdl\u00e1 ple\u0165<\/strong> \u2013 rozjas\u0148uje a obnovuje prirodzen\u00fd jas.<\/li>\n<li><strong>Vidite\u013en\u00e9 p\u00f3ry<\/strong> \u2013 pom\u00e1ha vytv\u00e1ra\u0165 hlad\u0161\u00ed vzh\u013ead pleti.<\/li>\n<li><strong>V\u0161etky typy pleti<\/strong> \u2013 prisp\u00f4soben\u00fd pre \u0161irok\u00e9 spektrum pou\u017e\u00edvateliek.<\/li>\n<li><strong>Mastn\u00e1 a zmie\u0161an\u00e1 ple\u0165<\/strong> \u2013 \u013eahk\u00e1 konzistencia neza\u0165a\u017euje ani nezamast\u0148uje.<\/li>\n<li><strong>Citliv\u00e1 ple\u0165<\/strong> \u2013 jemn\u00e9 zlo\u017eenie vhodn\u00e9 aj pre citliv\u00fa poko\u017eku.<\/li>\n<\/ul>\n<\/section>\n<section data-wtai-block-id=\"wtai_product_description_custom_1754200971412\" class=\"wtai-section wtai-custom_1754200971412-section\">\n<h2>Zlo\u017eenie produktu Hydrata\u010dn\u00fd toner s mel\u00f3nom Pond\u2019s<\/h2>\n<p>Water, 1,2-Hexanediol, Glycerin, Tocopheryl Acetate, Sodium Hyaluronate, Sodium Hyaluronate Crosspolymer, Hydrolyzed Sodium Hyaluronate, Sodium Acetylated Hyaluronate, Citrullus Lanatus Fruit Extract, Panthenol, Niacinamide, Hydroxyethyl Urea, Urea, PEG-6 Caprylic\/Capric Glycerides, Propylene Glycol, Ethylhexylglycerin, Pentylene Glycol, Sodium Chloride, Potassium Chloride, Parfum, Trideceth-9, PEG-40 Hydrogenated Castor Oil, Ammonium Lactate, Cetrimonium Chloride, Cetylpyridinium Chloride, Ethanolamine, Benzophenone-4, Tetrasodium EDTA, Phenoxyethanol, Citric Acid, Propanediol.<\/p>\n<\/section>\n<section data-wtai-block-id=\"wtai_product_description_faqs\" class=\"wtai-section wtai-faqs-section\">\n<h2>Naj\u010dastej\u0161ie ot\u00e1zky<\/h2>\n<p><strong>Je Hydrata\u010dn\u00fd toner s mel\u00f3nom vhodn\u00fd na citliv\u00fa ple\u0165?<\/strong> <br \/> \u00c1no, je formulovan\u00fd pre v\u0161etky typy pleti vr\u00e1tane citlivej. Pred prv\u00fdm pou\u017eit\u00edm odpor\u00fa\u010dame urobi\u0165 test na malej ploche.<\/p>\n<p><strong>M\u00f4\u017eem toner kombinova\u0165 s akt\u00edvami ako retinol \u010di vitam\u00edn C?<\/strong> <br \/> \u00c1no, hydrata\u010dn\u00fd toner je kompatibiln\u00fd s v\u00e4\u010d\u0161inou be\u017en\u00fdch akt\u00edv. Odpor\u00fa\u010da sa v\u0161ak postupn\u00e9 zav\u00e1dzanie.<\/p>\n<p><strong>Ako dlho vydr\u017e\u00ed balenie pri dennom pou\u017eit\u00ed?<\/strong> <br \/> Pri be\u017enom ka\u017edodennom pou\u017e\u00edvan\u00ed posta\u010d\u00ed jedno balenie pribli\u017ene na jeden a\u017e dva mesiace.<\/p>\n<p><strong>Kedy uvid\u00edm prv\u00e9 vidite\u013en\u00e9 v\u00fdsledky?<\/strong> <br \/> V\u00fdsledky hydrat\u00e1cie a svie\u017eosti m\u00f4\u017eete poc\u00edti\u0165 okam\u017eite. Rozjasnenie a zlep\u0161enie t\u00f3nu s\u00fa vidite\u013en\u00e9 po nieko\u013ek\u00fdch d\u0148och.<\/p>\n<p><strong>Ako m\u00e1m produkt skladova\u0165?<\/strong> <br \/> Toner skladujte na chladnom a tmavom mieste, mimo dosahu priameho slnka.<\/p>\n<\/section>\n<section data-wtai-block-id=\"wtai_product_description_conclusion\" class=\"wtai-section wtai-conclusion-section\">\n<h2>Objavte rozdiel v starostlivosti o ple\u0165<\/h2>\n<p><em><strong>Doprajte svojej poko\u017eke z\u00e1\u017eitok, ktor\u00fd si naozaj zasl\u00fa\u017ei. Dodajte jej \u017eiaru, hebkos\u0165 a dokonal\u00fa hydrat\u00e1ciu de\u0148 \u010do de\u0148.<\/strong><\/em> <em><strong>Ne\u010dakajte na lep\u0161\u00ed pocit zo svojej pleti \u2013 vysk\u00fa\u0161ajte Hydrata\u010dn\u00fd toner s mel\u00f3nom Pond\u2019s e\u0161te dnes.<\/strong><\/em><\/p>\n<\/section>\n","protected":false},"excerpt":{"rendered":"<div data-wtai-block-id=\"wtai_excerpt_subtitle\" class=\"wtai-section wtai-subtitle-section\">\n<p><em><strong>Zamatovo svie\u017ea ple\u0165 a okam\u017eit\u00fd n\u00e1dych hydrat\u00e1cie ka\u017ed\u00fd de\u0148<\/strong><\/em><\/p>\n<\/p><\/div>\n<div data-wtai-block-id=\"wtai_excerpt_introduction\" class=\"wtai-section wtai-introduction-section\">\n<p>Pozn\u00e1te ten pocit, ke\u010f va\u0161a poko\u017eka potrebuje trochu viac starostlivosti a roz\u017eiarenia? Hydrata\u010dn\u00fd toner s mel\u00f3nom Pond\u2019s je vytvoren\u00fd pre \u017eeny, ktor\u00e9 t\u00fa\u017eia po svie\u017eom, rozjasnenom vzh\u013eade bez zbyto\u010dn\u00e9ho za\u0165a\u017eenia. Jeho \u013eahk\u00e1 text\u00fara jemne splynie s ple\u0165ou a zanech\u00e1va ju hydratovan\u00fa, hebk\u00fa a vidite\u013ene \u017eiariv\u00fa. V\u010faka \u0161\u0165avnatej v\u00f4ni mel\u00f3na a \u00fa\u010dinn\u00fdm zlo\u017ek\u00e1m sa ka\u017ed\u00fd okamih st\u00e1va mal\u00fdm ritu\u00e1lom starostlivosti. Pocit svie\u017eosti, hebkosti a pohody je presne to, \u010do tento toner prin\u00e1\u0161a \u2013 pre ka\u017edodenn\u00fa d\u00e1vku sebavedomia a \u017eenskej energie.<\/p>\n<\/p><\/div>\n","protected":false},"featured_media":16275,"comment_status":"open","ping_status":"closed","template":"","meta":[],"product_brand":[],"product_cat":[235],"product_tag":[],"class_list":{"0":"post-39171","1":"product","2":"type-product","3":"status-publish","4":"has-post-thumbnail","6":"product_cat-krasa-a-wellness","8":"first","9":"instock","10":"shipping-taxable","11":"purchasable","12":"product-type-simple"},"bundled_by":[],"bundle_stock_status":"instock","bundle_stock_quantity":null,"bundle_virtual":false,"bundle_layout":"","bundle_add_to_cart_form_location":"","bundle_editable_in_cart":false,"bundle_sold_individually_context":"","bundle_item_grouping":"","bundle_min_size":"","bundle_max_size":"","bundle_price":[],"bundled_items":[],"bundle_sell_ids":[],"yoast_head":"<!-- This site is optimized with the Yoast SEO plugin v25.2 - https:\/\/yoast.com\/wordpress\/plugins\/seo\/ -->\n<title>Objavte Hydrata\u010dn\u00fd Toner S Mel\u00f3nom Pond\u2019s Pre \u017diariv\u00fa Ple\u0165<\/title>\n<meta name=\"description\" content=\"Rados\u0165 z dokonale svie\u017eej a \u017eiarivej pleti ka\u017ed\u00fd de\u0148. Hydrata\u010dn\u00fd toner s mel\u00f3nom Pond\u2019s prin\u00e1\u0161a intenz\u00edvnu hydrat\u00e1ciu, rozjasnenie a hebkos\u0165 pre v\u0161etky typy poko\u017eky.\" \/>\n<meta name=\"robots\" content=\"index, follow, max-snippet:-1, max-image-preview:large, max-video-preview:-1\" \/>\n<link rel=\"canonical\" href=\"https:\/\/demostore.ai\/sk\/produkt\/hydratacny-toner-s-melonom-ponds\/\" \/>\n<meta property=\"og:type\" content=\"article\" \/>\n<meta property=\"og:title\" content=\"Objavte Hydrata\u010dn\u00fd Toner S Mel\u00f3nom Pond\u2019s Pre \u017diariv\u00fa Ple\u0165\" \/>\n<meta property=\"og:description\" content=\"Pr\u00edjemn\u00e1 starostlivos\u0165, ktor\u00e1 zmen\u00ed va\u0161u rutinu. Hydrata\u010dn\u00fd toner s mel\u00f3nom Pond\u2019s okam\u017eite hydratuje, zjednocuje t\u00f3n a rozjas\u0148uje va\u0161u ple\u0165 bez za\u0165a\u017eenia. Vhodn\u00fd pre ka\u017edodenn\u00e9 pou\u017eitie.\" \/>\n<meta property=\"og:url\" content=\"https:\/\/demostore.ai\/sk\/produkt\/hydratacny-toner-s-melonom-ponds\/\" \/>\n<meta property=\"og:site_name\" content=\"Trendy Thread\" \/>\n<meta property=\"article:modified_time\" content=\"2026-02-19T10:04:32+00:00\" \/>\n<meta property=\"og:image\" content=\"https:\/\/demostore.ai\/wp-content\/uploads\/2025\/06\/Toner-1-scaled-1.png\" \/>\n\t<meta property=\"og:image:width\" content=\"390\" \/>\n\t<meta property=\"og:image:height\" content=\"1000\" \/>\n\t<meta property=\"og:image:type\" content=\"image\/png\" \/>\n<meta name=\"twitter:card\" content=\"summary_large_image\" \/>\n<meta name=\"twitter:title\" content=\"Objavte Hydrata\u010dn\u00fd Toner S Mel\u00f3nom Pond\u2019s Pre \u017diariv\u00fa Ple\u0165\" \/>\n<meta name=\"twitter:description\" content=\"Pr\u00edjemn\u00e1 starostlivos\u0165, ktor\u00e1 zmen\u00ed va\u0161u rutinu. Hydrata\u010dn\u00fd toner s mel\u00f3nom Pond\u2019s okam\u017eite hydratuje, zjednocuje t\u00f3n a rozjas\u0148uje va\u0161u ple\u0165 bez za\u0165a\u017eenia. Vhodn\u00fd pre ka\u017edodenn\u00e9 pou\u017eitie.\" \/>\n<meta name=\"twitter:label1\" content=\"Predpokladan\u00fd \u010das \u010d\u00edtania\" \/>\n\t<meta name=\"twitter:data1\" content=\"1 min\u00fata\" \/>\n<script type=\"application\/ld+json\" class=\"yoast-schema-graph\">{\"@context\":\"https:\/\/schema.org\",\"@graph\":[{\"@type\":\"WebPage\",\"@id\":\"https:\/\/demostore.ai\/sk\/produkt\/hydratacny-toner-s-melonom-ponds\/\",\"url\":\"https:\/\/demostore.ai\/sk\/produkt\/hydratacny-toner-s-melonom-ponds\/\",\"name\":\"Objavte Hydrata\u010dn\u00fd Toner S Mel\u00f3nom Pond\u2019s Pre \u017diariv\u00fa Ple\u0165\",\"isPartOf\":{\"@id\":\"https:\/\/demostore.ai\/sk\/#website\"},\"primaryImageOfPage\":{\"@id\":\"https:\/\/demostore.ai\/sk\/produkt\/hydratacny-toner-s-melonom-ponds\/#primaryimage\"},\"image\":{\"@id\":\"https:\/\/demostore.ai\/sk\/produkt\/hydratacny-toner-s-melonom-ponds\/#primaryimage\"},\"thumbnailUrl\":\"https:\/\/demostore.ai\/wp-content\/uploads\/2025\/06\/Toner-1-scaled-1.png\",\"datePublished\":\"2025-06-13T00:34:21+00:00\",\"dateModified\":\"2026-02-19T10:04:32+00:00\",\"description\":\"Rados\u0165 z dokonale svie\u017eej a \u017eiarivej pleti ka\u017ed\u00fd de\u0148. Hydrata\u010dn\u00fd toner s mel\u00f3nom Pond\u2019s prin\u00e1\u0161a intenz\u00edvnu hydrat\u00e1ciu, rozjasnenie a hebkos\u0165 pre v\u0161etky typy poko\u017eky.\",\"breadcrumb\":{\"@id\":\"https:\/\/demostore.ai\/sk\/produkt\/hydratacny-toner-s-melonom-ponds\/#breadcrumb\"},\"inLanguage\":\"sk-SK\",\"potentialAction\":[{\"@type\":\"ReadAction\",\"target\":[\"https:\/\/demostore.ai\/sk\/produkt\/hydratacny-toner-s-melonom-ponds\/\"]}]},{\"@type\":\"ImageObject\",\"inLanguage\":\"sk-SK\",\"@id\":\"https:\/\/demostore.ai\/sk\/produkt\/hydratacny-toner-s-melonom-ponds\/#primaryimage\",\"url\":\"https:\/\/demostore.ai\/wp-content\/uploads\/2025\/06\/Toner-1-scaled-1.png\",\"contentUrl\":\"https:\/\/demostore.ai\/wp-content\/uploads\/2025\/06\/Toner-1-scaled-1.png\",\"width\":390,\"height\":1000,\"caption\":\"F\u013ea\u0161a hydrata\u010dn\u00e9ho tonera Pond\u2019s s mel\u00f3nom na \u017eiariv\u00fa a hydratovan\u00fa ple\u0165.\"},{\"@type\":\"BreadcrumbList\",\"@id\":\"https:\/\/demostore.ai\/sk\/produkt\/hydratacny-toner-s-melonom-ponds\/#breadcrumb\",\"itemListElement\":[{\"@type\":\"ListItem\",\"position\":1,\"name\":\"Domov\",\"item\":\"https:\/\/demostore.ai\/sk\/\"},{\"@type\":\"ListItem\",\"position\":2,\"name\":\"Obchod\",\"item\":\"https:\/\/demostore.ai\/sk\/obchod\/\"},{\"@type\":\"ListItem\",\"position\":3,\"name\":\"Hydrata\u010dn\u00fd toner s mel\u00f3nom Pond&#8217;s\"}]},{\"@type\":\"WebSite\",\"@id\":\"https:\/\/demostore.ai\/sk\/#website\",\"url\":\"https:\/\/demostore.ai\/sk\/\",\"name\":\"Trendy Thread\",\"description\":\"Demo obchod WriteText.ai\",\"publisher\":{\"@id\":\"https:\/\/demostore.ai\/sk\/#organization\"},\"potentialAction\":[{\"@type\":\"SearchAction\",\"target\":{\"@type\":\"EntryPoint\",\"urlTemplate\":\"https:\/\/demostore.ai\/sk\/?s={search_term_string}\"},\"query-input\":{\"@type\":\"PropertyValueSpecification\",\"valueRequired\":true,\"valueName\":\"search_term_string\"}}],\"inLanguage\":\"sk-SK\"},{\"@type\":\"Organization\",\"@id\":\"https:\/\/demostore.ai\/sk\/#organization\",\"name\":\"WriteText.ai\",\"url\":\"https:\/\/demostore.ai\/sk\/\",\"logo\":{\"@type\":\"ImageObject\",\"inLanguage\":\"sk-SK\",\"@id\":\"https:\/\/demostore.ai\/sk\/#\/schema\/logo\/image\/\",\"url\":\"https:\/\/demostore.ai\/wp-content\/uploads\/2025\/10\/writetext_logo.webp\",\"contentUrl\":\"https:\/\/demostore.ai\/wp-content\/uploads\/2025\/10\/writetext_logo.webp\",\"width\":200,\"height\":34,\"caption\":\"WriteText.ai\"},\"image\":{\"@id\":\"https:\/\/demostore.ai\/sk\/#\/schema\/logo\/image\/\"}}]}<\/script>\n<!-- \/ Yoast SEO plugin. -->","yoast_head_json":{"title":"Objavte Hydrata\u010dn\u00fd Toner S Mel\u00f3nom Pond\u2019s Pre \u017diariv\u00fa Ple\u0165","description":"Rados\u0165 z dokonale svie\u017eej a \u017eiarivej pleti ka\u017ed\u00fd de\u0148. Hydrata\u010dn\u00fd toner s mel\u00f3nom Pond\u2019s prin\u00e1\u0161a intenz\u00edvnu hydrat\u00e1ciu, rozjasnenie a hebkos\u0165 pre v\u0161etky typy poko\u017eky.","robots":{"index":"index","follow":"follow","max-snippet":"max-snippet:-1","max-image-preview":"max-image-preview:large","max-video-preview":"max-video-preview:-1"},"canonical":"https:\/\/demostore.ai\/sk\/produkt\/hydratacny-toner-s-melonom-ponds\/","og_type":"article","og_title":"Objavte Hydrata\u010dn\u00fd Toner S Mel\u00f3nom Pond\u2019s Pre \u017diariv\u00fa Ple\u0165","og_description":"Pr\u00edjemn\u00e1 starostlivos\u0165, ktor\u00e1 zmen\u00ed va\u0161u rutinu. Hydrata\u010dn\u00fd toner s mel\u00f3nom Pond\u2019s okam\u017eite hydratuje, zjednocuje t\u00f3n a rozjas\u0148uje va\u0161u ple\u0165 bez za\u0165a\u017eenia. Vhodn\u00fd pre ka\u017edodenn\u00e9 pou\u017eitie.","og_url":"https:\/\/demostore.ai\/sk\/produkt\/hydratacny-toner-s-melonom-ponds\/","og_site_name":"Trendy Thread","article_modified_time":"2026-02-19T10:04:32+00:00","og_image":[{"width":390,"height":1000,"url":"https:\/\/demostore.ai\/wp-content\/uploads\/2025\/06\/Toner-1-scaled-1.png","type":"image\/png"}],"twitter_card":"summary_large_image","twitter_title":"Objavte Hydrata\u010dn\u00fd Toner S Mel\u00f3nom Pond\u2019s Pre \u017diariv\u00fa Ple\u0165","twitter_description":"Pr\u00edjemn\u00e1 starostlivos\u0165, ktor\u00e1 zmen\u00ed va\u0161u rutinu. Hydrata\u010dn\u00fd toner s mel\u00f3nom Pond\u2019s okam\u017eite hydratuje, zjednocuje t\u00f3n a rozjas\u0148uje va\u0161u ple\u0165 bez za\u0165a\u017eenia. Vhodn\u00fd pre ka\u017edodenn\u00e9 pou\u017eitie.","twitter_misc":{"Predpokladan\u00fd \u010das \u010d\u00edtania":"1 min\u00fata"},"schema":{"@context":"https:\/\/schema.org","@graph":[{"@type":"WebPage","@id":"https:\/\/demostore.ai\/sk\/produkt\/hydratacny-toner-s-melonom-ponds\/","url":"https:\/\/demostore.ai\/sk\/produkt\/hydratacny-toner-s-melonom-ponds\/","name":"Objavte Hydrata\u010dn\u00fd Toner S Mel\u00f3nom Pond\u2019s Pre \u017diariv\u00fa Ple\u0165","isPartOf":{"@id":"https:\/\/demostore.ai\/sk\/#website"},"primaryImageOfPage":{"@id":"https:\/\/demostore.ai\/sk\/produkt\/hydratacny-toner-s-melonom-ponds\/#primaryimage"},"image":{"@id":"https:\/\/demostore.ai\/sk\/produkt\/hydratacny-toner-s-melonom-ponds\/#primaryimage"},"thumbnailUrl":"https:\/\/demostore.ai\/wp-content\/uploads\/2025\/06\/Toner-1-scaled-1.png","datePublished":"2025-06-13T00:34:21+00:00","dateModified":"2026-02-19T10:04:32+00:00","description":"Rados\u0165 z dokonale svie\u017eej a \u017eiarivej pleti ka\u017ed\u00fd de\u0148. Hydrata\u010dn\u00fd toner s mel\u00f3nom Pond\u2019s prin\u00e1\u0161a intenz\u00edvnu hydrat\u00e1ciu, rozjasnenie a hebkos\u0165 pre v\u0161etky typy poko\u017eky.","breadcrumb":{"@id":"https:\/\/demostore.ai\/sk\/produkt\/hydratacny-toner-s-melonom-ponds\/#breadcrumb"},"inLanguage":"sk-SK","potentialAction":[{"@type":"ReadAction","target":["https:\/\/demostore.ai\/sk\/produkt\/hydratacny-toner-s-melonom-ponds\/"]}]},{"@type":"ImageObject","inLanguage":"sk-SK","@id":"https:\/\/demostore.ai\/sk\/produkt\/hydratacny-toner-s-melonom-ponds\/#primaryimage","url":"https:\/\/demostore.ai\/wp-content\/uploads\/2025\/06\/Toner-1-scaled-1.png","contentUrl":"https:\/\/demostore.ai\/wp-content\/uploads\/2025\/06\/Toner-1-scaled-1.png","width":390,"height":1000,"caption":"F\u013ea\u0161a hydrata\u010dn\u00e9ho tonera Pond\u2019s s mel\u00f3nom na \u017eiariv\u00fa a hydratovan\u00fa ple\u0165."},{"@type":"BreadcrumbList","@id":"https:\/\/demostore.ai\/sk\/produkt\/hydratacny-toner-s-melonom-ponds\/#breadcrumb","itemListElement":[{"@type":"ListItem","position":1,"name":"Domov","item":"https:\/\/demostore.ai\/sk\/"},{"@type":"ListItem","position":2,"name":"Obchod","item":"https:\/\/demostore.ai\/sk\/obchod\/"},{"@type":"ListItem","position":3,"name":"Hydrata\u010dn\u00fd toner s mel\u00f3nom Pond&#8217;s"}]},{"@type":"WebSite","@id":"https:\/\/demostore.ai\/sk\/#website","url":"https:\/\/demostore.ai\/sk\/","name":"Trendy Thread","description":"Demo obchod WriteText.ai","publisher":{"@id":"https:\/\/demostore.ai\/sk\/#organization"},"potentialAction":[{"@type":"SearchAction","target":{"@type":"EntryPoint","urlTemplate":"https:\/\/demostore.ai\/sk\/?s={search_term_string}"},"query-input":{"@type":"PropertyValueSpecification","valueRequired":true,"valueName":"search_term_string"}}],"inLanguage":"sk-SK"},{"@type":"Organization","@id":"https:\/\/demostore.ai\/sk\/#organization","name":"WriteText.ai","url":"https:\/\/demostore.ai\/sk\/","logo":{"@type":"ImageObject","inLanguage":"sk-SK","@id":"https:\/\/demostore.ai\/sk\/#\/schema\/logo\/image\/","url":"https:\/\/demostore.ai\/wp-content\/uploads\/2025\/10\/writetext_logo.webp","contentUrl":"https:\/\/demostore.ai\/wp-content\/uploads\/2025\/10\/writetext_logo.webp","width":200,"height":34,"caption":"WriteText.ai"},"image":{"@id":"https:\/\/demostore.ai\/sk\/#\/schema\/logo\/image\/"}}]}},"_links":{"self":[{"href":"https:\/\/demostore.ai\/sk\/wp-json\/wp\/v2\/product\/39171","targetHints":{"allow":["GET"]}}],"collection":[{"href":"https:\/\/demostore.ai\/sk\/wp-json\/wp\/v2\/product"}],"about":[{"href":"https:\/\/demostore.ai\/sk\/wp-json\/wp\/v2\/types\/product"}],"replies":[{"embeddable":true,"href":"https:\/\/demostore.ai\/sk\/wp-json\/wp\/v2\/comments?post=39171"}],"wp:featuredmedia":[{"embeddable":true,"href":"https:\/\/demostore.ai\/sk\/wp-json\/wp\/v2\/media\/16275"}],"wp:attachment":[{"href":"https:\/\/demostore.ai\/sk\/wp-json\/wp\/v2\/media?parent=39171"}],"wp:term":[{"taxonomy":"product_brand","embeddable":true,"href":"https:\/\/demostore.ai\/sk\/wp-json\/wp\/v2\/product_brand?post=39171"},{"taxonomy":"product_cat","embeddable":true,"href":"https:\/\/demostore.ai\/sk\/wp-json\/wp\/v2\/product_cat?post=39171"},{"taxonomy":"product_tag","embeddable":true,"href":"https:\/\/demostore.ai\/sk\/wp-json\/wp\/v2\/product_tag?post=39171"}],"curies":[{"name":"wp","href":"https:\/\/api.w.org\/{rel}","templated":true}]}}