{"id":37203,"date":"2025-07-28T06:48:35","date_gmt":"2025-07-27T22:48:35","guid":{"rendered":"https:\/\/demostore.ai\/?post_type=product&#038;p=37203"},"modified":"2026-02-19T17:43:19","modified_gmt":"2026-02-19T09:43:19","slug":"dvojfarebna-zlata-brosna-v-tvare-listu","status":"publish","type":"product","link":"https:\/\/demostore.ai\/sk\/produkt\/dvojfarebna-zlata-brosna-v-tvare-listu\/","title":{"rendered":"Dvojfarebn\u00e1 Zlat\u00e1 Bro\u0161\u0148a v Tvare Listu"},"content":{"rendered":"<section data-wtai-block-id=\"wtai_product_description_features\" class=\"wtai-section wtai-features-section\">\n<h2>Hlavn\u00e9 vlastnosti bro\u0161ne<\/h2>\n<ul>\n<li><strong>Materi\u00e1l:<\/strong> Kov s povrchovou \u00fapravou v \u017eltom a bielom zlate<\/li>\n<li><strong>Tvar:<\/strong> Elegantn\u00fd listov\u00fd mot\u00edv s v\u00fdrazn\u00fdm trojrozmern\u00fdm spracovan\u00edm<\/li>\n<li><strong>Povrchov\u00e1 \u00faprava:<\/strong> Kombin\u00e1cia leskl\u00fdch a matn\u00fdch pl\u00f4ch pre autentick\u00fd vzh\u013ead<\/li>\n<li><strong>Zap\u00ednanie:<\/strong> Bezpe\u010dnostn\u00fd \u0161pendl\u00edk na zadnej strane pre jednoduch\u00e9 a pevn\u00e9 uchytenie<\/li>\n<li><strong>Ozdobn\u00e9 prvky:<\/strong> \u010c\u00edre kamienky vsaden\u00e9 do stredovej \u010dasti listu<\/li>\n<li><strong>Remeseln\u00e9 spracovanie:<\/strong> Prec\u00edzne vytvarovan\u00e9 \u017eilkovanie a prel\u00ednanie farieb pre detailn\u00fd efekt<\/li>\n<\/ul>\n<\/section>\n<div data-wtai-block-id=\"wtai_product_description_image_1753853427907\" class=\"wtai-section wtai-image_1753853427907-section\">\n<figure class=\"wtai-image-p wtai-align-center\" style=\"text-align:center\"><img decoding=\"async\" src=\"https:\/\/demostore.ai\/wp-content\/uploads\/2025\/07\/2-Two-Tone-Gold-Ring-with-Twin-Pearls-and-Textured-Leaf-Detail-1-600x181.png\" alt=\"Dvojfarebn\u00e1 zlat\u00e1 bro\u0161\u0148a v tvare listu, detailn\u00fd poh\u013ead na elegantn\u00fd \u0161perk s jemn\u00fdm zdoben\u00edm.\" srcset=\"https:\/\/demostore.ai\/wp-content\/uploads\/2025\/07\/2-Two-Tone-Gold-Ring-with-Twin-Pearls-and-Textured-Leaf-Detail-1.png 1000w, https:\/\/demostore.ai\/wp-content\/uploads\/2025\/07\/2-Two-Tone-Gold-Ring-with-Twin-Pearls-and-Textured-Leaf-Detail-1-300x90.png 300w, https:\/\/demostore.ai\/wp-content\/uploads\/2025\/07\/2-Two-Tone-Gold-Ring-with-Twin-Pearls-and-Textured-Leaf-Detail-1-768x231.png 768w, https:\/\/demostore.ai\/wp-content\/uploads\/2025\/07\/2-Two-Tone-Gold-Ring-with-Twin-Pearls-and-Textured-Leaf-Detail-1-600x181.png 600w\"><figcaption>\n<p>Elegantn\u00e9 l\u00ednie listu v kombin\u00e1cii bieleho a \u017elt\u00e9ho zlata p\u00f4sobia ne\u017ene a nad\u010dasovo.<\/p>\n<\/figcaption><\/figure>\n<\/p><\/div>\n<section data-wtai-block-id=\"wtai_product_description_use_cases\" class=\"wtai-section wtai-use_cases-section\">\n<h2>Ako bro\u0161\u0148a vynikne vo va\u0161om \u017eivote<\/h2>\n<ul>\n<li>\u0160t\u00fdlov\u00e9 doplnenie sak stoj\u00ed v centre pozornosti pri ka\u017edej spolo\u010denskej udalosti.<\/li>\n<li>O\u017eivenie ka\u017edodenn\u00e9ho outfitu v\u010faka mo\u017enosti pripnutia na kab\u00e1t alebo sveter.<\/li>\n<li>Vhodn\u00e9 ako s\u00fa\u010das\u0165 outfitov na oslavy, svadby \u010di v\u00fdnimo\u010dn\u00e9 dni.<\/li>\n<li>Mo\u017enos\u0165 kombin\u00e1cie s jemn\u00fdmi zlat\u00fdmi n\u00e1u\u0161nicami alebo minimalistick\u00fdm n\u00e1ramkom pre harmonick\u00fd dojem.<\/li>\n<li>Ide\u00e1lna na vrstvenie so \u0161atkou alebo \u0161\u00e1lom pre origin\u00e1lny detail v chladnej\u0161om obdob\u00ed.<\/li>\n<\/ul>\n<\/section>\n<section data-wtai-block-id=\"wtai_product_description_custom_1754204236758\" class=\"wtai-section wtai-custom_1754204236758-section\">\n<h2>Pr\u00edle\u017eitosti, kde vynikne dvojfarebn\u00e1 zlat\u00e1 bro\u0161\u0148a v tvare listu<\/h2>\n<ul>\n<li><strong>Ka\u017edodenn\u00e9 nosenie<\/strong> \u2013 Jemn\u00fd detail, ktor\u00fd dolad\u00ed sveter, sako \u010di kab\u00e1t a v\u00fdborne pod\u010diarkne osobn\u00fd \u0161t\u00fdl.<\/li>\n<li><strong>Pracovn\u00e9 stretnutia<\/strong> \u2013 Elegantne dopln\u00ed kost\u00fdm alebo bl\u00fazku a prid\u00e1 sebavedom\u00fd, z\u00e1rove\u0148 \u017eensk\u00fd n\u00e1dych.<\/li>\n<li><strong>Ve\u010dern\u00e9 udalosti<\/strong> \u2013 Zd\u00f4razn\u00ed sl\u00e1vnostn\u00fd charakter na \u0161at\u00e1ch \u010di \u0161\u00e1le a vyvol\u00e1 obdivn\u00e9 poh\u013eady.<\/li>\n<li><strong>Svadby alebo rodinn\u00e9 oslavy<\/strong> \u2013 Vkusne ozdob\u00ed spolo\u010densk\u00e9 \u0161aty a vytvor\u00ed dokonale prepracovan\u00fd dojem.<\/li>\n<li><strong>Dar\u010dek pre v\u00fdnimo\u010dn\u00fa osobu<\/strong> \u2013 Nad\u010dasov\u00e1 vo\u013eba, ktorou pote\u0161\u00edte mamu, sestru alebo priate\u013eku pri \u0161peci\u00e1lnych pr\u00edle\u017eitostiach.<\/li>\n<li><strong>Origin\u00e1lne zv\u00fdraznenie doplnkov<\/strong> \u2013 Skvelo vynikne na kabelke, klob\u00faku alebo \u0161atke, kde up\u00fata pozornos\u0165 a o\u017eiv\u00ed cel\u00fd outfit.<\/li>\n<\/ul>\n<\/section>\n<section data-wtai-block-id=\"wtai_product_description_custom_1753164383380\" class=\"wtai-section wtai-custom_1753164383380-section\">\n<h3>Ako sa stara\u0165 o dvojfarebn\u00fa zlat\u00fa bro\u0161\u0148u v tvare listu<\/h3>\n<ul>\n<li>Bro\u0161\u0148u po nosen\u00ed v\u017edy jemne pretrite m\u00e4kkou handri\u010dkou, aby ste odstr\u00e1nili zvy\u0161ky kr\u00e9mov a odtla\u010dky prstov a zachovali jej lesk.<\/li>\n<li>Pri \u010disten\u00ed pou\u017e\u00edvajte len jemn\u00e9 mydlo a vla\u017en\u00fa vodu, n\u00e1sledne bro\u0161\u0148u d\u00f4kladne osu\u0161te, aby ste predi\u0161li vzniku \u0161kv\u0155n \u010di matnosti.<\/li>\n<li>Uchov\u00e1vajte bro\u0161\u0148u v samostatnom m\u00e4kkom puzdre, mimo priameho slne\u010dn\u00e9ho svetla a vlhkosti, \u010d\u00edm zabr\u00e1nite po\u0161kriabaniu aj strate farby.<\/li>\n<\/ul>\n<\/section>\n<div data-wtai-block-id=\"wtai_product_description_image_1753853450366\" class=\"wtai-section wtai-image_1753853450366-section\">\n<figure class=\"wtai-image-p wtai-align-center\" style=\"text-align:center\"><img decoding=\"async\" src=\"https:\/\/demostore.ai\/wp-content\/uploads\/2025\/07\/4-Two-Tone-Gold-Ring-with-Twin-Pearls-and-Textured-Leaf-Detail.png\" alt=\"Dvojfarebn\u00e1 zlat\u00e1 bro\u0161\u0148a v tvare listu s kamienkami, detailn\u00fd poh\u013ead na \u0161trukt\u00faru a farby.\" srcset=\"https:\/\/demostore.ai\/wp-content\/uploads\/2025\/07\/4-Two-Tone-Gold-Ring-with-Twin-Pearls-and-Textured-Leaf-Detail.png 498w, https:\/\/demostore.ai\/wp-content\/uploads\/2025\/07\/4-Two-Tone-Gold-Ring-with-Twin-Pearls-and-Textured-Leaf-Detail-205x300.png 205w\"><figcaption>\n<p>Jemn\u00e9 detaily a vsaden\u00e9 kamienky vytv\u00e1raj\u00fa p\u00f4sobiv\u00fd \u0161perk pln\u00fd iskry a \u017eenskosti.<\/p>\n<\/figcaption><\/figure>\n<\/p><\/div>\n<section data-wtai-block-id=\"wtai_product_description_faqs\" class=\"wtai-section wtai-faqs-section\">\n<h2>Naj\u010dastej\u0161ie ot\u00e1zky o bro\u0161ni<\/h2>\n<p><strong>Z ak\u00e9ho materi\u00e1lu je bro\u0161\u0148a vyroben\u00e1?<\/strong> <br \/> Bro\u0161\u0148a je vyroben\u00e1 z kvalitn\u00e9ho kovu s dvojfarebnou povrchovou \u00fapravou v \u017eltom a bielom zlate.<\/p>\n<p><strong>Je bro\u0161\u0148a vhodn\u00e1 ako dar\u010dek?<\/strong> <br \/> \u00c1no, svojou elegantnou podobou a univerz\u00e1lnym dizajnom pote\u0161\u00ed \u017eeny v\u0161etk\u00fdch gener\u00e1ci\u00ed.<\/p>\n<p><strong>Ako sa odpor\u00fa\u010da bro\u0161\u0148u skladova\u0165?<\/strong> <br \/> Bro\u0161\u0148u skladujte oddelene od ostatn\u00fdch \u0161perkov v m\u00e4kkej \u0161perkovnici, aby sa zabr\u00e1nilo po\u0161krabaniu.<\/p>\n<p><strong>Ako bro\u0161\u0148u spr\u00e1vne \u010disti\u0165?<\/strong> <br \/> Na be\u017en\u00e9 \u010distenie posta\u010d\u00ed m\u00e4kk\u00e1 handri\u010dka bez pou\u017eitia chemik\u00e1li\u00ed.<\/p>\n<\/section>\n<section data-wtai-block-id=\"wtai_product_description_conclusion\" class=\"wtai-section wtai-conclusion-section\">\n<h2>Pridajte si iskru do ka\u017ed\u00e9ho d\u0148a<\/h2>\n<p><strong>Dvojfarebn\u00e1 zlat\u00e1 bro\u0161\u0148a v tvare listu v\u00e1m dod\u00e1 v\u00fdnimo\u010dn\u00fd dotyk elegancie v ka\u017edej situ\u00e1cii.<\/strong> <strong>Kombin\u00e1cia jemn\u00e9ho dizajnu a \u017eiariv\u00fdch detailov vytv\u00e1ra pocit nad\u010dasovej kr\u00e1sy a jedine\u010dnosti.<\/strong> <strong>Nezme\u0161kajte pr\u00edle\u017eitos\u0165 obohati\u0165 svoju zbierku o tento k\u00fasok e\u0161te dnes.<\/strong><\/p>\n<\/section>\n","protected":false},"excerpt":{"rendered":"<div data-wtai-block-id=\"wtai_excerpt_subtitle\" class=\"wtai-section wtai-subtitle-section\">\n<p><em><strong>Kr\u00e1sa pr\u00edrody zachyten\u00e1 v zlatom \u0161perku, ktor\u00fd zv\u00fdrazn\u00ed va\u0161u v\u00fdnimo\u010dnos\u0165.<\/strong><\/em><\/p>\n<\/p><\/div>\n<div data-wtai-block-id=\"wtai_excerpt_introduction\" class=\"wtai-section wtai-introduction-section\">\n<p>Hne\u010f na prv\u00fd poh\u013ead zaujme jemn\u00e1 harm\u00f3nia dvoch odtie\u0148ov zlata, prepojen\u00e1 leskom prec\u00edzne vsaden\u00fdch kamienkov. Tento elegantn\u00fd \u0161perk je stelesnen\u00edm nad\u010dasovej \u017eenskosti a jemn\u00e9ho vkusu. Ne\u017ene dolad\u00ed ka\u017ed\u00fd outfit, \u010di u\u017e ide o sl\u00e1vnostn\u00fa r\u00f3bu alebo ob\u013e\u00faben\u00e9 sako, a citlivo pod\u010diarkne osobnos\u0165 jeho nosite\u013eky. Symbol listu prin\u00e1\u0161a pocit svie\u017eosti a prirodzenej kr\u00e1sy. Tak\u00e1to bro\u0161\u0148a sa st\u00e1va nielen ozdobou d\u0148a, ale aj vz\u00e1cnou spomienkou na v\u00fdnimo\u010dn\u00e9 okamihy.<\/p>\n<\/p><\/div>\n","protected":false},"featured_media":32211,"comment_status":"open","ping_status":"closed","template":"","meta":[],"product_brand":[],"product_cat":[312],"product_tag":[],"class_list":{"0":"post-37203","1":"product","2":"type-product","3":"status-publish","4":"has-post-thumbnail","6":"product_cat-sperky-sk","8":"first","9":"instock","10":"shipping-taxable","11":"purchasable","12":"product-type-simple"},"bundled_by":[],"bundle_stock_status":"instock","bundle_stock_quantity":null,"bundle_virtual":false,"bundle_layout":"","bundle_add_to_cart_form_location":"","bundle_editable_in_cart":false,"bundle_sold_individually_context":"","bundle_item_grouping":"","bundle_min_size":"","bundle_max_size":"","bundle_price":[],"bundled_items":[],"bundle_sell_ids":[],"yoast_head":"<!-- This site is optimized with the Yoast SEO plugin v25.2 - https:\/\/yoast.com\/wordpress\/plugins\/seo\/ -->\n<title>Objavte Dvojfarebn\u00fa Zlat\u00fa Bro\u0161\u0148u v Tvare Listu pre V\u00fdnimo\u010dn\u00fd \u0160t\u00fdl<\/title>\n<meta name=\"description\" content=\"K\u00fazlo listov\u00e9ho mot\u00edvu z dvoch odtie\u0148ov zlata a iskriv\u00fdch kamienkov pod\u010diarkne v\u00e1\u0161 \u0161t\u00fdl. Elegantn\u00e1 bro\u0161\u0148a pre \u017eeny, ktor\u00e9 d\u00e1vaj\u00fa prednos\u0165 nad\u010dasovej klasike.\" \/>\n<meta name=\"robots\" content=\"index, follow, max-snippet:-1, max-image-preview:large, max-video-preview:-1\" \/>\n<link rel=\"canonical\" href=\"https:\/\/demostore.ai\/sk\/produkt\/dvojfarebna-zlata-brosna-v-tvare-listu\/\" \/>\n<meta property=\"og:type\" content=\"article\" \/>\n<meta property=\"og:title\" content=\"Objavte Dvojfarebn\u00fa Zlat\u00fa Bro\u0161\u0148u v Tvare Listu pre V\u00fdnimo\u010dn\u00fd \u0160t\u00fdl\" \/>\n<meta property=\"og:description\" content=\"Jemn\u00e9 l\u00ednie listu v kombin\u00e1cii so \u017elt\u00fdm a bielym zlatom robia t\u00fato bro\u0161\u0148u v\u00fdnimo\u010dnou ozdobou. Nad\u010dasov\u00e1 elegancia a prec\u00edzne spracovanie zv\u00fdraznia ak\u00fdko\u013evek outfit.\" \/>\n<meta property=\"og:url\" content=\"https:\/\/demostore.ai\/sk\/produkt\/dvojfarebna-zlata-brosna-v-tvare-listu\/\" \/>\n<meta property=\"og:site_name\" content=\"Trendy Thread\" \/>\n<meta property=\"article:modified_time\" content=\"2026-02-19T09:43:19+00:00\" \/>\n<meta property=\"og:image\" content=\"https:\/\/demostore.ai\/wp-content\/uploads\/2025\/07\/1-Two-Tone-Gold-Ring-with-Twin-Pearls-and-Textured-Leaf-Detail-1.png\" \/>\n\t<meta property=\"og:image:width\" content=\"1000\" \/>\n\t<meta property=\"og:image:height\" content=\"445\" \/>\n\t<meta property=\"og:image:type\" content=\"image\/png\" \/>\n<meta name=\"twitter:card\" content=\"summary_large_image\" \/>\n<meta name=\"twitter:title\" content=\"Objavte Dvojfarebn\u00fa Zlat\u00fa Bro\u0161\u0148u v Tvare Listu pre V\u00fdnimo\u010dn\u00fd \u0160t\u00fdl\" \/>\n<meta name=\"twitter:description\" content=\"Jemn\u00e9 l\u00ednie listu v kombin\u00e1cii so \u017elt\u00fdm a bielym zlatom robia t\u00fato bro\u0161\u0148u v\u00fdnimo\u010dnou ozdobou. Nad\u010dasov\u00e1 elegancia a prec\u00edzne spracovanie zv\u00fdraznia ak\u00fdko\u013evek outfit.\" \/>\n<meta name=\"twitter:label1\" content=\"Predpokladan\u00fd \u010das \u010d\u00edtania\" \/>\n\t<meta name=\"twitter:data1\" content=\"1 min\u00fata\" \/>\n<script type=\"application\/ld+json\" class=\"yoast-schema-graph\">{\"@context\":\"https:\/\/schema.org\",\"@graph\":[{\"@type\":\"WebPage\",\"@id\":\"https:\/\/demostore.ai\/sk\/produkt\/dvojfarebna-zlata-brosna-v-tvare-listu\/\",\"url\":\"https:\/\/demostore.ai\/sk\/produkt\/dvojfarebna-zlata-brosna-v-tvare-listu\/\",\"name\":\"Objavte Dvojfarebn\u00fa Zlat\u00fa Bro\u0161\u0148u v Tvare Listu pre V\u00fdnimo\u010dn\u00fd \u0160t\u00fdl\",\"isPartOf\":{\"@id\":\"https:\/\/demostore.ai\/sk\/#website\"},\"primaryImageOfPage\":{\"@id\":\"https:\/\/demostore.ai\/sk\/produkt\/dvojfarebna-zlata-brosna-v-tvare-listu\/#primaryimage\"},\"image\":{\"@id\":\"https:\/\/demostore.ai\/sk\/produkt\/dvojfarebna-zlata-brosna-v-tvare-listu\/#primaryimage\"},\"thumbnailUrl\":\"https:\/\/demostore.ai\/wp-content\/uploads\/2025\/07\/1-Two-Tone-Gold-Ring-with-Twin-Pearls-and-Textured-Leaf-Detail-1.png\",\"datePublished\":\"2025-07-27T22:48:35+00:00\",\"dateModified\":\"2026-02-19T09:43:19+00:00\",\"description\":\"K\u00fazlo listov\u00e9ho mot\u00edvu z dvoch odtie\u0148ov zlata a iskriv\u00fdch kamienkov pod\u010diarkne v\u00e1\u0161 \u0161t\u00fdl. Elegantn\u00e1 bro\u0161\u0148a pre \u017eeny, ktor\u00e9 d\u00e1vaj\u00fa prednos\u0165 nad\u010dasovej klasike.\",\"breadcrumb\":{\"@id\":\"https:\/\/demostore.ai\/sk\/produkt\/dvojfarebna-zlata-brosna-v-tvare-listu\/#breadcrumb\"},\"inLanguage\":\"sk-SK\",\"potentialAction\":[{\"@type\":\"ReadAction\",\"target\":[\"https:\/\/demostore.ai\/sk\/produkt\/dvojfarebna-zlata-brosna-v-tvare-listu\/\"]}]},{\"@type\":\"ImageObject\",\"inLanguage\":\"sk-SK\",\"@id\":\"https:\/\/demostore.ai\/sk\/produkt\/dvojfarebna-zlata-brosna-v-tvare-listu\/#primaryimage\",\"url\":\"https:\/\/demostore.ai\/wp-content\/uploads\/2025\/07\/1-Two-Tone-Gold-Ring-with-Twin-Pearls-and-Textured-Leaf-Detail-1.png\",\"contentUrl\":\"https:\/\/demostore.ai\/wp-content\/uploads\/2025\/07\/1-Two-Tone-Gold-Ring-with-Twin-Pearls-and-Textured-Leaf-Detail-1.png\",\"width\":1000,\"height\":445,\"caption\":\"Dvojfarebn\u00e1 zlat\u00e1 bro\u0161\u0148a v tvare listu s kamienkami, elegantn\u00fd \u0161perk na ka\u017ed\u00fa pr\u00edle\u017eitos\u0165.\"},{\"@type\":\"BreadcrumbList\",\"@id\":\"https:\/\/demostore.ai\/sk\/produkt\/dvojfarebna-zlata-brosna-v-tvare-listu\/#breadcrumb\",\"itemListElement\":[{\"@type\":\"ListItem\",\"position\":1,\"name\":\"Domov\",\"item\":\"https:\/\/demostore.ai\/sk\/\"},{\"@type\":\"ListItem\",\"position\":2,\"name\":\"Obchod\",\"item\":\"https:\/\/demostore.ai\/sk\/obchod\/\"},{\"@type\":\"ListItem\",\"position\":3,\"name\":\"Dvojfarebn\u00e1 Zlat\u00e1 Bro\u0161\u0148a v Tvare Listu\"}]},{\"@type\":\"WebSite\",\"@id\":\"https:\/\/demostore.ai\/sk\/#website\",\"url\":\"https:\/\/demostore.ai\/sk\/\",\"name\":\"Trendy Thread\",\"description\":\"Demo obchod WriteText.ai\",\"publisher\":{\"@id\":\"https:\/\/demostore.ai\/sk\/#organization\"},\"potentialAction\":[{\"@type\":\"SearchAction\",\"target\":{\"@type\":\"EntryPoint\",\"urlTemplate\":\"https:\/\/demostore.ai\/sk\/?s={search_term_string}\"},\"query-input\":{\"@type\":\"PropertyValueSpecification\",\"valueRequired\":true,\"valueName\":\"search_term_string\"}}],\"inLanguage\":\"sk-SK\"},{\"@type\":\"Organization\",\"@id\":\"https:\/\/demostore.ai\/sk\/#organization\",\"name\":\"WriteText.ai\",\"url\":\"https:\/\/demostore.ai\/sk\/\",\"logo\":{\"@type\":\"ImageObject\",\"inLanguage\":\"sk-SK\",\"@id\":\"https:\/\/demostore.ai\/sk\/#\/schema\/logo\/image\/\",\"url\":\"https:\/\/demostore.ai\/wp-content\/uploads\/2025\/10\/writetext_logo.webp\",\"contentUrl\":\"https:\/\/demostore.ai\/wp-content\/uploads\/2025\/10\/writetext_logo.webp\",\"width\":200,\"height\":34,\"caption\":\"WriteText.ai\"},\"image\":{\"@id\":\"https:\/\/demostore.ai\/sk\/#\/schema\/logo\/image\/\"}}]}<\/script>\n<!-- \/ Yoast SEO plugin. -->","yoast_head_json":{"title":"Objavte Dvojfarebn\u00fa Zlat\u00fa Bro\u0161\u0148u v Tvare Listu pre V\u00fdnimo\u010dn\u00fd \u0160t\u00fdl","description":"K\u00fazlo listov\u00e9ho mot\u00edvu z dvoch odtie\u0148ov zlata a iskriv\u00fdch kamienkov pod\u010diarkne v\u00e1\u0161 \u0161t\u00fdl. Elegantn\u00e1 bro\u0161\u0148a pre \u017eeny, ktor\u00e9 d\u00e1vaj\u00fa prednos\u0165 nad\u010dasovej klasike.","robots":{"index":"index","follow":"follow","max-snippet":"max-snippet:-1","max-image-preview":"max-image-preview:large","max-video-preview":"max-video-preview:-1"},"canonical":"https:\/\/demostore.ai\/sk\/produkt\/dvojfarebna-zlata-brosna-v-tvare-listu\/","og_type":"article","og_title":"Objavte Dvojfarebn\u00fa Zlat\u00fa Bro\u0161\u0148u v Tvare Listu pre V\u00fdnimo\u010dn\u00fd \u0160t\u00fdl","og_description":"Jemn\u00e9 l\u00ednie listu v kombin\u00e1cii so \u017elt\u00fdm a bielym zlatom robia t\u00fato bro\u0161\u0148u v\u00fdnimo\u010dnou ozdobou. Nad\u010dasov\u00e1 elegancia a prec\u00edzne spracovanie zv\u00fdraznia ak\u00fdko\u013evek outfit.","og_url":"https:\/\/demostore.ai\/sk\/produkt\/dvojfarebna-zlata-brosna-v-tvare-listu\/","og_site_name":"Trendy Thread","article_modified_time":"2026-02-19T09:43:19+00:00","og_image":[{"width":1000,"height":445,"url":"https:\/\/demostore.ai\/wp-content\/uploads\/2025\/07\/1-Two-Tone-Gold-Ring-with-Twin-Pearls-and-Textured-Leaf-Detail-1.png","type":"image\/png"}],"twitter_card":"summary_large_image","twitter_title":"Objavte Dvojfarebn\u00fa Zlat\u00fa Bro\u0161\u0148u v Tvare Listu pre V\u00fdnimo\u010dn\u00fd \u0160t\u00fdl","twitter_description":"Jemn\u00e9 l\u00ednie listu v kombin\u00e1cii so \u017elt\u00fdm a bielym zlatom robia t\u00fato bro\u0161\u0148u v\u00fdnimo\u010dnou ozdobou. Nad\u010dasov\u00e1 elegancia a prec\u00edzne spracovanie zv\u00fdraznia ak\u00fdko\u013evek outfit.","twitter_misc":{"Predpokladan\u00fd \u010das \u010d\u00edtania":"1 min\u00fata"},"schema":{"@context":"https:\/\/schema.org","@graph":[{"@type":"WebPage","@id":"https:\/\/demostore.ai\/sk\/produkt\/dvojfarebna-zlata-brosna-v-tvare-listu\/","url":"https:\/\/demostore.ai\/sk\/produkt\/dvojfarebna-zlata-brosna-v-tvare-listu\/","name":"Objavte Dvojfarebn\u00fa Zlat\u00fa Bro\u0161\u0148u v Tvare Listu pre V\u00fdnimo\u010dn\u00fd \u0160t\u00fdl","isPartOf":{"@id":"https:\/\/demostore.ai\/sk\/#website"},"primaryImageOfPage":{"@id":"https:\/\/demostore.ai\/sk\/produkt\/dvojfarebna-zlata-brosna-v-tvare-listu\/#primaryimage"},"image":{"@id":"https:\/\/demostore.ai\/sk\/produkt\/dvojfarebna-zlata-brosna-v-tvare-listu\/#primaryimage"},"thumbnailUrl":"https:\/\/demostore.ai\/wp-content\/uploads\/2025\/07\/1-Two-Tone-Gold-Ring-with-Twin-Pearls-and-Textured-Leaf-Detail-1.png","datePublished":"2025-07-27T22:48:35+00:00","dateModified":"2026-02-19T09:43:19+00:00","description":"K\u00fazlo listov\u00e9ho mot\u00edvu z dvoch odtie\u0148ov zlata a iskriv\u00fdch kamienkov pod\u010diarkne v\u00e1\u0161 \u0161t\u00fdl. Elegantn\u00e1 bro\u0161\u0148a pre \u017eeny, ktor\u00e9 d\u00e1vaj\u00fa prednos\u0165 nad\u010dasovej klasike.","breadcrumb":{"@id":"https:\/\/demostore.ai\/sk\/produkt\/dvojfarebna-zlata-brosna-v-tvare-listu\/#breadcrumb"},"inLanguage":"sk-SK","potentialAction":[{"@type":"ReadAction","target":["https:\/\/demostore.ai\/sk\/produkt\/dvojfarebna-zlata-brosna-v-tvare-listu\/"]}]},{"@type":"ImageObject","inLanguage":"sk-SK","@id":"https:\/\/demostore.ai\/sk\/produkt\/dvojfarebna-zlata-brosna-v-tvare-listu\/#primaryimage","url":"https:\/\/demostore.ai\/wp-content\/uploads\/2025\/07\/1-Two-Tone-Gold-Ring-with-Twin-Pearls-and-Textured-Leaf-Detail-1.png","contentUrl":"https:\/\/demostore.ai\/wp-content\/uploads\/2025\/07\/1-Two-Tone-Gold-Ring-with-Twin-Pearls-and-Textured-Leaf-Detail-1.png","width":1000,"height":445,"caption":"Dvojfarebn\u00e1 zlat\u00e1 bro\u0161\u0148a v tvare listu s kamienkami, elegantn\u00fd \u0161perk na ka\u017ed\u00fa pr\u00edle\u017eitos\u0165."},{"@type":"BreadcrumbList","@id":"https:\/\/demostore.ai\/sk\/produkt\/dvojfarebna-zlata-brosna-v-tvare-listu\/#breadcrumb","itemListElement":[{"@type":"ListItem","position":1,"name":"Domov","item":"https:\/\/demostore.ai\/sk\/"},{"@type":"ListItem","position":2,"name":"Obchod","item":"https:\/\/demostore.ai\/sk\/obchod\/"},{"@type":"ListItem","position":3,"name":"Dvojfarebn\u00e1 Zlat\u00e1 Bro\u0161\u0148a v Tvare Listu"}]},{"@type":"WebSite","@id":"https:\/\/demostore.ai\/sk\/#website","url":"https:\/\/demostore.ai\/sk\/","name":"Trendy Thread","description":"Demo obchod WriteText.ai","publisher":{"@id":"https:\/\/demostore.ai\/sk\/#organization"},"potentialAction":[{"@type":"SearchAction","target":{"@type":"EntryPoint","urlTemplate":"https:\/\/demostore.ai\/sk\/?s={search_term_string}"},"query-input":{"@type":"PropertyValueSpecification","valueRequired":true,"valueName":"search_term_string"}}],"inLanguage":"sk-SK"},{"@type":"Organization","@id":"https:\/\/demostore.ai\/sk\/#organization","name":"WriteText.ai","url":"https:\/\/demostore.ai\/sk\/","logo":{"@type":"ImageObject","inLanguage":"sk-SK","@id":"https:\/\/demostore.ai\/sk\/#\/schema\/logo\/image\/","url":"https:\/\/demostore.ai\/wp-content\/uploads\/2025\/10\/writetext_logo.webp","contentUrl":"https:\/\/demostore.ai\/wp-content\/uploads\/2025\/10\/writetext_logo.webp","width":200,"height":34,"caption":"WriteText.ai"},"image":{"@id":"https:\/\/demostore.ai\/sk\/#\/schema\/logo\/image\/"}}]}},"_links":{"self":[{"href":"https:\/\/demostore.ai\/sk\/wp-json\/wp\/v2\/product\/37203","targetHints":{"allow":["GET"]}}],"collection":[{"href":"https:\/\/demostore.ai\/sk\/wp-json\/wp\/v2\/product"}],"about":[{"href":"https:\/\/demostore.ai\/sk\/wp-json\/wp\/v2\/types\/product"}],"replies":[{"embeddable":true,"href":"https:\/\/demostore.ai\/sk\/wp-json\/wp\/v2\/comments?post=37203"}],"wp:featuredmedia":[{"embeddable":true,"href":"https:\/\/demostore.ai\/sk\/wp-json\/wp\/v2\/media\/32211"}],"wp:attachment":[{"href":"https:\/\/demostore.ai\/sk\/wp-json\/wp\/v2\/media?parent=37203"}],"wp:term":[{"taxonomy":"product_brand","embeddable":true,"href":"https:\/\/demostore.ai\/sk\/wp-json\/wp\/v2\/product_brand?post=37203"},{"taxonomy":"product_cat","embeddable":true,"href":"https:\/\/demostore.ai\/sk\/wp-json\/wp\/v2\/product_cat?post=37203"},{"taxonomy":"product_tag","embeddable":true,"href":"https:\/\/demostore.ai\/sk\/wp-json\/wp\/v2\/product_tag?post=37203"}],"curies":[{"name":"wp","href":"https:\/\/api.w.org\/{rel}","templated":true}]}}