{"id":35646,"date":"2025-06-13T08:44:05","date_gmt":"2025-06-13T00:44:05","guid":{"rendered":"https:\/\/demostore.ai\/?post_type=product&#038;p=35646"},"modified":"2026-02-19T18:03:47","modified_gmt":"2026-02-19T10:03:47","slug":"dentiste-plus-osviezujuci-sprej-na-dych","status":"publish","type":"product","link":"https:\/\/demostore.ai\/sk\/produkt\/dentiste-plus-osviezujuci-sprej-na-dych\/","title":{"rendered":"Dentiste Plus Osvie\u017euj\u00faci Sprej na Dych"},"content":{"rendered":"<section data-wtai-block-id=\"wtai_product_description_features\" class=\"wtai-section wtai-features-section\">\n<h2>Hlavn\u00e9 v\u00fdhody produktu<\/h2>\n<ul>\n<li><strong>Okam\u017eit\u00e9 osvie\u017eenie dychu<\/strong> \u2013 poskytuje svie\u017ei dych kdeko\u013evek a kedyko\u013evek<\/li>\n<li><strong>Podpora \u00fastnej hygieny<\/strong> \u2013 ide\u00e1lne na pou\u017eitie po\u010das d\u0148a na zn\u00ed\u017eenie nepr\u00edjemn\u00e9ho z\u00e1pachu<\/li>\n<li><strong>Bez cukru<\/strong> \u2013 nezvy\u0161uje riziko zubn\u00e9ho kazu, vhodn\u00e9 aj pri \u010dastej\u0161om pou\u017e\u00edvan\u00ed<\/li>\n<li><strong>Unik\u00e1tne herb\u00e1lne zlo\u017eenie<\/strong> \u2013 obsahuje pr\u00edrodn\u00e9 extrakty na \u010dist\u00e9 a prirodzene svie\u017ee \u00fasta<\/li>\n<li><strong>Zlo\u017eenie s xylitolom<\/strong> \u2013 pom\u00e1ha udr\u017ea\u0165 \u00fastnu dutinu hydratovan\u00fa a podporuje zdravie zubov<\/li>\n<li><strong>Nen\u00e1ro\u010dn\u00e9 pou\u017e\u00edvanie<\/strong> \u2013 v praktickej, cestovnej f\u013ea\u0161ti\u010dke s uz\u00e1verom<\/li>\n<li><strong>Neobsahuje aeros\u00f3l<\/strong> \u2013 bezpe\u010dn\u00e9 pri aplik\u00e1cii, vhodn\u00e9 aj pre citliv\u00fdch pou\u017e\u00edvate\u013eov<\/li>\n<li><strong>Nezanech\u00e1va nepr\u00edjemn\u00fa pachu\u0165<\/strong> \u2013 pr\u00edjemn\u00e1 bylinkov\u00e1 chu\u0165 podporuje ka\u017edodenn\u00e9 pou\u017e\u00edvanie<\/li>\n<\/ul>\n<\/section>\n<div data-wtai-block-id=\"wtai_product_description_image_1753694499291\" class=\"wtai-section wtai-image_1753694499291-section\">\n<figure class=\"wtai-image-p wtai-align-center\" style=\"text-align:center\"><img decoding=\"async\" src=\"https:\/\/demostore.ai\/wp-content\/uploads\/2025\/06\/Breathspray-4-scaled-1-600x935.png\" alt=\"Dentiste Plus Osvie\u017euj\u00faci Sprej na Dych, bylinkov\u00fd sprej s xylitolom bez cukru, otvoren\u00fd obal.\" srcset=\"https:\/\/demostore.ai\/wp-content\/uploads\/2025\/06\/Breathspray-4-scaled-1.png 642w, https:\/\/demostore.ai\/wp-content\/uploads\/2025\/06\/Breathspray-4-scaled-1-193x300.png 193w, https:\/\/demostore.ai\/wp-content\/uploads\/2025\/06\/Breathspray-4-scaled-1-600x935.png 600w\"><figcaption>\n<p>Elegantn\u00e9 balenie spreja pod\u010diarkuje svie\u017eos\u0165, pr\u00edrodn\u00e9 ingrediencie a jednoduch\u00e9 ka\u017edodenn\u00e9 pou\u017eitie.<\/p>\n<\/figcaption><\/figure>\n<\/p><\/div>\n<section data-wtai-block-id=\"wtai_product_description_benefits\" class=\"wtai-section wtai-benefits-section\">\n<h2>Pre\u010do si ho ob\u013e\u00fabite<\/h2>\n<ul>\n<li>Okam\u017eite vytv\u00e1ra dlhotrvaj\u00faci pocit svie\u017eosti v \u00fastach<\/li>\n<li>Posil\u0148uje sebavedomie pri osobn\u00fdch a pracovn\u00fdch stretnutiach<\/li>\n<li>Osvie\u017euje dych po jedle \u010di n\u00e1pojoch, kdeko\u013evek potrebujete<\/li>\n<li>Praktick\u00e9 balenie umo\u017e\u0148uje jednoduch\u00e9 pou\u017eitie po\u010das cel\u00e9ho d\u0148a<\/li>\n<li>S pr\u00edrodnou chu\u0165ou bez \u0161t\u00edpania alebo nepr\u00edjemn\u00e9ho dozvuku<\/li>\n<\/ul>\n<\/section>\n<section data-wtai-block-id=\"wtai_product_description_use_cases\" class=\"wtai-section wtai-use_cases-section\">\n<h3>Ako zapoji\u0165 do svojej rutiny<\/h3>\n<ol>\n<li>Pred d\u00f4le\u017eit\u00fdm stretnut\u00edm nastriekajte do \u00fast pre svie\u017ei dych<\/li>\n<li>Pou\u017eite po jedle, aby ste zabr\u00e1nili nepr\u00edjemn\u00e9mu z\u00e1pachu<\/li>\n<li>Aplikujte kedyko\u013evek po\u010das d\u0148a na osvie\u017eenie dychu mimo domova<\/li>\n<li>Vhodn\u00fd na r\u00fdchle pou\u017eitie po\u010das cestovania alebo dovolenky<\/li>\n<li>Skvel\u00fd pomocn\u00edk medzi \u010disten\u00edm zubov, hlavne na verejnosti<\/li>\n<li>Odpor\u00fa\u010da sa ma\u0165 st\u00e1le v kabelke alebo ta\u0161ke pre pohotovos\u0165<\/li>\n<li>Bezpe\u010dn\u00fd aj pre mlad\u0161\u00edch pou\u017e\u00edvate\u013eov pod doh\u013eadom dospel\u00fdch<\/li>\n<li>Mo\u017eno pou\u017e\u00edva\u0165 aj po konzum\u00e1cii k\u00e1vy alebo silne aromatick\u00fdch jed\u00e1l<\/li>\n<\/ol>\n<\/section>\n<section data-wtai-block-id=\"wtai_product_description_technical_specifications\" class=\"wtai-section wtai-technical_specifications-section\">\n<h3>Detailn\u00e9 inform\u00e1cie<\/h3>\n<ul>\n<li><strong>Objem balenia:<\/strong> 15 ml<\/li>\n<li><strong>Forma:<\/strong> \u00dastny sprej bez aeros\u00f3lu<\/li>\n<li><strong>Hlavn\u00e9 zlo\u017eky:<\/strong> Xylitol, bylinn\u00e9 extrakty<\/li>\n<li><strong>Balenie:<\/strong> Plastov\u00e1 f\u013ea\u0161ti\u010dka s aplik\u00e1torom<\/li>\n<\/ul>\n<\/section>\n<section data-wtai-block-id=\"wtai_product_description_custom_1753167803027\" class=\"wtai-section wtai-custom_1753167803027-section\">\n<h2>Pre koho je Dentiste Plus Osvie\u017euj\u00faci Sprej na Dych vhodn\u00fd<\/h2>\n<ul>\n<li><strong>Nevhodn\u00e9 na poko\u017eku<\/strong>: Tento sprej nie je ur\u010den\u00fd na ple\u0165.<\/li>\n<li><strong>Or\u00e1lna starostlivos\u0165<\/strong>: Produkt je ur\u010den\u00fd na osvie\u017eenie dychu.<\/li>\n<li><strong>Vhodn\u00fd pre v\u0161etky vekov\u00e9 skupiny<\/strong>: Jednoduch\u00e9 pou\u017eitie kdeko\u013evek a kedyko\u013evek.<\/li>\n<li><strong>Pre citliv\u00e9 \u00fasta<\/strong>: Neobsahuje alkohol, jemn\u00fd k \u00fastnej dutine.<\/li>\n<li><strong>Bez konzervantov<\/strong>: \u0160etrn\u00e9 zlo\u017eenie pre ka\u017edodenn\u00e9 pou\u017eitie.<\/li>\n<li><strong>Nepotrebn\u00e9 testovanie na ko\u017ei<\/strong>: Pou\u017e\u00edva sa v\u00fdhradne do \u00fast.<\/li>\n<\/ul>\n<\/section>\n<section data-wtai-block-id=\"wtai_product_description_custom_1754200971412\" class=\"wtai-section wtai-custom_1754200971412-section\">\n<h2>Zlo\u017eenie Dentiste Plus Osvie\u017euj\u00faceho Spreja na Dych<\/h2>\n<p>Ethanol, Aqua, Glycerin, Xylitol, PEG-40 Hydrogenated Castor Oil, Menthol, Mentha Piperita Oil, Sodium Benzoate, Ascorbic Acid, Eucalyptus Globulus Leaf Oil, Sucralose, Aloe Barbadensis Leaf Extract, Salvia Officinalis Extract, Chamomilla Recutita Extract, Foeniculum Vulgare Extract, Glycyrrhiza Glabra Root Extract, Cinnamomum Zeylanicum Bark Extract, Anthemis Nobilis Extract, Eugenia Caryophyllus Flower Oil.<\/p>\n<\/section>\n<section data-wtai-block-id=\"wtai_product_description_faqs\" class=\"wtai-section wtai-faqs-section\">\n<h2>\u010casto kladen\u00e9 ot\u00e1zky<\/h2>\n<p><strong>M\u00f4\u017ee sa pou\u017e\u00edva\u0165 viackr\u00e1t denne?<\/strong> <br \/> \u00c1no, sprej je vhodn\u00fd na opakovan\u00e9 ka\u017edodenn\u00e9 pou\u017eitie v pr\u00edpade potreby.<\/p>\n<p><strong>Je vhodn\u00fd aj pre deti?<\/strong> <br \/> \u00c1no, pod doh\u013eadom dospelej osoby m\u00f4\u017eu sprej pou\u017e\u00edva\u0165 aj mlad\u0161\u00ed pou\u017e\u00edvatelia.<\/p>\n<p><strong>Obsahuje cukor alebo umel\u00e9 sladidl\u00e1?<\/strong> <br \/> Nie, sprej je bez cukru a obsahuje xylitol, ktor\u00fd je \u0161etrn\u00fd k zubom.<\/p>\n<p><strong>Ako dlho trv\u00e1 \u00fa\u010dinok svie\u017eeho dychu?<\/strong> <br \/> \u00da\u010dinok je okam\u017eit\u00fd a trv\u00e1 nieko\u013eko hod\u00edn v z\u00e1vislosti od aktu\u00e1lnej situ\u00e1cie.<\/p>\n<p><strong>Kde by sa mal sprej skladova\u0165?<\/strong> <br \/> Uchov\u00e1vajte na suchom mieste mimo priameho slne\u010dn\u00e9ho \u017eiarenia.<\/p>\n<\/section>\n<section data-wtai-block-id=\"wtai_product_description_conclusion\" class=\"wtai-section wtai-conclusion-section\">\n<h2>Objavte svie\u017eos\u0165 s Dentiste Plus<\/h2>\n<p><em><strong>Z\u00edskajte istotu svie\u017eeho dychu v ka\u017edej situ\u00e1cii s Dentiste Plus Osvie\u017euj\u00facim Sprejom na Dych.<\/strong><\/em> <em><strong>Nech u\u017e v\u00e1s \u010dak\u00e1 pracovn\u00e9 stretnutie alebo priate\u013esk\u00e9 posedenie, tento kompaktn\u00fd sprej bude va\u0161\u00edm spo\u013eahliv\u00fdm spolo\u010dn\u00edkom.<\/strong><\/em> <em><strong>Ne\u010dakajte a doprajte si pocit svie\u017eosti ka\u017ed\u00fd de\u0148.<\/strong><\/em><\/p>\n<\/section>\n","protected":false},"excerpt":{"rendered":"<div data-wtai-block-id=\"wtai_excerpt_subtitle\" class=\"wtai-section wtai-subtitle-section\">\n<p><em><strong>Okam\u017eit\u00fd pocit svie\u017eosti s jemnou bylinnou ar\u00f3mou bez cukru<\/strong><\/em><\/p>\n<\/p><\/div>\n<div data-wtai-block-id=\"wtai_excerpt_introduction\" class=\"wtai-section wtai-introduction-section\">\n<p>Vie\u0161, ten pocit, ke\u010f potrebuje\u0161 r\u00fdchlo z\u00edska\u0165 istotu vo svojom dychu? Pr\u00e1ve v tak\u00fdchto chv\u00ed\u013each je Dentiste Plus Osvie\u017euj\u00faci sprej na dych ide\u00e1lnym spolo\u010dn\u00edkom. V\u010faka kompaktn\u00e9mu baleniu sa zmest\u00ed do ka\u017edej kabelky \u010di vrecka, no jeho \u00fa\u010dinok prekvap\u00ed intenz\u00edvnou svie\u017eos\u0165ou. Sprej vyu\u017e\u00edva silu pr\u00edrodn\u00fdch bylinn\u00fdch extraktov a xylitolu, tak\u017ee vytv\u00e1ra okam\u017eit\u00fd pocit \u010distoty bez cukru a bez aeros\u00f3lov. Poc\u00ed\u0165, ako sa sebavedomie vracia, ke\u010f vie\u0161, \u017ee tvoj dych je svie\u017ei \u2013 kdeko\u013evek, kedyko\u013evek.<\/p>\n<\/p><\/div>\n","protected":false},"featured_media":15937,"comment_status":"open","ping_status":"closed","template":"","meta":[],"product_brand":[],"product_cat":[235],"product_tag":[],"class_list":{"0":"post-35646","1":"product","2":"type-product","3":"status-publish","4":"has-post-thumbnail","6":"product_cat-krasa-a-wellness","8":"first","9":"instock","10":"shipping-taxable","11":"purchasable","12":"product-type-simple"},"bundled_by":[],"bundle_stock_status":"instock","bundle_stock_quantity":null,"bundle_virtual":false,"bundle_layout":"","bundle_add_to_cart_form_location":"","bundle_editable_in_cart":false,"bundle_sold_individually_context":"","bundle_item_grouping":"","bundle_min_size":"","bundle_max_size":"","bundle_price":[],"bundled_items":[],"bundle_sell_ids":[],"yoast_head":"<!-- This site is optimized with the Yoast SEO plugin v25.2 - https:\/\/yoast.com\/wordpress\/plugins\/seo\/ -->\n<title>Objavte Dentiste Plus Osvie\u017euj\u00faci Sprej na Dych pre Svie\u017eos\u0165<\/title>\n<meta name=\"description\" content=\"Neoby\u010dajne diskr\u00e9tny sprej pre okam\u017eit\u00e9 osvie\u017eenie dychu. Obsahuje xylitol, je bez cukru a vhodn\u00fd pre ka\u017edodenn\u00e9 pou\u017eitie aj na cest\u00e1ch.\" \/>\n<meta name=\"robots\" content=\"index, follow, max-snippet:-1, max-image-preview:large, max-video-preview:-1\" \/>\n<link rel=\"canonical\" href=\"https:\/\/demostore.ai\/sk\/produkt\/dentiste-plus-osviezujuci-sprej-na-dych\/\" \/>\n<meta property=\"og:type\" content=\"article\" \/>\n<meta property=\"og:title\" content=\"Objavte Dentiste Plus Osvie\u017euj\u00faci Sprej na Dych pre Svie\u017eos\u0165\" \/>\n<meta property=\"og:description\" content=\"V\u00fdnimo\u010dne praktick\u00fd \u00fastny sprej s xylitolom pre okam\u017eit\u00e9 a dlhodob\u00e9 osvie\u017eenie dychu. Modern\u00e9 cestovn\u00e9 balenie, pr\u00edrodn\u00e9 zlo\u017eenie a diskr\u00e9tne pou\u017eitie.\" \/>\n<meta property=\"og:url\" content=\"https:\/\/demostore.ai\/sk\/produkt\/dentiste-plus-osviezujuci-sprej-na-dych\/\" \/>\n<meta property=\"og:site_name\" content=\"Trendy Thread\" \/>\n<meta property=\"article:modified_time\" content=\"2026-02-19T10:03:47+00:00\" \/>\n<meta property=\"og:image\" content=\"https:\/\/demostore.ai\/wp-content\/uploads\/2025\/06\/Breathspray-1-scaled-1.png\" \/>\n\t<meta property=\"og:image:width\" content=\"380\" \/>\n\t<meta property=\"og:image:height\" content=\"1000\" \/>\n\t<meta property=\"og:image:type\" content=\"image\/png\" \/>\n<meta name=\"twitter:card\" content=\"summary_large_image\" \/>\n<meta name=\"twitter:title\" content=\"Objavte Dentiste Plus Osvie\u017euj\u00faci Sprej na Dych pre Svie\u017eos\u0165\" \/>\n<meta name=\"twitter:description\" content=\"V\u00fdnimo\u010dne praktick\u00fd \u00fastny sprej s xylitolom pre okam\u017eit\u00e9 a dlhodob\u00e9 osvie\u017eenie dychu. Modern\u00e9 cestovn\u00e9 balenie, pr\u00edrodn\u00e9 zlo\u017eenie a diskr\u00e9tne pou\u017eitie.\" \/>\n<meta name=\"twitter:label1\" content=\"Predpokladan\u00fd \u010das \u010d\u00edtania\" \/>\n\t<meta name=\"twitter:data1\" content=\"1 min\u00fata\" \/>\n<script type=\"application\/ld+json\" class=\"yoast-schema-graph\">{\"@context\":\"https:\/\/schema.org\",\"@graph\":[{\"@type\":\"WebPage\",\"@id\":\"https:\/\/demostore.ai\/sk\/produkt\/dentiste-plus-osviezujuci-sprej-na-dych\/\",\"url\":\"https:\/\/demostore.ai\/sk\/produkt\/dentiste-plus-osviezujuci-sprej-na-dych\/\",\"name\":\"Objavte Dentiste Plus Osvie\u017euj\u00faci Sprej na Dych pre Svie\u017eos\u0165\",\"isPartOf\":{\"@id\":\"https:\/\/demostore.ai\/sk\/#website\"},\"primaryImageOfPage\":{\"@id\":\"https:\/\/demostore.ai\/sk\/produkt\/dentiste-plus-osviezujuci-sprej-na-dych\/#primaryimage\"},\"image\":{\"@id\":\"https:\/\/demostore.ai\/sk\/produkt\/dentiste-plus-osviezujuci-sprej-na-dych\/#primaryimage\"},\"thumbnailUrl\":\"https:\/\/demostore.ai\/wp-content\/uploads\/2025\/06\/Breathspray-1-scaled-1.png\",\"datePublished\":\"2025-06-13T00:44:05+00:00\",\"dateModified\":\"2026-02-19T10:03:47+00:00\",\"description\":\"Neoby\u010dajne diskr\u00e9tny sprej pre okam\u017eit\u00e9 osvie\u017eenie dychu. Obsahuje xylitol, je bez cukru a vhodn\u00fd pre ka\u017edodenn\u00e9 pou\u017eitie aj na cest\u00e1ch.\",\"breadcrumb\":{\"@id\":\"https:\/\/demostore.ai\/sk\/produkt\/dentiste-plus-osviezujuci-sprej-na-dych\/#breadcrumb\"},\"inLanguage\":\"sk-SK\",\"potentialAction\":[{\"@type\":\"ReadAction\",\"target\":[\"https:\/\/demostore.ai\/sk\/produkt\/dentiste-plus-osviezujuci-sprej-na-dych\/\"]}]},{\"@type\":\"ImageObject\",\"inLanguage\":\"sk-SK\",\"@id\":\"https:\/\/demostore.ai\/sk\/produkt\/dentiste-plus-osviezujuci-sprej-na-dych\/#primaryimage\",\"url\":\"https:\/\/demostore.ai\/wp-content\/uploads\/2025\/06\/Breathspray-1-scaled-1.png\",\"contentUrl\":\"https:\/\/demostore.ai\/wp-content\/uploads\/2025\/06\/Breathspray-1-scaled-1.png\",\"width\":380,\"height\":1000,\"caption\":\"Dentiste Plus Osvie\u017euj\u00faci Sprej na Dych, balenie s obr\u00e1zkom listov na etikete.\"},{\"@type\":\"BreadcrumbList\",\"@id\":\"https:\/\/demostore.ai\/sk\/produkt\/dentiste-plus-osviezujuci-sprej-na-dych\/#breadcrumb\",\"itemListElement\":[{\"@type\":\"ListItem\",\"position\":1,\"name\":\"Domov\",\"item\":\"https:\/\/demostore.ai\/sk\/\"},{\"@type\":\"ListItem\",\"position\":2,\"name\":\"Obchod\",\"item\":\"https:\/\/demostore.ai\/sk\/obchod\/\"},{\"@type\":\"ListItem\",\"position\":3,\"name\":\"Dentiste Plus Osvie\u017euj\u00faci Sprej na Dych\"}]},{\"@type\":\"WebSite\",\"@id\":\"https:\/\/demostore.ai\/sk\/#website\",\"url\":\"https:\/\/demostore.ai\/sk\/\",\"name\":\"Trendy Thread\",\"description\":\"Demo obchod WriteText.ai\",\"publisher\":{\"@id\":\"https:\/\/demostore.ai\/sk\/#organization\"},\"potentialAction\":[{\"@type\":\"SearchAction\",\"target\":{\"@type\":\"EntryPoint\",\"urlTemplate\":\"https:\/\/demostore.ai\/sk\/?s={search_term_string}\"},\"query-input\":{\"@type\":\"PropertyValueSpecification\",\"valueRequired\":true,\"valueName\":\"search_term_string\"}}],\"inLanguage\":\"sk-SK\"},{\"@type\":\"Organization\",\"@id\":\"https:\/\/demostore.ai\/sk\/#organization\",\"name\":\"WriteText.ai\",\"url\":\"https:\/\/demostore.ai\/sk\/\",\"logo\":{\"@type\":\"ImageObject\",\"inLanguage\":\"sk-SK\",\"@id\":\"https:\/\/demostore.ai\/sk\/#\/schema\/logo\/image\/\",\"url\":\"https:\/\/demostore.ai\/wp-content\/uploads\/2025\/10\/writetext_logo.webp\",\"contentUrl\":\"https:\/\/demostore.ai\/wp-content\/uploads\/2025\/10\/writetext_logo.webp\",\"width\":200,\"height\":34,\"caption\":\"WriteText.ai\"},\"image\":{\"@id\":\"https:\/\/demostore.ai\/sk\/#\/schema\/logo\/image\/\"}}]}<\/script>\n<!-- \/ Yoast SEO plugin. -->","yoast_head_json":{"title":"Objavte Dentiste Plus Osvie\u017euj\u00faci Sprej na Dych pre Svie\u017eos\u0165","description":"Neoby\u010dajne diskr\u00e9tny sprej pre okam\u017eit\u00e9 osvie\u017eenie dychu. Obsahuje xylitol, je bez cukru a vhodn\u00fd pre ka\u017edodenn\u00e9 pou\u017eitie aj na cest\u00e1ch.","robots":{"index":"index","follow":"follow","max-snippet":"max-snippet:-1","max-image-preview":"max-image-preview:large","max-video-preview":"max-video-preview:-1"},"canonical":"https:\/\/demostore.ai\/sk\/produkt\/dentiste-plus-osviezujuci-sprej-na-dych\/","og_type":"article","og_title":"Objavte Dentiste Plus Osvie\u017euj\u00faci Sprej na Dych pre Svie\u017eos\u0165","og_description":"V\u00fdnimo\u010dne praktick\u00fd \u00fastny sprej s xylitolom pre okam\u017eit\u00e9 a dlhodob\u00e9 osvie\u017eenie dychu. Modern\u00e9 cestovn\u00e9 balenie, pr\u00edrodn\u00e9 zlo\u017eenie a diskr\u00e9tne pou\u017eitie.","og_url":"https:\/\/demostore.ai\/sk\/produkt\/dentiste-plus-osviezujuci-sprej-na-dych\/","og_site_name":"Trendy Thread","article_modified_time":"2026-02-19T10:03:47+00:00","og_image":[{"width":380,"height":1000,"url":"https:\/\/demostore.ai\/wp-content\/uploads\/2025\/06\/Breathspray-1-scaled-1.png","type":"image\/png"}],"twitter_card":"summary_large_image","twitter_title":"Objavte Dentiste Plus Osvie\u017euj\u00faci Sprej na Dych pre Svie\u017eos\u0165","twitter_description":"V\u00fdnimo\u010dne praktick\u00fd \u00fastny sprej s xylitolom pre okam\u017eit\u00e9 a dlhodob\u00e9 osvie\u017eenie dychu. Modern\u00e9 cestovn\u00e9 balenie, pr\u00edrodn\u00e9 zlo\u017eenie a diskr\u00e9tne pou\u017eitie.","twitter_misc":{"Predpokladan\u00fd \u010das \u010d\u00edtania":"1 min\u00fata"},"schema":{"@context":"https:\/\/schema.org","@graph":[{"@type":"WebPage","@id":"https:\/\/demostore.ai\/sk\/produkt\/dentiste-plus-osviezujuci-sprej-na-dych\/","url":"https:\/\/demostore.ai\/sk\/produkt\/dentiste-plus-osviezujuci-sprej-na-dych\/","name":"Objavte Dentiste Plus Osvie\u017euj\u00faci Sprej na Dych pre Svie\u017eos\u0165","isPartOf":{"@id":"https:\/\/demostore.ai\/sk\/#website"},"primaryImageOfPage":{"@id":"https:\/\/demostore.ai\/sk\/produkt\/dentiste-plus-osviezujuci-sprej-na-dych\/#primaryimage"},"image":{"@id":"https:\/\/demostore.ai\/sk\/produkt\/dentiste-plus-osviezujuci-sprej-na-dych\/#primaryimage"},"thumbnailUrl":"https:\/\/demostore.ai\/wp-content\/uploads\/2025\/06\/Breathspray-1-scaled-1.png","datePublished":"2025-06-13T00:44:05+00:00","dateModified":"2026-02-19T10:03:47+00:00","description":"Neoby\u010dajne diskr\u00e9tny sprej pre okam\u017eit\u00e9 osvie\u017eenie dychu. Obsahuje xylitol, je bez cukru a vhodn\u00fd pre ka\u017edodenn\u00e9 pou\u017eitie aj na cest\u00e1ch.","breadcrumb":{"@id":"https:\/\/demostore.ai\/sk\/produkt\/dentiste-plus-osviezujuci-sprej-na-dych\/#breadcrumb"},"inLanguage":"sk-SK","potentialAction":[{"@type":"ReadAction","target":["https:\/\/demostore.ai\/sk\/produkt\/dentiste-plus-osviezujuci-sprej-na-dych\/"]}]},{"@type":"ImageObject","inLanguage":"sk-SK","@id":"https:\/\/demostore.ai\/sk\/produkt\/dentiste-plus-osviezujuci-sprej-na-dych\/#primaryimage","url":"https:\/\/demostore.ai\/wp-content\/uploads\/2025\/06\/Breathspray-1-scaled-1.png","contentUrl":"https:\/\/demostore.ai\/wp-content\/uploads\/2025\/06\/Breathspray-1-scaled-1.png","width":380,"height":1000,"caption":"Dentiste Plus Osvie\u017euj\u00faci Sprej na Dych, balenie s obr\u00e1zkom listov na etikete."},{"@type":"BreadcrumbList","@id":"https:\/\/demostore.ai\/sk\/produkt\/dentiste-plus-osviezujuci-sprej-na-dych\/#breadcrumb","itemListElement":[{"@type":"ListItem","position":1,"name":"Domov","item":"https:\/\/demostore.ai\/sk\/"},{"@type":"ListItem","position":2,"name":"Obchod","item":"https:\/\/demostore.ai\/sk\/obchod\/"},{"@type":"ListItem","position":3,"name":"Dentiste Plus Osvie\u017euj\u00faci Sprej na Dych"}]},{"@type":"WebSite","@id":"https:\/\/demostore.ai\/sk\/#website","url":"https:\/\/demostore.ai\/sk\/","name":"Trendy Thread","description":"Demo obchod WriteText.ai","publisher":{"@id":"https:\/\/demostore.ai\/sk\/#organization"},"potentialAction":[{"@type":"SearchAction","target":{"@type":"EntryPoint","urlTemplate":"https:\/\/demostore.ai\/sk\/?s={search_term_string}"},"query-input":{"@type":"PropertyValueSpecification","valueRequired":true,"valueName":"search_term_string"}}],"inLanguage":"sk-SK"},{"@type":"Organization","@id":"https:\/\/demostore.ai\/sk\/#organization","name":"WriteText.ai","url":"https:\/\/demostore.ai\/sk\/","logo":{"@type":"ImageObject","inLanguage":"sk-SK","@id":"https:\/\/demostore.ai\/sk\/#\/schema\/logo\/image\/","url":"https:\/\/demostore.ai\/wp-content\/uploads\/2025\/10\/writetext_logo.webp","contentUrl":"https:\/\/demostore.ai\/wp-content\/uploads\/2025\/10\/writetext_logo.webp","width":200,"height":34,"caption":"WriteText.ai"},"image":{"@id":"https:\/\/demostore.ai\/sk\/#\/schema\/logo\/image\/"}}]}},"_links":{"self":[{"href":"https:\/\/demostore.ai\/sk\/wp-json\/wp\/v2\/product\/35646","targetHints":{"allow":["GET"]}}],"collection":[{"href":"https:\/\/demostore.ai\/sk\/wp-json\/wp\/v2\/product"}],"about":[{"href":"https:\/\/demostore.ai\/sk\/wp-json\/wp\/v2\/types\/product"}],"replies":[{"embeddable":true,"href":"https:\/\/demostore.ai\/sk\/wp-json\/wp\/v2\/comments?post=35646"}],"wp:featuredmedia":[{"embeddable":true,"href":"https:\/\/demostore.ai\/sk\/wp-json\/wp\/v2\/media\/15937"}],"wp:attachment":[{"href":"https:\/\/demostore.ai\/sk\/wp-json\/wp\/v2\/media?parent=35646"}],"wp:term":[{"taxonomy":"product_brand","embeddable":true,"href":"https:\/\/demostore.ai\/sk\/wp-json\/wp\/v2\/product_brand?post=35646"},{"taxonomy":"product_cat","embeddable":true,"href":"https:\/\/demostore.ai\/sk\/wp-json\/wp\/v2\/product_cat?post=35646"},{"taxonomy":"product_tag","embeddable":true,"href":"https:\/\/demostore.ai\/sk\/wp-json\/wp\/v2\/product_tag?post=35646"}],"curies":[{"name":"wp","href":"https:\/\/api.w.org\/{rel}","templated":true}]}}