{"id":243929,"date":"2026-04-13T14:19:58","date_gmt":"2026-04-13T06:19:58","guid":{"rendered":"https:\/\/demostore.ai\/?post_type=product&#038;p=243929"},"modified":"2026-04-13T14:37:30","modified_gmt":"2026-04-13T06:37:30","slug":"playstation-5-slim-bundle-copy","status":"publish","type":"product","link":"https:\/\/demostore.ai\/sk\/produkt\/playstation-5-slim-bundle-copy\/","title":{"rendered":"PlayStation 5 Slim Bundle (Copy)"},"content":{"rendered":"<section data-wtai-block-id=\"wtai_product_description_features\" class=\"wtai-section wtai-features-section\">\n<h2>Hlavn\u00e9 prednosti produktu<\/h2>\n<ul>\n<li>Kompaktn\u00fd a \u0161t\u00edhly dizajn s modern\u00fdm vzh\u013eadom, ktor\u00fd \u0161etr\u00ed priestor a hod\u00ed sa do ka\u017edej dom\u00e1cnosti.<\/li>\n<li>Vysokov\u00fdkonn\u00fd hardv\u00e9r s 8-jadrov\u00fdm procesorom AMD Zen 2 a grafickou kartou RDNA 2 s v\u00fdkonom 10,28 TFLOPS.<\/li>\n<li>R\u00fdchly SSD disk s kapacitou 1 TB zabezpe\u010d\u00ed okam\u017eit\u00fd \u0161tart hier a ve\u013emi kr\u00e1tke na\u010d\u00edtanie.<\/li>\n<li>Dva bezdr\u00f4tov\u00e9 ovl\u00e1da\u010de DualSense s haptickou sp\u00e4tnou v\u00e4zbou a adapt\u00edvnymi triggermi pre realistickej\u0161\u00ed z\u00e1\u017eitok z hrania.<\/li>\n<li>Podpora hrania v rozl\u00ed\u0161en\u00ed 4K pri 120 Hz a 3D AudioTech zvuk pre maxim\u00e1lne pohltenie do hry.<\/li>\n<\/ul>\n<\/section>\n<div data-wtai-block-id=\"wtai_product_description_image_1753694476277\" class=\"wtai-section wtai-image_1753694476277-section\">\n<figure class=\"wtai-image-p wtai-align-center\" style=\"text-align:center\"><img decoding=\"async\" src=\"https:\/\/demostore.ai\/wp-content\/uploads\/2025\/06\/PS5-Console-2-scaled-1-600x833.png\" alt=\"PlayStation 5 Slim s dvomi ovl\u00e1da\u010dmi, bielym a \u010derven\u00fdm, zobrazen\u00e9 na produktovej str\u00e1nke.\" srcset=\"https:\/\/demostore.ai\/wp-content\/uploads\/2025\/06\/PS5-Console-2-scaled-1.png 720w, https:\/\/demostore.ai\/wp-content\/uploads\/2025\/06\/PS5-Console-2-scaled-1-216x300.png 216w, https:\/\/demostore.ai\/wp-content\/uploads\/2025\/06\/PS5-Console-2-scaled-1-600x833.png 600w\"><figcaption>\n<p>Modern\u00fd dizajn konzoly v elegantnej bielej farbe dop\u013a\u0148aj\u00fa dva gamepady v kontrastn\u00fdch odtie\u0148och.<\/p>\n<\/figcaption><\/figure>\n<\/p><\/div>\n<section data-wtai-block-id=\"wtai_product_description_advantages\" class=\"wtai-section wtai-advantages-section\">\n<h2>Pre\u010do sa oplat\u00ed vysk\u00fa\u0161a\u0165 PlayStation 5 Slim Bundle<\/h2>\n<p><em>V\u010faka \u0161t\u00edhlemu dizajnu m\u00f4\u017eete konzolu \u013eahko umiestni\u0165 aj do men\u0161ieho priestoru bez kompromisov vo v\u00fdkone.<\/em><\/p>\n<p><em>R\u00fdchly SSD disk zabezpe\u010d\u00ed okam\u017eit\u00fd pr\u00edstup k va\u0161im ob\u013e\u00faben\u00fdm hr\u00e1m a v\u00fdrazne skr\u00e1ti \u010dakanie na na\u010d\u00edtanie.<\/em><\/p>\n<p><em>Dva ovl\u00e1da\u010de v balen\u00ed umo\u017enia okam\u017eite za\u010da\u0165 multiplayer z\u00e1\u017eitky s rodinou alebo priate\u013emi.<\/em><\/p>\n<p><em>Podpora najnov\u0161\u00edch technol\u00f3gi\u00ed, ako s\u00fa 4K rozl\u00ed\u0161enie a 3D zvuk, pon\u00faka \u00faplne nov\u00fa \u00farove\u0148 vizu\u00e1lneho aj audio vnemu.<\/em><\/p>\n<p><em>Dlhodob\u00e1 kompatibilita s mno\u017estvom hier aj zo star\u0161ej gener\u00e1cie a mo\u017enos\u0165 digit\u00e1lneho aj fyzick\u00e9ho hrania pod\u013ea typu bundle.<\/em><\/p>\n<\/section>\n<section data-wtai-block-id=\"wtai_product_description_benefits\" class=\"wtai-section wtai-benefits-section\">\n<h3>V\u00fdhody pre va\u0161e hern\u00e9 z\u00e1\u017eitky<\/h3>\n<ul>\n<li>Probl\u00e9m s obmedzen\u00fdm miestom v ob\u00fdva\u010dke rie\u0161i ultra\u0161t\u00edhly dizajn konzoly.<\/li>\n<li>Rie\u0161enie pre dlh\u00e9 na\u010d\u00edtavacie \u010dasy v podobe superr\u00fdchleho SSD, ktor\u00fd zr\u00fdchli ka\u017ed\u00fa hru.<\/li>\n<li>Za\u010dnite spolo\u010dn\u00e9 hranie hne\u010f \u2013 dva ovl\u00e1da\u010de v balen\u00ed umo\u017e\u0148uj\u00fa okam\u017eit\u00e9 multiplayer turnaje alebo kooper\u00e1ciu.<\/li>\n<li>Modern\u00e9 technol\u00f3gie obrazu a zvuku pos\u00favaj\u00fa hern\u00e9 z\u00e1\u017eitky na nov\u00fa \u00farove\u0148 a vtiahnu v\u00e1s priamo do deja.<\/li>\n<\/ul>\n<\/section>\n<section data-wtai-block-id=\"wtai_product_description_use_cases\" class=\"wtai-section wtai-use_cases-section\">\n<h3>Ako PlayStation 5 Slim Bundle vyu\u017eijete<\/h3>\n<ol>\n<li>Dom\u00e1ce hranie najnov\u0161\u00edch AAA titulov vo vysokom rozl\u00ed\u0161en\u00ed s plynul\u00fdm obrazom.<\/li>\n<li>R\u00fdchle multiplayer stretnutia s priate\u013emi v\u010faka dvom ovl\u00e1da\u010dom bez nutnosti dokupovania \u010fal\u0161ieho pr\u00edslu\u0161enstva.<\/li>\n<li>Sledovanie filmov a streamovac\u00edch slu\u017eieb v kvalitnom 4K rozl\u00ed\u0161en\u00ed cez kompatibiln\u00e9 aplik\u00e1cie.<\/li>\n<li>Vytv\u00e1ranie rodinn\u00fdch alebo priate\u013esk\u00fdch hern\u00fdch ve\u010derov so \u0161irokou ponukou \u017e\u00e1nrov a mo\u017enost\u00ed.<\/li>\n<li>Jednoduch\u00e1 integr\u00e1cia do firemn\u00e9ho prostredia napr\u00edklad na teambuilding, relax v kancel\u00e1rii alebo prezent\u00e1cie s multimedi\u00e1lnym obsahom.<\/li>\n<\/ol>\n<\/section>\n<div data-wtai-block-id=\"wtai_product_description_image_1\" class=\"wtai-section wtai-image_1-section\">\n<figure class=\"wtai-image-p wtai-align-center\" style=\"text-align:center\"><img decoding=\"async\" src=\"https:\/\/demostore.ai\/wp-content\/uploads\/2025\/06\/PS5-Console-1-scaled-1-600x833.png\" alt=\"PlayStation 5 Slim s dvoma ovl\u00e1da\u010dmi, bielym a \u010derven\u00fdm, na produktovej str\u00e1nke bal\u00ed\u010dka.\" srcset=\"https:\/\/demostore.ai\/wp-content\/uploads\/2025\/06\/PS5-Console-1-scaled-1.png 720w, https:\/\/demostore.ai\/wp-content\/uploads\/2025\/06\/PS5-Console-1-scaled-1-216x300.png 216w, https:\/\/demostore.ai\/wp-content\/uploads\/2025\/06\/PS5-Console-1-scaled-1-600x833.png 600w\"><\/figure>\n<\/p><\/div>\n<section data-wtai-block-id=\"wtai_product_description_technical_specifications\" class=\"wtai-section wtai-technical_specifications-section\">\n<h2>Technick\u00e9 \u0161pecifik\u00e1cie<\/h2>\n<ul>\n<li><strong>Procesor:<\/strong> 8-jadrov\u00fd AMD Zen 2 3,50 GHz<\/li>\n<li><strong>Grafika:<\/strong> AMD RDNA 2, 10,28 TFLOPS<\/li>\n<li><strong>Opera\u010dn\u00e1 pam\u00e4\u0165:<\/strong> 16 GB GDDR6<\/li>\n<li><strong>\u00dalo\u017eisko:<\/strong> 1 TB SSD<\/li>\n<li><strong>Podpora rozl\u00ed\u0161enia:<\/strong> a\u017e 4K pri 120 Hz<\/li>\n<li><strong>Zvuk:<\/strong> Tempest 3D AudioTech<\/li>\n<li><strong>Ovl\u00e1da\u010d:<\/strong> 2\u00d7 DualSense Wireless Controller<\/li>\n<li><strong>Diskov\u00e1 mechanika:<\/strong> verzia s alebo bez 4K Ultra HD Blu-ray (pod\u013ea balenia)<\/li>\n<li><strong>Pripojite\u013enos\u0165:<\/strong> Wi-Fi 6, Bluetooth 5.1, Ethernet<\/li>\n<li><strong>Porty:<\/strong> 2\u00d7 USB-C (predn\u00e9), 2\u00d7 USB-A (zadn\u00e9), HDMI 2.1<\/li>\n<li><strong>Rozmery:<\/strong> 358 \u00d7 96 \u00d7 216 mm<\/li>\n<li><strong>Hmotnos\u0165:<\/strong> Digit\u00e1lny model 2 600 g, diskov\u00fd model 3 200 g<\/li>\n<li><strong>Kompatibilita:<\/strong> PS5 a PS4 hry, sp\u00e4tn\u00e1 kompatibilita vybran\u00fdch titulov<\/li>\n<li><strong>Nap\u00e1janie:<\/strong> AC 100\u2013240 V, spotreba max. 340 W<\/li>\n<li><strong>S\u00fa\u010das\u0165 balenia:<\/strong> Konzola, 2 ovl\u00e1da\u010de DualSense, nap\u00e1jac\u00ed a HDMI k\u00e1bel<\/li>\n<\/ul>\n<\/section>\n<div data-wtai-block-id=\"wtai_product_description_image_1753694484745\" class=\"wtai-section wtai-image_1753694484745-section\">\n<figure class=\"wtai-image-p wtai-align-center\" style=\"text-align:center\"><img decoding=\"async\" src=\"https:\/\/demostore.ai\/wp-content\/uploads\/2025\/06\/PS5-Console-3-scaled-1-600x600.png\" alt=\"Detailn\u00fd poh\u013ead na predn\u00fa \u010das\u0165 hernej konzoly PlayStation 5 Slim Bundle s logom PlayStation.\" srcset=\"https:\/\/demostore.ai\/wp-content\/uploads\/2025\/06\/PS5-Console-3-scaled-1.png 1000w, https:\/\/demostore.ai\/wp-content\/uploads\/2025\/06\/PS5-Console-3-scaled-1-300x300.png 300w, https:\/\/demostore.ai\/wp-content\/uploads\/2025\/06\/PS5-Console-3-scaled-1-150x150.png 150w, https:\/\/demostore.ai\/wp-content\/uploads\/2025\/06\/PS5-Console-3-scaled-1-768x768.png 768w, https:\/\/demostore.ai\/wp-content\/uploads\/2025\/06\/PS5-Console-3-scaled-1-600x600.png 600w, https:\/\/demostore.ai\/wp-content\/uploads\/2025\/06\/PS5-Console-3-scaled-1-250x250.png 250w\"><figcaption>\n<p>Detailn\u00fd poh\u013ead na vrchn\u00fa \u010das\u0165 zv\u00fdraz\u0148uje matn\u00fd povrch a kvalitn\u00e9 spracovanie.<\/p>\n<\/figcaption><\/figure>\n<\/p><\/div>\n<section data-wtai-block-id=\"wtai_product_description_faqs\" class=\"wtai-section wtai-faqs-section\">\n<h2>Naj\u010dastej\u0161ie ot\u00e1zky<\/h2>\n<p><strong>Je PlayStation 5 Slim Bundle plnohodnotn\u00fd oproti p\u00f4vodnej PS5?<\/strong> <br \/> \u00c1no, m\u00e1 rovnak\u00fd v\u00fdkon a funkcie ako p\u00f4vodn\u00e1 PS5, l\u00ed\u0161i sa len men\u0161\u00edmi rozmermi a hmotnos\u0165ou.<\/p>\n<p><strong>Podporuj\u00fa oba ovl\u00e1da\u010de pripojenie s\u00fa\u010dasne?<\/strong> <br \/> \u00c1no, oba bezdr\u00f4tov\u00e9 ovl\u00e1da\u010de DualSense m\u00f4\u017eu by\u0165 pou\u017e\u00edvan\u00e9 z\u00e1rove\u0148 na jednej konzole.<\/p>\n<p><strong>Ak\u00e1 je re\u00e1lna kapacita \u00falo\u017eiska dostupn\u00e1 pre hry?<\/strong> <br \/> Re\u00e1lne je pre hry dostupn\u00fdch pribli\u017ene 667 GB z celkov\u00e9ho 1 TB SSD \u00falo\u017eiska.<\/p>\n<p><strong>Ak\u00e9 hry m\u00f4\u017eem na konzole hra\u0165?<\/strong> <br \/> Konzola podporuje v\u0161etky PS5 tituly a v\u00e4\u010d\u0161inu hier pre PS4. Zoznam podporovan\u00fdch titulov n\u00e1jdete na ofici\u00e1lnych str\u00e1nkach PlayStation.<\/p>\n<p><strong>D\u00e1 sa diskov\u00e1 mechanika dok\u00fapi\u0165 dodato\u010dne?<\/strong> <br \/> \u00c1no, pre digit\u00e1lnu verziu modelu je mo\u017en\u00e9 dok\u00fapi\u0165 extern\u00fa 4K Ultra HD Blu-ray mechaniku.<\/p>\n<\/section>\n<div data-wtai-block-id=\"wtai_product_description_conclusion\" class=\"wtai-section wtai-conclusion-section\">\n<p><strong>PlayStation 5 Slim Bundle pos\u00fava hranie do modern\u00fdch rozmerov v\u010faka \u0161t\u00edhlemu telu, \u0161pi\u010dkov\u00e9mu v\u00fdkonu aj vybaveniu dvoch ovl\u00e1da\u010dov.<\/strong> <strong>Vyberte si hern\u00fa konzolu, ktor\u00e1 zvl\u00e1dne ak\u00fdko\u013evek \u017e\u00e1ner, prisp\u00f4sob\u00ed sa va\u0161ej dom\u00e1cnosti a ste pripraven\u00ed na kvalitn\u00fa z\u00e1bavu u\u017e dnes.<\/strong><\/p>\n<\/p><\/div>\n","protected":false},"excerpt":{"rendered":"<div data-wtai-block-id=\"wtai_excerpt_subtitle\" class=\"wtai-section wtai-subtitle-section\">\n<p><em><strong>Elegantn\u00e1 konzola, ktor\u00e1 pos\u00fava hranie aj z\u00e1bavu na nov\u00fa \u00farove\u0148<\/strong><\/em><\/p>\n<\/p><\/div>\n<div data-wtai-block-id=\"wtai_excerpt_introduction\" class=\"wtai-section wtai-introduction-section\">\n<p>Takto vyzer\u00e1 modern\u00e9 stredisko z\u00e1bavy a hern\u00fdch z\u00e1\u017eitkov. T\u00e1to kompaktn\u00e1 konzola s charakteristick\u00fdm \u010dist\u00fdm dizajnom je navrhnut\u00e1 tak, aby zapadla do ka\u017ed\u00e9ho interi\u00e9ru a z\u00e1rove\u0148 poskytla maxim\u00e1lny v\u00fdkon. Ovl\u00e1da\u010de DualSense umo\u017e\u0148uj\u00fa pohlcuj\u00face a presn\u00e9 ovl\u00e1danie, ktor\u00e9 ocen\u00ed\u0161 pri akomko\u013evek \u0161t\u00fdle hry \u010di pri spolo\u010dnom hran\u00ed s priate\u013emi. V\u00fdrazn\u00e9 farebn\u00e9 prevedenie a spo\u013eahlivos\u0165 zabezpe\u010dia hladk\u00fd z\u00e1\u017eitok bez ru\u0161iv\u00fdch prvkov. Hern\u00e9 ve\u010dery \u010di oddych po pr\u00e1ci tak bud\u00fa v\u017edy pod tvojou kontrolou \u2013 jednoducho, efekt\u00edvne a pod\u013ea tvojich predst\u00e1v.<\/p>\n<\/p><\/div>\n","protected":false},"featured_media":243988,"comment_status":"open","ping_status":"closed","template":"","meta":[],"product_brand":[],"product_cat":[217],"product_tag":[],"class_list":{"0":"post-243929","1":"product","2":"type-product","3":"status-publish","4":"has-post-thumbnail","6":"product_cat-elektronika-sk","8":"first","9":"instock","10":"shipping-taxable","11":"purchasable","12":"product-type-simple"},"bundled_by":["243957"],"bundle_stock_status":"instock","bundle_stock_quantity":null,"bundle_virtual":false,"bundle_layout":"","bundle_add_to_cart_form_location":"","bundle_editable_in_cart":false,"bundle_sold_individually_context":"","bundle_item_grouping":"","bundle_min_size":"","bundle_max_size":"","bundle_price":[],"bundled_items":[],"bundle_sell_ids":[],"yoast_head":"<!-- This site is optimized with the Yoast SEO plugin v25.2 - https:\/\/yoast.com\/wordpress\/plugins\/seo\/ -->\n<title>Objav PlayStation 5 Slim Bundle Pre Nov\u00fa Gener\u00e1ciu Hier<\/title>\n<meta name=\"description\" content=\"Dokonal\u00e1 kombin\u00e1cia v\u00fdkonu a dizajnu. PlayStation 5 Slim Bundle s dvoma ovl\u00e1da\u010dmi poskytuje r\u00fdchle hranie v rozl\u00ed\u0161en\u00ed 4K a pohlcuj\u00faci z\u00e1\u017eitok doma.\" \/>\n<meta name=\"robots\" content=\"index, follow, max-snippet:-1, max-image-preview:large, max-video-preview:-1\" \/>\n<link rel=\"canonical\" href=\"https:\/\/demostore.ai\/sk\/produkt\/playstation-5-slim-bundle-copy\/\" \/>\n<meta property=\"og:type\" content=\"article\" \/>\n<meta property=\"og:title\" content=\"Objav PlayStation 5 Slim Bundle Pre Nov\u00fa Gener\u00e1ciu Hier\" \/>\n<meta property=\"og:description\" content=\"Najnov\u0161ia gener\u00e1cia konzol v \u0161t\u00edhlom preveden\u00ed. PlayStation 5 Slim Bundle s dvoma ovl\u00e1da\u010dmi pon\u00faka super r\u00fdchle SSD, 4K hranie a okam\u017eit\u00e9 multiplayer z\u00e1\u017eitky pre ka\u017ed\u00e9ho.\" \/>\n<meta property=\"og:url\" content=\"https:\/\/demostore.ai\/sk\/produkt\/playstation-5-slim-bundle-copy\/\" \/>\n<meta property=\"og:site_name\" content=\"Trendy Thread\" \/>\n<meta property=\"article:modified_time\" content=\"2026-04-13T06:37:30+00:00\" \/>\n<meta property=\"og:image\" content=\"https:\/\/demostore.ai\/wp-content\/uploads\/2025\/06\/PS5-Console-1-scaled-1.png\" \/>\n\t<meta property=\"og:image:width\" content=\"720\" \/>\n\t<meta property=\"og:image:height\" content=\"1000\" \/>\n\t<meta property=\"og:image:type\" content=\"image\/png\" \/>\n<meta name=\"twitter:card\" content=\"summary_large_image\" \/>\n<meta name=\"twitter:title\" content=\"Objav PlayStation 5 Slim Bundle Pre Nov\u00fa Gener\u00e1ciu Hier\" \/>\n<meta name=\"twitter:description\" content=\"Najnov\u0161ia gener\u00e1cia konzol v \u0161t\u00edhlom preveden\u00ed. PlayStation 5 Slim Bundle s dvoma ovl\u00e1da\u010dmi pon\u00faka super r\u00fdchle SSD, 4K hranie a okam\u017eit\u00e9 multiplayer z\u00e1\u017eitky pre ka\u017ed\u00e9ho.\" \/>\n<meta name=\"twitter:label1\" content=\"Predpokladan\u00fd \u010das \u010d\u00edtania\" \/>\n\t<meta name=\"twitter:data1\" content=\"1 min\u00fata\" \/>\n<script type=\"application\/ld+json\" class=\"yoast-schema-graph\">{\"@context\":\"https:\/\/schema.org\",\"@graph\":[{\"@type\":\"WebPage\",\"@id\":\"https:\/\/demostore.ai\/sk\/produkt\/playstation-5-slim-bundle-copy\/\",\"url\":\"https:\/\/demostore.ai\/sk\/produkt\/playstation-5-slim-bundle-copy\/\",\"name\":\"Objav PlayStation 5 Slim Bundle Pre Nov\u00fa Gener\u00e1ciu Hier\",\"isPartOf\":{\"@id\":\"https:\/\/demostore.ai\/sk\/#website\"},\"primaryImageOfPage\":{\"@id\":\"https:\/\/demostore.ai\/sk\/produkt\/playstation-5-slim-bundle-copy\/#primaryimage\"},\"image\":{\"@id\":\"https:\/\/demostore.ai\/sk\/produkt\/playstation-5-slim-bundle-copy\/#primaryimage\"},\"thumbnailUrl\":\"https:\/\/demostore.ai\/wp-content\/uploads\/2026\/04\/PS5-Slim-1-scaled-1.png\",\"datePublished\":\"2026-04-13T06:19:58+00:00\",\"dateModified\":\"2026-04-13T06:37:30+00:00\",\"description\":\"Dokonal\u00e1 kombin\u00e1cia v\u00fdkonu a dizajnu. PlayStation 5 Slim Bundle s dvoma ovl\u00e1da\u010dmi poskytuje r\u00fdchle hranie v rozl\u00ed\u0161en\u00ed 4K a pohlcuj\u00faci z\u00e1\u017eitok doma.\",\"breadcrumb\":{\"@id\":\"https:\/\/demostore.ai\/sk\/produkt\/playstation-5-slim-bundle-copy\/#breadcrumb\"},\"inLanguage\":\"sk-SK\",\"potentialAction\":[{\"@type\":\"ReadAction\",\"target\":[\"https:\/\/demostore.ai\/sk\/produkt\/playstation-5-slim-bundle-copy\/\"]}]},{\"@type\":\"ImageObject\",\"inLanguage\":\"sk-SK\",\"@id\":\"https:\/\/demostore.ai\/sk\/produkt\/playstation-5-slim-bundle-copy\/#primaryimage\",\"url\":\"https:\/\/demostore.ai\/wp-content\/uploads\/2026\/04\/PS5-Slim-1-scaled-1.png\",\"contentUrl\":\"https:\/\/demostore.ai\/wp-content\/uploads\/2026\/04\/PS5-Slim-1-scaled-1.png\",\"width\":720,\"height\":1000},{\"@type\":\"BreadcrumbList\",\"@id\":\"https:\/\/demostore.ai\/sk\/produkt\/playstation-5-slim-bundle-copy\/#breadcrumb\",\"itemListElement\":[{\"@type\":\"ListItem\",\"position\":1,\"name\":\"Domov\",\"item\":\"https:\/\/demostore.ai\/sk\/\"},{\"@type\":\"ListItem\",\"position\":2,\"name\":\"Obchod\",\"item\":\"https:\/\/demostore.ai\/sk\/obchod\/\"},{\"@type\":\"ListItem\",\"position\":3,\"name\":\"PlayStation 5 Slim Bundle (Copy)\"}]},{\"@type\":\"WebSite\",\"@id\":\"https:\/\/demostore.ai\/sk\/#website\",\"url\":\"https:\/\/demostore.ai\/sk\/\",\"name\":\"Trendy Thread\",\"description\":\"Demo obchod WriteText.ai\",\"publisher\":{\"@id\":\"https:\/\/demostore.ai\/sk\/#organization\"},\"potentialAction\":[{\"@type\":\"SearchAction\",\"target\":{\"@type\":\"EntryPoint\",\"urlTemplate\":\"https:\/\/demostore.ai\/sk\/?s={search_term_string}\"},\"query-input\":{\"@type\":\"PropertyValueSpecification\",\"valueRequired\":true,\"valueName\":\"search_term_string\"}}],\"inLanguage\":\"sk-SK\"},{\"@type\":\"Organization\",\"@id\":\"https:\/\/demostore.ai\/sk\/#organization\",\"name\":\"WriteText.ai\",\"url\":\"https:\/\/demostore.ai\/sk\/\",\"logo\":{\"@type\":\"ImageObject\",\"inLanguage\":\"sk-SK\",\"@id\":\"https:\/\/demostore.ai\/sk\/#\/schema\/logo\/image\/\",\"url\":\"https:\/\/demostore.ai\/wp-content\/uploads\/2025\/10\/writetext_logo.webp\",\"contentUrl\":\"https:\/\/demostore.ai\/wp-content\/uploads\/2025\/10\/writetext_logo.webp\",\"width\":200,\"height\":34,\"caption\":\"WriteText.ai\"},\"image\":{\"@id\":\"https:\/\/demostore.ai\/sk\/#\/schema\/logo\/image\/\"}}]}<\/script>\n<!-- \/ Yoast SEO plugin. -->","yoast_head_json":{"title":"Objav PlayStation 5 Slim Bundle Pre Nov\u00fa Gener\u00e1ciu Hier","description":"Dokonal\u00e1 kombin\u00e1cia v\u00fdkonu a dizajnu. PlayStation 5 Slim Bundle s dvoma ovl\u00e1da\u010dmi poskytuje r\u00fdchle hranie v rozl\u00ed\u0161en\u00ed 4K a pohlcuj\u00faci z\u00e1\u017eitok doma.","robots":{"index":"index","follow":"follow","max-snippet":"max-snippet:-1","max-image-preview":"max-image-preview:large","max-video-preview":"max-video-preview:-1"},"canonical":"https:\/\/demostore.ai\/sk\/produkt\/playstation-5-slim-bundle-copy\/","og_type":"article","og_title":"Objav PlayStation 5 Slim Bundle Pre Nov\u00fa Gener\u00e1ciu Hier","og_description":"Najnov\u0161ia gener\u00e1cia konzol v \u0161t\u00edhlom preveden\u00ed. PlayStation 5 Slim Bundle s dvoma ovl\u00e1da\u010dmi pon\u00faka super r\u00fdchle SSD, 4K hranie a okam\u017eit\u00e9 multiplayer z\u00e1\u017eitky pre ka\u017ed\u00e9ho.","og_url":"https:\/\/demostore.ai\/sk\/produkt\/playstation-5-slim-bundle-copy\/","og_site_name":"Trendy Thread","article_modified_time":"2026-04-13T06:37:30+00:00","og_image":[{"width":720,"height":1000,"url":"https:\/\/demostore.ai\/wp-content\/uploads\/2025\/06\/PS5-Console-1-scaled-1.png","type":"image\/png"}],"twitter_card":"summary_large_image","twitter_title":"Objav PlayStation 5 Slim Bundle Pre Nov\u00fa Gener\u00e1ciu Hier","twitter_description":"Najnov\u0161ia gener\u00e1cia konzol v \u0161t\u00edhlom preveden\u00ed. PlayStation 5 Slim Bundle s dvoma ovl\u00e1da\u010dmi pon\u00faka super r\u00fdchle SSD, 4K hranie a okam\u017eit\u00e9 multiplayer z\u00e1\u017eitky pre ka\u017ed\u00e9ho.","twitter_misc":{"Predpokladan\u00fd \u010das \u010d\u00edtania":"1 min\u00fata"},"schema":{"@context":"https:\/\/schema.org","@graph":[{"@type":"WebPage","@id":"https:\/\/demostore.ai\/sk\/produkt\/playstation-5-slim-bundle-copy\/","url":"https:\/\/demostore.ai\/sk\/produkt\/playstation-5-slim-bundle-copy\/","name":"Objav PlayStation 5 Slim Bundle Pre Nov\u00fa Gener\u00e1ciu Hier","isPartOf":{"@id":"https:\/\/demostore.ai\/sk\/#website"},"primaryImageOfPage":{"@id":"https:\/\/demostore.ai\/sk\/produkt\/playstation-5-slim-bundle-copy\/#primaryimage"},"image":{"@id":"https:\/\/demostore.ai\/sk\/produkt\/playstation-5-slim-bundle-copy\/#primaryimage"},"thumbnailUrl":"https:\/\/demostore.ai\/wp-content\/uploads\/2026\/04\/PS5-Slim-1-scaled-1.png","datePublished":"2026-04-13T06:19:58+00:00","dateModified":"2026-04-13T06:37:30+00:00","description":"Dokonal\u00e1 kombin\u00e1cia v\u00fdkonu a dizajnu. PlayStation 5 Slim Bundle s dvoma ovl\u00e1da\u010dmi poskytuje r\u00fdchle hranie v rozl\u00ed\u0161en\u00ed 4K a pohlcuj\u00faci z\u00e1\u017eitok doma.","breadcrumb":{"@id":"https:\/\/demostore.ai\/sk\/produkt\/playstation-5-slim-bundle-copy\/#breadcrumb"},"inLanguage":"sk-SK","potentialAction":[{"@type":"ReadAction","target":["https:\/\/demostore.ai\/sk\/produkt\/playstation-5-slim-bundle-copy\/"]}]},{"@type":"ImageObject","inLanguage":"sk-SK","@id":"https:\/\/demostore.ai\/sk\/produkt\/playstation-5-slim-bundle-copy\/#primaryimage","url":"https:\/\/demostore.ai\/wp-content\/uploads\/2026\/04\/PS5-Slim-1-scaled-1.png","contentUrl":"https:\/\/demostore.ai\/wp-content\/uploads\/2026\/04\/PS5-Slim-1-scaled-1.png","width":720,"height":1000},{"@type":"BreadcrumbList","@id":"https:\/\/demostore.ai\/sk\/produkt\/playstation-5-slim-bundle-copy\/#breadcrumb","itemListElement":[{"@type":"ListItem","position":1,"name":"Domov","item":"https:\/\/demostore.ai\/sk\/"},{"@type":"ListItem","position":2,"name":"Obchod","item":"https:\/\/demostore.ai\/sk\/obchod\/"},{"@type":"ListItem","position":3,"name":"PlayStation 5 Slim Bundle (Copy)"}]},{"@type":"WebSite","@id":"https:\/\/demostore.ai\/sk\/#website","url":"https:\/\/demostore.ai\/sk\/","name":"Trendy Thread","description":"Demo obchod WriteText.ai","publisher":{"@id":"https:\/\/demostore.ai\/sk\/#organization"},"potentialAction":[{"@type":"SearchAction","target":{"@type":"EntryPoint","urlTemplate":"https:\/\/demostore.ai\/sk\/?s={search_term_string}"},"query-input":{"@type":"PropertyValueSpecification","valueRequired":true,"valueName":"search_term_string"}}],"inLanguage":"sk-SK"},{"@type":"Organization","@id":"https:\/\/demostore.ai\/sk\/#organization","name":"WriteText.ai","url":"https:\/\/demostore.ai\/sk\/","logo":{"@type":"ImageObject","inLanguage":"sk-SK","@id":"https:\/\/demostore.ai\/sk\/#\/schema\/logo\/image\/","url":"https:\/\/demostore.ai\/wp-content\/uploads\/2025\/10\/writetext_logo.webp","contentUrl":"https:\/\/demostore.ai\/wp-content\/uploads\/2025\/10\/writetext_logo.webp","width":200,"height":34,"caption":"WriteText.ai"},"image":{"@id":"https:\/\/demostore.ai\/sk\/#\/schema\/logo\/image\/"}}]}},"_links":{"self":[{"href":"https:\/\/demostore.ai\/sk\/wp-json\/wp\/v2\/product\/243929","targetHints":{"allow":["GET"]}}],"collection":[{"href":"https:\/\/demostore.ai\/sk\/wp-json\/wp\/v2\/product"}],"about":[{"href":"https:\/\/demostore.ai\/sk\/wp-json\/wp\/v2\/types\/product"}],"replies":[{"embeddable":true,"href":"https:\/\/demostore.ai\/sk\/wp-json\/wp\/v2\/comments?post=243929"}],"wp:featuredmedia":[{"embeddable":true,"href":"https:\/\/demostore.ai\/sk\/wp-json\/wp\/v2\/media\/243988"}],"wp:attachment":[{"href":"https:\/\/demostore.ai\/sk\/wp-json\/wp\/v2\/media?parent=243929"}],"wp:term":[{"taxonomy":"product_brand","embeddable":true,"href":"https:\/\/demostore.ai\/sk\/wp-json\/wp\/v2\/product_brand?post=243929"},{"taxonomy":"product_cat","embeddable":true,"href":"https:\/\/demostore.ai\/sk\/wp-json\/wp\/v2\/product_cat?post=243929"},{"taxonomy":"product_tag","embeddable":true,"href":"https:\/\/demostore.ai\/sk\/wp-json\/wp\/v2\/product_tag?post=243929"}],"curies":[{"name":"wp","href":"https:\/\/api.w.org\/{rel}","templated":true}]}}