{"id":37944,"date":"2025-06-16T07:23:39","date_gmt":"2025-06-15T23:23:39","guid":{"rendered":"https:\/\/demostore.ai\/?post_type=product&#038;p=37944"},"modified":"2026-02-20T02:41:23","modified_gmt":"2026-02-19T18:41:23","slug":"hm-hanorac-cu-fermuar","status":"publish","type":"product","link":"https:\/\/demostore.ai\/ro\/produs\/hm-hanorac-cu-fermuar\/","title":{"rendered":"H&#038;M Hanorac cu Fermuar"},"content":{"rendered":"<section data-wtai-block-id=\"wtai_product_description_features\" class=\"wtai-section wtai-features-section\">\n<h2>Detalii Produs<\/h2>\n<ul>\n<li>Fabricat dintr-un <strong>material moale din bumbac<\/strong> pentru o senza\u021bie confortabil\u0103 la purtare.<\/li>\n<li>Dotat cu un <strong>fermoar frontal rezistent<\/strong> pentru o \u00eembr\u0103care rapid\u0103 \u0219i u\u0219oar\u0103.<\/li>\n<li>Dispune de <strong>glug\u0103 ajustabil\u0103 cu \u0219nur<\/strong> pentru protec\u021bie suplimentar\u0103.<\/li>\n<li>Are <strong>buzunare laterale spa\u021bioase<\/strong> pentru depozitare practic\u0103 sau \u00eenc\u0103lzirea m\u00e2inilor.<\/li>\n<li>M\u00e2neci cu <strong>man\u0219ete elastice<\/strong> care men\u021bin hanoracul bine fixat pe corp.<\/li>\n<li>Croial\u0103 <strong>lejer\u0103 \u0219i modern\u0103<\/strong> potrivit\u0103 pentru orice tip de siluet\u0103.<\/li>\n<li>Disponibil \u00eentr-o <strong>nuan\u021b\u0103 gri versatil\u0103 \u0219i u\u0219or de asortat<\/strong>.<\/li>\n<li>Cus\u0103turi robuste pentru <strong>durabilitate sporit\u0103<\/strong> la utilizare frecvent\u0103.<\/li>\n<li>Design minimalist, ideal pentru <strong>stiluri casual sau sport<\/strong>.<\/li>\n<\/ul>\n<\/section>\n<div data-wtai-block-id=\"wtai_product_description_image_1753694415199\" class=\"wtai-section wtai-image_1753694415199-section\">\n<figure class=\"wtai-image-p wtai-align-center\" style=\"text-align:center\"><img decoding=\"async\" src=\"https:\/\/demostore.ai\/wp-content\/uploads\/2025\/06\/Branded-hoodie-2-scaled-1-600x738.png\" alt=\"Hanorac cu fermuar H&amp;M, gri, v\u0103zut din spate, cu glug\u0103 \u0219i m\u00e2neci lungi.\" srcset=\"https:\/\/demostore.ai\/wp-content\/uploads\/2025\/06\/Branded-hoodie-2-scaled-1.png 813w, https:\/\/demostore.ai\/wp-content\/uploads\/2025\/06\/Branded-hoodie-2-scaled-1-244x300.png 244w, https:\/\/demostore.ai\/wp-content\/uploads\/2025\/06\/Branded-hoodie-2-scaled-1-768x945.png 768w, https:\/\/demostore.ai\/wp-content\/uploads\/2025\/06\/Branded-hoodie-2-scaled-1-600x738.png 600w\"><figcaption>\n<p>Textura melanj gri aduce un vibe casual, potrivit pentru orice plan spontan.<\/p>\n<\/figcaption><\/figure>\n<\/p><\/div>\n<section data-wtai-block-id=\"wtai_product_description_benefits\" class=\"wtai-section wtai-benefits-section\">\n<h2>De ce \u00eel vei iubi<\/h2>\n<ul>\n<li>Te bucuri de confort maxim, indiferent dac\u0103 e\u0219ti \u00een mi\u0219care, la \u0219coal\u0103 sau acas\u0103.<\/li>\n<li>Rezolvi rapid dilemma temperaturii, datorit\u0103 glugii \u0219i fermoarului ajustabil.<\/li>\n<li>Nu mai cau\u021bi unde s\u0103-\u021bi pui telefonul sau cheile cu buzunarele practice mereu la \u00eendem\u00e2n\u0103.<\/li>\n<li>\u00cel po\u021bi purta f\u0103r\u0103 griji zi de zi, materialul \u0219i cus\u0103turile rezist\u00e2nd la purt\u0103ri repetate \u0219i sp\u0103l\u0103ri frecvente.<\/li>\n<li>Sim\u021bi mereu libertate de mi\u0219care, croiala relaxat\u0103 adapt\u00e2ndu-se cu u\u0219urin\u021b\u0103 oric\u0103rui stil sau activitate.<\/li>\n<\/ul>\n<\/section>\n<section data-wtai-block-id=\"wtai_product_description_use_cases\" class=\"wtai-section wtai-use_cases-section\">\n<h2>Unde \u00eel por\u021bi<\/h2>\n<p>Hanoracul se potrive\u0219te perfect la ie\u0219iri casual cu prietenii sau plimb\u0103ri \u00een ora\u0219 atunci c\u00e2nd vrei confort f\u0103r\u0103 compromisuri de stil. Arat\u0103 excelent combinat cu blugi, pantaloni sport sau chiar peste un tricou simplu pentru un look relaxat. Poate fi purtat la sal\u0103, la \u0219coal\u0103, la birou sau \u00een week-end, fiind mereu alegerea practic\u0103 \u0219i trendy.<\/p>\n<\/section>\n<section data-wtai-block-id=\"wtai_product_description_custom_1754271650908\" class=\"wtai-section wtai-custom_1754271650908-section\">\n<h2>Instruc\u021biuni de \u00eentre\u021binere pentru Hanoracul cu Fermuar H&amp;M<\/h2>\n<ul>\n<li>Spal\u0103 la ma\u0219in\u0103 pe dos, la maximum 30\u00b0C, cu fermoarul tras \u0219i culori similare.<\/li>\n<li>Usuc\u0103 pe o suprafa\u021b\u0103 plat\u0103, departe de soare puternic, evit\u0103 stoarcerea agresiv\u0103.<\/li>\n<li>Dac\u0103 e nevoie, calc\u0103 la temperatur\u0103 joas\u0103, pe dos, f\u0103r\u0103 s\u0103 atingi fermoarul sau buzunarele.<\/li>\n<li>Depoziteaz\u0103 hanoracul \u00eemp\u0103turit, \u00eentr-un loc uscat, pentru a preveni deformarea sau \u00eentinderea.<\/li>\n<li>Nu folosi \u00een\u0103lbitor, nu pune pe calorifer \u0219i evit\u0103 uscarea \u00een usc\u0103tor automat.<\/li>\n<\/ul>\n<\/section>\n<section data-wtai-block-id=\"wtai_product_description_custom_1754281021097\" class=\"wtai-section wtai-custom_1754281021097-section\">\n<h2>Sustenabilitate Hanorac cu Fermuar H&amp;M \u2013 Materiale, Componente \u0219i Ambalaj<\/h2>\n<h3>Materiale<\/h3>\n<ul>\n<li>Bumbac organic \u0219i poliester reciclat folosite pentru reducerea amprentei ecologice<\/li>\n<li>Materialele provin par\u021bial din surse certificate pentru sustenabilitate<\/li>\n<li>F\u0103r\u0103 l\u00e2n\u0103 mulesedat\u0103, conform angajamentelor H&amp;M pentru 2025<\/li>\n<\/ul>\n<h3>Componente<\/h3>\n<ul>\n<li>Fermoar metalic selectat pentru durabilitate \u0219i reciclare facil\u0103<\/li>\n<li>Eticheta \u0219i cus\u0103turile din materiale reciclate acolo unde este posibil<\/li>\n<li>Toate componentele respect\u0103 standarde stricte pentru reducerea impactului<\/li>\n<\/ul>\n<h3>Ambalaj<\/h3>\n<ul>\n<li>Ambalaje realizate doar din materiale reciclabile sau reciclate<\/li>\n<li>Pungi \u0219i cutii f\u0103r\u0103 plastic nereciclabil, conform politicilor H&amp;M<\/li>\n<li>Obiectiv: 100% ambalaj sustenabil p\u00e2n\u0103 \u00een 2030<\/li>\n<\/ul>\n<\/section>\n<div data-wtai-block-id=\"wtai_product_description_image_1753694424568\" class=\"wtai-section wtai-image_1753694424568-section\">\n<figure class=\"wtai-image-p wtai-align-center\" style=\"text-align:center\"><img decoding=\"async\" src=\"https:\/\/demostore.ai\/wp-content\/uploads\/2025\/06\/Branded-hoodie-4-scaled-1-600x600.png\" alt=\"Hanorac gri cu fermoar H&amp;M, vedere detaliat\u0103 a glugii \u0219i etichetei interioare.\" srcset=\"https:\/\/demostore.ai\/wp-content\/uploads\/2025\/06\/Branded-hoodie-4-scaled-1.png 1000w, https:\/\/demostore.ai\/wp-content\/uploads\/2025\/06\/Branded-hoodie-4-scaled-1-300x300.png 300w, https:\/\/demostore.ai\/wp-content\/uploads\/2025\/06\/Branded-hoodie-4-scaled-1-150x150.png 150w, https:\/\/demostore.ai\/wp-content\/uploads\/2025\/06\/Branded-hoodie-4-scaled-1-768x768.png 768w, https:\/\/demostore.ai\/wp-content\/uploads\/2025\/06\/Branded-hoodie-4-scaled-1-600x600.png 600w, https:\/\/demostore.ai\/wp-content\/uploads\/2025\/06\/Branded-hoodie-4-scaled-1-250x250.png 250w\"><figcaption>\n<p>Gluga confortabil\u0103 \u0219i fermoarul metalic scot \u00een eviden\u021b\u0103 un look urban relaxat.<\/p>\n<\/figcaption><\/figure>\n<\/p><\/div>\n<section data-wtai-block-id=\"wtai_product_description_faqs\" class=\"wtai-section wtai-faqs-section\">\n<h2>\u00centreb\u0103ri frecvente<\/h2>\n<p><strong>Cum este m\u0103rimea hanoracului?<\/strong> <br \/> Hanoracul are o croial\u0103 lejer\u0103, potrivit\u0103 pentru majoritatea siluetelor. Dac\u0103 vrei o potrivire mai str\u00e2ns\u0103, alege o m\u0103rime mai mic\u0103 dec\u00e2t cea obi\u0219nuit\u0103.<\/p>\n<p><strong>Este confortabil pentru purtarea zilnic\u0103?<\/strong> <br \/> Da, materialul moale \u0219i finisajul atent ofer\u0103 confort chiar \u0219i la utilizare \u00eendelungat\u0103, fiind ideal pentru activit\u0103\u021bi zilnice.<\/p>\n<p><strong>\u00cen ce anotimp este ideal de purtat acest hanorac?<\/strong> <br \/> Po\u021bi purta hanoracul \u00een orice sezon r\u0103coros, fie prim\u0103vara \u0219i toamna pentru temperaturi moderate, fie iarna ca strat suplimentar sub o geac\u0103.<\/p>\n<p><strong>Cum se \u00eengrije\u0219te hanoracul pentru a rezista c\u00e2t mai mult?<\/strong> <br \/> Se recomand\u0103 sp\u0103larea la ma\u0219in\u0103 pe program delicat, cu ap\u0103 rece, \u0219i evitarea usc\u0103torului pentru a p\u0103stra forma \u0219i textura materialului.<\/p>\n<\/section>\n<section data-wtai-block-id=\"wtai_product_description_conclusion\" class=\"wtai-section wtai-conclusion-section\">\n<h2>Ia-l cu tine peste tot<\/h2>\n<p><strong>Descoper\u0103 hanoracul care combin\u0103 stilul relaxat cu utilitatea de zi cu zi. Se potrive\u0219te oric\u0103rui plan, fie c\u0103 e vorba de pasiunile tale sau de momentele de relaxare.<\/strong> <strong>Nu rata \u0219ansa s\u0103 adaugi \u00een garderoba ta o pies\u0103 practic\u0103, gata s\u0103-\u021bi devin\u0103 preferata ta de fiecare dat\u0103 c\u00e2nd ie\u0219i din cas\u0103. Alege confortul chiar de azi.<\/strong><\/p>\n<\/section>\n","protected":false},"excerpt":{"rendered":"<div data-wtai-block-id=\"wtai_excerpt_subtitle\" class=\"wtai-section wtai-subtitle-section\">\n<p><em><strong>Stil relaxat, confort la superlativ, mereu preg\u0103tit pentru orice plan.<\/strong><\/em><\/p>\n<\/p><\/div>\n<div data-wtai-block-id=\"wtai_excerpt_introduction\" class=\"wtai-section wtai-introduction-section\">\n<p>Hai s\u0103 vorbim despre piesa aia de rezisten\u021b\u0103 din garderoba ta! Hanoracul H&amp;M cu fermuar nu e doar despre look, ci despre vibe-ul acela relaxat care te face s\u0103 te sim\u021bi tu \u00eensu\u021bi zi de zi. Croiala sa modern\u0103 \u0219i nuan\u021ba gri sunt mixul perfect de clasic \u0219i cool, iar gluga \u0219i buzunarele laterale \u00eei dau plusul de func\u021bionalitate pe care \u00eel vrei, fie c\u0103 ie\u0219i la plimbare, mergi la sal\u0103 sau te relaxezi cu prietenii. Simte c\u00e2t de comod poate fi un hanorac care se adapteaz\u0103 oric\u0103rui stil \u0219i-\u021bi cre\u0219te \u00eencrederea oriunde ai fi.<\/p>\n<\/p><\/div>\n","protected":false},"featured_media":21271,"comment_status":"open","ping_status":"closed","template":"","meta":[],"product_brand":[],"product_cat":[155],"product_tag":[],"class_list":{"0":"post-37944","1":"product","2":"type-product","3":"status-publish","4":"has-post-thumbnail","6":"product_cat-moda-ro","8":"first","9":"instock","10":"shipping-taxable","11":"purchasable","12":"product-type-simple"},"bundled_by":[],"bundle_stock_status":"instock","bundle_stock_quantity":null,"bundle_virtual":false,"bundle_layout":"","bundle_add_to_cart_form_location":"","bundle_editable_in_cart":false,"bundle_sold_individually_context":"","bundle_item_grouping":"","bundle_min_size":"","bundle_max_size":"","bundle_price":[],"bundled_items":[],"bundle_sell_ids":[],"yoast_head":"<!-- This site is optimized with the Yoast SEO plugin v25.2 - https:\/\/yoast.com\/wordpress\/plugins\/seo\/ -->\n<title>Top-Rated H&amp;M Hanorac Cu Fermuar Pentru Orice Zi<\/title>\n<meta name=\"description\" content=\"Trendul urban autentic. Hanorac cu fermuar, glug\u0103 ajustabil\u0103 \u0219i buzunare practice. Potrivit pentru \u021binute lejere, confortabil \u0219i u\u0219or de asortat.\" \/>\n<meta name=\"robots\" content=\"index, follow, max-snippet:-1, max-image-preview:large, max-video-preview:-1\" \/>\n<link rel=\"canonical\" href=\"https:\/\/demostore.ai\/ro\/produs\/hm-hanorac-cu-fermuar\/\" \/>\n<meta property=\"og:type\" content=\"article\" \/>\n<meta property=\"og:title\" content=\"Top-Rated H&amp;M Hanorac Cu Fermuar Pentru Orice Zi\" \/>\n<meta property=\"og:description\" content=\"Stilul urban la \u00eendem\u00e2n\u0103. Hanorac cu glug\u0103 \u0219i fermoar, perfect pentru orice sezon r\u0103coros. Buzunare practice \u0219i confortul materialului \u00eel fac alegerea ideal\u0103 pentru \u021binute casual.\" \/>\n<meta property=\"og:url\" content=\"https:\/\/demostore.ai\/ro\/produs\/hm-hanorac-cu-fermuar\/\" \/>\n<meta property=\"og:site_name\" content=\"Trendy Thread\" \/>\n<meta property=\"article:modified_time\" content=\"2026-02-19T18:41:23+00:00\" \/>\n<meta property=\"og:image\" content=\"https:\/\/demostore.ai\/wp-content\/uploads\/2025\/06\/Branded-hoodie-1-scaled-1.png\" \/>\n\t<meta property=\"og:image:width\" content=\"810\" \/>\n\t<meta property=\"og:image:height\" content=\"1000\" \/>\n\t<meta property=\"og:image:type\" content=\"image\/png\" \/>\n<meta name=\"twitter:card\" content=\"summary_large_image\" \/>\n<meta name=\"twitter:title\" content=\"Top-Rated H&amp;M Hanorac Cu Fermuar Pentru Orice Zi\" \/>\n<meta name=\"twitter:description\" content=\"Stilul urban la \u00eendem\u00e2n\u0103. Hanorac cu glug\u0103 \u0219i fermoar, perfect pentru orice sezon r\u0103coros. Buzunare practice \u0219i confortul materialului \u00eel fac alegerea ideal\u0103 pentru \u021binute casual.\" \/>\n<meta name=\"twitter:label1\" content=\"Timp estimat pentru citire\" \/>\n\t<meta name=\"twitter:data1\" content=\"1 minut\" \/>\n<script type=\"application\/ld+json\" class=\"yoast-schema-graph\">{\"@context\":\"https:\/\/schema.org\",\"@graph\":[{\"@type\":\"WebPage\",\"@id\":\"https:\/\/demostore.ai\/ro\/produs\/hm-hanorac-cu-fermuar\/\",\"url\":\"https:\/\/demostore.ai\/ro\/produs\/hm-hanorac-cu-fermuar\/\",\"name\":\"Top-Rated H&M Hanorac Cu Fermuar Pentru Orice Zi\",\"isPartOf\":{\"@id\":\"https:\/\/demostore.ai\/ro\/#website\"},\"primaryImageOfPage\":{\"@id\":\"https:\/\/demostore.ai\/ro\/produs\/hm-hanorac-cu-fermuar\/#primaryimage\"},\"image\":{\"@id\":\"https:\/\/demostore.ai\/ro\/produs\/hm-hanorac-cu-fermuar\/#primaryimage\"},\"thumbnailUrl\":\"https:\/\/demostore.ai\/wp-content\/uploads\/2025\/06\/Branded-hoodie-1-scaled-1.png\",\"datePublished\":\"2025-06-15T23:23:39+00:00\",\"dateModified\":\"2026-02-19T18:41:23+00:00\",\"description\":\"Trendul urban autentic. Hanorac cu fermuar, glug\u0103 ajustabil\u0103 \u0219i buzunare practice. Potrivit pentru \u021binute lejere, confortabil \u0219i u\u0219or de asortat.\",\"breadcrumb\":{\"@id\":\"https:\/\/demostore.ai\/ro\/produs\/hm-hanorac-cu-fermuar\/#breadcrumb\"},\"inLanguage\":\"ro-RO\",\"potentialAction\":[{\"@type\":\"ReadAction\",\"target\":[\"https:\/\/demostore.ai\/ro\/produs\/hm-hanorac-cu-fermuar\/\"]}]},{\"@type\":\"ImageObject\",\"inLanguage\":\"ro-RO\",\"@id\":\"https:\/\/demostore.ai\/ro\/produs\/hm-hanorac-cu-fermuar\/#primaryimage\",\"url\":\"https:\/\/demostore.ai\/wp-content\/uploads\/2025\/06\/Branded-hoodie-1-scaled-1.png\",\"contentUrl\":\"https:\/\/demostore.ai\/wp-content\/uploads\/2025\/06\/Branded-hoodie-1-scaled-1.png\",\"width\":810,\"height\":1000,\"caption\":\"Hanorac gri cu fermuar \u0219i glug\u0103 de la H&M, prezentat pe pagina unui produs.\"},{\"@type\":\"BreadcrumbList\",\"@id\":\"https:\/\/demostore.ai\/ro\/produs\/hm-hanorac-cu-fermuar\/#breadcrumb\",\"itemListElement\":[{\"@type\":\"ListItem\",\"position\":1,\"name\":\"Acas\u0103\",\"item\":\"https:\/\/demostore.ai\/ro\/\"},{\"@type\":\"ListItem\",\"position\":2,\"name\":\"Magazin\",\"item\":\"https:\/\/demostore.ai\/ro\/magazin\/\"},{\"@type\":\"ListItem\",\"position\":3,\"name\":\"H&#038;M Hanorac cu Fermuar\"}]},{\"@type\":\"WebSite\",\"@id\":\"https:\/\/demostore.ai\/ro\/#website\",\"url\":\"https:\/\/demostore.ai\/ro\/\",\"name\":\"Trendy Thread\",\"description\":\"Magazin de demonstra\u021bie WriteText.ai\",\"publisher\":{\"@id\":\"https:\/\/demostore.ai\/ro\/#organization\"},\"potentialAction\":[{\"@type\":\"SearchAction\",\"target\":{\"@type\":\"EntryPoint\",\"urlTemplate\":\"https:\/\/demostore.ai\/ro\/?s={search_term_string}\"},\"query-input\":{\"@type\":\"PropertyValueSpecification\",\"valueRequired\":true,\"valueName\":\"search_term_string\"}}],\"inLanguage\":\"ro-RO\"},{\"@type\":\"Organization\",\"@id\":\"https:\/\/demostore.ai\/ro\/#organization\",\"name\":\"WriteText.ai\",\"url\":\"https:\/\/demostore.ai\/ro\/\",\"logo\":{\"@type\":\"ImageObject\",\"inLanguage\":\"ro-RO\",\"@id\":\"https:\/\/demostore.ai\/ro\/#\/schema\/logo\/image\/\",\"url\":\"https:\/\/demostore.ai\/wp-content\/uploads\/2025\/10\/writetext_logo.webp\",\"contentUrl\":\"https:\/\/demostore.ai\/wp-content\/uploads\/2025\/10\/writetext_logo.webp\",\"width\":200,\"height\":34,\"caption\":\"WriteText.ai\"},\"image\":{\"@id\":\"https:\/\/demostore.ai\/ro\/#\/schema\/logo\/image\/\"}}]}<\/script>\n<!-- \/ Yoast SEO plugin. -->","yoast_head_json":{"title":"Top-Rated H&M Hanorac Cu Fermuar Pentru Orice Zi","description":"Trendul urban autentic. Hanorac cu fermuar, glug\u0103 ajustabil\u0103 \u0219i buzunare practice. Potrivit pentru \u021binute lejere, confortabil \u0219i u\u0219or de asortat.","robots":{"index":"index","follow":"follow","max-snippet":"max-snippet:-1","max-image-preview":"max-image-preview:large","max-video-preview":"max-video-preview:-1"},"canonical":"https:\/\/demostore.ai\/ro\/produs\/hm-hanorac-cu-fermuar\/","og_type":"article","og_title":"Top-Rated H&M Hanorac Cu Fermuar Pentru Orice Zi","og_description":"Stilul urban la \u00eendem\u00e2n\u0103. Hanorac cu glug\u0103 \u0219i fermoar, perfect pentru orice sezon r\u0103coros. Buzunare practice \u0219i confortul materialului \u00eel fac alegerea ideal\u0103 pentru \u021binute casual.","og_url":"https:\/\/demostore.ai\/ro\/produs\/hm-hanorac-cu-fermuar\/","og_site_name":"Trendy Thread","article_modified_time":"2026-02-19T18:41:23+00:00","og_image":[{"width":810,"height":1000,"url":"https:\/\/demostore.ai\/wp-content\/uploads\/2025\/06\/Branded-hoodie-1-scaled-1.png","type":"image\/png"}],"twitter_card":"summary_large_image","twitter_title":"Top-Rated H&M Hanorac Cu Fermuar Pentru Orice Zi","twitter_description":"Stilul urban la \u00eendem\u00e2n\u0103. Hanorac cu glug\u0103 \u0219i fermoar, perfect pentru orice sezon r\u0103coros. Buzunare practice \u0219i confortul materialului \u00eel fac alegerea ideal\u0103 pentru \u021binute casual.","twitter_misc":{"Timp estimat pentru citire":"1 minut"},"schema":{"@context":"https:\/\/schema.org","@graph":[{"@type":"WebPage","@id":"https:\/\/demostore.ai\/ro\/produs\/hm-hanorac-cu-fermuar\/","url":"https:\/\/demostore.ai\/ro\/produs\/hm-hanorac-cu-fermuar\/","name":"Top-Rated H&M Hanorac Cu Fermuar Pentru Orice Zi","isPartOf":{"@id":"https:\/\/demostore.ai\/ro\/#website"},"primaryImageOfPage":{"@id":"https:\/\/demostore.ai\/ro\/produs\/hm-hanorac-cu-fermuar\/#primaryimage"},"image":{"@id":"https:\/\/demostore.ai\/ro\/produs\/hm-hanorac-cu-fermuar\/#primaryimage"},"thumbnailUrl":"https:\/\/demostore.ai\/wp-content\/uploads\/2025\/06\/Branded-hoodie-1-scaled-1.png","datePublished":"2025-06-15T23:23:39+00:00","dateModified":"2026-02-19T18:41:23+00:00","description":"Trendul urban autentic. Hanorac cu fermuar, glug\u0103 ajustabil\u0103 \u0219i buzunare practice. Potrivit pentru \u021binute lejere, confortabil \u0219i u\u0219or de asortat.","breadcrumb":{"@id":"https:\/\/demostore.ai\/ro\/produs\/hm-hanorac-cu-fermuar\/#breadcrumb"},"inLanguage":"ro-RO","potentialAction":[{"@type":"ReadAction","target":["https:\/\/demostore.ai\/ro\/produs\/hm-hanorac-cu-fermuar\/"]}]},{"@type":"ImageObject","inLanguage":"ro-RO","@id":"https:\/\/demostore.ai\/ro\/produs\/hm-hanorac-cu-fermuar\/#primaryimage","url":"https:\/\/demostore.ai\/wp-content\/uploads\/2025\/06\/Branded-hoodie-1-scaled-1.png","contentUrl":"https:\/\/demostore.ai\/wp-content\/uploads\/2025\/06\/Branded-hoodie-1-scaled-1.png","width":810,"height":1000,"caption":"Hanorac gri cu fermuar \u0219i glug\u0103 de la H&M, prezentat pe pagina unui produs."},{"@type":"BreadcrumbList","@id":"https:\/\/demostore.ai\/ro\/produs\/hm-hanorac-cu-fermuar\/#breadcrumb","itemListElement":[{"@type":"ListItem","position":1,"name":"Acas\u0103","item":"https:\/\/demostore.ai\/ro\/"},{"@type":"ListItem","position":2,"name":"Magazin","item":"https:\/\/demostore.ai\/ro\/magazin\/"},{"@type":"ListItem","position":3,"name":"H&#038;M Hanorac cu Fermuar"}]},{"@type":"WebSite","@id":"https:\/\/demostore.ai\/ro\/#website","url":"https:\/\/demostore.ai\/ro\/","name":"Trendy Thread","description":"Magazin de demonstra\u021bie WriteText.ai","publisher":{"@id":"https:\/\/demostore.ai\/ro\/#organization"},"potentialAction":[{"@type":"SearchAction","target":{"@type":"EntryPoint","urlTemplate":"https:\/\/demostore.ai\/ro\/?s={search_term_string}"},"query-input":{"@type":"PropertyValueSpecification","valueRequired":true,"valueName":"search_term_string"}}],"inLanguage":"ro-RO"},{"@type":"Organization","@id":"https:\/\/demostore.ai\/ro\/#organization","name":"WriteText.ai","url":"https:\/\/demostore.ai\/ro\/","logo":{"@type":"ImageObject","inLanguage":"ro-RO","@id":"https:\/\/demostore.ai\/ro\/#\/schema\/logo\/image\/","url":"https:\/\/demostore.ai\/wp-content\/uploads\/2025\/10\/writetext_logo.webp","contentUrl":"https:\/\/demostore.ai\/wp-content\/uploads\/2025\/10\/writetext_logo.webp","width":200,"height":34,"caption":"WriteText.ai"},"image":{"@id":"https:\/\/demostore.ai\/ro\/#\/schema\/logo\/image\/"}}]}},"_links":{"self":[{"href":"https:\/\/demostore.ai\/ro\/wp-json\/wp\/v2\/product\/37944","targetHints":{"allow":["GET"]}}],"collection":[{"href":"https:\/\/demostore.ai\/ro\/wp-json\/wp\/v2\/product"}],"about":[{"href":"https:\/\/demostore.ai\/ro\/wp-json\/wp\/v2\/types\/product"}],"replies":[{"embeddable":true,"href":"https:\/\/demostore.ai\/ro\/wp-json\/wp\/v2\/comments?post=37944"}],"wp:featuredmedia":[{"embeddable":true,"href":"https:\/\/demostore.ai\/ro\/wp-json\/wp\/v2\/media\/21271"}],"wp:attachment":[{"href":"https:\/\/demostore.ai\/ro\/wp-json\/wp\/v2\/media?parent=37944"}],"wp:term":[{"taxonomy":"product_brand","embeddable":true,"href":"https:\/\/demostore.ai\/ro\/wp-json\/wp\/v2\/product_brand?post=37944"},{"taxonomy":"product_cat","embeddable":true,"href":"https:\/\/demostore.ai\/ro\/wp-json\/wp\/v2\/product_cat?post=37944"},{"taxonomy":"product_tag","embeddable":true,"href":"https:\/\/demostore.ai\/ro\/wp-json\/wp\/v2\/product_tag?post=37944"}],"curies":[{"name":"wp","href":"https:\/\/api.w.org\/{rel}","templated":true}]}}