{"id":36098,"date":"2025-06-13T08:37:27","date_gmt":"2025-06-13T08:37:27","guid":{"rendered":"https:\/\/demostore.ai\/?post_type=product&#038;p=36098"},"modified":"2026-02-20T02:47:24","modified_gmt":"2026-02-19T18:47:24","slug":"some-by-mi-ser-cu-vitamina-c","status":"publish","type":"product","link":"https:\/\/demostore.ai\/ro\/produs\/some-by-mi-ser-cu-vitamina-c\/","title":{"rendered":"Some By Mi Ser cu Vitamina C"},"content":{"rendered":"<section data-wtai-block-id=\"wtai_product_description_features\" class=\"wtai-section wtai-features-section\">\n<h2>Puncte Forte ale Produsului<\/h2>\n<ul>\n<li><strong>Hidratare intens\u0103<\/strong> pentru piele supl\u0103 \u0219i luminoas\u0103<\/li>\n<li><strong>Efect de iluminare<\/strong> vizibil pentru ten tern sau obosit<\/li>\n<li><strong>Uniformizeaz\u0103 nuan\u021ba pielii<\/strong> reduc\u00e2nd aspectul petelor pigmentare<\/li>\n<li><strong>Atenueaz\u0103 aspectul liniilor fine<\/strong> \u0219i \u00eembun\u0103t\u0103\u021be\u0219te textura tenului<\/li>\n<li><strong>Calmeaz\u0103 \u0219i protejeaz\u0103 pielea<\/strong> \u00eempotriva radicalilor liberi<\/li>\n<li><strong>Galactomyces<\/strong> confer\u0103 fermitate \u0219i echilibru pentru un aspect s\u0103n\u0103tos<\/li>\n<li><strong>Vitamina C pur\u0103<\/strong> sus\u021bine produc\u021bia de colagen \u0219i str\u0103lucirea natural\u0103<\/li>\n<li><strong>Textur\u0103 u\u0219oar\u0103 \u0219i non-lipicioas\u0103<\/strong> ce este rapid absorbit\u0103 de piele<\/li>\n<\/ul>\n<\/section>\n<div data-wtai-block-id=\"wtai_product_description_image_1753694499291\" class=\"wtai-section wtai-image_1753694499291-section\">\n<figure class=\"wtai-image-p wtai-align-center\" style=\"text-align:center\"><img decoding=\"async\" src=\"https:\/\/demostore.ai\/wp-content\/uploads\/2025\/06\/Serum-4-scaled-1-600x600.png\" alt=\"Sticlu\u021b\u0103 cu Ser cu Vitamina C Some By Mi, l\u00e2ng\u0103 dou\u0103 frunze verzi, pe fundal alb.\" srcset=\"https:\/\/demostore.ai\/wp-content\/uploads\/2025\/06\/Serum-4-scaled-1.png 1000w, https:\/\/demostore.ai\/wp-content\/uploads\/2025\/06\/Serum-4-scaled-1-300x300.png 300w, https:\/\/demostore.ai\/wp-content\/uploads\/2025\/06\/Serum-4-scaled-1-150x150.png 150w, https:\/\/demostore.ai\/wp-content\/uploads\/2025\/06\/Serum-4-scaled-1-768x768.png 768w, https:\/\/demostore.ai\/wp-content\/uploads\/2025\/06\/Serum-4-scaled-1-600x600.png 600w, https:\/\/demostore.ai\/wp-content\/uploads\/2025\/06\/Serum-4-scaled-1-250x250.png 250w\"><figcaption>\n<p>Sticlu\u021ba din sticl\u0103 brun\u0103 \u0219i pipeta elegant\u0103 inspir\u0103 ideea de prospe\u021bime \u0219i puritate natural\u0103.<\/p>\n<\/figcaption><\/figure>\n<\/p><\/div>\n<section data-wtai-block-id=\"wtai_product_description_benefits\" class=\"wtai-section wtai-benefits-section\">\n<h2>De ce \u00eel vei iubi<\/h2>\n<ul>\n<li>Tenul cap\u0103t\u0103 o str\u0103lucire natural\u0103 \u00eenc\u0103 de la primele aplic\u0103ri<\/li>\n<li>Pielea arat\u0103 mai uniform\u0103 \u0219i mai hidratat\u0103 zilnic<\/li>\n<li>Senza\u021bia de prospe\u021bime \u0219i confort dureaz\u0103 \u00eentreaga zi<\/li>\n<li>\u00cencrederea \u00een aspectul t\u0103u cre\u0219te odat\u0103 cu fiecare utilizare<\/li>\n<li>Reducerea semnelor vizibile de stres \u0219i oboseal\u0103<\/li>\n<\/ul>\n<\/section>\n<section data-wtai-block-id=\"wtai_product_description_use_cases\" class=\"wtai-section wtai-use_cases-section\">\n<h3>Cum s\u0103 integrezi \u00een rutina ta<\/h3>\n<ol>\n<li>Cur\u0103\u021b\u0103 tenul diminea\u021ba sau seara pentru a preg\u0103ti pielea<\/li>\n<li>Aplic\u0103 2-3 pic\u0103turi de ser pe fa\u021b\u0103 \u0219i g\u00e2t, evit\u00e2nd zona ochilor<\/li>\n<li>Maseaz\u0103 u\u0219or cu mi\u0219c\u0103ri circulare p\u00e2n\u0103 la absorb\u021bie complet\u0103<\/li>\n<li>Folose\u0219te serul \u00eenainte de crem\u0103 hidratant\u0103 pentru eficien\u021b\u0103 maxim\u0103<\/li>\n<li>Include-l \u00een rutina de diminea\u021b\u0103 pentru protec\u021bie antioxidant\u0103<\/li>\n<li>Adaug\u0103 seara pentru refacerea barierei naturale a pielii<\/li>\n<li>Poate fi folosit zilnic pentru rezultate optime<\/li>\n<li>Aplic\u0103 protec\u021bie solar\u0103 dup\u0103 folosirea serului \u00een timpul zilei<\/li>\n<\/ol>\n<\/section>\n<section data-wtai-block-id=\"wtai_product_description_technical_specifications\" class=\"wtai-section wtai-technical_specifications-section\">\n<h3>Detalii<\/h3>\n<ul>\n<li><strong>Volum<\/strong>: 30 ml<\/li>\n<li><strong>Concentra\u021bie Vitamina C<\/strong>: 30,000 ppm<\/li>\n<li><strong>Ingrediente cheie<\/strong>: Galactomyces, Vitamina C<\/li>\n<li><strong>Formul\u0103<\/strong>: Textur\u0103 lichid\u0103, non-lipicioas\u0103<\/li>\n<\/ul>\n<\/section>\n<section data-wtai-block-id=\"wtai_product_description_custom_1753167803027\" class=\"wtai-section wtai-custom_1753167803027-section\">\n<h2>Pentru ce tipuri de ten \u0219i probleme de piele este potrivit<\/h2>\n<ul>\n<li><strong>Ten tern<\/strong> \u2013 red\u0103 str\u0103lucirea natural\u0103 \u0219i luminozitatea pielii.<\/li>\n<li><strong>Pete pigmentare<\/strong> \u2013 ajut\u0103 la estomparea zonelor cu culoare neuniform\u0103.<\/li>\n<li><strong>Textur\u0103 neuniform\u0103<\/strong> \u2013 neteze\u0219te suprafa\u021ba tenului, conferind un aspect mai fin.<\/li>\n<li><strong>Ten lipsit de fermitate<\/strong> \u2013 sus\u021bine elasticitatea \u0219i tonusul pielii.<\/li>\n<li><strong>Ten uscat<\/strong> \u2013 ofer\u0103 hidratare f\u0103r\u0103 s\u0103 \u00eencarce pielea.<\/li>\n<li><strong>Toate tipurile de ten<\/strong> \u2013 poate fi folosit zilnic, recomandat testarea pe o por\u021biune mic\u0103.<\/li>\n<\/ul>\n<\/section>\n<section data-wtai-block-id=\"wtai_product_description_custom_1754200971412\" class=\"wtai-section wtai-custom_1754200971412-section\">\n<h2>List\u0103 complet\u0103 ingrediente Some By Mi Ser cu Vitamina C<\/h2>\n<p>Galactomyces Ferment Filtrate, Dipropylene Glycol, Glycerin, Butylene Glycol, Ascorbic Acid, 1,2-Hexanediol, Niacinamide, Tromethamine, Aqua, Trehalose, C12-14 Pareth-12, Allantoin, Hydroxyethylcellulose, Xanthan Gum, Ethylhexylglycerin, Adenosine, Citrus Aurantium Bergamia (Bergamot) Fruit Oil, Hydrogenated Lecithin, Glyceryl Acrylate\/Acrylic Acid Copolymer, Sodium Hyaluronate, PVM\/MA Copolymer, Polyglyceryl-10 Stearate, Lavandula Angustifolia (Lavender) Oil, Panthenol, Sodium Ascorbyl Phosphate, Phenylethyl Resorcinol, Propolis Extract, Aronia Melanocarpa Fruit Extract, Bambusa Vulgaris Extract, Aspalathus Linearis Extract, Saccharide Hydrolysate, Maltodextrin, Ficus Carica (Fig) Fruit Extract, Phoenix Dactylifera (Date) Fruit Extract, Tuber Magnatum Extract, Pyridoxine, Houttuynia Cordata Extract, Folic Acid, Biotin, Opuntia Ficus-Indica Extract, Opuntia Coccinellifera Fruit Extract, Caprylic\/Capric Triglyceride, Adansonia Digitata Seed Extract, Leuconostoc\/Radish Root Ferment Filtrate, Sparassis Crispa Extract, Calendula Officinalis Flower Extract, Brassica Oleracea Italica (Broccoli) Extract, Tocopherol, Cyanocobalamin, Vaccinium Myrtillus (Bilberry) Fruit Extract, Vaccinium Macrocarpon (Cranberry) Fruit Extract, Vaccinium Angustifolium (Blueberry) Fruit Extract, Rubus Idaeus (Raspberry) Fruit Extract, Rubus Fruticosus (Blackberry) Fruit Extract, Ribes Nigrum (Black Currant) Fruit Extract, Euterpe Oleracea (Acai) Fruit Extract, Spirulina Maxima Extract, Thiamine HCl, Linoleic Acid, Inositol, Astaxanthin, Caramel, Linalool, Limonene.<\/p>\n<\/section>\n<section data-wtai-block-id=\"wtai_product_description_faqs\" class=\"wtai-section wtai-faqs-section\">\n<h2>\u00centreb\u0103ri frecvente<\/h2>\n<p><strong>Pot s\u0103 folosesc serul dac\u0103 am pielea sensibil\u0103?<\/strong> <br \/> Da, formula este adaptat\u0103 \u0219i pentru pielea sensibil\u0103. Testeaz\u0103 \u00eent\u00e2i pe o zon\u0103 mic\u0103.<\/p>\n<p><strong>Se poate combina cu alte ingrediente active?<\/strong> <br \/> Da, poate fi integrat cu majoritatea activelor, \u00eens\u0103 evit\u0103 aplicarea concomitent\u0103 cu retinoizi.<\/p>\n<p><strong>C\u00e2t timp este valabil dup\u0103 deschidere?<\/strong> <br \/> Produsul trebuie utilizat \u00een 12 luni de la deschidere, p\u0103strat ferit de lumin\u0103 \u0219i c\u0103ldur\u0103.<\/p>\n<p><strong>C\u00e2t de repede apar rezultatele vizibile?<\/strong> <br \/> Primele efecte pot fi observate dup\u0103 2-3 s\u0103pt\u0103m\u00e2ni de utilizare constant\u0103.<\/p>\n<p><strong>Se absoarbe rapid sau las\u0103 senza\u021bie lipicioas\u0103?<\/strong> <br \/> Are o textur\u0103 lejer\u0103 \u0219i non-lipicioas\u0103, absorbindu-se rapid \u00een piele.<\/p>\n<\/section>\n<section data-wtai-block-id=\"wtai_product_description_conclusion\" class=\"wtai-section wtai-conclusion-section\">\n<h2>Alege luminozitatea de care ai nevoie<\/h2>\n<p><em><strong>Redescoper\u0103 naturaletea \u0219i prospe\u021bimea tenului t\u0103u cu serul cu vitamina C de la Some By Mi.<\/strong><\/em> <em><strong>Revigoreaz\u0103-\u021bi rutina de \u00eengrijire \u0219i bucur\u0103-te de rezultate vizibile la fiecare utilizare.<\/strong><\/em> <em><strong>Nu am\u00e2na transformarea, ofer\u0103 pielii tale \u00eengrijirea pe care o merit\u0103 azi.<\/strong><\/em><\/p>\n<\/section>\n","protected":false},"excerpt":{"rendered":"<div data-wtai-block-id=\"wtai_excerpt_subtitle\" class=\"wtai-section wtai-subtitle-section\">\n<p><em><strong>Luminozitate vizibil\u0103 \u0219i textur\u0103 neted\u0103 pentru fiecare zi<\/strong><\/em><\/p>\n<\/p><\/div>\n<div data-wtai-block-id=\"wtai_excerpt_introduction\" class=\"wtai-section wtai-introduction-section\">\n<p>Uneori, pielea are nevoie de un strop de energie pentru a-\u0219i rec\u0103p\u0103ta str\u0103lucirea natural\u0103. Inspirat de formule moderne \u0219i ingrediente atent selectate, acest ser aduce combina\u021bia de galactomyces \u0219i vitamina C direct \u00een rutina ta. \u00cel vei aprecia pentru senza\u021bia lejer\u0103, non-lipicioas\u0103 \u0219i rezultatele care se v\u0103d rapid: ten luminos, mai uniform, cu un aspect s\u0103n\u0103tos \u0219i t\u00e2n\u0103r. E acel moment de r\u0103sf\u0103\u021b zilnic, care \u00ee\u021bi transform\u0103 grija pentru piele \u00eentr-un gest de \u00eencredere \u0219i prospe\u021bime.<\/p>\n<\/p><\/div>\n","protected":false},"featured_media":242870,"comment_status":"open","ping_status":"closed","template":"","meta":[],"product_brand":[],"product_cat":[234],"product_tag":[],"class_list":{"0":"post-36098","1":"product","2":"type-product","3":"status-publish","4":"has-post-thumbnail","6":"product_cat-frumusete-wellness","8":"first","9":"instock","10":"shipping-taxable","11":"purchasable","12":"product-type-simple"},"bundled_by":[],"bundle_stock_status":"instock","bundle_stock_quantity":null,"bundle_virtual":false,"bundle_layout":"","bundle_add_to_cart_form_location":"","bundle_editable_in_cart":false,"bundle_sold_individually_context":"","bundle_item_grouping":"","bundle_min_size":"","bundle_max_size":"","bundle_price":[],"bundled_items":[],"bundle_sell_ids":[],"yoast_head":"<!-- This site is optimized with the Yoast SEO plugin v25.2 - https:\/\/yoast.com\/wordpress\/plugins\/seo\/ -->\n<title>Descoper\u0103 Some By Mi Ser Cu Vitamina C Pentru Un Ten Str\u0103lucitor<\/title>\n<meta name=\"description\" content=\"Textura non-lipicioas\u0103, iluminare dubl\u0103 \u0219i hidratare intens\u0103 pentru ten. Some By Mi Ser cu Vitamina C uniformizeaz\u0103, revitalizeaz\u0103 \u0219i protejeaz\u0103 pielea.\" \/>\n<meta name=\"robots\" content=\"index, follow, max-snippet:-1, max-image-preview:large, max-video-preview:-1\" \/>\n<link rel=\"canonical\" href=\"https:\/\/demostore.ai\/ro\/produs\/some-by-mi-ser-cu-vitamina-c\/\" \/>\n<meta property=\"og:type\" content=\"article\" \/>\n<meta property=\"og:title\" content=\"Descoper\u0103 Some By Mi Ser Cu Vitamina C Pentru Un Ten Str\u0103lucitor\" \/>\n<meta property=\"og:description\" content=\"Putere revitalizant\u0103 \u00eentr-o formul\u0103 lejer\u0103. Serul cu Vitamina C Some By Mi ofer\u0103 un ten luminos, hidratat, uniform, cu textur\u0103 non-lipicioas\u0103, potrivit rutinei zilnice de \u00eengrijire.\" \/>\n<meta property=\"og:url\" content=\"https:\/\/demostore.ai\/ro\/produs\/some-by-mi-ser-cu-vitamina-c\/\" \/>\n<meta property=\"og:site_name\" content=\"Trendy Thread\" \/>\n<meta property=\"article:modified_time\" content=\"2026-02-19T18:47:24+00:00\" \/>\n<meta property=\"og:image\" content=\"https:\/\/demostore.ai\/wp-content\/uploads\/2025\/06\/Serum-1-scaled-2.png\" \/>\n\t<meta property=\"og:image:width\" content=\"390\" \/>\n\t<meta property=\"og:image:height\" content=\"1000\" \/>\n\t<meta property=\"og:image:type\" content=\"image\/png\" \/>\n<meta name=\"twitter:card\" content=\"summary_large_image\" \/>\n<meta name=\"twitter:title\" content=\"Descoper\u0103 Some By Mi Ser Cu Vitamina C Pentru Un Ten Str\u0103lucitor\" \/>\n<meta name=\"twitter:description\" content=\"Putere revitalizant\u0103 \u00eentr-o formul\u0103 lejer\u0103. Serul cu Vitamina C Some By Mi ofer\u0103 un ten luminos, hidratat, uniform, cu textur\u0103 non-lipicioas\u0103, potrivit rutinei zilnice de \u00eengrijire.\" \/>\n<meta name=\"twitter:label1\" content=\"Timp estimat pentru citire\" \/>\n\t<meta name=\"twitter:data1\" content=\"1 minut\" \/>\n<script type=\"application\/ld+json\" class=\"yoast-schema-graph\">{\"@context\":\"https:\/\/schema.org\",\"@graph\":[{\"@type\":\"WebPage\",\"@id\":\"https:\/\/demostore.ai\/ro\/produs\/some-by-mi-ser-cu-vitamina-c\/\",\"url\":\"https:\/\/demostore.ai\/ro\/produs\/some-by-mi-ser-cu-vitamina-c\/\",\"name\":\"Descoper\u0103 Some By Mi Ser Cu Vitamina C Pentru Un Ten Str\u0103lucitor\",\"isPartOf\":{\"@id\":\"https:\/\/demostore.ai\/ro\/#website\"},\"primaryImageOfPage\":{\"@id\":\"https:\/\/demostore.ai\/ro\/produs\/some-by-mi-ser-cu-vitamina-c\/#primaryimage\"},\"image\":{\"@id\":\"https:\/\/demostore.ai\/ro\/produs\/some-by-mi-ser-cu-vitamina-c\/#primaryimage\"},\"thumbnailUrl\":\"https:\/\/demostore.ai\/wp-content\/uploads\/2025\/06\/Serum-1-scaled-2.png\",\"datePublished\":\"2025-06-13T08:37:27+00:00\",\"dateModified\":\"2026-02-19T18:47:24+00:00\",\"description\":\"Textura non-lipicioas\u0103, iluminare dubl\u0103 \u0219i hidratare intens\u0103 pentru ten. Some By Mi Ser cu Vitamina C uniformizeaz\u0103, revitalizeaz\u0103 \u0219i protejeaz\u0103 pielea.\",\"breadcrumb\":{\"@id\":\"https:\/\/demostore.ai\/ro\/produs\/some-by-mi-ser-cu-vitamina-c\/#breadcrumb\"},\"inLanguage\":\"ro-RO\",\"potentialAction\":[{\"@type\":\"ReadAction\",\"target\":[\"https:\/\/demostore.ai\/ro\/produs\/some-by-mi-ser-cu-vitamina-c\/\"]}]},{\"@type\":\"ImageObject\",\"inLanguage\":\"ro-RO\",\"@id\":\"https:\/\/demostore.ai\/ro\/produs\/some-by-mi-ser-cu-vitamina-c\/#primaryimage\",\"url\":\"https:\/\/demostore.ai\/wp-content\/uploads\/2025\/06\/Serum-1-scaled-2.png\",\"contentUrl\":\"https:\/\/demostore.ai\/wp-content\/uploads\/2025\/06\/Serum-1-scaled-2.png\",\"width\":390,\"height\":1000,\"caption\":\"Sticl\u0103 de ser cu vitamina C Some By Mi, 30 ml, cu picur\u0103tor \u0219i etichet\u0103 detaliat\u0103.\"},{\"@type\":\"BreadcrumbList\",\"@id\":\"https:\/\/demostore.ai\/ro\/produs\/some-by-mi-ser-cu-vitamina-c\/#breadcrumb\",\"itemListElement\":[{\"@type\":\"ListItem\",\"position\":1,\"name\":\"Acas\u0103\",\"item\":\"https:\/\/demostore.ai\/ro\/\"},{\"@type\":\"ListItem\",\"position\":2,\"name\":\"Magazin\",\"item\":\"https:\/\/demostore.ai\/ro\/magazin\/\"},{\"@type\":\"ListItem\",\"position\":3,\"name\":\"Some By Mi Ser cu Vitamina C\"}]},{\"@type\":\"WebSite\",\"@id\":\"https:\/\/demostore.ai\/ro\/#website\",\"url\":\"https:\/\/demostore.ai\/ro\/\",\"name\":\"Trendy Thread\",\"description\":\"Magazin de demonstra\u021bie WriteText.ai\",\"publisher\":{\"@id\":\"https:\/\/demostore.ai\/ro\/#organization\"},\"potentialAction\":[{\"@type\":\"SearchAction\",\"target\":{\"@type\":\"EntryPoint\",\"urlTemplate\":\"https:\/\/demostore.ai\/ro\/?s={search_term_string}\"},\"query-input\":{\"@type\":\"PropertyValueSpecification\",\"valueRequired\":true,\"valueName\":\"search_term_string\"}}],\"inLanguage\":\"ro-RO\"},{\"@type\":\"Organization\",\"@id\":\"https:\/\/demostore.ai\/ro\/#organization\",\"name\":\"WriteText.ai\",\"url\":\"https:\/\/demostore.ai\/ro\/\",\"logo\":{\"@type\":\"ImageObject\",\"inLanguage\":\"ro-RO\",\"@id\":\"https:\/\/demostore.ai\/ro\/#\/schema\/logo\/image\/\",\"url\":\"https:\/\/demostore.ai\/wp-content\/uploads\/2025\/10\/writetext_logo.webp\",\"contentUrl\":\"https:\/\/demostore.ai\/wp-content\/uploads\/2025\/10\/writetext_logo.webp\",\"width\":200,\"height\":34,\"caption\":\"WriteText.ai\"},\"image\":{\"@id\":\"https:\/\/demostore.ai\/ro\/#\/schema\/logo\/image\/\"}}]}<\/script>\n<!-- \/ Yoast SEO plugin. -->","yoast_head_json":{"title":"Descoper\u0103 Some By Mi Ser Cu Vitamina C Pentru Un Ten Str\u0103lucitor","description":"Textura non-lipicioas\u0103, iluminare dubl\u0103 \u0219i hidratare intens\u0103 pentru ten. Some By Mi Ser cu Vitamina C uniformizeaz\u0103, revitalizeaz\u0103 \u0219i protejeaz\u0103 pielea.","robots":{"index":"index","follow":"follow","max-snippet":"max-snippet:-1","max-image-preview":"max-image-preview:large","max-video-preview":"max-video-preview:-1"},"canonical":"https:\/\/demostore.ai\/ro\/produs\/some-by-mi-ser-cu-vitamina-c\/","og_type":"article","og_title":"Descoper\u0103 Some By Mi Ser Cu Vitamina C Pentru Un Ten Str\u0103lucitor","og_description":"Putere revitalizant\u0103 \u00eentr-o formul\u0103 lejer\u0103. Serul cu Vitamina C Some By Mi ofer\u0103 un ten luminos, hidratat, uniform, cu textur\u0103 non-lipicioas\u0103, potrivit rutinei zilnice de \u00eengrijire.","og_url":"https:\/\/demostore.ai\/ro\/produs\/some-by-mi-ser-cu-vitamina-c\/","og_site_name":"Trendy Thread","article_modified_time":"2026-02-19T18:47:24+00:00","og_image":[{"width":390,"height":1000,"url":"https:\/\/demostore.ai\/wp-content\/uploads\/2025\/06\/Serum-1-scaled-2.png","type":"image\/png"}],"twitter_card":"summary_large_image","twitter_title":"Descoper\u0103 Some By Mi Ser Cu Vitamina C Pentru Un Ten Str\u0103lucitor","twitter_description":"Putere revitalizant\u0103 \u00eentr-o formul\u0103 lejer\u0103. Serul cu Vitamina C Some By Mi ofer\u0103 un ten luminos, hidratat, uniform, cu textur\u0103 non-lipicioas\u0103, potrivit rutinei zilnice de \u00eengrijire.","twitter_misc":{"Timp estimat pentru citire":"1 minut"},"schema":{"@context":"https:\/\/schema.org","@graph":[{"@type":"WebPage","@id":"https:\/\/demostore.ai\/ro\/produs\/some-by-mi-ser-cu-vitamina-c\/","url":"https:\/\/demostore.ai\/ro\/produs\/some-by-mi-ser-cu-vitamina-c\/","name":"Descoper\u0103 Some By Mi Ser Cu Vitamina C Pentru Un Ten Str\u0103lucitor","isPartOf":{"@id":"https:\/\/demostore.ai\/ro\/#website"},"primaryImageOfPage":{"@id":"https:\/\/demostore.ai\/ro\/produs\/some-by-mi-ser-cu-vitamina-c\/#primaryimage"},"image":{"@id":"https:\/\/demostore.ai\/ro\/produs\/some-by-mi-ser-cu-vitamina-c\/#primaryimage"},"thumbnailUrl":"https:\/\/demostore.ai\/wp-content\/uploads\/2025\/06\/Serum-1-scaled-2.png","datePublished":"2025-06-13T08:37:27+00:00","dateModified":"2026-02-19T18:47:24+00:00","description":"Textura non-lipicioas\u0103, iluminare dubl\u0103 \u0219i hidratare intens\u0103 pentru ten. Some By Mi Ser cu Vitamina C uniformizeaz\u0103, revitalizeaz\u0103 \u0219i protejeaz\u0103 pielea.","breadcrumb":{"@id":"https:\/\/demostore.ai\/ro\/produs\/some-by-mi-ser-cu-vitamina-c\/#breadcrumb"},"inLanguage":"ro-RO","potentialAction":[{"@type":"ReadAction","target":["https:\/\/demostore.ai\/ro\/produs\/some-by-mi-ser-cu-vitamina-c\/"]}]},{"@type":"ImageObject","inLanguage":"ro-RO","@id":"https:\/\/demostore.ai\/ro\/produs\/some-by-mi-ser-cu-vitamina-c\/#primaryimage","url":"https:\/\/demostore.ai\/wp-content\/uploads\/2025\/06\/Serum-1-scaled-2.png","contentUrl":"https:\/\/demostore.ai\/wp-content\/uploads\/2025\/06\/Serum-1-scaled-2.png","width":390,"height":1000,"caption":"Sticl\u0103 de ser cu vitamina C Some By Mi, 30 ml, cu picur\u0103tor \u0219i etichet\u0103 detaliat\u0103."},{"@type":"BreadcrumbList","@id":"https:\/\/demostore.ai\/ro\/produs\/some-by-mi-ser-cu-vitamina-c\/#breadcrumb","itemListElement":[{"@type":"ListItem","position":1,"name":"Acas\u0103","item":"https:\/\/demostore.ai\/ro\/"},{"@type":"ListItem","position":2,"name":"Magazin","item":"https:\/\/demostore.ai\/ro\/magazin\/"},{"@type":"ListItem","position":3,"name":"Some By Mi Ser cu Vitamina C"}]},{"@type":"WebSite","@id":"https:\/\/demostore.ai\/ro\/#website","url":"https:\/\/demostore.ai\/ro\/","name":"Trendy Thread","description":"Magazin de demonstra\u021bie WriteText.ai","publisher":{"@id":"https:\/\/demostore.ai\/ro\/#organization"},"potentialAction":[{"@type":"SearchAction","target":{"@type":"EntryPoint","urlTemplate":"https:\/\/demostore.ai\/ro\/?s={search_term_string}"},"query-input":{"@type":"PropertyValueSpecification","valueRequired":true,"valueName":"search_term_string"}}],"inLanguage":"ro-RO"},{"@type":"Organization","@id":"https:\/\/demostore.ai\/ro\/#organization","name":"WriteText.ai","url":"https:\/\/demostore.ai\/ro\/","logo":{"@type":"ImageObject","inLanguage":"ro-RO","@id":"https:\/\/demostore.ai\/ro\/#\/schema\/logo\/image\/","url":"https:\/\/demostore.ai\/wp-content\/uploads\/2025\/10\/writetext_logo.webp","contentUrl":"https:\/\/demostore.ai\/wp-content\/uploads\/2025\/10\/writetext_logo.webp","width":200,"height":34,"caption":"WriteText.ai"},"image":{"@id":"https:\/\/demostore.ai\/ro\/#\/schema\/logo\/image\/"}}]}},"_links":{"self":[{"href":"https:\/\/demostore.ai\/ro\/wp-json\/wp\/v2\/product\/36098","targetHints":{"allow":["GET"]}}],"collection":[{"href":"https:\/\/demostore.ai\/ro\/wp-json\/wp\/v2\/product"}],"about":[{"href":"https:\/\/demostore.ai\/ro\/wp-json\/wp\/v2\/types\/product"}],"replies":[{"embeddable":true,"href":"https:\/\/demostore.ai\/ro\/wp-json\/wp\/v2\/comments?post=36098"}],"wp:featuredmedia":[{"embeddable":true,"href":"https:\/\/demostore.ai\/ro\/wp-json\/wp\/v2\/media\/242870"}],"wp:attachment":[{"href":"https:\/\/demostore.ai\/ro\/wp-json\/wp\/v2\/media?parent=36098"}],"wp:term":[{"taxonomy":"product_brand","embeddable":true,"href":"https:\/\/demostore.ai\/ro\/wp-json\/wp\/v2\/product_brand?post=36098"},{"taxonomy":"product_cat","embeddable":true,"href":"https:\/\/demostore.ai\/ro\/wp-json\/wp\/v2\/product_cat?post=36098"},{"taxonomy":"product_tag","embeddable":true,"href":"https:\/\/demostore.ai\/ro\/wp-json\/wp\/v2\/product_tag?post=36098"}],"curies":[{"name":"wp","href":"https:\/\/api.w.org\/{rel}","templated":true}]}}