{"id":35645,"date":"2025-06-13T08:44:05","date_gmt":"2025-06-13T00:44:05","guid":{"rendered":"https:\/\/demostore.ai\/?post_type=product&#038;p=35645"},"modified":"2026-02-20T02:47:14","modified_gmt":"2026-02-19T18:47:14","slug":"dentiste-plus-spray-pentru-respiratie-proaspata","status":"publish","type":"product","link":"https:\/\/demostore.ai\/ro\/produs\/dentiste-plus-spray-pentru-respiratie-proaspata\/","title":{"rendered":"Dentiste Plus Spray pentru Respira\u021bie Proasp\u0103t\u0103"},"content":{"rendered":"<section data-wtai-block-id=\"wtai_product_description_features\" class=\"wtai-section wtai-features-section\">\n<h2>Puncte Forte ale Produsului<\/h2>\n<ul>\n<li><strong>\u00cemprosp\u0103tare instant\u0103 a respira\u021biei<\/strong> pentru un plus de \u00eencredere \u00een orice moment<\/li>\n<li><strong>Neutralizeaz\u0103 mirosurile nepl\u0103cute<\/strong> cu o formul\u0103 ce ac\u021bioneaz\u0103 rapid<\/li>\n<li><strong>Spray non-aerosol<\/strong> u\u0219or de aplicat, f\u0103r\u0103 pulverizatoare agresive<\/li>\n<li><strong>F\u0103r\u0103 zah\u0103r<\/strong> pentru \u00eengrijire oral\u0103 zilnic\u0103 f\u0103r\u0103 riscuri suplimentare<\/li>\n<li><strong>Con\u021bine xilitol<\/strong>, recunoscut pentru sus\u021binerea s\u0103n\u0103t\u0103\u021bii orale<\/li>\n<li><strong>Extracte din plante<\/strong> ce confer\u0103 prospe\u021bime natural\u0103 \u0219i revigorant\u0103<\/li>\n<li><strong>Sticlu\u021b\u0103 compact\u0103 \u0219i portabil\u0103<\/strong> pentru a avea mereu la \u00eendem\u00e2n\u0103<\/li>\n<li><strong>Potrivit pentru toate v\u00e2rstele<\/strong> \u2013 f\u0103r\u0103 substan\u021be iritante sau alcool<\/li>\n<\/ul>\n<\/section>\n<div data-wtai-block-id=\"wtai_product_description_image_1753694499291\" class=\"wtai-section wtai-image_1753694499291-section\">\n<figure class=\"wtai-image-p wtai-align-center\" style=\"text-align:center\"><img decoding=\"async\" src=\"https:\/\/demostore.ai\/wp-content\/uploads\/2025\/06\/Breathspray-4-scaled-1-600x935.png\" alt=\"Spray Dentiste Plus pentru respira\u021bie proasp\u0103t\u0103, f\u0103r\u0103 zah\u0103r, cu capac alb deta\u0219at.\" srcset=\"https:\/\/demostore.ai\/wp-content\/uploads\/2025\/06\/Breathspray-4-scaled-1.png 642w, https:\/\/demostore.ai\/wp-content\/uploads\/2025\/06\/Breathspray-4-scaled-1-193x300.png 193w, https:\/\/demostore.ai\/wp-content\/uploads\/2025\/06\/Breathspray-4-scaled-1-600x935.png 600w\"><figcaption>\n<p>Sticla stilizat\u0103 prezint\u0103 un design modern cu accente naturale \u0219i detalii proaspete de ment\u0103.<\/p>\n<\/figcaption><\/figure>\n<\/p><\/div>\n<section data-wtai-block-id=\"wtai_product_description_benefits\" class=\"wtai-section wtai-benefits-section\">\n<h2>De Ce \u00cel Vei Iubi<\/h2>\n<ul>\n<li>\u00ce\u021bi ofer\u0103 respira\u021bie proasp\u0103t\u0103 rapid, oriunde ai fi.<\/li>\n<li>Red\u0103 \u00eencrederea \u00een sine \u00een situa\u021bii sociale.<\/li>\n<li>Nu las\u0103 gust artificial sau irita\u021bii.<\/li>\n<li>Spray-u\u0219or, \u00eencape \u00een orice buzunar sau geant\u0103.<\/li>\n<li>Ideal pentru rutina zilnic\u0103 f\u0103r\u0103 griji legate de zah\u0103r.<\/li>\n<\/ul>\n<\/section>\n<section data-wtai-block-id=\"wtai_product_description_use_cases\" class=\"wtai-section wtai-use_cases-section\">\n<h3>Cum S\u0103-L Folose\u0219ti \u00een Rutina Ta<\/h3>\n<ol>\n<li>Agit\u0103 sticla \u00eenainte de utilizare pentru omogenizarea solu\u021biei.<\/li>\n<li>Pulverizeaz\u0103 1-2 ori direct \u00een cavitatea bucal\u0103 dup\u0103 periaj.<\/li>\n<li>Folose\u0219te \u00eenainte de \u00eent\u00e2lniri sau discu\u021bii importante pentru prospe\u021bime rapid\u0103.<\/li>\n<li>Aplic\u0103 dup\u0103 mas\u0103 atunci c\u00e2nd nu ai la \u00eendem\u00e2n\u0103 periu\u021ba de din\u021bi.<\/li>\n<li>Re\u00eemprosp\u0103teaz\u0103 respira\u021bia \u00eentre \u0219edin\u021be sau la birou.<\/li>\n<li>Ia-l cu tine la evenimente sociale pentru siguran\u021b\u0103 suplimentar\u0103.<\/li>\n<li>Utilizeaz\u0103 \u00eenainte de activit\u0103\u021bi sportive pentru o stare proasp\u0103t\u0103.<\/li>\n<li>Potrivit pentru seara, \u00eenainte de culcare, ca ultim pas \u00een igiena oral\u0103.<\/li>\n<\/ol>\n<\/section>\n<section data-wtai-block-id=\"wtai_product_description_technical_specifications\" class=\"wtai-section wtai-technical_specifications-section\">\n<h3>Detalii<\/h3>\n<ul>\n<li><strong>Volum recipient<\/strong>: 15 ml<\/li>\n<li><strong>Tip spray<\/strong>: Non-aerosol<\/li>\n<li><strong>Con\u021binut zah\u0103r<\/strong>: F\u0103r\u0103 zah\u0103r<\/li>\n<li><strong>Ingrediente cheie<\/strong>: Xilitol, extracte din plante<\/li>\n<\/ul>\n<\/section>\n<section data-wtai-block-id=\"wtai_product_description_custom_1753167803027\" class=\"wtai-section wtai-custom_1753167803027-section\">\n<h2>Pentru ce probleme este potrivit Dentiste Plus Spray \u0219i cui i se adreseaz\u0103<\/h2>\n<ul>\n<li><strong>Respira\u021bie nepl\u0103cut\u0103<\/strong> \u2013 combate rapid mirosurile nepl\u0103cute din gur\u0103.<\/li>\n<li><strong>Senza\u021bie de usc\u0103ciune a gurii<\/strong> \u2013 ofer\u0103 prospe\u021bime f\u0103r\u0103 irita\u021bii.<\/li>\n<li><strong>Respira\u021bie nepl\u0103cut\u0103 dup\u0103 cafea sau \u021big\u0103ri<\/strong> \u2013 neutralizeaz\u0103 eficient mirosurile persistente.<\/li>\n<li><strong>Potrivit pentru persoane cu gingii sensibile<\/strong> \u2013 formul\u0103 bl\u00e2nd\u0103, f\u0103r\u0103 alcool.<\/li>\n<li><strong>Ideal pentru persoane active<\/strong> \u2013 asigur\u0103 prospe\u021bime oriunde ai fi.<\/li>\n<li><strong>Potrivit pentru toate tipurile de piele oral\u0103<\/strong> \u2013 nu necesit\u0103 testare prealabil\u0103.<\/li>\n<\/ul>\n<\/section>\n<section data-wtai-block-id=\"wtai_product_description_custom_1754200971412\" class=\"wtai-section wtai-custom_1754200971412-section\">\n<h2>Ingrediente Dentiste Plus Spray pentru Respira\u021bie Proasp\u0103t\u0103<\/h2>\n<p>Aqua, Xylitol, PEG-40 Hydrogenated Castor Oil, Olea Europaea Fruit Oil, Betaine, Glycerin, Potassium Citrate, Potassium Acesulfame, Menthol, Aroma, Mentha Arvensis Leaf Oil, Anethole, Methyl Salicylate, Rebaudioside A, Citric Acid, Sodium Benzoate, Limonene, Linalool.<\/p>\n<\/section>\n<section data-wtai-block-id=\"wtai_product_description_faqs\" class=\"wtai-section wtai-faqs-section\">\n<h2>\u00centreb\u0103ri Frecvente<\/h2>\n<p><strong>Este sigur pentru utilizare zilnic\u0103?<\/strong> <br \/> Da, poate fi folosit zilnic datorit\u0103 formulei f\u0103r\u0103 zah\u0103r \u0219i alcool.<\/p>\n<p><strong>Poate fi folosit de copii?<\/strong> <br \/> Da, este potrivit pentru toate v\u00e2rstele, dar recomandat\u0103 supravegherea adul\u021bilor la copii mici.<\/p>\n<p><strong>C\u00e2t dureaz\u0103 efectul de prospe\u021bime?<\/strong> <br \/> Efectul persist\u0103 c\u00e2teva ore, dar poate fi reaplicat ori de c\u00e2te ori este nevoie.<\/p>\n<p><strong>Se poate folosi \u00eempreun\u0103 cu alte produse de igien\u0103 oral\u0103?<\/strong> <br \/> Da, se integreaz\u0103 perfect \u00een orice rutin\u0103 de igien\u0103 oral\u0103 zilnic\u0103.<\/p>\n<p><strong>Cum se p\u0103streaz\u0103 corect produsul?<\/strong> <br \/> P\u0103streaz\u0103 la temperatura camerei, ferit de lumina direct\u0103 \u0219i de umezeal\u0103.<\/p>\n<\/section>\n<section data-wtai-block-id=\"wtai_product_description_conclusion\" class=\"wtai-section wtai-conclusion-section\">\n<h2>Alege Prospe\u021bimea Autentic\u0103<\/h2>\n<p><em><strong>Redescoper\u0103 pl\u0103cerea unei respira\u021bii proaspete cu acest spray practic \u0219i eficient.<\/strong><\/em> <em><strong>Fii mereu preg\u0103tit\u0103 pentru orice situa\u021bie cu un gest discret.<\/strong><\/em> <em><strong>Nu am\u00e2na, simte diferen\u021ba chiar de azi \u0219i bucur\u0103-te de mai mult\u0103 \u00eencredere zi de zi.<\/strong><\/em><\/p>\n<\/section>\n","protected":false},"excerpt":{"rendered":"<div data-wtai-block-id=\"wtai_excerpt_subtitle\" class=\"wtai-section wtai-subtitle-section\">\n<p><em><strong>Prospe\u021bime natural\u0103 la fiecare pulverizare, oriunde ai fi<\/strong><\/em><\/p>\n<\/p><\/div>\n<div data-wtai-block-id=\"wtai_excerpt_introduction\" class=\"wtai-section wtai-introduction-section\">\n<p>Uneori, o senza\u021bie de prospe\u021bime autentic\u0103 te poate face s\u0103 te sim\u021bi din nou \u00eencrez\u0103toare \u00een orice moment al zilei. Dentiste Plus Spray pentru Respira\u021bie Proasp\u0103t\u0103 este aliatul t\u0103u discret, cu extracte de plante \u0219i xilitol, f\u0103r\u0103 zah\u0103r \u0219i f\u0103r\u0103 aerosoli. Formula modern\u0103 elimin\u0103 rapid mirosurile nepl\u0103cute, oferindu-\u021bi o respira\u021bie curat\u0103, aromat\u0103 \u0219i o stare de siguran\u021b\u0103 \u00een orice situa\u021bie. \u00cencape u\u0219or \u00een geant\u0103 sau buzunar, gata s\u0103-\u021bi redea prospe\u021bimea chiar \u0219i dup\u0103 cele mai lungi zile sau \u00eent\u00e2lniri importante. Transform\u0103 fiecare zi \u00eentr-o experien\u021b\u0103 de \u00eencredere \u0219i bun\u0103 dispozi\u021bie, cu un gest simplu \u0219i o arom\u0103 pl\u0103cut\u0103.<\/p>\n<\/p><\/div>\n","protected":false},"featured_media":15935,"comment_status":"open","ping_status":"closed","template":"","meta":[],"product_brand":[],"product_cat":[234],"product_tag":[],"class_list":{"0":"post-35645","1":"product","2":"type-product","3":"status-publish","4":"has-post-thumbnail","6":"product_cat-frumusete-wellness","8":"first","9":"instock","10":"shipping-taxable","11":"purchasable","12":"product-type-simple"},"bundled_by":[],"bundle_stock_status":"instock","bundle_stock_quantity":null,"bundle_virtual":false,"bundle_layout":"","bundle_add_to_cart_form_location":"","bundle_editable_in_cart":false,"bundle_sold_individually_context":"","bundle_item_grouping":"","bundle_min_size":"","bundle_max_size":"","bundle_price":[],"bundled_items":[],"bundle_sell_ids":[],"yoast_head":"<!-- This site is optimized with the Yoast SEO plugin v25.2 - https:\/\/yoast.com\/wordpress\/plugins\/seo\/ -->\n<title>Descoper\u0103 Dentiste Plus Spray pentru Respira\u021bie Proasp\u0103t\u0103 pentru \u00cemprosp\u0103tare Rapid\u0103<\/title>\n<meta name=\"description\" content=\"Pl\u0103cerea respira\u021biei curate \u00een fiecare zi. Spray fresh, cu xilitol \u0219i extracte din plante, f\u0103r\u0103 zah\u0103r sau aerosoli. Ideal \u00een orice moment pentru prospe\u021bime.\" \/>\n<meta name=\"robots\" content=\"index, follow, max-snippet:-1, max-image-preview:large, max-video-preview:-1\" \/>\n<link rel=\"canonical\" href=\"https:\/\/demostore.ai\/ro\/produs\/dentiste-plus-spray-pentru-respiratie-proaspata\/\" \/>\n<meta property=\"og:type\" content=\"article\" \/>\n<meta property=\"og:title\" content=\"Descoper\u0103 Dentiste Plus Spray pentru Respira\u021bie Proasp\u0103t\u0103 pentru \u00cemprosp\u0103tare Rapid\u0103\" \/>\n<meta property=\"og:description\" content=\"Un plus de prospe\u021bime \u00een rutina zilnic\u0103. Spray cu xilitol \u0219i plante, f\u0103r\u0103 zah\u0103r, pentru respira\u021bie curat\u0103 rapid, \u00een format portabil, perfect oric\u00e2nd \u0219i oriunde.\" \/>\n<meta property=\"og:url\" content=\"https:\/\/demostore.ai\/ro\/produs\/dentiste-plus-spray-pentru-respiratie-proaspata\/\" \/>\n<meta property=\"og:site_name\" content=\"Trendy Thread\" \/>\n<meta property=\"article:modified_time\" content=\"2026-02-19T18:47:14+00:00\" \/>\n<meta property=\"og:image\" content=\"https:\/\/demostore.ai\/wp-content\/uploads\/2025\/06\/Breathspray-1-scaled-1.png\" \/>\n\t<meta property=\"og:image:width\" content=\"380\" \/>\n\t<meta property=\"og:image:height\" content=\"1000\" \/>\n\t<meta property=\"og:image:type\" content=\"image\/png\" \/>\n<meta name=\"twitter:card\" content=\"summary_large_image\" \/>\n<meta name=\"twitter:title\" content=\"Descoper\u0103 Dentiste Plus Spray pentru Respira\u021bie Proasp\u0103t\u0103 pentru \u00cemprosp\u0103tare Rapid\u0103\" \/>\n<meta name=\"twitter:description\" content=\"Un plus de prospe\u021bime \u00een rutina zilnic\u0103. Spray cu xilitol \u0219i plante, f\u0103r\u0103 zah\u0103r, pentru respira\u021bie curat\u0103 rapid, \u00een format portabil, perfect oric\u00e2nd \u0219i oriunde.\" \/>\n<meta name=\"twitter:label1\" content=\"Timp estimat pentru citire\" \/>\n\t<meta name=\"twitter:data1\" content=\"1 minut\" \/>\n<script type=\"application\/ld+json\" class=\"yoast-schema-graph\">{\"@context\":\"https:\/\/schema.org\",\"@graph\":[{\"@type\":\"WebPage\",\"@id\":\"https:\/\/demostore.ai\/ro\/produs\/dentiste-plus-spray-pentru-respiratie-proaspata\/\",\"url\":\"https:\/\/demostore.ai\/ro\/produs\/dentiste-plus-spray-pentru-respiratie-proaspata\/\",\"name\":\"Descoper\u0103 Dentiste Plus Spray pentru Respira\u021bie Proasp\u0103t\u0103 pentru \u00cemprosp\u0103tare Rapid\u0103\",\"isPartOf\":{\"@id\":\"https:\/\/demostore.ai\/ro\/#website\"},\"primaryImageOfPage\":{\"@id\":\"https:\/\/demostore.ai\/ro\/produs\/dentiste-plus-spray-pentru-respiratie-proaspata\/#primaryimage\"},\"image\":{\"@id\":\"https:\/\/demostore.ai\/ro\/produs\/dentiste-plus-spray-pentru-respiratie-proaspata\/#primaryimage\"},\"thumbnailUrl\":\"https:\/\/demostore.ai\/wp-content\/uploads\/2025\/06\/Breathspray-1-scaled-1.png\",\"datePublished\":\"2025-06-13T00:44:05+00:00\",\"dateModified\":\"2026-02-19T18:47:14+00:00\",\"description\":\"Pl\u0103cerea respira\u021biei curate \u00een fiecare zi. Spray fresh, cu xilitol \u0219i extracte din plante, f\u0103r\u0103 zah\u0103r sau aerosoli. Ideal \u00een orice moment pentru prospe\u021bime.\",\"breadcrumb\":{\"@id\":\"https:\/\/demostore.ai\/ro\/produs\/dentiste-plus-spray-pentru-respiratie-proaspata\/#breadcrumb\"},\"inLanguage\":\"ro-RO\",\"potentialAction\":[{\"@type\":\"ReadAction\",\"target\":[\"https:\/\/demostore.ai\/ro\/produs\/dentiste-plus-spray-pentru-respiratie-proaspata\/\"]}]},{\"@type\":\"ImageObject\",\"inLanguage\":\"ro-RO\",\"@id\":\"https:\/\/demostore.ai\/ro\/produs\/dentiste-plus-spray-pentru-respiratie-proaspata\/#primaryimage\",\"url\":\"https:\/\/demostore.ai\/wp-content\/uploads\/2025\/06\/Breathspray-1-scaled-1.png\",\"contentUrl\":\"https:\/\/demostore.ai\/wp-content\/uploads\/2025\/06\/Breathspray-1-scaled-1.png\",\"width\":380,\"height\":1000,\"caption\":\"Spray Dentiste Plus pentru respira\u021bie proasp\u0103t\u0103, flacon cu capac alb \u0219i imagine de frunze verzi pe etichet\u0103.\"},{\"@type\":\"BreadcrumbList\",\"@id\":\"https:\/\/demostore.ai\/ro\/produs\/dentiste-plus-spray-pentru-respiratie-proaspata\/#breadcrumb\",\"itemListElement\":[{\"@type\":\"ListItem\",\"position\":1,\"name\":\"Acas\u0103\",\"item\":\"https:\/\/demostore.ai\/ro\/\"},{\"@type\":\"ListItem\",\"position\":2,\"name\":\"Magazin\",\"item\":\"https:\/\/demostore.ai\/ro\/magazin\/\"},{\"@type\":\"ListItem\",\"position\":3,\"name\":\"Dentiste Plus Spray pentru Respira\u021bie Proasp\u0103t\u0103\"}]},{\"@type\":\"WebSite\",\"@id\":\"https:\/\/demostore.ai\/ro\/#website\",\"url\":\"https:\/\/demostore.ai\/ro\/\",\"name\":\"Trendy Thread\",\"description\":\"Magazin de demonstra\u021bie WriteText.ai\",\"publisher\":{\"@id\":\"https:\/\/demostore.ai\/ro\/#organization\"},\"potentialAction\":[{\"@type\":\"SearchAction\",\"target\":{\"@type\":\"EntryPoint\",\"urlTemplate\":\"https:\/\/demostore.ai\/ro\/?s={search_term_string}\"},\"query-input\":{\"@type\":\"PropertyValueSpecification\",\"valueRequired\":true,\"valueName\":\"search_term_string\"}}],\"inLanguage\":\"ro-RO\"},{\"@type\":\"Organization\",\"@id\":\"https:\/\/demostore.ai\/ro\/#organization\",\"name\":\"WriteText.ai\",\"url\":\"https:\/\/demostore.ai\/ro\/\",\"logo\":{\"@type\":\"ImageObject\",\"inLanguage\":\"ro-RO\",\"@id\":\"https:\/\/demostore.ai\/ro\/#\/schema\/logo\/image\/\",\"url\":\"https:\/\/demostore.ai\/wp-content\/uploads\/2025\/10\/writetext_logo.webp\",\"contentUrl\":\"https:\/\/demostore.ai\/wp-content\/uploads\/2025\/10\/writetext_logo.webp\",\"width\":200,\"height\":34,\"caption\":\"WriteText.ai\"},\"image\":{\"@id\":\"https:\/\/demostore.ai\/ro\/#\/schema\/logo\/image\/\"}}]}<\/script>\n<!-- \/ Yoast SEO plugin. -->","yoast_head_json":{"title":"Descoper\u0103 Dentiste Plus Spray pentru Respira\u021bie Proasp\u0103t\u0103 pentru \u00cemprosp\u0103tare Rapid\u0103","description":"Pl\u0103cerea respira\u021biei curate \u00een fiecare zi. Spray fresh, cu xilitol \u0219i extracte din plante, f\u0103r\u0103 zah\u0103r sau aerosoli. Ideal \u00een orice moment pentru prospe\u021bime.","robots":{"index":"index","follow":"follow","max-snippet":"max-snippet:-1","max-image-preview":"max-image-preview:large","max-video-preview":"max-video-preview:-1"},"canonical":"https:\/\/demostore.ai\/ro\/produs\/dentiste-plus-spray-pentru-respiratie-proaspata\/","og_type":"article","og_title":"Descoper\u0103 Dentiste Plus Spray pentru Respira\u021bie Proasp\u0103t\u0103 pentru \u00cemprosp\u0103tare Rapid\u0103","og_description":"Un plus de prospe\u021bime \u00een rutina zilnic\u0103. Spray cu xilitol \u0219i plante, f\u0103r\u0103 zah\u0103r, pentru respira\u021bie curat\u0103 rapid, \u00een format portabil, perfect oric\u00e2nd \u0219i oriunde.","og_url":"https:\/\/demostore.ai\/ro\/produs\/dentiste-plus-spray-pentru-respiratie-proaspata\/","og_site_name":"Trendy Thread","article_modified_time":"2026-02-19T18:47:14+00:00","og_image":[{"width":380,"height":1000,"url":"https:\/\/demostore.ai\/wp-content\/uploads\/2025\/06\/Breathspray-1-scaled-1.png","type":"image\/png"}],"twitter_card":"summary_large_image","twitter_title":"Descoper\u0103 Dentiste Plus Spray pentru Respira\u021bie Proasp\u0103t\u0103 pentru \u00cemprosp\u0103tare Rapid\u0103","twitter_description":"Un plus de prospe\u021bime \u00een rutina zilnic\u0103. Spray cu xilitol \u0219i plante, f\u0103r\u0103 zah\u0103r, pentru respira\u021bie curat\u0103 rapid, \u00een format portabil, perfect oric\u00e2nd \u0219i oriunde.","twitter_misc":{"Timp estimat pentru citire":"1 minut"},"schema":{"@context":"https:\/\/schema.org","@graph":[{"@type":"WebPage","@id":"https:\/\/demostore.ai\/ro\/produs\/dentiste-plus-spray-pentru-respiratie-proaspata\/","url":"https:\/\/demostore.ai\/ro\/produs\/dentiste-plus-spray-pentru-respiratie-proaspata\/","name":"Descoper\u0103 Dentiste Plus Spray pentru Respira\u021bie Proasp\u0103t\u0103 pentru \u00cemprosp\u0103tare Rapid\u0103","isPartOf":{"@id":"https:\/\/demostore.ai\/ro\/#website"},"primaryImageOfPage":{"@id":"https:\/\/demostore.ai\/ro\/produs\/dentiste-plus-spray-pentru-respiratie-proaspata\/#primaryimage"},"image":{"@id":"https:\/\/demostore.ai\/ro\/produs\/dentiste-plus-spray-pentru-respiratie-proaspata\/#primaryimage"},"thumbnailUrl":"https:\/\/demostore.ai\/wp-content\/uploads\/2025\/06\/Breathspray-1-scaled-1.png","datePublished":"2025-06-13T00:44:05+00:00","dateModified":"2026-02-19T18:47:14+00:00","description":"Pl\u0103cerea respira\u021biei curate \u00een fiecare zi. Spray fresh, cu xilitol \u0219i extracte din plante, f\u0103r\u0103 zah\u0103r sau aerosoli. Ideal \u00een orice moment pentru prospe\u021bime.","breadcrumb":{"@id":"https:\/\/demostore.ai\/ro\/produs\/dentiste-plus-spray-pentru-respiratie-proaspata\/#breadcrumb"},"inLanguage":"ro-RO","potentialAction":[{"@type":"ReadAction","target":["https:\/\/demostore.ai\/ro\/produs\/dentiste-plus-spray-pentru-respiratie-proaspata\/"]}]},{"@type":"ImageObject","inLanguage":"ro-RO","@id":"https:\/\/demostore.ai\/ro\/produs\/dentiste-plus-spray-pentru-respiratie-proaspata\/#primaryimage","url":"https:\/\/demostore.ai\/wp-content\/uploads\/2025\/06\/Breathspray-1-scaled-1.png","contentUrl":"https:\/\/demostore.ai\/wp-content\/uploads\/2025\/06\/Breathspray-1-scaled-1.png","width":380,"height":1000,"caption":"Spray Dentiste Plus pentru respira\u021bie proasp\u0103t\u0103, flacon cu capac alb \u0219i imagine de frunze verzi pe etichet\u0103."},{"@type":"BreadcrumbList","@id":"https:\/\/demostore.ai\/ro\/produs\/dentiste-plus-spray-pentru-respiratie-proaspata\/#breadcrumb","itemListElement":[{"@type":"ListItem","position":1,"name":"Acas\u0103","item":"https:\/\/demostore.ai\/ro\/"},{"@type":"ListItem","position":2,"name":"Magazin","item":"https:\/\/demostore.ai\/ro\/magazin\/"},{"@type":"ListItem","position":3,"name":"Dentiste Plus Spray pentru Respira\u021bie Proasp\u0103t\u0103"}]},{"@type":"WebSite","@id":"https:\/\/demostore.ai\/ro\/#website","url":"https:\/\/demostore.ai\/ro\/","name":"Trendy Thread","description":"Magazin de demonstra\u021bie WriteText.ai","publisher":{"@id":"https:\/\/demostore.ai\/ro\/#organization"},"potentialAction":[{"@type":"SearchAction","target":{"@type":"EntryPoint","urlTemplate":"https:\/\/demostore.ai\/ro\/?s={search_term_string}"},"query-input":{"@type":"PropertyValueSpecification","valueRequired":true,"valueName":"search_term_string"}}],"inLanguage":"ro-RO"},{"@type":"Organization","@id":"https:\/\/demostore.ai\/ro\/#organization","name":"WriteText.ai","url":"https:\/\/demostore.ai\/ro\/","logo":{"@type":"ImageObject","inLanguage":"ro-RO","@id":"https:\/\/demostore.ai\/ro\/#\/schema\/logo\/image\/","url":"https:\/\/demostore.ai\/wp-content\/uploads\/2025\/10\/writetext_logo.webp","contentUrl":"https:\/\/demostore.ai\/wp-content\/uploads\/2025\/10\/writetext_logo.webp","width":200,"height":34,"caption":"WriteText.ai"},"image":{"@id":"https:\/\/demostore.ai\/ro\/#\/schema\/logo\/image\/"}}]}},"_links":{"self":[{"href":"https:\/\/demostore.ai\/ro\/wp-json\/wp\/v2\/product\/35645","targetHints":{"allow":["GET"]}}],"collection":[{"href":"https:\/\/demostore.ai\/ro\/wp-json\/wp\/v2\/product"}],"about":[{"href":"https:\/\/demostore.ai\/ro\/wp-json\/wp\/v2\/types\/product"}],"replies":[{"embeddable":true,"href":"https:\/\/demostore.ai\/ro\/wp-json\/wp\/v2\/comments?post=35645"}],"wp:featuredmedia":[{"embeddable":true,"href":"https:\/\/demostore.ai\/ro\/wp-json\/wp\/v2\/media\/15935"}],"wp:attachment":[{"href":"https:\/\/demostore.ai\/ro\/wp-json\/wp\/v2\/media?parent=35645"}],"wp:term":[{"taxonomy":"product_brand","embeddable":true,"href":"https:\/\/demostore.ai\/ro\/wp-json\/wp\/v2\/product_brand?post=35645"},{"taxonomy":"product_cat","embeddable":true,"href":"https:\/\/demostore.ai\/ro\/wp-json\/wp\/v2\/product_cat?post=35645"},{"taxonomy":"product_tag","embeddable":true,"href":"https:\/\/demostore.ai\/ro\/wp-json\/wp\/v2\/product_tag?post=35645"}],"curies":[{"name":"wp","href":"https:\/\/api.w.org\/{rel}","templated":true}]}}