{"id":38150,"date":"2025-08-06T06:11:47","date_gmt":"2025-08-05T22:11:47","guid":{"rendered":"https:\/\/demostore.ai\/?post_type=product&#038;p=38150"},"modified":"2026-02-18T18:14:19","modified_gmt":"2026-02-18T10:14:19","slug":"halskjede-med-hjerteanheng","status":"publish","type":"product","link":"https:\/\/demostore.ai\/no\/produkt\/halskjede-med-hjerteanheng\/","title":{"rendered":"Halskjede med Hjerteanheng"},"content":{"rendered":"<section data-wtai-block-id=\"wtai_product_description_features\" class=\"wtai-section wtai-features-section\">\n<h2>Egenskaper du vil sette pris p\u00e5<\/h2>\n<ul>\n<li><strong>Materiale:<\/strong> S\u00f8lvfarget metall, h\u00f8yglanset finish gir et elegant uttrykk.<\/li>\n<li><strong>Design:<\/strong> Klassisk kjede med \u00e5pent, dobbelt hjerteanheng for et tidl\u00f8st utseende.<\/li>\n<li><strong>L\u00e5stype:<\/strong> Sikker fj\u00e6rl\u00e5s s\u00f8rger for enkel lukking og komfortabel bruk.<\/li>\n<li><strong>Dimensjoner:<\/strong> Kjedet har en lett, diskret lengde som kler b\u00e5de hverdag og fest.<\/li>\n<li><strong>Overflate:<\/strong> Polert og glansfull overflate reflekterer lyset og fremhever anhenget.<\/li>\n<li><strong>H\u00e5ndverk:<\/strong> Jevnt utformede detaljer viser god presisjon og solid h\u00e5ndverk.<\/li>\n<\/ul>\n<\/section>\n<div data-wtai-block-id=\"wtai_product_description_image_1753853427907\" class=\"wtai-section wtai-image_1753853427907-section\">\n<figure class=\"wtai-image-p wtai-align-center\" style=\"text-align:center\"><img decoding=\"async\" src=\"https:\/\/demostore.ai\/wp-content\/uploads\/2025\/08\/2-White-Gold-Heart-Pendant-Necklace-600x600.png\" alt=\"S\u00f8lvfarget halskjede med et hjerteanheng, vist mot en hvit bakgrunn.\" srcset=\"https:\/\/demostore.ai\/wp-content\/uploads\/2025\/08\/2-White-Gold-Heart-Pendant-Necklace.png 1000w, https:\/\/demostore.ai\/wp-content\/uploads\/2025\/08\/2-White-Gold-Heart-Pendant-Necklace-300x300.png 300w, https:\/\/demostore.ai\/wp-content\/uploads\/2025\/08\/2-White-Gold-Heart-Pendant-Necklace-150x150.png 150w, https:\/\/demostore.ai\/wp-content\/uploads\/2025\/08\/2-White-Gold-Heart-Pendant-Necklace-768x768.png 768w, https:\/\/demostore.ai\/wp-content\/uploads\/2025\/08\/2-White-Gold-Heart-Pendant-Necklace-600x600.png 600w, https:\/\/demostore.ai\/wp-content\/uploads\/2025\/08\/2-White-Gold-Heart-Pendant-Necklace-250x250.png 250w\"><figcaption>\n<p>Delikat halskjede med dobbelthjerte-anheng gir et tidl\u00f8st og f\u00f8lelsesladet uttrykk.<\/p>\n<\/figcaption><\/figure>\n<\/p><\/div>\n<section data-wtai-block-id=\"wtai_product_description_use_cases\" class=\"wtai-section wtai-use_cases-section\">\n<h2>For deg, til alle anledninger<\/h2>\n<ul>\n<li>Perfekt som gave til bursdag eller jubileum n\u00e5r du vil uttrykke kj\u00e6rlighet og omtanke.<\/li>\n<li>Fremhever ethvert antrekk, b\u00e5de til hverdags og for spesielle kvelder.<\/li>\n<li>Skaper et tidl\u00f8st blikkfang alene eller n\u00e5r du vil variere med lag p\u00e5 lag.<\/li>\n<li>Like fin til minimalistisk stil som til mer romantiske kombinasjoner.<\/li>\n<li>Brukes gjerne sammen med matchende s\u00f8lvarmb\u00e5nd for et helhetlig uttrykk.<\/li>\n<\/ul>\n<\/section>\n<section data-wtai-block-id=\"wtai_product_description_custom_1754204236758\" class=\"wtai-section wtai-custom_1754204236758-section\">\n<h2>N\u00e5r passer halskjede med hjerteanheng?<\/h2>\n<ul>\n<li><strong>Gave til en spesiell anledning<\/strong> En varm og personlig gave til bursdager, jubileer eller h\u00f8ytider.<\/li>\n<li><strong>Overraskelse p\u00e5 Valentinsdagen<\/strong> En tidl\u00f8s m\u00e5te \u00e5 vise kj\u00e6rlighet og omtanke.<\/li>\n<li><strong>Morsdag<\/strong> En r\u00f8rende oppmerksomhet som uttrykker takknemlighet og n\u00e6rhet til mamma.<\/li>\n<li><strong>Daglig bruk<\/strong> Et klassisk smykke som l\u00f8fter hverdagsantrekket og f\u00f8lger deg gjennom dagen.<\/li>\n<li><strong>Veninnegave<\/strong> En meningsfull gest som styrker vennskap og gode relasjoner.<\/li>\n<li><strong>Selvkj\u00f8p som symbol<\/strong> En flott p\u00e5minnelse om egenverdi og selvkj\u00e6rlighet n\u00e5r du vil unne deg noe spesielt.<\/li>\n<\/ul>\n<\/section>\n<section data-wtai-block-id=\"wtai_product_description_custom_1753164383380\" class=\"wtai-section wtai-custom_1753164383380-section\">\n<h3>Slik tar du vare p\u00e5 ditt halskjede med hjerteanheng<\/h3>\n<ul>\n<li>T\u00f8rk smykket forsiktig med en myk klut etter bruk for \u00e5 fjerne smuss, fett og fingeravtrykk som kan matte glansen.<\/li>\n<li>Unng\u00e5 kontakt med vann, parfyme og sterke kjemikalier da dette kan for\u00e5rsake misfarging og slitasje p\u00e5 b\u00e5de kjede og anheng.<\/li>\n<li>Oppbevar halskjedet i en t\u00f8rr og myk smykkeeske eller pose for \u00e5 beskytte det mot riper og knuter.<\/li>\n<\/ul>\n<\/section>\n<div data-wtai-block-id=\"wtai_product_description_image_1753853450366\" class=\"wtai-section wtai-image_1753853450366-section\">\n<figure class=\"wtai-image-p wtai-align-center\" style=\"text-align:center\"><img decoding=\"async\" src=\"https:\/\/demostore.ai\/wp-content\/uploads\/2025\/08\/4-White-Gold-Heart-Pendant-Necklace-600x600.png\" alt=\"S\u00f8lvfarget halskjede med \u00e5pent hjerteanheng, dekorert med m\u00f8nstret innside.\" srcset=\"https:\/\/demostore.ai\/wp-content\/uploads\/2025\/08\/4-White-Gold-Heart-Pendant-Necklace.png 1000w, https:\/\/demostore.ai\/wp-content\/uploads\/2025\/08\/4-White-Gold-Heart-Pendant-Necklace-300x300.png 300w, https:\/\/demostore.ai\/wp-content\/uploads\/2025\/08\/4-White-Gold-Heart-Pendant-Necklace-150x150.png 150w, https:\/\/demostore.ai\/wp-content\/uploads\/2025\/08\/4-White-Gold-Heart-Pendant-Necklace-768x768.png 768w, https:\/\/demostore.ai\/wp-content\/uploads\/2025\/08\/4-White-Gold-Heart-Pendant-Necklace-600x600.png 600w, https:\/\/demostore.ai\/wp-content\/uploads\/2025\/08\/4-White-Gold-Heart-Pendant-Necklace-250x250.png 250w\"><figcaption>\n<p>Detaljert innside med vakre graveringer gir et unikt og klassisk preg til smykket.<\/p>\n<\/figcaption><\/figure>\n<\/p><\/div>\n<section data-wtai-block-id=\"wtai_product_description_faqs\" class=\"wtai-section wtai-faqs-section\">\n<h2>Ofte stilte sp\u00f8rsm\u00e5l<\/h2>\n<p><strong>Hva slags materiale er halskjedet laget av?<\/strong> <br \/> Kjedet er laget av s\u00f8lvfarget metall med polert finish, som gir et raffinert og klassisk preg.<\/p>\n<p><strong>Er det allergivennlig?<\/strong> <br \/> Designet er nikkeltestet og egnet for de fleste hudtyper, selv for deg med sensitiv hud.<\/p>\n<p><strong>Hvordan b\u00f8r halskjedet oppbevares?<\/strong> <br \/> Oppbevar det i en smykkeeske eller t\u00f8ypose for \u00e5 unng\u00e5 riper og bevare glansen lengst mulig.<\/p>\n<p><strong>Passer det godt som gave?<\/strong> <br \/> Hjerteanhenget gj\u00f8r dette smykket til en personlig og klassisk gave som passer til mange anledninger.<\/p>\n<\/section>\n<section data-wtai-block-id=\"wtai_product_description_conclusion\" class=\"wtai-section wtai-conclusion-section\">\n<h2>Gi hverdagen et varig preg av eleganse<\/h2>\n<p><strong>Dette halskjedet med hjerteanheng setter et personlig og tidl\u00f8st preg p\u00e5 dine antrekk.<\/strong> <strong>Klassisk design m\u00f8ter f\u00f8lelsesladet symbolikk, og gir deg eller en du er glad i noe helt spesielt.<\/strong> <strong>La deg inspirere til nye stilmuligheter og invester i et smykke som blir brukt, ikke bare beundret.<\/strong> <strong>Velg det i dag og skap minner som varer.<\/strong><\/p>\n<\/section>\n","protected":false},"excerpt":{"rendered":"<div data-wtai-block-id=\"wtai_excerpt_subtitle\" class=\"wtai-section wtai-subtitle-section\">\n<p><em><strong>Tidl\u00f8s eleganse med et symbol p\u00e5 n\u00e6rhet og kj\u00e6rlighet.<\/strong><\/em><\/p>\n<\/p><\/div>\n<div data-wtai-block-id=\"wtai_excerpt_introduction\" class=\"wtai-section wtai-introduction-section\">\n<p>Det er noe eget med smykker som b\u00e6rer p\u00e5 en f\u00f8lelse. Dette halskjedet med hjerteanheng glitrer vakkert mot huden og tilf\u00f8rer et klassisk preg \u2013 perfekt for \u00e5 sette et personlig punktum p\u00e5 antrekket. Hjerteformen gj\u00f8r smykket til en varm p\u00e5minnelse om relasjoner og minner, enten du \u00f8nsker \u00e5 gi det i gave eller beholde det som et signaturtilbeh\u00f8r. Her f\u00e5r du et smykke som diskret fanger blikket og fremhever din egen stil p\u00e5 en elegant m\u00e5te.<\/p>\n<\/p><\/div>\n","protected":false},"featured_media":29994,"comment_status":"open","ping_status":"closed","template":"","meta":[],"product_brand":[],"product_cat":[308],"product_tag":[],"class_list":{"0":"post-38150","1":"product","2":"type-product","3":"status-publish","4":"has-post-thumbnail","6":"product_cat-smykker-no","8":"first","9":"instock","10":"shipping-taxable","11":"purchasable","12":"product-type-simple"},"bundled_by":[],"bundle_stock_status":"instock","bundle_stock_quantity":null,"bundle_virtual":false,"bundle_layout":"","bundle_add_to_cart_form_location":"","bundle_editable_in_cart":false,"bundle_sold_individually_context":"","bundle_item_grouping":"","bundle_min_size":"","bundle_max_size":"","bundle_price":[],"bundled_items":[],"bundle_sell_ids":[],"yoast_head":"<!-- This site is optimized with the Yoast SEO plugin v25.2 - https:\/\/yoast.com\/wordpress\/plugins\/seo\/ -->\n<title>Oppdag Klassisk Halskjede med Tidl\u00f8st Hjerteanheng<\/title>\n<meta name=\"description\" content=\"Sofistikert helhet i hver detalj. Halskjedet med hjerteanheng kombinerer tidl\u00f8s design, s\u00f8lvfarget finish og komfortabel bruk for b\u00e5de hverdag og fest.\" \/>\n<meta name=\"robots\" content=\"index, follow, max-snippet:-1, max-image-preview:large, max-video-preview:-1\" \/>\n<link rel=\"canonical\" href=\"https:\/\/demostore.ai\/no\/produkt\/halskjede-med-hjerteanheng\/\" \/>\n<meta property=\"og:type\" content=\"article\" \/>\n<meta property=\"og:title\" content=\"Oppdag Klassisk Halskjede med Tidl\u00f8st Hjerteanheng\" \/>\n<meta property=\"og:description\" content=\"Nydelig raffinert eleganse i hvert ledd. Halskjedet med hjerteanheng tilbyr stilsikker s\u00f8lvfinish, klassisk design og komfortabel bruk \u2013 et ideelt valg for enhver anledning.\" \/>\n<meta property=\"og:url\" content=\"https:\/\/demostore.ai\/no\/produkt\/halskjede-med-hjerteanheng\/\" \/>\n<meta property=\"og:site_name\" content=\"Trendy Thread\" \/>\n<meta property=\"article:modified_time\" content=\"2026-02-18T10:14:19+00:00\" \/>\n<meta property=\"og:image\" content=\"https:\/\/demostore.ai\/wp-content\/uploads\/2025\/08\/1-White-Gold-Heart-Pendant-Necklace.png\" \/>\n\t<meta property=\"og:image:width\" content=\"1000\" \/>\n\t<meta property=\"og:image:height\" content=\"1000\" \/>\n\t<meta property=\"og:image:type\" content=\"image\/png\" \/>\n<meta name=\"twitter:card\" content=\"summary_large_image\" \/>\n<meta name=\"twitter:title\" content=\"Oppdag Klassisk Halskjede med Tidl\u00f8st Hjerteanheng\" \/>\n<meta name=\"twitter:description\" content=\"Nydelig raffinert eleganse i hvert ledd. Halskjedet med hjerteanheng tilbyr stilsikker s\u00f8lvfinish, klassisk design og komfortabel bruk \u2013 et ideelt valg for enhver anledning.\" \/>\n<meta name=\"twitter:label1\" content=\"Est. reading time\" \/>\n\t<meta name=\"twitter:data1\" content=\"1 minute\" \/>\n<script type=\"application\/ld+json\" class=\"yoast-schema-graph\">{\"@context\":\"https:\/\/schema.org\",\"@graph\":[{\"@type\":\"WebPage\",\"@id\":\"https:\/\/demostore.ai\/no\/produkt\/halskjede-med-hjerteanheng\/\",\"url\":\"https:\/\/demostore.ai\/no\/produkt\/halskjede-med-hjerteanheng\/\",\"name\":\"Oppdag Klassisk Halskjede med Tidl\u00f8st Hjerteanheng\",\"isPartOf\":{\"@id\":\"https:\/\/demostore.ai\/no\/#website\"},\"primaryImageOfPage\":{\"@id\":\"https:\/\/demostore.ai\/no\/produkt\/halskjede-med-hjerteanheng\/#primaryimage\"},\"image\":{\"@id\":\"https:\/\/demostore.ai\/no\/produkt\/halskjede-med-hjerteanheng\/#primaryimage\"},\"thumbnailUrl\":\"https:\/\/demostore.ai\/wp-content\/uploads\/2025\/08\/1-White-Gold-Heart-Pendant-Necklace.png\",\"datePublished\":\"2025-08-05T22:11:47+00:00\",\"dateModified\":\"2026-02-18T10:14:19+00:00\",\"description\":\"Sofistikert helhet i hver detalj. Halskjedet med hjerteanheng kombinerer tidl\u00f8s design, s\u00f8lvfarget finish og komfortabel bruk for b\u00e5de hverdag og fest.\",\"breadcrumb\":{\"@id\":\"https:\/\/demostore.ai\/no\/produkt\/halskjede-med-hjerteanheng\/#breadcrumb\"},\"inLanguage\":\"no\",\"potentialAction\":[{\"@type\":\"ReadAction\",\"target\":[\"https:\/\/demostore.ai\/no\/produkt\/halskjede-med-hjerteanheng\/\"]}]},{\"@type\":\"ImageObject\",\"inLanguage\":\"no\",\"@id\":\"https:\/\/demostore.ai\/no\/produkt\/halskjede-med-hjerteanheng\/#primaryimage\",\"url\":\"https:\/\/demostore.ai\/wp-content\/uploads\/2025\/08\/1-White-Gold-Heart-Pendant-Necklace.png\",\"contentUrl\":\"https:\/\/demostore.ai\/wp-content\/uploads\/2025\/08\/1-White-Gold-Heart-Pendant-Necklace.png\",\"width\":1000,\"height\":1000,\"caption\":\"S\u00f8lvfarget halskjede med glitrende hjerteanheng, vist mot hvit bakgrunn.\"},{\"@type\":\"BreadcrumbList\",\"@id\":\"https:\/\/demostore.ai\/no\/produkt\/halskjede-med-hjerteanheng\/#breadcrumb\",\"itemListElement\":[{\"@type\":\"ListItem\",\"position\":1,\"name\":\"Hjem\",\"item\":\"https:\/\/demostore.ai\/no\/\"},{\"@type\":\"ListItem\",\"position\":2,\"name\":\"Butikk\",\"item\":\"https:\/\/demostore.ai\/no\/butikk\/\"},{\"@type\":\"ListItem\",\"position\":3,\"name\":\"Halskjede med Hjerteanheng\"}]},{\"@type\":\"WebSite\",\"@id\":\"https:\/\/demostore.ai\/no\/#website\",\"url\":\"https:\/\/demostore.ai\/no\/\",\"name\":\"Trendy Thread\",\"description\":\"WriteText.ai demonstrasjonsbutikk\",\"publisher\":{\"@id\":\"https:\/\/demostore.ai\/no\/#organization\"},\"potentialAction\":[{\"@type\":\"SearchAction\",\"target\":{\"@type\":\"EntryPoint\",\"urlTemplate\":\"https:\/\/demostore.ai\/no\/?s={search_term_string}\"},\"query-input\":{\"@type\":\"PropertyValueSpecification\",\"valueRequired\":true,\"valueName\":\"search_term_string\"}}],\"inLanguage\":\"no\"},{\"@type\":\"Organization\",\"@id\":\"https:\/\/demostore.ai\/no\/#organization\",\"name\":\"WriteText.ai\",\"url\":\"https:\/\/demostore.ai\/no\/\",\"logo\":{\"@type\":\"ImageObject\",\"inLanguage\":\"no\",\"@id\":\"https:\/\/demostore.ai\/no\/#\/schema\/logo\/image\/\",\"url\":\"https:\/\/demostore.ai\/wp-content\/uploads\/2025\/10\/writetext_logo.webp\",\"contentUrl\":\"https:\/\/demostore.ai\/wp-content\/uploads\/2025\/10\/writetext_logo.webp\",\"width\":200,\"height\":34,\"caption\":\"WriteText.ai\"},\"image\":{\"@id\":\"https:\/\/demostore.ai\/no\/#\/schema\/logo\/image\/\"}}]}<\/script>\n<!-- \/ Yoast SEO plugin. -->","yoast_head_json":{"title":"Oppdag Klassisk Halskjede med Tidl\u00f8st Hjerteanheng","description":"Sofistikert helhet i hver detalj. Halskjedet med hjerteanheng kombinerer tidl\u00f8s design, s\u00f8lvfarget finish og komfortabel bruk for b\u00e5de hverdag og fest.","robots":{"index":"index","follow":"follow","max-snippet":"max-snippet:-1","max-image-preview":"max-image-preview:large","max-video-preview":"max-video-preview:-1"},"canonical":"https:\/\/demostore.ai\/no\/produkt\/halskjede-med-hjerteanheng\/","og_type":"article","og_title":"Oppdag Klassisk Halskjede med Tidl\u00f8st Hjerteanheng","og_description":"Nydelig raffinert eleganse i hvert ledd. Halskjedet med hjerteanheng tilbyr stilsikker s\u00f8lvfinish, klassisk design og komfortabel bruk \u2013 et ideelt valg for enhver anledning.","og_url":"https:\/\/demostore.ai\/no\/produkt\/halskjede-med-hjerteanheng\/","og_site_name":"Trendy Thread","article_modified_time":"2026-02-18T10:14:19+00:00","og_image":[{"width":1000,"height":1000,"url":"https:\/\/demostore.ai\/wp-content\/uploads\/2025\/08\/1-White-Gold-Heart-Pendant-Necklace.png","type":"image\/png"}],"twitter_card":"summary_large_image","twitter_title":"Oppdag Klassisk Halskjede med Tidl\u00f8st Hjerteanheng","twitter_description":"Nydelig raffinert eleganse i hvert ledd. Halskjedet med hjerteanheng tilbyr stilsikker s\u00f8lvfinish, klassisk design og komfortabel bruk \u2013 et ideelt valg for enhver anledning.","twitter_misc":{"Est. reading time":"1 minute"},"schema":{"@context":"https:\/\/schema.org","@graph":[{"@type":"WebPage","@id":"https:\/\/demostore.ai\/no\/produkt\/halskjede-med-hjerteanheng\/","url":"https:\/\/demostore.ai\/no\/produkt\/halskjede-med-hjerteanheng\/","name":"Oppdag Klassisk Halskjede med Tidl\u00f8st Hjerteanheng","isPartOf":{"@id":"https:\/\/demostore.ai\/no\/#website"},"primaryImageOfPage":{"@id":"https:\/\/demostore.ai\/no\/produkt\/halskjede-med-hjerteanheng\/#primaryimage"},"image":{"@id":"https:\/\/demostore.ai\/no\/produkt\/halskjede-med-hjerteanheng\/#primaryimage"},"thumbnailUrl":"https:\/\/demostore.ai\/wp-content\/uploads\/2025\/08\/1-White-Gold-Heart-Pendant-Necklace.png","datePublished":"2025-08-05T22:11:47+00:00","dateModified":"2026-02-18T10:14:19+00:00","description":"Sofistikert helhet i hver detalj. Halskjedet med hjerteanheng kombinerer tidl\u00f8s design, s\u00f8lvfarget finish og komfortabel bruk for b\u00e5de hverdag og fest.","breadcrumb":{"@id":"https:\/\/demostore.ai\/no\/produkt\/halskjede-med-hjerteanheng\/#breadcrumb"},"inLanguage":"no","potentialAction":[{"@type":"ReadAction","target":["https:\/\/demostore.ai\/no\/produkt\/halskjede-med-hjerteanheng\/"]}]},{"@type":"ImageObject","inLanguage":"no","@id":"https:\/\/demostore.ai\/no\/produkt\/halskjede-med-hjerteanheng\/#primaryimage","url":"https:\/\/demostore.ai\/wp-content\/uploads\/2025\/08\/1-White-Gold-Heart-Pendant-Necklace.png","contentUrl":"https:\/\/demostore.ai\/wp-content\/uploads\/2025\/08\/1-White-Gold-Heart-Pendant-Necklace.png","width":1000,"height":1000,"caption":"S\u00f8lvfarget halskjede med glitrende hjerteanheng, vist mot hvit bakgrunn."},{"@type":"BreadcrumbList","@id":"https:\/\/demostore.ai\/no\/produkt\/halskjede-med-hjerteanheng\/#breadcrumb","itemListElement":[{"@type":"ListItem","position":1,"name":"Hjem","item":"https:\/\/demostore.ai\/no\/"},{"@type":"ListItem","position":2,"name":"Butikk","item":"https:\/\/demostore.ai\/no\/butikk\/"},{"@type":"ListItem","position":3,"name":"Halskjede med Hjerteanheng"}]},{"@type":"WebSite","@id":"https:\/\/demostore.ai\/no\/#website","url":"https:\/\/demostore.ai\/no\/","name":"Trendy Thread","description":"WriteText.ai demonstrasjonsbutikk","publisher":{"@id":"https:\/\/demostore.ai\/no\/#organization"},"potentialAction":[{"@type":"SearchAction","target":{"@type":"EntryPoint","urlTemplate":"https:\/\/demostore.ai\/no\/?s={search_term_string}"},"query-input":{"@type":"PropertyValueSpecification","valueRequired":true,"valueName":"search_term_string"}}],"inLanguage":"no"},{"@type":"Organization","@id":"https:\/\/demostore.ai\/no\/#organization","name":"WriteText.ai","url":"https:\/\/demostore.ai\/no\/","logo":{"@type":"ImageObject","inLanguage":"no","@id":"https:\/\/demostore.ai\/no\/#\/schema\/logo\/image\/","url":"https:\/\/demostore.ai\/wp-content\/uploads\/2025\/10\/writetext_logo.webp","contentUrl":"https:\/\/demostore.ai\/wp-content\/uploads\/2025\/10\/writetext_logo.webp","width":200,"height":34,"caption":"WriteText.ai"},"image":{"@id":"https:\/\/demostore.ai\/no\/#\/schema\/logo\/image\/"}}]}},"_links":{"self":[{"href":"https:\/\/demostore.ai\/no\/wp-json\/wp\/v2\/product\/38150","targetHints":{"allow":["GET"]}}],"collection":[{"href":"https:\/\/demostore.ai\/no\/wp-json\/wp\/v2\/product"}],"about":[{"href":"https:\/\/demostore.ai\/no\/wp-json\/wp\/v2\/types\/product"}],"replies":[{"embeddable":true,"href":"https:\/\/demostore.ai\/no\/wp-json\/wp\/v2\/comments?post=38150"}],"wp:featuredmedia":[{"embeddable":true,"href":"https:\/\/demostore.ai\/no\/wp-json\/wp\/v2\/media\/29994"}],"wp:attachment":[{"href":"https:\/\/demostore.ai\/no\/wp-json\/wp\/v2\/media?parent=38150"}],"wp:term":[{"taxonomy":"product_brand","embeddable":true,"href":"https:\/\/demostore.ai\/no\/wp-json\/wp\/v2\/product_brand?post=38150"},{"taxonomy":"product_cat","embeddable":true,"href":"https:\/\/demostore.ai\/no\/wp-json\/wp\/v2\/product_cat?post=38150"},{"taxonomy":"product_tag","embeddable":true,"href":"https:\/\/demostore.ai\/no\/wp-json\/wp\/v2\/product_tag?post=38150"}],"curies":[{"name":"wp","href":"https:\/\/api.w.org\/{rel}","templated":true}]}}