{"id":46712,"date":"2025-07-28T05:45:53","date_gmt":"2025-07-27T21:45:53","guid":{"rendered":"https:\/\/demostore.ai\/?post_type=product&#038;p=46712"},"modified":"2026-02-20T10:50:06","modified_gmt":"2026-02-20T02:50:06","slug":"samsung-essential-monitor-s3-24%e2%80%b3-full-hd-ips-75hz-hdmi","status":"publish","type":"product","link":"https:\/\/demostore.ai\/lv\/products\/samsung-essential-monitor-s3-24%e2%80%b3-full-hd-ips-75hz-hdmi\/","title":{"rendered":"Samsung Essential Monitor S3 24\u2033 \u2013 Full HD, IPS, 75Hz, HDMI"},"content":{"rendered":"<section data-wtai-block-id=\"wtai_product_description_features\" class=\"wtai-section wtai-features-section\">\n<h2>Produkta Galvenie Akcenti<\/h2>\n<ul>\n<li>24 collu Full HD iz\u0161\u0137irtsp\u0113ja nodro\u0161ina asas deta\u013cas un augstu att\u0113la kvalit\u0101ti.<\/li>\n<li>IPS tehnolo\u0123ija pied\u0101v\u0101 pla\u0161us skat\u012b\u0161an\u0101s le\u0146\u0137us un patiesas kr\u0101sas.<\/li>\n<li>75 Hz atsvaidzes intensit\u0101te pl\u016bdenai video un grafikas att\u0113lo\u0161anai.<\/li>\n<li>HDMI piesl\u0113gvieta \u0113rtai savieno\u0161anai ar datoru, portat\u012bvo vai citu ier\u012bci.<\/li>\n<li>Stil\u012bgs, minim\u0101lisma dizains ar pl\u0101nu ekr\u0101na apmali m\u016bsdien\u012bgam darba vai m\u0101jas galdam.<\/li>\n<\/ul>\n<\/section>\n<div data-wtai-block-id=\"wtai_product_description_image_1753694476277\" class=\"wtai-section wtai-image_1753694476277-section\">\n<figure class=\"wtai-image-p wtai-align-center\" style=\"text-align:center\"><img decoding=\"async\" src=\"https:\/\/demostore.ai\/wp-content\/uploads\/2025\/07\/monitor-02-1-600x713.png\" alt=\"Samsung Essential Monitor S3 24&quot; ar ainavas att\u0113lu, pl\u0101ns r\u0101mis, Full HD, IPS ekr\u0101ns.\" srcset=\"https:\/\/demostore.ai\/wp-content\/uploads\/2025\/07\/monitor-02-1.png 782w, https:\/\/demostore.ai\/wp-content\/uploads\/2025\/07\/monitor-02-1-253x300.png 253w, https:\/\/demostore.ai\/wp-content\/uploads\/2025\/07\/monitor-02-1-768x912.png 768w, https:\/\/demostore.ai\/wp-content\/uploads\/2025\/07\/monitor-02-1-600x713.png 600w\"><figcaption>\n<p>Monitoram ir \u012bpa\u0161i pl\u0101ns r\u0101mis un dabiski ko\u0161as, detaliz\u0113tas kr\u0101sas att\u0113lo\u0161anas iesp\u0113ja.<\/p>\n<\/figcaption><\/figure>\n<\/p><\/div>\n<section data-wtai-block-id=\"wtai_product_description_advantages\" class=\"wtai-section wtai-advantages-section\">\n<h2>K\u0101p\u0113c izv\u0113l\u0113ties \u0161o monitoru?<\/h2>\n<p><em>Ar Full HD iz\u0161\u0137irtsp\u0113ju uz 24 collu ekr\u0101na var \u0113rti str\u0101d\u0101t ar dokumentiem vai baud\u012bt video bez deta\u013cu zuduma.<\/em><\/p>\n<p><em>IPS matrica sniedz vizu\u0101las priek\u0161roc\u012bbas tiem, kuri v\u0113rt\u0113 kr\u0101su precizit\u0101ti un konsekvenci neatkar\u012bgi no skat\u012b\u0161an\u0101s le\u0146\u0137a.<\/em><\/p>\n<p><em>75 Hz atsvaidzes bie\u017eums \u013cauj \u0113rti sekot dinamiskai inform\u0101cijai, nepac\u0113rtot acis pie ilg\u0101ka darba vai sp\u0113l\u0113m.<\/em><\/p>\n<p><em>HDMI piesl\u0113gvieta padara monitoru savietojamu ar popul\u0101r\u0101kaj\u0101m ier\u012bc\u0113m biroj\u0101 vai m\u0101j\u0101s, t\u0101d\u0113j\u0101di atvieglojot uzst\u0101d\u012b\u0161anu.<\/em><\/p>\n<p><em>Vizu\u0101li pievilc\u012bgs un kompakts, tas organiski iek\u013cauj\u0101s jebkur\u0101 telp\u0101, vienlaikus optimiz\u0113jot darba vietas izk\u0101rtojumu.<\/em><\/p>\n<\/section>\n<section data-wtai-block-id=\"wtai_product_description_benefits\" class=\"wtai-section wtai-benefits-section\">\n<h3>Ieguvumi J\u016bsu Ikdienai<\/h3>\n<ul>\n<li>Nogurums no izpl\u016bdu\u0161a att\u0113la: Augst\u0101 iz\u0161\u0137irtsp\u0113ja nodro\u0161ina skaidru ekr\u0101nu un pat\u012bkamu skat\u012b\u0161anos.<\/li>\n<li>Dom\u0101jat par ilgsto\u0161u lieto\u0161anu: IPS matrica aizsarg\u0101 acis ar stabilu att\u0113lu un prec\u012bz\u0101m kr\u0101s\u0101m.<\/li>\n<li>Main\u012bga darba vide: HDMI piesl\u0113gvieta atvieglo p\u0101rsl\u0113g\u0161anos starp da\u017e\u0101d\u0101m ier\u012bc\u0113m bez tehnisk\u0101m gr\u016bt\u012bb\u0101m.<\/li>\n<li>V\u0113laties vair\u0101k vietas uz galda: Pl\u0101ns dizains pal\u012bdz izmantot katru centimetru efekt\u012bvi, padarot darba vidi \u0113rt\u0101ku.<\/li>\n<\/ul>\n<\/section>\n<section data-wtai-block-id=\"wtai_product_description_use_cases\" class=\"wtai-section wtai-use_cases-section\">\n<h3>Lieto\u0161anas Iesp\u0113jas<\/h3>\n<ol>\n<li>Lieliski piem\u0113rots m\u0101jas biroja darba stacij\u0101m un ikdienas biroja uzdevumiem.<\/li>\n<li>Video skat\u012b\u0161an\u0101s un straum\u0113\u0161ana ar dz\u012bv\u0101m kr\u0101s\u0101m un vienm\u0113r\u012bgu kust\u012bbu.<\/li>\n<li>Grafiskais darbs, kur nepiecie\u0161ama kr\u0101su precizit\u0101te un detaliz\u0101cija.<\/li>\n<li>Att\u0101lin\u0101ta apm\u0101c\u012bba vai tie\u0161saistes lekcijas ar \u0113rtu skata le\u0146\u0137i un skaidru att\u0113lu.<\/li>\n<li>Ikdienas izklaide \u2013 sp\u0113l\u0113m, filmu baud\u012b\u0161anai vai satura p\u0101rl\u016bko\u0161anai.<\/li>\n<\/ol>\n<\/section>\n<div data-wtai-block-id=\"wtai_product_description_image_1\" class=\"wtai-section wtai-image_1-section\">\n<figure class=\"wtai-image-p wtai-align-center\" style=\"text-align:center\"><img decoding=\"async\" src=\"https:\/\/demostore.ai\/wp-content\/uploads\/2025\/07\/monitor-01-600x491.png\" alt=\"Samsung Essential Monitor S3 24\u2033 ar ainavu displej\u0101, Full HD IPS ekr\u0101ns produkta lap\u0101.\" srcset=\"https:\/\/demostore.ai\/wp-content\/uploads\/2025\/07\/monitor-01.png 1000w, https:\/\/demostore.ai\/wp-content\/uploads\/2025\/07\/monitor-01-300x245.png 300w, https:\/\/demostore.ai\/wp-content\/uploads\/2025\/07\/monitor-01-768x628.png 768w, https:\/\/demostore.ai\/wp-content\/uploads\/2025\/07\/monitor-01-600x491.png 600w\"><\/figure>\n<\/p><\/div>\n<section data-wtai-block-id=\"wtai_product_description_technical_specifications\" class=\"wtai-section wtai-technical_specifications-section\">\n<h2>Tehnisk\u0101 Specifik\u0101cija<\/h2>\n<ul>\n<li><strong>Ekr\u0101na izm\u0113rs:<\/strong> 24&quot;<\/li>\n<li><strong>Iz\u0161\u0137irtsp\u0113ja:<\/strong> 1920 x 1080 (Full HD)<\/li>\n<li><strong>Pane\u013ca tips:<\/strong> IPS<\/li>\n<li><strong>Atsvaidzes intensit\u0101te:<\/strong> 75 Hz<\/li>\n<li><strong>Att\u0113la form\u0101ts:<\/strong> 16:9<\/li>\n<li><strong>Gai\u0161ums:<\/strong> 250 cd\/m\u00b2<\/li>\n<li><strong>Kontrasta attiec\u012bba:<\/strong> 1000:1<\/li>\n<li><strong>Skat\u012b\u0161an\u0101s le\u0146\u0137is (H\/V):<\/strong> 178\u00b0\/178\u00b0<\/li>\n<li><strong>Reakcijas laiks:<\/strong> 5 ms<\/li>\n<li><strong>Saskarnes:<\/strong> 1x HDMI, 1x VGA<\/li>\n<li><strong>Aizmugures apgaismojums:<\/strong> LED<\/li>\n<li><strong>Ener\u0123ijas pat\u0113ri\u0146\u0161 (tipisks):<\/strong> 21 W<\/li>\n<li><strong>Izm\u0113ri (ar stat\u012bvu):<\/strong> 540 x 425 x 236 mm<\/li>\n<li><strong>Stiprin\u0101juma atbalsts:<\/strong> VESA 75 x 75 mm<\/li>\n<li><strong>Svars:<\/strong> 2.7 kg<\/li>\n<\/ul>\n<\/section>\n<div data-wtai-block-id=\"wtai_product_description_image_1753694484745\" class=\"wtai-section wtai-image_1753694484745-section\">\n<figure class=\"wtai-image-p wtai-align-center\" style=\"text-align:center\"><img decoding=\"async\" src=\"https:\/\/demostore.ai\/wp-content\/uploads\/2025\/07\/monitor-03-600x487.png\" alt=\"Samsung Essential Monitor S3 24\u2033 aizmugures piesl\u0113gvietas: DC14V, HDMI un VGA porti.\" srcset=\"https:\/\/demostore.ai\/wp-content\/uploads\/2025\/07\/monitor-03.png 1000w, https:\/\/demostore.ai\/wp-content\/uploads\/2025\/07\/monitor-03-300x243.png 300w, https:\/\/demostore.ai\/wp-content\/uploads\/2025\/07\/monitor-03-768x623.png 768w, https:\/\/demostore.ai\/wp-content\/uploads\/2025\/07\/monitor-03-600x487.png 600w\"><figcaption>\n<p>Aizmugur\u0113 redzami HDMI, VGA un baro\u0161anas savienot\u0101ji \u0113rtai piesl\u0113g\u0161anai da\u017e\u0101d\u0101m ier\u012bc\u0113m.<\/p>\n<\/figcaption><\/figure>\n<\/p><\/div>\n<section data-wtai-block-id=\"wtai_product_description_faqs\" class=\"wtai-section wtai-faqs-section\">\n<h2>Bie\u017e\u0101k Uzdotie Jaut\u0101jumi<\/h2>\n<p><strong>Vai monitoru var piesl\u0113gt gan pie datora, gan pie portat\u012bv\u0101 datora?<\/strong> <br \/> J\u0101, monitors ir apr\u012bkots ar HDMI un VGA piesl\u0113gviet\u0101m, kas \u013cauj to savienot ar da\u017e\u0101d\u0101m ier\u012bc\u0113m.<\/p>\n<p><strong>K\u0101das priek\u0161roc\u012bbas sniedz IPS matrica \u0161im monitoram?<\/strong> <br \/> IPS tehnolo\u0123ija nodro\u0161ina dabiskas kr\u0101sas un pla\u0161u skat\u012b\u0161an\u0101s le\u0146\u0137i, kas nodro\u0161ina skaidru att\u0113lu no jebkura le\u0146\u0137a.<\/p>\n<p><strong>Vai monitoram ir VESA stiprin\u0101juma iesp\u0113ja?<\/strong> <br \/> J\u0101, monitora aizmugur\u0113 ir VESA stiprin\u0101juma sagataves (75 x 75 mm), kas \u013cauj to viegli uzst\u0101d\u012bt uz sienas vai speci\u0101la kron\u0161teina.<\/p>\n<p><strong>Cik pl\u0101ns ir \u0161is monitors un vai tas aiz\u0146em daudz vietas uz galda?<\/strong> <br \/> Pateicoties pl\u0101nam r\u0101mim un kompaktiem izm\u0113riem, monitors ieder\u0113sies ar\u012b maz\u0101k\u0101s darba viet\u0101s \u2013 t\u0101 izm\u0113ri kop\u0101 ar stat\u012bvu ir tikai 540 x 425 x 236 mm.<\/p>\n<p><strong>Vai \u0161is monitors ir piem\u0113rots viegl\u0101m datorsp\u0113l\u0113m?<\/strong> <br \/> J\u0101, pateicoties 75 Hz atsvaidzes intensit\u0101tei un \u0101trai reakcijai, monitors ir labi piem\u0113rots ar\u012b viegl\u0101m sp\u0113l\u0113m un izklaidei.<\/p>\n<\/section>\n<div data-wtai-block-id=\"wtai_product_description_conclusion\" class=\"wtai-section wtai-conclusion-section\">\n<p><strong>Samsung Essential Monitor S3 pied\u0101v\u0101 augstas klases att\u0113la kvalit\u0101ti un uzticamu darb\u012bbu jebkur\u0101 vid\u0113.<\/strong> <strong>Izmantojiet iesp\u0113ju uzlabot savu darba vai izklaides pieredzi ar uzticamu un modernu risin\u0101jumu.<\/strong> <strong>Izv\u0113lieties kvalit\u0101ti un komfortu \u2013 ieg\u0101d\u0101jieties \u0161o monitoru jau \u0161odien, lai nepalaistu gar\u0101m savas n\u0101kam\u0101s lab\u0101k\u0101s iesp\u0113jas.<\/strong><\/p>\n<\/p><\/div>\n","protected":false},"excerpt":{"rendered":"<div data-wtai-block-id=\"wtai_excerpt_subtitle\" class=\"wtai-section wtai-subtitle-section\">\n<p><em><strong>Pla\u0161s skat\u012bjums un re\u0101listiskas kr\u0101sas ikdienas darbam un izklaidei<\/strong><\/em><\/p>\n<\/p><\/div>\n<div data-wtai-block-id=\"wtai_excerpt_introduction\" class=\"wtai-section wtai-introduction-section\">\n<p>Nep\u0101rsp\u0113jami viegli piel\u0101goties jebkuram uzdevumam \u2013 t\u0101 var raksturot \u0161o monitoru. Pla\u0161ais 24 collu IPS ekr\u0101ns ar augstu Full HD iz\u0161\u0137irtsp\u0113ju nodro\u0161ina perfektu p\u0101rskat\u0101m\u012bbu gan darbam, gan izklaidei. Pateicoties 75Hz atsvaidzes intensit\u0101tei un \u0113rtajam HDMI savienojumam, p\u0101reja starp uzdevumiem ir nevainojama un pl\u016bsto\u0161a. Moderns dizains apvienojum\u0101 ar pl\u0101n\u0101m mal\u0101m \u013cauj koncentr\u0113ties tikai uz to, kas patie\u0161\u0101m svar\u012bgs \u2013 saturu. \u0160is monitors iev\u0113rojami atvieglo ikdienu, pied\u0101v\u0101jot \u0113rtu risin\u0101jumu produktivit\u0101tei un kvalitat\u012bvai att\u0113lu pieredzei.<\/p>\n<\/p><\/div>\n","protected":false},"featured_media":25514,"comment_status":"open","ping_status":"closed","template":"","meta":[],"product_brand":[],"product_cat":[203],"product_tag":[],"class_list":{"0":"post-46712","1":"product","2":"type-product","3":"status-publish","4":"has-post-thumbnail","6":"product_cat-elektronika-lv","8":"first","9":"instock","10":"shipping-taxable","11":"purchasable","12":"product-type-simple"},"bundled_by":["244216"],"bundle_stock_status":"instock","bundle_stock_quantity":null,"bundle_virtual":false,"bundle_layout":"","bundle_add_to_cart_form_location":"","bundle_editable_in_cart":false,"bundle_sold_individually_context":"","bundle_item_grouping":"","bundle_min_size":"","bundle_max_size":"","bundle_price":[],"bundled_items":[],"bundle_sell_ids":[],"yoast_head":"<!-- This site is optimized with the Yoast SEO plugin v25.2 - https:\/\/yoast.com\/wordpress\/plugins\/seo\/ -->\n<title>Get Samsung Essential Monitor S3 24 Inch Full HD IPS 75Hz HDMI<\/title>\n<meta name=\"description\" content=\"Est\u0113tisks un kompakts monitors, kas pied\u0101v\u0101 24 collu Full HD ekr\u0101nu ar IPS paneli, 75 Hz atsvaidzes intensit\u0101ti un HDMI piesl\u0113gvietu \u0113rtai savieno\u0161anai.\" \/>\n<meta name=\"robots\" content=\"index, follow, max-snippet:-1, max-image-preview:large, max-video-preview:-1\" \/>\n<link rel=\"canonical\" href=\"https:\/\/demostore.ai\/lv\/products\/samsung-essential-monitor-s3-24%e2%80%b3-full-hd-ips-75hz-hdmi\/\" \/>\n<meta property=\"og:type\" content=\"article\" \/>\n<meta property=\"og:title\" content=\"Get Samsung Essential Monitor S3 24 Inch Full HD IPS 75Hz HDMI\" \/>\n<meta property=\"og:description\" content=\"Izsmalcin\u0101ts 24 collu Samsung monitors ar IPS tehnolo\u0123iju nodro\u0161ina patiesas kr\u0101sas, 75 Hz atsvaidzi un HDMI piesl\u0113gumu produkt\u012bvam darbam un izklaidei m\u0101j\u0101s.\" \/>\n<meta property=\"og:url\" content=\"https:\/\/demostore.ai\/lv\/products\/samsung-essential-monitor-s3-24%e2%80%b3-full-hd-ips-75hz-hdmi\/\" \/>\n<meta property=\"og:site_name\" content=\"Trendy Thread\" \/>\n<meta property=\"article:modified_time\" content=\"2026-02-20T02:50:06+00:00\" \/>\n<meta property=\"og:image\" content=\"https:\/\/demostore.ai\/wp-content\/uploads\/2025\/07\/monitor-01.png\" \/>\n\t<meta property=\"og:image:width\" content=\"1000\" \/>\n\t<meta property=\"og:image:height\" content=\"818\" \/>\n\t<meta property=\"og:image:type\" content=\"image\/png\" \/>\n<meta name=\"twitter:card\" content=\"summary_large_image\" \/>\n<meta name=\"twitter:title\" content=\"Get Samsung Essential Monitor S3 24 Inch Full HD IPS 75Hz HDMI\" \/>\n<meta name=\"twitter:description\" content=\"Izsmalcin\u0101ts 24 collu Samsung monitors ar IPS tehnolo\u0123iju nodro\u0161ina patiesas kr\u0101sas, 75 Hz atsvaidzi un HDMI piesl\u0113gumu produkt\u012bvam darbam un izklaidei m\u0101j\u0101s.\" \/>\n<meta name=\"twitter:label1\" content=\"Est. reading time\" \/>\n\t<meta name=\"twitter:data1\" content=\"1 min\u016b\u0161u\" \/>\n<script type=\"application\/ld+json\" class=\"yoast-schema-graph\">{\"@context\":\"https:\/\/schema.org\",\"@graph\":[{\"@type\":\"WebPage\",\"@id\":\"https:\/\/demostore.ai\/lv\/products\/samsung-essential-monitor-s3-24%e2%80%b3-full-hd-ips-75hz-hdmi\/\",\"url\":\"https:\/\/demostore.ai\/lv\/products\/samsung-essential-monitor-s3-24%e2%80%b3-full-hd-ips-75hz-hdmi\/\",\"name\":\"Get Samsung Essential Monitor S3 24 Inch Full HD IPS 75Hz HDMI\",\"isPartOf\":{\"@id\":\"https:\/\/demostore.ai\/lv\/#website\"},\"primaryImageOfPage\":{\"@id\":\"https:\/\/demostore.ai\/lv\/products\/samsung-essential-monitor-s3-24%e2%80%b3-full-hd-ips-75hz-hdmi\/#primaryimage\"},\"image\":{\"@id\":\"https:\/\/demostore.ai\/lv\/products\/samsung-essential-monitor-s3-24%e2%80%b3-full-hd-ips-75hz-hdmi\/#primaryimage\"},\"thumbnailUrl\":\"https:\/\/demostore.ai\/wp-content\/uploads\/2025\/07\/monitor-01.png\",\"datePublished\":\"2025-07-27T21:45:53+00:00\",\"dateModified\":\"2026-02-20T02:50:06+00:00\",\"description\":\"Est\u0113tisks un kompakts monitors, kas pied\u0101v\u0101 24 collu Full HD ekr\u0101nu ar IPS paneli, 75 Hz atsvaidzes intensit\u0101ti un HDMI piesl\u0113gvietu \u0113rtai savieno\u0161anai.\",\"breadcrumb\":{\"@id\":\"https:\/\/demostore.ai\/lv\/products\/samsung-essential-monitor-s3-24%e2%80%b3-full-hd-ips-75hz-hdmi\/#breadcrumb\"},\"inLanguage\":\"lv-LV\",\"potentialAction\":[{\"@type\":\"ReadAction\",\"target\":[\"https:\/\/demostore.ai\/lv\/products\/samsung-essential-monitor-s3-24%e2%80%b3-full-hd-ips-75hz-hdmi\/\"]}]},{\"@type\":\"ImageObject\",\"inLanguage\":\"lv-LV\",\"@id\":\"https:\/\/demostore.ai\/lv\/products\/samsung-essential-monitor-s3-24%e2%80%b3-full-hd-ips-75hz-hdmi\/#primaryimage\",\"url\":\"https:\/\/demostore.ai\/wp-content\/uploads\/2025\/07\/monitor-01.png\",\"contentUrl\":\"https:\/\/demostore.ai\/wp-content\/uploads\/2025\/07\/monitor-01.png\",\"width\":1000,\"height\":818,\"caption\":\"Samsung Essential Monitor S3 24\u2033 ar ainavu displej\u0101, Full HD IPS ekr\u0101ns produkta lap\u0101.\"},{\"@type\":\"BreadcrumbList\",\"@id\":\"https:\/\/demostore.ai\/lv\/products\/samsung-essential-monitor-s3-24%e2%80%b3-full-hd-ips-75hz-hdmi\/#breadcrumb\",\"itemListElement\":[{\"@type\":\"ListItem\",\"position\":1,\"name\":\"S\u0101kums\",\"item\":\"https:\/\/demostore.ai\/lv\/\"},{\"@type\":\"ListItem\",\"position\":2,\"name\":\"Veikals\",\"item\":\"https:\/\/demostore.ai\/lv\/veikals\/\"},{\"@type\":\"ListItem\",\"position\":3,\"name\":\"Samsung Essential Monitor S3 24\u2033 \u2013 Full HD, IPS, 75Hz, HDMI\"}]},{\"@type\":\"WebSite\",\"@id\":\"https:\/\/demostore.ai\/lv\/#website\",\"url\":\"https:\/\/demostore.ai\/lv\/\",\"name\":\"Trendy Thread\",\"description\":\"WriteText.ai demonstr\u0101cijas veikals\",\"publisher\":{\"@id\":\"https:\/\/demostore.ai\/lv\/#organization\"},\"potentialAction\":[{\"@type\":\"SearchAction\",\"target\":{\"@type\":\"EntryPoint\",\"urlTemplate\":\"https:\/\/demostore.ai\/lv\/?s={search_term_string}\"},\"query-input\":{\"@type\":\"PropertyValueSpecification\",\"valueRequired\":true,\"valueName\":\"search_term_string\"}}],\"inLanguage\":\"lv-LV\"},{\"@type\":\"Organization\",\"@id\":\"https:\/\/demostore.ai\/lv\/#organization\",\"name\":\"WriteText.ai\",\"url\":\"https:\/\/demostore.ai\/lv\/\",\"logo\":{\"@type\":\"ImageObject\",\"inLanguage\":\"lv-LV\",\"@id\":\"https:\/\/demostore.ai\/lv\/#\/schema\/logo\/image\/\",\"url\":\"https:\/\/demostore.ai\/wp-content\/uploads\/2025\/10\/writetext_logo.webp\",\"contentUrl\":\"https:\/\/demostore.ai\/wp-content\/uploads\/2025\/10\/writetext_logo.webp\",\"width\":200,\"height\":34,\"caption\":\"WriteText.ai\"},\"image\":{\"@id\":\"https:\/\/demostore.ai\/lv\/#\/schema\/logo\/image\/\"}}]}<\/script>\n<!-- \/ Yoast SEO plugin. -->","yoast_head_json":{"title":"Get Samsung Essential Monitor S3 24 Inch Full HD IPS 75Hz HDMI","description":"Est\u0113tisks un kompakts monitors, kas pied\u0101v\u0101 24 collu Full HD ekr\u0101nu ar IPS paneli, 75 Hz atsvaidzes intensit\u0101ti un HDMI piesl\u0113gvietu \u0113rtai savieno\u0161anai.","robots":{"index":"index","follow":"follow","max-snippet":"max-snippet:-1","max-image-preview":"max-image-preview:large","max-video-preview":"max-video-preview:-1"},"canonical":"https:\/\/demostore.ai\/lv\/products\/samsung-essential-monitor-s3-24%e2%80%b3-full-hd-ips-75hz-hdmi\/","og_type":"article","og_title":"Get Samsung Essential Monitor S3 24 Inch Full HD IPS 75Hz HDMI","og_description":"Izsmalcin\u0101ts 24 collu Samsung monitors ar IPS tehnolo\u0123iju nodro\u0161ina patiesas kr\u0101sas, 75 Hz atsvaidzi un HDMI piesl\u0113gumu produkt\u012bvam darbam un izklaidei m\u0101j\u0101s.","og_url":"https:\/\/demostore.ai\/lv\/products\/samsung-essential-monitor-s3-24%e2%80%b3-full-hd-ips-75hz-hdmi\/","og_site_name":"Trendy Thread","article_modified_time":"2026-02-20T02:50:06+00:00","og_image":[{"width":1000,"height":818,"url":"https:\/\/demostore.ai\/wp-content\/uploads\/2025\/07\/monitor-01.png","type":"image\/png"}],"twitter_card":"summary_large_image","twitter_title":"Get Samsung Essential Monitor S3 24 Inch Full HD IPS 75Hz HDMI","twitter_description":"Izsmalcin\u0101ts 24 collu Samsung monitors ar IPS tehnolo\u0123iju nodro\u0161ina patiesas kr\u0101sas, 75 Hz atsvaidzi un HDMI piesl\u0113gumu produkt\u012bvam darbam un izklaidei m\u0101j\u0101s.","twitter_misc":{"Est. reading time":"1 min\u016b\u0161u"},"schema":{"@context":"https:\/\/schema.org","@graph":[{"@type":"WebPage","@id":"https:\/\/demostore.ai\/lv\/products\/samsung-essential-monitor-s3-24%e2%80%b3-full-hd-ips-75hz-hdmi\/","url":"https:\/\/demostore.ai\/lv\/products\/samsung-essential-monitor-s3-24%e2%80%b3-full-hd-ips-75hz-hdmi\/","name":"Get Samsung Essential Monitor S3 24 Inch Full HD IPS 75Hz HDMI","isPartOf":{"@id":"https:\/\/demostore.ai\/lv\/#website"},"primaryImageOfPage":{"@id":"https:\/\/demostore.ai\/lv\/products\/samsung-essential-monitor-s3-24%e2%80%b3-full-hd-ips-75hz-hdmi\/#primaryimage"},"image":{"@id":"https:\/\/demostore.ai\/lv\/products\/samsung-essential-monitor-s3-24%e2%80%b3-full-hd-ips-75hz-hdmi\/#primaryimage"},"thumbnailUrl":"https:\/\/demostore.ai\/wp-content\/uploads\/2025\/07\/monitor-01.png","datePublished":"2025-07-27T21:45:53+00:00","dateModified":"2026-02-20T02:50:06+00:00","description":"Est\u0113tisks un kompakts monitors, kas pied\u0101v\u0101 24 collu Full HD ekr\u0101nu ar IPS paneli, 75 Hz atsvaidzes intensit\u0101ti un HDMI piesl\u0113gvietu \u0113rtai savieno\u0161anai.","breadcrumb":{"@id":"https:\/\/demostore.ai\/lv\/products\/samsung-essential-monitor-s3-24%e2%80%b3-full-hd-ips-75hz-hdmi\/#breadcrumb"},"inLanguage":"lv-LV","potentialAction":[{"@type":"ReadAction","target":["https:\/\/demostore.ai\/lv\/products\/samsung-essential-monitor-s3-24%e2%80%b3-full-hd-ips-75hz-hdmi\/"]}]},{"@type":"ImageObject","inLanguage":"lv-LV","@id":"https:\/\/demostore.ai\/lv\/products\/samsung-essential-monitor-s3-24%e2%80%b3-full-hd-ips-75hz-hdmi\/#primaryimage","url":"https:\/\/demostore.ai\/wp-content\/uploads\/2025\/07\/monitor-01.png","contentUrl":"https:\/\/demostore.ai\/wp-content\/uploads\/2025\/07\/monitor-01.png","width":1000,"height":818,"caption":"Samsung Essential Monitor S3 24\u2033 ar ainavu displej\u0101, Full HD IPS ekr\u0101ns produkta lap\u0101."},{"@type":"BreadcrumbList","@id":"https:\/\/demostore.ai\/lv\/products\/samsung-essential-monitor-s3-24%e2%80%b3-full-hd-ips-75hz-hdmi\/#breadcrumb","itemListElement":[{"@type":"ListItem","position":1,"name":"S\u0101kums","item":"https:\/\/demostore.ai\/lv\/"},{"@type":"ListItem","position":2,"name":"Veikals","item":"https:\/\/demostore.ai\/lv\/veikals\/"},{"@type":"ListItem","position":3,"name":"Samsung Essential Monitor S3 24\u2033 \u2013 Full HD, IPS, 75Hz, HDMI"}]},{"@type":"WebSite","@id":"https:\/\/demostore.ai\/lv\/#website","url":"https:\/\/demostore.ai\/lv\/","name":"Trendy Thread","description":"WriteText.ai demonstr\u0101cijas veikals","publisher":{"@id":"https:\/\/demostore.ai\/lv\/#organization"},"potentialAction":[{"@type":"SearchAction","target":{"@type":"EntryPoint","urlTemplate":"https:\/\/demostore.ai\/lv\/?s={search_term_string}"},"query-input":{"@type":"PropertyValueSpecification","valueRequired":true,"valueName":"search_term_string"}}],"inLanguage":"lv-LV"},{"@type":"Organization","@id":"https:\/\/demostore.ai\/lv\/#organization","name":"WriteText.ai","url":"https:\/\/demostore.ai\/lv\/","logo":{"@type":"ImageObject","inLanguage":"lv-LV","@id":"https:\/\/demostore.ai\/lv\/#\/schema\/logo\/image\/","url":"https:\/\/demostore.ai\/wp-content\/uploads\/2025\/10\/writetext_logo.webp","contentUrl":"https:\/\/demostore.ai\/wp-content\/uploads\/2025\/10\/writetext_logo.webp","width":200,"height":34,"caption":"WriteText.ai"},"image":{"@id":"https:\/\/demostore.ai\/lv\/#\/schema\/logo\/image\/"}}]}},"_links":{"self":[{"href":"https:\/\/demostore.ai\/lv\/wp-json\/wp\/v2\/product\/46712","targetHints":{"allow":["GET"]}}],"collection":[{"href":"https:\/\/demostore.ai\/lv\/wp-json\/wp\/v2\/product"}],"about":[{"href":"https:\/\/demostore.ai\/lv\/wp-json\/wp\/v2\/types\/product"}],"replies":[{"embeddable":true,"href":"https:\/\/demostore.ai\/lv\/wp-json\/wp\/v2\/comments?post=46712"}],"wp:featuredmedia":[{"embeddable":true,"href":"https:\/\/demostore.ai\/lv\/wp-json\/wp\/v2\/media\/25514"}],"wp:attachment":[{"href":"https:\/\/demostore.ai\/lv\/wp-json\/wp\/v2\/media?parent=46712"}],"wp:term":[{"taxonomy":"product_brand","embeddable":true,"href":"https:\/\/demostore.ai\/lv\/wp-json\/wp\/v2\/product_brand?post=46712"},{"taxonomy":"product_cat","embeddable":true,"href":"https:\/\/demostore.ai\/lv\/wp-json\/wp\/v2\/product_cat?post=46712"},{"taxonomy":"product_tag","embeddable":true,"href":"https:\/\/demostore.ai\/lv\/wp-json\/wp\/v2\/product_tag?post=46712"}],"curies":[{"name":"wp","href":"https:\/\/api.w.org\/{rel}","templated":true}]}}