{"id":38775,"date":"2025-06-13T08:49:49","date_gmt":"2025-06-13T00:49:49","guid":{"rendered":"https:\/\/demostore.ai\/?post_type=product&#038;p=38775"},"modified":"2026-02-20T10:41:25","modified_gmt":"2026-02-20T02:41:25","slug":"ponds-mitrinoss-gela-krems-ar-arbuzu","status":"publish","type":"product","link":"https:\/\/demostore.ai\/lv\/products\/ponds-mitrinoss-gela-krems-ar-arbuzu\/","title":{"rendered":"Pond&#8217;s Mitrino\u0161s Gela Kr\u0113ms ar Arb\u016bzu"},"content":{"rendered":"<section data-wtai-block-id=\"wtai_product_description_features\" class=\"wtai-section wtai-features-section\">\n<h2>Produkta Iez\u012bmes<\/h2>\n<ul>\n<li><strong>Intens\u012bva mitrin\u0101\u0161ana<\/strong> uzlabo \u0101das elast\u012bbu un svaigumu.<\/li>\n<li><strong>Atsvaidzino\u0161s gela tekst\u016bra<\/strong> padara lieto\u0161anu pat\u012bkamu ar\u012b karst\u0101s dien\u0101s.<\/li>\n<li><strong>\u0100tri uzs\u016bcas<\/strong> un neatst\u0101j lip\u012bgu vai taukainu saj\u016btu uz \u0101das.<\/li>\n<li><strong>Nomierina un atv\u0113sina<\/strong> jut\u012bgu vai kairin\u0101tu \u0101du p\u0113c sau\u013co\u0161an\u0101s vai stresa.<\/li>\n<li><strong>Arb\u016bza ekstrakts<\/strong> pies\u0101tina \u0101du ar antioksidantiem un dabiskiem vitam\u012bniem.<\/li>\n<li><strong>Hialuronsk\u0101be<\/strong> dzi\u013ci mitrina un pal\u012bdz notur\u0113t mitrumu \u0101d\u0101.<\/li>\n<li><strong>Viegla formula<\/strong> piem\u0113rota visiem \u0101das tipiem, ar\u012b kombin\u0113tai un taukainai \u0101dai.<\/li>\n<li><strong>Dab\u012bgs mirdzums<\/strong> \u2013 regul\u0101ri lietojot, \u0101da izskat\u0101s vesel\u012bg\u0101ka un starojo\u0161\u0101ka.<\/li>\n<\/ul>\n<\/section>\n<div data-wtai-block-id=\"wtai_product_description_image_1753694499291\" class=\"wtai-section wtai-image_1753694499291-section\">\n<figure class=\"wtai-image-p wtai-align-center\" style=\"text-align:center\"><img decoding=\"async\" src=\"https:\/\/demostore.ai\/wp-content\/uploads\/2025\/06\/Moisturizer-4-scaled-1-600x372.png\" alt=\"Pond\u2019s Mitrino\u0161s Gela Kr\u0113ms ar Arb\u016bzu atv\u0113rta burci\u0146\u0101 ar baltu v\u0101ci\u0146u.\" srcset=\"https:\/\/demostore.ai\/wp-content\/uploads\/2025\/06\/Moisturizer-4-scaled-1.png 1000w, https:\/\/demostore.ai\/wp-content\/uploads\/2025\/06\/Moisturizer-4-scaled-1-300x186.png 300w, https:\/\/demostore.ai\/wp-content\/uploads\/2025\/06\/Moisturizer-4-scaled-1-768x476.png 768w, https:\/\/demostore.ai\/wp-content\/uploads\/2025\/06\/Moisturizer-4-scaled-1-600x372.png 600w\"><figcaption>\n<p>Stikla burci\u0146a ar baltu v\u0101ci\u0146u izce\u013c svaigu, \u017eelejveida kr\u0113ma tekst\u016bru un viegli roz\u0101 toni.<\/p>\n<\/figcaption><\/figure>\n<\/p><\/div>\n<section data-wtai-block-id=\"wtai_product_description_benefits\" class=\"wtai-section wtai-benefits-section\">\n<h2>K\u0101p\u0113c Jums Tas Patiks<\/h2>\n<ul>\n<li>J\u016bsu \u0101da b\u016bs pat\u012bkami mitrin\u0101ta jebkur\u0101 diennakts laik\u0101.<\/li>\n<li>Par\u0101d\u012bsies dabisks un svaigs sejas mirdzums.<\/li>\n<li>Nomierina \u0101du, samazinot aps\u0101rtumu un spriedzi.<\/li>\n<li>Paaugstina pa\u0161p\u0101rliecin\u0101t\u012bbu ar vesel\u012bgu \u0101das izskatu.<\/li>\n<li>\u0112rta ikdienas lieto\u0161ana bez smagas saj\u016btas uz sejas.<\/li>\n<\/ul>\n<\/section>\n<section data-wtai-block-id=\"wtai_product_description_use_cases\" class=\"wtai-section wtai-use_cases-section\">\n<h3>K\u0101 Iek\u013caut Sav\u0101 Rut\u012bn\u0101<\/h3>\n<ol>\n<li>Uzkl\u0101jiet uz att\u012br\u012btas sejas r\u012bta kop\u0161anas rut\u012bn\u0101.<\/li>\n<li>Lietojiet vakar\u0101 p\u0113c du\u0161as, lai nodro\u0161in\u0101tu nakts mitrin\u0101\u0161anu.<\/li>\n<li>Izmantojiet k\u0101 mitrino\u0161u b\u0101zi pirms grima uzkl\u0101\u0161anas.<\/li>\n<li>Piem\u0113rots lieto\u0161anai p\u0113c fizisk\u0101m aktivit\u0101t\u0113m \u0101das atjauno\u0161anai.<\/li>\n<li>Ide\u0101li piem\u0113rots ce\u013co\u0161anai, kad nepiecie\u0161ama \u0101tra svaiguma saj\u016bta.<\/li>\n<li>Atsvaidziet un nomieriniet \u0101du p\u0113c saules iedarb\u012bbas.<\/li>\n<li>Var lietot k\u0101 vieglu nakts kr\u0113mu siltaj\u0101s sezon\u0101s.<\/li>\n<li>Pa\u0146emiet l\u012bdzi sporta som\u0101, lai \u0101tri atg\u016btu komfortu p\u0113c treni\u0146a.<\/li>\n<\/ol>\n<\/section>\n<section data-wtai-block-id=\"wtai_product_description_technical_specifications\" class=\"wtai-section wtai-technical_specifications-section\">\n<h3>Detaliz\u0113ta Inform\u0101cija<\/h3>\n<ul>\n<li><strong>Tilpums<\/strong>: 50 ml<\/li>\n<li><strong>Konsistences tips<\/strong>: Gela kr\u0113ms<\/li>\n<li><strong>Galven\u0101 sast\u0101vda\u013ca<\/strong>: Arb\u016bza ekstrakts<\/li>\n<li><strong>Piem\u0113rots \u0101das tipiem<\/strong>: Visiem, ieskaitot jut\u012bgu \u0101du<\/li>\n<\/ul>\n<\/section>\n<section data-wtai-block-id=\"wtai_product_description_custom_1753167803027\" class=\"wtai-section wtai-custom_1753167803027-section\">\n<h2>\u0100das vajadz\u012bbas un piem\u0113rot\u012bba da\u017e\u0101diem \u0101das tipiem<\/h2>\n<ul>\n<li><strong>Dehidr\u0113ta \u0101da<\/strong> \u2013 sniedz ilgsto\u0161u un svaigu mitrin\u0101\u0161anu.<\/li>\n<li><strong>Nespodra \u0101da<\/strong> \u2013 atjauno mirdzumu un vesel\u012bgu izskatu.<\/li>\n<li><strong>Jut\u012bga \u0101da<\/strong> \u2013 viegla un nomierino\u0161a tekst\u016bra ikdienas lieto\u0161anai.<\/li>\n<li><strong>Visi \u0101das tipi<\/strong> \u2013 piem\u0113rots norm\u0101lai, taukainai un kombin\u0113tai \u0101dai.<\/li>\n<li><strong>Taukaina vai kombin\u0113ta \u0101da<\/strong> \u2013 \u0101tri ies\u016bcas, neatst\u0101j smaguma saj\u016btu.<\/li>\n<li><strong>Nogurusi \u0101da<\/strong> \u2013 uzmundrina, padarot \u0101du dz\u012bv\u012bg\u0101ku.<\/li>\n<\/ul>\n<\/section>\n<section data-wtai-block-id=\"wtai_product_description_custom_1754200971412\" class=\"wtai-section wtai-custom_1754200971412-section\">\n<h2>Sast\u0101vs<\/h2>\n<p>Aqua, Dimethicone, Glycerin, Butylene Glycol, Ammonium Acryloyldimethyltaurate\/VP Copolymer, Isohexadecane, Dimethicone\/Vinyl Dimethicone Crosspolymer, Caprylic\/Capric Triglyceride, Phenoxyethanol, Ammonium Acryloyldimethyltaurate\/Beheneth-25 Methacrylate Crosspolymer, Cetearyl Alcohol, Allantoin, Benzophenone-4, Linoleamidopropyl PG-Dimonium Chloride Phosphate, Propylene Glycol, Tocopheryl Acetate, Stearic Acid, Niacinamide, Parfum, Dimethiconol, Cetearyl Glucoside, Disodium EDTA, Sodium PCA, BHT, Propanediol, C12-14 Pareth-12, T-Butyl Alcohol, Sodium Hydroxide, PEG-4 Laurate, PEG-4 Dilaurate, PEG-4, Iodopropynyl Butylcarbamate, Benzoic Acid, Methylparaben, Chlorphenesin, Glucose, Citrullus Lanatus Fruit Extract, Sodium Ascorbyl Phosphate, Sodium Carbonate, Cyclotetrasiloxane, Palmitic Acid, Arachidic Acid, Sodium Chloride, Sodium Sulfate, CI 14700.<\/p>\n<\/section>\n<section data-wtai-block-id=\"wtai_product_description_faqs\" class=\"wtai-section wtai-faqs-section\">\n<h2>Bie\u017e\u0101k Uzdotie Jaut\u0101jumi<\/h2>\n<p><strong>Vai Pond\u2019s gela kr\u0113ms ir piem\u0113rots jut\u012bgai \u0101dai?<\/strong> <br \/> J\u0101, viegl\u0101 formula padara to piem\u0113rotu ar\u012b jut\u012bgai \u0101dai.<\/p>\n<p><strong>Vai \u0161o produktu var lietot kop\u0101 ar cit\u0101m akt\u012bvaj\u0101m viel\u0101m?<\/strong> <br \/> J\u0101, tas ir sader\u012bgs ar citiem ikdienas \u0101das kop\u0161anas produktiem.<\/p>\n<p><strong>Cik ilgi ir redzami pirmie rezult\u0101ti?<\/strong> <br \/> J\u016btamu mitrin\u0101\u0161anu var paman\u012bt jau p\u0113c pirm\u0101s lieto\u0161anas.<\/p>\n<p><strong>K\u0101 uzglab\u0101t Pond\u2019s gela kr\u0113mu?<\/strong> <br \/> Uzglab\u0101jiet temperat\u016br\u0101 no +5\u00b0C l\u012bdz +25\u00b0C, izvairoties no tie\u0161iem saules stariem.<\/p>\n<p><strong>Vai kr\u0113ms atst\u0101j taukainu saj\u016btu?<\/strong> <br \/> N\u0113, kr\u0113ms \u0101tri uzs\u016bcas un neatst\u0101j lip\u012bgumu vai smagumu.<\/p>\n<\/section>\n<section data-wtai-block-id=\"wtai_product_description_conclusion\" class=\"wtai-section wtai-conclusion-section\">\n<h2>Izv\u0113lieties Mitrin\u0101tu un Starojo\u0161u \u0100du<\/h2>\n<p><em><strong>Pond\u2019s mitrino\u0161ais gela kr\u0113ms ar arb\u016bzu sniedz j\u016bsu \u0101dai to, kas tai patiesi vajadz\u012bgs \u2013 ilgtsp\u0113j\u012bgu svaigumu un mitrin\u0101\u0161anu.<\/strong><\/em> <em><strong>J\u016bsu \u0101da b\u016bs starojo\u0161a, skaista un j\u016bt\u012bsies komfortabli no pirm\u0101s lieto\u0161anas reizes.<\/strong><\/em> <em><strong>Pievienojiet savam ritu\u0101lam jau \u0161odien \u2013 nepalaidiet gar\u0101m savu jauno favor\u012btu!<\/strong><\/em><\/p>\n<\/section>\n","protected":false},"excerpt":{"rendered":"<div data-wtai-block-id=\"wtai_excerpt_subtitle\" class=\"wtai-section wtai-subtitle-section\">\n<p><em><strong>Atsvaidzino\u0161a mitrin\u0101\u0161ana ar sul\u012bgu arb\u016bza piesk\u0101rienu<\/strong><\/em><\/p>\n<\/p><\/div>\n<div data-wtai-block-id=\"wtai_excerpt_introduction\" class=\"wtai-section wtai-introduction-section\">\n<p>Vai esi k\u0101dreiz sap\u0146ojusi par gais\u012bgu, atspirdzino\u0161u saj\u016btu uz \u0101das p\u0113c nogurdino\u0161as dienas? \u0160is gela kr\u0113ms ar arb\u016bzu piepilda \u0101du ar intens\u012bvu mitrumu, \u013caujot tai izskat\u012bties veselai un starojo\u0161ai. Viegl\u0101 tekst\u016bra \u0101tri ies\u016bcas, neatst\u0101jot smaguma saj\u016btu, bet d\u0101v\u0101 maigu svaigumu un dz\u012bv\u012bgumu. Baudi mirkli sev, palutinot savu sejas \u0101du ar dabiski atsvaidzino\u0161u arom\u0101tu un redzamu mirdzumu, kas paaugstina pa\u0161saj\u016btu ikdien\u0101.<\/p>\n<\/p><\/div>\n","protected":false},"featured_media":16842,"comment_status":"open","ping_status":"closed","template":"","meta":[],"product_brand":[],"product_cat":[216],"product_tag":[],"class_list":{"0":"post-38775","1":"product","2":"type-product","3":"status-publish","4":"has-post-thumbnail","6":"product_cat-skaistums","8":"first","9":"instock","10":"shipping-taxable","11":"purchasable","12":"product-type-simple"},"bundled_by":[],"bundle_stock_status":"instock","bundle_stock_quantity":null,"bundle_virtual":false,"bundle_layout":"","bundle_add_to_cart_form_location":"","bundle_editable_in_cart":false,"bundle_sold_individually_context":"","bundle_item_grouping":"","bundle_min_size":"","bundle_max_size":"","bundle_price":[],"bundled_items":[],"bundle_sell_ids":[],"yoast_head":"<!-- This site is optimized with the Yoast SEO plugin v25.2 - https:\/\/yoast.com\/wordpress\/plugins\/seo\/ -->\n<title>Atkl\u0101j Pond\u2019s Mitrino\u0161s Gela Kr\u0113ms ar Arb\u016bzu Dabisku Mirdzumu<\/title>\n<meta name=\"description\" content=\"Kop\u0161anas rut\u012bnas pamatakmens ar intens\u012bvu mitrin\u0101\u0161anu, atsvaidzino\u0161u tekst\u016bru un dab\u012bgu mirdzumu. \u0100tri uzs\u016bcas un piem\u0113rots visiem \u0101das tipiem.\" \/>\n<meta name=\"robots\" content=\"index, follow, max-snippet:-1, max-image-preview:large, max-video-preview:-1\" \/>\n<link rel=\"canonical\" href=\"https:\/\/demostore.ai\/lv\/products\/ponds-mitrinoss-gela-krems-ar-arbuzu\/\" \/>\n<meta property=\"og:type\" content=\"article\" \/>\n<meta property=\"og:title\" content=\"Atkl\u0101j Pond\u2019s Mitrino\u0161s Gela Kr\u0113ms ar Arb\u016bzu Dabisku Mirdzumu\" \/>\n<meta property=\"og:description\" content=\"V\u0113rt\u012bgs komforts tavai \u0101dai \u2013 POND\u2019S arb\u016bza gela kr\u0113ms nodro\u0161ina intens\u012bvu mitrin\u0101\u0161anu, svaigumu un dabisku starojumu. Regul\u0101rai lieto\u0161anai, visiem \u0101das tipiem.\" \/>\n<meta property=\"og:url\" content=\"https:\/\/demostore.ai\/lv\/products\/ponds-mitrinoss-gela-krems-ar-arbuzu\/\" \/>\n<meta property=\"og:site_name\" content=\"Trendy Thread\" \/>\n<meta property=\"article:modified_time\" content=\"2026-02-20T02:41:25+00:00\" \/>\n<meta property=\"og:image\" content=\"https:\/\/demostore.ai\/wp-content\/uploads\/2025\/06\/Moisturizer-1-scaled-1.png\" \/>\n\t<meta property=\"og:image:width\" content=\"1000\" \/>\n\t<meta property=\"og:image:height\" content=\"1000\" \/>\n\t<meta property=\"og:image:type\" content=\"image\/png\" \/>\n<meta name=\"twitter:card\" content=\"summary_large_image\" \/>\n<meta name=\"twitter:title\" content=\"Atkl\u0101j Pond\u2019s Mitrino\u0161s Gela Kr\u0113ms ar Arb\u016bzu Dabisku Mirdzumu\" \/>\n<meta name=\"twitter:description\" content=\"V\u0113rt\u012bgs komforts tavai \u0101dai \u2013 POND\u2019S arb\u016bza gela kr\u0113ms nodro\u0161ina intens\u012bvu mitrin\u0101\u0161anu, svaigumu un dabisku starojumu. Regul\u0101rai lieto\u0161anai, visiem \u0101das tipiem.\" \/>\n<meta name=\"twitter:label1\" content=\"Est. reading time\" \/>\n\t<meta name=\"twitter:data1\" content=\"1 min\u016b\u0161u\" \/>\n<script type=\"application\/ld+json\" class=\"yoast-schema-graph\">{\"@context\":\"https:\/\/schema.org\",\"@graph\":[{\"@type\":\"WebPage\",\"@id\":\"https:\/\/demostore.ai\/lv\/products\/ponds-mitrinoss-gela-krems-ar-arbuzu\/\",\"url\":\"https:\/\/demostore.ai\/lv\/products\/ponds-mitrinoss-gela-krems-ar-arbuzu\/\",\"name\":\"Atkl\u0101j Pond\u2019s Mitrino\u0161s Gela Kr\u0113ms ar Arb\u016bzu Dabisku Mirdzumu\",\"isPartOf\":{\"@id\":\"https:\/\/demostore.ai\/lv\/#website\"},\"primaryImageOfPage\":{\"@id\":\"https:\/\/demostore.ai\/lv\/products\/ponds-mitrinoss-gela-krems-ar-arbuzu\/#primaryimage\"},\"image\":{\"@id\":\"https:\/\/demostore.ai\/lv\/products\/ponds-mitrinoss-gela-krems-ar-arbuzu\/#primaryimage\"},\"thumbnailUrl\":\"https:\/\/demostore.ai\/wp-content\/uploads\/2025\/06\/Moisturizer-1-scaled-1.png\",\"datePublished\":\"2025-06-13T00:49:49+00:00\",\"dateModified\":\"2026-02-20T02:41:25+00:00\",\"description\":\"Kop\u0161anas rut\u012bnas pamatakmens ar intens\u012bvu mitrin\u0101\u0161anu, atsvaidzino\u0161u tekst\u016bru un dab\u012bgu mirdzumu. \u0100tri uzs\u016bcas un piem\u0113rots visiem \u0101das tipiem.\",\"breadcrumb\":{\"@id\":\"https:\/\/demostore.ai\/lv\/products\/ponds-mitrinoss-gela-krems-ar-arbuzu\/#breadcrumb\"},\"inLanguage\":\"lv-LV\",\"potentialAction\":[{\"@type\":\"ReadAction\",\"target\":[\"https:\/\/demostore.ai\/lv\/products\/ponds-mitrinoss-gela-krems-ar-arbuzu\/\"]}]},{\"@type\":\"ImageObject\",\"inLanguage\":\"lv-LV\",\"@id\":\"https:\/\/demostore.ai\/lv\/products\/ponds-mitrinoss-gela-krems-ar-arbuzu\/#primaryimage\",\"url\":\"https:\/\/demostore.ai\/wp-content\/uploads\/2025\/06\/Moisturizer-1-scaled-1.png\",\"contentUrl\":\"https:\/\/demostore.ai\/wp-content\/uploads\/2025\/06\/Moisturizer-1-scaled-1.png\",\"width\":1000,\"height\":1000,\"caption\":\"Pond's mitrino\u0161s gela kr\u0113ms ar arb\u016bzu 50ml burk\u0101 uz balta fona, produkta eti\u0137ete redzama.\"},{\"@type\":\"BreadcrumbList\",\"@id\":\"https:\/\/demostore.ai\/lv\/products\/ponds-mitrinoss-gela-krems-ar-arbuzu\/#breadcrumb\",\"itemListElement\":[{\"@type\":\"ListItem\",\"position\":1,\"name\":\"S\u0101kums\",\"item\":\"https:\/\/demostore.ai\/lv\/\"},{\"@type\":\"ListItem\",\"position\":2,\"name\":\"Veikals\",\"item\":\"https:\/\/demostore.ai\/lv\/veikals\/\"},{\"@type\":\"ListItem\",\"position\":3,\"name\":\"Pond&#8217;s Mitrino\u0161s Gela Kr\u0113ms ar Arb\u016bzu\"}]},{\"@type\":\"WebSite\",\"@id\":\"https:\/\/demostore.ai\/lv\/#website\",\"url\":\"https:\/\/demostore.ai\/lv\/\",\"name\":\"Trendy Thread\",\"description\":\"WriteText.ai demonstr\u0101cijas veikals\",\"publisher\":{\"@id\":\"https:\/\/demostore.ai\/lv\/#organization\"},\"potentialAction\":[{\"@type\":\"SearchAction\",\"target\":{\"@type\":\"EntryPoint\",\"urlTemplate\":\"https:\/\/demostore.ai\/lv\/?s={search_term_string}\"},\"query-input\":{\"@type\":\"PropertyValueSpecification\",\"valueRequired\":true,\"valueName\":\"search_term_string\"}}],\"inLanguage\":\"lv-LV\"},{\"@type\":\"Organization\",\"@id\":\"https:\/\/demostore.ai\/lv\/#organization\",\"name\":\"WriteText.ai\",\"url\":\"https:\/\/demostore.ai\/lv\/\",\"logo\":{\"@type\":\"ImageObject\",\"inLanguage\":\"lv-LV\",\"@id\":\"https:\/\/demostore.ai\/lv\/#\/schema\/logo\/image\/\",\"url\":\"https:\/\/demostore.ai\/wp-content\/uploads\/2025\/10\/writetext_logo.webp\",\"contentUrl\":\"https:\/\/demostore.ai\/wp-content\/uploads\/2025\/10\/writetext_logo.webp\",\"width\":200,\"height\":34,\"caption\":\"WriteText.ai\"},\"image\":{\"@id\":\"https:\/\/demostore.ai\/lv\/#\/schema\/logo\/image\/\"}}]}<\/script>\n<!-- \/ Yoast SEO plugin. -->","yoast_head_json":{"title":"Atkl\u0101j Pond\u2019s Mitrino\u0161s Gela Kr\u0113ms ar Arb\u016bzu Dabisku Mirdzumu","description":"Kop\u0161anas rut\u012bnas pamatakmens ar intens\u012bvu mitrin\u0101\u0161anu, atsvaidzino\u0161u tekst\u016bru un dab\u012bgu mirdzumu. \u0100tri uzs\u016bcas un piem\u0113rots visiem \u0101das tipiem.","robots":{"index":"index","follow":"follow","max-snippet":"max-snippet:-1","max-image-preview":"max-image-preview:large","max-video-preview":"max-video-preview:-1"},"canonical":"https:\/\/demostore.ai\/lv\/products\/ponds-mitrinoss-gela-krems-ar-arbuzu\/","og_type":"article","og_title":"Atkl\u0101j Pond\u2019s Mitrino\u0161s Gela Kr\u0113ms ar Arb\u016bzu Dabisku Mirdzumu","og_description":"V\u0113rt\u012bgs komforts tavai \u0101dai \u2013 POND\u2019S arb\u016bza gela kr\u0113ms nodro\u0161ina intens\u012bvu mitrin\u0101\u0161anu, svaigumu un dabisku starojumu. Regul\u0101rai lieto\u0161anai, visiem \u0101das tipiem.","og_url":"https:\/\/demostore.ai\/lv\/products\/ponds-mitrinoss-gela-krems-ar-arbuzu\/","og_site_name":"Trendy Thread","article_modified_time":"2026-02-20T02:41:25+00:00","og_image":[{"width":1000,"height":1000,"url":"https:\/\/demostore.ai\/wp-content\/uploads\/2025\/06\/Moisturizer-1-scaled-1.png","type":"image\/png"}],"twitter_card":"summary_large_image","twitter_title":"Atkl\u0101j Pond\u2019s Mitrino\u0161s Gela Kr\u0113ms ar Arb\u016bzu Dabisku Mirdzumu","twitter_description":"V\u0113rt\u012bgs komforts tavai \u0101dai \u2013 POND\u2019S arb\u016bza gela kr\u0113ms nodro\u0161ina intens\u012bvu mitrin\u0101\u0161anu, svaigumu un dabisku starojumu. Regul\u0101rai lieto\u0161anai, visiem \u0101das tipiem.","twitter_misc":{"Est. reading time":"1 min\u016b\u0161u"},"schema":{"@context":"https:\/\/schema.org","@graph":[{"@type":"WebPage","@id":"https:\/\/demostore.ai\/lv\/products\/ponds-mitrinoss-gela-krems-ar-arbuzu\/","url":"https:\/\/demostore.ai\/lv\/products\/ponds-mitrinoss-gela-krems-ar-arbuzu\/","name":"Atkl\u0101j Pond\u2019s Mitrino\u0161s Gela Kr\u0113ms ar Arb\u016bzu Dabisku Mirdzumu","isPartOf":{"@id":"https:\/\/demostore.ai\/lv\/#website"},"primaryImageOfPage":{"@id":"https:\/\/demostore.ai\/lv\/products\/ponds-mitrinoss-gela-krems-ar-arbuzu\/#primaryimage"},"image":{"@id":"https:\/\/demostore.ai\/lv\/products\/ponds-mitrinoss-gela-krems-ar-arbuzu\/#primaryimage"},"thumbnailUrl":"https:\/\/demostore.ai\/wp-content\/uploads\/2025\/06\/Moisturizer-1-scaled-1.png","datePublished":"2025-06-13T00:49:49+00:00","dateModified":"2026-02-20T02:41:25+00:00","description":"Kop\u0161anas rut\u012bnas pamatakmens ar intens\u012bvu mitrin\u0101\u0161anu, atsvaidzino\u0161u tekst\u016bru un dab\u012bgu mirdzumu. \u0100tri uzs\u016bcas un piem\u0113rots visiem \u0101das tipiem.","breadcrumb":{"@id":"https:\/\/demostore.ai\/lv\/products\/ponds-mitrinoss-gela-krems-ar-arbuzu\/#breadcrumb"},"inLanguage":"lv-LV","potentialAction":[{"@type":"ReadAction","target":["https:\/\/demostore.ai\/lv\/products\/ponds-mitrinoss-gela-krems-ar-arbuzu\/"]}]},{"@type":"ImageObject","inLanguage":"lv-LV","@id":"https:\/\/demostore.ai\/lv\/products\/ponds-mitrinoss-gela-krems-ar-arbuzu\/#primaryimage","url":"https:\/\/demostore.ai\/wp-content\/uploads\/2025\/06\/Moisturizer-1-scaled-1.png","contentUrl":"https:\/\/demostore.ai\/wp-content\/uploads\/2025\/06\/Moisturizer-1-scaled-1.png","width":1000,"height":1000,"caption":"Pond's mitrino\u0161s gela kr\u0113ms ar arb\u016bzu 50ml burk\u0101 uz balta fona, produkta eti\u0137ete redzama."},{"@type":"BreadcrumbList","@id":"https:\/\/demostore.ai\/lv\/products\/ponds-mitrinoss-gela-krems-ar-arbuzu\/#breadcrumb","itemListElement":[{"@type":"ListItem","position":1,"name":"S\u0101kums","item":"https:\/\/demostore.ai\/lv\/"},{"@type":"ListItem","position":2,"name":"Veikals","item":"https:\/\/demostore.ai\/lv\/veikals\/"},{"@type":"ListItem","position":3,"name":"Pond&#8217;s Mitrino\u0161s Gela Kr\u0113ms ar Arb\u016bzu"}]},{"@type":"WebSite","@id":"https:\/\/demostore.ai\/lv\/#website","url":"https:\/\/demostore.ai\/lv\/","name":"Trendy Thread","description":"WriteText.ai demonstr\u0101cijas veikals","publisher":{"@id":"https:\/\/demostore.ai\/lv\/#organization"},"potentialAction":[{"@type":"SearchAction","target":{"@type":"EntryPoint","urlTemplate":"https:\/\/demostore.ai\/lv\/?s={search_term_string}"},"query-input":{"@type":"PropertyValueSpecification","valueRequired":true,"valueName":"search_term_string"}}],"inLanguage":"lv-LV"},{"@type":"Organization","@id":"https:\/\/demostore.ai\/lv\/#organization","name":"WriteText.ai","url":"https:\/\/demostore.ai\/lv\/","logo":{"@type":"ImageObject","inLanguage":"lv-LV","@id":"https:\/\/demostore.ai\/lv\/#\/schema\/logo\/image\/","url":"https:\/\/demostore.ai\/wp-content\/uploads\/2025\/10\/writetext_logo.webp","contentUrl":"https:\/\/demostore.ai\/wp-content\/uploads\/2025\/10\/writetext_logo.webp","width":200,"height":34,"caption":"WriteText.ai"},"image":{"@id":"https:\/\/demostore.ai\/lv\/#\/schema\/logo\/image\/"}}]}},"_links":{"self":[{"href":"https:\/\/demostore.ai\/lv\/wp-json\/wp\/v2\/product\/38775","targetHints":{"allow":["GET"]}}],"collection":[{"href":"https:\/\/demostore.ai\/lv\/wp-json\/wp\/v2\/product"}],"about":[{"href":"https:\/\/demostore.ai\/lv\/wp-json\/wp\/v2\/types\/product"}],"replies":[{"embeddable":true,"href":"https:\/\/demostore.ai\/lv\/wp-json\/wp\/v2\/comments?post=38775"}],"wp:featuredmedia":[{"embeddable":true,"href":"https:\/\/demostore.ai\/lv\/wp-json\/wp\/v2\/media\/16842"}],"wp:attachment":[{"href":"https:\/\/demostore.ai\/lv\/wp-json\/wp\/v2\/media?parent=38775"}],"wp:term":[{"taxonomy":"product_brand","embeddable":true,"href":"https:\/\/demostore.ai\/lv\/wp-json\/wp\/v2\/product_brand?post=38775"},{"taxonomy":"product_cat","embeddable":true,"href":"https:\/\/demostore.ai\/lv\/wp-json\/wp\/v2\/product_cat?post=38775"},{"taxonomy":"product_tag","embeddable":true,"href":"https:\/\/demostore.ai\/lv\/wp-json\/wp\/v2\/product_tag?post=38775"}],"curies":[{"name":"wp","href":"https:\/\/api.w.org\/{rel}","templated":true}]}}