{"id":38531,"date":"2025-06-16T08:58:51","date_gmt":"2025-06-16T00:58:51","guid":{"rendered":"https:\/\/demostore.ai\/?post_type=product&#038;p=38531"},"modified":"2026-02-20T10:14:47","modified_gmt":"2026-02-20T02:14:47","slug":"one-more-rep-fitnesa-celgalu-sargi","status":"publish","type":"product","link":"https:\/\/demostore.ai\/lv\/products\/one-more-rep-fitnesa-celgalu-sargi\/","title":{"rendered":"One More Rep Fitnesa Ce\u013cgalu Sargi"},"content":{"rendered":"<section data-wtai-block-id=\"wtai_product_description_use_cases\" class=\"wtai-section wtai-use_cases-section\">\n<h2>Kur One More Rep Fitnesa Ce\u013cgalu Sargi Vislab\u0101k Noder\u0113s<\/h2>\n<ul>\n<li>Sporta z\u0101l\u0113 intens\u012bvu treni\u0146u laik\u0101 ce\u013cgalu atbalstam svarcel\u0161an\u0101, pietupienos vai sp\u0113ka vingrin\u0101jumos.<\/li>\n<li>Rehabilit\u0101cijas proces\u0101 p\u0113c ce\u013cgalu traum\u0101m vai p\u0101rm\u0113r\u012bgas slodzes, lai mazin\u0101tu s\u0101pes un atvieglotu atvese\u013co\u0161anos.<\/li>\n<li>Skrie\u0161an\u0101, krosfit\u0101 vai c\u012b\u0146as sporta veidos, kur nepiecie\u0161ama loc\u012btavu stabilit\u0101te un kust\u012bbu dro\u0161\u012bba.<\/li>\n<li>Gar\u0101s darba stund\u0101s st\u0101vot vai p\u0101rvietojoties, lai mazin\u0101tu nogurumu un atbalst\u012btu ce\u013cgalus ikdien\u0101.<\/li>\n<li>Vec\u0101ku paaud\u017eu p\u0101rst\u0101vjiem, kas mekl\u0113 papildu atbalstu loc\u012btav\u0101m ikdienas aktivit\u0101\u0161u laik\u0101.<\/li>\n<\/ul>\n<\/section>\n<div data-wtai-block-id=\"wtai_product_description_image_1753694570766\" class=\"wtai-section wtai-image_1753694570766-section\">\n<figure class=\"wtai-image-p wtai-align-center\" style=\"text-align:center\"><img decoding=\"async\" src=\"https:\/\/demostore.ai\/wp-content\/uploads\/2025\/06\/Knee-pads-2-600x600.png\" alt=\"Divi melni One More Rep fitnesa ce\u013cgalu sargi, novietoti uz balta fona.\" srcset=\"https:\/\/demostore.ai\/wp-content\/uploads\/2025\/06\/Knee-pads-2.png 1000w, https:\/\/demostore.ai\/wp-content\/uploads\/2025\/06\/Knee-pads-2-300x300.png 300w, https:\/\/demostore.ai\/wp-content\/uploads\/2025\/06\/Knee-pads-2-150x150.png 150w, https:\/\/demostore.ai\/wp-content\/uploads\/2025\/06\/Knee-pads-2-768x768.png 768w, https:\/\/demostore.ai\/wp-content\/uploads\/2025\/06\/Knee-pads-2-600x600.png 600w, https:\/\/demostore.ai\/wp-content\/uploads\/2025\/06\/Knee-pads-2-250x250.png 250w\"><figcaption>\n<p>Gluda melna virsma un stingras \u0161uves nor\u0101da uz iztur\u012bgu materi\u0101lu un r\u016bp\u012bgu izgatavo\u0161anu.<\/p>\n<\/figcaption><\/figure>\n<\/p><\/div>\n<section data-wtai-block-id=\"wtai_product_description_advantages\" class=\"wtai-section wtai-advantages-section\">\n<h2>One More Rep Ce\u013cgalu Sargu Priek\u0161roc\u012bbas<\/h2>\n<ul>\n<li>Izgatavoti no iztur\u012bga materi\u0101la, kas nodro\u0161ina stabilu un dro\u0161u atbalstu pat intens\u012bv\u0101 slodz\u0113.<\/li>\n<li>Piel\u0101gojas ce\u013cgala formai, garant\u0113jot \u0113rtumu un optim\u0101lu kust\u012bbu br\u012bv\u012bbu bez berzes.<\/li>\n<li>Vienk\u0101r\u0161a uzvilk\u0161ana un \u0101tra no\u0146em\u0161ana padara lieto\u0161anu \u012bpa\u0161i \u0113rtu treni\u0146os vai ikdien\u0101.<\/li>\n<li>Unik\u0101ls dizains ar One More Rep logotipu pie\u0161\u0137ir profesion\u0101la sportista noska\u0146u.<\/li>\n<\/ul>\n<\/section>\n<section data-wtai-block-id=\"wtai_product_description_benefits\" class=\"wtai-section wtai-benefits-section\">\n<h2>Ieguvumi No One More Rep Fitnesa Ce\u013cgalu Sargiem<\/h2>\n<ul>\n<li>Traumas risks treni\u0146a laik\u0101 var samazin\u0101ties, jo ce\u013cgali sa\u0146em papildu notur\u012bbu un amortiz\u0101ciju.<\/li>\n<li>Ilgsto\u0161a slodze vai nepareiza kust\u012bba nerad\u012bs diskomfortu, jo materi\u0101ls aizsarg\u0101 pret spiedienu.<\/li>\n<li>Regul\u0101ra valk\u0101\u0161ana atvieglo loc\u012btavu s\u0101pes p\u0113c traum\u0101m, veicinot \u0101tr\u0101ku atvese\u013co\u0161anos.<\/li>\n<li>Atk\u0101rtoti lietojami sargi sniedz p\u0101rliec\u012bbu ikdienas aktivit\u0101t\u0113s un sportojot, nov\u0113r\u0161ot p\u0101rspriegumu.<\/li>\n<\/ul>\n<\/section>\n<section data-wtai-block-id=\"wtai_product_description_technical_specifications\" class=\"wtai-section wtai-technical_specifications-section\">\n<h3>Deta\u013cas<\/h3>\n<ul>\n<li><strong>Materi\u0101ls:<\/strong> Neopr\u0113ns<\/li>\n<li><strong>Kr\u0101sa:<\/strong> Melna ar baltiem logotipiem<\/li>\n<li><strong>Izm\u0113rs:<\/strong> Univers\u0101ls, elast\u012bgs piegulums<\/li>\n<li><strong>Garums:<\/strong> 25 cm<\/li>\n<li><strong>Platums:<\/strong> 12 cm<\/li>\n<li><strong>Biezums:<\/strong> 7 mm<\/li>\n<li><strong>Svars (p\u0101ris):<\/strong> 180 g<\/li>\n<li><strong>Dizains:<\/strong> Simetrisks, piem\u0113rots abiem ce\u013cgaliem<\/li>\n<\/ul>\n<\/section>\n<div data-wtai-block-id=\"wtai_product_description_image_1754224212429\" class=\"wtai-section wtai-image_1754224212429-section\">\n<figure class=\"wtai-image-p wtai-align-center\" style=\"text-align:center\"><img decoding=\"async\" src=\"https:\/\/demostore.ai\/wp-content\/uploads\/2025\/06\/Knee-pads-3-600x600.png\" alt=\"One More Rep Fitnesa Ce\u013cgalu Sargi ar baltu d\u016bres logo uz melna materi\u0101la fona.\" srcset=\"https:\/\/demostore.ai\/wp-content\/uploads\/2025\/06\/Knee-pads-3.png 1000w, https:\/\/demostore.ai\/wp-content\/uploads\/2025\/06\/Knee-pads-3-300x300.png 300w, https:\/\/demostore.ai\/wp-content\/uploads\/2025\/06\/Knee-pads-3-150x150.png 150w, https:\/\/demostore.ai\/wp-content\/uploads\/2025\/06\/Knee-pads-3-768x768.png 768w, https:\/\/demostore.ai\/wp-content\/uploads\/2025\/06\/Knee-pads-3-600x600.png 600w, https:\/\/demostore.ai\/wp-content\/uploads\/2025\/06\/Knee-pads-3-250x250.png 250w\"><figcaption>\n<p>Kontrasta baltaj\u0101 logo att\u0113lots d\u016bris ar uzrakstu, kas izce\u013c sportisku un motiv\u0113jo\u0161u noska\u0146u.<\/p>\n<\/figcaption><\/figure>\n<\/p><\/div>\n<section data-wtai-block-id=\"wtai_product_description_faqs\" class=\"wtai-section wtai-faqs-section\">\n<h2>Bie\u017e\u0101k uzdotie jaut\u0101jumi<\/h2>\n<p><strong>Vai ce\u013cgalu sargi ir piem\u0113roti abiem ce\u013cgaliem?<\/strong> <br \/> J\u0101, simetriskais dizains noz\u012bm\u0113, ka sargus var lietot gan labajam, gan kreisajam ce\u013cgalam.<\/p>\n<p><strong>No k\u0101da materi\u0101la ir izgatavoti \u0161ie sargi?<\/strong> <br \/> Ce\u013cgalu sargi ra\u017eoti no iztur\u012bga neopr\u0113na, kas kombin\u0113 \u0113rtumu ar optim\u0101lu atbalstu.<\/p>\n<p><strong>Vai \u0161os sargus var izmantot ar\u012b rehabilit\u0101cij\u0101?<\/strong> <br \/> J\u0101, tie lieliski piem\u0113roti gan sporto\u0161anai, gan atvese\u013co\u0161an\u0101s periodam p\u0113c traum\u0101m.<\/p>\n<p><strong>K\u0101 pareizi kopt ce\u013cgalu sargus?<\/strong> <br \/> Ieteicams mazg\u0101t ar rok\u0101m v\u0113s\u0101 \u016bden\u012b un \u017e\u0101v\u0113t istabas temperat\u016br\u0101, lai saglab\u0101tu materi\u0101la elast\u012bbu.<\/p>\n<p><strong>Cik stingri j\u0101savelk ce\u013cgalu sargi, lai tie b\u016btu efekt\u012bvi?<\/strong> <br \/> Sargi j\u0101uzvelk t\u0101, lai tie cie\u0161i piegu\u013c, bet neierobe\u017eo asinsriti vai kust\u012bbas br\u012bv\u012bbu.<\/p>\n<\/section>\n<section data-wtai-block-id=\"wtai_product_description_conclusion\" class=\"wtai-section wtai-conclusion-section\">\n<h2>Ieg\u016bsti Uzticamu Atbalstu Ce\u013cgaliem Jau Tagad<\/h2>\n<p><strong>One More Rep fitnesa ce\u013cgalu sargi sniedz dro\u0161\u012bbu un komfortu jebkur\u0101 fizisk\u0101 aktivit\u0101t\u0113. Ar tiem vari tren\u0113ties p\u0101rliecino\u0161i bez papildu ba\u017e\u0101m par loc\u012btavu labsaj\u016btu.<\/strong> <strong>Izv\u0113lies uzticamu ce\u013cgalu aizsardz\u012bbu, kas pal\u012bdz\u0113s sasniegt tavus sportiskos m\u0113r\u0137us. Neatliec, pievieno tos treni\u0146u arsen\u0101lam jau \u0161odien!<\/strong><\/p>\n<\/section>\n","protected":false},"excerpt":{"rendered":"<div data-wtai-block-id=\"wtai_excerpt_subtitle\" class=\"wtai-section wtai-subtitle-section\">\n<p><em><strong>Dro\u0161a stabilit\u0101te un p\u0101rliec\u012bba katr\u0101 kust\u012bb\u0101 \u2013 tie\u0161i tur, kur tas viss s\u0101kas.<\/strong><\/em><\/p>\n<\/p><\/div>\n<div data-wtai-block-id=\"wtai_excerpt_introduction\" class=\"wtai-section wtai-introduction-section\">\n<p>Sp\u0113ka centieni pras\u0101s p\u0113c uzticama balsta. Ja esi ap\u0146\u0113m\u012bbas pilns p\u0101rsp\u0113t sevi katr\u0101 n\u0101kamaj\u0101 treni\u0146\u0101, ce\u013cgalu aizsargi k\u013c\u016bs par tav\u0101m svar\u012bg\u0101kaj\u0101m sabiedrotaj\u0101m. Tie piel\u0101gojas \u0137ermenim, \u013caujot ne tikai tren\u0113ties dro\u0161i, bet ar\u012b ieg\u016bt p\u0101rliec\u012bbu turpin\u0101t uzst\u0101d\u012bt n\u0101kamos m\u0113r\u0137us. \u013bauj katrai kust\u012bbai b\u016bt p\u0101rliecin\u0101tai un atbalst\u012btai neatkar\u012bgi no t\u0101, vai c\u012bnies ar stieni vai so\u013co pie savas lab\u0101k\u0101s formas.<\/p>\n<\/p><\/div>\n","protected":false},"featured_media":23544,"comment_status":"open","ping_status":"closed","template":"","meta":[],"product_brand":[],"product_cat":[242],"product_tag":[],"class_list":{"0":"post-38531","1":"product","2":"type-product","3":"status-publish","4":"has-post-thumbnail","6":"product_cat-sports-un-atputa","8":"first","9":"instock","10":"shipping-taxable","11":"purchasable","12":"product-type-simple"},"bundled_by":["244436"],"bundle_stock_status":"instock","bundle_stock_quantity":null,"bundle_virtual":false,"bundle_layout":"","bundle_add_to_cart_form_location":"","bundle_editable_in_cart":false,"bundle_sold_individually_context":"","bundle_item_grouping":"","bundle_min_size":"","bundle_max_size":"","bundle_price":[],"bundled_items":[],"bundle_sell_ids":[],"yoast_head":"<!-- This site is optimized with the Yoast SEO plugin v25.2 - https:\/\/yoast.com\/wordpress\/plugins\/seo\/ -->\n<title>Buy One More Rep Fitnesa Ce\u013cgalu Sargi Kvalitat\u012bvam Treni\u0146am<\/title>\n<meta name=\"description\" content=\"Jaunas iesp\u0113jas ce\u013cgalu dro\u0161\u012bbai intens\u012bvos treni\u0146os. Iztur\u012bgs neopr\u0113ns, univers\u0101ls izm\u0113rs un komforts, kas piem\u0113rots gan sportam, gan ikdienai.\" \/>\n<meta name=\"robots\" content=\"index, follow, max-snippet:-1, max-image-preview:large, max-video-preview:-1\" \/>\n<link rel=\"canonical\" href=\"https:\/\/demostore.ai\/lv\/products\/one-more-rep-fitnesa-celgalu-sargi\/\" \/>\n<meta property=\"og:type\" content=\"article\" \/>\n<meta property=\"og:title\" content=\"Buy One More Rep Fitnesa Ce\u013cgalu Sargi Kvalitat\u012bvam Treni\u0146am\" \/>\n<meta property=\"og:description\" content=\"Unik\u0101la aizsardz\u012bba ce\u013cgaliem akt\u012bva dz\u012bvesveida laik\u0101. Iztur\u012bgs neopr\u0113na materi\u0101ls, univers\u0101ls izm\u0113rs un One More Rep dizains sportam, rehabilit\u0101cijai un komfortam ikdien\u0101.\" \/>\n<meta property=\"og:url\" content=\"https:\/\/demostore.ai\/lv\/products\/one-more-rep-fitnesa-celgalu-sargi\/\" \/>\n<meta property=\"og:site_name\" content=\"Trendy Thread\" \/>\n<meta property=\"article:modified_time\" content=\"2026-02-20T02:14:47+00:00\" \/>\n<meta property=\"og:image\" content=\"https:\/\/demostore.ai\/wp-content\/uploads\/2025\/06\/Knee-pads-1.png\" \/>\n\t<meta property=\"og:image:width\" content=\"1000\" \/>\n\t<meta property=\"og:image:height\" content=\"1000\" \/>\n\t<meta property=\"og:image:type\" content=\"image\/png\" \/>\n<meta name=\"twitter:card\" content=\"summary_large_image\" \/>\n<meta name=\"twitter:title\" content=\"Buy One More Rep Fitnesa Ce\u013cgalu Sargi Kvalitat\u012bvam Treni\u0146am\" \/>\n<meta name=\"twitter:description\" content=\"Unik\u0101la aizsardz\u012bba ce\u013cgaliem akt\u012bva dz\u012bvesveida laik\u0101. Iztur\u012bgs neopr\u0113na materi\u0101ls, univers\u0101ls izm\u0113rs un One More Rep dizains sportam, rehabilit\u0101cijai un komfortam ikdien\u0101.\" \/>\n<meta name=\"twitter:label1\" content=\"Est. reading time\" \/>\n\t<meta name=\"twitter:data1\" content=\"1 min\u016b\u0161u\" \/>\n<script type=\"application\/ld+json\" class=\"yoast-schema-graph\">{\"@context\":\"https:\/\/schema.org\",\"@graph\":[{\"@type\":\"WebPage\",\"@id\":\"https:\/\/demostore.ai\/lv\/products\/one-more-rep-fitnesa-celgalu-sargi\/\",\"url\":\"https:\/\/demostore.ai\/lv\/products\/one-more-rep-fitnesa-celgalu-sargi\/\",\"name\":\"Buy One More Rep Fitnesa Ce\u013cgalu Sargi Kvalitat\u012bvam Treni\u0146am\",\"isPartOf\":{\"@id\":\"https:\/\/demostore.ai\/lv\/#website\"},\"primaryImageOfPage\":{\"@id\":\"https:\/\/demostore.ai\/lv\/products\/one-more-rep-fitnesa-celgalu-sargi\/#primaryimage\"},\"image\":{\"@id\":\"https:\/\/demostore.ai\/lv\/products\/one-more-rep-fitnesa-celgalu-sargi\/#primaryimage\"},\"thumbnailUrl\":\"https:\/\/demostore.ai\/wp-content\/uploads\/2025\/06\/Knee-pads-1.png\",\"datePublished\":\"2025-06-16T00:58:51+00:00\",\"dateModified\":\"2026-02-20T02:14:47+00:00\",\"description\":\"Jaunas iesp\u0113jas ce\u013cgalu dro\u0161\u012bbai intens\u012bvos treni\u0146os. Iztur\u012bgs neopr\u0113ns, univers\u0101ls izm\u0113rs un komforts, kas piem\u0113rots gan sportam, gan ikdienai.\",\"breadcrumb\":{\"@id\":\"https:\/\/demostore.ai\/lv\/products\/one-more-rep-fitnesa-celgalu-sargi\/#breadcrumb\"},\"inLanguage\":\"lv-LV\",\"potentialAction\":[{\"@type\":\"ReadAction\",\"target\":[\"https:\/\/demostore.ai\/lv\/products\/one-more-rep-fitnesa-celgalu-sargi\/\"]}]},{\"@type\":\"ImageObject\",\"inLanguage\":\"lv-LV\",\"@id\":\"https:\/\/demostore.ai\/lv\/products\/one-more-rep-fitnesa-celgalu-sargi\/#primaryimage\",\"url\":\"https:\/\/demostore.ai\/wp-content\/uploads\/2025\/06\/Knee-pads-1.png\",\"contentUrl\":\"https:\/\/demostore.ai\/wp-content\/uploads\/2025\/06\/Knee-pads-1.png\",\"width\":1000,\"height\":1000,\"caption\":\"Divi melni One More Rep Fitnesa ce\u013cgalu sargi ar balto logo uz katra produkta.\"},{\"@type\":\"BreadcrumbList\",\"@id\":\"https:\/\/demostore.ai\/lv\/products\/one-more-rep-fitnesa-celgalu-sargi\/#breadcrumb\",\"itemListElement\":[{\"@type\":\"ListItem\",\"position\":1,\"name\":\"S\u0101kums\",\"item\":\"https:\/\/demostore.ai\/lv\/\"},{\"@type\":\"ListItem\",\"position\":2,\"name\":\"Veikals\",\"item\":\"https:\/\/demostore.ai\/lv\/veikals\/\"},{\"@type\":\"ListItem\",\"position\":3,\"name\":\"One More Rep Fitnesa Ce\u013cgalu Sargi\"}]},{\"@type\":\"WebSite\",\"@id\":\"https:\/\/demostore.ai\/lv\/#website\",\"url\":\"https:\/\/demostore.ai\/lv\/\",\"name\":\"Trendy Thread\",\"description\":\"WriteText.ai demonstr\u0101cijas veikals\",\"publisher\":{\"@id\":\"https:\/\/demostore.ai\/lv\/#organization\"},\"potentialAction\":[{\"@type\":\"SearchAction\",\"target\":{\"@type\":\"EntryPoint\",\"urlTemplate\":\"https:\/\/demostore.ai\/lv\/?s={search_term_string}\"},\"query-input\":{\"@type\":\"PropertyValueSpecification\",\"valueRequired\":true,\"valueName\":\"search_term_string\"}}],\"inLanguage\":\"lv-LV\"},{\"@type\":\"Organization\",\"@id\":\"https:\/\/demostore.ai\/lv\/#organization\",\"name\":\"WriteText.ai\",\"url\":\"https:\/\/demostore.ai\/lv\/\",\"logo\":{\"@type\":\"ImageObject\",\"inLanguage\":\"lv-LV\",\"@id\":\"https:\/\/demostore.ai\/lv\/#\/schema\/logo\/image\/\",\"url\":\"https:\/\/demostore.ai\/wp-content\/uploads\/2025\/10\/writetext_logo.webp\",\"contentUrl\":\"https:\/\/demostore.ai\/wp-content\/uploads\/2025\/10\/writetext_logo.webp\",\"width\":200,\"height\":34,\"caption\":\"WriteText.ai\"},\"image\":{\"@id\":\"https:\/\/demostore.ai\/lv\/#\/schema\/logo\/image\/\"}}]}<\/script>\n<!-- \/ Yoast SEO plugin. -->","yoast_head_json":{"title":"Buy One More Rep Fitnesa Ce\u013cgalu Sargi Kvalitat\u012bvam Treni\u0146am","description":"Jaunas iesp\u0113jas ce\u013cgalu dro\u0161\u012bbai intens\u012bvos treni\u0146os. Iztur\u012bgs neopr\u0113ns, univers\u0101ls izm\u0113rs un komforts, kas piem\u0113rots gan sportam, gan ikdienai.","robots":{"index":"index","follow":"follow","max-snippet":"max-snippet:-1","max-image-preview":"max-image-preview:large","max-video-preview":"max-video-preview:-1"},"canonical":"https:\/\/demostore.ai\/lv\/products\/one-more-rep-fitnesa-celgalu-sargi\/","og_type":"article","og_title":"Buy One More Rep Fitnesa Ce\u013cgalu Sargi Kvalitat\u012bvam Treni\u0146am","og_description":"Unik\u0101la aizsardz\u012bba ce\u013cgaliem akt\u012bva dz\u012bvesveida laik\u0101. Iztur\u012bgs neopr\u0113na materi\u0101ls, univers\u0101ls izm\u0113rs un One More Rep dizains sportam, rehabilit\u0101cijai un komfortam ikdien\u0101.","og_url":"https:\/\/demostore.ai\/lv\/products\/one-more-rep-fitnesa-celgalu-sargi\/","og_site_name":"Trendy Thread","article_modified_time":"2026-02-20T02:14:47+00:00","og_image":[{"width":1000,"height":1000,"url":"https:\/\/demostore.ai\/wp-content\/uploads\/2025\/06\/Knee-pads-1.png","type":"image\/png"}],"twitter_card":"summary_large_image","twitter_title":"Buy One More Rep Fitnesa Ce\u013cgalu Sargi Kvalitat\u012bvam Treni\u0146am","twitter_description":"Unik\u0101la aizsardz\u012bba ce\u013cgaliem akt\u012bva dz\u012bvesveida laik\u0101. Iztur\u012bgs neopr\u0113na materi\u0101ls, univers\u0101ls izm\u0113rs un One More Rep dizains sportam, rehabilit\u0101cijai un komfortam ikdien\u0101.","twitter_misc":{"Est. reading time":"1 min\u016b\u0161u"},"schema":{"@context":"https:\/\/schema.org","@graph":[{"@type":"WebPage","@id":"https:\/\/demostore.ai\/lv\/products\/one-more-rep-fitnesa-celgalu-sargi\/","url":"https:\/\/demostore.ai\/lv\/products\/one-more-rep-fitnesa-celgalu-sargi\/","name":"Buy One More Rep Fitnesa Ce\u013cgalu Sargi Kvalitat\u012bvam Treni\u0146am","isPartOf":{"@id":"https:\/\/demostore.ai\/lv\/#website"},"primaryImageOfPage":{"@id":"https:\/\/demostore.ai\/lv\/products\/one-more-rep-fitnesa-celgalu-sargi\/#primaryimage"},"image":{"@id":"https:\/\/demostore.ai\/lv\/products\/one-more-rep-fitnesa-celgalu-sargi\/#primaryimage"},"thumbnailUrl":"https:\/\/demostore.ai\/wp-content\/uploads\/2025\/06\/Knee-pads-1.png","datePublished":"2025-06-16T00:58:51+00:00","dateModified":"2026-02-20T02:14:47+00:00","description":"Jaunas iesp\u0113jas ce\u013cgalu dro\u0161\u012bbai intens\u012bvos treni\u0146os. Iztur\u012bgs neopr\u0113ns, univers\u0101ls izm\u0113rs un komforts, kas piem\u0113rots gan sportam, gan ikdienai.","breadcrumb":{"@id":"https:\/\/demostore.ai\/lv\/products\/one-more-rep-fitnesa-celgalu-sargi\/#breadcrumb"},"inLanguage":"lv-LV","potentialAction":[{"@type":"ReadAction","target":["https:\/\/demostore.ai\/lv\/products\/one-more-rep-fitnesa-celgalu-sargi\/"]}]},{"@type":"ImageObject","inLanguage":"lv-LV","@id":"https:\/\/demostore.ai\/lv\/products\/one-more-rep-fitnesa-celgalu-sargi\/#primaryimage","url":"https:\/\/demostore.ai\/wp-content\/uploads\/2025\/06\/Knee-pads-1.png","contentUrl":"https:\/\/demostore.ai\/wp-content\/uploads\/2025\/06\/Knee-pads-1.png","width":1000,"height":1000,"caption":"Divi melni One More Rep Fitnesa ce\u013cgalu sargi ar balto logo uz katra produkta."},{"@type":"BreadcrumbList","@id":"https:\/\/demostore.ai\/lv\/products\/one-more-rep-fitnesa-celgalu-sargi\/#breadcrumb","itemListElement":[{"@type":"ListItem","position":1,"name":"S\u0101kums","item":"https:\/\/demostore.ai\/lv\/"},{"@type":"ListItem","position":2,"name":"Veikals","item":"https:\/\/demostore.ai\/lv\/veikals\/"},{"@type":"ListItem","position":3,"name":"One More Rep Fitnesa Ce\u013cgalu Sargi"}]},{"@type":"WebSite","@id":"https:\/\/demostore.ai\/lv\/#website","url":"https:\/\/demostore.ai\/lv\/","name":"Trendy Thread","description":"WriteText.ai demonstr\u0101cijas veikals","publisher":{"@id":"https:\/\/demostore.ai\/lv\/#organization"},"potentialAction":[{"@type":"SearchAction","target":{"@type":"EntryPoint","urlTemplate":"https:\/\/demostore.ai\/lv\/?s={search_term_string}"},"query-input":{"@type":"PropertyValueSpecification","valueRequired":true,"valueName":"search_term_string"}}],"inLanguage":"lv-LV"},{"@type":"Organization","@id":"https:\/\/demostore.ai\/lv\/#organization","name":"WriteText.ai","url":"https:\/\/demostore.ai\/lv\/","logo":{"@type":"ImageObject","inLanguage":"lv-LV","@id":"https:\/\/demostore.ai\/lv\/#\/schema\/logo\/image\/","url":"https:\/\/demostore.ai\/wp-content\/uploads\/2025\/10\/writetext_logo.webp","contentUrl":"https:\/\/demostore.ai\/wp-content\/uploads\/2025\/10\/writetext_logo.webp","width":200,"height":34,"caption":"WriteText.ai"},"image":{"@id":"https:\/\/demostore.ai\/lv\/#\/schema\/logo\/image\/"}}]}},"_links":{"self":[{"href":"https:\/\/demostore.ai\/lv\/wp-json\/wp\/v2\/product\/38531","targetHints":{"allow":["GET"]}}],"collection":[{"href":"https:\/\/demostore.ai\/lv\/wp-json\/wp\/v2\/product"}],"about":[{"href":"https:\/\/demostore.ai\/lv\/wp-json\/wp\/v2\/types\/product"}],"replies":[{"embeddable":true,"href":"https:\/\/demostore.ai\/lv\/wp-json\/wp\/v2\/comments?post=38531"}],"wp:featuredmedia":[{"embeddable":true,"href":"https:\/\/demostore.ai\/lv\/wp-json\/wp\/v2\/media\/23544"}],"wp:attachment":[{"href":"https:\/\/demostore.ai\/lv\/wp-json\/wp\/v2\/media?parent=38531"}],"wp:term":[{"taxonomy":"product_brand","embeddable":true,"href":"https:\/\/demostore.ai\/lv\/wp-json\/wp\/v2\/product_brand?post=38531"},{"taxonomy":"product_cat","embeddable":true,"href":"https:\/\/demostore.ai\/lv\/wp-json\/wp\/v2\/product_cat?post=38531"},{"taxonomy":"product_tag","embeddable":true,"href":"https:\/\/demostore.ai\/lv\/wp-json\/wp\/v2\/product_tag?post=38531"}],"curies":[{"name":"wp","href":"https:\/\/api.w.org\/{rel}","templated":true}]}}