{"id":38314,"date":"2025-06-16T09:08:47","date_gmt":"2025-06-16T01:08:47","guid":{"rendered":"https:\/\/demostore.ai\/?post_type=product&#038;p=38314"},"modified":"2026-02-20T10:14:39","modified_gmt":"2026-02-20T02:14:39","slug":"nikon-aculon-t01-binoklis","status":"publish","type":"product","link":"https:\/\/demostore.ai\/lv\/products\/nikon-aculon-t01-binoklis\/","title":{"rendered":"Nikon Aculon T01 Binoklis"},"content":{"rendered":"<section data-wtai-block-id=\"wtai_product_description_use_cases\" class=\"wtai-section wtai-use_cases-section\">\n<h2>Praktiski pielietojuma veidi ikdienai un br\u012bvdien\u0101m<\/h2>\n<ul>\n<li>Putnu un savva\u013cas dz\u012bvnieku v\u0113ro\u0161ana dab\u0101 dod iesp\u0113ju nov\u0113rot deta\u013cas bez tuvo\u0161an\u0101s.<\/li>\n<li>Sporta pas\u0101kumu baud\u012b\u0161ana \u013cauj redz\u0113t notikumus tuvpl\u0101n\u0101 ar\u012b no att\u0101l\u0101m viet\u0101m stadion\u0101.<\/li>\n<li>Ce\u013cojumi un ekskursijas pils\u0113t\u0101s vai dab\u0101, lai ieraudz\u012btu vair\u0101k un uzlabotu redzam\u012bbu.<\/li>\n<li>Kult\u016bras pas\u0101kumu un koncertu apmekl\u0113jums nodro\u0161ina skaidru skatu ar\u012b no augst\u0101k\u0101m rind\u0101m.<\/li>\n<li>Laivo\u0161ana, p\u0101rg\u0101jieni vai mak\u0161\u0137er\u0113\u0161ana, kad svar\u012bga \u0101tra objekta noteik\u0161ana att\u0101lum\u0101.<\/li>\n<\/ul>\n<\/section>\n<div data-wtai-block-id=\"wtai_product_description_image_1753694570766\" class=\"wtai-section wtai-image_1753694570766-section\">\n<figure class=\"wtai-image-p wtai-align-center\" style=\"text-align:center\"><img decoding=\"async\" src=\"https:\/\/demostore.ai\/wp-content\/uploads\/2025\/06\/Binoculars-2-600x344.png\" alt=\"Nikon Aculon T01 binoklis ar melnu korpusu, piem\u0113rots dabas nov\u0113ro\u0161anai un ce\u013co\u0161anai.\" srcset=\"https:\/\/demostore.ai\/wp-content\/uploads\/2025\/06\/Binoculars-2.png 1000w, https:\/\/demostore.ai\/wp-content\/uploads\/2025\/06\/Binoculars-2-300x172.png 300w, https:\/\/demostore.ai\/wp-content\/uploads\/2025\/06\/Binoculars-2-768x441.png 768w, https:\/\/demostore.ai\/wp-content\/uploads\/2025\/06\/Binoculars-2-600x344.png 600w\"><figcaption>\n<p>Melnais, mat\u0113tais korpuss ar elegantu l\u012bniju izce\u013c iztur\u012bgu dizainu un modernu estetiku.<\/p>\n<\/figcaption><\/figure>\n<\/p><\/div>\n<section data-wtai-block-id=\"wtai_product_description_advantages\" class=\"wtai-section wtai-advantages-section\">\n<h2>Svar\u012bg\u0101k\u0101s priek\u0161roc\u012bbas, ko sniedz Nikon Aculon T01<\/h2>\n<ul>\n<li>Kompaktais un vieglais dizains atvieglo p\u0101rn\u0113s\u0101\u0161anu jebkur\u0101 som\u0101 vai kabat\u0101.<\/li>\n<li>Ergonomisk\u0101 forma un m\u016bsdien\u012bgais materi\u0101ls padara lieto\u0161anu \u0113rtu pat ilg\u0101ku laiku.<\/li>\n<li>Asas, skaidras att\u0113la malas, pateicoties uzlabotajai optikai un daudzsl\u0101\u0146u p\u0101rkl\u0101jumam.<\/li>\n<li>Stil\u012bgs un diskr\u0113ts izskats piem\u0113rots tradicion\u0101l\u0101m un modern\u0101m gaum\u0113m.<\/li>\n<\/ul>\n<\/section>\n<section data-wtai-block-id=\"wtai_product_description_benefits\" class=\"wtai-section wtai-benefits-section\">\n<h2>Ieguvumi, ko sniegs \u0161is binoklis<\/h2>\n<ul>\n<li>Nav nepiecie\u0161ams pietuvoties \u2013 probl\u0113mai redz\u0113t dz\u012bvniekus vai sportistus no liela att\u0101luma tiek risin\u0101ta ar jaud\u012bgu palielin\u0101jumu.<\/li>\n<li>Viegli pa\u0146emt l\u012bdzi jebkur \u2013 kompaktais izm\u0113rs atrisina apgr\u016btin\u0101jumu ar p\u0101r\u0101k smagu vai lielu optiku.<\/li>\n<li>Redzi vair\u0101k deta\u013cu \u2013 at\u0161\u0137ir\u012bb\u0101 no ierobe\u017eota skat\u012bjuma ar aci, \u0161is binoklis \u013cauj izbaud\u012bt pilnv\u0113rt\u012bg\u0101ku ainavu.<\/li>\n<li>Vienk\u0101r\u0161a lieto\u0161ana visiem \u2013 pat nepieredz\u0113ju\u0161i lietot\u0101ji var \u0101tri s\u0101kt nov\u0113ro\u0161anu, jo nav sare\u017e\u0123\u012btu regul\u0113jumu.<\/li>\n<\/ul>\n<\/section>\n<section data-wtai-block-id=\"wtai_product_description_technical_specifications\" class=\"wtai-section wtai-technical_specifications-section\">\n<h3>Deta\u013cas<\/h3>\n<ul>\n<li>Palielin\u0101jums: 8x<\/li>\n<li>Objekt\u012bva diametrs: 21 mm<\/li>\n<li>Redzes lauks pie 1000 m: 110 m<\/li>\n<li>Fokus\u0113\u0161anas sist\u0113ma: Centr\u0101l\u0101<\/li>\n<li>Svars: 195 g<\/li>\n<li>Izm\u0113ri: 104 mm x 87 mm x 34 mm<\/li>\n<li>Korpusa materi\u0101ls: Augstas kvalit\u0101tes plastmasa ar alum\u012bnija elementiem<\/li>\n<li>Kr\u0101sa: Melns<\/li>\n<\/ul>\n<\/section>\n<div data-wtai-block-id=\"wtai_product_description_image_1754224212429\" class=\"wtai-section wtai-image_1754224212429-section\">\n<figure class=\"wtai-image-p wtai-align-center\" style=\"text-align:center\"><img decoding=\"async\" src=\"https:\/\/demostore.ai\/wp-content\/uploads\/2025\/06\/Binoculars-4-1-600x344.png\" alt=\"Nikon Aculon T01 binoklis ar melnu dizainu, skats no s\u0101niem uz produktu lapas.\" srcset=\"https:\/\/demostore.ai\/wp-content\/uploads\/2025\/06\/Binoculars-4-1.png 1000w, https:\/\/demostore.ai\/wp-content\/uploads\/2025\/06\/Binoculars-4-1-300x172.png 300w, https:\/\/demostore.ai\/wp-content\/uploads\/2025\/06\/Binoculars-4-1-768x441.png 768w, https:\/\/demostore.ai\/wp-content\/uploads\/2025\/06\/Binoculars-4-1-600x344.png 600w\"><figcaption>\n<p>Ergonomisk\u0101 forma ar rievotu fokusa pogu \u013cauj \u0113rti piel\u0101got att\u0113lu ikvien\u0101 br\u012bd\u012b.<\/p>\n<\/figcaption><\/figure>\n<\/p><\/div>\n<section data-wtai-block-id=\"wtai_product_description_faqs\" class=\"wtai-section wtai-faqs-section\">\n<h2>Bie\u017e\u0101k uzdotie jaut\u0101jumi<\/h2>\n<p><strong>Vai \u0161o binokli ir viegli p\u0101rn\u0113s\u0101t ikdien\u0101?<\/strong> <br \/> J\u0101, pateicoties vieglajam svaram un kompaktajiem izm\u0113riem, binokli \u0113rti \u0146emt l\u012bdzi som\u0101 vai kabat\u0101.<\/p>\n<p><strong>K\u0101ds ir optim\u0101lais att\u0101lums skat\u012b\u0161anai ar \u0161o binokli?<\/strong> <br \/> Ar 8x palielin\u0101jumu un 21 mm objekt\u012bvu tas piem\u0113rots v\u0113ro\u0161anai l\u012bdz lielam att\u0101lumam, \u012bpa\u0161i dab\u0101 vai sporta pas\u0101kumos.<\/p>\n<p><strong>Vai binoklis ir piem\u0113rots b\u0113rniem?<\/strong> <br \/> J\u0101, vieglais un ergonomiskais dizains padara to lietojamu ar\u012b jaun\u0101kaj\u0101m paaudz\u0113m ar vieglumu un dro\u0161\u012bbu.<\/p>\n<p><strong>Vai nepiecie\u0161ama \u012bpa\u0161a apkope \u0161im modelim?<\/strong> <br \/> Lai nodro\u0161in\u0101tu ilgm\u016b\u017e\u012bbu, ieteicams tur\u0113t saus\u0101 viet\u0101 un not\u012br\u012bt l\u0113cas ar speci\u0101lu lupati\u0146u.<\/p>\n<p><strong>K\u0101 pan\u0101kt lab\u0101ko att\u0113la asumu?<\/strong> <br \/> Izmantojiet centr\u0101lo fokus\u0113\u0161anas riten\u012bti un noregul\u0113jiet starpacu att\u0101lumu, l\u012bdz att\u0113ls k\u013c\u016bst skaidrs.<\/p>\n<\/section>\n<section data-wtai-block-id=\"wtai_product_description_conclusion\" class=\"wtai-section wtai-conclusion-section\">\n<h2>Atkl\u0101j skaidr\u0101ku redz\u0113jumu jau tagad<\/h2>\n<p><strong>Nikon Aculon T01 binoklis apvieno modernu dizainu ar augstu optisko veiktsp\u0113ju, kas atvieglo katru piedz\u012bvojumu.<\/strong> <strong>Mazais svars un kompakt\u0101s formas \u013cauj to pa\u0146emt l\u012bdzi gan \u012bsos, gan t\u0101los braucienos.<\/strong> <strong>Izbaudi as\u0101kas deta\u013cas gan dab\u0101, gan pils\u0113t\u0101, vairs nemanot gr\u016bt\u012bbas t\u0101lum\u0101.<\/strong> <strong>Nepalaid gar\u0101m skaidr\u0101ku skat\u012bjumu \u2013 Tavs n\u0101kamais iecien\u012bt\u0101kais aksesu\u0101rs gaida jau \u0161odien!<\/strong><\/p>\n<\/section>\n","protected":false},"excerpt":{"rendered":"<div data-wtai-block-id=\"wtai_excerpt_subtitle\" class=\"wtai-section wtai-subtitle-section\">\n<p><em><strong>Asas deta\u013cas, kompakts dizains \u2013 pasaule tuv\u0101k nek\u0101 jebkad agr\u0101k.<\/strong><\/em><\/p>\n<\/p><\/div>\n<div data-wtai-block-id=\"wtai_excerpt_introduction\" class=\"wtai-section wtai-introduction-section\">\n<p>Saj\u016bti br\u012bv\u012bbas elpu, dodoties dab\u0101 ar izcilu redzes asumu un uzticam\u012bbu. Kompaktais un vieglais binoklis lieliski iederas gan p\u0101rg\u0101jienu som\u0101, gan ikdienas izbraucienos vai pas\u0101kumu v\u0113ro\u0161an\u0101. Tava p\u0101rliec\u012bba un kust\u012bbas br\u012bv\u012bba \u2013 tie\u0161i tikpat svar\u012bga k\u0101 iesp\u0113ja nepalaist gar\u0101m nevienu svar\u012bgu deta\u013cu vai notikumu. Ide\u0101ls sabiedrotais gan pieredz\u0113ju\u0161am nov\u0113rot\u0101jam, gan ikvienam, kur\u0161 m\u012bl b\u016bt kust\u012bb\u0101 un izbaud\u012bt dz\u012bvi vis\u0101 t\u0101s kr\u0101\u0161\u0146um\u0101.<\/p>\n<\/p><\/div>\n","protected":false},"featured_media":22989,"comment_status":"open","ping_status":"closed","template":"","meta":[],"product_brand":[],"product_cat":[242],"product_tag":[],"class_list":{"0":"post-38314","1":"product","2":"type-product","3":"status-publish","4":"has-post-thumbnail","6":"product_cat-sports-un-atputa","8":"first","9":"instock","10":"shipping-taxable","11":"purchasable","12":"product-type-simple"},"bundled_by":[],"bundle_stock_status":"instock","bundle_stock_quantity":null,"bundle_virtual":false,"bundle_layout":"","bundle_add_to_cart_form_location":"","bundle_editable_in_cart":false,"bundle_sold_individually_context":"","bundle_item_grouping":"","bundle_min_size":"","bundle_max_size":"","bundle_price":[],"bundled_items":[],"bundle_sell_ids":[],"yoast_head":"<!-- This site is optimized with the Yoast SEO plugin v25.2 - https:\/\/yoast.com\/wordpress\/plugins\/seo\/ -->\n<title>Atkl\u0101j Best Nikon Aculon T01 Binoklis Jaunu Redz\u0113jumu<\/title>\n<meta name=\"description\" content=\"Neatk\u0101rtojams piedz\u012bvojumu sabiedrotais ar modernu dizainu, asu att\u0113lu un kompaktu formu. Ide\u0101li piem\u0113rots dabas, sporta un kult\u016bras v\u0113ro\u0161anai.\" \/>\n<meta name=\"robots\" content=\"index, follow, max-snippet:-1, max-image-preview:large, max-video-preview:-1\" \/>\n<link rel=\"canonical\" href=\"https:\/\/demostore.ai\/lv\/products\/nikon-aculon-t01-binoklis\/\" \/>\n<meta property=\"og:type\" content=\"article\" \/>\n<meta property=\"og:title\" content=\"Atkl\u0101j Best Nikon Aculon T01 Binoklis Jaunu Redz\u0113jumu\" \/>\n<meta property=\"og:description\" content=\"Jauns skats piedz\u012bvojumu ce\u013c\u0101 \u2013 Nikon Aculon T01 binoklis nodro\u0161ina skaidru, asu att\u0113lu, ir viegls un \u0113rts p\u0101rn\u0113s\u0101\u0161anai da\u017e\u0101diem br\u012bvdabas un pils\u0113tas notikumiem.\" \/>\n<meta property=\"og:url\" content=\"https:\/\/demostore.ai\/lv\/products\/nikon-aculon-t01-binoklis\/\" \/>\n<meta property=\"og:site_name\" content=\"Trendy Thread\" \/>\n<meta property=\"article:modified_time\" content=\"2026-02-20T02:14:39+00:00\" \/>\n<meta property=\"og:image\" content=\"https:\/\/demostore.ai\/wp-content\/uploads\/2025\/06\/Binoculars-1.png\" \/>\n\t<meta property=\"og:image:width\" content=\"1000\" \/>\n\t<meta property=\"og:image:height\" content=\"732\" \/>\n\t<meta property=\"og:image:type\" content=\"image\/png\" \/>\n<meta name=\"twitter:card\" content=\"summary_large_image\" \/>\n<meta name=\"twitter:title\" content=\"Atkl\u0101j Best Nikon Aculon T01 Binoklis Jaunu Redz\u0113jumu\" \/>\n<meta name=\"twitter:description\" content=\"Jauns skats piedz\u012bvojumu ce\u013c\u0101 \u2013 Nikon Aculon T01 binoklis nodro\u0161ina skaidru, asu att\u0113lu, ir viegls un \u0113rts p\u0101rn\u0113s\u0101\u0161anai da\u017e\u0101diem br\u012bvdabas un pils\u0113tas notikumiem.\" \/>\n<meta name=\"twitter:label1\" content=\"Est. reading time\" \/>\n\t<meta name=\"twitter:data1\" content=\"1 min\u016b\u0161u\" \/>\n<script type=\"application\/ld+json\" class=\"yoast-schema-graph\">{\"@context\":\"https:\/\/schema.org\",\"@graph\":[{\"@type\":\"WebPage\",\"@id\":\"https:\/\/demostore.ai\/lv\/products\/nikon-aculon-t01-binoklis\/\",\"url\":\"https:\/\/demostore.ai\/lv\/products\/nikon-aculon-t01-binoklis\/\",\"name\":\"Atkl\u0101j Best Nikon Aculon T01 Binoklis Jaunu Redz\u0113jumu\",\"isPartOf\":{\"@id\":\"https:\/\/demostore.ai\/lv\/#website\"},\"primaryImageOfPage\":{\"@id\":\"https:\/\/demostore.ai\/lv\/products\/nikon-aculon-t01-binoklis\/#primaryimage\"},\"image\":{\"@id\":\"https:\/\/demostore.ai\/lv\/products\/nikon-aculon-t01-binoklis\/#primaryimage\"},\"thumbnailUrl\":\"https:\/\/demostore.ai\/wp-content\/uploads\/2025\/06\/Binoculars-1.png\",\"datePublished\":\"2025-06-16T01:08:47+00:00\",\"dateModified\":\"2026-02-20T02:14:39+00:00\",\"description\":\"Neatk\u0101rtojams piedz\u012bvojumu sabiedrotais ar modernu dizainu, asu att\u0113lu un kompaktu formu. Ide\u0101li piem\u0113rots dabas, sporta un kult\u016bras v\u0113ro\u0161anai.\",\"breadcrumb\":{\"@id\":\"https:\/\/demostore.ai\/lv\/products\/nikon-aculon-t01-binoklis\/#breadcrumb\"},\"inLanguage\":\"lv-LV\",\"potentialAction\":[{\"@type\":\"ReadAction\",\"target\":[\"https:\/\/demostore.ai\/lv\/products\/nikon-aculon-t01-binoklis\/\"]}]},{\"@type\":\"ImageObject\",\"inLanguage\":\"lv-LV\",\"@id\":\"https:\/\/demostore.ai\/lv\/products\/nikon-aculon-t01-binoklis\/#primaryimage\",\"url\":\"https:\/\/demostore.ai\/wp-content\/uploads\/2025\/06\/Binoculars-1.png\",\"contentUrl\":\"https:\/\/demostore.ai\/wp-content\/uploads\/2025\/06\/Binoculars-1.png\",\"width\":1000,\"height\":732,\"caption\":\"Nikon Aculon T01 binoklis, melns dizains, skat\u012bts no priek\u0161puses uz produkta lapas.\"},{\"@type\":\"BreadcrumbList\",\"@id\":\"https:\/\/demostore.ai\/lv\/products\/nikon-aculon-t01-binoklis\/#breadcrumb\",\"itemListElement\":[{\"@type\":\"ListItem\",\"position\":1,\"name\":\"S\u0101kums\",\"item\":\"https:\/\/demostore.ai\/lv\/\"},{\"@type\":\"ListItem\",\"position\":2,\"name\":\"Veikals\",\"item\":\"https:\/\/demostore.ai\/lv\/veikals\/\"},{\"@type\":\"ListItem\",\"position\":3,\"name\":\"Nikon Aculon T01 Binoklis\"}]},{\"@type\":\"WebSite\",\"@id\":\"https:\/\/demostore.ai\/lv\/#website\",\"url\":\"https:\/\/demostore.ai\/lv\/\",\"name\":\"Trendy Thread\",\"description\":\"WriteText.ai demonstr\u0101cijas veikals\",\"publisher\":{\"@id\":\"https:\/\/demostore.ai\/lv\/#organization\"},\"potentialAction\":[{\"@type\":\"SearchAction\",\"target\":{\"@type\":\"EntryPoint\",\"urlTemplate\":\"https:\/\/demostore.ai\/lv\/?s={search_term_string}\"},\"query-input\":{\"@type\":\"PropertyValueSpecification\",\"valueRequired\":true,\"valueName\":\"search_term_string\"}}],\"inLanguage\":\"lv-LV\"},{\"@type\":\"Organization\",\"@id\":\"https:\/\/demostore.ai\/lv\/#organization\",\"name\":\"WriteText.ai\",\"url\":\"https:\/\/demostore.ai\/lv\/\",\"logo\":{\"@type\":\"ImageObject\",\"inLanguage\":\"lv-LV\",\"@id\":\"https:\/\/demostore.ai\/lv\/#\/schema\/logo\/image\/\",\"url\":\"https:\/\/demostore.ai\/wp-content\/uploads\/2025\/10\/writetext_logo.webp\",\"contentUrl\":\"https:\/\/demostore.ai\/wp-content\/uploads\/2025\/10\/writetext_logo.webp\",\"width\":200,\"height\":34,\"caption\":\"WriteText.ai\"},\"image\":{\"@id\":\"https:\/\/demostore.ai\/lv\/#\/schema\/logo\/image\/\"}}]}<\/script>\n<!-- \/ Yoast SEO plugin. -->","yoast_head_json":{"title":"Atkl\u0101j Best Nikon Aculon T01 Binoklis Jaunu Redz\u0113jumu","description":"Neatk\u0101rtojams piedz\u012bvojumu sabiedrotais ar modernu dizainu, asu att\u0113lu un kompaktu formu. Ide\u0101li piem\u0113rots dabas, sporta un kult\u016bras v\u0113ro\u0161anai.","robots":{"index":"index","follow":"follow","max-snippet":"max-snippet:-1","max-image-preview":"max-image-preview:large","max-video-preview":"max-video-preview:-1"},"canonical":"https:\/\/demostore.ai\/lv\/products\/nikon-aculon-t01-binoklis\/","og_type":"article","og_title":"Atkl\u0101j Best Nikon Aculon T01 Binoklis Jaunu Redz\u0113jumu","og_description":"Jauns skats piedz\u012bvojumu ce\u013c\u0101 \u2013 Nikon Aculon T01 binoklis nodro\u0161ina skaidru, asu att\u0113lu, ir viegls un \u0113rts p\u0101rn\u0113s\u0101\u0161anai da\u017e\u0101diem br\u012bvdabas un pils\u0113tas notikumiem.","og_url":"https:\/\/demostore.ai\/lv\/products\/nikon-aculon-t01-binoklis\/","og_site_name":"Trendy Thread","article_modified_time":"2026-02-20T02:14:39+00:00","og_image":[{"width":1000,"height":732,"url":"https:\/\/demostore.ai\/wp-content\/uploads\/2025\/06\/Binoculars-1.png","type":"image\/png"}],"twitter_card":"summary_large_image","twitter_title":"Atkl\u0101j Best Nikon Aculon T01 Binoklis Jaunu Redz\u0113jumu","twitter_description":"Jauns skats piedz\u012bvojumu ce\u013c\u0101 \u2013 Nikon Aculon T01 binoklis nodro\u0161ina skaidru, asu att\u0113lu, ir viegls un \u0113rts p\u0101rn\u0113s\u0101\u0161anai da\u017e\u0101diem br\u012bvdabas un pils\u0113tas notikumiem.","twitter_misc":{"Est. reading time":"1 min\u016b\u0161u"},"schema":{"@context":"https:\/\/schema.org","@graph":[{"@type":"WebPage","@id":"https:\/\/demostore.ai\/lv\/products\/nikon-aculon-t01-binoklis\/","url":"https:\/\/demostore.ai\/lv\/products\/nikon-aculon-t01-binoklis\/","name":"Atkl\u0101j Best Nikon Aculon T01 Binoklis Jaunu Redz\u0113jumu","isPartOf":{"@id":"https:\/\/demostore.ai\/lv\/#website"},"primaryImageOfPage":{"@id":"https:\/\/demostore.ai\/lv\/products\/nikon-aculon-t01-binoklis\/#primaryimage"},"image":{"@id":"https:\/\/demostore.ai\/lv\/products\/nikon-aculon-t01-binoklis\/#primaryimage"},"thumbnailUrl":"https:\/\/demostore.ai\/wp-content\/uploads\/2025\/06\/Binoculars-1.png","datePublished":"2025-06-16T01:08:47+00:00","dateModified":"2026-02-20T02:14:39+00:00","description":"Neatk\u0101rtojams piedz\u012bvojumu sabiedrotais ar modernu dizainu, asu att\u0113lu un kompaktu formu. Ide\u0101li piem\u0113rots dabas, sporta un kult\u016bras v\u0113ro\u0161anai.","breadcrumb":{"@id":"https:\/\/demostore.ai\/lv\/products\/nikon-aculon-t01-binoklis\/#breadcrumb"},"inLanguage":"lv-LV","potentialAction":[{"@type":"ReadAction","target":["https:\/\/demostore.ai\/lv\/products\/nikon-aculon-t01-binoklis\/"]}]},{"@type":"ImageObject","inLanguage":"lv-LV","@id":"https:\/\/demostore.ai\/lv\/products\/nikon-aculon-t01-binoklis\/#primaryimage","url":"https:\/\/demostore.ai\/wp-content\/uploads\/2025\/06\/Binoculars-1.png","contentUrl":"https:\/\/demostore.ai\/wp-content\/uploads\/2025\/06\/Binoculars-1.png","width":1000,"height":732,"caption":"Nikon Aculon T01 binoklis, melns dizains, skat\u012bts no priek\u0161puses uz produkta lapas."},{"@type":"BreadcrumbList","@id":"https:\/\/demostore.ai\/lv\/products\/nikon-aculon-t01-binoklis\/#breadcrumb","itemListElement":[{"@type":"ListItem","position":1,"name":"S\u0101kums","item":"https:\/\/demostore.ai\/lv\/"},{"@type":"ListItem","position":2,"name":"Veikals","item":"https:\/\/demostore.ai\/lv\/veikals\/"},{"@type":"ListItem","position":3,"name":"Nikon Aculon T01 Binoklis"}]},{"@type":"WebSite","@id":"https:\/\/demostore.ai\/lv\/#website","url":"https:\/\/demostore.ai\/lv\/","name":"Trendy Thread","description":"WriteText.ai demonstr\u0101cijas veikals","publisher":{"@id":"https:\/\/demostore.ai\/lv\/#organization"},"potentialAction":[{"@type":"SearchAction","target":{"@type":"EntryPoint","urlTemplate":"https:\/\/demostore.ai\/lv\/?s={search_term_string}"},"query-input":{"@type":"PropertyValueSpecification","valueRequired":true,"valueName":"search_term_string"}}],"inLanguage":"lv-LV"},{"@type":"Organization","@id":"https:\/\/demostore.ai\/lv\/#organization","name":"WriteText.ai","url":"https:\/\/demostore.ai\/lv\/","logo":{"@type":"ImageObject","inLanguage":"lv-LV","@id":"https:\/\/demostore.ai\/lv\/#\/schema\/logo\/image\/","url":"https:\/\/demostore.ai\/wp-content\/uploads\/2025\/10\/writetext_logo.webp","contentUrl":"https:\/\/demostore.ai\/wp-content\/uploads\/2025\/10\/writetext_logo.webp","width":200,"height":34,"caption":"WriteText.ai"},"image":{"@id":"https:\/\/demostore.ai\/lv\/#\/schema\/logo\/image\/"}}]}},"_links":{"self":[{"href":"https:\/\/demostore.ai\/lv\/wp-json\/wp\/v2\/product\/38314","targetHints":{"allow":["GET"]}}],"collection":[{"href":"https:\/\/demostore.ai\/lv\/wp-json\/wp\/v2\/product"}],"about":[{"href":"https:\/\/demostore.ai\/lv\/wp-json\/wp\/v2\/types\/product"}],"replies":[{"embeddable":true,"href":"https:\/\/demostore.ai\/lv\/wp-json\/wp\/v2\/comments?post=38314"}],"wp:featuredmedia":[{"embeddable":true,"href":"https:\/\/demostore.ai\/lv\/wp-json\/wp\/v2\/media\/22989"}],"wp:attachment":[{"href":"https:\/\/demostore.ai\/lv\/wp-json\/wp\/v2\/media?parent=38314"}],"wp:term":[{"taxonomy":"product_brand","embeddable":true,"href":"https:\/\/demostore.ai\/lv\/wp-json\/wp\/v2\/product_brand?post=38314"},{"taxonomy":"product_cat","embeddable":true,"href":"https:\/\/demostore.ai\/lv\/wp-json\/wp\/v2\/product_cat?post=38314"},{"taxonomy":"product_tag","embeddable":true,"href":"https:\/\/demostore.ai\/lv\/wp-json\/wp\/v2\/product_tag?post=38314"}],"curies":[{"name":"wp","href":"https:\/\/api.w.org\/{rel}","templated":true}]}}