{"id":35987,"date":"2025-06-16T01:41:04","date_gmt":"2025-06-15T17:41:04","guid":{"rendered":"https:\/\/demostore.ai\/?post_type=product&#038;p=35987"},"modified":"2026-02-20T10:33:57","modified_gmt":"2026-02-20T02:33:57","slug":"uniqlo-sieviesu-plata-tipa-bikses","status":"publish","type":"product","link":"https:\/\/demostore.ai\/lv\/products\/uniqlo-sieviesu-plata-tipa-bikses\/","title":{"rendered":"Uniqlo Sievie\u0161u Plata Tipa Bikses"},"content":{"rendered":"<section data-wtai-block-id=\"wtai_product_description_features\" class=\"wtai-section wtai-features-section\">\n<h2>Produkta deta\u013cas<\/h2>\n<ul>\n<li>Izgatavotas no augstas kvalit\u0101tes <strong>viegl\u0101 d\u017einsa auduma<\/strong>, kas ir elpojo\u0161s un ilgm\u016b\u017e\u012bgs.<\/li>\n<li><strong>Plata, taisna silueta forma<\/strong> nodro\u0161ina modernu un \u0113rtu izskatu ikdienai.<\/li>\n<li><strong>Vid\u0113ja augstuma josta<\/strong> ar pogas un r\u0101v\u0113jsl\u0113dz\u0113ja aizdari vieglai valk\u0101\u0161anai.<\/li>\n<li><strong>Divas s\u0101nu kabatas<\/strong> un diskr\u0113tas aizmugures kabatas sniedz praktiskumu un papildus vietu s\u012bkumiem.<\/li>\n<li><strong>Klasiska gai\u0161i zil\u0101 kr\u0101sa<\/strong>, kas viegli saska\u0146ojama ar da\u017e\u0101d\u0101m aug\u0161da\u013c\u0101m.<\/li>\n<li>Elast\u012bgas v\u012bles pie jostasvietas komfortam un piem\u0113rot\u012bbai da\u017e\u0101diem augumiem.<\/li>\n<li><strong>Platais bik\u0161u staru dizains<\/strong> \u013cauj br\u012bvi kust\u0113ties un neman\u0101mi piem\u0113rojas jebkurai aktivit\u0101tei.<\/li>\n<li>Stingra <strong>d\u017einsa auduma apdare<\/strong>, kas saglab\u0101 formu ar\u012b p\u0113c atk\u0101rtotas vilk\u0161anas.<\/li>\n<li>Univers\u0101ls dizains, kas piem\u0113rots gan ikdienai, gan atp\u016btai \u0101rpus m\u0101jas.<\/li>\n<\/ul>\n<\/section>\n<div data-wtai-block-id=\"wtai_product_description_image_1753694415199\" class=\"wtai-section wtai-image_1753694415199-section\">\n<figure class=\"wtai-image-p wtai-align-center\" style=\"text-align:center\"><img decoding=\"async\" src=\"https:\/\/demostore.ai\/wp-content\/uploads\/2025\/06\/Jeans-2-1.png\" alt=\"Gai\u0161i zilas Uniqlo sievie\u0161u plata tipa bikses ar augstu jostasvietu, produkta foto.\" srcset=\"https:\/\/demostore.ai\/wp-content\/uploads\/2025\/06\/Jeans-2-scaled-1.png 652w, https:\/\/demostore.ai\/wp-content\/uploads\/2025\/06\/Jeans-2-scaled-1-196x300.png 196w, https:\/\/demostore.ai\/wp-content\/uploads\/2025\/06\/Jeans-2-1.png 600w\"><figcaption>\n<p>Gai\u0161i zilais d\u017einsa audums un platie bik\u0161u gali uzreiz pie\u0161\u0137ir nepiespiestu br\u012bv\u012bbas saj\u016btu.<\/p>\n<\/figcaption><\/figure>\n<\/p><\/div>\n<section data-wtai-block-id=\"wtai_product_description_benefits\" class=\"wtai-section wtai-benefits-section\">\n<h2>K\u0101p\u0113c Jums Tas Patiks<\/h2>\n<ul>\n<li>Izbaudiet br\u012bv\u012bbas saj\u016btu \u2013 plat\u0101 piegrieztne nerobe\u017eo kust\u012bbas un \u013cauj justies \u0113rti visas dienas garum\u0101.<\/li>\n<li>Pateicoties vieglajam d\u017einsam, \u0161\u012bs bikses ir ide\u0101las ilgsto\u0161ai valk\u0101\u0161anai, pat silt\u0101k\u0101s dien\u0101s.<\/li>\n<li>Univers\u0101lais dizains \u013cauj viegli kombin\u0113t ar jebkuriem apaviem un t-krekliem, atrisinot garderobes izv\u0113les jaut\u0101jumus.<\/li>\n<li>Praktisk\u0101s kabatas pal\u012bdz \u0113rti p\u0101rn\u0113s\u0101t nepiecie\u0161am\u0101s lietas, kad nev\u0113laties \u0146emt l\u012bdzi somu.<\/li>\n<li>Augstas kvalit\u0101tes materi\u0101li nodro\u0161ina, ka bikses kalpos ilgsto\u0161i un saglab\u0101s savu izskatu p\u0113c vair\u0101k\u0101m mazg\u0101\u0161anas reiz\u0113m.<\/li>\n<\/ul>\n<\/section>\n<section data-wtai-block-id=\"wtai_product_description_use_cases\" class=\"wtai-section wtai-use_cases-section\">\n<h2>Kur Valk\u0101t<\/h2>\n<p>Plata tipa bikses ir perfekts sabiedrotais pils\u0113tas pastaig\u0101m vai izbraucienam draugu lok\u0101. Kombin\u0113jiet ar basic t-kreklu vai stil\u012bgu d\u017eemperi ikdieni\u0161\u0137am, bet sakoptam lookam. Ide\u0101li piem\u0113rotas ar\u012b ofisam ar elegantu bl\u016bzi vai, ja izv\u0113laties br\u012bv\u0101ku pieeju, saska\u0146ojiet ar sporta apaviem br\u012bvdien\u0101m. To daudzpus\u012bba padara t\u0101s par neaizvietojamu garderobes elementu.<\/p>\n<\/section>\n<section data-wtai-block-id=\"wtai_product_description_custom_1754271650908\" class=\"wtai-section wtai-custom_1754271650908-section\">\n<h2>K\u0101 r\u016bp\u0113ties par Uniqlo sievie\u0161u plat\u0101 tipa biks\u0113m<\/h2>\n<ul>\n<li>Mazg\u0101 saudz\u012bg\u0101 re\u017e\u012bm\u0101 ar v\u0113su \u016bdeni, lai saglab\u0101tu auduma kvalit\u0101ti.<\/li>\n<li>\u017d\u0101v\u0113 uz pakaram\u0101 \u0113n\u0101, izvairies no tie\u0161iem saules stariem.<\/li>\n<li>Gad\u012bjum\u0101 ja nepiecie\u0161ams, gludini no kreis\u0101s puses ar zemu vai vid\u0113ju temperat\u016bru.<\/li>\n<li>Uzglab\u0101 bik\u0161u formas saglab\u0101\u0161anai, piekarin\u0101tas vai k\u0101rt\u012bgi saloc\u012btas.<\/li>\n<li>Nelieto balin\u0101t\u0101ju, neglab\u0101 mitr\u0101 viet\u0101, lai izvair\u012btos no auduma boj\u0101jumiem.<\/li>\n<\/ul>\n<\/section>\n<section data-wtai-block-id=\"wtai_product_description_custom_1754281021097\" class=\"wtai-section wtai-custom_1754281021097-section\">\n<h2>Ilgtsp\u0113j\u012bgas Uniqlo Sievie\u0161u Plata Tipa Bikses \u2013 Materi\u0101li, Sast\u0101vda\u013cas un Iepakojums<\/h2>\n<h3>Materi\u0101li<\/h3>\n<ul>\n<li>Vismaz 50\u202f% p\u0101rstr\u0101d\u0101ta poliestera no plastmasas pudel\u0113m<\/li>\n<li>Atbalsts Better Cotton Initiative ilgtsp\u0113j\u012bgai kokvilnas ieguvei<\/li>\n<li>Organisk\u0101 kokvilna ar samazin\u0101tu \u016bdens pat\u0113ri\u0146u<\/li>\n<\/ul>\n<h3>Sast\u0101vda\u013cas<\/h3>\n<ul>\n<li>Atteik\u0161an\u0101s no vienreizlietojamiem plastmasas maisi\u0146iem veikalos<\/li>\n<li>Iesp\u0113ja nodot ap\u0123\u0113rbu p\u0101rstr\u0101dei Re.Uniqlo programm\u0101<\/li>\n<li>Sertific\u0113ta ilgtsp\u0113j\u012bga p\u016bka RDS standarta mode\u013ciem<\/li>\n<\/ul>\n<h3>Iepakojums<\/h3>\n<ul>\n<li>FSC sertific\u0113ts atk\u0101rtoti lietojams veikalu iepakojums<\/li>\n<li>Atk\u0101rtoti lietojamas pieg\u0101des kastes<\/li>\n<li>Mazin\u0101ts materi\u0101la atkritumu apjoms, optimiz\u0113jot grie\u0161anu<\/li>\n<\/ul>\n<\/section>\n<div data-wtai-block-id=\"wtai_product_description_image_1753694424568\" class=\"wtai-section wtai-image_1753694424568-section\">\n<figure class=\"wtai-image-p wtai-align-center\" style=\"text-align:center\"><img decoding=\"async\" src=\"https:\/\/demostore.ai\/wp-content\/uploads\/2025\/06\/Jeans-3-scaled-1-600x658.png\" alt=\"Uniqlo sievie\u0161u plata tipa bikses ar elast\u012bgu jostu, redzama iek\u0161\u0113j\u0101 eti\u0137ete.\" srcset=\"https:\/\/demostore.ai\/wp-content\/uploads\/2025\/06\/Jeans-3-scaled-1.png 912w, https:\/\/demostore.ai\/wp-content\/uploads\/2025\/06\/Jeans-3-scaled-1-274x300.png 274w, https:\/\/demostore.ai\/wp-content\/uploads\/2025\/06\/Jeans-3-scaled-1-768x842.png 768w, https:\/\/demostore.ai\/wp-content\/uploads\/2025\/06\/Jeans-3-scaled-1-600x658.png 600w\"><figcaption>\n<p>Elast\u012bg\u0101 jostasvieta kop\u0101 ar m\u012bkstu oderi sola maksim\u0101lu komfortu ikvien\u0101 dien\u0101.<\/p>\n<\/figcaption><\/figure>\n<\/p><\/div>\n<section data-wtai-block-id=\"wtai_product_description_faqs\" class=\"wtai-section wtai-faqs-section\">\n<h2>Bie\u017e\u0101k uzdotie jaut\u0101jumi<\/h2>\n<p><strong>K\u0101 izv\u0113l\u0113ties pareizo izm\u0113ru plata tipa biks\u0113m?<\/strong> <br \/> Ieteicams vad\u012bties p\u0113c ierast\u0101 izm\u0113ra, jo plat\u0101 piegrieztne nodro\u0161ina papildus vietu gurniem un k\u0101j\u0101m. Ja v\u0113laties v\u0113l br\u012bv\u0101ku efektu, izv\u0113lieties izm\u0113ru liel\u0101ku nek\u0101 parasti.<\/p>\n<p><strong>Vai \u0161\u012bs bikses ir piem\u0113rotas vasarai?<\/strong> <br \/> J\u0101, pats materi\u0101ls ir viegls un elpojo\u0161s, t\u0101p\u0113c \u0161\u012bs bikses b\u016bs lieliska izv\u0113le ar\u012b silt\u0101k\u0101 laik\u0101.<\/p>\n<p><strong>K\u0101 pareizi kopt d\u017einsa bikses, lai saglab\u0101tu to formu?<\/strong> <br \/> Mazg\u0101jiet ar l\u012bdz\u012bg\u0101m kr\u0101s\u0101m uz apgrieztu pusi v\u0113s\u0101 \u016bden\u012b un \u017e\u0101v\u0113jiet istabas temperat\u016br\u0101, lai aizsarg\u0101tu kr\u0101su un materi\u0101la elast\u012bbu.<\/p>\n<p><strong>Vai biks\u0113m ir kabatas un vai t\u0101s ir praktiskas ikdienai?<\/strong> <br \/> J\u0101, plata tipa biks\u0113m ir divas \u0113rtas s\u0101nu kabatas un divas aizmugures kabatas, kas \u013cauj uzglab\u0101t mazus priek\u0161metus ikdien\u0101.<\/p>\n<\/section>\n<section data-wtai-block-id=\"wtai_product_description_conclusion\" class=\"wtai-section wtai-conclusion-section\">\n<h2>Izv\u0113lies savu jauno favor\u012btu jau \u0161odien<\/h2>\n<p><strong>Uniqlo Sievie\u0161u Plata Tipa Bikses apvieno komfortu, stilu un piel\u0101gojam\u012bbu jebkuram notikumam.<\/strong> <strong>T\u0101s k\u013c\u016bs par pamatu j\u016bsu garderob\u0113, sniedzot iesp\u0113ju justies p\u0101rliecin\u0101ti neatkar\u012bgi no dienas pl\u0101niem.<\/strong> <strong>Pievienojiet \u0161\u012bs bikses savam t\u0113rpam jau \u0161odien un izbaudiet br\u012bv\u012bbas saj\u016btu katr\u0101 sol\u012b!<\/strong><\/p>\n<\/section>\n","protected":false},"excerpt":{"rendered":"<div data-wtai-block-id=\"wtai_excerpt_subtitle\" class=\"wtai-section wtai-subtitle-section\">\n<p><em><strong>Relaks\u0113ts platums, kas padara ikdienu br\u012bv\u0101ku<\/strong><\/em><\/p>\n<\/p><\/div>\n<div data-wtai-block-id=\"wtai_excerpt_introduction\" class=\"wtai-section wtai-introduction-section\">\n<p>Cik pat\u012bkami, kad komforts un stils n\u0101k roku rok\u0101, vai ne? Uniqlo sievie\u0161u plata tipa bikses \u013cauj izcelt tavu person\u012bbu un kust\u0113ties br\u012bvi visas dienas garum\u0101. Gai\u0161i zilais d\u017einsa audums iederas da\u017e\u0101dos t\u0113los \u2013 no pils\u0113tas pastaig\u0101m l\u012bdz biroja dien\u0101m. \u0160\u012bs bikses pie\u0161\u0137ir vienk\u0101r\u0161\u012bbai izteiksm\u012bgu piesitienu, sniedzot p\u0101rliec\u012bbu un saj\u016btu, ka viss ir iesp\u0113jams. Ide\u0101ls variants, ja gribi komfortu un m\u016bsdien\u012bgu izskatu, kas iederas jebkur\u0101 dz\u012bves scen\u0101rij\u0101.<\/p>\n<\/p><\/div>\n","protected":false},"featured_media":22391,"comment_status":"open","ping_status":"closed","template":"","meta":[],"product_brand":[],"product_cat":[131],"product_tag":[],"class_list":{"0":"post-35987","1":"product","2":"type-product","3":"status-publish","4":"has-post-thumbnail","6":"product_cat-mode-lv","8":"first","9":"instock","10":"shipping-taxable","11":"purchasable","12":"product-type-simple"},"bundled_by":[],"bundle_stock_status":"instock","bundle_stock_quantity":null,"bundle_virtual":false,"bundle_layout":"","bundle_add_to_cart_form_location":"","bundle_editable_in_cart":false,"bundle_sold_individually_context":"","bundle_item_grouping":"","bundle_min_size":"","bundle_max_size":"","bundle_price":[],"bundled_items":[],"bundle_sell_ids":[],"yoast_head":"<!-- This site is optimized with the Yoast SEO plugin v25.2 - https:\/\/yoast.com\/wordpress\/plugins\/seo\/ -->\n<title>Atkl\u0101j Uniqlo Sievie\u0161u Plata Tipa Bikses Modernu Br\u012bv\u012bbu<\/title>\n<meta name=\"description\" content=\"Reti sastopama komforta saj\u016bta. Plata piegrieztne, gai\u0161ais d\u017einss un univers\u0101ls dizains padara \u0161\u012bs bikses par lielisku izv\u0113li ikdienai un br\u012bv\u0101 laika aktivit\u0101t\u0113m.\" \/>\n<meta name=\"robots\" content=\"index, follow, max-snippet:-1, max-image-preview:large, max-video-preview:-1\" \/>\n<link rel=\"canonical\" href=\"https:\/\/demostore.ai\/lv\/products\/uniqlo-sieviesu-plata-tipa-bikses\/\" \/>\n<meta property=\"og:type\" content=\"article\" \/>\n<meta property=\"og:title\" content=\"Atkl\u0101j Uniqlo Sievie\u0161u Plata Tipa Bikses Modernu Br\u012bv\u012bbu\" \/>\n<meta property=\"og:description\" content=\"Aktu\u0101l\u0101s modes interpret\u0101cija ar vieglo d\u017einsa audumu un moderni platu piegriezumu apvieno komfortu un stilu. \u0160\u012bs Uniqlo bikses ide\u0101li piest\u0101v jebkuram dz\u012bves ritmam un \u013cauj justies br\u012bvi visu dienu.\" \/>\n<meta property=\"og:url\" content=\"https:\/\/demostore.ai\/lv\/products\/uniqlo-sieviesu-plata-tipa-bikses\/\" \/>\n<meta property=\"og:site_name\" content=\"Trendy Thread\" \/>\n<meta property=\"article:modified_time\" content=\"2026-02-20T02:33:57+00:00\" \/>\n<meta property=\"og:image\" content=\"https:\/\/demostore.ai\/wp-content\/uploads\/2025\/06\/Jeans-1-scaled-1.png\" \/>\n\t<meta property=\"og:image:width\" content=\"644\" \/>\n\t<meta property=\"og:image:height\" content=\"1000\" \/>\n\t<meta property=\"og:image:type\" content=\"image\/png\" \/>\n<meta name=\"twitter:card\" content=\"summary_large_image\" \/>\n<meta name=\"twitter:title\" content=\"Atkl\u0101j Uniqlo Sievie\u0161u Plata Tipa Bikses Modernu Br\u012bv\u012bbu\" \/>\n<meta name=\"twitter:description\" content=\"Aktu\u0101l\u0101s modes interpret\u0101cija ar vieglo d\u017einsa audumu un moderni platu piegriezumu apvieno komfortu un stilu. \u0160\u012bs Uniqlo bikses ide\u0101li piest\u0101v jebkuram dz\u012bves ritmam un \u013cauj justies br\u012bvi visu dienu.\" \/>\n<meta name=\"twitter:label1\" content=\"Est. reading time\" \/>\n\t<meta name=\"twitter:data1\" content=\"1 min\u016b\u0161u\" \/>\n<script type=\"application\/ld+json\" class=\"yoast-schema-graph\">{\"@context\":\"https:\/\/schema.org\",\"@graph\":[{\"@type\":\"WebPage\",\"@id\":\"https:\/\/demostore.ai\/lv\/products\/uniqlo-sieviesu-plata-tipa-bikses\/\",\"url\":\"https:\/\/demostore.ai\/lv\/products\/uniqlo-sieviesu-plata-tipa-bikses\/\",\"name\":\"Atkl\u0101j Uniqlo Sievie\u0161u Plata Tipa Bikses Modernu Br\u012bv\u012bbu\",\"isPartOf\":{\"@id\":\"https:\/\/demostore.ai\/lv\/#website\"},\"primaryImageOfPage\":{\"@id\":\"https:\/\/demostore.ai\/lv\/products\/uniqlo-sieviesu-plata-tipa-bikses\/#primaryimage\"},\"image\":{\"@id\":\"https:\/\/demostore.ai\/lv\/products\/uniqlo-sieviesu-plata-tipa-bikses\/#primaryimage\"},\"thumbnailUrl\":\"https:\/\/demostore.ai\/wp-content\/uploads\/2025\/06\/Jeans-1-scaled-1.png\",\"datePublished\":\"2025-06-15T17:41:04+00:00\",\"dateModified\":\"2026-02-20T02:33:57+00:00\",\"description\":\"Reti sastopama komforta saj\u016bta. Plata piegrieztne, gai\u0161ais d\u017einss un univers\u0101ls dizains padara \u0161\u012bs bikses par lielisku izv\u0113li ikdienai un br\u012bv\u0101 laika aktivit\u0101t\u0113m.\",\"breadcrumb\":{\"@id\":\"https:\/\/demostore.ai\/lv\/products\/uniqlo-sieviesu-plata-tipa-bikses\/#breadcrumb\"},\"inLanguage\":\"lv-LV\",\"potentialAction\":[{\"@type\":\"ReadAction\",\"target\":[\"https:\/\/demostore.ai\/lv\/products\/uniqlo-sieviesu-plata-tipa-bikses\/\"]}]},{\"@type\":\"ImageObject\",\"inLanguage\":\"lv-LV\",\"@id\":\"https:\/\/demostore.ai\/lv\/products\/uniqlo-sieviesu-plata-tipa-bikses\/#primaryimage\",\"url\":\"https:\/\/demostore.ai\/wp-content\/uploads\/2025\/06\/Jeans-1-scaled-1.png\",\"contentUrl\":\"https:\/\/demostore.ai\/wp-content\/uploads\/2025\/06\/Jeans-1-scaled-1.png\",\"width\":644,\"height\":1000,\"caption\":\"Sievie\u0161u plata tipa bikses no gai\u0161i zilas d\u017einsa auduma, priek\u0161puse ar r\u0101v\u0113jsl\u0113dz\u0113ju un pogu.\"},{\"@type\":\"BreadcrumbList\",\"@id\":\"https:\/\/demostore.ai\/lv\/products\/uniqlo-sieviesu-plata-tipa-bikses\/#breadcrumb\",\"itemListElement\":[{\"@type\":\"ListItem\",\"position\":1,\"name\":\"S\u0101kums\",\"item\":\"https:\/\/demostore.ai\/lv\/\"},{\"@type\":\"ListItem\",\"position\":2,\"name\":\"Veikals\",\"item\":\"https:\/\/demostore.ai\/lv\/veikals\/\"},{\"@type\":\"ListItem\",\"position\":3,\"name\":\"Uniqlo Sievie\u0161u Plata Tipa Bikses\"}]},{\"@type\":\"WebSite\",\"@id\":\"https:\/\/demostore.ai\/lv\/#website\",\"url\":\"https:\/\/demostore.ai\/lv\/\",\"name\":\"Trendy Thread\",\"description\":\"WriteText.ai demonstr\u0101cijas veikals\",\"publisher\":{\"@id\":\"https:\/\/demostore.ai\/lv\/#organization\"},\"potentialAction\":[{\"@type\":\"SearchAction\",\"target\":{\"@type\":\"EntryPoint\",\"urlTemplate\":\"https:\/\/demostore.ai\/lv\/?s={search_term_string}\"},\"query-input\":{\"@type\":\"PropertyValueSpecification\",\"valueRequired\":true,\"valueName\":\"search_term_string\"}}],\"inLanguage\":\"lv-LV\"},{\"@type\":\"Organization\",\"@id\":\"https:\/\/demostore.ai\/lv\/#organization\",\"name\":\"WriteText.ai\",\"url\":\"https:\/\/demostore.ai\/lv\/\",\"logo\":{\"@type\":\"ImageObject\",\"inLanguage\":\"lv-LV\",\"@id\":\"https:\/\/demostore.ai\/lv\/#\/schema\/logo\/image\/\",\"url\":\"https:\/\/demostore.ai\/wp-content\/uploads\/2025\/10\/writetext_logo.webp\",\"contentUrl\":\"https:\/\/demostore.ai\/wp-content\/uploads\/2025\/10\/writetext_logo.webp\",\"width\":200,\"height\":34,\"caption\":\"WriteText.ai\"},\"image\":{\"@id\":\"https:\/\/demostore.ai\/lv\/#\/schema\/logo\/image\/\"}}]}<\/script>\n<!-- \/ Yoast SEO plugin. -->","yoast_head_json":{"title":"Atkl\u0101j Uniqlo Sievie\u0161u Plata Tipa Bikses Modernu Br\u012bv\u012bbu","description":"Reti sastopama komforta saj\u016bta. Plata piegrieztne, gai\u0161ais d\u017einss un univers\u0101ls dizains padara \u0161\u012bs bikses par lielisku izv\u0113li ikdienai un br\u012bv\u0101 laika aktivit\u0101t\u0113m.","robots":{"index":"index","follow":"follow","max-snippet":"max-snippet:-1","max-image-preview":"max-image-preview:large","max-video-preview":"max-video-preview:-1"},"canonical":"https:\/\/demostore.ai\/lv\/products\/uniqlo-sieviesu-plata-tipa-bikses\/","og_type":"article","og_title":"Atkl\u0101j Uniqlo Sievie\u0161u Plata Tipa Bikses Modernu Br\u012bv\u012bbu","og_description":"Aktu\u0101l\u0101s modes interpret\u0101cija ar vieglo d\u017einsa audumu un moderni platu piegriezumu apvieno komfortu un stilu. \u0160\u012bs Uniqlo bikses ide\u0101li piest\u0101v jebkuram dz\u012bves ritmam un \u013cauj justies br\u012bvi visu dienu.","og_url":"https:\/\/demostore.ai\/lv\/products\/uniqlo-sieviesu-plata-tipa-bikses\/","og_site_name":"Trendy Thread","article_modified_time":"2026-02-20T02:33:57+00:00","og_image":[{"width":644,"height":1000,"url":"https:\/\/demostore.ai\/wp-content\/uploads\/2025\/06\/Jeans-1-scaled-1.png","type":"image\/png"}],"twitter_card":"summary_large_image","twitter_title":"Atkl\u0101j Uniqlo Sievie\u0161u Plata Tipa Bikses Modernu Br\u012bv\u012bbu","twitter_description":"Aktu\u0101l\u0101s modes interpret\u0101cija ar vieglo d\u017einsa audumu un moderni platu piegriezumu apvieno komfortu un stilu. \u0160\u012bs Uniqlo bikses ide\u0101li piest\u0101v jebkuram dz\u012bves ritmam un \u013cauj justies br\u012bvi visu dienu.","twitter_misc":{"Est. reading time":"1 min\u016b\u0161u"},"schema":{"@context":"https:\/\/schema.org","@graph":[{"@type":"WebPage","@id":"https:\/\/demostore.ai\/lv\/products\/uniqlo-sieviesu-plata-tipa-bikses\/","url":"https:\/\/demostore.ai\/lv\/products\/uniqlo-sieviesu-plata-tipa-bikses\/","name":"Atkl\u0101j Uniqlo Sievie\u0161u Plata Tipa Bikses Modernu Br\u012bv\u012bbu","isPartOf":{"@id":"https:\/\/demostore.ai\/lv\/#website"},"primaryImageOfPage":{"@id":"https:\/\/demostore.ai\/lv\/products\/uniqlo-sieviesu-plata-tipa-bikses\/#primaryimage"},"image":{"@id":"https:\/\/demostore.ai\/lv\/products\/uniqlo-sieviesu-plata-tipa-bikses\/#primaryimage"},"thumbnailUrl":"https:\/\/demostore.ai\/wp-content\/uploads\/2025\/06\/Jeans-1-scaled-1.png","datePublished":"2025-06-15T17:41:04+00:00","dateModified":"2026-02-20T02:33:57+00:00","description":"Reti sastopama komforta saj\u016bta. Plata piegrieztne, gai\u0161ais d\u017einss un univers\u0101ls dizains padara \u0161\u012bs bikses par lielisku izv\u0113li ikdienai un br\u012bv\u0101 laika aktivit\u0101t\u0113m.","breadcrumb":{"@id":"https:\/\/demostore.ai\/lv\/products\/uniqlo-sieviesu-plata-tipa-bikses\/#breadcrumb"},"inLanguage":"lv-LV","potentialAction":[{"@type":"ReadAction","target":["https:\/\/demostore.ai\/lv\/products\/uniqlo-sieviesu-plata-tipa-bikses\/"]}]},{"@type":"ImageObject","inLanguage":"lv-LV","@id":"https:\/\/demostore.ai\/lv\/products\/uniqlo-sieviesu-plata-tipa-bikses\/#primaryimage","url":"https:\/\/demostore.ai\/wp-content\/uploads\/2025\/06\/Jeans-1-scaled-1.png","contentUrl":"https:\/\/demostore.ai\/wp-content\/uploads\/2025\/06\/Jeans-1-scaled-1.png","width":644,"height":1000,"caption":"Sievie\u0161u plata tipa bikses no gai\u0161i zilas d\u017einsa auduma, priek\u0161puse ar r\u0101v\u0113jsl\u0113dz\u0113ju un pogu."},{"@type":"BreadcrumbList","@id":"https:\/\/demostore.ai\/lv\/products\/uniqlo-sieviesu-plata-tipa-bikses\/#breadcrumb","itemListElement":[{"@type":"ListItem","position":1,"name":"S\u0101kums","item":"https:\/\/demostore.ai\/lv\/"},{"@type":"ListItem","position":2,"name":"Veikals","item":"https:\/\/demostore.ai\/lv\/veikals\/"},{"@type":"ListItem","position":3,"name":"Uniqlo Sievie\u0161u Plata Tipa Bikses"}]},{"@type":"WebSite","@id":"https:\/\/demostore.ai\/lv\/#website","url":"https:\/\/demostore.ai\/lv\/","name":"Trendy Thread","description":"WriteText.ai demonstr\u0101cijas veikals","publisher":{"@id":"https:\/\/demostore.ai\/lv\/#organization"},"potentialAction":[{"@type":"SearchAction","target":{"@type":"EntryPoint","urlTemplate":"https:\/\/demostore.ai\/lv\/?s={search_term_string}"},"query-input":{"@type":"PropertyValueSpecification","valueRequired":true,"valueName":"search_term_string"}}],"inLanguage":"lv-LV"},{"@type":"Organization","@id":"https:\/\/demostore.ai\/lv\/#organization","name":"WriteText.ai","url":"https:\/\/demostore.ai\/lv\/","logo":{"@type":"ImageObject","inLanguage":"lv-LV","@id":"https:\/\/demostore.ai\/lv\/#\/schema\/logo\/image\/","url":"https:\/\/demostore.ai\/wp-content\/uploads\/2025\/10\/writetext_logo.webp","contentUrl":"https:\/\/demostore.ai\/wp-content\/uploads\/2025\/10\/writetext_logo.webp","width":200,"height":34,"caption":"WriteText.ai"},"image":{"@id":"https:\/\/demostore.ai\/lv\/#\/schema\/logo\/image\/"}}]}},"_links":{"self":[{"href":"https:\/\/demostore.ai\/lv\/wp-json\/wp\/v2\/product\/35987","targetHints":{"allow":["GET"]}}],"collection":[{"href":"https:\/\/demostore.ai\/lv\/wp-json\/wp\/v2\/product"}],"about":[{"href":"https:\/\/demostore.ai\/lv\/wp-json\/wp\/v2\/types\/product"}],"replies":[{"embeddable":true,"href":"https:\/\/demostore.ai\/lv\/wp-json\/wp\/v2\/comments?post=35987"}],"wp:featuredmedia":[{"embeddable":true,"href":"https:\/\/demostore.ai\/lv\/wp-json\/wp\/v2\/media\/22391"}],"wp:attachment":[{"href":"https:\/\/demostore.ai\/lv\/wp-json\/wp\/v2\/media?parent=35987"}],"wp:term":[{"taxonomy":"product_brand","embeddable":true,"href":"https:\/\/demostore.ai\/lv\/wp-json\/wp\/v2\/product_brand?post=35987"},{"taxonomy":"product_cat","embeddable":true,"href":"https:\/\/demostore.ai\/lv\/wp-json\/wp\/v2\/product_cat?post=35987"},{"taxonomy":"product_tag","embeddable":true,"href":"https:\/\/demostore.ai\/lv\/wp-json\/wp\/v2\/product_tag?post=35987"}],"curies":[{"name":"wp","href":"https:\/\/api.w.org\/{rel}","templated":true}]}}