{"id":37548,"date":"2025-06-16T07:30:54","date_gmt":"2025-06-15T23:30:54","guid":{"rendered":"https:\/\/demostore.ai\/?post_type=product&#038;p=37548"},"modified":"2026-02-20T06:29:45","modified_gmt":"2026-02-19T22:29:45","slug":"kashieca-alyvuogiu-zalios-spalvos-suknele","status":"publish","type":"product","link":"https:\/\/demostore.ai\/lt\/produktas\/kashieca-alyvuogiu-zalios-spalvos-suknele\/","title":{"rendered":"Kashieca Alyvuogi\u0173 \u017dalios Spalvos Suknel\u0117"},"content":{"rendered":"<section data-wtai-block-id=\"wtai_product_description_features\" class=\"wtai-section wtai-features-section\">\n<h2>Produkto detal\u0117s<\/h2>\n<ul>\n<li><strong>Alyvuogi\u0173 \u017ealia spalva<\/strong> suteikia nat\u016bralumo ir modernumo poj\u016bt\u012f.<\/li>\n<li><strong>Be rankovi\u0173 dizainas<\/strong> leid\u017eia laisvai jud\u0117ti ir prisitaiko prie \u012fvairaus oro.<\/li>\n<li><strong>Klasikinis atlap\u0173 apykakl\u0117s stilius<\/strong> suteikia solidumo ir elegancijos.<\/li>\n<li><strong>Dvi didel\u0117s priekin\u0117s ki\u0161en\u0117s<\/strong> u\u017etikrina funkcionalum\u0105 ir patogum\u0105.<\/li>\n<li><strong>Papildoma ki\u0161en\u0117 kr\u016btin\u0117s srityje<\/strong> smulkiems daiktams laikyti.<\/li>\n<li><strong>Tvirta med\u017eiaga<\/strong> u\u017etikrina ilgaam\u017ei\u0161kum\u0105 bei komfort\u0105 d\u0117vint vis\u0105 dien\u0105.<\/li>\n<li><strong>Minimalistinis kirpimas<\/strong> puikiai tinka sluoksniavimui su kitais drabu\u017eiais.<\/li>\n<li><strong>Reguliuojama dir\u017eelio detal\u0117<\/strong> leid\u017eia pritaikyti apimt\u012f pagal poreikius.<\/li>\n<li><strong>Tiesus siluetas<\/strong> suteikia laisv\u0119 ir i\u0161rai\u0161king\u0105 \u0161iuolaikin\u012f \u012fvaizd\u012f.<\/li>\n<\/ul>\n<\/section>\n<div data-wtai-block-id=\"wtai_product_description_image_1753694415199\" class=\"wtai-section wtai-image_1753694415199-section\">\n<figure class=\"wtai-image-p wtai-align-center\" style=\"text-align:center\"><img decoding=\"async\" src=\"https:\/\/demostore.ai\/wp-content\/uploads\/2025\/06\/Dress-2-scaled-1.png\" alt=\"Kashieca alyvuogi\u0173 \u017ealios spalvos suknel\u0117 be rankovi\u0173, matoma i\u0161 nugaros pus\u0117s.\" srcset=\"https:\/\/demostore.ai\/wp-content\/uploads\/2025\/06\/Dress-2-scaled-1.png 531w, https:\/\/demostore.ai\/wp-content\/uploads\/2025\/06\/Dress-2-scaled-1-159x300.png 159w\"><figcaption>\n<p>Alyvuogi\u0173 \u017ealia spalva ir didel\u0117 ki\u0161en\u0117 \u0161one sukuria stilingo minimalizmo \u012fsp\u016bd\u012f.<\/p>\n<\/figcaption><\/figure>\n<\/p><\/div>\n<section data-wtai-block-id=\"wtai_product_description_benefits\" class=\"wtai-section wtai-benefits-section\">\n<h2>Kod\u0117l verta rinktis<\/h2>\n<ul>\n<li>Ie\u0161kantiems universalumo \u2013 \u0161i suknel\u0117 puikiai tinka tiek darbui, tiek laisvalaikiui.<\/li>\n<li>Lengvas u\u017esivilkimas leid\u017eia skubant atrodyti tvarkingai ir \u0161iuolaiki\u0161kai.<\/li>\n<li>Talpios ki\u0161en\u0117s i\u0161sprend\u017eia daikt\u0173 laikymo problem\u0105 ir suteikia rankoms laisv\u0119.<\/li>\n<li>Alyvuogi\u0173 atspalvis praturtina garderob\u0105 \u0161iandien aktualiais \u017eem\u0117s tonais.<\/li>\n<li>Tvirta med\u017eiaga saugo nuo greito susid\u0117v\u0117jimo ir u\u017etikrina patikim\u0105 i\u0161vaizd\u0105 vis\u0105 dien\u0105.<\/li>\n<\/ul>\n<\/section>\n<section data-wtai-block-id=\"wtai_product_description_use_cases\" class=\"wtai-section wtai-use_cases-section\">\n<h2>Kur vilk\u0117ti<\/h2>\n<p>\u0160i suknel\u0117 puikiai dera tiek biure, tiek mieste u\u017esiimant kasdieniais reikalais. Derinkite j\u0105 su baltais mar\u0161kin\u0117liais ar \u0161velniu golfu v\u0117sesniu met\u0173 laiku. Dr\u0105siai d\u0117v\u0117kite su sportiniais bateliais, kad i\u0161eitum\u0117te \u012f park\u0105, arba av\u0117kite ilgaaulius bei aksesuarus vakariniam pasimatymui. Minimalus kirpimas paver\u010dia j\u0105 stiliaus pagrindu \u012fvairiems deriniams.<\/p>\n<\/section>\n<section data-wtai-block-id=\"wtai_product_description_custom_1754271650908\" class=\"wtai-section wtai-custom_1754271650908-section\">\n<h2>Kaip pri\u017ei\u016br\u0117ti ir i\u0161laikyti Alyvuogi\u0173 \u017dali\u0105 Suknel\u0119 puikios b\u016bkl\u0117s<\/h2>\n<ul>\n<li>Skalbti rankomis ar \u0161velniu re\u017eimu \u0161altame vandenyje \u2013 i\u0161saugosite spalv\u0105 ir med\u017eiagos tekst\u016br\u0105.<\/li>\n<li>D\u017eiovinti pakabinus pav\u0117syje \u2013 venkite tiesiogini\u0173 saul\u0117s spinduli\u0173, kad med\u017eiaga nei\u0161blukt\u0173.<\/li>\n<li>Lyginti vidin\u0117je pus\u0117je \u017eema\u2013vidutine temperat\u016bra, kad nesugadintum\u0117te audinio.<\/li>\n<li>Laikyti pakabint\u0105 ant plataus pakabos arba sulankstyt\u0105, atokiau nuo dr\u0117gm\u0117s ir dulki\u0173.<\/li>\n<li>Nenaudokite balikli\u0173 ar stipri\u0173 valikli\u0173 \u2013 taip i\u0161laikysite eleganti\u0161k\u0105 alyvuogi\u0173 \u017eali\u0105 atspalv\u012f.<\/li>\n<\/ul>\n<\/section>\n<section data-wtai-block-id=\"wtai_product_description_custom_1754281021097\" class=\"wtai-section wtai-custom_1754281021097-section\">\n<h2>Tvarumo informacija apie Kashieca alyvuogi\u0173 \u017ealios spalvos suknel\u0119<\/h2>\n<p>Med\u017eiagos \u2022 Audinys be papildom\u0173 da\u017e\u0173, i\u0161laikant nat\u016brali\u0105 alyvuogi\u0173 \u017eali\u0105 spalv\u0105 \u2022 Sud\u0117tyje pasirinktos tekstil\u0117s, atitinkan\u010dios auk\u0161tus kokyb\u0117s standartus \u2022 Med\u017eiagos tiekiamos tik i\u0161 atsakingai veikian\u010di\u0173 partneri\u0173 Detal\u0117s \u2022 Klasikinis dizainas skatina ilgesn\u012f d\u0117v\u0117jim\u0105, ma\u017einant tekstil\u0117s atliekas \u2022 Nenaudojama joki\u0173 nereikaling\u0173 metalini\u0173 ar plastikini\u0173 detali\u0173 \u2022 Dvi didel\u0117s ki\u0161en\u0117s padidina funkcionalum\u0105 ir ilgaam\u017ei\u0161kum\u0105 Pakuot\u0117 \u2022 Naudojamos minimalios pakuot\u0117s, kad b\u016bt\u0173 ma\u017eesnis aplinkos p\u0117dsakas \u2022 Renkamasi perdirbamas med\u017eiagas pakuot\u0117ms, kai tik \u012fmanoma \u2022 Pakuot\u0117s be papildom\u0173 dekoratyvini\u0173 element\u0173 ma\u017eina atliek\u0173 kiek\u012f<\/p>\n<\/section>\n<div data-wtai-block-id=\"wtai_product_description_image_1753694424568\" class=\"wtai-section wtai-image_1753694424568-section\">\n<figure class=\"wtai-image-p wtai-align-center\" style=\"text-align:center\"><img decoding=\"async\" src=\"https:\/\/demostore.ai\/wp-content\/uploads\/2025\/06\/Dress-4-scaled-1-600x454.png\" alt=\"Alyvuogi\u0173 \u017ealios spalvos Kashieca suknel\u0117s apykakl\u0117 ir etiket\u0117 produkto puslapyje.\" srcset=\"https:\/\/demostore.ai\/wp-content\/uploads\/2025\/06\/Dress-4-scaled-1.png 1000w, https:\/\/demostore.ai\/wp-content\/uploads\/2025\/06\/Dress-4-scaled-1-300x227.png 300w, https:\/\/demostore.ai\/wp-content\/uploads\/2025\/06\/Dress-4-scaled-1-768x581.png 768w, https:\/\/demostore.ai\/wp-content\/uploads\/2025\/06\/Dress-4-scaled-1-600x454.png 600w\"><figcaption>\n<p>\u0160velni apykakl\u0117 ir prabangus vidinis pamu\u0161alas maloniai priglunda prie odos.<\/p>\n<\/figcaption><\/figure>\n<\/p><\/div>\n<section data-wtai-block-id=\"wtai_product_description_faqs\" class=\"wtai-section wtai-faqs-section\">\n<h2>Da\u017eniausiai u\u017eduodami klausimai<\/h2>\n<p><strong>Kaip i\u0161sirinkti tinkam\u0105 dyd\u012f \u0161iai suknelei?<\/strong> <br \/> Rinkit\u0117s \u012fprast\u0105 dyd\u012f \u2013 tiesus siluetas tinka daugumai fig\u016bros tip\u0173, o reguliuojamas dir\u017eelis leid\u017eia prisitaikyti apimt\u012f.<\/p>\n<p><strong>Ar \u0161i\u0105 suknel\u0119 galima vilk\u0117ti skirtingais met\u0173 laikais?<\/strong> <br \/> Taip, be rankovi\u0173 dizainas puikiai tinka sluoksniuoti \u0161iltesniais ar \u0161altesniais met\u0173 laikais.<\/p>\n<p><strong>Kaip pri\u017ei\u016br\u0117ti suknel\u0117s med\u017eiag\u0105, kad ji ilgai tarnaut\u0173?<\/strong> <br \/> Rekomenduojama skalbti rankomis arba \u0161velniu re\u017eimu, vengiant balikli\u0173 ar intensyvaus gr\u0119\u017eimo. Laikykite pakabint\u0105, kad nesusiglam\u017eyt\u0173.<\/p>\n<p><strong>Ar ki\u0161en\u0117s yra funkcionalios ir talpios?<\/strong> <br \/> Taip \u2013 dvi didel\u0117s priekin\u0117s ki\u0161en\u0117s pritaikytos tiek raktams, tiek telefonui ar kitoms smulkmenoms.<\/p>\n<\/section>\n<section data-wtai-block-id=\"wtai_product_description_conclusion\" class=\"wtai-section wtai-conclusion-section\">\n<h2>Atraskite savo nauj\u0105 stiliaus favorit\u0105<\/h2>\n<p><strong>Kashieca Alyvuogi\u0173 \u017ealia suknel\u0117 atnaujins j\u016bs\u0173 garderob\u0105 ir suteiks nepakartojam\u0105 universalumo poj\u016bt\u012f. \u0160is modelis sukurtas aktyviam, stilingam gyvenimui mieste ar darbe. Net ir kasdienyb\u0117je galite jaustis i\u0161ties ypatingai \u2013 nepraleiskite progos tai patirti jau \u0161iandien.<\/strong><\/p>\n<\/section>\n","protected":false},"excerpt":{"rendered":"<div data-wtai-block-id=\"wtai_excerpt_subtitle\" class=\"wtai-section wtai-subtitle-section\">\n<p><em><strong>Stilingas minimalistinis dizainas \u2013 lengvai pritaikoma kiekvienai dienai<\/strong><\/em><\/p>\n<\/p><\/div>\n<div data-wtai-block-id=\"wtai_excerpt_introduction\" class=\"wtai-section wtai-introduction-section\">\n<p>\u0160i alyvuogi\u0173 \u017ealios spalvos Kashieca suknel\u0117 i\u0161kart i\u0161siskiria savo paprastumu ir \u0161iuolaiki\u0161ku \u017eavesiu. Nesenstantis, minimalistinis kirpimas, didel\u0117s ki\u0161en\u0117s ir \u0161velni dir\u017eelio detal\u0117 pabr\u0117\u017eia miesto stili\u0173 bei prakti\u0161kum\u0105. Suknel\u0117 puikiai tiks tiek biuro, tiek laisvalaikio \u012fvaizd\u017eiui, leis jaustis patogiai ir atrodyti eleganti\u0161kai kasdien. Modernus siluetas subtiliai atspindi tavo charakter\u012f ir suteikia daugiau pasitik\u0117jimo kiekvien\u0105 dien\u0105.<\/p>\n<\/p><\/div>\n","protected":false},"featured_media":21955,"comment_status":"open","ping_status":"closed","template":"","meta":[],"product_brand":[],"product_cat":[145],"product_tag":[],"class_list":{"0":"post-37548","1":"product","2":"type-product","3":"status-publish","4":"has-post-thumbnail","6":"product_cat-mada","8":"first","9":"instock","10":"shipping-taxable","11":"purchasable","12":"product-type-simple"},"bundled_by":[],"bundle_stock_status":"instock","bundle_stock_quantity":null,"bundle_virtual":false,"bundle_layout":"","bundle_add_to_cart_form_location":"","bundle_editable_in_cart":false,"bundle_sold_individually_context":"","bundle_item_grouping":"","bundle_min_size":"","bundle_max_size":"","bundle_price":[],"bundled_items":[],"bundle_sell_ids":[],"yoast_head":"<!-- This site is optimized with the Yoast SEO plugin v25.2 - https:\/\/yoast.com\/wordpress\/plugins\/seo\/ -->\n<title>Get Kashieca Alyvuogi\u0173 \u017dalios Spalvos Suknel\u0117 Stiliaus Lankstumui<\/title>\n<meta name=\"description\" content=\"Netik\u0117tas universalumas kasdienai bei darbui \u2013 alyvuogi\u0173 atspalvio suknel\u0117 be rankovi\u0173, su talpiomis ki\u0161en\u0117mis ir reguliuojamu dir\u017eeliu. Komfortas bei modernus dizainas.\" \/>\n<meta name=\"robots\" content=\"index, follow, max-snippet:-1, max-image-preview:large, max-video-preview:-1\" \/>\n<link rel=\"canonical\" href=\"https:\/\/demostore.ai\/lt\/produktas\/kashieca-alyvuogiu-zalios-spalvos-suknele\/\" \/>\n<meta property=\"og:type\" content=\"article\" \/>\n<meta property=\"og:title\" content=\"Get Kashieca Alyvuogi\u0173 \u017dalios Spalvos Suknel\u0117 Stiliaus Lankstumui\" \/>\n<meta property=\"og:description\" content=\"Stilingas universalumas \u0161iuolaikiniam gyvenimui \u2013 alyvuogi\u0173 \u017ealios spalvos be rankovi\u0173 suknel\u0117 su erdviomis ki\u0161en\u0117mis ir klasikine apykakle. Priderinkite prie skirting\u0173 aprangos variant\u0173 ir m\u0117gaukit\u0117s patogumu vis\u0105 dien\u0105.\" \/>\n<meta property=\"og:url\" content=\"https:\/\/demostore.ai\/lt\/produktas\/kashieca-alyvuogiu-zalios-spalvos-suknele\/\" \/>\n<meta property=\"og:site_name\" content=\"Trendy Thread\" \/>\n<meta property=\"article:modified_time\" content=\"2026-02-19T22:29:45+00:00\" \/>\n<meta property=\"og:image\" content=\"https:\/\/demostore.ai\/wp-content\/uploads\/2025\/06\/Dress-1-scaled-1.png\" \/>\n\t<meta property=\"og:image:width\" content=\"497\" \/>\n\t<meta property=\"og:image:height\" content=\"1000\" \/>\n\t<meta property=\"og:image:type\" content=\"image\/png\" \/>\n<meta name=\"twitter:card\" content=\"summary_large_image\" \/>\n<meta name=\"twitter:title\" content=\"Get Kashieca Alyvuogi\u0173 \u017dalios Spalvos Suknel\u0117 Stiliaus Lankstumui\" \/>\n<meta name=\"twitter:description\" content=\"Stilingas universalumas \u0161iuolaikiniam gyvenimui \u2013 alyvuogi\u0173 \u017ealios spalvos be rankovi\u0173 suknel\u0117 su erdviomis ki\u0161en\u0117mis ir klasikine apykakle. Priderinkite prie skirting\u0173 aprangos variant\u0173 ir m\u0117gaukit\u0117s patogumu vis\u0105 dien\u0105.\" \/>\n<meta name=\"twitter:label1\" content=\"Est. reading time\" \/>\n\t<meta name=\"twitter:data1\" content=\"1 minut\u0117\" \/>\n<script type=\"application\/ld+json\" class=\"yoast-schema-graph\">{\"@context\":\"https:\/\/schema.org\",\"@graph\":[{\"@type\":\"WebPage\",\"@id\":\"https:\/\/demostore.ai\/lt\/produktas\/kashieca-alyvuogiu-zalios-spalvos-suknele\/\",\"url\":\"https:\/\/demostore.ai\/lt\/produktas\/kashieca-alyvuogiu-zalios-spalvos-suknele\/\",\"name\":\"Get Kashieca Alyvuogi\u0173 \u017dalios Spalvos Suknel\u0117 Stiliaus Lankstumui\",\"isPartOf\":{\"@id\":\"https:\/\/demostore.ai\/lt\/#website\"},\"primaryImageOfPage\":{\"@id\":\"https:\/\/demostore.ai\/lt\/produktas\/kashieca-alyvuogiu-zalios-spalvos-suknele\/#primaryimage\"},\"image\":{\"@id\":\"https:\/\/demostore.ai\/lt\/produktas\/kashieca-alyvuogiu-zalios-spalvos-suknele\/#primaryimage\"},\"thumbnailUrl\":\"https:\/\/demostore.ai\/wp-content\/uploads\/2025\/06\/Dress-1-scaled-1.png\",\"datePublished\":\"2025-06-15T23:30:54+00:00\",\"dateModified\":\"2026-02-19T22:29:45+00:00\",\"description\":\"Netik\u0117tas universalumas kasdienai bei darbui \u2013 alyvuogi\u0173 atspalvio suknel\u0117 be rankovi\u0173, su talpiomis ki\u0161en\u0117mis ir reguliuojamu dir\u017eeliu. Komfortas bei modernus dizainas.\",\"breadcrumb\":{\"@id\":\"https:\/\/demostore.ai\/lt\/produktas\/kashieca-alyvuogiu-zalios-spalvos-suknele\/#breadcrumb\"},\"inLanguage\":\"lt-LT\",\"potentialAction\":[{\"@type\":\"ReadAction\",\"target\":[\"https:\/\/demostore.ai\/lt\/produktas\/kashieca-alyvuogiu-zalios-spalvos-suknele\/\"]}]},{\"@type\":\"ImageObject\",\"inLanguage\":\"lt-LT\",\"@id\":\"https:\/\/demostore.ai\/lt\/produktas\/kashieca-alyvuogiu-zalios-spalvos-suknele\/#primaryimage\",\"url\":\"https:\/\/demostore.ai\/wp-content\/uploads\/2025\/06\/Dress-1-scaled-1.png\",\"contentUrl\":\"https:\/\/demostore.ai\/wp-content\/uploads\/2025\/06\/Dress-1-scaled-1.png\",\"width\":497,\"height\":1000,\"caption\":\"Kashieca alyvuogi\u0173 \u017ealios spalvos be rankovi\u0173 suknel\u0117 su ki\u0161en\u0117mis ir dir\u017eeliu priekyje.\"},{\"@type\":\"BreadcrumbList\",\"@id\":\"https:\/\/demostore.ai\/lt\/produktas\/kashieca-alyvuogiu-zalios-spalvos-suknele\/#breadcrumb\",\"itemListElement\":[{\"@type\":\"ListItem\",\"position\":1,\"name\":\"Pagrindinis\",\"item\":\"https:\/\/demostore.ai\/lt\/\"},{\"@type\":\"ListItem\",\"position\":2,\"name\":\"Parduotuv\u0117\",\"item\":\"https:\/\/demostore.ai\/lt\/parduotuve\/\"},{\"@type\":\"ListItem\",\"position\":3,\"name\":\"Kashieca Alyvuogi\u0173 \u017dalios Spalvos Suknel\u0117\"}]},{\"@type\":\"WebSite\",\"@id\":\"https:\/\/demostore.ai\/lt\/#website\",\"url\":\"https:\/\/demostore.ai\/lt\/\",\"name\":\"Trendy Thread\",\"description\":\"WriteText.ai demonstracin\u0117 parduotuv\u0117\",\"publisher\":{\"@id\":\"https:\/\/demostore.ai\/lt\/#organization\"},\"potentialAction\":[{\"@type\":\"SearchAction\",\"target\":{\"@type\":\"EntryPoint\",\"urlTemplate\":\"https:\/\/demostore.ai\/lt\/?s={search_term_string}\"},\"query-input\":{\"@type\":\"PropertyValueSpecification\",\"valueRequired\":true,\"valueName\":\"search_term_string\"}}],\"inLanguage\":\"lt-LT\"},{\"@type\":\"Organization\",\"@id\":\"https:\/\/demostore.ai\/lt\/#organization\",\"name\":\"WriteText.ai\",\"url\":\"https:\/\/demostore.ai\/lt\/\",\"logo\":{\"@type\":\"ImageObject\",\"inLanguage\":\"lt-LT\",\"@id\":\"https:\/\/demostore.ai\/lt\/#\/schema\/logo\/image\/\",\"url\":\"https:\/\/demostore.ai\/wp-content\/uploads\/2025\/10\/writetext_logo.webp\",\"contentUrl\":\"https:\/\/demostore.ai\/wp-content\/uploads\/2025\/10\/writetext_logo.webp\",\"width\":200,\"height\":34,\"caption\":\"WriteText.ai\"},\"image\":{\"@id\":\"https:\/\/demostore.ai\/lt\/#\/schema\/logo\/image\/\"}}]}<\/script>\n<!-- \/ Yoast SEO plugin. -->","yoast_head_json":{"title":"Get Kashieca Alyvuogi\u0173 \u017dalios Spalvos Suknel\u0117 Stiliaus Lankstumui","description":"Netik\u0117tas universalumas kasdienai bei darbui \u2013 alyvuogi\u0173 atspalvio suknel\u0117 be rankovi\u0173, su talpiomis ki\u0161en\u0117mis ir reguliuojamu dir\u017eeliu. Komfortas bei modernus dizainas.","robots":{"index":"index","follow":"follow","max-snippet":"max-snippet:-1","max-image-preview":"max-image-preview:large","max-video-preview":"max-video-preview:-1"},"canonical":"https:\/\/demostore.ai\/lt\/produktas\/kashieca-alyvuogiu-zalios-spalvos-suknele\/","og_type":"article","og_title":"Get Kashieca Alyvuogi\u0173 \u017dalios Spalvos Suknel\u0117 Stiliaus Lankstumui","og_description":"Stilingas universalumas \u0161iuolaikiniam gyvenimui \u2013 alyvuogi\u0173 \u017ealios spalvos be rankovi\u0173 suknel\u0117 su erdviomis ki\u0161en\u0117mis ir klasikine apykakle. Priderinkite prie skirting\u0173 aprangos variant\u0173 ir m\u0117gaukit\u0117s patogumu vis\u0105 dien\u0105.","og_url":"https:\/\/demostore.ai\/lt\/produktas\/kashieca-alyvuogiu-zalios-spalvos-suknele\/","og_site_name":"Trendy Thread","article_modified_time":"2026-02-19T22:29:45+00:00","og_image":[{"width":497,"height":1000,"url":"https:\/\/demostore.ai\/wp-content\/uploads\/2025\/06\/Dress-1-scaled-1.png","type":"image\/png"}],"twitter_card":"summary_large_image","twitter_title":"Get Kashieca Alyvuogi\u0173 \u017dalios Spalvos Suknel\u0117 Stiliaus Lankstumui","twitter_description":"Stilingas universalumas \u0161iuolaikiniam gyvenimui \u2013 alyvuogi\u0173 \u017ealios spalvos be rankovi\u0173 suknel\u0117 su erdviomis ki\u0161en\u0117mis ir klasikine apykakle. Priderinkite prie skirting\u0173 aprangos variant\u0173 ir m\u0117gaukit\u0117s patogumu vis\u0105 dien\u0105.","twitter_misc":{"Est. reading time":"1 minut\u0117"},"schema":{"@context":"https:\/\/schema.org","@graph":[{"@type":"WebPage","@id":"https:\/\/demostore.ai\/lt\/produktas\/kashieca-alyvuogiu-zalios-spalvos-suknele\/","url":"https:\/\/demostore.ai\/lt\/produktas\/kashieca-alyvuogiu-zalios-spalvos-suknele\/","name":"Get Kashieca Alyvuogi\u0173 \u017dalios Spalvos Suknel\u0117 Stiliaus Lankstumui","isPartOf":{"@id":"https:\/\/demostore.ai\/lt\/#website"},"primaryImageOfPage":{"@id":"https:\/\/demostore.ai\/lt\/produktas\/kashieca-alyvuogiu-zalios-spalvos-suknele\/#primaryimage"},"image":{"@id":"https:\/\/demostore.ai\/lt\/produktas\/kashieca-alyvuogiu-zalios-spalvos-suknele\/#primaryimage"},"thumbnailUrl":"https:\/\/demostore.ai\/wp-content\/uploads\/2025\/06\/Dress-1-scaled-1.png","datePublished":"2025-06-15T23:30:54+00:00","dateModified":"2026-02-19T22:29:45+00:00","description":"Netik\u0117tas universalumas kasdienai bei darbui \u2013 alyvuogi\u0173 atspalvio suknel\u0117 be rankovi\u0173, su talpiomis ki\u0161en\u0117mis ir reguliuojamu dir\u017eeliu. Komfortas bei modernus dizainas.","breadcrumb":{"@id":"https:\/\/demostore.ai\/lt\/produktas\/kashieca-alyvuogiu-zalios-spalvos-suknele\/#breadcrumb"},"inLanguage":"lt-LT","potentialAction":[{"@type":"ReadAction","target":["https:\/\/demostore.ai\/lt\/produktas\/kashieca-alyvuogiu-zalios-spalvos-suknele\/"]}]},{"@type":"ImageObject","inLanguage":"lt-LT","@id":"https:\/\/demostore.ai\/lt\/produktas\/kashieca-alyvuogiu-zalios-spalvos-suknele\/#primaryimage","url":"https:\/\/demostore.ai\/wp-content\/uploads\/2025\/06\/Dress-1-scaled-1.png","contentUrl":"https:\/\/demostore.ai\/wp-content\/uploads\/2025\/06\/Dress-1-scaled-1.png","width":497,"height":1000,"caption":"Kashieca alyvuogi\u0173 \u017ealios spalvos be rankovi\u0173 suknel\u0117 su ki\u0161en\u0117mis ir dir\u017eeliu priekyje."},{"@type":"BreadcrumbList","@id":"https:\/\/demostore.ai\/lt\/produktas\/kashieca-alyvuogiu-zalios-spalvos-suknele\/#breadcrumb","itemListElement":[{"@type":"ListItem","position":1,"name":"Pagrindinis","item":"https:\/\/demostore.ai\/lt\/"},{"@type":"ListItem","position":2,"name":"Parduotuv\u0117","item":"https:\/\/demostore.ai\/lt\/parduotuve\/"},{"@type":"ListItem","position":3,"name":"Kashieca Alyvuogi\u0173 \u017dalios Spalvos Suknel\u0117"}]},{"@type":"WebSite","@id":"https:\/\/demostore.ai\/lt\/#website","url":"https:\/\/demostore.ai\/lt\/","name":"Trendy Thread","description":"WriteText.ai demonstracin\u0117 parduotuv\u0117","publisher":{"@id":"https:\/\/demostore.ai\/lt\/#organization"},"potentialAction":[{"@type":"SearchAction","target":{"@type":"EntryPoint","urlTemplate":"https:\/\/demostore.ai\/lt\/?s={search_term_string}"},"query-input":{"@type":"PropertyValueSpecification","valueRequired":true,"valueName":"search_term_string"}}],"inLanguage":"lt-LT"},{"@type":"Organization","@id":"https:\/\/demostore.ai\/lt\/#organization","name":"WriteText.ai","url":"https:\/\/demostore.ai\/lt\/","logo":{"@type":"ImageObject","inLanguage":"lt-LT","@id":"https:\/\/demostore.ai\/lt\/#\/schema\/logo\/image\/","url":"https:\/\/demostore.ai\/wp-content\/uploads\/2025\/10\/writetext_logo.webp","contentUrl":"https:\/\/demostore.ai\/wp-content\/uploads\/2025\/10\/writetext_logo.webp","width":200,"height":34,"caption":"WriteText.ai"},"image":{"@id":"https:\/\/demostore.ai\/lt\/#\/schema\/logo\/image\/"}}]}},"_links":{"self":[{"href":"https:\/\/demostore.ai\/lt\/wp-json\/wp\/v2\/product\/37548","targetHints":{"allow":["GET"]}}],"collection":[{"href":"https:\/\/demostore.ai\/lt\/wp-json\/wp\/v2\/product"}],"about":[{"href":"https:\/\/demostore.ai\/lt\/wp-json\/wp\/v2\/types\/product"}],"replies":[{"embeddable":true,"href":"https:\/\/demostore.ai\/lt\/wp-json\/wp\/v2\/comments?post=37548"}],"wp:featuredmedia":[{"embeddable":true,"href":"https:\/\/demostore.ai\/lt\/wp-json\/wp\/v2\/media\/21955"}],"wp:attachment":[{"href":"https:\/\/demostore.ai\/lt\/wp-json\/wp\/v2\/media?parent=37548"}],"wp:term":[{"taxonomy":"product_brand","embeddable":true,"href":"https:\/\/demostore.ai\/lt\/wp-json\/wp\/v2\/product_brand?post=37548"},{"taxonomy":"product_cat","embeddable":true,"href":"https:\/\/demostore.ai\/lt\/wp-json\/wp\/v2\/product_cat?post=37548"},{"taxonomy":"product_tag","embeddable":true,"href":"https:\/\/demostore.ai\/lt\/wp-json\/wp\/v2\/product_tag?post=37548"}],"curies":[{"name":"wp","href":"https:\/\/api.w.org\/{rel}","templated":true}]}}