{"id":36989,"date":"2025-06-16T07:05:43","date_gmt":"2025-06-15T23:05:43","guid":{"rendered":"https:\/\/demostore.ai\/?post_type=product&#038;p=36989"},"modified":"2026-02-20T06:29:38","modified_gmt":"2026-02-19T22:29:38","slug":"funtee-motor-atlanta-marskineliai","status":"publish","type":"product","link":"https:\/\/demostore.ai\/lt\/produktas\/funtee-motor-atlanta-marskineliai\/","title":{"rendered":"FunTee Motor Atlanta Mar\u0161kin\u0117liai"},"content":{"rendered":"<section data-wtai-block-id=\"wtai_product_description_features\" class=\"wtai-section wtai-features-section\">\n<h2>Prek\u0117s informacija<\/h2>\n<ul>\n<li><strong>Auk\u0161tos kokyb\u0117s mink\u0161tas medviln\u0117s audinys<\/strong> u\u017etikrina komfort\u0105 vis\u0105 dien\u0105<\/li>\n<li><strong>Universalus regular fit siluetas<\/strong> tinka \u012fvairiems k\u016bno tipams<\/li>\n<li><strong>Klasikin\u0117 apvali i\u0161kirpt\u0117<\/strong> lengvam kombinavimui su kitais drabu\u017eiais<\/li>\n<li><strong>Sm\u0117lin\u0117 spalva<\/strong> papildo bet kok\u012f garderob\u0105 ir i\u0161lieka madinga<\/li>\n<li><strong>Priekio vir\u0161uje esantis stilingas \u201eMotor Atlanta\u201c u\u017era\u0161as<\/strong> suteikia i\u0161skirtinumo<\/li>\n<li><strong>Patvarios dvigubos si\u016bl\u0117s<\/strong> garantuoja ilgaam\u017ei\u0161kum\u0105<\/li>\n<li><strong>Lengvas ir kv\u0117puojantis audinys<\/strong> puikiai tinka \u0161iltam sezonui<\/li>\n<li><strong>Standartinis ilgis ir trumpas rankoves<\/strong> u\u017etikrina jud\u0117jimo laisv\u0119<\/li>\n<li><strong>Paprasta prie\u017ei\u016bra \u2013 galima skalbti skalbykl\u0117je<\/strong> be r\u016bpes\u010di\u0173<\/li>\n<\/ul>\n<\/section>\n<div data-wtai-block-id=\"wtai_product_description_image_1753694415199\" class=\"wtai-section wtai-image_1753694415199-section\">\n<figure class=\"wtai-image-p wtai-align-center\" style=\"text-align:center\"><img decoding=\"async\" src=\"https:\/\/demostore.ai\/wp-content\/uploads\/2025\/06\/Graphic-tee-2-scaled-1-600x700.png\" alt=\"\u0160viesiai rusvi FunTee Motor Atlanta mar\u0161kin\u0117liai su spaudu nugaroje: \u201eMotor Atlanta Mechanics Hi-Speed Repair\u201c.\" srcset=\"https:\/\/demostore.ai\/wp-content\/uploads\/2025\/06\/Graphic-tee-2-scaled-1.png 857w, https:\/\/demostore.ai\/wp-content\/uploads\/2025\/06\/Graphic-tee-2-scaled-1-257x300.png 257w, https:\/\/demostore.ai\/wp-content\/uploads\/2025\/06\/Graphic-tee-2-scaled-1-768x896.png 768w, https:\/\/demostore.ai\/wp-content\/uploads\/2025\/06\/Graphic-tee-2-scaled-1-600x700.png 600w\"><figcaption>\n<p>Ant nugaros esantis balti \u0161riftai i\u0161kart traukia \u017evilgsn\u012f ir visi\u0161kai dominuoja stili\u0173.<\/p>\n<\/figcaption><\/figure>\n<\/p><\/div>\n<section data-wtai-block-id=\"wtai_product_description_benefits\" class=\"wtai-section wtai-benefits-section\">\n<h2>Kod\u0117l verta rinktis<\/h2>\n<ul>\n<li>Jaukus medvilninis audinys apsaugo nuo diskomforto vis\u0105 dien\u0105 ir tinka jautriai odai.<\/li>\n<li>Universalus dizainas leid\u017eia lengvai priderinti prie skirting\u0173 stili\u0173 ir pritaikyti \u012fvairioms progoms.<\/li>\n<li>Lengvai pri\u017ei\u016brimas, tad nebereik\u0117s r\u016bpintis sud\u0117tingu skalbimu ar lyginimu, mar\u0161kin\u0117liai i\u0161liks puikios b\u016bkl\u0117s.<\/li>\n<li>Modernus u\u017era\u0161as suteikia asmeni\u0161kumo ir leis i\u0161siskirti tarp draug\u0173 ar naujose pa\u017eintyse.<\/li>\n<li>Kv\u0117puojantis audinys pad\u0117s i\u0161likti v\u0117siam tiek aktyvios dienos metu, tiek poilsio akimirkomis.<\/li>\n<\/ul>\n<\/section>\n<section data-wtai-block-id=\"wtai_product_description_use_cases\" class=\"wtai-section wtai-use_cases-section\">\n<h2>Kur ir kada d\u0117v\u0117ti<\/h2>\n<p>Puikiai dera kasdienai, laisvalaikiui parke ar i\u0161kyloms su draugais. Gali b\u016bti derinami tiek su d\u017einsais, tiek su sportiniais \u0161ortais. Minimalistinis dizainas ir neutralus atspalvis leid\u017eia derinti tiek su urbanistin\u0117mis, tiek su laisvalaikio aprangos detal\u0117mis. Tinka \u0161iltam orui, ta\u010diau priderinus prie striuk\u0117s, liks patog\u016bs ir v\u0117sesniu metu.<\/p>\n<\/section>\n<section data-wtai-block-id=\"wtai_product_description_custom_1754271650908\" class=\"wtai-section wtai-custom_1754271650908-section\">\n<h2>Kaip tinkamai pri\u017ei\u016br\u0117ti FunTee Motor Atlanta mar\u0161kin\u0117lius<\/h2>\n<ul>\n<li>Skalbti i\u0161vertus \u012f blog\u0105j\u0105 pus\u0119, \u0161velniu re\u017eimu arba rankomis, kad dizainas i\u0161likt\u0173.<\/li>\n<li>Ned\u017eiovinti d\u017eiovykl\u0117je \u2013 ver\u010diau leisk mar\u0161kin\u0117liams i\u0161d\u017ei\u016bti nat\u016braliai pav\u0117syje.<\/li>\n<li>Lyginti tik i\u0161 blogosios pus\u0117s, \u017eema temperat\u016bra, venk lyginti spaud\u0105.<\/li>\n<li>Laikyti sulankstytus arba pakabintus, toliau nuo tiesiogini\u0173 saul\u0117s spinduli\u0173.<\/li>\n<li>Nenaudok baliklio ar stipri\u0173 valikli\u0173, kad audinys ir spauda i\u0161likt\u0173 kaip nauji.<\/li>\n<\/ul>\n<\/section>\n<section data-wtai-block-id=\"wtai_product_description_custom_1754281021097\" class=\"wtai-section wtai-custom_1754281021097-section\">\n<h2>Kas slypi FunTee Motor Atlanta mar\u0161kin\u0117li\u0173 sud\u0117tyje?<\/h2>\n<h3>Med\u017eiagos<\/h3>\n<p>\u2022 Atsakingai \u012fsigyta, auk\u0161tos kokyb\u0117s OEKO-TEX sertifikuota medviln\u0117 \u2022 Nenaudojami kenksmingi da\u017eai \u2013 draugi\u0161ka aplinkai \u2022 Audinys malonus, ilgaam\u017eis, ma\u017eina greitos mados poveik\u012f<\/p>\n<h3>Sud\u0117tin\u0117s dalys<\/h3>\n<p>\u2022 Spauda be toksi\u0161k\u0173 chemini\u0173 med\u017eiag\u0173 \u2022 Tvirtos, perdirbtos si\u016bl\u0117s ir etiket\u0117s \u2022 Sukurta ilgai d\u0117v\u0117ti \u2013 l\u0117tesnis vartojimas, ma\u017eiau atliek\u0173<\/p>\n<h3>Pakuot\u0117<\/h3>\n<p>\u2022 100\u202f% perdirbtas ir perdirbamas popierius \u2022 Plastikui \u2013 ne, popieriui \u2013 taip: ma\u017eesnis aplinkos p\u0117dsakas \u2022 Paprasta, minimalistin\u0117 pakuot\u0117 taupo gamtos i\u0161teklius<\/p>\n<\/section>\n<div data-wtai-block-id=\"wtai_product_description_image_1753694424568\" class=\"wtai-section wtai-image_1753694424568-section\">\n<figure class=\"wtai-image-p wtai-align-center\" style=\"text-align:center\"><img decoding=\"async\" src=\"https:\/\/demostore.ai\/wp-content\/uploads\/2025\/06\/Graphic-tee-4-scaled-1-600x533.png\" alt=\"\u0160viesiai rusvos spalvos FunTee Motor Atlanta mar\u0161kin\u0117liai, matoma apykakl\u0117 ir etiket\u0117 su dyd\u017eiu M.\" srcset=\"https:\/\/demostore.ai\/wp-content\/uploads\/2025\/06\/Graphic-tee-4-scaled-1.png 1000w, https:\/\/demostore.ai\/wp-content\/uploads\/2025\/06\/Graphic-tee-4-scaled-1-300x266.png 300w, https:\/\/demostore.ai\/wp-content\/uploads\/2025\/06\/Graphic-tee-4-scaled-1-768x682.png 768w, https:\/\/demostore.ai\/wp-content\/uploads\/2025\/06\/Graphic-tee-4-scaled-1-600x533.png 600w\"><figcaption>\n<p>Stora apykakl\u0117 su tvarkingais si\u016blais leid\u017eia jaustis patogiai vis\u0105 dien\u0105.<\/p>\n<\/figcaption><\/figure>\n<\/p><\/div>\n<section data-wtai-block-id=\"wtai_product_description_faqs\" class=\"wtai-section wtai-faqs-section\">\n<h2>Da\u017eniausiai u\u017eduodami klausimai<\/h2>\n<p><strong>Kaip pasirinkti tinkam\u0105 dyd\u012f?<\/strong> <br \/> Parinkdami dyd\u012f, vadovaukit\u0117s \u012fprasta savo mar\u0161kin\u0117li\u0173 dyd\u017ei\u0173 lentele. Mar\u0161kin\u0117liai yra regular fit tipo, tad puikiai tiks j\u016bs\u0173 kasdieniam dyd\u017eiui.<\/p>\n<p><strong>Ar \u0161ie mar\u0161kin\u0117liai tinkami jautriai odai?<\/strong> <br \/> Taip, kadangi mar\u0161kin\u0117liai pagaminti i\u0161 mink\u0161tos medviln\u0117s, jie puikiai tinka jautriai odai ir nesukelia dirginimo.<\/p>\n<p><strong>Kuriuo met\u0173 laiku labiausiai tinka d\u0117v\u0117ti \u0161iuos mar\u0161kin\u0117lius?<\/strong> <br \/> Lengvas ir kv\u0117puojantis audinys idealiai tinka vasarai ir pavasariui, ta\u010diau gali b\u016bti d\u0117vimi ir kaip apatinis sluoksnis \u0161altesniu oru.<\/p>\n<p><strong>Kaip pri\u017ei\u016br\u0117ti \u0161iuos mar\u0161kin\u0117lius?<\/strong> <br \/> Rekomenduojama skalbti skalbykl\u0117je \u017eemoje temperat\u016broje ir atskirai nuo audini\u0173, kurie gali da\u017eyti. Ned\u0117ti ant radiatoriaus ar tiesiogini\u0173 saul\u0117s spinduli\u0173, kad i\u0161likt\u0173 spalva.<\/p>\n<\/section>\n<section data-wtai-block-id=\"wtai_product_description_conclusion\" class=\"wtai-section wtai-conclusion-section\">\n<h2>Atrask savo nauj\u0105 m\u0117gstam\u0105 mar\u0161kin\u0117li\u0173 model\u012f<\/h2>\n<p><strong>FunTee Motor Atlanta mar\u0161kin\u0117liai \u2013 tai patogus kasdienis pasirinkimas, kuris dera prie kiekvieno stiliaus. Tvirtas, stilingas ir lengvai pri\u017ei\u016brimas drabu\u017eis taps tavo garderobo pagrindu.<\/strong> <strong>Nedelsk \u2013 atsinaujink ir suteik i\u0161skirtinumo savo \u012fvaizd\u017eiui jau \u0161iandien.<\/strong><\/p>\n<\/section>\n","protected":false},"excerpt":{"rendered":"<div data-wtai-block-id=\"wtai_excerpt_subtitle\" class=\"wtai-section wtai-subtitle-section\">\n<p><em><strong>Minimalistinis dizainas, kuris i\u0161siskiria urbanistiniu charakteriu ir universalumu.<\/strong><\/em><\/p>\n<\/p><\/div>\n<div data-wtai-block-id=\"wtai_excerpt_introduction\" class=\"wtai-section wtai-introduction-section\">\n<p>Kas sako, kad kasdieniai mar\u0161kin\u0117liai negali b\u016bti original\u016bs? FunTee Motor Atlanta mar\u0161kin\u0117liai su subtiliu logotipu priekyje pad\u0117s i\u0161siskirti kiekvienoje situacijoje. \u0160velnus audinys maloniai priglunda prie k\u016bno, suteikdamas patogumo ne tik namuose, bet ir miesto \u0161urmulyje ar savaitgalio nuotykiuose. Stilingas, neutralios spalvos dizainas lengvai derinamas prie bet kokio \u012fvaizd\u017eio, tod\u0117l dr\u0105siai \u012ftrauksite \u0161iuos mar\u0161kin\u0117lius \u012f savo kasdien\u012f garderob\u0105. Tai pasirinkimas tiems, kurie vertina komfort\u0105, laisv\u0119 ir \u0161iuolaiki\u0161k\u0105 stili\u0173.<\/p>\n<\/p><\/div>\n","protected":false},"featured_media":22127,"comment_status":"open","ping_status":"closed","template":"","meta":[],"product_brand":[],"product_cat":[145],"product_tag":[],"class_list":{"0":"post-36989","1":"product","2":"type-product","3":"status-publish","4":"has-post-thumbnail","6":"product_cat-mada","8":"first","9":"instock","10":"shipping-taxable","11":"purchasable","12":"product-type-simple"},"bundled_by":[],"bundle_stock_status":"instock","bundle_stock_quantity":null,"bundle_virtual":false,"bundle_layout":"","bundle_add_to_cart_form_location":"","bundle_editable_in_cart":false,"bundle_sold_individually_context":"","bundle_item_grouping":"","bundle_min_size":"","bundle_max_size":"","bundle_price":[],"bundled_items":[],"bundle_sell_ids":[],"yoast_head":"<!-- This site is optimized with the Yoast SEO plugin v25.2 - https:\/\/yoast.com\/wordpress\/plugins\/seo\/ -->\n<title>Atrask Best FunTee Motor Atlanta Mar\u0161kin\u0117lius \u0160\u012f Sezon\u0105<\/title>\n<meta name=\"description\" content=\"Tradicin\u0117s vertyb\u0117s ir \u0161iuolaikin\u0117 i\u0161vaizda geriausiai atsiskleid\u017eia \u0161iuose mar\u0161kin\u0117liuose. Patog\u016bs, stilingi, lengvai pri\u017ei\u016brimi ir universal\u016bs \u2013 der\u0117s prie bet kokio stiliaus.\" \/>\n<meta name=\"robots\" content=\"index, follow, max-snippet:-1, max-image-preview:large, max-video-preview:-1\" \/>\n<link rel=\"canonical\" href=\"https:\/\/demostore.ai\/lt\/produktas\/funtee-motor-atlanta-marskineliai\/\" \/>\n<meta property=\"og:type\" content=\"article\" \/>\n<meta property=\"og:title\" content=\"Atrask Best FunTee Motor Atlanta Mar\u0161kin\u0117lius \u0160\u012f Sezon\u0105\" \/>\n<meta property=\"og:description\" content=\"I\u0161skirtinio dizaino mar\u0161kin\u0117liai su Motor Atlanta u\u017era\u0161u i\u0161 mink\u0161tos medviln\u0117s \u2013 puikiai tinka aktyviam kasdieniam gyvenimui. Universalus modelis ir paprasta prie\u017ei\u016bra leis m\u0117gautis komfortu bet kuriuo met\u0173 laiku.\" \/>\n<meta property=\"og:url\" content=\"https:\/\/demostore.ai\/lt\/produktas\/funtee-motor-atlanta-marskineliai\/\" \/>\n<meta property=\"og:site_name\" content=\"Trendy Thread\" \/>\n<meta property=\"article:modified_time\" content=\"2026-02-19T22:29:38+00:00\" \/>\n<meta property=\"og:image\" content=\"https:\/\/demostore.ai\/wp-content\/uploads\/2025\/06\/Graphic-tee-1-scaled-1.png\" \/>\n\t<meta property=\"og:image:width\" content=\"846\" \/>\n\t<meta property=\"og:image:height\" content=\"1000\" \/>\n\t<meta property=\"og:image:type\" content=\"image\/png\" \/>\n<meta name=\"twitter:card\" content=\"summary_large_image\" \/>\n<meta name=\"twitter:title\" content=\"Atrask Best FunTee Motor Atlanta Mar\u0161kin\u0117lius \u0160\u012f Sezon\u0105\" \/>\n<meta name=\"twitter:description\" content=\"I\u0161skirtinio dizaino mar\u0161kin\u0117liai su Motor Atlanta u\u017era\u0161u i\u0161 mink\u0161tos medviln\u0117s \u2013 puikiai tinka aktyviam kasdieniam gyvenimui. Universalus modelis ir paprasta prie\u017ei\u016bra leis m\u0117gautis komfortu bet kuriuo met\u0173 laiku.\" \/>\n<meta name=\"twitter:label1\" content=\"Est. reading time\" \/>\n\t<meta name=\"twitter:data1\" content=\"1 minut\u0117\" \/>\n<script type=\"application\/ld+json\" class=\"yoast-schema-graph\">{\"@context\":\"https:\/\/schema.org\",\"@graph\":[{\"@type\":\"WebPage\",\"@id\":\"https:\/\/demostore.ai\/lt\/produktas\/funtee-motor-atlanta-marskineliai\/\",\"url\":\"https:\/\/demostore.ai\/lt\/produktas\/funtee-motor-atlanta-marskineliai\/\",\"name\":\"Atrask Best FunTee Motor Atlanta Mar\u0161kin\u0117lius \u0160\u012f Sezon\u0105\",\"isPartOf\":{\"@id\":\"https:\/\/demostore.ai\/lt\/#website\"},\"primaryImageOfPage\":{\"@id\":\"https:\/\/demostore.ai\/lt\/produktas\/funtee-motor-atlanta-marskineliai\/#primaryimage\"},\"image\":{\"@id\":\"https:\/\/demostore.ai\/lt\/produktas\/funtee-motor-atlanta-marskineliai\/#primaryimage\"},\"thumbnailUrl\":\"https:\/\/demostore.ai\/wp-content\/uploads\/2025\/06\/Graphic-tee-1-scaled-1.png\",\"datePublished\":\"2025-06-15T23:05:43+00:00\",\"dateModified\":\"2026-02-19T22:29:38+00:00\",\"description\":\"Tradicin\u0117s vertyb\u0117s ir \u0161iuolaikin\u0117 i\u0161vaizda geriausiai atsiskleid\u017eia \u0161iuose mar\u0161kin\u0117liuose. Patog\u016bs, stilingi, lengvai pri\u017ei\u016brimi ir universal\u016bs \u2013 der\u0117s prie bet kokio stiliaus.\",\"breadcrumb\":{\"@id\":\"https:\/\/demostore.ai\/lt\/produktas\/funtee-motor-atlanta-marskineliai\/#breadcrumb\"},\"inLanguage\":\"lt-LT\",\"potentialAction\":[{\"@type\":\"ReadAction\",\"target\":[\"https:\/\/demostore.ai\/lt\/produktas\/funtee-motor-atlanta-marskineliai\/\"]}]},{\"@type\":\"ImageObject\",\"inLanguage\":\"lt-LT\",\"@id\":\"https:\/\/demostore.ai\/lt\/produktas\/funtee-motor-atlanta-marskineliai\/#primaryimage\",\"url\":\"https:\/\/demostore.ai\/wp-content\/uploads\/2025\/06\/Graphic-tee-1-scaled-1.png\",\"contentUrl\":\"https:\/\/demostore.ai\/wp-content\/uploads\/2025\/06\/Graphic-tee-1-scaled-1.png\",\"width\":846,\"height\":1000,\"caption\":\"\u0160viesiai rudi FunTee Motor Atlanta mar\u0161kin\u0117liai su baltu logotipu priekyje kair\u0117je pus\u0117je.\"},{\"@type\":\"BreadcrumbList\",\"@id\":\"https:\/\/demostore.ai\/lt\/produktas\/funtee-motor-atlanta-marskineliai\/#breadcrumb\",\"itemListElement\":[{\"@type\":\"ListItem\",\"position\":1,\"name\":\"Pagrindinis\",\"item\":\"https:\/\/demostore.ai\/lt\/\"},{\"@type\":\"ListItem\",\"position\":2,\"name\":\"Parduotuv\u0117\",\"item\":\"https:\/\/demostore.ai\/lt\/parduotuve\/\"},{\"@type\":\"ListItem\",\"position\":3,\"name\":\"FunTee Motor Atlanta Mar\u0161kin\u0117liai\"}]},{\"@type\":\"WebSite\",\"@id\":\"https:\/\/demostore.ai\/lt\/#website\",\"url\":\"https:\/\/demostore.ai\/lt\/\",\"name\":\"Trendy Thread\",\"description\":\"WriteText.ai demonstracin\u0117 parduotuv\u0117\",\"publisher\":{\"@id\":\"https:\/\/demostore.ai\/lt\/#organization\"},\"potentialAction\":[{\"@type\":\"SearchAction\",\"target\":{\"@type\":\"EntryPoint\",\"urlTemplate\":\"https:\/\/demostore.ai\/lt\/?s={search_term_string}\"},\"query-input\":{\"@type\":\"PropertyValueSpecification\",\"valueRequired\":true,\"valueName\":\"search_term_string\"}}],\"inLanguage\":\"lt-LT\"},{\"@type\":\"Organization\",\"@id\":\"https:\/\/demostore.ai\/lt\/#organization\",\"name\":\"WriteText.ai\",\"url\":\"https:\/\/demostore.ai\/lt\/\",\"logo\":{\"@type\":\"ImageObject\",\"inLanguage\":\"lt-LT\",\"@id\":\"https:\/\/demostore.ai\/lt\/#\/schema\/logo\/image\/\",\"url\":\"https:\/\/demostore.ai\/wp-content\/uploads\/2025\/10\/writetext_logo.webp\",\"contentUrl\":\"https:\/\/demostore.ai\/wp-content\/uploads\/2025\/10\/writetext_logo.webp\",\"width\":200,\"height\":34,\"caption\":\"WriteText.ai\"},\"image\":{\"@id\":\"https:\/\/demostore.ai\/lt\/#\/schema\/logo\/image\/\"}}]}<\/script>\n<!-- \/ Yoast SEO plugin. -->","yoast_head_json":{"title":"Atrask Best FunTee Motor Atlanta Mar\u0161kin\u0117lius \u0160\u012f Sezon\u0105","description":"Tradicin\u0117s vertyb\u0117s ir \u0161iuolaikin\u0117 i\u0161vaizda geriausiai atsiskleid\u017eia \u0161iuose mar\u0161kin\u0117liuose. Patog\u016bs, stilingi, lengvai pri\u017ei\u016brimi ir universal\u016bs \u2013 der\u0117s prie bet kokio stiliaus.","robots":{"index":"index","follow":"follow","max-snippet":"max-snippet:-1","max-image-preview":"max-image-preview:large","max-video-preview":"max-video-preview:-1"},"canonical":"https:\/\/demostore.ai\/lt\/produktas\/funtee-motor-atlanta-marskineliai\/","og_type":"article","og_title":"Atrask Best FunTee Motor Atlanta Mar\u0161kin\u0117lius \u0160\u012f Sezon\u0105","og_description":"I\u0161skirtinio dizaino mar\u0161kin\u0117liai su Motor Atlanta u\u017era\u0161u i\u0161 mink\u0161tos medviln\u0117s \u2013 puikiai tinka aktyviam kasdieniam gyvenimui. Universalus modelis ir paprasta prie\u017ei\u016bra leis m\u0117gautis komfortu bet kuriuo met\u0173 laiku.","og_url":"https:\/\/demostore.ai\/lt\/produktas\/funtee-motor-atlanta-marskineliai\/","og_site_name":"Trendy Thread","article_modified_time":"2026-02-19T22:29:38+00:00","og_image":[{"width":846,"height":1000,"url":"https:\/\/demostore.ai\/wp-content\/uploads\/2025\/06\/Graphic-tee-1-scaled-1.png","type":"image\/png"}],"twitter_card":"summary_large_image","twitter_title":"Atrask Best FunTee Motor Atlanta Mar\u0161kin\u0117lius \u0160\u012f Sezon\u0105","twitter_description":"I\u0161skirtinio dizaino mar\u0161kin\u0117liai su Motor Atlanta u\u017era\u0161u i\u0161 mink\u0161tos medviln\u0117s \u2013 puikiai tinka aktyviam kasdieniam gyvenimui. Universalus modelis ir paprasta prie\u017ei\u016bra leis m\u0117gautis komfortu bet kuriuo met\u0173 laiku.","twitter_misc":{"Est. reading time":"1 minut\u0117"},"schema":{"@context":"https:\/\/schema.org","@graph":[{"@type":"WebPage","@id":"https:\/\/demostore.ai\/lt\/produktas\/funtee-motor-atlanta-marskineliai\/","url":"https:\/\/demostore.ai\/lt\/produktas\/funtee-motor-atlanta-marskineliai\/","name":"Atrask Best FunTee Motor Atlanta Mar\u0161kin\u0117lius \u0160\u012f Sezon\u0105","isPartOf":{"@id":"https:\/\/demostore.ai\/lt\/#website"},"primaryImageOfPage":{"@id":"https:\/\/demostore.ai\/lt\/produktas\/funtee-motor-atlanta-marskineliai\/#primaryimage"},"image":{"@id":"https:\/\/demostore.ai\/lt\/produktas\/funtee-motor-atlanta-marskineliai\/#primaryimage"},"thumbnailUrl":"https:\/\/demostore.ai\/wp-content\/uploads\/2025\/06\/Graphic-tee-1-scaled-1.png","datePublished":"2025-06-15T23:05:43+00:00","dateModified":"2026-02-19T22:29:38+00:00","description":"Tradicin\u0117s vertyb\u0117s ir \u0161iuolaikin\u0117 i\u0161vaizda geriausiai atsiskleid\u017eia \u0161iuose mar\u0161kin\u0117liuose. Patog\u016bs, stilingi, lengvai pri\u017ei\u016brimi ir universal\u016bs \u2013 der\u0117s prie bet kokio stiliaus.","breadcrumb":{"@id":"https:\/\/demostore.ai\/lt\/produktas\/funtee-motor-atlanta-marskineliai\/#breadcrumb"},"inLanguage":"lt-LT","potentialAction":[{"@type":"ReadAction","target":["https:\/\/demostore.ai\/lt\/produktas\/funtee-motor-atlanta-marskineliai\/"]}]},{"@type":"ImageObject","inLanguage":"lt-LT","@id":"https:\/\/demostore.ai\/lt\/produktas\/funtee-motor-atlanta-marskineliai\/#primaryimage","url":"https:\/\/demostore.ai\/wp-content\/uploads\/2025\/06\/Graphic-tee-1-scaled-1.png","contentUrl":"https:\/\/demostore.ai\/wp-content\/uploads\/2025\/06\/Graphic-tee-1-scaled-1.png","width":846,"height":1000,"caption":"\u0160viesiai rudi FunTee Motor Atlanta mar\u0161kin\u0117liai su baltu logotipu priekyje kair\u0117je pus\u0117je."},{"@type":"BreadcrumbList","@id":"https:\/\/demostore.ai\/lt\/produktas\/funtee-motor-atlanta-marskineliai\/#breadcrumb","itemListElement":[{"@type":"ListItem","position":1,"name":"Pagrindinis","item":"https:\/\/demostore.ai\/lt\/"},{"@type":"ListItem","position":2,"name":"Parduotuv\u0117","item":"https:\/\/demostore.ai\/lt\/parduotuve\/"},{"@type":"ListItem","position":3,"name":"FunTee Motor Atlanta Mar\u0161kin\u0117liai"}]},{"@type":"WebSite","@id":"https:\/\/demostore.ai\/lt\/#website","url":"https:\/\/demostore.ai\/lt\/","name":"Trendy Thread","description":"WriteText.ai demonstracin\u0117 parduotuv\u0117","publisher":{"@id":"https:\/\/demostore.ai\/lt\/#organization"},"potentialAction":[{"@type":"SearchAction","target":{"@type":"EntryPoint","urlTemplate":"https:\/\/demostore.ai\/lt\/?s={search_term_string}"},"query-input":{"@type":"PropertyValueSpecification","valueRequired":true,"valueName":"search_term_string"}}],"inLanguage":"lt-LT"},{"@type":"Organization","@id":"https:\/\/demostore.ai\/lt\/#organization","name":"WriteText.ai","url":"https:\/\/demostore.ai\/lt\/","logo":{"@type":"ImageObject","inLanguage":"lt-LT","@id":"https:\/\/demostore.ai\/lt\/#\/schema\/logo\/image\/","url":"https:\/\/demostore.ai\/wp-content\/uploads\/2025\/10\/writetext_logo.webp","contentUrl":"https:\/\/demostore.ai\/wp-content\/uploads\/2025\/10\/writetext_logo.webp","width":200,"height":34,"caption":"WriteText.ai"},"image":{"@id":"https:\/\/demostore.ai\/lt\/#\/schema\/logo\/image\/"}}]}},"_links":{"self":[{"href":"https:\/\/demostore.ai\/lt\/wp-json\/wp\/v2\/product\/36989","targetHints":{"allow":["GET"]}}],"collection":[{"href":"https:\/\/demostore.ai\/lt\/wp-json\/wp\/v2\/product"}],"about":[{"href":"https:\/\/demostore.ai\/lt\/wp-json\/wp\/v2\/types\/product"}],"replies":[{"embeddable":true,"href":"https:\/\/demostore.ai\/lt\/wp-json\/wp\/v2\/comments?post=36989"}],"wp:featuredmedia":[{"embeddable":true,"href":"https:\/\/demostore.ai\/lt\/wp-json\/wp\/v2\/media\/22127"}],"wp:attachment":[{"href":"https:\/\/demostore.ai\/lt\/wp-json\/wp\/v2\/media?parent=36989"}],"wp:term":[{"taxonomy":"product_brand","embeddable":true,"href":"https:\/\/demostore.ai\/lt\/wp-json\/wp\/v2\/product_brand?post=36989"},{"taxonomy":"product_cat","embeddable":true,"href":"https:\/\/demostore.ai\/lt\/wp-json\/wp\/v2\/product_cat?post=36989"},{"taxonomy":"product_tag","embeddable":true,"href":"https:\/\/demostore.ai\/lt\/wp-json\/wp\/v2\/product_tag?post=36989"}],"curies":[{"name":"wp","href":"https:\/\/api.w.org\/{rel}","templated":true}]}}