{"id":248916,"date":"2026-04-14T09:24:30","date_gmt":"2026-04-14T01:24:30","guid":{"rendered":"https:\/\/demostore.ai\/?post_type=product&#038;p=248916"},"modified":"2026-04-29T09:46:19","modified_gmt":"2026-04-29T01:46:19","slug":"zygiu-rinkinys","status":"publish","type":"product","link":"https:\/\/demostore.ai\/lt\/produktas\/zygiu-rinkinys\/","title":{"rendered":"\u017dygi\u0173 rinkinys"},"content":{"rendered":"","protected":false},"excerpt":{"rendered":"","protected":false},"featured_media":248547,"comment_status":"open","ping_status":"closed","template":"","meta":[],"product_brand":[],"product_cat":[243],"product_tag":[],"class_list":{"0":"post-248916","1":"product","2":"type-product","3":"status-publish","4":"has-post-thumbnail","6":"product_cat-sportas","8":"first","9":"instock","10":"shipping-taxable","11":"purchasable","12":"product-type-bundle"},"bundled_by":[],"bundle_stock_status":"instock","bundle_stock_quantity":"","bundle_virtual":false,"bundle_layout":"default","bundle_add_to_cart_form_location":"default","bundle_editable_in_cart":false,"bundle_sold_individually_context":"product","bundle_item_grouping":"parent","bundle_min_size":"","bundle_max_size":"","bundle_price":{"price":{"min":{"incl_tax":"0","excl_tax":"0"},"max":{"incl_tax":"0","excl_tax":"0"}},"regular_price":{"min":{"incl_tax":"0","excl_tax":"0"},"max":{"incl_tax":"0","excl_tax":"0"}}},"bundled_items":[{"bundled_item_id":531,"product_id":37112,"menu_order":0,"quantity_min":1,"quantity_max":1,"quantity_default":1,"priced_individually":false,"shipped_individually":false,"override_title":false,"title":"Uniqlo Dvipus\u0117 Parka","override_description":false,"description":"Uniqlo Dvipus\u0117 Parka","optional":false,"hide_thumbnail":false,"discount":"","override_variations":false,"allowed_variations":[""],"override_default_variation_attributes":false,"default_variation_attributes":[],"single_product_visibility":"visible","cart_visibility":"visible","order_visibility":"visible","single_product_price_visibility":"visible","cart_price_visibility":"visible","order_price_visibility":"visible","stock_status":"in_stock"},{"bundled_item_id":532,"product_id":38315,"menu_order":1,"quantity_min":1,"quantity_max":1,"quantity_default":1,"priced_individually":false,"shipped_individually":false,"override_title":false,"title":"Nikon Aculon T01 \u017di\u016bronai","override_description":false,"description":"Nikon Aculon T01 \u017di\u016bronai","optional":false,"hide_thumbnail":false,"discount":"","override_variations":false,"allowed_variations":[""],"override_default_variation_attributes":false,"default_variation_attributes":[],"single_product_visibility":"visible","cart_visibility":"visible","order_visibility":"visible","single_product_price_visibility":"visible","cart_price_visibility":"visible","order_price_visibility":"visible","stock_status":"in_stock"},{"bundled_item_id":533,"product_id":37847,"menu_order":2,"quantity_min":1,"quantity_max":1,"quantity_default":1,"priced_individually":false,"shipped_individually":false,"override_title":false,"title":"Quechua Arpenaz Kuprin\u0117","override_description":false,"description":"Quechua Arpenaz Kuprin\u0117","optional":false,"hide_thumbnail":false,"discount":"","override_variations":false,"allowed_variations":[""],"override_default_variation_attributes":false,"default_variation_attributes":[],"single_product_visibility":"visible","cart_visibility":"visible","order_visibility":"visible","single_product_price_visibility":"visible","cart_price_visibility":"visible","order_price_visibility":"visible","stock_status":"in_stock"},{"bundled_item_id":534,"product_id":34715,"menu_order":3,"quantity_min":1,"quantity_max":1,"quantity_default":1,"priced_individually":false,"shipped_individually":false,"override_title":false,"title":"Adidas Originals Kepur\u0117","override_description":false,"description":"Adidas Originals Kepur\u0117","optional":false,"hide_thumbnail":false,"discount":"","override_variations":false,"allowed_variations":[""],"override_default_variation_attributes":false,"default_variation_attributes":[],"single_product_visibility":"visible","cart_visibility":"visible","order_visibility":"visible","single_product_price_visibility":"visible","cart_price_visibility":"visible","order_price_visibility":"visible","stock_status":"in_stock"}],"bundle_sell_ids":[],"yoast_head":"<!-- This site is optimized with the Yoast SEO plugin v25.2 - https:\/\/yoast.com\/wordpress\/plugins\/seo\/ -->\n<title>\u017dygi\u0173 rinkinys - Trendy Thread<\/title>\n<meta name=\"robots\" content=\"index, follow, max-snippet:-1, max-image-preview:large, max-video-preview:-1\" \/>\n<link rel=\"canonical\" href=\"https:\/\/demostore.ai\/lt\/produktas\/zygiu-rinkinys\/\" \/>\n<meta property=\"og:type\" content=\"article\" \/>\n<meta property=\"og:title\" content=\"\u017dygi\u0173 rinkinys - Trendy Thread\" \/>\n<meta property=\"og:url\" content=\"https:\/\/demostore.ai\/lt\/produktas\/zygiu-rinkinys\/\" \/>\n<meta property=\"og:site_name\" content=\"Trendy Thread\" \/>\n<meta property=\"article:modified_time\" content=\"2026-04-29T01:46:19+00:00\" \/>\n<meta property=\"og:image\" content=\"https:\/\/demostore.ai\/wp-content\/uploads\/2026\/04\/hiking_bundle.webp\" \/>\n\t<meta property=\"og:image:width\" content=\"1000\" \/>\n\t<meta property=\"og:image:height\" content=\"1000\" \/>\n\t<meta property=\"og:image:type\" content=\"image\/webp\" \/>\n<meta name=\"twitter:card\" content=\"summary_large_image\" \/>\n<meta name=\"twitter:label1\" content=\"Est. reading time\" \/>\n\t<meta name=\"twitter:data1\" content=\"1 minut\u0117\" \/>\n<script type=\"application\/ld+json\" class=\"yoast-schema-graph\">{\"@context\":\"https:\/\/schema.org\",\"@graph\":[{\"@type\":\"WebPage\",\"@id\":\"https:\/\/demostore.ai\/lt\/produktas\/zygiu-rinkinys\/\",\"url\":\"https:\/\/demostore.ai\/lt\/produktas\/zygiu-rinkinys\/\",\"name\":\"\u017dygi\u0173 rinkinys - Trendy Thread\",\"isPartOf\":{\"@id\":\"https:\/\/demostore.ai\/lt\/#website\"},\"primaryImageOfPage\":{\"@id\":\"https:\/\/demostore.ai\/lt\/produktas\/zygiu-rinkinys\/#primaryimage\"},\"image\":{\"@id\":\"https:\/\/demostore.ai\/lt\/produktas\/zygiu-rinkinys\/#primaryimage\"},\"thumbnailUrl\":\"https:\/\/demostore.ai\/wp-content\/uploads\/2026\/04\/hiking_bundle.webp\",\"datePublished\":\"2026-04-14T01:24:30+00:00\",\"dateModified\":\"2026-04-29T01:46:19+00:00\",\"breadcrumb\":{\"@id\":\"https:\/\/demostore.ai\/lt\/produktas\/zygiu-rinkinys\/#breadcrumb\"},\"inLanguage\":\"lt-LT\",\"potentialAction\":[{\"@type\":\"ReadAction\",\"target\":[\"https:\/\/demostore.ai\/lt\/produktas\/zygiu-rinkinys\/\"]}]},{\"@type\":\"ImageObject\",\"inLanguage\":\"lt-LT\",\"@id\":\"https:\/\/demostore.ai\/lt\/produktas\/zygiu-rinkinys\/#primaryimage\",\"url\":\"https:\/\/demostore.ai\/wp-content\/uploads\/2026\/04\/hiking_bundle.webp\",\"contentUrl\":\"https:\/\/demostore.ai\/wp-content\/uploads\/2026\/04\/hiking_bundle.webp\",\"width\":1000,\"height\":1000},{\"@type\":\"BreadcrumbList\",\"@id\":\"https:\/\/demostore.ai\/lt\/produktas\/zygiu-rinkinys\/#breadcrumb\",\"itemListElement\":[{\"@type\":\"ListItem\",\"position\":1,\"name\":\"Pagrindinis\",\"item\":\"https:\/\/demostore.ai\/lt\/\"},{\"@type\":\"ListItem\",\"position\":2,\"name\":\"Parduotuv\u0117\",\"item\":\"https:\/\/demostore.ai\/lt\/parduotuve\/\"},{\"@type\":\"ListItem\",\"position\":3,\"name\":\"\u017dygi\u0173 rinkinys\"}]},{\"@type\":\"WebSite\",\"@id\":\"https:\/\/demostore.ai\/lt\/#website\",\"url\":\"https:\/\/demostore.ai\/lt\/\",\"name\":\"Trendy Thread\",\"description\":\"WriteText.ai demonstracin\u0117 parduotuv\u0117\",\"publisher\":{\"@id\":\"https:\/\/demostore.ai\/lt\/#organization\"},\"potentialAction\":[{\"@type\":\"SearchAction\",\"target\":{\"@type\":\"EntryPoint\",\"urlTemplate\":\"https:\/\/demostore.ai\/lt\/?s={search_term_string}\"},\"query-input\":{\"@type\":\"PropertyValueSpecification\",\"valueRequired\":true,\"valueName\":\"search_term_string\"}}],\"inLanguage\":\"lt-LT\"},{\"@type\":\"Organization\",\"@id\":\"https:\/\/demostore.ai\/lt\/#organization\",\"name\":\"WriteText.ai\",\"url\":\"https:\/\/demostore.ai\/lt\/\",\"logo\":{\"@type\":\"ImageObject\",\"inLanguage\":\"lt-LT\",\"@id\":\"https:\/\/demostore.ai\/lt\/#\/schema\/logo\/image\/\",\"url\":\"https:\/\/demostore.ai\/wp-content\/uploads\/2025\/10\/writetext_logo.webp\",\"contentUrl\":\"https:\/\/demostore.ai\/wp-content\/uploads\/2025\/10\/writetext_logo.webp\",\"width\":200,\"height\":34,\"caption\":\"WriteText.ai\"},\"image\":{\"@id\":\"https:\/\/demostore.ai\/lt\/#\/schema\/logo\/image\/\"}}]}<\/script>\n<!-- \/ Yoast SEO plugin. -->","yoast_head_json":{"title":"\u017dygi\u0173 rinkinys - Trendy Thread","robots":{"index":"index","follow":"follow","max-snippet":"max-snippet:-1","max-image-preview":"max-image-preview:large","max-video-preview":"max-video-preview:-1"},"canonical":"https:\/\/demostore.ai\/lt\/produktas\/zygiu-rinkinys\/","og_type":"article","og_title":"\u017dygi\u0173 rinkinys - Trendy Thread","og_url":"https:\/\/demostore.ai\/lt\/produktas\/zygiu-rinkinys\/","og_site_name":"Trendy Thread","article_modified_time":"2026-04-29T01:46:19+00:00","og_image":[{"width":1000,"height":1000,"url":"https:\/\/demostore.ai\/wp-content\/uploads\/2026\/04\/hiking_bundle.webp","type":"image\/webp"}],"twitter_card":"summary_large_image","twitter_misc":{"Est. reading time":"1 minut\u0117"},"schema":{"@context":"https:\/\/schema.org","@graph":[{"@type":"WebPage","@id":"https:\/\/demostore.ai\/lt\/produktas\/zygiu-rinkinys\/","url":"https:\/\/demostore.ai\/lt\/produktas\/zygiu-rinkinys\/","name":"\u017dygi\u0173 rinkinys - Trendy Thread","isPartOf":{"@id":"https:\/\/demostore.ai\/lt\/#website"},"primaryImageOfPage":{"@id":"https:\/\/demostore.ai\/lt\/produktas\/zygiu-rinkinys\/#primaryimage"},"image":{"@id":"https:\/\/demostore.ai\/lt\/produktas\/zygiu-rinkinys\/#primaryimage"},"thumbnailUrl":"https:\/\/demostore.ai\/wp-content\/uploads\/2026\/04\/hiking_bundle.webp","datePublished":"2026-04-14T01:24:30+00:00","dateModified":"2026-04-29T01:46:19+00:00","breadcrumb":{"@id":"https:\/\/demostore.ai\/lt\/produktas\/zygiu-rinkinys\/#breadcrumb"},"inLanguage":"lt-LT","potentialAction":[{"@type":"ReadAction","target":["https:\/\/demostore.ai\/lt\/produktas\/zygiu-rinkinys\/"]}]},{"@type":"ImageObject","inLanguage":"lt-LT","@id":"https:\/\/demostore.ai\/lt\/produktas\/zygiu-rinkinys\/#primaryimage","url":"https:\/\/demostore.ai\/wp-content\/uploads\/2026\/04\/hiking_bundle.webp","contentUrl":"https:\/\/demostore.ai\/wp-content\/uploads\/2026\/04\/hiking_bundle.webp","width":1000,"height":1000},{"@type":"BreadcrumbList","@id":"https:\/\/demostore.ai\/lt\/produktas\/zygiu-rinkinys\/#breadcrumb","itemListElement":[{"@type":"ListItem","position":1,"name":"Pagrindinis","item":"https:\/\/demostore.ai\/lt\/"},{"@type":"ListItem","position":2,"name":"Parduotuv\u0117","item":"https:\/\/demostore.ai\/lt\/parduotuve\/"},{"@type":"ListItem","position":3,"name":"\u017dygi\u0173 rinkinys"}]},{"@type":"WebSite","@id":"https:\/\/demostore.ai\/lt\/#website","url":"https:\/\/demostore.ai\/lt\/","name":"Trendy Thread","description":"WriteText.ai demonstracin\u0117 parduotuv\u0117","publisher":{"@id":"https:\/\/demostore.ai\/lt\/#organization"},"potentialAction":[{"@type":"SearchAction","target":{"@type":"EntryPoint","urlTemplate":"https:\/\/demostore.ai\/lt\/?s={search_term_string}"},"query-input":{"@type":"PropertyValueSpecification","valueRequired":true,"valueName":"search_term_string"}}],"inLanguage":"lt-LT"},{"@type":"Organization","@id":"https:\/\/demostore.ai\/lt\/#organization","name":"WriteText.ai","url":"https:\/\/demostore.ai\/lt\/","logo":{"@type":"ImageObject","inLanguage":"lt-LT","@id":"https:\/\/demostore.ai\/lt\/#\/schema\/logo\/image\/","url":"https:\/\/demostore.ai\/wp-content\/uploads\/2025\/10\/writetext_logo.webp","contentUrl":"https:\/\/demostore.ai\/wp-content\/uploads\/2025\/10\/writetext_logo.webp","width":200,"height":34,"caption":"WriteText.ai"},"image":{"@id":"https:\/\/demostore.ai\/lt\/#\/schema\/logo\/image\/"}}]}},"_links":{"self":[{"href":"https:\/\/demostore.ai\/lt\/wp-json\/wp\/v2\/product\/248916","targetHints":{"allow":["GET"]}}],"collection":[{"href":"https:\/\/demostore.ai\/lt\/wp-json\/wp\/v2\/product"}],"about":[{"href":"https:\/\/demostore.ai\/lt\/wp-json\/wp\/v2\/types\/product"}],"replies":[{"embeddable":true,"href":"https:\/\/demostore.ai\/lt\/wp-json\/wp\/v2\/comments?post=248916"}],"wp:featuredmedia":[{"embeddable":true,"href":"https:\/\/demostore.ai\/lt\/wp-json\/wp\/v2\/media\/248547"}],"wp:attachment":[{"href":"https:\/\/demostore.ai\/lt\/wp-json\/wp\/v2\/media?parent=248916"}],"wp:term":[{"taxonomy":"product_brand","embeddable":true,"href":"https:\/\/demostore.ai\/lt\/wp-json\/wp\/v2\/product_brand?post=248916"},{"taxonomy":"product_cat","embeddable":true,"href":"https:\/\/demostore.ai\/lt\/wp-json\/wp\/v2\/product_cat?post=248916"},{"taxonomy":"product_tag","embeddable":true,"href":"https:\/\/demostore.ai\/lt\/wp-json\/wp\/v2\/product_tag?post=248916"}],"curies":[{"name":"wp","href":"https:\/\/api.w.org\/{rel}","templated":true}]}}