{"id":248583,"date":"2026-04-14T11:01:50","date_gmt":"2026-04-14T03:01:50","guid":{"rendered":"https:\/\/demostore.ai\/?post_type=product&#038;p=248583"},"modified":"2026-04-28T09:25:45","modified_gmt":"2026-04-28T01:25:45","slug":"namu-treniruociu-planas-pdf-vadovas","status":"publish","type":"product","link":"https:\/\/demostore.ai\/lt\/produktas\/namu-treniruociu-planas-pdf-vadovas\/","title":{"rendered":"Nam\u0173 treniruo\u010di\u0173 planas (PDF vadovas)"},"content":{"rendered":"","protected":false},"excerpt":{"rendered":"","protected":false},"featured_media":244831,"comment_status":"open","ping_status":"closed","template":"","meta":[],"product_brand":[],"product_cat":[243],"product_tag":[],"class_list":{"0":"post-248583","1":"product","2":"type-product","3":"status-publish","4":"has-post-thumbnail","6":"product_cat-sportas","8":"first","9":"instock","10":"downloadable","11":"shipping-taxable","12":"purchasable","13":"product-type-simple"},"bundled_by":[],"bundle_stock_status":"instock","bundle_stock_quantity":null,"bundle_virtual":false,"bundle_layout":"","bundle_add_to_cart_form_location":"","bundle_editable_in_cart":false,"bundle_sold_individually_context":"","bundle_item_grouping":"","bundle_min_size":"","bundle_max_size":"","bundle_price":[],"bundled_items":[],"bundle_sell_ids":[],"yoast_head":"<!-- This site is optimized with the Yoast SEO plugin v25.2 - https:\/\/yoast.com\/wordpress\/plugins\/seo\/ -->\n<title>Nam\u0173 treniruo\u010di\u0173 planas (PDF vadovas) - Trendy Thread<\/title>\n<meta name=\"robots\" content=\"index, follow, max-snippet:-1, max-image-preview:large, max-video-preview:-1\" \/>\n<link rel=\"canonical\" href=\"https:\/\/demostore.ai\/lt\/produktas\/namu-treniruociu-planas-pdf-vadovas\/\" \/>\n<meta property=\"og:type\" content=\"article\" \/>\n<meta property=\"og:title\" content=\"Nam\u0173 treniruo\u010di\u0173 planas (PDF vadovas) - Trendy Thread\" \/>\n<meta property=\"og:url\" content=\"https:\/\/demostore.ai\/lt\/produktas\/namu-treniruociu-planas-pdf-vadovas\/\" \/>\n<meta property=\"og:site_name\" content=\"Trendy Thread\" \/>\n<meta property=\"article:modified_time\" content=\"2026-04-28T01:25:45+00:00\" \/>\n<meta property=\"og:image\" content=\"https:\/\/demostore.ai\/wp-content\/uploads\/2026\/04\/home_workout_plan.jpg\" \/>\n\t<meta property=\"og:image:width\" content=\"1000\" \/>\n\t<meta property=\"og:image:height\" content=\"1000\" \/>\n\t<meta property=\"og:image:type\" content=\"image\/jpeg\" \/>\n<meta name=\"twitter:card\" content=\"summary_large_image\" \/>\n<script type=\"application\/ld+json\" class=\"yoast-schema-graph\">{\"@context\":\"https:\/\/schema.org\",\"@graph\":[{\"@type\":\"WebPage\",\"@id\":\"https:\/\/demostore.ai\/lt\/produktas\/namu-treniruociu-planas-pdf-vadovas\/\",\"url\":\"https:\/\/demostore.ai\/lt\/produktas\/namu-treniruociu-planas-pdf-vadovas\/\",\"name\":\"Nam\u0173 treniruo\u010di\u0173 planas (PDF vadovas) - Trendy Thread\",\"isPartOf\":{\"@id\":\"https:\/\/demostore.ai\/lt\/#website\"},\"primaryImageOfPage\":{\"@id\":\"https:\/\/demostore.ai\/lt\/produktas\/namu-treniruociu-planas-pdf-vadovas\/#primaryimage\"},\"image\":{\"@id\":\"https:\/\/demostore.ai\/lt\/produktas\/namu-treniruociu-planas-pdf-vadovas\/#primaryimage\"},\"thumbnailUrl\":\"https:\/\/demostore.ai\/wp-content\/uploads\/2026\/04\/home_workout_plan.jpg\",\"datePublished\":\"2026-04-14T03:01:50+00:00\",\"dateModified\":\"2026-04-28T01:25:45+00:00\",\"breadcrumb\":{\"@id\":\"https:\/\/demostore.ai\/lt\/produktas\/namu-treniruociu-planas-pdf-vadovas\/#breadcrumb\"},\"inLanguage\":\"lt-LT\",\"potentialAction\":[{\"@type\":\"ReadAction\",\"target\":[\"https:\/\/demostore.ai\/lt\/produktas\/namu-treniruociu-planas-pdf-vadovas\/\"]}]},{\"@type\":\"ImageObject\",\"inLanguage\":\"lt-LT\",\"@id\":\"https:\/\/demostore.ai\/lt\/produktas\/namu-treniruociu-planas-pdf-vadovas\/#primaryimage\",\"url\":\"https:\/\/demostore.ai\/wp-content\/uploads\/2026\/04\/home_workout_plan.jpg\",\"contentUrl\":\"https:\/\/demostore.ai\/wp-content\/uploads\/2026\/04\/home_workout_plan.jpg\",\"width\":1000,\"height\":1000},{\"@type\":\"BreadcrumbList\",\"@id\":\"https:\/\/demostore.ai\/lt\/produktas\/namu-treniruociu-planas-pdf-vadovas\/#breadcrumb\",\"itemListElement\":[{\"@type\":\"ListItem\",\"position\":1,\"name\":\"Pagrindinis\",\"item\":\"https:\/\/demostore.ai\/lt\/\"},{\"@type\":\"ListItem\",\"position\":2,\"name\":\"Parduotuv\u0117\",\"item\":\"https:\/\/demostore.ai\/lt\/parduotuve\/\"},{\"@type\":\"ListItem\",\"position\":3,\"name\":\"Nam\u0173 treniruo\u010di\u0173 planas (PDF vadovas)\"}]},{\"@type\":\"WebSite\",\"@id\":\"https:\/\/demostore.ai\/lt\/#website\",\"url\":\"https:\/\/demostore.ai\/lt\/\",\"name\":\"Trendy Thread\",\"description\":\"WriteText.ai demonstracin\u0117 parduotuv\u0117\",\"publisher\":{\"@id\":\"https:\/\/demostore.ai\/lt\/#organization\"},\"potentialAction\":[{\"@type\":\"SearchAction\",\"target\":{\"@type\":\"EntryPoint\",\"urlTemplate\":\"https:\/\/demostore.ai\/lt\/?s={search_term_string}\"},\"query-input\":{\"@type\":\"PropertyValueSpecification\",\"valueRequired\":true,\"valueName\":\"search_term_string\"}}],\"inLanguage\":\"lt-LT\"},{\"@type\":\"Organization\",\"@id\":\"https:\/\/demostore.ai\/lt\/#organization\",\"name\":\"WriteText.ai\",\"url\":\"https:\/\/demostore.ai\/lt\/\",\"logo\":{\"@type\":\"ImageObject\",\"inLanguage\":\"lt-LT\",\"@id\":\"https:\/\/demostore.ai\/lt\/#\/schema\/logo\/image\/\",\"url\":\"https:\/\/demostore.ai\/wp-content\/uploads\/2025\/10\/writetext_logo.webp\",\"contentUrl\":\"https:\/\/demostore.ai\/wp-content\/uploads\/2025\/10\/writetext_logo.webp\",\"width\":200,\"height\":34,\"caption\":\"WriteText.ai\"},\"image\":{\"@id\":\"https:\/\/demostore.ai\/lt\/#\/schema\/logo\/image\/\"}}]}<\/script>\n<!-- \/ Yoast SEO plugin. -->","yoast_head_json":{"title":"Nam\u0173 treniruo\u010di\u0173 planas (PDF vadovas) - Trendy Thread","robots":{"index":"index","follow":"follow","max-snippet":"max-snippet:-1","max-image-preview":"max-image-preview:large","max-video-preview":"max-video-preview:-1"},"canonical":"https:\/\/demostore.ai\/lt\/produktas\/namu-treniruociu-planas-pdf-vadovas\/","og_type":"article","og_title":"Nam\u0173 treniruo\u010di\u0173 planas (PDF vadovas) - Trendy Thread","og_url":"https:\/\/demostore.ai\/lt\/produktas\/namu-treniruociu-planas-pdf-vadovas\/","og_site_name":"Trendy Thread","article_modified_time":"2026-04-28T01:25:45+00:00","og_image":[{"width":1000,"height":1000,"url":"https:\/\/demostore.ai\/wp-content\/uploads\/2026\/04\/home_workout_plan.jpg","type":"image\/jpeg"}],"twitter_card":"summary_large_image","schema":{"@context":"https:\/\/schema.org","@graph":[{"@type":"WebPage","@id":"https:\/\/demostore.ai\/lt\/produktas\/namu-treniruociu-planas-pdf-vadovas\/","url":"https:\/\/demostore.ai\/lt\/produktas\/namu-treniruociu-planas-pdf-vadovas\/","name":"Nam\u0173 treniruo\u010di\u0173 planas (PDF vadovas) - Trendy Thread","isPartOf":{"@id":"https:\/\/demostore.ai\/lt\/#website"},"primaryImageOfPage":{"@id":"https:\/\/demostore.ai\/lt\/produktas\/namu-treniruociu-planas-pdf-vadovas\/#primaryimage"},"image":{"@id":"https:\/\/demostore.ai\/lt\/produktas\/namu-treniruociu-planas-pdf-vadovas\/#primaryimage"},"thumbnailUrl":"https:\/\/demostore.ai\/wp-content\/uploads\/2026\/04\/home_workout_plan.jpg","datePublished":"2026-04-14T03:01:50+00:00","dateModified":"2026-04-28T01:25:45+00:00","breadcrumb":{"@id":"https:\/\/demostore.ai\/lt\/produktas\/namu-treniruociu-planas-pdf-vadovas\/#breadcrumb"},"inLanguage":"lt-LT","potentialAction":[{"@type":"ReadAction","target":["https:\/\/demostore.ai\/lt\/produktas\/namu-treniruociu-planas-pdf-vadovas\/"]}]},{"@type":"ImageObject","inLanguage":"lt-LT","@id":"https:\/\/demostore.ai\/lt\/produktas\/namu-treniruociu-planas-pdf-vadovas\/#primaryimage","url":"https:\/\/demostore.ai\/wp-content\/uploads\/2026\/04\/home_workout_plan.jpg","contentUrl":"https:\/\/demostore.ai\/wp-content\/uploads\/2026\/04\/home_workout_plan.jpg","width":1000,"height":1000},{"@type":"BreadcrumbList","@id":"https:\/\/demostore.ai\/lt\/produktas\/namu-treniruociu-planas-pdf-vadovas\/#breadcrumb","itemListElement":[{"@type":"ListItem","position":1,"name":"Pagrindinis","item":"https:\/\/demostore.ai\/lt\/"},{"@type":"ListItem","position":2,"name":"Parduotuv\u0117","item":"https:\/\/demostore.ai\/lt\/parduotuve\/"},{"@type":"ListItem","position":3,"name":"Nam\u0173 treniruo\u010di\u0173 planas (PDF vadovas)"}]},{"@type":"WebSite","@id":"https:\/\/demostore.ai\/lt\/#website","url":"https:\/\/demostore.ai\/lt\/","name":"Trendy Thread","description":"WriteText.ai demonstracin\u0117 parduotuv\u0117","publisher":{"@id":"https:\/\/demostore.ai\/lt\/#organization"},"potentialAction":[{"@type":"SearchAction","target":{"@type":"EntryPoint","urlTemplate":"https:\/\/demostore.ai\/lt\/?s={search_term_string}"},"query-input":{"@type":"PropertyValueSpecification","valueRequired":true,"valueName":"search_term_string"}}],"inLanguage":"lt-LT"},{"@type":"Organization","@id":"https:\/\/demostore.ai\/lt\/#organization","name":"WriteText.ai","url":"https:\/\/demostore.ai\/lt\/","logo":{"@type":"ImageObject","inLanguage":"lt-LT","@id":"https:\/\/demostore.ai\/lt\/#\/schema\/logo\/image\/","url":"https:\/\/demostore.ai\/wp-content\/uploads\/2025\/10\/writetext_logo.webp","contentUrl":"https:\/\/demostore.ai\/wp-content\/uploads\/2025\/10\/writetext_logo.webp","width":200,"height":34,"caption":"WriteText.ai"},"image":{"@id":"https:\/\/demostore.ai\/lt\/#\/schema\/logo\/image\/"}}]}},"_links":{"self":[{"href":"https:\/\/demostore.ai\/lt\/wp-json\/wp\/v2\/product\/248583","targetHints":{"allow":["GET"]}}],"collection":[{"href":"https:\/\/demostore.ai\/lt\/wp-json\/wp\/v2\/product"}],"about":[{"href":"https:\/\/demostore.ai\/lt\/wp-json\/wp\/v2\/types\/product"}],"replies":[{"embeddable":true,"href":"https:\/\/demostore.ai\/lt\/wp-json\/wp\/v2\/comments?post=248583"}],"wp:featuredmedia":[{"embeddable":true,"href":"https:\/\/demostore.ai\/lt\/wp-json\/wp\/v2\/media\/244831"}],"wp:attachment":[{"href":"https:\/\/demostore.ai\/lt\/wp-json\/wp\/v2\/media?parent=248583"}],"wp:term":[{"taxonomy":"product_brand","embeddable":true,"href":"https:\/\/demostore.ai\/lt\/wp-json\/wp\/v2\/product_brand?post=248583"},{"taxonomy":"product_cat","embeddable":true,"href":"https:\/\/demostore.ai\/lt\/wp-json\/wp\/v2\/product_cat?post=248583"},{"taxonomy":"product_tag","embeddable":true,"href":"https:\/\/demostore.ai\/lt\/wp-json\/wp\/v2\/product_tag?post=248583"}],"curies":[{"name":"wp","href":"https:\/\/api.w.org\/{rel}","templated":true}]}}