{"id":46811,"date":"2025-06-16T08:06:40","date_gmt":"2025-06-16T00:06:40","guid":{"rendered":"https:\/\/demostore.ai\/?post_type=product&#038;p=46811"},"modified":"2026-02-20T11:12:13","modified_gmt":"2026-02-20T03:12:13","slug":"ps5-marvel-spiderman-2","status":"publish","type":"product","link":"https:\/\/demostore.ai\/hu\/termek\/ps5-marvel-spiderman-2\/","title":{"rendered":"PS5 Marvel Spiderman 2"},"content":{"rendered":"<section data-wtai-block-id=\"wtai_product_description_features\" class=\"wtai-section wtai-features-section\">\n<h2>F\u0151bb Jellemz\u0151k<\/h2>\n<ul>\n<li><strong>Leny\u0171g\u00f6z\u0151 Marvel sztori<\/strong> \u2013 Mag\u00e1val ragad\u00f3 t\u00f6rt\u00e9net, ahol Peter Parker \u00e9s Miles Morales k\u00f6z\u00f6sen vesznek fel a harcot \u00faj \u00e9s r\u00e9gi ellenfelekkel.<\/li>\n<li><strong>Gyors akci\u00f3 \u00e9s v\u00e1rosi ugr\u00e1l\u00e1s<\/strong> \u2013 Dinamikus harci rendszer \u00e9s m\u00e9g foly\u00e9konyabb h\u00e1l\u00f3vet\u00e9s a PS5 erej\u00e9vel \u00e9s sebess\u00e9g\u00e9vel.<\/li>\n<li><strong>Elk\u00e9peszt\u0151en r\u00e9szletes grafika<\/strong> \u2013 R\u00e9szletgazdag New York, fejlett vizu\u00e1lis effektek \u00e9s val\u00f3s idej\u0171 sug\u00e1rk\u00f6vet\u00e9s.<\/li>\n<li><strong>Exkluz\u00edv PlayStation 5 funkci\u00f3k<\/strong> \u2013 Adapt\u00edv ravaszok, haptikus visszacsatol\u00e1s teljesen \u00faj szinten, csak PS5 konzolon.<\/li>\n<li><strong>K\u00e9t ikonikus karakter<\/strong> \u2013 V\u00e1lt\u00e1s Peter \u00e9s Miles k\u00f6z\u00f6tt, egyedi k\u00e9pess\u00e9gekkel \u00e9s st\u00edlussal mindk\u00e9t P\u00f3kembern\u00e9l.<\/li>\n<\/ul>\n<\/section>\n<div data-wtai-block-id=\"wtai_product_description_image_1\" class=\"wtai-section wtai-image_1-section\">\n<figure class=\"wtai-image-p wtai-align-center\" style=\"text-align:center\"><img decoding=\"async\" src=\"https:\/\/demostore.ai\/wp-content\/uploads\/2025\/06\/Video-game-2-600x600.png\" alt=\"A PS5 Marvel\u2019s Spider-Man 2 j\u00e1t\u00e9kszoftver h\u00e1tlapja, j\u00e1t\u00e9kb\u00f3l vett jelenetekkel \u00e9s le\u00edr\u00e1ssal.\" srcset=\"https:\/\/demostore.ai\/wp-content\/uploads\/2025\/06\/Video-game-2.png 1000w, https:\/\/demostore.ai\/wp-content\/uploads\/2025\/06\/Video-game-2-300x300.png 300w, https:\/\/demostore.ai\/wp-content\/uploads\/2025\/06\/Video-game-2-150x150.png 150w, https:\/\/demostore.ai\/wp-content\/uploads\/2025\/06\/Video-game-2-768x768.png 768w, https:\/\/demostore.ai\/wp-content\/uploads\/2025\/06\/Video-game-2-600x600.png 600w, https:\/\/demostore.ai\/wp-content\/uploads\/2025\/06\/Video-game-2-250x250.png 250w\"><figcaption>\n<p>A csomagol\u00e1s h\u00e1toldal\u00e1n l\u00e1tv\u00e1nyos, akci\u00f3d\u00fas jelenetek l\u00e1that\u00f3k P\u00f3kemberrel, energikus, modern st\u00edlusban t\u00e1lalva.<\/p>\n<\/figcaption><\/figure>\n<\/p><\/div>\n<section data-wtai-block-id=\"wtai_product_description_technical_specifications\" class=\"wtai-section wtai-technical_specifications-section\">\n<h3>R\u00e9szletek<\/h3>\n<ul>\n<li><strong>Platform<\/strong>: PlayStation 5<\/li>\n<li><strong>J\u00e1t\u00e9kos m\u00f3dok<\/strong>: Egyj\u00e1t\u00e9kos<\/li>\n<li><strong>Kiad\u00f3<\/strong>: Sony Interactive Entertainment<\/li>\n<li><strong>Fejleszt\u0151<\/strong>: Insomniac Games<\/li>\n<li><strong>M\u0171faj<\/strong>: Akci\u00f3-kaland<\/li>\n<li><strong>Nyelv<\/strong>: Angol hang, magyar felirat<\/li>\n<li><strong>Kiad\u00e1si \u00e9v<\/strong>: 2023<\/li>\n<li><strong>Adathordoz\u00f3<\/strong>: Blu-ray lemez<\/li>\n<\/ul>\n<\/section>\n<section data-wtai-block-id=\"wtai_product_description_custom_1\" class=\"wtai-section wtai-custom_1-section\">\n<h2>Kiknek \u00e9s milyen alkalmakra ide\u00e1lis a PS5 Marvel Spider-Man 2<\/h2>\n<ul>\n<li><strong>Marvel-rajong\u00f3k<\/strong> \u2013 Leny\u0171g\u00f6z\u0151 t\u00f6rt\u00e9net \u00e9s ikonikus karakterek minden k\u00e9preg\u00e9nykedvel\u0151nek.<\/li>\n<li><strong>Akci\u00f3j\u00e1t\u00e9k szerelmesei<\/strong> \u2013 P\u00f6rg\u0151s j\u00e1t\u00e9kmenet \u00e9s l\u00e1tv\u00e1nyos harcok esti kikapcsol\u00f3d\u00e1shoz.<\/li>\n<li><strong>Bar\u00e1ti t\u00e1rsas\u00e1goknak<\/strong> \u2013 K\u00f6z\u00f6s \u00e9lm\u00e9ny next-gen grafik\u00e1val \u00e9s sz\u00f3rakoztat\u00f3 t\u00f6rt\u00e9nettel.<\/li>\n<\/ul>\n<\/section>\n<section data-wtai-block-id=\"wtai_product_description_custom_2\" class=\"wtai-section wtai-custom_2-section\">\n<h2>A Marvel&#8217;s Spider-Man 2 vezet\u0151 alkot\u00f3j\u00e1nak bemutat\u00e1sa<\/h2>\n<p>Bryan Intihar az Insomniac Games kreat\u00edv igazgat\u00f3ja, aki a Marvel&#8217;s Spider-Man 2 \u00e9lm\u00e9ny\u00e9t \u00e9letre h\u00edvta a PlayStation 5 konzolon.<\/p>\n<p>P\u00e1lyafut\u00e1s\u00e1t eredetileg videoj\u00e1t\u00e9k-\u00fajs\u00e1g\u00edr\u00f3k\u00e9nt kezdte, majd k\u00f6z\u00f6ss\u00e9gi menedzserk\u00e9nt csatlakozott az Insomniac csapat\u00e1hoz, ahol hamar felismert\u00e9k tehets\u00e9g\u00e9t.<\/p>\n<p>Intihar nev\u00e9t m\u00e1r az els\u0151 Spider-Man j\u00e1t\u00e9kkal megismerhette a k\u00f6z\u00f6ns\u00e9g, majd a folytat\u00e1sn\u00e1l a k\u00e9t f\u0151h\u0151s karakter dinamik\u00e1j\u00e1t \u00e9s az ikonikus Venom bevezet\u00e9s\u00e9t is neki k\u00f6sz\u00f6nhetj\u00fck.<\/p>\n<p>A rajong\u00f3k sz\u00e1m\u00e1ra az\u00e9rt is kedvelt, mert mindig hiteles, izgalmas t\u00f6rt\u00e9netvezet\u00e9st biztos\u00edt \u00e9s \u00fcgyel arra, hogy minden koroszt\u00e1ly megtal\u00e1lja benne a saj\u00e1t h\u0151s\u00e9t.<\/p>\n<\/section>\n<section data-wtai-block-id=\"wtai_product_description_faqs\" class=\"wtai-section wtai-faqs-section\">\n<h2>Gyakori k\u00e9rd\u00e9sek \u00e9s v\u00e1laszok<\/h2>\n<p><strong>Kell-e el\u0151z\u0151 Spider-Man j\u00e1t\u00e9kokkal j\u00e1tszanom ehhez?<\/strong><\/p>\n<p>Nem felt\u00e9tlen\u00fcl, de nagyobb \u00e9lm\u00e9nyt ny\u00fajt, ha ismered Peter vagy Miles el\u0151z\u0151 kalandjait is.<\/p>\n<p><strong>Milyen extra \u00e9lm\u00e9nyeket ny\u00fajt a PS5 verzi\u00f3?<\/strong><\/p>\n<p>A PS5 adapt\u00edv ravaszai, haptikus visszacsatol\u00e1s \u00e9s gyors t\u00f6lt\u00e9si id\u0151k jelent\u0151sen n\u00f6velik az \u00e9lm\u00e9nyt.<\/p>\n<p><strong>Van-e magyar nyelv t\u00e1mogat\u00e1s?<\/strong><\/p>\n<p>A j\u00e1t\u00e9k angol hanggal, de magyar felirattal \u00e9rhet\u0151 el, \u00edgy minden fontos inform\u00e1ci\u00f3t meg\u00e9rtesz.<\/p>\n<p><strong>\u00c9rdemes-e lemezes verzi\u00f3t v\u00e1lasztani?<\/strong><\/p>\n<p>A lemezes verzi\u00f3 gy\u0171jtem\u00e9nyed k\u00fcl\u00f6nleges darabja lehet, \u00e9s \u00edgy k\u00f6nnyebben k\u00f6lcs\u00f6n is adhatod bar\u00e1toknak.<\/p>\n<\/section>\n<section data-wtai-block-id=\"wtai_product_description_conclusion\" class=\"wtai-section wtai-conclusion-section\">\n<h3>N\u00e9zd meg k\u00f6zelebbr\u0151l \u00e9s tapasztald meg az akci\u00f3t<\/h3>\n<p><strong>A PS5 Marvel Spiderman 2 lehet\u0151s\u00e9get ad, hogy belemer\u00fclj egy leny\u0171g\u00f6z\u0151en r\u00e9szletes \u00e9s fordulatos szuperh\u0151s-kalandba.<\/strong> <strong>A dinamikus harc, k\u00e9t j\u00e1tszhat\u00f3 karakter \u00e9s a k\u00f6vetkez\u0151 gener\u00e1ci\u00f3s grafika garant\u00e1lja, hogy egyetlen perc sem lesz unalmas.<\/strong> <strong>Ha szeretn\u00e9l igaz\u00e1n l\u00e1tv\u00e1nyos \u00e9s tartalmas j\u00e1t\u00e9k\u00e9lm\u00e9nyt, ne v\u00e1rj tov\u00e1bb \u2013 ez lesz a k\u00f6vetkez\u0151 kedvenced.<\/strong><\/p>\n<\/section>\n","protected":false},"excerpt":{"rendered":"<div data-wtai-block-id=\"wtai_excerpt_subtitle\" class=\"wtai-section wtai-subtitle-section\">\n<p><em><strong>K\u00e9t P\u00f3kember, dupla akci\u00f3: ugr\u00e1s a k\u00f6vetkez\u0151 szintre<\/strong><\/em><\/p>\n<\/p><\/div>\n<div data-wtai-block-id=\"wtai_excerpt_introduction\" class=\"wtai-section wtai-introduction-section\">\n<p>Neh\u00e9z ellen\u00e1llni annak az izgalomnak, amit a Marvel\u2019s Spider-Man 2 a PS5-\u00f6n ny\u00fajt. Ism\u00e9t egy\u00fctt mozoghatunk Peter Parkerrel \u00e9s Miles Morales-szel egy leny\u0171g\u00f6z\u0151, nyitott vil\u00e1gban, ahol a vill\u00e1mgyors akci\u00f3k, \u00faj k\u00e9pess\u00e9gek \u00e9s a modern l\u00e1tv\u00e1nyvil\u00e1g minden pillanatban elvar\u00e1zsol. Ide\u00e1lis v\u00e1laszt\u00e1s mindazoknak, akik szeretik a szuperh\u0151s\u00f6s kalandokat, vagy csak ki akarnak kapcsol\u00f3dni egy igaz\u00e1n \u00e1t\u00e9lhet\u0151, magas sz\u00ednvonal\u00fa j\u00e1t\u00e9k\u00e9lm\u00e9nnyel.<\/p>\n<\/p><\/div>\n","protected":false},"featured_media":18877,"comment_status":"open","ping_status":"closed","template":"","meta":[],"product_brand":[],"product_cat":[141],"product_tag":[],"class_list":{"0":"post-46811","1":"product","2":"type-product","3":"status-publish","4":"has-post-thumbnail","6":"product_cat-konyvek-media","8":"first","9":"instock","10":"shipping-taxable","11":"purchasable","12":"product-type-simple"},"bundled_by":["243946"],"bundle_stock_status":"instock","bundle_stock_quantity":null,"bundle_virtual":false,"bundle_layout":"","bundle_add_to_cart_form_location":"","bundle_editable_in_cart":false,"bundle_sold_individually_context":"","bundle_item_grouping":"","bundle_min_size":"","bundle_max_size":"","bundle_price":[],"bundled_items":[],"bundle_sell_ids":[],"yoast_head":"<!-- This site is optimized with the Yoast SEO plugin v25.2 - https:\/\/yoast.com\/wordpress\/plugins\/seo\/ -->\n<title>Get PS5 Marvel Spiderman 2 a Modern Szuperh\u0151skaland \u00c9lm\u00e9ny\u00e9\u00e9rt<\/title>\n<meta name=\"description\" content=\"Izgalmas t\u00f6rt\u00e9net, k\u00e9t ikonikus P\u00f3kember \u00e9s l\u00e9legzetel\u00e1ll\u00edt\u00f3 grafika v\u00e1r ebben az akci\u00f3d\u00fas PS5 j\u00e1t\u00e9kban. Fedezd fel New York \u00faj oldal\u00e1t vel\u00fck.\" \/>\n<meta name=\"robots\" content=\"index, follow, max-snippet:-1, max-image-preview:large, max-video-preview:-1\" \/>\n<link rel=\"canonical\" href=\"https:\/\/demostore.ai\/hu\/termek\/ps5-marvel-spiderman-2\/\" \/>\n<meta property=\"og:type\" content=\"article\" \/>\n<meta property=\"og:title\" content=\"Get PS5 Marvel Spiderman 2 a Modern Szuperh\u0151skaland \u00c9lm\u00e9ny\u00e9\u00e9rt\" \/>\n<meta property=\"og:description\" content=\"Meg\u00fajult szuperh\u0151s-kaland, ahol Peter Parker \u00e9s Miles Morales egy\u00fctt v\u00e9dik meg New Yorkot. \u00c9lvezd a k\u00fcl\u00f6nleges PS5 \u00e9lm\u00e9nyt, adapt\u00edv ravaszokkal \u00e9s zseni\u00e1lis grafik\u00e1val.\" \/>\n<meta property=\"og:url\" content=\"https:\/\/demostore.ai\/hu\/termek\/ps5-marvel-spiderman-2\/\" \/>\n<meta property=\"og:site_name\" content=\"Trendy Thread\" \/>\n<meta property=\"article:modified_time\" content=\"2026-02-20T03:12:13+00:00\" \/>\n<meta property=\"og:image\" content=\"https:\/\/demostore.ai\/wp-content\/uploads\/2025\/06\/Video-game-1.png\" \/>\n\t<meta property=\"og:image:width\" content=\"1000\" \/>\n\t<meta property=\"og:image:height\" content=\"1000\" \/>\n\t<meta property=\"og:image:type\" content=\"image\/png\" \/>\n<meta name=\"twitter:card\" content=\"summary_large_image\" \/>\n<meta name=\"twitter:title\" content=\"Get PS5 Marvel Spiderman 2 a Modern Szuperh\u0151skaland \u00c9lm\u00e9ny\u00e9\u00e9rt\" \/>\n<meta name=\"twitter:description\" content=\"Meg\u00fajult szuperh\u0151s-kaland, ahol Peter Parker \u00e9s Miles Morales egy\u00fctt v\u00e9dik meg New Yorkot. \u00c9lvezd a k\u00fcl\u00f6nleges PS5 \u00e9lm\u00e9nyt, adapt\u00edv ravaszokkal \u00e9s zseni\u00e1lis grafik\u00e1val.\" \/>\n<meta name=\"twitter:label1\" content=\"Becs\u00fclt olvas\u00e1si id\u0151\" \/>\n\t<meta name=\"twitter:data1\" content=\"1 perc\" \/>\n<script type=\"application\/ld+json\" class=\"yoast-schema-graph\">{\"@context\":\"https:\/\/schema.org\",\"@graph\":[{\"@type\":\"WebPage\",\"@id\":\"https:\/\/demostore.ai\/hu\/termek\/ps5-marvel-spiderman-2\/\",\"url\":\"https:\/\/demostore.ai\/hu\/termek\/ps5-marvel-spiderman-2\/\",\"name\":\"Get PS5 Marvel Spiderman 2 a Modern Szuperh\u0151skaland \u00c9lm\u00e9ny\u00e9\u00e9rt\",\"isPartOf\":{\"@id\":\"https:\/\/demostore.ai\/hu\/#website\"},\"primaryImageOfPage\":{\"@id\":\"https:\/\/demostore.ai\/hu\/termek\/ps5-marvel-spiderman-2\/#primaryimage\"},\"image\":{\"@id\":\"https:\/\/demostore.ai\/hu\/termek\/ps5-marvel-spiderman-2\/#primaryimage\"},\"thumbnailUrl\":\"https:\/\/demostore.ai\/wp-content\/uploads\/2025\/06\/Video-game-1.png\",\"datePublished\":\"2025-06-16T00:06:40+00:00\",\"dateModified\":\"2026-02-20T03:12:13+00:00\",\"description\":\"Izgalmas t\u00f6rt\u00e9net, k\u00e9t ikonikus P\u00f3kember \u00e9s l\u00e9legzetel\u00e1ll\u00edt\u00f3 grafika v\u00e1r ebben az akci\u00f3d\u00fas PS5 j\u00e1t\u00e9kban. Fedezd fel New York \u00faj oldal\u00e1t vel\u00fck.\",\"breadcrumb\":{\"@id\":\"https:\/\/demostore.ai\/hu\/termek\/ps5-marvel-spiderman-2\/#breadcrumb\"},\"inLanguage\":\"hu\",\"potentialAction\":[{\"@type\":\"ReadAction\",\"target\":[\"https:\/\/demostore.ai\/hu\/termek\/ps5-marvel-spiderman-2\/\"]}]},{\"@type\":\"ImageObject\",\"inLanguage\":\"hu\",\"@id\":\"https:\/\/demostore.ai\/hu\/termek\/ps5-marvel-spiderman-2\/#primaryimage\",\"url\":\"https:\/\/demostore.ai\/wp-content\/uploads\/2025\/06\/Video-game-1.png\",\"contentUrl\":\"https:\/\/demostore.ai\/wp-content\/uploads\/2025\/06\/Video-game-1.png\",\"width\":1000,\"height\":1000,\"caption\":\"Marvel's Spider-Man 2 PS5 j\u00e1t\u00e9k bor\u00edt\u00f3ja, k\u00e9t P\u00f3kember szerepl\u0151vel akci\u00f3ban, piros h\u00e1tt\u00e9ren.\"},{\"@type\":\"BreadcrumbList\",\"@id\":\"https:\/\/demostore.ai\/hu\/termek\/ps5-marvel-spiderman-2\/#breadcrumb\",\"itemListElement\":[{\"@type\":\"ListItem\",\"position\":1,\"name\":\"F\u0151oldal\",\"item\":\"https:\/\/demostore.ai\/hu\/\"},{\"@type\":\"ListItem\",\"position\":2,\"name\":\"Bolt\",\"item\":\"https:\/\/demostore.ai\/hu\/bolt\/\"},{\"@type\":\"ListItem\",\"position\":3,\"name\":\"PS5 Marvel Spiderman 2\"}]},{\"@type\":\"WebSite\",\"@id\":\"https:\/\/demostore.ai\/hu\/#website\",\"url\":\"https:\/\/demostore.ai\/hu\/\",\"name\":\"Trendy Thread\",\"description\":\"WriteText.ai bemutat\u00f3bolt\",\"publisher\":{\"@id\":\"https:\/\/demostore.ai\/hu\/#organization\"},\"potentialAction\":[{\"@type\":\"SearchAction\",\"target\":{\"@type\":\"EntryPoint\",\"urlTemplate\":\"https:\/\/demostore.ai\/hu\/?s={search_term_string}\"},\"query-input\":{\"@type\":\"PropertyValueSpecification\",\"valueRequired\":true,\"valueName\":\"search_term_string\"}}],\"inLanguage\":\"hu\"},{\"@type\":\"Organization\",\"@id\":\"https:\/\/demostore.ai\/hu\/#organization\",\"name\":\"WriteText.ai\",\"url\":\"https:\/\/demostore.ai\/hu\/\",\"logo\":{\"@type\":\"ImageObject\",\"inLanguage\":\"hu\",\"@id\":\"https:\/\/demostore.ai\/hu\/#\/schema\/logo\/image\/\",\"url\":\"https:\/\/demostore.ai\/wp-content\/uploads\/2025\/10\/writetext_logo.webp\",\"contentUrl\":\"https:\/\/demostore.ai\/wp-content\/uploads\/2025\/10\/writetext_logo.webp\",\"width\":200,\"height\":34,\"caption\":\"WriteText.ai\"},\"image\":{\"@id\":\"https:\/\/demostore.ai\/hu\/#\/schema\/logo\/image\/\"}}]}<\/script>\n<!-- \/ Yoast SEO plugin. -->","yoast_head_json":{"title":"Get PS5 Marvel Spiderman 2 a Modern Szuperh\u0151skaland \u00c9lm\u00e9ny\u00e9\u00e9rt","description":"Izgalmas t\u00f6rt\u00e9net, k\u00e9t ikonikus P\u00f3kember \u00e9s l\u00e9legzetel\u00e1ll\u00edt\u00f3 grafika v\u00e1r ebben az akci\u00f3d\u00fas PS5 j\u00e1t\u00e9kban. Fedezd fel New York \u00faj oldal\u00e1t vel\u00fck.","robots":{"index":"index","follow":"follow","max-snippet":"max-snippet:-1","max-image-preview":"max-image-preview:large","max-video-preview":"max-video-preview:-1"},"canonical":"https:\/\/demostore.ai\/hu\/termek\/ps5-marvel-spiderman-2\/","og_type":"article","og_title":"Get PS5 Marvel Spiderman 2 a Modern Szuperh\u0151skaland \u00c9lm\u00e9ny\u00e9\u00e9rt","og_description":"Meg\u00fajult szuperh\u0151s-kaland, ahol Peter Parker \u00e9s Miles Morales egy\u00fctt v\u00e9dik meg New Yorkot. \u00c9lvezd a k\u00fcl\u00f6nleges PS5 \u00e9lm\u00e9nyt, adapt\u00edv ravaszokkal \u00e9s zseni\u00e1lis grafik\u00e1val.","og_url":"https:\/\/demostore.ai\/hu\/termek\/ps5-marvel-spiderman-2\/","og_site_name":"Trendy Thread","article_modified_time":"2026-02-20T03:12:13+00:00","og_image":[{"width":1000,"height":1000,"url":"https:\/\/demostore.ai\/wp-content\/uploads\/2025\/06\/Video-game-1.png","type":"image\/png"}],"twitter_card":"summary_large_image","twitter_title":"Get PS5 Marvel Spiderman 2 a Modern Szuperh\u0151skaland \u00c9lm\u00e9ny\u00e9\u00e9rt","twitter_description":"Meg\u00fajult szuperh\u0151s-kaland, ahol Peter Parker \u00e9s Miles Morales egy\u00fctt v\u00e9dik meg New Yorkot. \u00c9lvezd a k\u00fcl\u00f6nleges PS5 \u00e9lm\u00e9nyt, adapt\u00edv ravaszokkal \u00e9s zseni\u00e1lis grafik\u00e1val.","twitter_misc":{"Becs\u00fclt olvas\u00e1si id\u0151":"1 perc"},"schema":{"@context":"https:\/\/schema.org","@graph":[{"@type":"WebPage","@id":"https:\/\/demostore.ai\/hu\/termek\/ps5-marvel-spiderman-2\/","url":"https:\/\/demostore.ai\/hu\/termek\/ps5-marvel-spiderman-2\/","name":"Get PS5 Marvel Spiderman 2 a Modern Szuperh\u0151skaland \u00c9lm\u00e9ny\u00e9\u00e9rt","isPartOf":{"@id":"https:\/\/demostore.ai\/hu\/#website"},"primaryImageOfPage":{"@id":"https:\/\/demostore.ai\/hu\/termek\/ps5-marvel-spiderman-2\/#primaryimage"},"image":{"@id":"https:\/\/demostore.ai\/hu\/termek\/ps5-marvel-spiderman-2\/#primaryimage"},"thumbnailUrl":"https:\/\/demostore.ai\/wp-content\/uploads\/2025\/06\/Video-game-1.png","datePublished":"2025-06-16T00:06:40+00:00","dateModified":"2026-02-20T03:12:13+00:00","description":"Izgalmas t\u00f6rt\u00e9net, k\u00e9t ikonikus P\u00f3kember \u00e9s l\u00e9legzetel\u00e1ll\u00edt\u00f3 grafika v\u00e1r ebben az akci\u00f3d\u00fas PS5 j\u00e1t\u00e9kban. Fedezd fel New York \u00faj oldal\u00e1t vel\u00fck.","breadcrumb":{"@id":"https:\/\/demostore.ai\/hu\/termek\/ps5-marvel-spiderman-2\/#breadcrumb"},"inLanguage":"hu","potentialAction":[{"@type":"ReadAction","target":["https:\/\/demostore.ai\/hu\/termek\/ps5-marvel-spiderman-2\/"]}]},{"@type":"ImageObject","inLanguage":"hu","@id":"https:\/\/demostore.ai\/hu\/termek\/ps5-marvel-spiderman-2\/#primaryimage","url":"https:\/\/demostore.ai\/wp-content\/uploads\/2025\/06\/Video-game-1.png","contentUrl":"https:\/\/demostore.ai\/wp-content\/uploads\/2025\/06\/Video-game-1.png","width":1000,"height":1000,"caption":"Marvel's Spider-Man 2 PS5 j\u00e1t\u00e9k bor\u00edt\u00f3ja, k\u00e9t P\u00f3kember szerepl\u0151vel akci\u00f3ban, piros h\u00e1tt\u00e9ren."},{"@type":"BreadcrumbList","@id":"https:\/\/demostore.ai\/hu\/termek\/ps5-marvel-spiderman-2\/#breadcrumb","itemListElement":[{"@type":"ListItem","position":1,"name":"F\u0151oldal","item":"https:\/\/demostore.ai\/hu\/"},{"@type":"ListItem","position":2,"name":"Bolt","item":"https:\/\/demostore.ai\/hu\/bolt\/"},{"@type":"ListItem","position":3,"name":"PS5 Marvel Spiderman 2"}]},{"@type":"WebSite","@id":"https:\/\/demostore.ai\/hu\/#website","url":"https:\/\/demostore.ai\/hu\/","name":"Trendy Thread","description":"WriteText.ai bemutat\u00f3bolt","publisher":{"@id":"https:\/\/demostore.ai\/hu\/#organization"},"potentialAction":[{"@type":"SearchAction","target":{"@type":"EntryPoint","urlTemplate":"https:\/\/demostore.ai\/hu\/?s={search_term_string}"},"query-input":{"@type":"PropertyValueSpecification","valueRequired":true,"valueName":"search_term_string"}}],"inLanguage":"hu"},{"@type":"Organization","@id":"https:\/\/demostore.ai\/hu\/#organization","name":"WriteText.ai","url":"https:\/\/demostore.ai\/hu\/","logo":{"@type":"ImageObject","inLanguage":"hu","@id":"https:\/\/demostore.ai\/hu\/#\/schema\/logo\/image\/","url":"https:\/\/demostore.ai\/wp-content\/uploads\/2025\/10\/writetext_logo.webp","contentUrl":"https:\/\/demostore.ai\/wp-content\/uploads\/2025\/10\/writetext_logo.webp","width":200,"height":34,"caption":"WriteText.ai"},"image":{"@id":"https:\/\/demostore.ai\/hu\/#\/schema\/logo\/image\/"}}]}},"_links":{"self":[{"href":"https:\/\/demostore.ai\/hu\/wp-json\/wp\/v2\/product\/46811","targetHints":{"allow":["GET"]}}],"collection":[{"href":"https:\/\/demostore.ai\/hu\/wp-json\/wp\/v2\/product"}],"about":[{"href":"https:\/\/demostore.ai\/hu\/wp-json\/wp\/v2\/types\/product"}],"replies":[{"embeddable":true,"href":"https:\/\/demostore.ai\/hu\/wp-json\/wp\/v2\/comments?post=46811"}],"wp:featuredmedia":[{"embeddable":true,"href":"https:\/\/demostore.ai\/hu\/wp-json\/wp\/v2\/media\/18877"}],"wp:attachment":[{"href":"https:\/\/demostore.ai\/hu\/wp-json\/wp\/v2\/media?parent=46811"}],"wp:term":[{"taxonomy":"product_brand","embeddable":true,"href":"https:\/\/demostore.ai\/hu\/wp-json\/wp\/v2\/product_brand?post=46811"},{"taxonomy":"product_cat","embeddable":true,"href":"https:\/\/demostore.ai\/hu\/wp-json\/wp\/v2\/product_cat?post=46811"},{"taxonomy":"product_tag","embeddable":true,"href":"https:\/\/demostore.ai\/hu\/wp-json\/wp\/v2\/product_tag?post=46811"}],"curies":[{"name":"wp","href":"https:\/\/api.w.org\/{rel}","templated":true}]}}