{"id":39161,"date":"2025-06-13T08:34:21","date_gmt":"2025-06-13T00:34:21","guid":{"rendered":"https:\/\/demostore.ai\/?post_type=product&#038;p=39161"},"modified":"2026-02-20T11:44:37","modified_gmt":"2026-02-20T03:44:37","slug":"ponds-hidratalo-tonik-gorogdinnyevel","status":"publish","type":"product","link":"https:\/\/demostore.ai\/hu\/termek\/ponds-hidratalo-tonik-gorogdinnyevel\/","title":{"rendered":"Pond&#8217;s hidrat\u00e1l\u00f3 tonik g\u00f6r\u00f6gdinny\u00e9vel"},"content":{"rendered":"<section data-wtai-block-id=\"wtai_product_description_features\" class=\"wtai-section wtai-features-section\">\n<h2>Term\u00e9kf\u0151bb Jellemz\u0151k<\/h2>\n<ul>\n<li><strong>Intenz\u00edv hidrat\u00e1l\u00e1s<\/strong>: Seg\u00edt felt\u00f6lteni a b\u0151r nedvess\u00e9gtartalm\u00e1t, \u00edgy az puh\u00e1bb\u00e1 \u00e9s frissebb\u00e9 v\u00e1lik.<\/li>\n<li><strong>Azonnali ragyog\u00e1s<\/strong>: Haszn\u00e1lat ut\u00e1n a b\u0151r term\u00e9szetesen \u00fcd\u00e9bb \u00e9s \u00e9l\u00e9nkebb lesz.<\/li>\n<li><strong>Nyugtat\u00f3 hat\u00e1s<\/strong>: K\u00edm\u00e9letesen csillap\u00edtja a sz\u00e1razs\u00e1g okozta kellemetlen \u00e9rzetet.<\/li>\n<li><strong>Friss\u00edt\u0151 g\u00f6r\u00f6gdinnye kivonat<\/strong>: Felfriss\u00edti a b\u0151rt \u00e9s t\u00e1mogatja a term\u00e9szetes f\u00e9ny\u00e9t.<\/li>\n<li><strong>\u00dcveges b\u0151rk\u00e9p el\u00e9r\u00e9se<\/strong>: T\u00e1mogatja a sima \u00e9s k\u00e1pr\u00e1z\u00f3 arcb\u0151rt.<\/li>\n<li><strong>Egyszer\u0171, gyors haszn\u00e1lat<\/strong>: K\u00f6nnyen beilleszthet\u0151 b\u00e1rmilyen arc\u00e1pol\u00e1si rutinba.<\/li>\n<li><strong>Tiszt\u00edt\u00f3 formula<\/strong>: Gyeng\u00e9den elt\u00e1vol\u00edtja a marad\u00e9k szennyez\u0151d\u00e9seket \u00e9s felfriss\u00edti a p\u00f3rusokat.<\/li>\n<li><strong>K\u00f6nny\u0171, nem ragad<\/strong>: Azonnal felsz\u00edv\u00f3dik, nem hagy neh\u00e9z \u00e9rz\u00e9st a b\u0151r\u00f6n.<\/li>\n<\/ul>\n<\/section>\n<div data-wtai-block-id=\"wtai_product_description_image_1753694499291\" class=\"wtai-section wtai-image_1753694499291-section\">\n<figure class=\"wtai-image-p wtai-align-center\" style=\"text-align:center\"><img decoding=\"async\" src=\"https:\/\/demostore.ai\/wp-content\/uploads\/2025\/06\/Toner-4-scaled-1.png\" alt=\"Pond\u2019s hidrat\u00e1l\u00f3 tonik g\u00f6r\u00f6gdinny\u00e9vel, nyitott kupakkal, term\u00e9koldalon bemutatva.\" srcset=\"https:\/\/demostore.ai\/wp-content\/uploads\/2025\/06\/Toner-4-scaled-1.png 575w, https:\/\/demostore.ai\/wp-content\/uploads\/2025\/06\/Toner-4-scaled-1-173x300.png 173w\"><figcaption>\n<p>\u00c1tl\u00e1tsz\u00f3 palack \u00e9l\u00e9nk g\u00f6r\u00f6gdinny\u00e9s diz\u00e1jnnal \u00e9s letisztult, fiatalos megjelen\u00e9ssel h\u00edvogat a frissess\u00e9g \u00edg\u00e9rete.<\/p>\n<\/figcaption><\/figure>\n<\/p><\/div>\n<section data-wtai-block-id=\"wtai_product_description_benefits\" class=\"wtai-section wtai-benefits-section\">\n<h2>Amit Im\u00e1dni Fogsz Benne<\/h2>\n<ul>\n<li>\u00c9lettel telibb, ragyog\u00f3 arcb\u0151r minden haszn\u00e1lat ut\u00e1n.<\/li>\n<li>A f\u00e1radt, tompa b\u0151r frissnek \u00e9s hidrat\u00e1ltnak \u00e9rz\u0151dik.<\/li>\n<li>Seg\u00edt cs\u00f6kkenteni a b\u0151rsz\u00e1razs\u00e1g okozta diszkomfortot.<\/li>\n<li>Gyorsan felsz\u00edv\u00f3d\u00f3, mindennap is alkalmazhat\u00f3 formula.<\/li>\n<li>Magabiztoss\u00e1got ad a sim\u00e1bb, \u00fcd\u00e9bb b\u0151rk\u00e9p miatt.<\/li>\n<\/ul>\n<\/section>\n<section data-wtai-block-id=\"wtai_product_description_use_cases\" class=\"wtai-section wtai-use_cases-section\">\n<h3>Hogyan Illeszd Be a Mindennapjaidba<\/h3>\n<ol>\n<li>Arctiszt\u00edt\u00e1s ut\u00e1n, vattakorongra cseppentve t\u00f6r\u00f6ld \u00e1t az arcodat.<\/li>\n<li>Haszn\u00e1lhat\u00f3 reggeli \u00e9s esti b\u0151r\u00e1pol\u00e1si rutinhoz is.<\/li>\n<li>Alkalmazd smink el\u0151tt, hogy a b\u0151r\u00f6d hidrat\u00e1lt alapot kapjon.<\/li>\n<li>Felfriss\u00fcl\u00e9sk\u00e9nt napk\u00f6zben is \u00e1tt\u00f6r\u00f6lheted vele az arcod.<\/li>\n<li>Fokozza a sz\u00e9rumok \u00e9s hidrat\u00e1l\u00f3k felsz\u00edv\u00f3d\u00e1s\u00e1t.<\/li>\n<li>K\u00edm\u00e9letesen elt\u00e1vol\u00edtja a szennyez\u0151d\u00e9seket a p\u00f3rusokb\u00f3l.<\/li>\n<li>Gyeng\u00e9den kisim\u00edtja a b\u0151r text\u00far\u00e1j\u00e1t rendszeres haszn\u00e1lattal.<\/li>\n<li>Utaz\u00e1s k\u00f6zben is friss\u00edt\u0151en hat a b\u0151r\u00f6dre.<\/li>\n<\/ol>\n<\/section>\n<section data-wtai-block-id=\"wtai_product_description_technical_specifications\" class=\"wtai-section wtai-technical_specifications-section\">\n<h3>R\u00e9szletek<\/h3>\n<ul>\n<li><strong>\u0170rtartalom<\/strong>: 200 ml<\/li>\n<li><strong>Kiszerel\u00e9s t\u00edpusa<\/strong>: M\u0171anyag flakon, csavaros kupak<\/li>\n<li><strong>B\u0151rt\u00edpus kompatibilit\u00e1s<\/strong>: Minden b\u0151rt\u00edpusra alkalmas<\/li>\n<li><strong>Illat<\/strong>: Friss, intenz\u00edv g\u00f6r\u00f6gdinnye<\/li>\n<\/ul>\n<\/section>\n<section data-wtai-block-id=\"wtai_product_description_custom_1753167803027\" class=\"wtai-section wtai-custom_1753167803027-section\">\n<h2>Milyen b\u0151rprobl\u00e9m\u00e1kra \u00e9s b\u0151rt\u00edpusokra aj\u00e1nlott a Pond\u2019s hidrat\u00e1l\u00f3 tonik g\u00f6r\u00f6gdinny\u00e9vel?<\/h2>\n<ul>\n<li><strong>V\u00edzhi\u00e1nyos b\u0151r<\/strong> \u2013 Friss\u00edt\u0151en hidrat\u00e1l, \u00edgy felt\u00f6lti a sz\u00e1raz b\u0151rt.<\/li>\n<li><strong>Fak\u00f3 b\u0151r<\/strong> \u2013 Seg\u00edt ragyog\u00f3bb, \u00e9lettel telibb megjelen\u00e9st adni.<\/li>\n<li><strong>\u00c9rz\u00e9keny b\u0151r<\/strong> \u2013 Gyeng\u00e9d \u00f6sszet\u00e9tele nem irrit\u00e1l, de \u00e9rdemes tesztelni.<\/li>\n<li><strong>T\u00e1g p\u00f3rusok<\/strong> \u2013 Finom\u00edtja a b\u0151r text\u00far\u00e1j\u00e1t, sim\u00e1bb \u00e9rzetet ny\u00fajt.<\/li>\n<li><strong>Zs\u00edros vagy kombin\u00e1lt b\u0151r<\/strong> \u2013 Friss\u00edt, nem nehez\u00edti el a b\u0151rt.<\/li>\n<li><strong>Norm\u00e1l b\u0151r<\/strong> \u2013 Mindennapi haszn\u00e1latra t\u00f6k\u00e9letesen alkalmas v\u00e1laszt\u00e1s.<\/li>\n<\/ul>\n<\/section>\n<section data-wtai-block-id=\"wtai_product_description_custom_1754200971412\" class=\"wtai-section wtai-custom_1754200971412-section\">\n<h2>\u00d6sszetev\u0151k teljes list\u00e1ja<\/h2>\n<p>Water, 1,2-Hexanediol, Glycerin, Tocopheryl Acetate, Sodium Hyaluronate, Sodium Hyaluronate Crosspolymer, Hydrolyzed Sodium Hyaluronate, Sodium Acetylated Hyaluronate, Citrullus Lanatus Fruit Extract, Panthenol, Niacinamide, Hydroxyethyl Urea, Urea, PEG-6 Caprylic\/Capric Glycerides, Propylene Glycol, Ethylhexylglycerin, Pentylene Glycol, Sodium Chloride, Potassium Chloride, Parfum, Trideceth-9, PEG-40 Hydrogenated Castor Oil, Ammonium Lactate, Cetrimonium Chloride, Cetylpyridinium Chloride, Ethanolamine, Benzophenone-4, Tetrasodium EDTA, Phenoxyethanol, Citric Acid, Propanediol.<\/p>\n<\/section>\n<section data-wtai-block-id=\"wtai_product_description_faqs\" class=\"wtai-section wtai-faqs-section\">\n<h2>Gyakran Ism\u00e9telt K\u00e9rd\u00e9sek<\/h2>\n<p><strong>Haszn\u00e1lhatom \u00e9rz\u00e9keny b\u0151r\u00f6n is?<\/strong> <br \/> Igen, k\u00edm\u00e9letes \u00f6sszet\u00e9tele minden b\u0151rt\u00edpus sz\u00e1m\u00e1ra megfelel\u0151, de els\u0151 alkalommal \u00e9rdemes tesztelni.<\/p>\n<p><strong>Mennyi ideig l\u00e1that\u00f3k az els\u0151 eredm\u00e9nyek?<\/strong> <br \/> A b\u0151r az els\u0151 haszn\u00e1lat ut\u00e1n is frissebbnek \u00e9s hidrat\u00e1ltabbnak \u00e9rz\u0151dik.<\/p>\n<p><strong>Kombin\u00e1lhat\u00f3 m\u00e1s akt\u00edv hat\u00f3anyagokkal?<\/strong> <br \/> Igen, k\u00f6nnyed formul\u00e1ja j\u00f3l illeszkedik b\u00e1rmely arc\u00e1pol\u00e1si rutinba, m\u00e1s term\u00e9kekkel egy\u00fctt is alkalmazhat\u00f3.<\/p>\n<p><strong>Hogyan kell t\u00e1rolni a tonikot?<\/strong> <br \/> Sz\u00e1raz, h\u0171v\u00f6s helyen tartsa, napf\u00e9nyt\u0151l v\u00e9dve a formula frissess\u00e9g\u00e9nek meg\u0151rz\u00e9se \u00e9rdek\u00e9ben.<\/p>\n<p><strong>Felvihetem naponta t\u00f6bbsz\u00f6r is?<\/strong> <br \/> Igen, sz\u00fcks\u00e9g szerint ak\u00e1r naponta t\u00f6bbsz\u00f6r is haszn\u00e1lhat\u00f3 a b\u0151r felfriss\u00edt\u00e9s\u00e9re.<\/p>\n<\/section>\n<section data-wtai-block-id=\"wtai_product_description_conclusion\" class=\"wtai-section wtai-conclusion-section\">\n<h2>Fedezd Fel a Ragyog\u00f3 B\u0151r\u00e1pol\u00e1st<\/h2>\n<p><em><strong>A Pond\u2019s hidrat\u00e1l\u00f3 tonik g\u00f6r\u00f6gdinny\u00e9vel minden alkalommal felfriss\u00edti \u00e9s felt\u00f6lti a b\u0151rt.<\/strong><\/em> <em><strong>Ne v\u00e1rj tov\u00e1bb, tapasztald meg a ragyog\u00e1s \u00e9lm\u00e9ny\u00e9t m\u00e1r ma \u2013 a magabiztoss\u00e1god \u00faj kulcsa!<\/strong><\/em><\/p>\n<\/section>\n","protected":false},"excerpt":{"rendered":"<div data-wtai-block-id=\"wtai_excerpt_subtitle\" class=\"wtai-section wtai-subtitle-section\">\n<p><em><strong>Friss\u00edt\u0151 hidrat\u00e1l\u00e1s g\u00f6r\u00f6gdinnye-esszenci\u00e1val, ragyog\u00f3, \u00fcde b\u0151r\u00e9rt<\/strong><\/em><\/p>\n<\/p><\/div>\n<div data-wtai-block-id=\"wtai_excerpt_introduction\" class=\"wtai-section wtai-introduction-section\">\n<p>Mintha a friss g\u00f6r\u00f6gdinnye \u00edg\u00e9rete egyetlen \u00fcvegbe z\u00e1rva \u00e9bredne fel reggelente. Ez a tonik kellemesen h\u0171s\u00edti \u00e9s felfriss\u00edti a b\u0151rt, mik\u00f6zben k\u00f6nnyed hidrat\u00e1l\u00e1st ny\u00fajt. A term\u00e9szetes \u00f6sszetev\u0151k \u00e9s az \u00fcde, zamatos illat minden haszn\u00e1latkor \u00faj lend\u00fcletet adnak a mindennapi b\u0151r\u00e1pol\u00e1snak. Az arc l\u00e1that\u00f3an ragyog\u00f3bb, sim\u00e1bb \u00e9s \u00e9lettelibb lesz, \u00edgy pillanatok alatt \u00faj magabiztoss\u00e1got \u00e9rezhetsz a saj\u00e1t b\u0151r\u00f6dben. A gondoskod\u00e1s \u00e9rz\u00e9se \u00e9s a text\u00fara harm\u00f3ni\u00e1ja igazi k\u00e9nyeztet\u0151 \u00f6n\u00e1pol\u00e1si \u00e9lm\u00e9nny\u00e9 var\u00e1zsolja a rutint.<\/p>\n<\/p><\/div>\n","protected":false},"featured_media":16255,"comment_status":"open","ping_status":"closed","template":"","meta":[],"product_brand":[],"product_cat":[211],"product_tag":[],"class_list":{"0":"post-39161","1":"product","2":"type-product","3":"status-publish","4":"has-post-thumbnail","6":"product_cat-szepsegapolas-wellness","8":"first","9":"instock","10":"shipping-taxable","11":"purchasable","12":"product-type-simple"},"bundled_by":[],"bundle_stock_status":"instock","bundle_stock_quantity":null,"bundle_virtual":false,"bundle_layout":"","bundle_add_to_cart_form_location":"","bundle_editable_in_cart":false,"bundle_sold_individually_context":"","bundle_item_grouping":"","bundle_min_size":"","bundle_max_size":"","bundle_price":[],"bundled_items":[],"bundle_sell_ids":[],"yoast_head":"<!-- This site is optimized with the Yoast SEO plugin v25.2 - https:\/\/yoast.com\/wordpress\/plugins\/seo\/ -->\n<title>Best Pond\u2019s Hidrat\u00e1l\u00f3 Tonik G\u00f6r\u00f6gdinny\u00e9vel A Ragyog\u00f3 B\u0151r\u00e9rt<\/title>\n<meta name=\"description\" content=\"Friss t\u00f3nus \u00e9s hidrat\u00e1lt arcb\u0151r minden nap. A Pond\u2019s g\u00f6r\u00f6gdinny\u00e9s tonik azonnal \u00fcd\u00e9bb\u00e9, sim\u00e1bb\u00e1 \u00e9s ragyog\u00f3bb\u00e1 teszi a b\u0151rt, zs\u00edros \u00e9rzet n\u00e9lk\u00fcl.\" \/>\n<meta name=\"robots\" content=\"index, follow, max-snippet:-1, max-image-preview:large, max-video-preview:-1\" \/>\n<link rel=\"canonical\" href=\"https:\/\/demostore.ai\/hu\/termek\/ponds-hidratalo-tonik-gorogdinnyevel\/\" \/>\n<meta property=\"og:type\" content=\"article\" \/>\n<meta property=\"og:title\" content=\"Best Pond\u2019s Hidrat\u00e1l\u00f3 Tonik G\u00f6r\u00f6gdinny\u00e9vel A Ragyog\u00f3 B\u0151r\u00e9rt\" \/>\n<meta property=\"og:description\" content=\"K\u00fcl\u00f6nlegesen friss\u00edt\u0151 arctiszt\u00edt\u00f3 \u00e9lm\u00e9ny. A Pond\u2019s g\u00f6r\u00f6gdinny\u00e9s tonik azonnali hidrat\u00e1l\u00e1st \u00e9s term\u00e9szetes ragyog\u00e1st ad, mik\u00f6zben gyeng\u00e9den tiszt\u00edt \u00e9s nem hagy ragacsos \u00e9rzetet.\" \/>\n<meta property=\"og:url\" content=\"https:\/\/demostore.ai\/hu\/termek\/ponds-hidratalo-tonik-gorogdinnyevel\/\" \/>\n<meta property=\"og:site_name\" content=\"Trendy Thread\" \/>\n<meta property=\"article:modified_time\" content=\"2026-02-20T03:44:37+00:00\" \/>\n<meta property=\"og:image\" content=\"https:\/\/demostore.ai\/wp-content\/uploads\/2025\/06\/Toner-1-scaled-1.png\" \/>\n\t<meta property=\"og:image:width\" content=\"390\" \/>\n\t<meta property=\"og:image:height\" content=\"1000\" \/>\n\t<meta property=\"og:image:type\" content=\"image\/png\" \/>\n<meta name=\"twitter:card\" content=\"summary_large_image\" \/>\n<meta name=\"twitter:title\" content=\"Best Pond\u2019s Hidrat\u00e1l\u00f3 Tonik G\u00f6r\u00f6gdinny\u00e9vel A Ragyog\u00f3 B\u0151r\u00e9rt\" \/>\n<meta name=\"twitter:description\" content=\"K\u00fcl\u00f6nlegesen friss\u00edt\u0151 arctiszt\u00edt\u00f3 \u00e9lm\u00e9ny. A Pond\u2019s g\u00f6r\u00f6gdinny\u00e9s tonik azonnali hidrat\u00e1l\u00e1st \u00e9s term\u00e9szetes ragyog\u00e1st ad, mik\u00f6zben gyeng\u00e9den tiszt\u00edt \u00e9s nem hagy ragacsos \u00e9rzetet.\" \/>\n<meta name=\"twitter:label1\" content=\"Becs\u00fclt olvas\u00e1si id\u0151\" \/>\n\t<meta name=\"twitter:data1\" content=\"1 perc\" \/>\n<script type=\"application\/ld+json\" class=\"yoast-schema-graph\">{\"@context\":\"https:\/\/schema.org\",\"@graph\":[{\"@type\":\"WebPage\",\"@id\":\"https:\/\/demostore.ai\/hu\/termek\/ponds-hidratalo-tonik-gorogdinnyevel\/\",\"url\":\"https:\/\/demostore.ai\/hu\/termek\/ponds-hidratalo-tonik-gorogdinnyevel\/\",\"name\":\"Best Pond\u2019s Hidrat\u00e1l\u00f3 Tonik G\u00f6r\u00f6gdinny\u00e9vel A Ragyog\u00f3 B\u0151r\u00e9rt\",\"isPartOf\":{\"@id\":\"https:\/\/demostore.ai\/hu\/#website\"},\"primaryImageOfPage\":{\"@id\":\"https:\/\/demostore.ai\/hu\/termek\/ponds-hidratalo-tonik-gorogdinnyevel\/#primaryimage\"},\"image\":{\"@id\":\"https:\/\/demostore.ai\/hu\/termek\/ponds-hidratalo-tonik-gorogdinnyevel\/#primaryimage\"},\"thumbnailUrl\":\"https:\/\/demostore.ai\/wp-content\/uploads\/2025\/06\/Toner-1-scaled-1.png\",\"datePublished\":\"2025-06-13T00:34:21+00:00\",\"dateModified\":\"2026-02-20T03:44:37+00:00\",\"description\":\"Friss t\u00f3nus \u00e9s hidrat\u00e1lt arcb\u0151r minden nap. A Pond\u2019s g\u00f6r\u00f6gdinny\u00e9s tonik azonnal \u00fcd\u00e9bb\u00e9, sim\u00e1bb\u00e1 \u00e9s ragyog\u00f3bb\u00e1 teszi a b\u0151rt, zs\u00edros \u00e9rzet n\u00e9lk\u00fcl.\",\"breadcrumb\":{\"@id\":\"https:\/\/demostore.ai\/hu\/termek\/ponds-hidratalo-tonik-gorogdinnyevel\/#breadcrumb\"},\"inLanguage\":\"hu\",\"potentialAction\":[{\"@type\":\"ReadAction\",\"target\":[\"https:\/\/demostore.ai\/hu\/termek\/ponds-hidratalo-tonik-gorogdinnyevel\/\"]}]},{\"@type\":\"ImageObject\",\"inLanguage\":\"hu\",\"@id\":\"https:\/\/demostore.ai\/hu\/termek\/ponds-hidratalo-tonik-gorogdinnyevel\/#primaryimage\",\"url\":\"https:\/\/demostore.ai\/wp-content\/uploads\/2025\/06\/Toner-1-scaled-1.png\",\"contentUrl\":\"https:\/\/demostore.ai\/wp-content\/uploads\/2025\/06\/Toner-1-scaled-1.png\",\"width\":390,\"height\":1000,\"caption\":\"Pond\u2019s hidrat\u00e1l\u00f3 tonik g\u00f6r\u00f6gdinny\u00e9vel, r\u00f3zsasz\u00edn kupakos \u00fcveg term\u00e9kcsomagol\u00e1sban.\"},{\"@type\":\"BreadcrumbList\",\"@id\":\"https:\/\/demostore.ai\/hu\/termek\/ponds-hidratalo-tonik-gorogdinnyevel\/#breadcrumb\",\"itemListElement\":[{\"@type\":\"ListItem\",\"position\":1,\"name\":\"F\u0151oldal\",\"item\":\"https:\/\/demostore.ai\/hu\/\"},{\"@type\":\"ListItem\",\"position\":2,\"name\":\"Bolt\",\"item\":\"https:\/\/demostore.ai\/hu\/bolt\/\"},{\"@type\":\"ListItem\",\"position\":3,\"name\":\"Pond&#8217;s hidrat\u00e1l\u00f3 tonik g\u00f6r\u00f6gdinny\u00e9vel\"}]},{\"@type\":\"WebSite\",\"@id\":\"https:\/\/demostore.ai\/hu\/#website\",\"url\":\"https:\/\/demostore.ai\/hu\/\",\"name\":\"Trendy Thread\",\"description\":\"WriteText.ai bemutat\u00f3bolt\",\"publisher\":{\"@id\":\"https:\/\/demostore.ai\/hu\/#organization\"},\"potentialAction\":[{\"@type\":\"SearchAction\",\"target\":{\"@type\":\"EntryPoint\",\"urlTemplate\":\"https:\/\/demostore.ai\/hu\/?s={search_term_string}\"},\"query-input\":{\"@type\":\"PropertyValueSpecification\",\"valueRequired\":true,\"valueName\":\"search_term_string\"}}],\"inLanguage\":\"hu\"},{\"@type\":\"Organization\",\"@id\":\"https:\/\/demostore.ai\/hu\/#organization\",\"name\":\"WriteText.ai\",\"url\":\"https:\/\/demostore.ai\/hu\/\",\"logo\":{\"@type\":\"ImageObject\",\"inLanguage\":\"hu\",\"@id\":\"https:\/\/demostore.ai\/hu\/#\/schema\/logo\/image\/\",\"url\":\"https:\/\/demostore.ai\/wp-content\/uploads\/2025\/10\/writetext_logo.webp\",\"contentUrl\":\"https:\/\/demostore.ai\/wp-content\/uploads\/2025\/10\/writetext_logo.webp\",\"width\":200,\"height\":34,\"caption\":\"WriteText.ai\"},\"image\":{\"@id\":\"https:\/\/demostore.ai\/hu\/#\/schema\/logo\/image\/\"}}]}<\/script>\n<!-- \/ Yoast SEO plugin. -->","yoast_head_json":{"title":"Best Pond\u2019s Hidrat\u00e1l\u00f3 Tonik G\u00f6r\u00f6gdinny\u00e9vel A Ragyog\u00f3 B\u0151r\u00e9rt","description":"Friss t\u00f3nus \u00e9s hidrat\u00e1lt arcb\u0151r minden nap. A Pond\u2019s g\u00f6r\u00f6gdinny\u00e9s tonik azonnal \u00fcd\u00e9bb\u00e9, sim\u00e1bb\u00e1 \u00e9s ragyog\u00f3bb\u00e1 teszi a b\u0151rt, zs\u00edros \u00e9rzet n\u00e9lk\u00fcl.","robots":{"index":"index","follow":"follow","max-snippet":"max-snippet:-1","max-image-preview":"max-image-preview:large","max-video-preview":"max-video-preview:-1"},"canonical":"https:\/\/demostore.ai\/hu\/termek\/ponds-hidratalo-tonik-gorogdinnyevel\/","og_type":"article","og_title":"Best Pond\u2019s Hidrat\u00e1l\u00f3 Tonik G\u00f6r\u00f6gdinny\u00e9vel A Ragyog\u00f3 B\u0151r\u00e9rt","og_description":"K\u00fcl\u00f6nlegesen friss\u00edt\u0151 arctiszt\u00edt\u00f3 \u00e9lm\u00e9ny. A Pond\u2019s g\u00f6r\u00f6gdinny\u00e9s tonik azonnali hidrat\u00e1l\u00e1st \u00e9s term\u00e9szetes ragyog\u00e1st ad, mik\u00f6zben gyeng\u00e9den tiszt\u00edt \u00e9s nem hagy ragacsos \u00e9rzetet.","og_url":"https:\/\/demostore.ai\/hu\/termek\/ponds-hidratalo-tonik-gorogdinnyevel\/","og_site_name":"Trendy Thread","article_modified_time":"2026-02-20T03:44:37+00:00","og_image":[{"width":390,"height":1000,"url":"https:\/\/demostore.ai\/wp-content\/uploads\/2025\/06\/Toner-1-scaled-1.png","type":"image\/png"}],"twitter_card":"summary_large_image","twitter_title":"Best Pond\u2019s Hidrat\u00e1l\u00f3 Tonik G\u00f6r\u00f6gdinny\u00e9vel A Ragyog\u00f3 B\u0151r\u00e9rt","twitter_description":"K\u00fcl\u00f6nlegesen friss\u00edt\u0151 arctiszt\u00edt\u00f3 \u00e9lm\u00e9ny. A Pond\u2019s g\u00f6r\u00f6gdinny\u00e9s tonik azonnali hidrat\u00e1l\u00e1st \u00e9s term\u00e9szetes ragyog\u00e1st ad, mik\u00f6zben gyeng\u00e9den tiszt\u00edt \u00e9s nem hagy ragacsos \u00e9rzetet.","twitter_misc":{"Becs\u00fclt olvas\u00e1si id\u0151":"1 perc"},"schema":{"@context":"https:\/\/schema.org","@graph":[{"@type":"WebPage","@id":"https:\/\/demostore.ai\/hu\/termek\/ponds-hidratalo-tonik-gorogdinnyevel\/","url":"https:\/\/demostore.ai\/hu\/termek\/ponds-hidratalo-tonik-gorogdinnyevel\/","name":"Best Pond\u2019s Hidrat\u00e1l\u00f3 Tonik G\u00f6r\u00f6gdinny\u00e9vel A Ragyog\u00f3 B\u0151r\u00e9rt","isPartOf":{"@id":"https:\/\/demostore.ai\/hu\/#website"},"primaryImageOfPage":{"@id":"https:\/\/demostore.ai\/hu\/termek\/ponds-hidratalo-tonik-gorogdinnyevel\/#primaryimage"},"image":{"@id":"https:\/\/demostore.ai\/hu\/termek\/ponds-hidratalo-tonik-gorogdinnyevel\/#primaryimage"},"thumbnailUrl":"https:\/\/demostore.ai\/wp-content\/uploads\/2025\/06\/Toner-1-scaled-1.png","datePublished":"2025-06-13T00:34:21+00:00","dateModified":"2026-02-20T03:44:37+00:00","description":"Friss t\u00f3nus \u00e9s hidrat\u00e1lt arcb\u0151r minden nap. A Pond\u2019s g\u00f6r\u00f6gdinny\u00e9s tonik azonnal \u00fcd\u00e9bb\u00e9, sim\u00e1bb\u00e1 \u00e9s ragyog\u00f3bb\u00e1 teszi a b\u0151rt, zs\u00edros \u00e9rzet n\u00e9lk\u00fcl.","breadcrumb":{"@id":"https:\/\/demostore.ai\/hu\/termek\/ponds-hidratalo-tonik-gorogdinnyevel\/#breadcrumb"},"inLanguage":"hu","potentialAction":[{"@type":"ReadAction","target":["https:\/\/demostore.ai\/hu\/termek\/ponds-hidratalo-tonik-gorogdinnyevel\/"]}]},{"@type":"ImageObject","inLanguage":"hu","@id":"https:\/\/demostore.ai\/hu\/termek\/ponds-hidratalo-tonik-gorogdinnyevel\/#primaryimage","url":"https:\/\/demostore.ai\/wp-content\/uploads\/2025\/06\/Toner-1-scaled-1.png","contentUrl":"https:\/\/demostore.ai\/wp-content\/uploads\/2025\/06\/Toner-1-scaled-1.png","width":390,"height":1000,"caption":"Pond\u2019s hidrat\u00e1l\u00f3 tonik g\u00f6r\u00f6gdinny\u00e9vel, r\u00f3zsasz\u00edn kupakos \u00fcveg term\u00e9kcsomagol\u00e1sban."},{"@type":"BreadcrumbList","@id":"https:\/\/demostore.ai\/hu\/termek\/ponds-hidratalo-tonik-gorogdinnyevel\/#breadcrumb","itemListElement":[{"@type":"ListItem","position":1,"name":"F\u0151oldal","item":"https:\/\/demostore.ai\/hu\/"},{"@type":"ListItem","position":2,"name":"Bolt","item":"https:\/\/demostore.ai\/hu\/bolt\/"},{"@type":"ListItem","position":3,"name":"Pond&#8217;s hidrat\u00e1l\u00f3 tonik g\u00f6r\u00f6gdinny\u00e9vel"}]},{"@type":"WebSite","@id":"https:\/\/demostore.ai\/hu\/#website","url":"https:\/\/demostore.ai\/hu\/","name":"Trendy Thread","description":"WriteText.ai bemutat\u00f3bolt","publisher":{"@id":"https:\/\/demostore.ai\/hu\/#organization"},"potentialAction":[{"@type":"SearchAction","target":{"@type":"EntryPoint","urlTemplate":"https:\/\/demostore.ai\/hu\/?s={search_term_string}"},"query-input":{"@type":"PropertyValueSpecification","valueRequired":true,"valueName":"search_term_string"}}],"inLanguage":"hu"},{"@type":"Organization","@id":"https:\/\/demostore.ai\/hu\/#organization","name":"WriteText.ai","url":"https:\/\/demostore.ai\/hu\/","logo":{"@type":"ImageObject","inLanguage":"hu","@id":"https:\/\/demostore.ai\/hu\/#\/schema\/logo\/image\/","url":"https:\/\/demostore.ai\/wp-content\/uploads\/2025\/10\/writetext_logo.webp","contentUrl":"https:\/\/demostore.ai\/wp-content\/uploads\/2025\/10\/writetext_logo.webp","width":200,"height":34,"caption":"WriteText.ai"},"image":{"@id":"https:\/\/demostore.ai\/hu\/#\/schema\/logo\/image\/"}}]}},"_links":{"self":[{"href":"https:\/\/demostore.ai\/hu\/wp-json\/wp\/v2\/product\/39161","targetHints":{"allow":["GET"]}}],"collection":[{"href":"https:\/\/demostore.ai\/hu\/wp-json\/wp\/v2\/product"}],"about":[{"href":"https:\/\/demostore.ai\/hu\/wp-json\/wp\/v2\/types\/product"}],"replies":[{"embeddable":true,"href":"https:\/\/demostore.ai\/hu\/wp-json\/wp\/v2\/comments?post=39161"}],"wp:featuredmedia":[{"embeddable":true,"href":"https:\/\/demostore.ai\/hu\/wp-json\/wp\/v2\/media\/16255"}],"wp:attachment":[{"href":"https:\/\/demostore.ai\/hu\/wp-json\/wp\/v2\/media?parent=39161"}],"wp:term":[{"taxonomy":"product_brand","embeddable":true,"href":"https:\/\/demostore.ai\/hu\/wp-json\/wp\/v2\/product_brand?post=39161"},{"taxonomy":"product_cat","embeddable":true,"href":"https:\/\/demostore.ai\/hu\/wp-json\/wp\/v2\/product_cat?post=39161"},{"taxonomy":"product_tag","embeddable":true,"href":"https:\/\/demostore.ai\/hu\/wp-json\/wp\/v2\/product_tag?post=39161"}],"curies":[{"name":"wp","href":"https:\/\/api.w.org\/{rel}","templated":true}]}}