{"id":38823,"date":"2025-06-16T09:02:31","date_gmt":"2025-06-16T01:02:31","guid":{"rendered":"https:\/\/demostore.ai\/?post_type=product&#038;p=38823"},"modified":"2026-02-20T11:17:57","modified_gmt":"2026-02-20T03:17:57","slug":"muscle-power-sulyzo","status":"publish","type":"product","link":"https:\/\/demostore.ai\/hu\/termek\/muscle-power-sulyzo\/","title":{"rendered":"Muscle Power S\u00falyz\u00f3"},"content":{"rendered":"<section data-wtai-block-id=\"wtai_product_description_use_cases\" class=\"wtai-section wtai-use_cases-section\">\n<h2>Felhaszn\u00e1l\u00e1si lehet\u0151s\u00e9gek a mindennapokra \u00e9s edz\u00e9sekhez<\/h2>\n<ul>\n<li>Otthoni er\u0151s\u00edt\u0151 edz\u00e9sek sor\u00e1n kiv\u00e1l\u00f3an alkalmazhat\u00f3, amikor a helytakar\u00e9kos megold\u00e1sok el\u0151nyt jelentenek.<\/li>\n<li>Csoportos fitnesz \u00f3r\u00e1kon vagy edz\u0151termekben sokoldal\u00faan haszn\u00e1lhat\u00f3 k\u00fcl\u00f6nf\u00e9le gyakorlatokhoz \u00e9s izomcsoportok fejleszt\u00e9s\u00e9re.<\/li>\n<li>Rehabilit\u00e1ci\u00f3s folyamatban t\u00e1mogatja az izmok \u00fajb\u00f3li meger\u0151s\u00edt\u00e9s\u00e9t \u00e9s a mozg\u00e1skoordin\u00e1ci\u00f3 jav\u00edt\u00e1s\u00e1t.<\/li>\n<li>Kardi\u00f3programok sor\u00e1n intenzit\u00e1sn\u00f6vel\u0151 eszk\u00f6zk\u00e9nt seg\u00edti a kal\u00f3ria\u00e9get\u00e9st \u00e9s az \u00e1ll\u00f3k\u00e9pess\u00e9g fejleszt\u00e9s\u00e9t.<\/li>\n<li>Sportol\u00f3k, id\u0151sek vagy kezd\u0151k sz\u00e1m\u00e1ra k\u00f6nnyen integr\u00e1lhat\u00f3 a mindennapos \u00e1tmozgat\u00e1s, mobiliz\u00e1l\u00e1s vagy bemeleg\u00edt\u00e9s r\u00e9szek\u00e9nt.<\/li>\n<\/ul>\n<\/section>\n<div data-wtai-block-id=\"wtai_product_description_image_1753694570766\" class=\"wtai-section wtai-image_1753694570766-section\">\n<figure class=\"wtai-image-p wtai-align-center\" style=\"text-align:center\"><img decoding=\"async\" src=\"https:\/\/demostore.ai\/wp-content\/uploads\/2025\/06\/Dumbbell-2-600x404.png\" alt=\"K\u00e9t z\u00f6ld Muscle Power s\u00falyz\u00f3, egyenk\u00e9nt 5 font s\u00faly\u00fa, term\u00e9koldalon megjelen\u00edtve.\" srcset=\"https:\/\/demostore.ai\/wp-content\/uploads\/2025\/06\/Dumbbell-2.png 1000w, https:\/\/demostore.ai\/wp-content\/uploads\/2025\/06\/Dumbbell-2-300x202.png 300w, https:\/\/demostore.ai\/wp-content\/uploads\/2025\/06\/Dumbbell-2-768x518.png 768w, https:\/\/demostore.ai\/wp-content\/uploads\/2025\/06\/Dumbbell-2-600x404.png 600w\"><figcaption>\n<p>A kompakt, hatsz\u00f6glet\u0171 kialak\u00edt\u00e1s cs\u00fasz\u00e1smentes fog\u00e1st biztos\u00edt edz\u00e9s k\u00f6zben.<\/p>\n<\/figcaption><\/figure>\n<\/p><\/div>\n<section data-wtai-block-id=\"wtai_product_description_advantages\" class=\"wtai-section wtai-advantages-section\">\n<h2>A Muscle Power S\u00falyz\u00f3 el\u0151nyei<\/h2>\n<ul>\n<li>A kompakt, ergonomikus kialak\u00edt\u00e1s term\u00e9szetes fog\u00e1st biztos\u00edt, amely megel\u0151zi a cs\u00fasz\u00e1st \u00e9s a f\u00e1radts\u00e1got.<\/li>\n<li>Az 5 font (2,27 kg) s\u00faly ide\u00e1lis kezd\u0151knek, halad\u00f3knak vagy rehabilit\u00e1ci\u00f3hoz, \u00edgy nagyon rugalmasan alkalmazhat\u00f3.<\/li>\n<li>A tart\u00f3s, k\u00f6nnyen tiszt\u00edthat\u00f3 bor\u00edt\u00e1s higi\u00e9nikus haszn\u00e1latot tesz lehet\u0151v\u00e9 \u00e9s megv\u00e9di a padl\u00f3fel\u00fcletet a s\u00e9r\u00fcl\u00e9sekt\u0151l.<\/li>\n<li>Szettben kaphat\u00f3, gyorsan \u00e9s egyszer\u0171en beszerezhet\u0151 \u2013 mindk\u00e9t k\u00e9z edz\u00e9s\u00e9hez azonos eszk\u00f6zt haszn\u00e1lhat.<\/li>\n<\/ul>\n<\/section>\n<section data-wtai-block-id=\"wtai_product_description_benefits\" class=\"wtai-section wtai-benefits-section\">\n<h2>Milyen el\u0151ny\u00f6ket ny\u00fajt a mindennapi \u00e9letben?<\/h2>\n<ul>\n<li>Ha kev\u00e9s id\u0151 jut az edz\u00e9sre, a hat\u00e9kony \u00e9s egyszer\u0171en haszn\u00e1lhat\u00f3 s\u00falyz\u00f3k gyors felfriss\u00fcl\u00e9st k\u00edn\u00e1lnak otthon vagy az irod\u00e1ban.<\/li>\n<li>Az \u00e1ll\u00f3k\u00e9pess\u00e9g \u00e9s izomer\u0151 n\u00f6vel\u00e9s\u00e9ben seg\u00edt, \u00edgy a mindennapi mozg\u00e1sok k\u00f6nnyebb\u00e9 v\u00e1lnak, legyen sz\u00f3 bev\u00e1s\u00e1rl\u00e1sr\u00f3l vagy l\u00e9pcs\u0151z\u00e9sr\u0151l.<\/li>\n<li>Id\u0151sebbek \u00e9s rehabilit\u00e1l\u00f3k sz\u00e1m\u00e1ra is biztons\u00e1gos alternat\u00edva, mely nem terheli t\u00fal az \u00edz\u00fcleteket, mik\u00f6zben fejleszti a mozg\u00e1sk\u00e9pess\u00e9get.<\/li>\n<li>A markolat kialak\u00edt\u00e1sa r\u00e9v\u00e9n minimaliz\u00e1lja a leejt\u00e9s kock\u00e1zat\u00e1t \u00e9s komfortos \u00e9rz\u00e9st biztos\u00edt m\u00e9g hosszabb gyakorl\u00e1s sor\u00e1n is.<\/li>\n<\/ul>\n<\/section>\n<section data-wtai-block-id=\"wtai_product_description_technical_specifications\" class=\"wtai-section wtai-technical_specifications-section\">\n<h3>R\u00e9szletek<\/h3>\n<ul>\n<li><strong>S\u00faly:<\/strong> 2,27 kg<\/li>\n<li><strong>Anyag:<\/strong> Tart\u00f3s m\u0171anyag bor\u00edt\u00e1s<\/li>\n<li><strong>Sz\u00edn:<\/strong> Z\u00f6ld<\/li>\n<li><strong>Kivitel:<\/strong> Kerek\u00edtett forma k\u00e9nyelmes markolattal<\/li>\n<li><strong>Szett tartalma:<\/strong> 2 db s\u00falyz\u00f3<\/li>\n<li><strong>S\u00falyz\u00f3 felirat:<\/strong> Muscle Power log\u00f3val \u00e9s 5 LB felirattal<\/li>\n<li><strong>Felhaszn\u00e1l\u00e1s:<\/strong> Otthoni vagy edz\u0151termi edz\u00e9shez<\/li>\n<li><strong>Karbantart\u00e1s:<\/strong> Egyszer\u0171en tiszt\u00e1n tarthat\u00f3 fel\u00fclet<\/li>\n<\/ul>\n<\/section>\n<div data-wtai-block-id=\"wtai_product_description_image_1754224212429\" class=\"wtai-section wtai-image_1754224212429-section\">\n<figure class=\"wtai-image-p wtai-align-center\" style=\"text-align:center\"><img decoding=\"async\" src=\"https:\/\/demostore.ai\/wp-content\/uploads\/2025\/06\/Dumbbell-4-600x600.png\" alt=\"Z\u00f6ld Muscle Power k\u00e9zis\u00falyz\u00f3, 5 fontos felirattal, term\u00e9koldalon megjelen\u00edtve.\" srcset=\"https:\/\/demostore.ai\/wp-content\/uploads\/2025\/06\/Dumbbell-4.png 1000w, https:\/\/demostore.ai\/wp-content\/uploads\/2025\/06\/Dumbbell-4-300x300.png 300w, https:\/\/demostore.ai\/wp-content\/uploads\/2025\/06\/Dumbbell-4-150x150.png 150w, https:\/\/demostore.ai\/wp-content\/uploads\/2025\/06\/Dumbbell-4-768x768.png 768w, https:\/\/demostore.ai\/wp-content\/uploads\/2025\/06\/Dumbbell-4-600x600.png 600w, https:\/\/demostore.ai\/wp-content\/uploads\/2025\/06\/Dumbbell-4-250x250.png 250w\"><figcaption>\n<p>Az \u00e9l\u00e9nk t\u00fcrkiz sz\u00edn \u00e9s a tart\u00f3s bor\u00edt\u00e1s kiemeli a professzion\u00e1lis megjelen\u00e9st.<\/p>\n<\/figcaption><\/figure>\n<\/p><\/div>\n<section data-wtai-block-id=\"wtai_product_description_faqs\" class=\"wtai-section wtai-faqs-section\">\n<h2>Gyakran ism\u00e9telt k\u00e9rd\u00e9sek<\/h2>\n<p><strong>Milyen t\u00edpus\u00fa edz\u00e9sekhez aj\u00e1nlott a Muscle Power S\u00falyz\u00f3?<\/strong> <br \/> Alkalmas otthoni, csoportos \u00e9s szem\u00e9lyi edz\u00e9shez, valamint rehabilit\u00e1ci\u00f3s c\u00e9lokra is ide\u00e1lis.<\/p>\n<p><strong>Mekkora a s\u00falyz\u00f3k t\u00e9nyleges s\u00falya?<\/strong> <br \/> A szettben tal\u00e1lhat\u00f3 minden egyes s\u00falyz\u00f3 2,27 kg (5 font) t\u00f6meg\u0171.<\/p>\n<p><strong>Mib\u0151l k\u00e9sz\u00fclt a bor\u00edt\u00e1sa?<\/strong> <br \/> Tart\u00f3s, k\u00f6nnyen tiszt\u00edthat\u00f3 m\u0171anyag bor\u00edt\u00e1ssal l\u00e1tt\u00e1k el a hosszabb \u00e9lettartam \u00e9s a higi\u00e9nikus haszn\u00e1lat \u00e9rdek\u00e9ben.<\/p>\n<p><strong>Gyerekek is haszn\u00e1lhatj\u00e1k a Muscle Power S\u00falyz\u00f3t?<\/strong> <br \/> A megfelel\u0151 sz\u00fcl\u0151i fel\u00fcgyelet mellett biztons\u00e1gosan haszn\u00e1lhat\u00f3 fiatalabb koroszt\u00e1ly sz\u00e1m\u00e1ra is, de a s\u00faly m\u00e9rt\u00e9ke miatt aj\u00e1nlott szakember tan\u00e1cs\u00e1t k\u00e9rni.<\/p>\n<p><strong>Hogyan tiszt\u00edthat\u00f3 a term\u00e9k?<\/strong> <br \/> Puha, nedves ruh\u00e1val k\u00f6nnyed\u00e9n tiszt\u00e1n tarthat\u00f3, hogy mindig higi\u00e9nikus maradjon az edz\u00e9s sor\u00e1n.<\/p>\n<\/section>\n<section data-wtai-block-id=\"wtai_product_description_conclusion\" class=\"wtai-section wtai-conclusion-section\">\n<h2>V\u00e1laszd a k\u00f6vetkez\u0151 l\u00e9p\u00e9st az eg\u00e9szs\u00e9ged\u00e9rt<\/h2>\n<p><strong>A Muscle Power S\u00falyz\u00f3 seg\u00edt egyszer\u0171en be\u00e9p\u00edteni a mozg\u00e1st a mindennapokba, legyen sz\u00f3 edz\u00e9sr\u0151l vagy \u00e1tmozgat\u00e1sr\u00f3l.<\/strong> <strong>Szerezd be ezt a praktikus, tart\u00f3s eszk\u00f6zt, amely b\u00e1rmilyen edz\u00e9si szinthez igazodik.<\/strong> <strong>Ne halogasd az akt\u00edvabb \u00e9letm\u00f3dot, hiszen m\u00e1r ma k\u00f6nnyen tehetsz az eg\u00e9szs\u00e9ged\u00e9rt.<\/strong><\/p>\n<\/section>\n","protected":false},"excerpt":{"rendered":"<div data-wtai-block-id=\"wtai_excerpt_subtitle\" class=\"wtai-section wtai-subtitle-section\">\n<p><em><strong>F\u00f3kuszban az er\u0151 \u00e9s a lend\u00fclet minden mozdulatn\u00e1l<\/strong><\/em><\/p>\n<\/p><\/div>\n<div data-wtai-block-id=\"wtai_excerpt_introduction\" class=\"wtai-section wtai-introduction-section\">\n<p>T\u00fal a h\u00e9tk\u00f6znapokon, amikor fontos, hogy minden edz\u00e9sed val\u00f3ban sz\u00e1m\u00edtson. A Muscle Power s\u00falyz\u00f3 t\u00f6k\u00e9letes partnere mindazoknak, akik \u00faj szintre emeln\u00e9k er\u0151nl\u00e9t\u00fcket vagy \u00e9ppen most v\u00e1gn\u00e1nak bele az eg\u00e9szs\u00e9gesebb \u00e9letbe. Kiv\u00e1l\u00f3 fog\u00e1sa \u00e9s modern kialak\u00edt\u00e1sa minden koroszt\u00e1ly sz\u00e1m\u00e1ra lehet\u0151v\u00e9 teszi a magabiztos, biztons\u00e1gos edz\u00e9st, ak\u00e1r otthon, ak\u00e1r az edz\u0151teremben. Tapasztald meg, mennyivel t\u00f6bbre vagy k\u00e9pes, ha kezedben van az igazi lend\u00fclet \u00e9s min\u0151s\u00e9g!<\/p>\n<\/p><\/div>\n","protected":false},"featured_media":23156,"comment_status":"open","ping_status":"closed","template":"","meta":[],"product_brand":[],"product_cat":[237],"product_tag":[],"class_list":{"0":"post-38823","1":"product","2":"type-product","3":"status-publish","4":"has-post-thumbnail","6":"product_cat-sport-szabadido","8":"first","9":"instock","10":"shipping-taxable","11":"purchasable","12":"product-type-variable"},"bundled_by":["244432"],"bundle_stock_status":"instock","bundle_stock_quantity":null,"bundle_virtual":false,"bundle_layout":"","bundle_add_to_cart_form_location":"","bundle_editable_in_cart":false,"bundle_sold_individually_context":"","bundle_item_grouping":"","bundle_min_size":"","bundle_max_size":"","bundle_price":[],"bundled_items":[],"bundle_sell_ids":[],"yoast_head":"<!-- This site is optimized with the Yoast SEO plugin v25.2 - https:\/\/yoast.com\/wordpress\/plugins\/seo\/ -->\n<title>Top-Rated Muscle Power S\u00falyz\u00f3 Modern Edz\u00e9shez<\/title>\n<meta name=\"description\" content=\"Ritka \u00f6sszhang a funkcionalit\u00e1s \u00e9s diz\u00e1jn k\u00f6z\u00f6tt. A Muscle Power S\u00falyz\u00f3 z\u00f6ld, 2,27 kg-os szett minden szint\u0171 otthoni vagy edz\u0151termi edz\u00e9shez ide\u00e1lis.\" \/>\n<meta name=\"robots\" content=\"index, follow, max-snippet:-1, max-image-preview:large, max-video-preview:-1\" \/>\n<link rel=\"canonical\" href=\"https:\/\/demostore.ai\/hu\/termek\/muscle-power-sulyzo\/\" \/>\n<meta property=\"og:type\" content=\"article\" \/>\n<meta property=\"og:title\" content=\"Top-Rated Muscle Power S\u00falyz\u00f3 Modern Edz\u00e9shez\" \/>\n<meta property=\"og:description\" content=\"Sokoldal\u00fa edz\u0151partner a mindennapokban. A Muscle Power S\u00falyz\u00f3 kompakt, z\u00f6ld kialak\u00edt\u00e1sa r\u00e9v\u00e9n t\u00f6k\u00e9letes otthonra, edz\u0151terembe \u00e9s rehabilit\u00e1ci\u00f3hoz is.\" \/>\n<meta property=\"og:url\" content=\"https:\/\/demostore.ai\/hu\/termek\/muscle-power-sulyzo\/\" \/>\n<meta property=\"og:site_name\" content=\"Trendy Thread\" \/>\n<meta property=\"article:modified_time\" content=\"2026-02-20T03:17:57+00:00\" \/>\n<meta property=\"og:image\" content=\"https:\/\/demostore.ai\/wp-content\/uploads\/2025\/06\/Dumbbell-1.png\" \/>\n\t<meta property=\"og:image:width\" content=\"1000\" \/>\n\t<meta property=\"og:image:height\" content=\"674\" \/>\n\t<meta property=\"og:image:type\" content=\"image\/png\" \/>\n<meta name=\"twitter:card\" content=\"summary_large_image\" \/>\n<meta name=\"twitter:title\" content=\"Top-Rated Muscle Power S\u00falyz\u00f3 Modern Edz\u00e9shez\" \/>\n<meta name=\"twitter:description\" content=\"Sokoldal\u00fa edz\u0151partner a mindennapokban. A Muscle Power S\u00falyz\u00f3 kompakt, z\u00f6ld kialak\u00edt\u00e1sa r\u00e9v\u00e9n t\u00f6k\u00e9letes otthonra, edz\u0151terembe \u00e9s rehabilit\u00e1ci\u00f3hoz is.\" \/>\n<meta name=\"twitter:label1\" content=\"Becs\u00fclt olvas\u00e1si id\u0151\" \/>\n\t<meta name=\"twitter:data1\" content=\"1 perc\" \/>\n<script type=\"application\/ld+json\" class=\"yoast-schema-graph\">{\"@context\":\"https:\/\/schema.org\",\"@graph\":[{\"@type\":\"WebPage\",\"@id\":\"https:\/\/demostore.ai\/hu\/termek\/muscle-power-sulyzo\/\",\"url\":\"https:\/\/demostore.ai\/hu\/termek\/muscle-power-sulyzo\/\",\"name\":\"Top-Rated Muscle Power S\u00falyz\u00f3 Modern Edz\u00e9shez\",\"isPartOf\":{\"@id\":\"https:\/\/demostore.ai\/hu\/#website\"},\"primaryImageOfPage\":{\"@id\":\"https:\/\/demostore.ai\/hu\/termek\/muscle-power-sulyzo\/#primaryimage\"},\"image\":{\"@id\":\"https:\/\/demostore.ai\/hu\/termek\/muscle-power-sulyzo\/#primaryimage\"},\"thumbnailUrl\":\"https:\/\/demostore.ai\/wp-content\/uploads\/2025\/06\/Dumbbell-1.png\",\"datePublished\":\"2025-06-16T01:02:31+00:00\",\"dateModified\":\"2026-02-20T03:17:57+00:00\",\"description\":\"Ritka \u00f6sszhang a funkcionalit\u00e1s \u00e9s diz\u00e1jn k\u00f6z\u00f6tt. A Muscle Power S\u00falyz\u00f3 z\u00f6ld, 2,27 kg-os szett minden szint\u0171 otthoni vagy edz\u0151termi edz\u00e9shez ide\u00e1lis.\",\"breadcrumb\":{\"@id\":\"https:\/\/demostore.ai\/hu\/termek\/muscle-power-sulyzo\/#breadcrumb\"},\"inLanguage\":\"hu\",\"potentialAction\":[{\"@type\":\"ReadAction\",\"target\":[\"https:\/\/demostore.ai\/hu\/termek\/muscle-power-sulyzo\/\"]}]},{\"@type\":\"ImageObject\",\"inLanguage\":\"hu\",\"@id\":\"https:\/\/demostore.ai\/hu\/termek\/muscle-power-sulyzo\/#primaryimage\",\"url\":\"https:\/\/demostore.ai\/wp-content\/uploads\/2025\/06\/Dumbbell-1.png\",\"contentUrl\":\"https:\/\/demostore.ai\/wp-content\/uploads\/2025\/06\/Dumbbell-1.png\",\"width\":1000,\"height\":674,\"caption\":\"K\u00e9t z\u00f6ld Muscle Power s\u00falyz\u00f3, egyenk\u00e9nt 5 fonttal, term\u00e9koldalon megjelen\u00edtve.\"},{\"@type\":\"BreadcrumbList\",\"@id\":\"https:\/\/demostore.ai\/hu\/termek\/muscle-power-sulyzo\/#breadcrumb\",\"itemListElement\":[{\"@type\":\"ListItem\",\"position\":1,\"name\":\"F\u0151oldal\",\"item\":\"https:\/\/demostore.ai\/hu\/\"},{\"@type\":\"ListItem\",\"position\":2,\"name\":\"Bolt\",\"item\":\"https:\/\/demostore.ai\/hu\/bolt\/\"},{\"@type\":\"ListItem\",\"position\":3,\"name\":\"Muscle Power S\u00falyz\u00f3\"}]},{\"@type\":\"WebSite\",\"@id\":\"https:\/\/demostore.ai\/hu\/#website\",\"url\":\"https:\/\/demostore.ai\/hu\/\",\"name\":\"Trendy Thread\",\"description\":\"WriteText.ai bemutat\u00f3bolt\",\"publisher\":{\"@id\":\"https:\/\/demostore.ai\/hu\/#organization\"},\"potentialAction\":[{\"@type\":\"SearchAction\",\"target\":{\"@type\":\"EntryPoint\",\"urlTemplate\":\"https:\/\/demostore.ai\/hu\/?s={search_term_string}\"},\"query-input\":{\"@type\":\"PropertyValueSpecification\",\"valueRequired\":true,\"valueName\":\"search_term_string\"}}],\"inLanguage\":\"hu\"},{\"@type\":\"Organization\",\"@id\":\"https:\/\/demostore.ai\/hu\/#organization\",\"name\":\"WriteText.ai\",\"url\":\"https:\/\/demostore.ai\/hu\/\",\"logo\":{\"@type\":\"ImageObject\",\"inLanguage\":\"hu\",\"@id\":\"https:\/\/demostore.ai\/hu\/#\/schema\/logo\/image\/\",\"url\":\"https:\/\/demostore.ai\/wp-content\/uploads\/2025\/10\/writetext_logo.webp\",\"contentUrl\":\"https:\/\/demostore.ai\/wp-content\/uploads\/2025\/10\/writetext_logo.webp\",\"width\":200,\"height\":34,\"caption\":\"WriteText.ai\"},\"image\":{\"@id\":\"https:\/\/demostore.ai\/hu\/#\/schema\/logo\/image\/\"}}]}<\/script>\n<!-- \/ Yoast SEO plugin. -->","yoast_head_json":{"title":"Top-Rated Muscle Power S\u00falyz\u00f3 Modern Edz\u00e9shez","description":"Ritka \u00f6sszhang a funkcionalit\u00e1s \u00e9s diz\u00e1jn k\u00f6z\u00f6tt. A Muscle Power S\u00falyz\u00f3 z\u00f6ld, 2,27 kg-os szett minden szint\u0171 otthoni vagy edz\u0151termi edz\u00e9shez ide\u00e1lis.","robots":{"index":"index","follow":"follow","max-snippet":"max-snippet:-1","max-image-preview":"max-image-preview:large","max-video-preview":"max-video-preview:-1"},"canonical":"https:\/\/demostore.ai\/hu\/termek\/muscle-power-sulyzo\/","og_type":"article","og_title":"Top-Rated Muscle Power S\u00falyz\u00f3 Modern Edz\u00e9shez","og_description":"Sokoldal\u00fa edz\u0151partner a mindennapokban. A Muscle Power S\u00falyz\u00f3 kompakt, z\u00f6ld kialak\u00edt\u00e1sa r\u00e9v\u00e9n t\u00f6k\u00e9letes otthonra, edz\u0151terembe \u00e9s rehabilit\u00e1ci\u00f3hoz is.","og_url":"https:\/\/demostore.ai\/hu\/termek\/muscle-power-sulyzo\/","og_site_name":"Trendy Thread","article_modified_time":"2026-02-20T03:17:57+00:00","og_image":[{"width":1000,"height":674,"url":"https:\/\/demostore.ai\/wp-content\/uploads\/2025\/06\/Dumbbell-1.png","type":"image\/png"}],"twitter_card":"summary_large_image","twitter_title":"Top-Rated Muscle Power S\u00falyz\u00f3 Modern Edz\u00e9shez","twitter_description":"Sokoldal\u00fa edz\u0151partner a mindennapokban. A Muscle Power S\u00falyz\u00f3 kompakt, z\u00f6ld kialak\u00edt\u00e1sa r\u00e9v\u00e9n t\u00f6k\u00e9letes otthonra, edz\u0151terembe \u00e9s rehabilit\u00e1ci\u00f3hoz is.","twitter_misc":{"Becs\u00fclt olvas\u00e1si id\u0151":"1 perc"},"schema":{"@context":"https:\/\/schema.org","@graph":[{"@type":"WebPage","@id":"https:\/\/demostore.ai\/hu\/termek\/muscle-power-sulyzo\/","url":"https:\/\/demostore.ai\/hu\/termek\/muscle-power-sulyzo\/","name":"Top-Rated Muscle Power S\u00falyz\u00f3 Modern Edz\u00e9shez","isPartOf":{"@id":"https:\/\/demostore.ai\/hu\/#website"},"primaryImageOfPage":{"@id":"https:\/\/demostore.ai\/hu\/termek\/muscle-power-sulyzo\/#primaryimage"},"image":{"@id":"https:\/\/demostore.ai\/hu\/termek\/muscle-power-sulyzo\/#primaryimage"},"thumbnailUrl":"https:\/\/demostore.ai\/wp-content\/uploads\/2025\/06\/Dumbbell-1.png","datePublished":"2025-06-16T01:02:31+00:00","dateModified":"2026-02-20T03:17:57+00:00","description":"Ritka \u00f6sszhang a funkcionalit\u00e1s \u00e9s diz\u00e1jn k\u00f6z\u00f6tt. A Muscle Power S\u00falyz\u00f3 z\u00f6ld, 2,27 kg-os szett minden szint\u0171 otthoni vagy edz\u0151termi edz\u00e9shez ide\u00e1lis.","breadcrumb":{"@id":"https:\/\/demostore.ai\/hu\/termek\/muscle-power-sulyzo\/#breadcrumb"},"inLanguage":"hu","potentialAction":[{"@type":"ReadAction","target":["https:\/\/demostore.ai\/hu\/termek\/muscle-power-sulyzo\/"]}]},{"@type":"ImageObject","inLanguage":"hu","@id":"https:\/\/demostore.ai\/hu\/termek\/muscle-power-sulyzo\/#primaryimage","url":"https:\/\/demostore.ai\/wp-content\/uploads\/2025\/06\/Dumbbell-1.png","contentUrl":"https:\/\/demostore.ai\/wp-content\/uploads\/2025\/06\/Dumbbell-1.png","width":1000,"height":674,"caption":"K\u00e9t z\u00f6ld Muscle Power s\u00falyz\u00f3, egyenk\u00e9nt 5 fonttal, term\u00e9koldalon megjelen\u00edtve."},{"@type":"BreadcrumbList","@id":"https:\/\/demostore.ai\/hu\/termek\/muscle-power-sulyzo\/#breadcrumb","itemListElement":[{"@type":"ListItem","position":1,"name":"F\u0151oldal","item":"https:\/\/demostore.ai\/hu\/"},{"@type":"ListItem","position":2,"name":"Bolt","item":"https:\/\/demostore.ai\/hu\/bolt\/"},{"@type":"ListItem","position":3,"name":"Muscle Power S\u00falyz\u00f3"}]},{"@type":"WebSite","@id":"https:\/\/demostore.ai\/hu\/#website","url":"https:\/\/demostore.ai\/hu\/","name":"Trendy Thread","description":"WriteText.ai bemutat\u00f3bolt","publisher":{"@id":"https:\/\/demostore.ai\/hu\/#organization"},"potentialAction":[{"@type":"SearchAction","target":{"@type":"EntryPoint","urlTemplate":"https:\/\/demostore.ai\/hu\/?s={search_term_string}"},"query-input":{"@type":"PropertyValueSpecification","valueRequired":true,"valueName":"search_term_string"}}],"inLanguage":"hu"},{"@type":"Organization","@id":"https:\/\/demostore.ai\/hu\/#organization","name":"WriteText.ai","url":"https:\/\/demostore.ai\/hu\/","logo":{"@type":"ImageObject","inLanguage":"hu","@id":"https:\/\/demostore.ai\/hu\/#\/schema\/logo\/image\/","url":"https:\/\/demostore.ai\/wp-content\/uploads\/2025\/10\/writetext_logo.webp","contentUrl":"https:\/\/demostore.ai\/wp-content\/uploads\/2025\/10\/writetext_logo.webp","width":200,"height":34,"caption":"WriteText.ai"},"image":{"@id":"https:\/\/demostore.ai\/hu\/#\/schema\/logo\/image\/"}}]}},"_links":{"self":[{"href":"https:\/\/demostore.ai\/hu\/wp-json\/wp\/v2\/product\/38823","targetHints":{"allow":["GET"]}}],"collection":[{"href":"https:\/\/demostore.ai\/hu\/wp-json\/wp\/v2\/product"}],"about":[{"href":"https:\/\/demostore.ai\/hu\/wp-json\/wp\/v2\/types\/product"}],"replies":[{"embeddable":true,"href":"https:\/\/demostore.ai\/hu\/wp-json\/wp\/v2\/comments?post=38823"}],"wp:featuredmedia":[{"embeddable":true,"href":"https:\/\/demostore.ai\/hu\/wp-json\/wp\/v2\/media\/23156"}],"wp:attachment":[{"href":"https:\/\/demostore.ai\/hu\/wp-json\/wp\/v2\/media?parent=38823"}],"wp:term":[{"taxonomy":"product_brand","embeddable":true,"href":"https:\/\/demostore.ai\/hu\/wp-json\/wp\/v2\/product_brand?post=38823"},{"taxonomy":"product_cat","embeddable":true,"href":"https:\/\/demostore.ai\/hu\/wp-json\/wp\/v2\/product_cat?post=38823"},{"taxonomy":"product_tag","embeddable":true,"href":"https:\/\/demostore.ai\/hu\/wp-json\/wp\/v2\/product_tag?post=38823"}],"curies":[{"name":"wp","href":"https:\/\/api.w.org\/{rel}","templated":true}]}}