{"id":38401,"date":"2025-06-16T09:48:55","date_gmt":"2025-06-16T01:48:55","guid":{"rendered":"https:\/\/demostore.ai\/?post_type=product&#038;p=38401"},"modified":"2026-02-20T11:23:18","modified_gmt":"2026-02-20T03:23:18","slug":"ofx-ergonomikus-asztal","status":"publish","type":"product","link":"https:\/\/demostore.ai\/hu\/termek\/ofx-ergonomikus-asztal\/","title":{"rendered":"OFX Ergonomikus Asztal"},"content":{"rendered":"<section data-wtai-block-id=\"wtai_product_description_features\" class=\"wtai-section wtai-features-section\">\n<h2>F\u0151bb jellemz\u0151k<\/h2>\n<ul>\n<li><strong>Ergonomikus kialak\u00edt\u00e1s<\/strong>: A k\u00e9nyelmes \u00e9s eg\u00e9szs\u00e9ges munkav\u00e9gz\u00e9s \u00e9rdek\u00e9ben tervezve, t\u00e1mogatja a helyes testtart\u00e1st.<\/li>\n<li><strong>T\u00e1gas asztallap<\/strong>: B\u0151s\u00e9ges hely laptopoknak, monitoroknak \u00e9s irodai eszk\u00f6z\u00f6knek, \u00edgy a munka hat\u00e9konyabb.<\/li>\n<li><strong>Massz\u00edv f\u00e9m v\u00e1z<\/strong>: Er\u0151s, stabil szerkezettel b\u00edr, amely hossz\u00fa t\u00e1von is meg\u0151rzi a tart\u00f3ss\u00e1g\u00e1t.<\/li>\n<li><strong>K\u00f6nnyen tiszt\u00edthat\u00f3 fa fel\u00fclet<\/strong>: Modern, vil\u00e1gos sz\u00edn\u0171 fel\u00fclete egy mozdulattal tiszt\u00edthat\u00f3, \u00edgy rendezett marad a munkak\u00f6rnyezet.<\/li>\n<li><strong>K\u00e1bel\u00e1tvezet\u0151 ny\u00edl\u00e1sok<\/strong>: Be\u00e9p\u00edtett kerek ny\u00edl\u00e1sokkal az asztallap k\u00e9t oldal\u00e1n, rendezett k\u00e1belkezel\u00e9st biztos\u00edtva.<\/li>\n<li><strong>Modern megjelen\u00e9s<\/strong>: Letisztult vonalvezet\u00e9se \u00e9s sz\u00edne b\u00e1rmilyen irodai k\u00f6rnyezethez illik.<\/li>\n<\/ul>\n<\/section>\n<div data-wtai-block-id=\"wtai_product_description_image_1754207315479\" class=\"wtai-section wtai-image_1754207315479-section\">\n<figure class=\"wtai-image-p wtai-align-center\" style=\"text-align:center\"><img decoding=\"async\" src=\"https:\/\/demostore.ai\/wp-content\/uploads\/2025\/06\/Desk-2-1-1-600x522.png\" alt=\"OFX Ergonomikus Asztal ac\u00e9l v\u00e1zzal \u00e9s k\u00e1belrendez\u0151 tart\u00f3val, oldaln\u00e9zetben.\" srcset=\"https:\/\/demostore.ai\/wp-content\/uploads\/2025\/06\/Desk-2-1-1.png 1000w, https:\/\/demostore.ai\/wp-content\/uploads\/2025\/06\/Desk-2-1-1-300x261.png 300w, https:\/\/demostore.ai\/wp-content\/uploads\/2025\/06\/Desk-2-1-1-768x668.png 768w, https:\/\/demostore.ai\/wp-content\/uploads\/2025\/06\/Desk-2-1-1-600x522.png 600w\"><figcaption>\n<p>A fekete f\u00e9m l\u00e1bazat stabil tart\u00e1st biztos\u00edt, az integr\u00e1lt k\u00e1belrendez\u0151 rendezett munkateret eredm\u00e9nyez.<\/p>\n<\/figcaption><\/figure>\n<\/p><\/div>\n<section data-wtai-block-id=\"wtai_product_description_technical_specifications\" class=\"wtai-section wtai-technical_specifications-section\">\n<h2>R\u00e9szletek<\/h2>\n<ul>\n<li><strong>M\u00e9ret<\/strong>: 160 cm \u00d7 80 cm \u00d7 75 cm<\/li>\n<li><strong>Lapsz\u00edn<\/strong>: Vil\u00e1gos fa mint\u00e1zat<\/li>\n<li><strong>V\u00e1z anyaga<\/strong>: Porsz\u00f3rt fekete f\u00e9m<\/li>\n<li><strong>Be\u00e9p\u00edtett funkci\u00f3k<\/strong>: 2 db k\u00e1bel\u00e1tvezet\u0151 ny\u00edl\u00e1s<\/li>\n<\/ul>\n<\/section>\n<div data-wtai-block-id=\"wtai_product_description_image_1754207334585\" class=\"wtai-section wtai-image_1754207334585-section\">\n<figure class=\"wtai-image-p wtai-align-center\" style=\"text-align:center\"><img decoding=\"async\" src=\"https:\/\/demostore.ai\/wp-content\/uploads\/2025\/06\/Desk-3-600x424.png\" alt=\"OFX Ergonomikus Asztal vez\u00e9rl\u0151panelje, fa asztallappal \u00e9s \u00e1ll\u00edthat\u00f3 magass\u00e1g\u00fa f\u00e9m l\u00e1bbal.\" srcset=\"https:\/\/demostore.ai\/wp-content\/uploads\/2025\/06\/Desk-3.png 1000w, https:\/\/demostore.ai\/wp-content\/uploads\/2025\/06\/Desk-3-300x212.png 300w, https:\/\/demostore.ai\/wp-content\/uploads\/2025\/06\/Desk-3-768x542.png 768w, https:\/\/demostore.ai\/wp-content\/uploads\/2025\/06\/Desk-3-600x424.png 600w\"><figcaption>\n<p>A modern vez\u00e9rl\u0151panel seg\u00edts\u00e9g\u00e9vel k\u00f6nnyed\u00e9n szab\u00e1lyozhat\u00f3 az asztal magass\u00e1ga, praktikus gombokkal.<\/p>\n<\/figcaption><\/figure>\n<\/p><\/div>\n<section data-wtai-block-id=\"wtai_product_description_use_cases\" class=\"wtai-section wtai-use_cases-section\">\n<h2>Felhaszn\u00e1l\u00e1si lehet\u0151s\u00e9gek<\/h2>\n<ul>\n<li><strong>Irodai munka\u00e1llom\u00e1s<\/strong>: Rendezett t\u00e9r biztos\u00edt\u00e1sa mindennapos adminisztrat\u00edv vagy kreat\u00edv munk\u00e1hoz.<\/li>\n<li><strong>Home office k\u00f6rnyezet<\/strong>: Ide\u00e1lis v\u00e1laszt\u00e1s otthoni irod\u00e1ba, ergonomikus kialak\u00edt\u00e1sa r\u00e9v\u00e9n k\u00e9nyelmes marad a munka.<\/li>\n<li><strong>T\u00e1rgyal\u00f3terem berendez\u00e9se<\/strong>: Professzion\u00e1lis megjelen\u00e9st \u00e9s megfelel\u0151 helyet ny\u00fajt meetingekhez.<\/li>\n<li><strong>Sz\u00e1m\u00edt\u00f3g\u00e9pes munkav\u00e9gz\u00e9s<\/strong>: Monitor, billenty\u0171zet \u00e9s k\u00e1belek egyszer\u0171en elhelyezhet\u0151k, \u00e1tl\u00e1that\u00f3v\u00e1 t\u00e9ve a munkaasztalt.<\/li>\n<\/ul>\n<\/section>\n<section data-wtai-block-id=\"wtai_product_description_custom_1754207271771\" class=\"wtai-section wtai-custom_1754207271771-section\">\n<h2>Praktikus tippek az OFX Ergonomikus Asztal \u00e1pol\u00e1s\u00e1hoz<\/h2>\n<ul>\n<li>Tiszt\u00edtsa rendszeresen a fel\u00fcletet enyh\u00e9n nedves ruh\u00e1val a por elt\u00e1vol\u00edt\u00e1sa \u00e9rdek\u00e9ben.<\/li>\n<li>Ker\u00fclje az asztal t\u00falzott terhel\u00e9s\u00e9t, hogy hossz\u00fa t\u00e1von meg\u0151rizze stabilit\u00e1s\u00e1t.<\/li>\n<li>Helyezze j\u00f3l szell\u0151z\u0151, sz\u00e1raz helyre, hogy megel\u0151zze az anyag k\u00e1rosod\u00e1s\u00e1t.<\/li>\n<li>Rendezze \u00e1t id\u0151nk\u00e9nt a k\u00e1beleket a be\u00e9p\u00edtett k\u00e1bel\u00e1tvezet\u0151k\u00f6n, hogy mindig \u00e1tl\u00e1that\u00f3 legyen a munkak\u00f6rnyezet.<\/li>\n<\/ul>\n<\/section>\n<section data-wtai-block-id=\"wtai_product_description_faqs\" class=\"wtai-section wtai-faqs-section\">\n<h2>Gyakori k\u00e9rd\u00e9sek<\/h2>\n<p><strong>Milyen terhel\u00e9st b\u00edr el az OFX Ergonomikus Asztal?<\/strong> <br \/> Az asztal massz\u00edv f\u00e9m v\u00e1za stabilit\u00e1st ny\u00fajt, napi irodai haszn\u00e1latn\u00e1l kiv\u00e1l\u00f3an teljes\u00edt.<\/p>\n<p><strong>Mennyire egyszer\u0171 tiszt\u00edtani az asztal fel\u00fclet\u00e9t?<\/strong> <br \/> A vil\u00e1gos fa mint\u00e1zat\u00fa lap k\u00f6nnyen, egy nedves t\u00f6rl\u0151kend\u0151vel tiszt\u00e1n tarthat\u00f3.<\/p>\n<p><strong>Hogyan seg\u00edtenek a k\u00e1bel\u00e1tvezet\u0151 ny\u00edl\u00e1sok?<\/strong> <br \/> A be\u00e9p\u00edtett k\u00e1bel\u00e1tvezet\u0151k rendezett\u00e9 teszik a munkater\u00fcletet, \u00edgy elker\u00fclhet\u0151k a kusza vezet\u00e9kek.<\/p>\n<p><strong>Testreszabhat\u00f3 az asztal m\u00e9rete?<\/strong> <br \/> A jelenlegi modell a megadott, szabv\u00e1nyos m\u00e9retben \u00e9rhet\u0151 el.<\/p>\n<p><strong>\u00d6sszeszerel\u00e9se bonyolult?<\/strong> <br \/> Az asztal szerkezete egyszer\u0171, az \u00f6sszeszerel\u00e9se k\u00f6nnyen, n\u00e9h\u00e1ny l\u00e9p\u00e9sben elv\u00e9gezhet\u0151.<\/p>\n<\/section>\n<section data-wtai-block-id=\"wtai_product_description_conclusion\" class=\"wtai-section wtai-conclusion-section\">\n<h2>Mi\u00e9rt \u00e9rdemes ezt v\u00e1lasztani?<\/h2>\n<p><strong>Az OFX Ergonomikus Asztal seg\u00edt rendezett, modern \u00e9s komfortos munka\u00e1llom\u00e1st kialak\u00edtani.<\/strong> <strong>Tart\u00f3s szerkezete \u00e9s praktikus kialak\u00edt\u00e1sa hossz\u00fa t\u00e1von is megb\u00edzhat\u00f3 t\u00e1rs lesz az irod\u00e1ban vagy otthon.<\/strong> <strong>Ne hagyja ki a lehet\u0151s\u00e9get, \u00e9s v\u00e1lasszon egy st\u00edlusos, funkcion\u00e1lis asztalt m\u00e9g ma, hogy munkanapjai g\u00f6rd\u00fcl\u00e9kenyebbek legyenek!<\/strong><\/p>\n<\/section>\n","protected":false},"excerpt":{"rendered":"<div data-wtai-block-id=\"wtai_excerpt_subtitle\" class=\"wtai-section wtai-subtitle-section\">\n<p><em><strong>Modern, letisztult megjelen\u00e9s a k\u00e9nyelmes munkak\u00f6rnyezet\u00e9rt<\/strong><\/em><\/p>\n<\/p><\/div>\n<div data-wtai-block-id=\"wtai_excerpt_introduction\" class=\"wtai-section wtai-introduction-section\">\n<p>Igaz\u00e1n m\u00e1s \u00e9rz\u00e9s, amikor egy asztal seg\u00edti a f\u00f3kuszt \u00e9s a k\u00e9nyelmet egyszerre. Az OFX ergonomikus asztal letisztult, vil\u00e1gos fel\u00fclet\u00e9vel t\u00f6k\u00e9letesen illeszkedik b\u00e1rmilyen irodai k\u00f6rnyezetbe, mik\u00f6zben kialak\u00edt\u00e1s\u00e1val t\u00e1mogatja az eg\u00e9sz napos produktivit\u00e1st. Eleg\u00e1ns fekete l\u00e1bak \u00e9s k\u00e1belkivezet\u0151k gondoskodnak a rendezetts\u00e9gr\u0151l, \u00edgy ez a b\u00fator igazi alapdarabja lehet egy modern, j\u00f3l szervezett munkahelynek. K\u00f6nnyen alkalmazkodik minden gener\u00e1ci\u00f3 ig\u00e9nyeihez, legyen sz\u00f3 c\u00e9ges vagy otthoni irod\u00e1r\u00f3l.<\/p>\n<\/p><\/div>\n","protected":false},"featured_media":28611,"comment_status":"open","ping_status":"closed","template":"","meta":[],"product_brand":[],"product_cat":[129],"product_tag":[],"class_list":{"0":"post-38401","1":"product","2":"type-product","3":"status-publish","4":"has-post-thumbnail","6":"product_cat-otthon","8":"first","9":"instock","10":"shipping-taxable","11":"purchasable","12":"product-type-simple"},"bundled_by":["244212"],"bundle_stock_status":"instock","bundle_stock_quantity":null,"bundle_virtual":false,"bundle_layout":"","bundle_add_to_cart_form_location":"","bundle_editable_in_cart":false,"bundle_sold_individually_context":"","bundle_item_grouping":"","bundle_min_size":"","bundle_max_size":"","bundle_price":[],"bundled_items":[],"bundle_sell_ids":[],"yoast_head":"<!-- This site is optimized with the Yoast SEO plugin v25.2 - https:\/\/yoast.com\/wordpress\/plugins\/seo\/ -->\n<title>Fedezze fel az OFX Ergonomikus Asztal modern k\u00e9nyelm\u00e9t irodai felhaszn\u00e1l\u00e1sra<\/title>\n<meta name=\"description\" content=\"Modern munkahelyi elrendez\u00e9shez, ergonomikus kialak\u00edt\u00e1ssal \u00e9s k\u00e1bel\u00e1tvezet\u0151 ny\u00edl\u00e1sokkal. Tart\u00f3s f\u00e9m v\u00e1z, k\u00f6nnyen tiszt\u00edthat\u00f3 fel\u00fclet.\" \/>\n<meta name=\"robots\" content=\"index, follow, max-snippet:-1, max-image-preview:large, max-video-preview:-1\" \/>\n<link rel=\"canonical\" href=\"https:\/\/demostore.ai\/hu\/termek\/ofx-ergonomikus-asztal\/\" \/>\n<meta property=\"og:type\" content=\"article\" \/>\n<meta property=\"og:title\" content=\"Fedezze fel az OFX Ergonomikus Asztal modern k\u00e9nyelm\u00e9t irodai felhaszn\u00e1l\u00e1sra\" \/>\n<meta property=\"og:description\" content=\"Letisztult forma \u00e9s ergonomikus kivitel ig\u00e9nyes irod\u00e1ba. Praktikus k\u00e1bel\u00e1tvezet\u0151 ny\u00edl\u00e1sok, stabil f\u00e9m v\u00e1z \u00e9s k\u00f6nnyen karbantarthat\u00f3 asztallap modern munka\u00e1llom\u00e1sokhoz.\" \/>\n<meta property=\"og:url\" content=\"https:\/\/demostore.ai\/hu\/termek\/ofx-ergonomikus-asztal\/\" \/>\n<meta property=\"og:site_name\" content=\"Trendy Thread\" \/>\n<meta property=\"article:modified_time\" content=\"2026-02-20T03:23:18+00:00\" \/>\n<meta property=\"og:image\" content=\"https:\/\/demostore.ai\/wp-content\/uploads\/2025\/06\/Desk-1-1.png\" \/>\n\t<meta property=\"og:image:width\" content=\"1000\" \/>\n\t<meta property=\"og:image:height\" content=\"600\" \/>\n\t<meta property=\"og:image:type\" content=\"image\/png\" \/>\n<meta name=\"twitter:card\" content=\"summary_large_image\" \/>\n<meta name=\"twitter:title\" content=\"Fedezze fel az OFX Ergonomikus Asztal modern k\u00e9nyelm\u00e9t irodai felhaszn\u00e1l\u00e1sra\" \/>\n<meta name=\"twitter:description\" content=\"Letisztult forma \u00e9s ergonomikus kivitel ig\u00e9nyes irod\u00e1ba. Praktikus k\u00e1bel\u00e1tvezet\u0151 ny\u00edl\u00e1sok, stabil f\u00e9m v\u00e1z \u00e9s k\u00f6nnyen karbantarthat\u00f3 asztallap modern munka\u00e1llom\u00e1sokhoz.\" \/>\n<meta name=\"twitter:label1\" content=\"Becs\u00fclt olvas\u00e1si id\u0151\" \/>\n\t<meta name=\"twitter:data1\" content=\"1 perc\" \/>\n<script type=\"application\/ld+json\" class=\"yoast-schema-graph\">{\"@context\":\"https:\/\/schema.org\",\"@graph\":[{\"@type\":\"WebPage\",\"@id\":\"https:\/\/demostore.ai\/hu\/termek\/ofx-ergonomikus-asztal\/\",\"url\":\"https:\/\/demostore.ai\/hu\/termek\/ofx-ergonomikus-asztal\/\",\"name\":\"Fedezze fel az OFX Ergonomikus Asztal modern k\u00e9nyelm\u00e9t irodai felhaszn\u00e1l\u00e1sra\",\"isPartOf\":{\"@id\":\"https:\/\/demostore.ai\/hu\/#website\"},\"primaryImageOfPage\":{\"@id\":\"https:\/\/demostore.ai\/hu\/termek\/ofx-ergonomikus-asztal\/#primaryimage\"},\"image\":{\"@id\":\"https:\/\/demostore.ai\/hu\/termek\/ofx-ergonomikus-asztal\/#primaryimage\"},\"thumbnailUrl\":\"https:\/\/demostore.ai\/wp-content\/uploads\/2025\/06\/Desk-1-1.png\",\"datePublished\":\"2025-06-16T01:48:55+00:00\",\"dateModified\":\"2026-02-20T03:23:18+00:00\",\"description\":\"Modern munkahelyi elrendez\u00e9shez, ergonomikus kialak\u00edt\u00e1ssal \u00e9s k\u00e1bel\u00e1tvezet\u0151 ny\u00edl\u00e1sokkal. Tart\u00f3s f\u00e9m v\u00e1z, k\u00f6nnyen tiszt\u00edthat\u00f3 fel\u00fclet.\",\"breadcrumb\":{\"@id\":\"https:\/\/demostore.ai\/hu\/termek\/ofx-ergonomikus-asztal\/#breadcrumb\"},\"inLanguage\":\"hu\",\"potentialAction\":[{\"@type\":\"ReadAction\",\"target\":[\"https:\/\/demostore.ai\/hu\/termek\/ofx-ergonomikus-asztal\/\"]}]},{\"@type\":\"ImageObject\",\"inLanguage\":\"hu\",\"@id\":\"https:\/\/demostore.ai\/hu\/termek\/ofx-ergonomikus-asztal\/#primaryimage\",\"url\":\"https:\/\/demostore.ai\/wp-content\/uploads\/2025\/06\/Desk-1-1.png\",\"contentUrl\":\"https:\/\/demostore.ai\/wp-content\/uploads\/2025\/06\/Desk-1-1.png\",\"width\":1000,\"height\":600,\"caption\":\"OFX Ergonomikus Asztal, vil\u00e1gos fa lap, fekete l\u00e1bak, k\u00e9t k\u00e1bel\u00e1tvezet\u0151 ny\u00edl\u00e1ssal.\"},{\"@type\":\"BreadcrumbList\",\"@id\":\"https:\/\/demostore.ai\/hu\/termek\/ofx-ergonomikus-asztal\/#breadcrumb\",\"itemListElement\":[{\"@type\":\"ListItem\",\"position\":1,\"name\":\"F\u0151oldal\",\"item\":\"https:\/\/demostore.ai\/hu\/\"},{\"@type\":\"ListItem\",\"position\":2,\"name\":\"Bolt\",\"item\":\"https:\/\/demostore.ai\/hu\/bolt\/\"},{\"@type\":\"ListItem\",\"position\":3,\"name\":\"OFX Ergonomikus Asztal\"}]},{\"@type\":\"WebSite\",\"@id\":\"https:\/\/demostore.ai\/hu\/#website\",\"url\":\"https:\/\/demostore.ai\/hu\/\",\"name\":\"Trendy Thread\",\"description\":\"WriteText.ai bemutat\u00f3bolt\",\"publisher\":{\"@id\":\"https:\/\/demostore.ai\/hu\/#organization\"},\"potentialAction\":[{\"@type\":\"SearchAction\",\"target\":{\"@type\":\"EntryPoint\",\"urlTemplate\":\"https:\/\/demostore.ai\/hu\/?s={search_term_string}\"},\"query-input\":{\"@type\":\"PropertyValueSpecification\",\"valueRequired\":true,\"valueName\":\"search_term_string\"}}],\"inLanguage\":\"hu\"},{\"@type\":\"Organization\",\"@id\":\"https:\/\/demostore.ai\/hu\/#organization\",\"name\":\"WriteText.ai\",\"url\":\"https:\/\/demostore.ai\/hu\/\",\"logo\":{\"@type\":\"ImageObject\",\"inLanguage\":\"hu\",\"@id\":\"https:\/\/demostore.ai\/hu\/#\/schema\/logo\/image\/\",\"url\":\"https:\/\/demostore.ai\/wp-content\/uploads\/2025\/10\/writetext_logo.webp\",\"contentUrl\":\"https:\/\/demostore.ai\/wp-content\/uploads\/2025\/10\/writetext_logo.webp\",\"width\":200,\"height\":34,\"caption\":\"WriteText.ai\"},\"image\":{\"@id\":\"https:\/\/demostore.ai\/hu\/#\/schema\/logo\/image\/\"}}]}<\/script>\n<!-- \/ Yoast SEO plugin. -->","yoast_head_json":{"title":"Fedezze fel az OFX Ergonomikus Asztal modern k\u00e9nyelm\u00e9t irodai felhaszn\u00e1l\u00e1sra","description":"Modern munkahelyi elrendez\u00e9shez, ergonomikus kialak\u00edt\u00e1ssal \u00e9s k\u00e1bel\u00e1tvezet\u0151 ny\u00edl\u00e1sokkal. Tart\u00f3s f\u00e9m v\u00e1z, k\u00f6nnyen tiszt\u00edthat\u00f3 fel\u00fclet.","robots":{"index":"index","follow":"follow","max-snippet":"max-snippet:-1","max-image-preview":"max-image-preview:large","max-video-preview":"max-video-preview:-1"},"canonical":"https:\/\/demostore.ai\/hu\/termek\/ofx-ergonomikus-asztal\/","og_type":"article","og_title":"Fedezze fel az OFX Ergonomikus Asztal modern k\u00e9nyelm\u00e9t irodai felhaszn\u00e1l\u00e1sra","og_description":"Letisztult forma \u00e9s ergonomikus kivitel ig\u00e9nyes irod\u00e1ba. Praktikus k\u00e1bel\u00e1tvezet\u0151 ny\u00edl\u00e1sok, stabil f\u00e9m v\u00e1z \u00e9s k\u00f6nnyen karbantarthat\u00f3 asztallap modern munka\u00e1llom\u00e1sokhoz.","og_url":"https:\/\/demostore.ai\/hu\/termek\/ofx-ergonomikus-asztal\/","og_site_name":"Trendy Thread","article_modified_time":"2026-02-20T03:23:18+00:00","og_image":[{"width":1000,"height":600,"url":"https:\/\/demostore.ai\/wp-content\/uploads\/2025\/06\/Desk-1-1.png","type":"image\/png"}],"twitter_card":"summary_large_image","twitter_title":"Fedezze fel az OFX Ergonomikus Asztal modern k\u00e9nyelm\u00e9t irodai felhaszn\u00e1l\u00e1sra","twitter_description":"Letisztult forma \u00e9s ergonomikus kivitel ig\u00e9nyes irod\u00e1ba. Praktikus k\u00e1bel\u00e1tvezet\u0151 ny\u00edl\u00e1sok, stabil f\u00e9m v\u00e1z \u00e9s k\u00f6nnyen karbantarthat\u00f3 asztallap modern munka\u00e1llom\u00e1sokhoz.","twitter_misc":{"Becs\u00fclt olvas\u00e1si id\u0151":"1 perc"},"schema":{"@context":"https:\/\/schema.org","@graph":[{"@type":"WebPage","@id":"https:\/\/demostore.ai\/hu\/termek\/ofx-ergonomikus-asztal\/","url":"https:\/\/demostore.ai\/hu\/termek\/ofx-ergonomikus-asztal\/","name":"Fedezze fel az OFX Ergonomikus Asztal modern k\u00e9nyelm\u00e9t irodai felhaszn\u00e1l\u00e1sra","isPartOf":{"@id":"https:\/\/demostore.ai\/hu\/#website"},"primaryImageOfPage":{"@id":"https:\/\/demostore.ai\/hu\/termek\/ofx-ergonomikus-asztal\/#primaryimage"},"image":{"@id":"https:\/\/demostore.ai\/hu\/termek\/ofx-ergonomikus-asztal\/#primaryimage"},"thumbnailUrl":"https:\/\/demostore.ai\/wp-content\/uploads\/2025\/06\/Desk-1-1.png","datePublished":"2025-06-16T01:48:55+00:00","dateModified":"2026-02-20T03:23:18+00:00","description":"Modern munkahelyi elrendez\u00e9shez, ergonomikus kialak\u00edt\u00e1ssal \u00e9s k\u00e1bel\u00e1tvezet\u0151 ny\u00edl\u00e1sokkal. Tart\u00f3s f\u00e9m v\u00e1z, k\u00f6nnyen tiszt\u00edthat\u00f3 fel\u00fclet.","breadcrumb":{"@id":"https:\/\/demostore.ai\/hu\/termek\/ofx-ergonomikus-asztal\/#breadcrumb"},"inLanguage":"hu","potentialAction":[{"@type":"ReadAction","target":["https:\/\/demostore.ai\/hu\/termek\/ofx-ergonomikus-asztal\/"]}]},{"@type":"ImageObject","inLanguage":"hu","@id":"https:\/\/demostore.ai\/hu\/termek\/ofx-ergonomikus-asztal\/#primaryimage","url":"https:\/\/demostore.ai\/wp-content\/uploads\/2025\/06\/Desk-1-1.png","contentUrl":"https:\/\/demostore.ai\/wp-content\/uploads\/2025\/06\/Desk-1-1.png","width":1000,"height":600,"caption":"OFX Ergonomikus Asztal, vil\u00e1gos fa lap, fekete l\u00e1bak, k\u00e9t k\u00e1bel\u00e1tvezet\u0151 ny\u00edl\u00e1ssal."},{"@type":"BreadcrumbList","@id":"https:\/\/demostore.ai\/hu\/termek\/ofx-ergonomikus-asztal\/#breadcrumb","itemListElement":[{"@type":"ListItem","position":1,"name":"F\u0151oldal","item":"https:\/\/demostore.ai\/hu\/"},{"@type":"ListItem","position":2,"name":"Bolt","item":"https:\/\/demostore.ai\/hu\/bolt\/"},{"@type":"ListItem","position":3,"name":"OFX Ergonomikus Asztal"}]},{"@type":"WebSite","@id":"https:\/\/demostore.ai\/hu\/#website","url":"https:\/\/demostore.ai\/hu\/","name":"Trendy Thread","description":"WriteText.ai bemutat\u00f3bolt","publisher":{"@id":"https:\/\/demostore.ai\/hu\/#organization"},"potentialAction":[{"@type":"SearchAction","target":{"@type":"EntryPoint","urlTemplate":"https:\/\/demostore.ai\/hu\/?s={search_term_string}"},"query-input":{"@type":"PropertyValueSpecification","valueRequired":true,"valueName":"search_term_string"}}],"inLanguage":"hu"},{"@type":"Organization","@id":"https:\/\/demostore.ai\/hu\/#organization","name":"WriteText.ai","url":"https:\/\/demostore.ai\/hu\/","logo":{"@type":"ImageObject","inLanguage":"hu","@id":"https:\/\/demostore.ai\/hu\/#\/schema\/logo\/image\/","url":"https:\/\/demostore.ai\/wp-content\/uploads\/2025\/10\/writetext_logo.webp","contentUrl":"https:\/\/demostore.ai\/wp-content\/uploads\/2025\/10\/writetext_logo.webp","width":200,"height":34,"caption":"WriteText.ai"},"image":{"@id":"https:\/\/demostore.ai\/hu\/#\/schema\/logo\/image\/"}}]}},"_links":{"self":[{"href":"https:\/\/demostore.ai\/hu\/wp-json\/wp\/v2\/product\/38401","targetHints":{"allow":["GET"]}}],"collection":[{"href":"https:\/\/demostore.ai\/hu\/wp-json\/wp\/v2\/product"}],"about":[{"href":"https:\/\/demostore.ai\/hu\/wp-json\/wp\/v2\/types\/product"}],"replies":[{"embeddable":true,"href":"https:\/\/demostore.ai\/hu\/wp-json\/wp\/v2\/comments?post=38401"}],"wp:featuredmedia":[{"embeddable":true,"href":"https:\/\/demostore.ai\/hu\/wp-json\/wp\/v2\/media\/28611"}],"wp:attachment":[{"href":"https:\/\/demostore.ai\/hu\/wp-json\/wp\/v2\/media?parent=38401"}],"wp:term":[{"taxonomy":"product_brand","embeddable":true,"href":"https:\/\/demostore.ai\/hu\/wp-json\/wp\/v2\/product_brand?post=38401"},{"taxonomy":"product_cat","embeddable":true,"href":"https:\/\/demostore.ai\/hu\/wp-json\/wp\/v2\/product_cat?post=38401"},{"taxonomy":"product_tag","embeddable":true,"href":"https:\/\/demostore.ai\/hu\/wp-json\/wp\/v2\/product_tag?post=38401"}],"curies":[{"name":"wp","href":"https:\/\/api.w.org\/{rel}","templated":true}]}}