{"id":37177,"date":"2025-06-16T08:13:22","date_gmt":"2025-06-16T00:13:22","guid":{"rendered":"https:\/\/demostore.ai\/?post_type=product&#038;p=37177"},"modified":"2026-02-20T11:11:18","modified_gmt":"2026-02-20T03:11:18","slug":"game-of-the-generals","status":"publish","type":"product","link":"https:\/\/demostore.ai\/hu\/termek\/game-of-the-generals\/","title":{"rendered":"Game of the Generals"},"content":{"rendered":"<section data-wtai-block-id=\"wtai_product_description_features\" class=\"wtai-section wtai-features-section\">\n<h2>Kiemelked\u0151 jellemz\u0151k<\/h2>\n<ul>\n<li><strong>Izgalmas strat\u00e9giai t\u00e1rsasj\u00e1t\u00e9k<\/strong> \u2013 Egyedi j\u00e1t\u00e9kmenet\u00e9vel szellemi kih\u00edv\u00e1st jelent minden koroszt\u00e1lynak.<\/li>\n<li><strong>Rejtett inform\u00e1ci\u00f3s rendszer<\/strong> \u2013 Az egys\u00e9gek az ellenf\u00e9l sz\u00e1m\u00e1ra titkosak, ami ki\u00e9lezi a taktik\u00e1t \u00e9s a bl\u00f6ff\u00f6l\u00e9st.<\/li>\n<li><strong>2 j\u00e1t\u00e9kosra tervezve<\/strong> \u2013 Ide\u00e1lis p\u00e1ros csat\u00e1khoz, ahol az odafigyel\u00e9s \u00e9s el\u0151rel\u00e1t\u00e1s d\u00f6nt.<\/li>\n<li><strong>Modern, letisztult diz\u00e1jn<\/strong> \u2013 L\u00e1tv\u00e1nyos grafika \u00e9s karakteres doboz teszi st\u00edlusoss\u00e1 a b\u00e1rmely j\u00e1t\u00e9kk\u00f6nyvt\u00e1rban.<\/li>\n<li><strong>Gyors, m\u00e9gis m\u00e9ly j\u00e1t\u00e9k\u00e9lm\u00e9ny<\/strong> \u2013 A j\u00e1tszm\u00e1k percek alatt lej\u00e1tszhat\u00f3k, \u00e1m a strat\u00e9giai vari\u00e1ci\u00f3k sz\u00e1ma szinte v\u00e9gtelen.<\/li>\n<\/ul>\n<\/section>\n<div data-wtai-block-id=\"wtai_product_description_image_1\" class=\"wtai-section wtai-image_1-section\">\n<figure class=\"wtai-image-p wtai-align-center\" style=\"text-align:center\"><img decoding=\"async\" src=\"https:\/\/demostore.ai\/wp-content\/uploads\/2025\/06\/Board-game-2-600x297.png\" alt=\"A Game of the Generals t\u00e1rsasj\u00e1t\u00e9k szab\u00e1lyai \u00e9s j\u00e1t\u00e9kt\u00e1bla k\u00e9pe term\u00e9koldalon.\" srcset=\"https:\/\/demostore.ai\/wp-content\/uploads\/2025\/06\/Board-game-2.png 1000w, https:\/\/demostore.ai\/wp-content\/uploads\/2025\/06\/Board-game-2-300x149.png 300w, https:\/\/demostore.ai\/wp-content\/uploads\/2025\/06\/Board-game-2-768x380.png 768w, https:\/\/demostore.ai\/wp-content\/uploads\/2025\/06\/Board-game-2-600x297.png 600w\"><figcaption>\n<p>A r\u00e9szletes j\u00e1t\u00e9kszab\u00e1lyok t\u00e1bl\u00e1zatokkal \u00e9s k\u00e9pes illusztr\u00e1ci\u00f3val k\u00f6nny\u00edtik a szab\u00e1lyok gyors meg\u00e9rt\u00e9s\u00e9t.<\/p>\n<\/figcaption><\/figure>\n<\/p><\/div>\n<section data-wtai-block-id=\"wtai_product_description_technical_specifications\" class=\"wtai-section wtai-technical_specifications-section\">\n<h3>R\u00e9szletek<\/h3>\n<ul>\n<li><strong>J\u00e1t\u00e9kosok sz\u00e1ma: 2 f\u0151<\/strong><\/li>\n<li><strong>Aj\u00e1nlott \u00e9letkor: 8+ \u00e9v<\/strong><\/li>\n<li><strong>J\u00e1t\u00e9kid\u0151: 30 perc<\/strong><\/li>\n<li><strong>Tartalom: j\u00e1t\u00e9kt\u00e1bla, b\u00e1buk, szab\u00e1lyk\u00f6nyv<\/strong><\/li>\n<li><strong>Anyag: kem\u00e9ny karton, m\u0171anyag b\u00e1buk<\/strong><\/li>\n<li><strong>Doboz m\u00e9rete: 35,00 cm x 18,00 cm x 5,00 cm<\/strong><\/li>\n<li><strong>Sz\u00ednek: fekete, feh\u00e9r, k\u00e9k<\/strong><\/li>\n<li><strong>Gy\u00e1rt\u00f3: Sabpayan Games<\/strong><\/li>\n<\/ul>\n<\/section>\n<section data-wtai-block-id=\"wtai_product_description_custom_1\" class=\"wtai-section wtai-custom_1-section\">\n<h2>Kiknek \u00e9s milyen alkalmakra aj\u00e1nlott a Game of the Generals?<\/h2>\n<ul>\n<li><strong>Strat\u00e9giai j\u00e1t\u00e9k rajong\u00f3knak<\/strong> \u2013 Ide\u00e1lis v\u00e1laszt\u00e1s annak, aki szereti a taktik\u00e1z\u00e1st \u00e9s a bl\u00f6ff\u00f6l\u00e9st.<\/li>\n<li><strong>Csal\u00e1di t\u00e1rsas estekhez<\/strong> \u2013 Egyszer\u0171 szab\u00e1lyai miatt gyerekekkel \u00e9s feln\u0151ttekkel is \u00e9lvezetes.<\/li>\n<li><strong>Bar\u00e1ti \u00f6sszej\u00f6vetelekhez<\/strong> \u2013 Gyors, izgalmas p\u00e1rbajokban val\u00f3di agytorna v\u00e1r mindenkit.<\/li>\n<\/ul>\n<\/section>\n<section data-wtai-block-id=\"wtai_product_description_custom_2\" class=\"wtai-section wtai-custom_2-section\">\n<h2>A Game of the Generals alkot\u00f3j\u00e1nak bemutat\u00e1sa<\/h2>\n<p>Sofronio H. \u201eRonnie\u201d Pasola Jr., a Game of the Generals j\u00e1t\u00e9k \u00f6tletgazd\u00e1ja, a F\u00fcl\u00f6p-szigetek tal\u00e1l\u00e9konys\u00e1g\u00e1t \u00e9s strat\u00e9giai \u00e9rz\u00e9k\u00e9t k\u00e9pviseli.<\/p>\n<p>Pasola egyed\u00fcl\u00e1ll\u00f3 j\u00e1t\u00e9kmechanik\u00e1t alkotott, amelyben a titkos inform\u00e1ci\u00f3k, a bl\u00f6ff \u00e9s a katonai strat\u00e9gia izgalmas elegyet alkotnak.<\/p>\n<p>Az 1970-es \u00e9vek elej\u00e9n bemutatott j\u00e1t\u00e9k gyorsan n\u00e9pszer\u0171 lett, nemcsak haz\u00e1j\u00e1ban, hanem a t\u00e1rsasj\u00e1t\u00e9kok szerelmesei k\u00f6r\u00e9ben vil\u00e1gszerte.<\/p>\n<p>Pasola munk\u00e1ja a k\u00f6nnyen tanulhat\u00f3 szab\u00e1lyok, a m\u00e9ly taktikai lehet\u0151s\u00e9gek \u00e9s a kreat\u00edv, modern diz\u00e1jn miatt vonz\u00f3 a mindenkori j\u00e1t\u00e9kos gener\u00e1ci\u00f3k sz\u00e1m\u00e1ra.<\/p>\n<\/section>\n<section data-wtai-block-id=\"wtai_product_description_faqs\" class=\"wtai-section wtai-faqs-section\">\n<h2>Gyakori k\u00e9rd\u00e9sek<\/h2>\n<p><strong>Milyen koroszt\u00e1lynak aj\u00e1nlott a Game of the Generals?<\/strong><\/p>\n<p>A j\u00e1t\u00e9kot 8 \u00e9ves kort\u00f3l b\u00e1rki \u00e9lvezheti, csal\u00e1dtagok \u00e9s bar\u00e1tok is garant\u00e1ltan j\u00f3l sz\u00f3rakoznak vele.<\/p>\n<p><strong>Sz\u00fcks\u00e9ges el\u0151zetes strat\u00e9giai tapasztalat a j\u00e1t\u00e9khoz?<\/strong><\/p>\n<p>Nem sz\u00fcks\u00e9ges, de el\u0151nyt jelenthet. A j\u00e1t\u00e9k egyszer\u0171en megtanulhat\u00f3, de val\u00f3di m\u00e9lys\u00e9g\u00e9t a strat\u00e9gi\u00e1kban tal\u00e1lja meg minden j\u00e1t\u00e9kos.<\/p>\n<p><strong>H\u00e1ny perc alatt lehet lej\u00e1tszani egy partit?<\/strong><\/p>\n<p>Egy \u00e1tlagos j\u00e1tszma k\u00f6r\u00fclbel\u00fcl 30 percet vesz ig\u00e9nybe, \u00edgy ak\u00e1r t\u00f6bb k\u00f6r is belef\u00e9r egy bar\u00e1ti \u00f6sszej\u00f6vetelbe.<\/p>\n<p><strong>Lehet-e t\u00f6bben is j\u00e1tszani, vagy csak k\u00e9t f\u0151re tervezt\u00e9k?<\/strong><\/p>\n<p>A j\u00e1t\u00e9k kifejezetten k\u00e9t j\u00e1t\u00e9kos sz\u00e1m\u00e1ra k\u00e9sz\u00fclt, \u00edgy minden egyes alkalommal val\u00f3di p\u00e1rbaj \u00e9lm\u00e9nyt ny\u00fajt.<\/p>\n<\/section>\n<section data-wtai-block-id=\"wtai_product_description_conclusion\" class=\"wtai-section wtai-conclusion-section\">\n<h3>Fedezd fel az \u00e9lm\u00e9nyt!<\/h3>\n<p><strong>A Game of the Generals j\u00e1t\u00e9kban minden parti \u00faj kih\u00edv\u00e1s \u00e9s taktikai lehet\u0151s\u00e9g.<\/strong> <strong>Kombin\u00e1ld az \u00fcgyess\u00e9ged, bl\u00f6ff\u00f6lj \u00e9s teszteld strat\u00e9giai gondolkod\u00e1sod ebben az izgalmas, modern t\u00e1rsasj\u00e1t\u00e9kban.<\/strong> <strong>L\u00e9gy te az, aki legy\u0151zi az ellenfel\u00e9t \u2013 szerezd be most, \u00e9s nyerd meg a k\u00f6vetkez\u0151 j\u00e1t\u00e9kestet!<\/strong><\/p>\n<\/section>\n","protected":false},"excerpt":{"rendered":"<div data-wtai-block-id=\"wtai_excerpt_subtitle\" class=\"wtai-section wtai-subtitle-section\">\n<p><em><strong>Ahol strat\u00e9gia \u00e9s lelem\u00e9ny csat\u00e1znak \u2013 csak a legfurfangosabb maradhat talpon!<\/strong><\/em><\/p>\n<\/p><\/div>\n<div data-wtai-block-id=\"wtai_excerpt_introduction\" class=\"wtai-section wtai-introduction-section\">\n<p>Kev\u00e9s j\u00e1t\u00e9k k\u00e9pes \u00fagy megmozgatni az agyat, mint a Game of the Generals. Ez a modern t\u00e1rsasj\u00e1t\u00e9k a strat\u00e9gia mestereinek, taktikus gondolkod\u00f3knak \u00e9s azoknak sz\u00f3l, akik szeretik, ha a fej\u00fckben zajlik a legnagyobb csata. V\u00e1lj vez\u00e9rr\u00e9 egy egyed\u00fcl\u00e1ll\u00f3 hadsz\u00ednt\u00e9ren, ahol minden l\u00e9p\u00e9s sz\u00e1m\u00edt, \u00e9s a v\u00e1ratlan h\u00faz\u00e1sok \u00edrj\u00e1k a t\u00f6rt\u00e9nelmet. Bar\u00e1ti \u00f6sszej\u00f6vetelek, csal\u00e1di est\u00e9k vagy szellemi kih\u00edv\u00e1st keres\u0151 versenyz\u0151k sz\u00e1m\u00e1ra t\u00f6k\u00e9letes v\u00e1laszt\u00e1s.<\/p>\n<\/p><\/div>\n","protected":false},"featured_media":17756,"comment_status":"open","ping_status":"closed","template":"","meta":[],"product_brand":[],"product_cat":[141],"product_tag":[],"class_list":{"0":"post-37177","1":"product","2":"type-product","3":"status-publish","4":"has-post-thumbnail","6":"product_cat-konyvek-media","8":"first","9":"instock","10":"shipping-taxable","11":"purchasable","12":"product-type-simple"},"bundled_by":[],"bundle_stock_status":"instock","bundle_stock_quantity":null,"bundle_virtual":false,"bundle_layout":"","bundle_add_to_cart_form_location":"","bundle_editable_in_cart":false,"bundle_sold_individually_context":"","bundle_item_grouping":"","bundle_min_size":"","bundle_max_size":"","bundle_price":[],"bundled_items":[],"bundle_sell_ids":[],"yoast_head":"<!-- This site is optimized with the Yoast SEO plugin v25.2 - https:\/\/yoast.com\/wordpress\/plugins\/seo\/ -->\n<title>Buy Game Of The Generals A Modern Strat\u00e9giai T\u00e1rsasj\u00e1t\u00e9k<\/title>\n<meta name=\"description\" content=\"Komoly taktikai \u00f6sszecsap\u00e1sok minden koroszt\u00e1lynak. A Game of the Generals fejleszti a logik\u00e1t, gyors gondolkod\u00e1st \u00e9s garant\u00e1lja az izgalmas j\u00e1t\u00e9kesteket.\" \/>\n<meta name=\"robots\" content=\"index, follow, max-snippet:-1, max-image-preview:large, max-video-preview:-1\" \/>\n<link rel=\"canonical\" href=\"https:\/\/demostore.ai\/hu\/termek\/game-of-the-generals\/\" \/>\n<meta property=\"og:type\" content=\"article\" \/>\n<meta property=\"og:title\" content=\"Buy Game Of The Generals A Modern Strat\u00e9giai T\u00e1rsasj\u00e1t\u00e9k\" \/>\n<meta property=\"og:description\" content=\"Leny\u0171g\u00f6z\u0151 strat\u00e9giai \u00e9lm\u00e9ny azoknak, akik szeretik a kih\u00edv\u00e1sokat. A Game of the Generals mindenest\u00fcl modern, rejt\u00e9lyes, bl\u00f6ffre \u00e9p\u00fcl\u0151 t\u00e1rsasj\u00e1t\u00e9k k\u00e9t f\u0151 r\u00e9sz\u00e9re.\" \/>\n<meta property=\"og:url\" content=\"https:\/\/demostore.ai\/hu\/termek\/game-of-the-generals\/\" \/>\n<meta property=\"og:site_name\" content=\"Trendy Thread\" \/>\n<meta property=\"article:modified_time\" content=\"2026-02-20T03:11:18+00:00\" \/>\n<meta property=\"og:image\" content=\"https:\/\/demostore.ai\/wp-content\/uploads\/2025\/06\/Board-game-1.png\" \/>\n\t<meta property=\"og:image:width\" content=\"1000\" \/>\n\t<meta property=\"og:image:height\" content=\"495\" \/>\n\t<meta property=\"og:image:type\" content=\"image\/png\" \/>\n<meta name=\"twitter:card\" content=\"summary_large_image\" \/>\n<meta name=\"twitter:title\" content=\"Buy Game Of The Generals A Modern Strat\u00e9giai T\u00e1rsasj\u00e1t\u00e9k\" \/>\n<meta name=\"twitter:description\" content=\"Leny\u0171g\u00f6z\u0151 strat\u00e9giai \u00e9lm\u00e9ny azoknak, akik szeretik a kih\u00edv\u00e1sokat. A Game of the Generals mindenest\u00fcl modern, rejt\u00e9lyes, bl\u00f6ffre \u00e9p\u00fcl\u0151 t\u00e1rsasj\u00e1t\u00e9k k\u00e9t f\u0151 r\u00e9sz\u00e9re.\" \/>\n<meta name=\"twitter:label1\" content=\"Becs\u00fclt olvas\u00e1si id\u0151\" \/>\n\t<meta name=\"twitter:data1\" content=\"1 perc\" \/>\n<script type=\"application\/ld+json\" class=\"yoast-schema-graph\">{\"@context\":\"https:\/\/schema.org\",\"@graph\":[{\"@type\":\"WebPage\",\"@id\":\"https:\/\/demostore.ai\/hu\/termek\/game-of-the-generals\/\",\"url\":\"https:\/\/demostore.ai\/hu\/termek\/game-of-the-generals\/\",\"name\":\"Buy Game Of The Generals A Modern Strat\u00e9giai T\u00e1rsasj\u00e1t\u00e9k\",\"isPartOf\":{\"@id\":\"https:\/\/demostore.ai\/hu\/#website\"},\"primaryImageOfPage\":{\"@id\":\"https:\/\/demostore.ai\/hu\/termek\/game-of-the-generals\/#primaryimage\"},\"image\":{\"@id\":\"https:\/\/demostore.ai\/hu\/termek\/game-of-the-generals\/#primaryimage\"},\"thumbnailUrl\":\"https:\/\/demostore.ai\/wp-content\/uploads\/2025\/06\/Board-game-1.png\",\"datePublished\":\"2025-06-16T00:13:22+00:00\",\"dateModified\":\"2026-02-20T03:11:18+00:00\",\"description\":\"Komoly taktikai \u00f6sszecsap\u00e1sok minden koroszt\u00e1lynak. A Game of the Generals fejleszti a logik\u00e1t, gyors gondolkod\u00e1st \u00e9s garant\u00e1lja az izgalmas j\u00e1t\u00e9kesteket.\",\"breadcrumb\":{\"@id\":\"https:\/\/demostore.ai\/hu\/termek\/game-of-the-generals\/#breadcrumb\"},\"inLanguage\":\"hu\",\"potentialAction\":[{\"@type\":\"ReadAction\",\"target\":[\"https:\/\/demostore.ai\/hu\/termek\/game-of-the-generals\/\"]}]},{\"@type\":\"ImageObject\",\"inLanguage\":\"hu\",\"@id\":\"https:\/\/demostore.ai\/hu\/termek\/game-of-the-generals\/#primaryimage\",\"url\":\"https:\/\/demostore.ai\/wp-content\/uploads\/2025\/06\/Board-game-1.png\",\"contentUrl\":\"https:\/\/demostore.ai\/wp-content\/uploads\/2025\/06\/Board-game-1.png\",\"width\":1000,\"height\":495,\"caption\":\"A Game of the Generals t\u00e1rsasj\u00e1t\u00e9k doboza fekete-feh\u00e9r katonai grafik\u00e1val \u00e9s k\u00e9k c\u00edmmel.\"},{\"@type\":\"BreadcrumbList\",\"@id\":\"https:\/\/demostore.ai\/hu\/termek\/game-of-the-generals\/#breadcrumb\",\"itemListElement\":[{\"@type\":\"ListItem\",\"position\":1,\"name\":\"F\u0151oldal\",\"item\":\"https:\/\/demostore.ai\/hu\/\"},{\"@type\":\"ListItem\",\"position\":2,\"name\":\"Bolt\",\"item\":\"https:\/\/demostore.ai\/hu\/bolt\/\"},{\"@type\":\"ListItem\",\"position\":3,\"name\":\"Game of the Generals\"}]},{\"@type\":\"WebSite\",\"@id\":\"https:\/\/demostore.ai\/hu\/#website\",\"url\":\"https:\/\/demostore.ai\/hu\/\",\"name\":\"Trendy Thread\",\"description\":\"WriteText.ai bemutat\u00f3bolt\",\"publisher\":{\"@id\":\"https:\/\/demostore.ai\/hu\/#organization\"},\"potentialAction\":[{\"@type\":\"SearchAction\",\"target\":{\"@type\":\"EntryPoint\",\"urlTemplate\":\"https:\/\/demostore.ai\/hu\/?s={search_term_string}\"},\"query-input\":{\"@type\":\"PropertyValueSpecification\",\"valueRequired\":true,\"valueName\":\"search_term_string\"}}],\"inLanguage\":\"hu\"},{\"@type\":\"Organization\",\"@id\":\"https:\/\/demostore.ai\/hu\/#organization\",\"name\":\"WriteText.ai\",\"url\":\"https:\/\/demostore.ai\/hu\/\",\"logo\":{\"@type\":\"ImageObject\",\"inLanguage\":\"hu\",\"@id\":\"https:\/\/demostore.ai\/hu\/#\/schema\/logo\/image\/\",\"url\":\"https:\/\/demostore.ai\/wp-content\/uploads\/2025\/10\/writetext_logo.webp\",\"contentUrl\":\"https:\/\/demostore.ai\/wp-content\/uploads\/2025\/10\/writetext_logo.webp\",\"width\":200,\"height\":34,\"caption\":\"WriteText.ai\"},\"image\":{\"@id\":\"https:\/\/demostore.ai\/hu\/#\/schema\/logo\/image\/\"}}]}<\/script>\n<!-- \/ Yoast SEO plugin. -->","yoast_head_json":{"title":"Buy Game Of The Generals A Modern Strat\u00e9giai T\u00e1rsasj\u00e1t\u00e9k","description":"Komoly taktikai \u00f6sszecsap\u00e1sok minden koroszt\u00e1lynak. A Game of the Generals fejleszti a logik\u00e1t, gyors gondolkod\u00e1st \u00e9s garant\u00e1lja az izgalmas j\u00e1t\u00e9kesteket.","robots":{"index":"index","follow":"follow","max-snippet":"max-snippet:-1","max-image-preview":"max-image-preview:large","max-video-preview":"max-video-preview:-1"},"canonical":"https:\/\/demostore.ai\/hu\/termek\/game-of-the-generals\/","og_type":"article","og_title":"Buy Game Of The Generals A Modern Strat\u00e9giai T\u00e1rsasj\u00e1t\u00e9k","og_description":"Leny\u0171g\u00f6z\u0151 strat\u00e9giai \u00e9lm\u00e9ny azoknak, akik szeretik a kih\u00edv\u00e1sokat. A Game of the Generals mindenest\u00fcl modern, rejt\u00e9lyes, bl\u00f6ffre \u00e9p\u00fcl\u0151 t\u00e1rsasj\u00e1t\u00e9k k\u00e9t f\u0151 r\u00e9sz\u00e9re.","og_url":"https:\/\/demostore.ai\/hu\/termek\/game-of-the-generals\/","og_site_name":"Trendy Thread","article_modified_time":"2026-02-20T03:11:18+00:00","og_image":[{"width":1000,"height":495,"url":"https:\/\/demostore.ai\/wp-content\/uploads\/2025\/06\/Board-game-1.png","type":"image\/png"}],"twitter_card":"summary_large_image","twitter_title":"Buy Game Of The Generals A Modern Strat\u00e9giai T\u00e1rsasj\u00e1t\u00e9k","twitter_description":"Leny\u0171g\u00f6z\u0151 strat\u00e9giai \u00e9lm\u00e9ny azoknak, akik szeretik a kih\u00edv\u00e1sokat. A Game of the Generals mindenest\u00fcl modern, rejt\u00e9lyes, bl\u00f6ffre \u00e9p\u00fcl\u0151 t\u00e1rsasj\u00e1t\u00e9k k\u00e9t f\u0151 r\u00e9sz\u00e9re.","twitter_misc":{"Becs\u00fclt olvas\u00e1si id\u0151":"1 perc"},"schema":{"@context":"https:\/\/schema.org","@graph":[{"@type":"WebPage","@id":"https:\/\/demostore.ai\/hu\/termek\/game-of-the-generals\/","url":"https:\/\/demostore.ai\/hu\/termek\/game-of-the-generals\/","name":"Buy Game Of The Generals A Modern Strat\u00e9giai T\u00e1rsasj\u00e1t\u00e9k","isPartOf":{"@id":"https:\/\/demostore.ai\/hu\/#website"},"primaryImageOfPage":{"@id":"https:\/\/demostore.ai\/hu\/termek\/game-of-the-generals\/#primaryimage"},"image":{"@id":"https:\/\/demostore.ai\/hu\/termek\/game-of-the-generals\/#primaryimage"},"thumbnailUrl":"https:\/\/demostore.ai\/wp-content\/uploads\/2025\/06\/Board-game-1.png","datePublished":"2025-06-16T00:13:22+00:00","dateModified":"2026-02-20T03:11:18+00:00","description":"Komoly taktikai \u00f6sszecsap\u00e1sok minden koroszt\u00e1lynak. A Game of the Generals fejleszti a logik\u00e1t, gyors gondolkod\u00e1st \u00e9s garant\u00e1lja az izgalmas j\u00e1t\u00e9kesteket.","breadcrumb":{"@id":"https:\/\/demostore.ai\/hu\/termek\/game-of-the-generals\/#breadcrumb"},"inLanguage":"hu","potentialAction":[{"@type":"ReadAction","target":["https:\/\/demostore.ai\/hu\/termek\/game-of-the-generals\/"]}]},{"@type":"ImageObject","inLanguage":"hu","@id":"https:\/\/demostore.ai\/hu\/termek\/game-of-the-generals\/#primaryimage","url":"https:\/\/demostore.ai\/wp-content\/uploads\/2025\/06\/Board-game-1.png","contentUrl":"https:\/\/demostore.ai\/wp-content\/uploads\/2025\/06\/Board-game-1.png","width":1000,"height":495,"caption":"A Game of the Generals t\u00e1rsasj\u00e1t\u00e9k doboza fekete-feh\u00e9r katonai grafik\u00e1val \u00e9s k\u00e9k c\u00edmmel."},{"@type":"BreadcrumbList","@id":"https:\/\/demostore.ai\/hu\/termek\/game-of-the-generals\/#breadcrumb","itemListElement":[{"@type":"ListItem","position":1,"name":"F\u0151oldal","item":"https:\/\/demostore.ai\/hu\/"},{"@type":"ListItem","position":2,"name":"Bolt","item":"https:\/\/demostore.ai\/hu\/bolt\/"},{"@type":"ListItem","position":3,"name":"Game of the Generals"}]},{"@type":"WebSite","@id":"https:\/\/demostore.ai\/hu\/#website","url":"https:\/\/demostore.ai\/hu\/","name":"Trendy Thread","description":"WriteText.ai bemutat\u00f3bolt","publisher":{"@id":"https:\/\/demostore.ai\/hu\/#organization"},"potentialAction":[{"@type":"SearchAction","target":{"@type":"EntryPoint","urlTemplate":"https:\/\/demostore.ai\/hu\/?s={search_term_string}"},"query-input":{"@type":"PropertyValueSpecification","valueRequired":true,"valueName":"search_term_string"}}],"inLanguage":"hu"},{"@type":"Organization","@id":"https:\/\/demostore.ai\/hu\/#organization","name":"WriteText.ai","url":"https:\/\/demostore.ai\/hu\/","logo":{"@type":"ImageObject","inLanguage":"hu","@id":"https:\/\/demostore.ai\/hu\/#\/schema\/logo\/image\/","url":"https:\/\/demostore.ai\/wp-content\/uploads\/2025\/10\/writetext_logo.webp","contentUrl":"https:\/\/demostore.ai\/wp-content\/uploads\/2025\/10\/writetext_logo.webp","width":200,"height":34,"caption":"WriteText.ai"},"image":{"@id":"https:\/\/demostore.ai\/hu\/#\/schema\/logo\/image\/"}}]}},"_links":{"self":[{"href":"https:\/\/demostore.ai\/hu\/wp-json\/wp\/v2\/product\/37177","targetHints":{"allow":["GET"]}}],"collection":[{"href":"https:\/\/demostore.ai\/hu\/wp-json\/wp\/v2\/product"}],"about":[{"href":"https:\/\/demostore.ai\/hu\/wp-json\/wp\/v2\/types\/product"}],"replies":[{"embeddable":true,"href":"https:\/\/demostore.ai\/hu\/wp-json\/wp\/v2\/comments?post=37177"}],"wp:featuredmedia":[{"embeddable":true,"href":"https:\/\/demostore.ai\/hu\/wp-json\/wp\/v2\/media\/17756"}],"wp:attachment":[{"href":"https:\/\/demostore.ai\/hu\/wp-json\/wp\/v2\/media?parent=37177"}],"wp:term":[{"taxonomy":"product_brand","embeddable":true,"href":"https:\/\/demostore.ai\/hu\/wp-json\/wp\/v2\/product_brand?post=37177"},{"taxonomy":"product_cat","embeddable":true,"href":"https:\/\/demostore.ai\/hu\/wp-json\/wp\/v2\/product_cat?post=37177"},{"taxonomy":"product_tag","embeddable":true,"href":"https:\/\/demostore.ai\/hu\/wp-json\/wp\/v2\/product_tag?post=37177"}],"curies":[{"name":"wp","href":"https:\/\/api.w.org\/{rel}","templated":true}]}}