{"id":36608,"date":"2025-08-06T08:42:58","date_gmt":"2025-08-06T00:42:58","guid":{"rendered":"https:\/\/demostore.ai\/?post_type=product&#038;p=36608"},"modified":"2026-02-20T11:11:12","modified_gmt":"2026-02-20T03:11:12","slug":"the-lego-story","status":"publish","type":"product","link":"https:\/\/demostore.ai\/hu\/termek\/the-lego-story\/","title":{"rendered":"The LEGO Story"},"content":{"rendered":"<section data-wtai-block-id=\"wtai_product_description_features\" class=\"wtai-section wtai-features-section\">\n<h2>A LEGO t\u00f6rt\u00e9net\u00e9nek legf\u0151bb el\u0151nyei<\/h2>\n<ul>\n<li><strong>Exkluz\u00edv betekint\u00e9s a LEGO vil\u00e1g\u00e1ba<\/strong> \u2013 R\u00e9szletes, m\u00e9gis k\u00f6nnyed hangv\u00e9tel\u0171 k\u00f6tet, amely egy ikonikus j\u00e1t\u00e9k m\u00e1rka titkaiba avat be.<\/li>\n<li><strong>Gazdag t\u00f6rt\u00e9nelmi h\u00e1tt\u00e9r<\/strong> \u2013 A k\u00f6nyv bemutatja, mik\u00e9nt v\u00e1lt az apr\u00f3 j\u00e1t\u00e9k vil\u00e1gform\u00e1l\u00f3 inspir\u00e1ci\u00f3v\u00e1 gener\u00e1ci\u00f3k sz\u00e1m\u00e1ra.<\/li>\n<li><strong>Motiv\u00e1l\u00f3 \u00e9s kreat\u00edv inspir\u00e1ci\u00f3<\/strong> \u2013 Az olvas\u00f3 megtudhatja, hogyan \u00f6szt\u00f6n\u00f6zte a LEGO a k\u00fcl\u00f6nb\u00f6z\u0151 koroszt\u00e1lyokat a k\u00e9pzel\u0151er\u0151 sz\u00e1rnyal\u00e1s\u00e1ra.<\/li>\n<li><strong>St\u00edlusos \u00e9s sz\u00f3rakoztat\u00f3 megjelen\u00edt\u00e9s<\/strong> \u2013 Modern diz\u00e1jn, letisztult illusztr\u00e1ci\u00f3k \u00e9s szellemes t\u00f6rt\u00e9netek teszik igaz\u00e1n \u00e9lvezetess\u00e9 az olvas\u00e1st.<\/li>\n<li><strong>Aj\u00e1nd\u00e9knak is t\u00f6k\u00e9letes v\u00e1laszt\u00e1s<\/strong> \u2013 Ide\u00e1lis minden kreat\u00edv gondolkod\u00f3nak, LEGO-rajong\u00f3nak \u00e9s t\u00f6rt\u00e9netszeret\u0151nek.<\/li>\n<li>technical_specifications.heading_text<\/li>\n<li>technical_specifications.structure<\/li>\n<li>faqs.heading_text<\/li>\n<li>faqs.questions<\/li>\n<li>conclusion.heading_text<\/li>\n<li>conclusion.content_text<\/li>\n<li>generate.special_instructions<\/li>\n<li>page description<\/li>\n<li>open graph text<\/li>\n<\/ul>\n<\/section>\n<div data-wtai-block-id=\"wtai_product_description_image_1\" class=\"wtai-section wtai-image_1-section\">\n<figure class=\"wtai-image-p wtai-align-center\" style=\"text-align:center\"><img decoding=\"async\" src=\"https:\/\/demostore.ai\/wp-content\/uploads\/2025\/08\/Lego-2-600x600.png\" alt=\"A The LEGO Story k\u00f6nyv h\u00e1toldala, arch\u00edv LEGO fot\u00f3kkal \u00e9s le\u00edr\u00e1sokkal a term\u00e9k t\u00f6rt\u00e9net\u00e9r\u0151l.\" srcset=\"https:\/\/demostore.ai\/wp-content\/uploads\/2025\/08\/Lego-2.png 1000w, https:\/\/demostore.ai\/wp-content\/uploads\/2025\/08\/Lego-2-300x300.png 300w, https:\/\/demostore.ai\/wp-content\/uploads\/2025\/08\/Lego-2-150x150.png 150w, https:\/\/demostore.ai\/wp-content\/uploads\/2025\/08\/Lego-2-768x768.png 768w, https:\/\/demostore.ai\/wp-content\/uploads\/2025\/08\/Lego-2-600x600.png 600w, https:\/\/demostore.ai\/wp-content\/uploads\/2025\/08\/Lego-2-250x250.png 250w\"><figcaption>\n<p>A h\u00e1ts\u00f3 bor\u00edt\u00f3n sz\u00ednes LEGO-k\u00e9pek, klasszikus minifigur\u00e1k \u00e9s nosztalgikus id\u00e9zetek l\u00e1that\u00f3k, b\u0151 humorral \u00e9s retr\u00f3 hangulattal.<\/p>\n<\/figcaption><\/figure>\n<\/p><\/div>\n<section data-wtai-block-id=\"wtai_product_description_technical_specifications\" class=\"wtai-section wtai-technical_specifications-section\">\n<h3>R\u00e9szletek<\/h3>\n<ul>\n<li><strong>Kiad\u00e1s \u00e9ve<\/strong>: 2022<\/li>\n<li><strong>Form\u00e1tum<\/strong>: Kem\u00e9nyt\u00e1bl\u00e1s<\/li>\n<li><strong>Oldalsz\u00e1m<\/strong>: 384<\/li>\n<li><strong>Nyelv<\/strong>: Angol<\/li>\n<li><strong>M\u00e9ret<\/strong>: 9.25&quot; \u00d7 6.25&quot; \u00d7 1.38&quot;<\/li>\n<li><strong>T\u00f6meg<\/strong>: 28.22 oz<\/li>\n<li><strong>Szerz\u0151<\/strong>: Jens Andersen<\/li>\n<li><strong>Kiad\u00f3<\/strong>: Mariner Books<\/li>\n<\/ul>\n<\/section>\n<section data-wtai-block-id=\"wtai_product_description_custom_1\" class=\"wtai-section wtai-custom_1-section\">\n<h2>Kinek \u00e9s milyen alkalmakra aj\u00e1nlott a The LEGO Story k\u00f6nyv<\/h2>\n<ul>\n<li><strong>LEGO rajong\u00f3k<\/strong> \u2013 Elengedhetetlen olvasm\u00e1ny mindenkinek, akit leny\u0171g\u00f6z a kock\u00e1k vil\u00e1ga.<\/li>\n<li><strong>\u00dczleti gondolkod\u00f3k<\/strong> \u2013 Inspir\u00e1l\u00f3 p\u00e9lda az innov\u00e1ci\u00f3ra \u00e9s a m\u00e1rka\u00e9p\u00edt\u00e9s erej\u00e9re.<\/li>\n<li><strong>Aj\u00e1nd\u00e9koz\u00f3k<\/strong> \u2013 Ide\u00e1lis, tartalmas meglepet\u00e9s minden koroszt\u00e1ly sz\u00e1m\u00e1ra.<\/li>\n<\/ul>\n<\/section>\n<section data-wtai-block-id=\"wtai_product_description_custom_2\" class=\"wtai-section wtai-custom_2-section\">\n<h2>Jens Andersen: A LEGO Story szerz\u0151je \u00e9s kult\u00fart\u00f6rt\u00e9n\u00e9sz bemutat\u00e1sa<\/h2>\n<p>Jens Andersen d\u00e1n \u00edr\u00f3 \u00e9s irodalomkritikus, akinek m\u0171veit vil\u00e1gszerte elismerik m\u00e9lyrehat\u00f3 \u00e9s sz\u00ednes \u00e9letrajzai miatt.<\/p>\n<p>Sz\u00e1mos sikerk\u00f6nyvet \u00edrt, t\u00f6bbek k\u00f6z\u00f6tt Hans Christian Andersen \u00e9s Astrid Lindgren \u00e9let\u00e9r\u0151l is, mindig bemutatva a h\u00e9tk\u00f6znapi h\u0151siess\u00e9get.<\/p>\n<p>A The LEGO Story k\u00e9sz\u00edt\u00e9sekor Andersen egyed\u00fcl\u00e1ll\u00f3 betekint\u00e9st nyert a LEGO v\u00e1llalat arch\u00edvumaiba, exkluz\u00edv interj\u00fakat k\u00e9sz\u00edtett a csal\u00e1d tagjaival.<\/p>\n<p>St\u00edlus\u00e1t az alaposs\u00e1g \u00e9s k\u00f6nnyed elbesz\u00e9l\u00e9s jellemzik, \u00edgy sz\u00f3rakoztat\u00f3an vezet v\u00e9gig a LEGO vil\u00e1g\u00e1nak inspir\u00e1l\u00f3 t\u00f6rt\u00e9net\u00e9n.<\/p>\n<p>\u00cdr\u00e1sai a sz\u00f3rakoztat\u00e1s mellett val\u00f3di tud\u00e1st ny\u00fajtanak mindazoknak, akik k\u00edv\u00e1ncsiak arra, hogyan lett egy kis fa j\u00e1t\u00e9kb\u00f3l vil\u00e1gh\u00f3d\u00edt\u00f3 m\u00e1rka.<\/p>\n<\/section>\n<section data-wtai-block-id=\"wtai_product_description_faqs\" class=\"wtai-section wtai-faqs-section\">\n<h2>Gyakori k\u00e9rd\u00e9sek<\/h2>\n<p><strong>Kinek aj\u00e1nlott A LEGO Story c\u00edm\u0171 k\u00f6nyv?<\/strong><\/p>\n<p>Mindenkinek, aki \u00e9rdekl\u0151dik a j\u00e1t\u00e9kok t\u00f6rt\u00e9nete, inspir\u00e1l\u00f3 v\u00e1llalkoz\u00e1sok vagy kreat\u00edv gondolkod\u00e1s ir\u00e1nt \u2013 kort\u00f3l f\u00fcggetlen\u00fcl.<\/p>\n<p><strong>Angol nyelv\u0171 a kiad\u00e1s?<\/strong><\/p>\n<p>Igen, ez a kiad\u00e1s angol nyelv\u0171, \u00edgy azok sz\u00e1m\u00e1ra ide\u00e1lis, akik szeretn\u00e9k eredetiben olvasni a LEGO t\u00f6rt\u00e9net\u00e9t.<\/p>\n<p><strong>Aj\u00e1nlott aj\u00e1nd\u00e9knak LEGO-rajong\u00f3k sz\u00e1m\u00e1ra?<\/strong><\/p>\n<p>Igen, kiv\u00e1l\u00f3 aj\u00e1nd\u00e9k \u00f6tlet mindenkinek, aki szereti a LEGO-t, vagy vonz\u00f3dik az innovat\u00edv v\u00e1llalkoz\u00e1sok t\u00f6rt\u00e9neteihez.<\/p>\n<p><strong>Milyen st\u00edlusban \u00edr\u00f3dott a k\u00f6nyv?<\/strong><\/p>\n<p>A k\u00f6nyv olvasm\u00e1nyos, szellemes \u00e9s informat\u00edv st\u00edlus\u00fa, ami k\u00f6nnyeds\u00e9get \u00e9s \u00e9lm\u00e9nyt biztos\u00edt minden olvas\u00f3nak.<\/p>\n<\/section>\n<section data-wtai-block-id=\"wtai_product_description_conclusion\" class=\"wtai-section wtai-conclusion-section\">\n<h3>Fedezd fel a LEGO vil\u00e1g\u00e1t!<\/h3>\n<p><strong>Ez a k\u00f6nyv nemcsak a LEGO rajong\u00f3k sz\u00edv\u00e9t lopja el, hanem mindenkit inspir\u00e1l, akit \u00e9rdekel a kreativit\u00e1s ereje.<\/strong> <strong>Mer\u00fclj el egy vil\u00e1gh\u00edr\u0171 m\u00e1rka eredeti sikert\u00f6rt\u00e9net\u00e9ben, \u00e9s adj \u00faj lend\u00fcletet saj\u00e1t \u00f6tleteidnek.<\/strong> <strong>Ne hagyd ki ezt a k\u00fcl\u00f6nleges \u00e9lm\u00e9nyt \u2013 legyen a tied m\u00e9g ma!<\/strong><\/p>\n<\/section>\n","protected":false},"excerpt":{"rendered":"<div data-wtai-block-id=\"wtai_excerpt_subtitle\" class=\"wtai-section wtai-subtitle-section\">\n<p><em><strong>A fant\u00e1zia hat\u00e1rtalan birodalma egy ikonikus kock\u00e1b\u00f3l \u00e9p\u00edtve<\/strong><\/em><\/p>\n<\/p><\/div>\n<div data-wtai-block-id=\"wtai_excerpt_introduction\" class=\"wtai-section wtai-introduction-section\">\n<p>Egy j\u00f3 sztori mindig t\u00f6bb, mint els\u0151re gondoln\u00e1nk \u2013 k\u00fcl\u00f6n\u00f6sen, ha a LEGO-r\u00f3l van sz\u00f3. A The LEGO Story nemcsak a vil\u00e1g egyik legismertebb j\u00e1t\u00e9k\u00e1nak sz\u00fclet\u00e9s\u00e9t \u00e9s fejl\u0151d\u00e9s\u00e9t mes\u00e9li el, hanem egy olyan alkot\u00f3er\u0151t is bemutat, amely gener\u00e1ci\u00f3kat k\u00f6t \u00f6ssze. Mer\u00fclj el a h\u00edres s\u00e1rga kocka innovat\u00edv vil\u00e1g\u00e1ban, ismerd meg, hogyan v\u00e1lt egy apr\u00f3 j\u00e1t\u00e9k\u00f3ri\u00e1s inspir\u00e1ci\u00f3v\u00e1 minden koroszt\u00e1ly sz\u00e1m\u00e1ra \u2013 nemcsak gyermekeknek, hanem mindenkinek, aki szeret alkotni \u00e9s \u00e1lmodni.<\/p>\n<\/p><\/div>\n","protected":false},"featured_media":33554,"comment_status":"open","ping_status":"closed","template":"","meta":[],"product_brand":[],"product_cat":[141],"product_tag":[],"class_list":{"0":"post-36608","1":"product","2":"type-product","3":"status-publish","4":"has-post-thumbnail","6":"product_cat-konyvek-media","8":"first","9":"instock","10":"shipping-taxable","11":"purchasable","12":"product-type-simple"},"bundled_by":[],"bundle_stock_status":"instock","bundle_stock_quantity":null,"bundle_virtual":false,"bundle_layout":"","bundle_add_to_cart_form_location":"","bundle_editable_in_cart":false,"bundle_sold_individually_context":"","bundle_item_grouping":"","bundle_min_size":"","bundle_max_size":"","bundle_price":[],"bundled_items":[],"bundle_sell_ids":[],"yoast_head":"<!-- This site is optimized with the Yoast SEO plugin v25.2 - https:\/\/yoast.com\/wordpress\/plugins\/seo\/ -->\n<title>Top-Rated A LEGO Story Minden Gener\u00e1ci\u00f3nak<\/title>\n<meta name=\"description\" content=\"Szem\u00e9lyes visszaeml\u00e9kez\u00e9ssel \u00e9s izgalmas t\u00f6rt\u00e9nelmi \u00e1ttekint\u00e9ssel mutatja be a LEGO Story, hogyan v\u00e1ltoztatta meg a vil\u00e1got a kreativit\u00e1s ereje.\" \/>\n<meta name=\"robots\" content=\"index, follow, max-snippet:-1, max-image-preview:large, max-video-preview:-1\" \/>\n<link rel=\"canonical\" href=\"https:\/\/demostore.ai\/hu\/termek\/the-lego-story\/\" \/>\n<meta property=\"og:type\" content=\"article\" \/>\n<meta property=\"og:title\" content=\"Top-Rated A LEGO Story Minden Gener\u00e1ci\u00f3nak\" \/>\n<meta property=\"og:description\" content=\"Kifinomult, informat\u00edv k\u00f6nyv, amely a LEGO m\u00e1rka hihetetlen \u00fatj\u00e1t mutatja be. Fedezd fel a kreativit\u00e1s izgalmas vil\u00e1g\u00e1t, \u00e9s hagyd, hogy mag\u00e1val ragadjon a t\u00f6rt\u00e9net var\u00e1zsa.\" \/>\n<meta property=\"og:url\" content=\"https:\/\/demostore.ai\/hu\/termek\/the-lego-story\/\" \/>\n<meta property=\"og:site_name\" content=\"Trendy Thread\" \/>\n<meta property=\"article:modified_time\" content=\"2026-02-20T03:11:12+00:00\" \/>\n<meta property=\"og:image\" content=\"https:\/\/demostore.ai\/wp-content\/uploads\/2025\/08\/Lego-1.png\" \/>\n\t<meta property=\"og:image:width\" content=\"1000\" \/>\n\t<meta property=\"og:image:height\" content=\"1000\" \/>\n\t<meta property=\"og:image:type\" content=\"image\/png\" \/>\n<meta name=\"twitter:card\" content=\"summary_large_image\" \/>\n<meta name=\"twitter:title\" content=\"Top-Rated A LEGO Story Minden Gener\u00e1ci\u00f3nak\" \/>\n<meta name=\"twitter:description\" content=\"Kifinomult, informat\u00edv k\u00f6nyv, amely a LEGO m\u00e1rka hihetetlen \u00fatj\u00e1t mutatja be. Fedezd fel a kreativit\u00e1s izgalmas vil\u00e1g\u00e1t, \u00e9s hagyd, hogy mag\u00e1val ragadjon a t\u00f6rt\u00e9net var\u00e1zsa.\" \/>\n<meta name=\"twitter:label1\" content=\"Becs\u00fclt olvas\u00e1si id\u0151\" \/>\n\t<meta name=\"twitter:data1\" content=\"1 perc\" \/>\n<script type=\"application\/ld+json\" class=\"yoast-schema-graph\">{\"@context\":\"https:\/\/schema.org\",\"@graph\":[{\"@type\":\"WebPage\",\"@id\":\"https:\/\/demostore.ai\/hu\/termek\/the-lego-story\/\",\"url\":\"https:\/\/demostore.ai\/hu\/termek\/the-lego-story\/\",\"name\":\"Top-Rated A LEGO Story Minden Gener\u00e1ci\u00f3nak\",\"isPartOf\":{\"@id\":\"https:\/\/demostore.ai\/hu\/#website\"},\"primaryImageOfPage\":{\"@id\":\"https:\/\/demostore.ai\/hu\/termek\/the-lego-story\/#primaryimage\"},\"image\":{\"@id\":\"https:\/\/demostore.ai\/hu\/termek\/the-lego-story\/#primaryimage\"},\"thumbnailUrl\":\"https:\/\/demostore.ai\/wp-content\/uploads\/2025\/08\/Lego-1.png\",\"datePublished\":\"2025-08-06T00:42:58+00:00\",\"dateModified\":\"2026-02-20T03:11:12+00:00\",\"description\":\"Szem\u00e9lyes visszaeml\u00e9kez\u00e9ssel \u00e9s izgalmas t\u00f6rt\u00e9nelmi \u00e1ttekint\u00e9ssel mutatja be a LEGO Story, hogyan v\u00e1ltoztatta meg a vil\u00e1got a kreativit\u00e1s ereje.\",\"breadcrumb\":{\"@id\":\"https:\/\/demostore.ai\/hu\/termek\/the-lego-story\/#breadcrumb\"},\"inLanguage\":\"hu\",\"potentialAction\":[{\"@type\":\"ReadAction\",\"target\":[\"https:\/\/demostore.ai\/hu\/termek\/the-lego-story\/\"]}]},{\"@type\":\"ImageObject\",\"inLanguage\":\"hu\",\"@id\":\"https:\/\/demostore.ai\/hu\/termek\/the-lego-story\/#primaryimage\",\"url\":\"https:\/\/demostore.ai\/wp-content\/uploads\/2025\/08\/Lego-1.png\",\"contentUrl\":\"https:\/\/demostore.ai\/wp-content\/uploads\/2025\/08\/Lego-1.png\",\"width\":1000,\"height\":1000,\"caption\":\"A The LEGO Story k\u00f6nyv bor\u00edt\u00f3ja, s\u00e1rga h\u00e1tt\u00e9ren LEGO figura v\u00e1zlatrajz\u00e1val.\"},{\"@type\":\"BreadcrumbList\",\"@id\":\"https:\/\/demostore.ai\/hu\/termek\/the-lego-story\/#breadcrumb\",\"itemListElement\":[{\"@type\":\"ListItem\",\"position\":1,\"name\":\"F\u0151oldal\",\"item\":\"https:\/\/demostore.ai\/hu\/\"},{\"@type\":\"ListItem\",\"position\":2,\"name\":\"Bolt\",\"item\":\"https:\/\/demostore.ai\/hu\/bolt\/\"},{\"@type\":\"ListItem\",\"position\":3,\"name\":\"The LEGO Story\"}]},{\"@type\":\"WebSite\",\"@id\":\"https:\/\/demostore.ai\/hu\/#website\",\"url\":\"https:\/\/demostore.ai\/hu\/\",\"name\":\"Trendy Thread\",\"description\":\"WriteText.ai bemutat\u00f3bolt\",\"publisher\":{\"@id\":\"https:\/\/demostore.ai\/hu\/#organization\"},\"potentialAction\":[{\"@type\":\"SearchAction\",\"target\":{\"@type\":\"EntryPoint\",\"urlTemplate\":\"https:\/\/demostore.ai\/hu\/?s={search_term_string}\"},\"query-input\":{\"@type\":\"PropertyValueSpecification\",\"valueRequired\":true,\"valueName\":\"search_term_string\"}}],\"inLanguage\":\"hu\"},{\"@type\":\"Organization\",\"@id\":\"https:\/\/demostore.ai\/hu\/#organization\",\"name\":\"WriteText.ai\",\"url\":\"https:\/\/demostore.ai\/hu\/\",\"logo\":{\"@type\":\"ImageObject\",\"inLanguage\":\"hu\",\"@id\":\"https:\/\/demostore.ai\/hu\/#\/schema\/logo\/image\/\",\"url\":\"https:\/\/demostore.ai\/wp-content\/uploads\/2025\/10\/writetext_logo.webp\",\"contentUrl\":\"https:\/\/demostore.ai\/wp-content\/uploads\/2025\/10\/writetext_logo.webp\",\"width\":200,\"height\":34,\"caption\":\"WriteText.ai\"},\"image\":{\"@id\":\"https:\/\/demostore.ai\/hu\/#\/schema\/logo\/image\/\"}}]}<\/script>\n<!-- \/ Yoast SEO plugin. -->","yoast_head_json":{"title":"Top-Rated A LEGO Story Minden Gener\u00e1ci\u00f3nak","description":"Szem\u00e9lyes visszaeml\u00e9kez\u00e9ssel \u00e9s izgalmas t\u00f6rt\u00e9nelmi \u00e1ttekint\u00e9ssel mutatja be a LEGO Story, hogyan v\u00e1ltoztatta meg a vil\u00e1got a kreativit\u00e1s ereje.","robots":{"index":"index","follow":"follow","max-snippet":"max-snippet:-1","max-image-preview":"max-image-preview:large","max-video-preview":"max-video-preview:-1"},"canonical":"https:\/\/demostore.ai\/hu\/termek\/the-lego-story\/","og_type":"article","og_title":"Top-Rated A LEGO Story Minden Gener\u00e1ci\u00f3nak","og_description":"Kifinomult, informat\u00edv k\u00f6nyv, amely a LEGO m\u00e1rka hihetetlen \u00fatj\u00e1t mutatja be. Fedezd fel a kreativit\u00e1s izgalmas vil\u00e1g\u00e1t, \u00e9s hagyd, hogy mag\u00e1val ragadjon a t\u00f6rt\u00e9net var\u00e1zsa.","og_url":"https:\/\/demostore.ai\/hu\/termek\/the-lego-story\/","og_site_name":"Trendy Thread","article_modified_time":"2026-02-20T03:11:12+00:00","og_image":[{"width":1000,"height":1000,"url":"https:\/\/demostore.ai\/wp-content\/uploads\/2025\/08\/Lego-1.png","type":"image\/png"}],"twitter_card":"summary_large_image","twitter_title":"Top-Rated A LEGO Story Minden Gener\u00e1ci\u00f3nak","twitter_description":"Kifinomult, informat\u00edv k\u00f6nyv, amely a LEGO m\u00e1rka hihetetlen \u00fatj\u00e1t mutatja be. Fedezd fel a kreativit\u00e1s izgalmas vil\u00e1g\u00e1t, \u00e9s hagyd, hogy mag\u00e1val ragadjon a t\u00f6rt\u00e9net var\u00e1zsa.","twitter_misc":{"Becs\u00fclt olvas\u00e1si id\u0151":"1 perc"},"schema":{"@context":"https:\/\/schema.org","@graph":[{"@type":"WebPage","@id":"https:\/\/demostore.ai\/hu\/termek\/the-lego-story\/","url":"https:\/\/demostore.ai\/hu\/termek\/the-lego-story\/","name":"Top-Rated A LEGO Story Minden Gener\u00e1ci\u00f3nak","isPartOf":{"@id":"https:\/\/demostore.ai\/hu\/#website"},"primaryImageOfPage":{"@id":"https:\/\/demostore.ai\/hu\/termek\/the-lego-story\/#primaryimage"},"image":{"@id":"https:\/\/demostore.ai\/hu\/termek\/the-lego-story\/#primaryimage"},"thumbnailUrl":"https:\/\/demostore.ai\/wp-content\/uploads\/2025\/08\/Lego-1.png","datePublished":"2025-08-06T00:42:58+00:00","dateModified":"2026-02-20T03:11:12+00:00","description":"Szem\u00e9lyes visszaeml\u00e9kez\u00e9ssel \u00e9s izgalmas t\u00f6rt\u00e9nelmi \u00e1ttekint\u00e9ssel mutatja be a LEGO Story, hogyan v\u00e1ltoztatta meg a vil\u00e1got a kreativit\u00e1s ereje.","breadcrumb":{"@id":"https:\/\/demostore.ai\/hu\/termek\/the-lego-story\/#breadcrumb"},"inLanguage":"hu","potentialAction":[{"@type":"ReadAction","target":["https:\/\/demostore.ai\/hu\/termek\/the-lego-story\/"]}]},{"@type":"ImageObject","inLanguage":"hu","@id":"https:\/\/demostore.ai\/hu\/termek\/the-lego-story\/#primaryimage","url":"https:\/\/demostore.ai\/wp-content\/uploads\/2025\/08\/Lego-1.png","contentUrl":"https:\/\/demostore.ai\/wp-content\/uploads\/2025\/08\/Lego-1.png","width":1000,"height":1000,"caption":"A The LEGO Story k\u00f6nyv bor\u00edt\u00f3ja, s\u00e1rga h\u00e1tt\u00e9ren LEGO figura v\u00e1zlatrajz\u00e1val."},{"@type":"BreadcrumbList","@id":"https:\/\/demostore.ai\/hu\/termek\/the-lego-story\/#breadcrumb","itemListElement":[{"@type":"ListItem","position":1,"name":"F\u0151oldal","item":"https:\/\/demostore.ai\/hu\/"},{"@type":"ListItem","position":2,"name":"Bolt","item":"https:\/\/demostore.ai\/hu\/bolt\/"},{"@type":"ListItem","position":3,"name":"The LEGO Story"}]},{"@type":"WebSite","@id":"https:\/\/demostore.ai\/hu\/#website","url":"https:\/\/demostore.ai\/hu\/","name":"Trendy Thread","description":"WriteText.ai bemutat\u00f3bolt","publisher":{"@id":"https:\/\/demostore.ai\/hu\/#organization"},"potentialAction":[{"@type":"SearchAction","target":{"@type":"EntryPoint","urlTemplate":"https:\/\/demostore.ai\/hu\/?s={search_term_string}"},"query-input":{"@type":"PropertyValueSpecification","valueRequired":true,"valueName":"search_term_string"}}],"inLanguage":"hu"},{"@type":"Organization","@id":"https:\/\/demostore.ai\/hu\/#organization","name":"WriteText.ai","url":"https:\/\/demostore.ai\/hu\/","logo":{"@type":"ImageObject","inLanguage":"hu","@id":"https:\/\/demostore.ai\/hu\/#\/schema\/logo\/image\/","url":"https:\/\/demostore.ai\/wp-content\/uploads\/2025\/10\/writetext_logo.webp","contentUrl":"https:\/\/demostore.ai\/wp-content\/uploads\/2025\/10\/writetext_logo.webp","width":200,"height":34,"caption":"WriteText.ai"},"image":{"@id":"https:\/\/demostore.ai\/hu\/#\/schema\/logo\/image\/"}}]}},"_links":{"self":[{"href":"https:\/\/demostore.ai\/hu\/wp-json\/wp\/v2\/product\/36608","targetHints":{"allow":["GET"]}}],"collection":[{"href":"https:\/\/demostore.ai\/hu\/wp-json\/wp\/v2\/product"}],"about":[{"href":"https:\/\/demostore.ai\/hu\/wp-json\/wp\/v2\/types\/product"}],"replies":[{"embeddable":true,"href":"https:\/\/demostore.ai\/hu\/wp-json\/wp\/v2\/comments?post=36608"}],"wp:featuredmedia":[{"embeddable":true,"href":"https:\/\/demostore.ai\/hu\/wp-json\/wp\/v2\/media\/33554"}],"wp:attachment":[{"href":"https:\/\/demostore.ai\/hu\/wp-json\/wp\/v2\/media?parent=36608"}],"wp:term":[{"taxonomy":"product_brand","embeddable":true,"href":"https:\/\/demostore.ai\/hu\/wp-json\/wp\/v2\/product_brand?post=36608"},{"taxonomy":"product_cat","embeddable":true,"href":"https:\/\/demostore.ai\/hu\/wp-json\/wp\/v2\/product_cat?post=36608"},{"taxonomy":"product_tag","embeddable":true,"href":"https:\/\/demostore.ai\/hu\/wp-json\/wp\/v2\/product_tag?post=36608"}],"curies":[{"name":"wp","href":"https:\/\/api.w.org\/{rel}","templated":true}]}}