{"id":36517,"date":"2025-06-16T08:22:20","date_gmt":"2025-06-16T00:22:20","guid":{"rendered":"https:\/\/demostore.ai\/?post_type=product&#038;p=36517"},"modified":"2026-02-20T11:11:06","modified_gmt":"2026-02-20T03:11:06","slug":"dinoszauruszos-blu-rayek","status":"publish","type":"product","link":"https:\/\/demostore.ai\/hu\/termek\/dinoszauruszos-blu-rayek\/","title":{"rendered":"Dinoszaurusz Blu-ray"},"content":{"rendered":"<section data-wtai-block-id=\"wtai_product_description_features\" class=\"wtai-section wtai-features-section\">\n<h2>Kiemelt Jellemz\u0151k<\/h2>\n<ul>\n<li><strong>Leny\u0171g\u00f6z\u0151 3D \u00e9lm\u00e9ny<\/strong> \u2013 Teljesen belemer\u00fclhetsz a dinoszauruszok vil\u00e1g\u00e1ba r\u00e9szletgazdag, \u00e9leth\u0171 l\u00e1tv\u00e1nnyal.<\/li>\n<li><strong>T\u00f6bb film egy csomagban<\/strong> \u2013 Fedezd fel a Sea Rex, a Godzilla: Final Wars \u00e9s a Der Dino Planet filmeket egy helyen.<\/li>\n<li><strong>Blu-ray min\u0151s\u00e9g<\/strong> \u2013 Krist\u00e1lytiszta hang \u00e9s k\u00e9pmin\u0151s\u00e9g, ami m\u00e9g izgalmasabb\u00e1 teszi a kalandot.<\/li>\n<li><strong>V\u00e1ltozatos t\u00e9m\u00e1k<\/strong> \u2013 A dokumentumfilm, akci\u00f3 \u00e9s fantasy m\u0171fajai izgalmasan keverednek ebben a gy\u0171jtem\u00e9nyben.<\/li>\n<li><strong>K\u00fcl\u00f6nleges kiadv\u00e1ny<\/strong> \u2013 Egyedi bor\u00edt\u00f3k \u00e9s limit\u00e1lt gy\u0171jt\u0151i megjelen\u00e9s, amely b\u00e1rmilyen filmsarokba feldob.<\/li>\n<\/ul>\n<\/section>\n<div data-wtai-block-id=\"wtai_product_description_image_1\" class=\"wtai-section wtai-image_1-section\">\n<figure class=\"wtai-image-p wtai-align-center\" style=\"text-align:center\"><img decoding=\"async\" src=\"https:\/\/demostore.ai\/wp-content\/uploads\/2025\/06\/Blu-ray-set-2-600x293.png\" alt=\"H\u00e1rom Dinoszaurusz t\u00e9m\u00e1j\u00fa Blu-ray tok h\u00e1tlapja, l\u00e1tv\u00e1nyos bor\u00edt\u00f3k\u00e9pekkel \u00e9s le\u00edr\u00e1sokkal.\" srcset=\"https:\/\/demostore.ai\/wp-content\/uploads\/2025\/06\/Blu-ray-set-2.png 1000w, https:\/\/demostore.ai\/wp-content\/uploads\/2025\/06\/Blu-ray-set-2-300x147.png 300w, https:\/\/demostore.ai\/wp-content\/uploads\/2025\/06\/Blu-ray-set-2-768x376.png 768w, https:\/\/demostore.ai\/wp-content\/uploads\/2025\/06\/Blu-ray-set-2-600x293.png 600w\"><figcaption>\n<p>A h\u00e1rom Blu-ray tok sz\u00ednes din\u00f3s bor\u00edt\u00f3kat, izgalmas k\u00e9peket \u00e9s r\u00e9szletes ismertet\u0151ket mutat be.<\/p>\n<\/figcaption><\/figure>\n<\/p><\/div>\n<section data-wtai-block-id=\"wtai_product_description_technical_specifications\" class=\"wtai-section wtai-technical_specifications-section\">\n<h3>R\u00e9szletek<\/h3>\n<ul>\n<li><strong>Form\u00e1tum<\/strong>: Blu-ray<\/li>\n<li><strong>Lemezek sz\u00e1ma<\/strong>: 3<\/li>\n<li><strong>K\u00e9pmin\u0151s\u00e9g<\/strong>: 3D HD<\/li>\n<li><strong>Hang<\/strong>: T\u00f6bbnyelv\u0171 hangs\u00e1v<\/li>\n<li><strong>Felirat<\/strong>: El\u00e9rhet\u0151 t\u00f6bb nyelven<\/li>\n<li><strong>M\u0171faj<\/strong>: Dokumentumfilm, akci\u00f3, fantasy<\/li>\n<li><strong>Korhat\u00e1r<\/strong>: 12+<\/li>\n<li><strong>Csomagol\u00e1s<\/strong>: Egyedi, tart\u00f3s Blu-ray tokok<\/li>\n<\/ul>\n<\/section>\n<section data-wtai-block-id=\"wtai_product_description_custom_1\" class=\"wtai-section wtai-custom_1-section\">\n<h2>Kiknek \u00e9s mikor aj\u00e1nlott a Dinoszaurusz Blu-ray?<\/h2>\n<ul>\n<li><strong>Csal\u00e1di filmest\u00e9khez<\/strong> \u2013 Leny\u0171g\u00f6z\u0151 vizu\u00e1lis \u00e9lm\u00e9nyt k\u00edn\u00e1l minden koroszt\u00e1lynak.<\/li>\n<li><strong>Ismeretterjeszt\u0151 rajong\u00f3knak<\/strong> \u2013 Remek v\u00e1laszt\u00e1s azoknak, akiket \u00e9rdekelnek a tudom\u00e1nyos t\u00e9m\u00e1k.<\/li>\n<li><strong>3D-s filmgy\u0171jt\u0151knek<\/strong> \u2013 Egyedi darab a modern, l\u00e1tv\u00e1nyos kollekci\u00f3hoz.<\/li>\n<\/ul>\n<\/section>\n<section data-wtai-block-id=\"wtai_product_description_custom_2\" class=\"wtai-section wtai-custom_2-section\">\n<h2>A Dinoszaurusz Blu-ray rendez\u0151j\u00e9nek bemutat\u00e1sa<\/h2>\n<p>Ralph Zondag neve ismer\u0151sen cseng minden anim\u00e1ci\u00f3rajong\u00f3 sz\u00e1m\u00e1ra, hiszen karrierje sor\u00e1n t\u00f6bb korszakalkot\u00f3 filmet is megalkotott, k\u00f6zt\u00fck a Dinoasuruszt.<\/p>\n<p>A kanadai sz\u00fclet\u00e9s\u0171 rendez\u0151 a Sheridan College-ben saj\u00e1t\u00edtotta el az anim\u00e1ci\u00f3s szakma alapjait, majd olyan klasszikusokon dolgozott, mint Az \u0151sl\u00e9nyek orsz\u00e1ga \u00e9s Az \u00e9let csodasz\u00e9p.<\/p>\n<p>Legnagyobb \u00e1tt\u00f6r\u00e9s\u00e9t a Disney-n\u00e9l \u00e9rte el, ahol a Dinoszaurusz c\u00edm\u0171 filmmel forradalmas\u00edtotta a digit\u00e1lis anim\u00e1ci\u00f3t, \u00f6tv\u00f6zve a l\u00e1tv\u00e1nyos technol\u00f3gi\u00e1t \u00e9s az \u00e9rzelmes t\u00f6rt\u00e9netmes\u00e9l\u00e9st.<\/p>\n<p>Zondag munk\u00e1iban mindig felfedezhet\u0151 a dinoszauruszok ir\u00e1nti szenved\u00e9ly \u00e9s a r\u00e9szletgazdag anim\u00e1ci\u00f3s vil\u00e1g, amelyek minden gener\u00e1ci\u00f3 sz\u00e1m\u00e1ra izgalmass\u00e1 teszik filmjeit.<\/p>\n<p>A Dinoszaurusz Blu-ray \u00fajra felfedezhet\u0151v\u00e9 teszi ezt a k\u00fcl\u00f6nleges rendez\u0151i vil\u00e1got, \u00edgy t\u00f6k\u00e9letes v\u00e1laszt\u00e1s csal\u00e1di moziz\u00e1shoz \u00e9s sz\u00f3rakoztat\u00f3 est\u00e9kre.<\/p>\n<\/section>\n<section data-wtai-block-id=\"wtai_product_description_faqs\" class=\"wtai-section wtai-faqs-section\">\n<h2>Gyakran Ism\u00e9telt K\u00e9rd\u00e9sek<\/h2>\n<p><strong>Sz\u00fcks\u00e9ges 3D lej\u00e1tsz\u00f3 \u00e9s szem\u00fcveg a filmekhez?<\/strong><\/p>\n<p>Igen, a legjobb vizu\u00e1lis \u00e9lm\u00e9nyhez 3D-kompatibilis lej\u00e1tsz\u00f3ra \u00e9s 3D szem\u00fcvegre van sz\u00fcks\u00e9g.<\/p>\n<p><strong>Magyar nyelv \u00e9s felirat el\u00e9rhet\u0151?<\/strong><\/p>\n<p>A filmek t\u00f6bbnyelv\u0171 hangs\u00e1vval \u00e9s felirattal rendelkeznek, \u00edgy a legt\u00f6bb magyar n\u00e9z\u0151 \u00e9lvezheti \u0151ket.<\/p>\n<p><strong>Mit\u0151l k\u00fcl\u00f6nleges ez a Blu-ray csomag?<\/strong><\/p>\n<p>H\u00e1rom k\u00fcl\u00f6nb\u00f6z\u0151, n\u00e9pszer\u0171 dinoszauruszos film egy kiad\u00e1sban, egyedi bor\u00edt\u00f3val \u00e9s gy\u0171jt\u0151i megjelen\u00e9ssel.<\/p>\n<p><strong>J\u00f3 v\u00e1laszt\u00e1s csal\u00e1di filmez\u00e9shez?<\/strong><\/p>\n<p>A 12 \u00e9v feletti koroszt\u00e1ly sz\u00e1m\u00e1ra izgalmas \u00e9s ismeretterjeszt\u0151 program nagyszer\u0171 l\u00e1tv\u00e1nnyal.<\/p>\n<\/section>\n<section data-wtai-block-id=\"wtai_product_description_conclusion\" class=\"wtai-section wtai-conclusion-section\">\n<h3>Ne Maradj Le a Dinoszaurusz-kalandr\u00f3l!<\/h3>\n<p><strong>Ez a Blu-ray csomag igazi k\u00fcl\u00f6nlegess\u00e9g minden film- \u00e9s dinoszauruszrajong\u00f3nak. Gy\u0171jtem\u00e9nyes kiad\u00e1sk\u00e9nt egyszerre biztos\u00edt l\u00e1tv\u00e1nyos akci\u00f3t \u00e9s leny\u0171g\u00f6z\u0151 ismeretterjeszt\u00e9st.<\/strong> <strong>L\u00e9pj be a d\u00edn\u00f3k vil\u00e1g\u00e1ba, hagyd, hogy mag\u00e1val ragadjon a h\u00e1rom elt\u00e9r\u0151 st\u00edlus\u00fa film izgalma!<\/strong> <strong>Ne v\u00e1rj tov\u00e1bb, hogy ti\u00e9d legyen ez a dinamikus \u00e9lm\u00e9ny \u2013 szerezd be a Dinoszaurusz Blu-ray-t m\u00e9g ma!<\/strong><\/p>\n<\/section>\n","protected":false},"excerpt":{"rendered":"<div data-wtai-block-id=\"wtai_excerpt_subtitle\" class=\"wtai-section wtai-subtitle-section\">\n<p><em><strong>L\u00e9pj be a dinoszauruszok leny\u0171g\u00f6z\u0151, 3D-s vil\u00e1g\u00e1ba egyetlen lemezen!<\/strong><\/em><\/p>\n<\/p><\/div>\n<div data-wtai-block-id=\"wtai_excerpt_introduction\" class=\"wtai-section wtai-introduction-section\">\n<p>Van, amikor el\u00e9g egy pillant\u00e1s a bor\u00edt\u00f3ra, hogy tudjuk: most valami igaz\u00e1n izgalmas v\u00e1r r\u00e1nk. A Dinoszaurusz Blu-ray t\u00f6k\u00e9letes v\u00e1laszt\u00e1s mindenkinek, aki sz\u00edvesen barangolna vissza az \u0151skorba, ak\u00e1r izgalmas dokumentumfilmeken, ak\u00e1r epikus sz\u00f6rnyfilmeken kereszt\u00fcl, mindezt leny\u0171g\u00f6z\u0151 3D-s \u00e9lm\u00e9nyben. Kiv\u00e1l\u00f3 min\u0151s\u00e9g\u0171 k\u00e9ppel \u00e9s immersz\u00edv hangz\u00e1ssal gondoskodik a felejthetetlen csal\u00e1di vagy bar\u00e1ti moziz\u00e1sokr\u00f3l.<\/p>\n<\/p><\/div>\n","protected":false},"featured_media":17584,"comment_status":"open","ping_status":"closed","template":"","meta":[],"product_brand":[],"product_cat":[141],"product_tag":[],"class_list":{"0":"post-36517","1":"product","2":"type-product","3":"status-publish","4":"has-post-thumbnail","6":"product_cat-konyvek-media","8":"first","9":"instock","10":"shipping-taxable","11":"purchasable","12":"product-type-simple"},"bundled_by":[],"bundle_stock_status":"instock","bundle_stock_quantity":null,"bundle_virtual":false,"bundle_layout":"","bundle_add_to_cart_form_location":"","bundle_editable_in_cart":false,"bundle_sold_individually_context":"","bundle_item_grouping":"","bundle_min_size":"","bundle_max_size":"","bundle_price":[],"bundled_items":[],"bundle_sell_ids":[],"yoast_head":"<!-- This site is optimized with the Yoast SEO plugin v25.2 - https:\/\/yoast.com\/wordpress\/plugins\/seo\/ -->\n<title>Fedezd fel Dinoszaurusz Blu Ray Gy\u0171jtem\u00e9ny Akci\u00f3val<\/title>\n<meta name=\"description\" content=\"- Igaz\u00e1n l\u00e1tv\u00e1nyos \u00e9lm\u00e9nyt k\u00edn\u00e1l\u00f3 Blu-ray csomag h\u00e1rom dinoszauruszos filmmel 3D-ben, egyedi kiad\u00e1sban. Ide\u00e1lis v\u00e1laszt\u00e1s csal\u00e1di vagy bar\u00e1ti filmestekhez.\" \/>\n<meta name=\"robots\" content=\"index, follow, max-snippet:-1, max-image-preview:large, max-video-preview:-1\" \/>\n<link rel=\"canonical\" href=\"https:\/\/demostore.ai\/hu\/termek\/dinoszauruszos-blu-rayek\/\" \/>\n<meta property=\"og:type\" content=\"article\" \/>\n<meta property=\"og:title\" content=\"Fedezd fel Dinoszaurusz Blu Ray Gy\u0171jtem\u00e9ny Akci\u00f3val\" \/>\n<meta property=\"og:description\" content=\"Formabont\u00f3 Blu-ray gy\u0171jtem\u00e9ny h\u00e1rom dinoszauruszos filmmel, 3D HD l\u00e1tv\u00e1nnyal \u00e9s gy\u0171jt\u0151i bor\u00edt\u00f3val. K\u00fcl\u00f6nleges \u00e9lm\u00e9ny minden koroszt\u00e1ly sz\u00e1m\u00e1ra otthoni moziz\u00e1shoz.\" \/>\n<meta property=\"og:url\" content=\"https:\/\/demostore.ai\/hu\/termek\/dinoszauruszos-blu-rayek\/\" \/>\n<meta property=\"og:site_name\" content=\"Trendy Thread\" \/>\n<meta property=\"article:modified_time\" content=\"2026-02-20T03:11:06+00:00\" \/>\n<meta property=\"og:image\" content=\"https:\/\/demostore.ai\/wp-content\/uploads\/2025\/06\/Blu-ray-set-1.png\" \/>\n\t<meta property=\"og:image:width\" content=\"1000\" \/>\n\t<meta property=\"og:image:height\" content=\"489\" \/>\n\t<meta property=\"og:image:type\" content=\"image\/png\" \/>\n<meta name=\"twitter:card\" content=\"summary_large_image\" \/>\n<meta name=\"twitter:title\" content=\"Fedezd fel Dinoszaurusz Blu Ray Gy\u0171jtem\u00e9ny Akci\u00f3val\" \/>\n<meta name=\"twitter:description\" content=\"Formabont\u00f3 Blu-ray gy\u0171jtem\u00e9ny h\u00e1rom dinoszauruszos filmmel, 3D HD l\u00e1tv\u00e1nnyal \u00e9s gy\u0171jt\u0151i bor\u00edt\u00f3val. K\u00fcl\u00f6nleges \u00e9lm\u00e9ny minden koroszt\u00e1ly sz\u00e1m\u00e1ra otthoni moziz\u00e1shoz.\" \/>\n<meta name=\"twitter:label1\" content=\"Becs\u00fclt olvas\u00e1si id\u0151\" \/>\n\t<meta name=\"twitter:data1\" content=\"1 perc\" \/>\n<script type=\"application\/ld+json\" class=\"yoast-schema-graph\">{\"@context\":\"https:\/\/schema.org\",\"@graph\":[{\"@type\":\"WebPage\",\"@id\":\"https:\/\/demostore.ai\/hu\/termek\/dinoszauruszos-blu-rayek\/\",\"url\":\"https:\/\/demostore.ai\/hu\/termek\/dinoszauruszos-blu-rayek\/\",\"name\":\"Fedezd fel Dinoszaurusz Blu Ray Gy\u0171jtem\u00e9ny Akci\u00f3val\",\"isPartOf\":{\"@id\":\"https:\/\/demostore.ai\/hu\/#website\"},\"primaryImageOfPage\":{\"@id\":\"https:\/\/demostore.ai\/hu\/termek\/dinoszauruszos-blu-rayek\/#primaryimage\"},\"image\":{\"@id\":\"https:\/\/demostore.ai\/hu\/termek\/dinoszauruszos-blu-rayek\/#primaryimage\"},\"thumbnailUrl\":\"https:\/\/demostore.ai\/wp-content\/uploads\/2025\/06\/Blu-ray-set-1.png\",\"datePublished\":\"2025-06-16T00:22:20+00:00\",\"dateModified\":\"2026-02-20T03:11:06+00:00\",\"description\":\"- Igaz\u00e1n l\u00e1tv\u00e1nyos \u00e9lm\u00e9nyt k\u00edn\u00e1l\u00f3 Blu-ray csomag h\u00e1rom dinoszauruszos filmmel 3D-ben, egyedi kiad\u00e1sban. Ide\u00e1lis v\u00e1laszt\u00e1s csal\u00e1di vagy bar\u00e1ti filmestekhez.\",\"breadcrumb\":{\"@id\":\"https:\/\/demostore.ai\/hu\/termek\/dinoszauruszos-blu-rayek\/#breadcrumb\"},\"inLanguage\":\"hu\",\"potentialAction\":[{\"@type\":\"ReadAction\",\"target\":[\"https:\/\/demostore.ai\/hu\/termek\/dinoszauruszos-blu-rayek\/\"]}]},{\"@type\":\"ImageObject\",\"inLanguage\":\"hu\",\"@id\":\"https:\/\/demostore.ai\/hu\/termek\/dinoszauruszos-blu-rayek\/#primaryimage\",\"url\":\"https:\/\/demostore.ai\/wp-content\/uploads\/2025\/06\/Blu-ray-set-1.png\",\"contentUrl\":\"https:\/\/demostore.ai\/wp-content\/uploads\/2025\/06\/Blu-ray-set-1.png\",\"width\":1000,\"height\":489,\"caption\":\"H\u00e1rom dinoszauruszos Blu-ray lemez bor\u00edt\u00f3ja egy term\u00e9koldalon, k\u00f6z\u00e9pen Godzilla szerepel.\"},{\"@type\":\"BreadcrumbList\",\"@id\":\"https:\/\/demostore.ai\/hu\/termek\/dinoszauruszos-blu-rayek\/#breadcrumb\",\"itemListElement\":[{\"@type\":\"ListItem\",\"position\":1,\"name\":\"F\u0151oldal\",\"item\":\"https:\/\/demostore.ai\/hu\/\"},{\"@type\":\"ListItem\",\"position\":2,\"name\":\"Bolt\",\"item\":\"https:\/\/demostore.ai\/hu\/bolt\/\"},{\"@type\":\"ListItem\",\"position\":3,\"name\":\"Dinoszaurusz Blu-ray\"}]},{\"@type\":\"WebSite\",\"@id\":\"https:\/\/demostore.ai\/hu\/#website\",\"url\":\"https:\/\/demostore.ai\/hu\/\",\"name\":\"Trendy Thread\",\"description\":\"WriteText.ai bemutat\u00f3bolt\",\"publisher\":{\"@id\":\"https:\/\/demostore.ai\/hu\/#organization\"},\"potentialAction\":[{\"@type\":\"SearchAction\",\"target\":{\"@type\":\"EntryPoint\",\"urlTemplate\":\"https:\/\/demostore.ai\/hu\/?s={search_term_string}\"},\"query-input\":{\"@type\":\"PropertyValueSpecification\",\"valueRequired\":true,\"valueName\":\"search_term_string\"}}],\"inLanguage\":\"hu\"},{\"@type\":\"Organization\",\"@id\":\"https:\/\/demostore.ai\/hu\/#organization\",\"name\":\"WriteText.ai\",\"url\":\"https:\/\/demostore.ai\/hu\/\",\"logo\":{\"@type\":\"ImageObject\",\"inLanguage\":\"hu\",\"@id\":\"https:\/\/demostore.ai\/hu\/#\/schema\/logo\/image\/\",\"url\":\"https:\/\/demostore.ai\/wp-content\/uploads\/2025\/10\/writetext_logo.webp\",\"contentUrl\":\"https:\/\/demostore.ai\/wp-content\/uploads\/2025\/10\/writetext_logo.webp\",\"width\":200,\"height\":34,\"caption\":\"WriteText.ai\"},\"image\":{\"@id\":\"https:\/\/demostore.ai\/hu\/#\/schema\/logo\/image\/\"}}]}<\/script>\n<!-- \/ Yoast SEO plugin. -->","yoast_head_json":{"title":"Fedezd fel Dinoszaurusz Blu Ray Gy\u0171jtem\u00e9ny Akci\u00f3val","description":"- Igaz\u00e1n l\u00e1tv\u00e1nyos \u00e9lm\u00e9nyt k\u00edn\u00e1l\u00f3 Blu-ray csomag h\u00e1rom dinoszauruszos filmmel 3D-ben, egyedi kiad\u00e1sban. Ide\u00e1lis v\u00e1laszt\u00e1s csal\u00e1di vagy bar\u00e1ti filmestekhez.","robots":{"index":"index","follow":"follow","max-snippet":"max-snippet:-1","max-image-preview":"max-image-preview:large","max-video-preview":"max-video-preview:-1"},"canonical":"https:\/\/demostore.ai\/hu\/termek\/dinoszauruszos-blu-rayek\/","og_type":"article","og_title":"Fedezd fel Dinoszaurusz Blu Ray Gy\u0171jtem\u00e9ny Akci\u00f3val","og_description":"Formabont\u00f3 Blu-ray gy\u0171jtem\u00e9ny h\u00e1rom dinoszauruszos filmmel, 3D HD l\u00e1tv\u00e1nnyal \u00e9s gy\u0171jt\u0151i bor\u00edt\u00f3val. K\u00fcl\u00f6nleges \u00e9lm\u00e9ny minden koroszt\u00e1ly sz\u00e1m\u00e1ra otthoni moziz\u00e1shoz.","og_url":"https:\/\/demostore.ai\/hu\/termek\/dinoszauruszos-blu-rayek\/","og_site_name":"Trendy Thread","article_modified_time":"2026-02-20T03:11:06+00:00","og_image":[{"width":1000,"height":489,"url":"https:\/\/demostore.ai\/wp-content\/uploads\/2025\/06\/Blu-ray-set-1.png","type":"image\/png"}],"twitter_card":"summary_large_image","twitter_title":"Fedezd fel Dinoszaurusz Blu Ray Gy\u0171jtem\u00e9ny Akci\u00f3val","twitter_description":"Formabont\u00f3 Blu-ray gy\u0171jtem\u00e9ny h\u00e1rom dinoszauruszos filmmel, 3D HD l\u00e1tv\u00e1nnyal \u00e9s gy\u0171jt\u0151i bor\u00edt\u00f3val. K\u00fcl\u00f6nleges \u00e9lm\u00e9ny minden koroszt\u00e1ly sz\u00e1m\u00e1ra otthoni moziz\u00e1shoz.","twitter_misc":{"Becs\u00fclt olvas\u00e1si id\u0151":"1 perc"},"schema":{"@context":"https:\/\/schema.org","@graph":[{"@type":"WebPage","@id":"https:\/\/demostore.ai\/hu\/termek\/dinoszauruszos-blu-rayek\/","url":"https:\/\/demostore.ai\/hu\/termek\/dinoszauruszos-blu-rayek\/","name":"Fedezd fel Dinoszaurusz Blu Ray Gy\u0171jtem\u00e9ny Akci\u00f3val","isPartOf":{"@id":"https:\/\/demostore.ai\/hu\/#website"},"primaryImageOfPage":{"@id":"https:\/\/demostore.ai\/hu\/termek\/dinoszauruszos-blu-rayek\/#primaryimage"},"image":{"@id":"https:\/\/demostore.ai\/hu\/termek\/dinoszauruszos-blu-rayek\/#primaryimage"},"thumbnailUrl":"https:\/\/demostore.ai\/wp-content\/uploads\/2025\/06\/Blu-ray-set-1.png","datePublished":"2025-06-16T00:22:20+00:00","dateModified":"2026-02-20T03:11:06+00:00","description":"- Igaz\u00e1n l\u00e1tv\u00e1nyos \u00e9lm\u00e9nyt k\u00edn\u00e1l\u00f3 Blu-ray csomag h\u00e1rom dinoszauruszos filmmel 3D-ben, egyedi kiad\u00e1sban. Ide\u00e1lis v\u00e1laszt\u00e1s csal\u00e1di vagy bar\u00e1ti filmestekhez.","breadcrumb":{"@id":"https:\/\/demostore.ai\/hu\/termek\/dinoszauruszos-blu-rayek\/#breadcrumb"},"inLanguage":"hu","potentialAction":[{"@type":"ReadAction","target":["https:\/\/demostore.ai\/hu\/termek\/dinoszauruszos-blu-rayek\/"]}]},{"@type":"ImageObject","inLanguage":"hu","@id":"https:\/\/demostore.ai\/hu\/termek\/dinoszauruszos-blu-rayek\/#primaryimage","url":"https:\/\/demostore.ai\/wp-content\/uploads\/2025\/06\/Blu-ray-set-1.png","contentUrl":"https:\/\/demostore.ai\/wp-content\/uploads\/2025\/06\/Blu-ray-set-1.png","width":1000,"height":489,"caption":"H\u00e1rom dinoszauruszos Blu-ray lemez bor\u00edt\u00f3ja egy term\u00e9koldalon, k\u00f6z\u00e9pen Godzilla szerepel."},{"@type":"BreadcrumbList","@id":"https:\/\/demostore.ai\/hu\/termek\/dinoszauruszos-blu-rayek\/#breadcrumb","itemListElement":[{"@type":"ListItem","position":1,"name":"F\u0151oldal","item":"https:\/\/demostore.ai\/hu\/"},{"@type":"ListItem","position":2,"name":"Bolt","item":"https:\/\/demostore.ai\/hu\/bolt\/"},{"@type":"ListItem","position":3,"name":"Dinoszaurusz Blu-ray"}]},{"@type":"WebSite","@id":"https:\/\/demostore.ai\/hu\/#website","url":"https:\/\/demostore.ai\/hu\/","name":"Trendy Thread","description":"WriteText.ai bemutat\u00f3bolt","publisher":{"@id":"https:\/\/demostore.ai\/hu\/#organization"},"potentialAction":[{"@type":"SearchAction","target":{"@type":"EntryPoint","urlTemplate":"https:\/\/demostore.ai\/hu\/?s={search_term_string}"},"query-input":{"@type":"PropertyValueSpecification","valueRequired":true,"valueName":"search_term_string"}}],"inLanguage":"hu"},{"@type":"Organization","@id":"https:\/\/demostore.ai\/hu\/#organization","name":"WriteText.ai","url":"https:\/\/demostore.ai\/hu\/","logo":{"@type":"ImageObject","inLanguage":"hu","@id":"https:\/\/demostore.ai\/hu\/#\/schema\/logo\/image\/","url":"https:\/\/demostore.ai\/wp-content\/uploads\/2025\/10\/writetext_logo.webp","contentUrl":"https:\/\/demostore.ai\/wp-content\/uploads\/2025\/10\/writetext_logo.webp","width":200,"height":34,"caption":"WriteText.ai"},"image":{"@id":"https:\/\/demostore.ai\/hu\/#\/schema\/logo\/image\/"}}]}},"_links":{"self":[{"href":"https:\/\/demostore.ai\/hu\/wp-json\/wp\/v2\/product\/36517","targetHints":{"allow":["GET"]}}],"collection":[{"href":"https:\/\/demostore.ai\/hu\/wp-json\/wp\/v2\/product"}],"about":[{"href":"https:\/\/demostore.ai\/hu\/wp-json\/wp\/v2\/types\/product"}],"replies":[{"embeddable":true,"href":"https:\/\/demostore.ai\/hu\/wp-json\/wp\/v2\/comments?post=36517"}],"wp:featuredmedia":[{"embeddable":true,"href":"https:\/\/demostore.ai\/hu\/wp-json\/wp\/v2\/media\/17584"}],"wp:attachment":[{"href":"https:\/\/demostore.ai\/hu\/wp-json\/wp\/v2\/media?parent=36517"}],"wp:term":[{"taxonomy":"product_brand","embeddable":true,"href":"https:\/\/demostore.ai\/hu\/wp-json\/wp\/v2\/product_brand?post=36517"},{"taxonomy":"product_cat","embeddable":true,"href":"https:\/\/demostore.ai\/hu\/wp-json\/wp\/v2\/product_cat?post=36517"},{"taxonomy":"product_tag","embeddable":true,"href":"https:\/\/demostore.ai\/hu\/wp-json\/wp\/v2\/product_tag?post=36517"}],"curies":[{"name":"wp","href":"https:\/\/api.w.org\/{rel}","templated":true}]}}