{"id":36329,"date":"2025-07-28T06:54:10","date_gmt":"2025-07-27T22:54:10","guid":{"rendered":"https:\/\/demostore.ai\/?post_type=product&#038;p=36329"},"modified":"2026-02-20T11:29:31","modified_gmt":"2026-02-20T03:29:31","slug":"ezust-nyaklanc-nyitott-gallerral","status":"publish","type":"product","link":"https:\/\/demostore.ai\/hu\/termek\/ezust-nyaklanc-nyitott-gallerral\/","title":{"rendered":"Ez\u00fcst Nyakl\u00e1nc Nyitott Gall\u00e9rral"},"content":{"rendered":"<section data-wtai-block-id=\"wtai_product_description_features\" class=\"wtai-section wtai-features-section\">\n<h2>Az Ez\u00fcst Nyakl\u00e1nc Nyitott Gall\u00e9rral F\u0151 Jellemz\u0151i<\/h2>\n<ul>\n<li><strong>Anyag:<\/strong> Tiszt\u00edtott ez\u00fcst, amely hosszan tart\u00f3 f\u00e9nyt \u00e9s min\u0151s\u00e9get biztos\u00edt<\/li>\n<li><strong>Diz\u00e1jn:<\/strong> Nyitott gall\u00e9r form\u00e1j\u00fa, modern \u00e9s eleg\u00e1ns kialak\u00edt\u00e1ssal<\/li>\n<li><strong>Fel\u00fclet:<\/strong> Finoman textur\u00e1lt r\u00e9szletek a gall\u00e9r als\u00f3 r\u00e9sz\u00e9n, extra vizu\u00e1lis vonzer\u0151vel<\/li>\n<li><strong>Z\u00e1r\u00f3d\u00e1s:<\/strong> Z\u00e1r n\u00e9lk\u00fcli, nyitott kialak\u00edt\u00e1s a k\u00e9nyelmes viselet\u00e9rt \u00e9s k\u00f6nny\u0171 felhelyez\u00e9s\u00e9rt<\/li>\n<li><strong>Formavil\u00e1g:<\/strong> Egyedi, \u00edvelt \u00e9s gy\u0171r\u0171 alak\u00fa v\u00e9gekkel, amelyek kiemelik a dekolt\u00e1zst<\/li>\n<li><strong>K\u00e9zimunka:<\/strong> Gondos k\u00e9zi megmunk\u00e1l\u00e1s a klasszikus elegancia megteremt\u00e9s\u00e9\u00e9rt<\/li>\n<\/ul>\n<\/section>\n<div data-wtai-block-id=\"wtai_product_description_image_1753853427907\" class=\"wtai-section wtai-image_1753853427907-section\">\n<figure class=\"wtai-image-p wtai-align-center\" style=\"text-align:center\"><img decoding=\"async\" src=\"https:\/\/demostore.ai\/wp-content\/uploads\/2025\/07\/2-Silver-Open-Collar-Necklace-with-Textured-Loop-Accent-1-600x354.png\" alt=\"Ez\u00fcst nyitott gall\u00e9ros nyakl\u00e1nc d\u00edsz\u00edtett fel\u00fclettel, eleg\u00e1ns \u00e9kszer term\u00e9koldalon.\" srcset=\"https:\/\/demostore.ai\/wp-content\/uploads\/2025\/07\/2-Silver-Open-Collar-Necklace-with-Textured-Loop-Accent-1.png 969w, https:\/\/demostore.ai\/wp-content\/uploads\/2025\/07\/2-Silver-Open-Collar-Necklace-with-Textured-Loop-Accent-1-300x177.png 300w, https:\/\/demostore.ai\/wp-content\/uploads\/2025\/07\/2-Silver-Open-Collar-Necklace-with-Textured-Loop-Accent-1-768x453.png 768w, https:\/\/demostore.ai\/wp-content\/uploads\/2025\/07\/2-Silver-Open-Collar-Necklace-with-Textured-Loop-Accent-1-600x354.png 600w\"><figcaption>\n<p>A d\u00edsz\u00edtett, nyitott gall\u00e9r klasszikus, k\u00e9zzel v\u00e9sett mint\u00e1ival a tekintetet azonnal mag\u00e1ra vonja.<\/p>\n<\/figcaption><\/figure>\n<\/p><\/div>\n<section data-wtai-block-id=\"wtai_product_description_use_cases\" class=\"wtai-section wtai-use_cases-section\">\n<h2>Mikor \u00e9s Hogyan Viseld az Ez\u00fcst Nyakl\u00e1ncot<\/h2>\n<ul>\n<li>Eleg\u00e1ns esem\u00e9nyekhez, ahol egy k\u00fcl\u00f6nleges kieg\u00e9sz\u00edt\u0151re van sz\u00fcks\u00e9g, hogy emeld a klasszikus st\u00edlust<\/li>\n<li>Munkahelyi \u00f6lt\u00f6z\u00e9khez is illeszkedik, finoman hangs\u00falyozva a professzion\u00e1lis megjelen\u00e9st<\/li>\n<li>Egyszer\u0171 fels\u0151k vagy bl\u00fazok mell\u00e9 ide\u00e1lis, \u00edgy kiemeli a nyakkiv\u00e1g\u00e1s vonal\u00e1t<\/li>\n<li>R\u00e9tegezhet\u0151 m\u00e1s v\u00e9kony, ez\u00fcst \u00e9kszerekkel, hogy trendi \u00e9s \u00f6sszetett \u00f6ssze\u00e1ll\u00edt\u00e1st \u00e9rj el<\/li>\n<li>Aj\u00e1nd\u00e9knak is kiv\u00e1l\u00f3 n\u0151i csal\u00e1dtagoknak vagy bar\u00e1toknak, id\u0151tlen st\u00edlusa miatt sosem megy ki a divatb\u00f3l<\/li>\n<\/ul>\n<\/section>\n<section data-wtai-block-id=\"wtai_product_description_custom_1754204236758\" class=\"wtai-section wtai-custom_1754204236758-section\">\n<h2>Mikor \u00e9rdemes viselni az Ez\u00fcst Nyakl\u00e1ncot Nyitott Gall\u00e9rral?<\/h2>\n<ul>\n<li><strong>K\u00fcl\u00f6nleges alkalmak<\/strong> \u2013 Felt\u0171n\u0151 kieg\u00e9sz\u00edt\u0151je lehet egy exkluz\u00edv rendezv\u00e9nynek vagy est\u00e9lynek, amikor igaz\u00e1n szeretn\u00e9l kit\u0171nni.<\/li>\n<li><strong>Aj\u00e1nd\u00e9koz\u00e1s szeretteidnek<\/strong> \u2013 Egyedi \u00e9s \u00e9rt\u00e9kes meglepet\u00e9s sz\u00fclet\u00e9snapra, \u00e9vfordul\u00f3ra vagy \u00fcnnepi alkalmakra.<\/li>\n<li><strong>Mindennapi elegancia<\/strong> \u2013 St\u00edlusos v\u00e1laszt\u00e1s az irod\u00e1ba vagy egy bar\u00e1ti k\u00e1v\u00e9z\u00e1sra, amikor term\u00e9szetes, de m\u00e9gis k\u00fcl\u00f6nleges megjelen\u00e9st szeretn\u00e9l.<\/li>\n<li><strong>Divatos r\u00e9tegez\u00e9s<\/strong> \u2013 T\u00f6k\u00e9letes alapdarab, ha szereted k\u00fcl\u00f6nb\u00f6z\u0151 \u00e9kszereket egy\u00fctt viselni \u00e9s kreat\u00edv, egyedi \u00f6sszhat\u00e1st el\u00e9rni.<\/li>\n<li><strong>\u00dcnnepi vacsora vagy csal\u00e1di esem\u00e9ny<\/strong> \u2013 Eleg\u00e1nsan hangs\u00falyozza a dekolt\u00e1zst ak\u00e1r a legegyszer\u0171bb ruh\u00e1ban is.<\/li>\n<li><strong>Divatbemutat\u00f3 vagy kreat\u00edv fot\u00f3z\u00e1s<\/strong> \u2013 K\u00fcl\u00f6nleges form\u00e1ja miatt igaz\u00e1n modern \u00e9s m\u0171v\u00e9szi hat\u00e1st ad minden \u00f6ssze\u00e1ll\u00edt\u00e1snak.<\/li>\n<\/ul>\n<\/section>\n<section data-wtai-block-id=\"wtai_product_description_custom_1753164383380\" class=\"wtai-section wtai-custom_1753164383380-section\">\n<h3>Ez\u00fcst Nyakl\u00e1nc \u00e1pol\u00e1si tan\u00e1csok<\/h3>\n<ul>\n<li>Finoman t\u00f6r\u00f6lje \u00e1t a nyakl\u00e1ncot minden visel\u00e9s ut\u00e1n puha, sz\u00e1raz ruh\u00e1val, hogy meg\u0151rizze f\u00e9ny\u00e9t \u00e9s t\u00e1vol tartsa a szennyez\u0151d\u00e9seket.<\/li>\n<li>T\u00e1rolja a nyakl\u00e1ncot k\u00fcl\u00f6n dobozban vagy tasakban, elker\u00fclve a nedvess\u00e9get \u00e9s az \u00e9kszerek \u00f6sszekarcol\u00f3d\u00e1s\u00e1t.<\/li>\n<li>Ker\u00fclje a nyakl\u00e1nc v\u00edzzel, kozmetikumokkal vagy vegyszerekkel val\u00f3 \u00e9rintkez\u00e9s\u00e9t, \u00edgy elker\u00fclheti az elsz\u00ednez\u0151d\u00e9st \u00e9s a k\u00e1rosod\u00e1st.<\/li>\n<\/ul>\n<\/section>\n<div data-wtai-block-id=\"wtai_product_description_image_1753853450366\" class=\"wtai-section wtai-image_1753853450366-section\">\n<figure class=\"wtai-image-p wtai-align-center\" style=\"text-align:center\"><img decoding=\"async\" src=\"https:\/\/demostore.ai\/wp-content\/uploads\/2025\/07\/4-Silver-Open-Collar-Necklace-with-Textured-Loop-Accent-600x354.png\" alt=\"Ez\u00fcst nyitott gall\u00e9ros nyakl\u00e1nc d\u00edszes, v\u00e9sett mint\u00e1val, term\u00e9kfot\u00f3 feh\u00e9r h\u00e1tt\u00e9ren.\" srcset=\"https:\/\/demostore.ai\/wp-content\/uploads\/2025\/07\/4-Silver-Open-Collar-Necklace-with-Textured-Loop-Accent.png 969w, https:\/\/demostore.ai\/wp-content\/uploads\/2025\/07\/4-Silver-Open-Collar-Necklace-with-Textured-Loop-Accent-300x177.png 300w, https:\/\/demostore.ai\/wp-content\/uploads\/2025\/07\/4-Silver-Open-Collar-Necklace-with-Textured-Loop-Accent-768x453.png 768w, https:\/\/demostore.ai\/wp-content\/uploads\/2025\/07\/4-Silver-Open-Collar-Necklace-with-Textured-Loop-Accent-600x354.png 600w\"><figcaption>\n<p>Az ez\u00fcst fel\u00fclet eleg\u00e1nsan csillog, apr\u00f3l\u00e9kos d\u00edsz\u00edt\u00e9se egyedi, id\u0151tlen karaktert \u00e1raszt.<\/p>\n<\/figcaption><\/figure>\n<\/p><\/div>\n<section data-wtai-block-id=\"wtai_product_description_faqs\" class=\"wtai-section wtai-faqs-section\">\n<h2>Gyakran Ism\u00e9telt K\u00e9rd\u00e9sek<\/h2>\n<p><strong>Milyen anyagb\u00f3l k\u00e9sz\u00fclt a nyakl\u00e1nc?<\/strong> <br \/> Tiszt\u00edtott ez\u00fcstb\u0151l k\u00e9sz\u00fclt, amely tart\u00f3s \u00e9s hipoallerg\u00e9n.<\/p>\n<p><strong>K\u00e9nyelmes a mindennapi visel\u00e9sre?<\/strong> <br \/> Igen, a nyitott gall\u00e9r forma egyszer\u0171en illeszkedik a nyakhoz, k\u00e9nyelmesen hordhat\u00f3 eg\u00e9sz nap.<\/p>\n<p><strong>Hogyan t\u00e1roljam, hogy ne karcol\u00f3djon?<\/strong> <br \/> Puha \u00e9kszert\u00e1rol\u00f3ban vagy egy k\u00fcl\u00f6n tasakban aj\u00e1nlott tartani, hogy v\u00e9dje a fel\u00fclet\u00e9t.<\/p>\n<p><strong>Aj\u00e1nd\u00e9knak is j\u00f3 v\u00e1laszt\u00e1s?<\/strong> <br \/> Id\u0151t\u00e1ll\u00f3 diz\u00e1jnja miatt t\u00f6k\u00e9letes aj\u00e1nd\u00e9k minden koroszt\u00e1lynak.<\/p>\n<\/section>\n<section data-wtai-block-id=\"wtai_product_description_conclusion\" class=\"wtai-section wtai-conclusion-section\">\n<h2>Tal\u00e1ld Meg \u00daj Kedvenc \u00c9kszeredet<\/h2>\n<p><strong>Ez a nyitott gall\u00e9r ez\u00fcst nyakl\u00e1nc egyedi \u00e9s letisztult st\u00edlust ad minden \u00f6lt\u00f6z\u00e9khez.<\/strong> <strong>Finom kidolgozotts\u00e1ga \u00e9s modern formavil\u00e1ga miatt hamar a kedvencedd\u00e9 v\u00e1lhat.<\/strong> <strong>Ne maradj le err\u0151l a k\u00fcl\u00f6nleges darabr\u00f3l, szerezd be ma, \u00e9s tedd teljess\u00e9 vele az \u00e9kszergy\u0171jtem\u00e9nyed!<\/strong><\/p>\n<\/section>\n","protected":false},"excerpt":{"rendered":"<div data-wtai-block-id=\"wtai_excerpt_subtitle\" class=\"wtai-section wtai-subtitle-section\">\n<p><em><strong>Finoman \u00edvelt elegancia, amely k\u00fcl\u00f6nlegess\u00e9 teszi a mindennapokat.<\/strong><\/em><\/p>\n<\/p><\/div>\n<div data-wtai-block-id=\"wtai_excerpt_introduction\" class=\"wtai-section wtai-introduction-section\">\n<p>Sokszor csak egy apr\u00f3 r\u00e9szlet hi\u00e1nyzik az \u00f6sszhat\u00e1shoz \u2013 egy finoman kidolgozott ez\u00fcst nyakl\u00e1nc pontosan ilyen. Letisztult, modern form\u00e1ja egyedi karaktert k\u00f6lcs\u00f6n\u00f6z visel\u0151j\u00e9nek, mik\u00f6zben harmonikusan illeszkedik b\u00e1rmilyen st\u00edlushoz. A nyitott gall\u00e9r elrendez\u00e9se j\u00e1t\u00e9kos, m\u00e9gis eleg\u00e1ns megjelen\u00e9st teremt, \u00edgy gyorsan kedvenc darabb\u00e1 v\u00e1lhat. Az ilyen darabok \u00f6r\u00f6k \u00e9rt\u00e9ket k\u00e9pviselnek \u00e9s \u00f6sszek\u00f6tnek benn\u00fcnket \u00f6nmagunkkal \u2013 minden alkalommal eml\u00e9keztetve arra, mennyire k\u00fcl\u00f6nlegesek vagyunk.<\/p>\n<\/p><\/div>\n","protected":false},"featured_media":33010,"comment_status":"open","ping_status":"closed","template":"","meta":[],"product_brand":[],"product_cat":[302],"product_tag":[],"class_list":{"0":"post-36329","1":"product","2":"type-product","3":"status-publish","4":"has-post-thumbnail","6":"product_cat-ekszerek","8":"first","9":"instock","10":"shipping-taxable","11":"purchasable","12":"product-type-simple"},"bundled_by":[],"bundle_stock_status":"instock","bundle_stock_quantity":null,"bundle_virtual":false,"bundle_layout":"","bundle_add_to_cart_form_location":"","bundle_editable_in_cart":false,"bundle_sold_individually_context":"","bundle_item_grouping":"","bundle_min_size":"","bundle_max_size":"","bundle_price":[],"bundled_items":[],"bundle_sell_ids":[],"yoast_head":"<!-- This site is optimized with the Yoast SEO plugin v25.2 - https:\/\/yoast.com\/wordpress\/plugins\/seo\/ -->\n<title>Act now Ez\u00fcst Nyakl\u00e1nc Nyitott Gall\u00e9rral K\u00fcl\u00f6nleges Eleganci\u00e1val<\/title>\n<meta name=\"description\" content=\"Kifinomults\u00e1g \u00e9s modern elegancia egyes\u00fcl ebben az ez\u00fcst nyitott gall\u00e9r nyakl\u00e1ncban. K\u00f6nny\u0171, k\u00e9nyelmes viselet, eleg\u00e1ns formatervez\u00e9ssel \u00e9s l\u00e1tv\u00e1nyos r\u00e9szletekkel.\" \/>\n<meta name=\"robots\" content=\"index, follow, max-snippet:-1, max-image-preview:large, max-video-preview:-1\" \/>\n<link rel=\"canonical\" href=\"https:\/\/demostore.ai\/hu\/termek\/ezust-nyaklanc-nyitott-gallerral\/\" \/>\n<meta property=\"og:type\" content=\"article\" \/>\n<meta property=\"og:title\" content=\"Act now Ez\u00fcst Nyakl\u00e1nc Nyitott Gall\u00e9rral K\u00fcl\u00f6nleges Eleganci\u00e1val\" \/>\n<meta property=\"og:description\" content=\"Kiemelked\u0151 st\u00edlus \u00e9s klasszikus elegancia \u00f6tv\u00f6z\u0151dik ebben az ez\u00fcst nyitott gall\u00e9r nyakl\u00e1ncban. Modern, k\u00e9nyelmes kialak\u00edt\u00e1s, amely remek\u00fcl illeszkedik mindennapi \u00e9s alkalmi viselethez is.\" \/>\n<meta property=\"og:url\" content=\"https:\/\/demostore.ai\/hu\/termek\/ezust-nyaklanc-nyitott-gallerral\/\" \/>\n<meta property=\"og:site_name\" content=\"Trendy Thread\" \/>\n<meta property=\"article:modified_time\" content=\"2026-02-20T03:29:31+00:00\" \/>\n<meta property=\"og:image\" content=\"https:\/\/demostore.ai\/wp-content\/uploads\/2025\/07\/1-Silver-Open-Collar-Necklace-with-Textured-Loop-Accent-2.png\" \/>\n\t<meta property=\"og:image:width\" content=\"1000\" \/>\n\t<meta property=\"og:image:height\" content=\"1148\" \/>\n\t<meta property=\"og:image:type\" content=\"image\/png\" \/>\n<meta name=\"twitter:card\" content=\"summary_large_image\" \/>\n<meta name=\"twitter:title\" content=\"Act now Ez\u00fcst Nyakl\u00e1nc Nyitott Gall\u00e9rral K\u00fcl\u00f6nleges Eleganci\u00e1val\" \/>\n<meta name=\"twitter:description\" content=\"Kiemelked\u0151 st\u00edlus \u00e9s klasszikus elegancia \u00f6tv\u00f6z\u0151dik ebben az ez\u00fcst nyitott gall\u00e9r nyakl\u00e1ncban. Modern, k\u00e9nyelmes kialak\u00edt\u00e1s, amely remek\u00fcl illeszkedik mindennapi \u00e9s alkalmi viselethez is.\" \/>\n<meta name=\"twitter:label1\" content=\"Becs\u00fclt olvas\u00e1si id\u0151\" \/>\n\t<meta name=\"twitter:data1\" content=\"1 perc\" \/>\n<script type=\"application\/ld+json\" class=\"yoast-schema-graph\">{\"@context\":\"https:\/\/schema.org\",\"@graph\":[{\"@type\":\"WebPage\",\"@id\":\"https:\/\/demostore.ai\/hu\/termek\/ezust-nyaklanc-nyitott-gallerral\/\",\"url\":\"https:\/\/demostore.ai\/hu\/termek\/ezust-nyaklanc-nyitott-gallerral\/\",\"name\":\"Act now Ez\u00fcst Nyakl\u00e1nc Nyitott Gall\u00e9rral K\u00fcl\u00f6nleges Eleganci\u00e1val\",\"isPartOf\":{\"@id\":\"https:\/\/demostore.ai\/hu\/#website\"},\"primaryImageOfPage\":{\"@id\":\"https:\/\/demostore.ai\/hu\/termek\/ezust-nyaklanc-nyitott-gallerral\/#primaryimage\"},\"image\":{\"@id\":\"https:\/\/demostore.ai\/hu\/termek\/ezust-nyaklanc-nyitott-gallerral\/#primaryimage\"},\"thumbnailUrl\":\"https:\/\/demostore.ai\/wp-content\/uploads\/2025\/07\/1-Silver-Open-Collar-Necklace-with-Textured-Loop-Accent-2.png\",\"datePublished\":\"2025-07-27T22:54:10+00:00\",\"dateModified\":\"2026-02-20T03:29:31+00:00\",\"description\":\"Kifinomults\u00e1g \u00e9s modern elegancia egyes\u00fcl ebben az ez\u00fcst nyitott gall\u00e9r nyakl\u00e1ncban. K\u00f6nny\u0171, k\u00e9nyelmes viselet, eleg\u00e1ns formatervez\u00e9ssel \u00e9s l\u00e1tv\u00e1nyos r\u00e9szletekkel.\",\"breadcrumb\":{\"@id\":\"https:\/\/demostore.ai\/hu\/termek\/ezust-nyaklanc-nyitott-gallerral\/#breadcrumb\"},\"inLanguage\":\"hu\",\"potentialAction\":[{\"@type\":\"ReadAction\",\"target\":[\"https:\/\/demostore.ai\/hu\/termek\/ezust-nyaklanc-nyitott-gallerral\/\"]}]},{\"@type\":\"ImageObject\",\"inLanguage\":\"hu\",\"@id\":\"https:\/\/demostore.ai\/hu\/termek\/ezust-nyaklanc-nyitott-gallerral\/#primaryimage\",\"url\":\"https:\/\/demostore.ai\/wp-content\/uploads\/2025\/07\/1-Silver-Open-Collar-Necklace-with-Textured-Loop-Accent-2.png\",\"contentUrl\":\"https:\/\/demostore.ai\/wp-content\/uploads\/2025\/07\/1-Silver-Open-Collar-Necklace-with-Textured-Loop-Accent-2.png\",\"width\":1000,\"height\":1148,\"caption\":\"Ez\u00fcst nyitott gall\u00e9ros nyakl\u00e1nc d\u00edsz\u00edtett v\u00e9gekkel, term\u00e9kfot\u00f3 feh\u00e9r h\u00e1tt\u00e9ren.\"},{\"@type\":\"BreadcrumbList\",\"@id\":\"https:\/\/demostore.ai\/hu\/termek\/ezust-nyaklanc-nyitott-gallerral\/#breadcrumb\",\"itemListElement\":[{\"@type\":\"ListItem\",\"position\":1,\"name\":\"F\u0151oldal\",\"item\":\"https:\/\/demostore.ai\/hu\/\"},{\"@type\":\"ListItem\",\"position\":2,\"name\":\"Bolt\",\"item\":\"https:\/\/demostore.ai\/hu\/bolt\/\"},{\"@type\":\"ListItem\",\"position\":3,\"name\":\"Ez\u00fcst Nyakl\u00e1nc Nyitott Gall\u00e9rral\"}]},{\"@type\":\"WebSite\",\"@id\":\"https:\/\/demostore.ai\/hu\/#website\",\"url\":\"https:\/\/demostore.ai\/hu\/\",\"name\":\"Trendy Thread\",\"description\":\"WriteText.ai bemutat\u00f3bolt\",\"publisher\":{\"@id\":\"https:\/\/demostore.ai\/hu\/#organization\"},\"potentialAction\":[{\"@type\":\"SearchAction\",\"target\":{\"@type\":\"EntryPoint\",\"urlTemplate\":\"https:\/\/demostore.ai\/hu\/?s={search_term_string}\"},\"query-input\":{\"@type\":\"PropertyValueSpecification\",\"valueRequired\":true,\"valueName\":\"search_term_string\"}}],\"inLanguage\":\"hu\"},{\"@type\":\"Organization\",\"@id\":\"https:\/\/demostore.ai\/hu\/#organization\",\"name\":\"WriteText.ai\",\"url\":\"https:\/\/demostore.ai\/hu\/\",\"logo\":{\"@type\":\"ImageObject\",\"inLanguage\":\"hu\",\"@id\":\"https:\/\/demostore.ai\/hu\/#\/schema\/logo\/image\/\",\"url\":\"https:\/\/demostore.ai\/wp-content\/uploads\/2025\/10\/writetext_logo.webp\",\"contentUrl\":\"https:\/\/demostore.ai\/wp-content\/uploads\/2025\/10\/writetext_logo.webp\",\"width\":200,\"height\":34,\"caption\":\"WriteText.ai\"},\"image\":{\"@id\":\"https:\/\/demostore.ai\/hu\/#\/schema\/logo\/image\/\"}}]}<\/script>\n<!-- \/ Yoast SEO plugin. -->","yoast_head_json":{"title":"Act now Ez\u00fcst Nyakl\u00e1nc Nyitott Gall\u00e9rral K\u00fcl\u00f6nleges Eleganci\u00e1val","description":"Kifinomults\u00e1g \u00e9s modern elegancia egyes\u00fcl ebben az ez\u00fcst nyitott gall\u00e9r nyakl\u00e1ncban. K\u00f6nny\u0171, k\u00e9nyelmes viselet, eleg\u00e1ns formatervez\u00e9ssel \u00e9s l\u00e1tv\u00e1nyos r\u00e9szletekkel.","robots":{"index":"index","follow":"follow","max-snippet":"max-snippet:-1","max-image-preview":"max-image-preview:large","max-video-preview":"max-video-preview:-1"},"canonical":"https:\/\/demostore.ai\/hu\/termek\/ezust-nyaklanc-nyitott-gallerral\/","og_type":"article","og_title":"Act now Ez\u00fcst Nyakl\u00e1nc Nyitott Gall\u00e9rral K\u00fcl\u00f6nleges Eleganci\u00e1val","og_description":"Kiemelked\u0151 st\u00edlus \u00e9s klasszikus elegancia \u00f6tv\u00f6z\u0151dik ebben az ez\u00fcst nyitott gall\u00e9r nyakl\u00e1ncban. Modern, k\u00e9nyelmes kialak\u00edt\u00e1s, amely remek\u00fcl illeszkedik mindennapi \u00e9s alkalmi viselethez is.","og_url":"https:\/\/demostore.ai\/hu\/termek\/ezust-nyaklanc-nyitott-gallerral\/","og_site_name":"Trendy Thread","article_modified_time":"2026-02-20T03:29:31+00:00","og_image":[{"width":1000,"height":1148,"url":"https:\/\/demostore.ai\/wp-content\/uploads\/2025\/07\/1-Silver-Open-Collar-Necklace-with-Textured-Loop-Accent-2.png","type":"image\/png"}],"twitter_card":"summary_large_image","twitter_title":"Act now Ez\u00fcst Nyakl\u00e1nc Nyitott Gall\u00e9rral K\u00fcl\u00f6nleges Eleganci\u00e1val","twitter_description":"Kiemelked\u0151 st\u00edlus \u00e9s klasszikus elegancia \u00f6tv\u00f6z\u0151dik ebben az ez\u00fcst nyitott gall\u00e9r nyakl\u00e1ncban. Modern, k\u00e9nyelmes kialak\u00edt\u00e1s, amely remek\u00fcl illeszkedik mindennapi \u00e9s alkalmi viselethez is.","twitter_misc":{"Becs\u00fclt olvas\u00e1si id\u0151":"1 perc"},"schema":{"@context":"https:\/\/schema.org","@graph":[{"@type":"WebPage","@id":"https:\/\/demostore.ai\/hu\/termek\/ezust-nyaklanc-nyitott-gallerral\/","url":"https:\/\/demostore.ai\/hu\/termek\/ezust-nyaklanc-nyitott-gallerral\/","name":"Act now Ez\u00fcst Nyakl\u00e1nc Nyitott Gall\u00e9rral K\u00fcl\u00f6nleges Eleganci\u00e1val","isPartOf":{"@id":"https:\/\/demostore.ai\/hu\/#website"},"primaryImageOfPage":{"@id":"https:\/\/demostore.ai\/hu\/termek\/ezust-nyaklanc-nyitott-gallerral\/#primaryimage"},"image":{"@id":"https:\/\/demostore.ai\/hu\/termek\/ezust-nyaklanc-nyitott-gallerral\/#primaryimage"},"thumbnailUrl":"https:\/\/demostore.ai\/wp-content\/uploads\/2025\/07\/1-Silver-Open-Collar-Necklace-with-Textured-Loop-Accent-2.png","datePublished":"2025-07-27T22:54:10+00:00","dateModified":"2026-02-20T03:29:31+00:00","description":"Kifinomults\u00e1g \u00e9s modern elegancia egyes\u00fcl ebben az ez\u00fcst nyitott gall\u00e9r nyakl\u00e1ncban. K\u00f6nny\u0171, k\u00e9nyelmes viselet, eleg\u00e1ns formatervez\u00e9ssel \u00e9s l\u00e1tv\u00e1nyos r\u00e9szletekkel.","breadcrumb":{"@id":"https:\/\/demostore.ai\/hu\/termek\/ezust-nyaklanc-nyitott-gallerral\/#breadcrumb"},"inLanguage":"hu","potentialAction":[{"@type":"ReadAction","target":["https:\/\/demostore.ai\/hu\/termek\/ezust-nyaklanc-nyitott-gallerral\/"]}]},{"@type":"ImageObject","inLanguage":"hu","@id":"https:\/\/demostore.ai\/hu\/termek\/ezust-nyaklanc-nyitott-gallerral\/#primaryimage","url":"https:\/\/demostore.ai\/wp-content\/uploads\/2025\/07\/1-Silver-Open-Collar-Necklace-with-Textured-Loop-Accent-2.png","contentUrl":"https:\/\/demostore.ai\/wp-content\/uploads\/2025\/07\/1-Silver-Open-Collar-Necklace-with-Textured-Loop-Accent-2.png","width":1000,"height":1148,"caption":"Ez\u00fcst nyitott gall\u00e9ros nyakl\u00e1nc d\u00edsz\u00edtett v\u00e9gekkel, term\u00e9kfot\u00f3 feh\u00e9r h\u00e1tt\u00e9ren."},{"@type":"BreadcrumbList","@id":"https:\/\/demostore.ai\/hu\/termek\/ezust-nyaklanc-nyitott-gallerral\/#breadcrumb","itemListElement":[{"@type":"ListItem","position":1,"name":"F\u0151oldal","item":"https:\/\/demostore.ai\/hu\/"},{"@type":"ListItem","position":2,"name":"Bolt","item":"https:\/\/demostore.ai\/hu\/bolt\/"},{"@type":"ListItem","position":3,"name":"Ez\u00fcst Nyakl\u00e1nc Nyitott Gall\u00e9rral"}]},{"@type":"WebSite","@id":"https:\/\/demostore.ai\/hu\/#website","url":"https:\/\/demostore.ai\/hu\/","name":"Trendy Thread","description":"WriteText.ai bemutat\u00f3bolt","publisher":{"@id":"https:\/\/demostore.ai\/hu\/#organization"},"potentialAction":[{"@type":"SearchAction","target":{"@type":"EntryPoint","urlTemplate":"https:\/\/demostore.ai\/hu\/?s={search_term_string}"},"query-input":{"@type":"PropertyValueSpecification","valueRequired":true,"valueName":"search_term_string"}}],"inLanguage":"hu"},{"@type":"Organization","@id":"https:\/\/demostore.ai\/hu\/#organization","name":"WriteText.ai","url":"https:\/\/demostore.ai\/hu\/","logo":{"@type":"ImageObject","inLanguage":"hu","@id":"https:\/\/demostore.ai\/hu\/#\/schema\/logo\/image\/","url":"https:\/\/demostore.ai\/wp-content\/uploads\/2025\/10\/writetext_logo.webp","contentUrl":"https:\/\/demostore.ai\/wp-content\/uploads\/2025\/10\/writetext_logo.webp","width":200,"height":34,"caption":"WriteText.ai"},"image":{"@id":"https:\/\/demostore.ai\/hu\/#\/schema\/logo\/image\/"}}]}},"_links":{"self":[{"href":"https:\/\/demostore.ai\/hu\/wp-json\/wp\/v2\/product\/36329","targetHints":{"allow":["GET"]}}],"collection":[{"href":"https:\/\/demostore.ai\/hu\/wp-json\/wp\/v2\/product"}],"about":[{"href":"https:\/\/demostore.ai\/hu\/wp-json\/wp\/v2\/types\/product"}],"replies":[{"embeddable":true,"href":"https:\/\/demostore.ai\/hu\/wp-json\/wp\/v2\/comments?post=36329"}],"wp:featuredmedia":[{"embeddable":true,"href":"https:\/\/demostore.ai\/hu\/wp-json\/wp\/v2\/media\/33010"}],"wp:attachment":[{"href":"https:\/\/demostore.ai\/hu\/wp-json\/wp\/v2\/media?parent=36329"}],"wp:term":[{"taxonomy":"product_brand","embeddable":true,"href":"https:\/\/demostore.ai\/hu\/wp-json\/wp\/v2\/product_brand?post=36329"},{"taxonomy":"product_cat","embeddable":true,"href":"https:\/\/demostore.ai\/hu\/wp-json\/wp\/v2\/product_cat?post=36329"},{"taxonomy":"product_tag","embeddable":true,"href":"https:\/\/demostore.ai\/hu\/wp-json\/wp\/v2\/product_tag?post=36329"}],"curies":[{"name":"wp","href":"https:\/\/api.w.org\/{rel}","templated":true}]}}