{"id":35749,"date":"2025-06-13T08:41:42","date_gmt":"2025-06-13T00:41:42","guid":{"rendered":"https:\/\/demostore.ai\/?post_type=product&#038;p=35749"},"modified":"2026-02-20T11:44:01","modified_gmt":"2026-02-20T03:44:01","slug":"bare-n-bliss-ajakfestek","status":"publish","type":"product","link":"https:\/\/demostore.ai\/hu\/termek\/bare-n-bliss-ajakfestek\/","title":{"rendered":"Bare N Bliss Ajakfest\u00e9k"},"content":{"rendered":"<section data-wtai-block-id=\"wtai_product_description_features\" class=\"wtai-section wtai-features-section\">\n<h2>Term\u00e9kf\u0151bb jellemz\u0151k<\/h2>\n<ul>\n<li><strong>Hosszantart\u00f3 sz\u00edn<\/strong>: Intenz\u00edv, vibr\u00e1l\u00f3 \u00e1rnyalat \u00f3r\u00e1kon \u00e1t elken\u0151d\u00e9s n\u00e9lk\u00fcl.<\/li>\n<li><strong>Magas hidrat\u00e1l\u00e1s<\/strong>: \u00c1polja \u00e9s puh\u00e1v\u00e1 var\u00e1zsolja az ajkakat minden alkalmaz\u00e1sn\u00e1l.<\/li>\n<li><strong>K\u00f6nnyed formula<\/strong>: L\u00e9giesen k\u00f6nny\u0171 viselet, mely nem nehez\u00edti el az ajkakat.<\/li>\n<li><strong>Gyorsan sz\u00e1rad\u00f3 text\u00fara<\/strong>: K\u00e9nyelmes alkalmaz\u00e1s, ragad\u00e1smentes \u00e9rzet.<\/li>\n<li><strong>Puha, b\u00e1rsonyos finish<\/strong>: Term\u00e9szetes, eg\u00e9szs\u00e9ges f\u00e9nyt ad.<\/li>\n<li><strong>Er\u0151sen pigment\u00e1lt \u00f6sszet\u00e9tel<\/strong>: M\u00e1r egy r\u00e9tegben intenz\u00edv fed\u00e9st biztos\u00edt.<\/li>\n<li><strong>E-vitamin<\/strong>: V\u00e9di \u00e9s t\u00e1pl\u00e1lja az ajkakat antioxid\u00e1ns hat\u00e1s\u00e1val.<\/li>\n<li><strong>Szab\u00e1lyozott applik\u00e1tor<\/strong>: Prec\u00edz, egyszer\u0171 felvitelt tesz lehet\u0151v\u00e9 minden alkalommal.<\/li>\n<\/ul>\n<\/section>\n<div data-wtai-block-id=\"wtai_product_description_image_1753694499291\" class=\"wtai-section wtai-image_1753694499291-section\">\n<figure class=\"wtai-image-p wtai-align-center\" style=\"text-align:center\"><img decoding=\"async\" src=\"https:\/\/demostore.ai\/wp-content\/uploads\/2025\/06\/Lip-tint-3-scaled-1-600x324.png\" alt=\"Bare N Bliss Ajakfest\u00e9k r\u00f3zsasz\u00edn \u00e1rnyalatban, \u00e1tl\u00e1tsz\u00f3 kupakkal, term\u00e9k oldal\u00e1n m\u00e1rkan\u00e9vvel.\" srcset=\"https:\/\/demostore.ai\/wp-content\/uploads\/2025\/06\/Lip-tint-3-scaled-1.png 1000w, https:\/\/demostore.ai\/wp-content\/uploads\/2025\/06\/Lip-tint-3-scaled-1-300x162.png 300w, https:\/\/demostore.ai\/wp-content\/uploads\/2025\/06\/Lip-tint-3-scaled-1-768x415.png 768w, https:\/\/demostore.ai\/wp-content\/uploads\/2025\/06\/Lip-tint-3-scaled-1-600x324.png 600w\"><figcaption>\n<p>A vid\u00e1m, r\u00f3zsasz\u00edn tubus fiatalos diz\u00e1jnj\u00e1val azonnal mag\u00e1ra vonja a tekintetet.<\/p>\n<\/figcaption><\/figure>\n<\/p><\/div>\n<section data-wtai-block-id=\"wtai_product_description_benefits\" class=\"wtai-section wtai-benefits-section\">\n<h2>Amit\u0151l megszereted<\/h2>\n<ul>\n<li>Ajakid teltnek, puh\u00e1nak \u00e9s eg\u00e9szs\u00e9gesnek l\u00e1tszanak.<\/li>\n<li>B\u00e1tran mosolyoghatsz, mert nem kopik el gyorsan.<\/li>\n<li>Magabiztosan viselheted, ak\u00e1r eg\u00e9sz napos rohan\u00e1sban is.<\/li>\n<li>Nem sz\u00e1r\u00edt, \u00edgy mindig term\u00e9szetes \u00e9s k\u00e9nyelmes marad.<\/li>\n<li>Minden hangulathoz tal\u00e1lsz ill\u0151 sz\u00ednt, hogy \u00f6nmagad lehess.<\/li>\n<\/ul>\n<\/section>\n<section data-wtai-block-id=\"wtai_product_description_use_cases\" class=\"wtai-section wtai-use_cases-section\">\n<h3>\u00cdgy illeszd be a rutinodba<\/h3>\n<ol>\n<li>Reggel, sminkel\u00e9s ut\u00e1n vidd fel tiszta ajkakra.<\/li>\n<li>Nappali tal\u00e1lkoz\u00f3khoz el\u00e9g egy r\u00e9teg a friss hat\u00e1shoz.<\/li>\n<li>Esti programhoz er\u0151s\u00edts r\u00e1 m\u00e9g egy r\u00e9teggel a mer\u00e9szebb sz\u00edn\u00e9rt.<\/li>\n<li>Haszn\u00e1ld t\u00fck\u00f6r el\u0151tt a prec\u00edz applik\u00e1torral az egyenletes eredm\u00e9ny\u00e9rt.<\/li>\n<li>Munkahelyen friss\u00edtsd fel gyorsan, ragacsos \u00e9rzet n\u00e9lk\u00fcl.<\/li>\n<li>Alkalmaz\u00e1s ut\u00e1n p\u00e1r percig hagyd sz\u00e1radni a tart\u00f3s v\u00e9geredm\u00e9ny\u00e9rt.<\/li>\n<li>P\u00e1ros\u00edtsd nat\u00far sminkkel a hangs\u00falyos ajkak\u00e9rt.<\/li>\n<li>Haszn\u00e1ld \u00f6nmag\u00e1ban, vagy m\u00e1s ajakterm\u00e9kkel kombin\u00e1lva a kedvenc \u00e1rnyalatod\u00e9rt.<\/li>\n<\/ol>\n<\/section>\n<section data-wtai-block-id=\"wtai_product_description_technical_specifications\" class=\"wtai-section wtai-technical_specifications-section\">\n<h3>R\u00e9szletek<\/h3>\n<ul>\n<li><strong>Kiszerel\u00e9s<\/strong>: 6 ml<\/li>\n<li><strong>\u00c1rnyalat<\/strong>: Vibr\u00e1l\u00f3 r\u00f3zsasz\u00edn<\/li>\n<li><strong>Kiszerel\u00e9s t\u00edpusa<\/strong>: Applik\u00e1toros tubus<\/li>\n<li><strong>Felhaszn\u00e1lhat\u00f3s\u00e1gi id\u0151<\/strong>: 24 h\u00f3nap bontatlanul<\/li>\n<\/ul>\n<\/section>\n<section data-wtai-block-id=\"wtai_product_description_custom_1753167803027\" class=\"wtai-section wtai-custom_1753167803027-section\">\n<h2>Milyen ajakprobl\u00e9m\u00e1kra \u00e9s b\u0151rt\u00edpusokra aj\u00e1nlott a Bare N Bliss ajakfest\u00e9k?<\/h2>\n<ul>\n<li><strong>Sz\u00e1raz ajkak<\/strong> \u2013 Felt\u00f6lti, puh\u00e1v\u00e1 var\u00e1zsolja az ajkakat eg\u00e9sz nap.<\/li>\n<li><strong>Fak\u00f3 ajkak<\/strong> \u2013 \u00c9l\u00e9nk sz\u00ednt \u00e9s term\u00e9szetes f\u00e9nyt ad a sz\u00e1jnak.<\/li>\n<li><strong>Repedezett ajkak<\/strong> \u2013 Seg\u00edt sim\u00e1bb\u00e1 tenni az ajkak fel\u00fclet\u00e9t.<\/li>\n<li><strong>Norm\u00e1l ajkak<\/strong> \u2013 Mindennapi haszn\u00e1latra t\u00f6k\u00e9letes v\u00e1laszt\u00e1s.<\/li>\n<li><strong>\u00c9rz\u00e9keny ajkak<\/strong> \u2013 Gyeng\u00e9d, m\u00e9gis k\u00e9nyelmes viselet; \u00e9rz\u00e9keny ajkakon \u00e9rdemes tesztelni.<\/li>\n<li><strong>Vegyes ajkak<\/strong> \u2013 V\u00e1ltoz\u00f3 \u00e1llapot\u00fa ajkakra is ragyog\u00f3, term\u00e9szetes hat\u00e1s.<\/li>\n<\/ul>\n<\/section>\n<section data-wtai-block-id=\"wtai_product_description_custom_1754200971412\" class=\"wtai-section wtai-custom_1754200971412-section\">\n<h2>\u00d6sszetev\u0151k (INCI n\u00e9vvel)<\/h2>\n<p>Octyldodecanol, Aqua, Ethylcellulose, Butylene Glycol, Cetearyl Alcohol, PEG-6 Stearate, Pentylene Glycol, Acrylates Copolymer, Polyacrylate-13, Ceteth-20, 1,2-Hexanediol, Polyisobutene, Steareth-20, Hydroxyacetophenone, Ethylhexylglycerin, Parfum, Sodium Lauroyl Glutamate, Glycerin, Polysorbate 20, Sorbitan Isostearate, Phenoxyethanol, Sodium Phytate, Squalane, Limnanthes Alba Seed Oil, Butyrospermum Parkii Butter, Helianthus Annuus Seed Oil, Rubus Idaeus Seed Oil, Caprylic\/Capric Triglyceride, Aluminum Hydroxide, Sodium Polyacrylate, Xanthan Gum, Caprylyl Glycol, Lilium Candidum Bulb Extract, Tocopherol, Sodium Hyaluronate, Sodium Acetylated Hyaluronate, Hydrolyzed Sodium Hyaluronate, Avena Sativa Kernel Extract, Sodium Hyaluronate Crosspolymer, Hyaluronic Acid, Hydrolyzed Hyaluronic Acid, CI 77891, CI 15985, CI 17200, CI 19140, CI 42090.<\/p>\n<\/section>\n<section data-wtai-block-id=\"wtai_product_description_faqs\" class=\"wtai-section wtai-faqs-section\">\n<h2>Gyakran Ism\u00e9telt K\u00e9rd\u00e9sek<\/h2>\n<p><strong>\u00c9rz\u00e9keny ajkakon is haszn\u00e1lhat\u00f3?<\/strong> <br \/> Igen, k\u00edm\u00e9letes \u00f6sszetev\u0151inek k\u00f6sz\u00f6nhet\u0151en \u00e9rz\u00e9keny b\u0151r\u00f6n is alkalmazhat\u00f3.<\/p>\n<p><strong>Mennyi ideig tart a sz\u00edn az ajkakon?<\/strong> <br \/> \u00c1tlagosan 6-8 \u00f3r\u00e1ig meg\u0151rzi intenzit\u00e1s\u00e1t a megfelel\u0151 felvitellel.<\/p>\n<p><strong>M\u00e1s ajakterm\u00e9kkel egy\u00fctt is felvihet\u0151?<\/strong> <br \/> Igen, haszn\u00e1lhatod ajakbalzsammal vagy ceruz\u00e1val is.<\/p>\n<p><strong>Meddig \u0151rzi meg min\u0151s\u00e9g\u00e9t felbont\u00e1s ut\u00e1n?<\/strong> <br \/> Felbont\u00e1st\u00f3l sz\u00e1m\u00edtva 12 h\u00f3napig aj\u00e1nlott felhaszn\u00e1lni.<\/p>\n<p><strong>Hogyan t\u00e1roljam a term\u00e9ket?<\/strong> <br \/> Sz\u00e1raz, h\u0171v\u00f6s helyen t\u00e1roland\u00f3, napf\u00e9nyt\u0151l v\u00e9dve.<\/p>\n<\/section>\n<section data-wtai-block-id=\"wtai_product_description_conclusion\" class=\"wtai-section wtai-conclusion-section\">\n<h2>Pr\u00f3b\u00e1ld ki most!<\/h2>\n<p><em><strong>A Bare N Bliss Ajakfest\u00e9k minden alkalommal magabiztoss\u00e1got \u00e9s ragyog\u00f3 sz\u00edneket ad.<\/strong><\/em> <em><strong>\u00c9ld \u00e1t, milyen \u00e9rz\u00e9s, amikor ajkaid mindig \u00e1poltak \u00e9s ellen\u00e1llhatatlanok.<\/strong><\/em> <em><strong>Ne v\u00e1rj, fedezd fel kedvenc \u00e1rnyalatod m\u00e9g ma!<\/strong><\/em><\/p>\n<\/section>\n","protected":false},"excerpt":{"rendered":"<div data-wtai-block-id=\"wtai_excerpt_subtitle\" class=\"wtai-section wtai-subtitle-section\">\n<p><em><strong>Meggy sz\u00edn\u0171 ragyog\u00e1s minden pillanatban, hogy ajkaid igaz\u00e1n \u00e9rv\u00e9nyes\u00fcljenek.<\/strong><\/em><\/p>\n<\/p><\/div>\n<div data-wtai-block-id=\"wtai_excerpt_introduction\" class=\"wtai-section wtai-introduction-section\">\n<p>Egyszer\u0171en elk\u00e9peszt\u0151, milyen magabiztoss\u00e1got ad egy gy\u00f6ny\u00f6r\u0171 ajaksz\u00edn! A Bare N Bliss Ajakfest\u00e9k letisztult, modern st\u00edlus\u00e1val friss megjelen\u00e9st k\u00f6lcs\u00f6n\u00f6z, mik\u00f6zben b\u00e1rsonyos \u00e9rzetet ny\u00fajt. Az intenz\u00edv meggypiros \u00e1rnyalat azonnal elevens\u00e9get visz a h\u00e9tk\u00f6znapokba, r\u00e1ad\u00e1sul hosszan tart\u00f3, komfortos viseletet biztos\u00edt. Tedd k\u00fcl\u00f6nlegess\u00e9 a mindennapi rutint ezzel a k\u00e9nyeztet\u0151 ajakfest\u00e9kkel, amely nemcsak sz\u00edn\u00e9vel, de a puha, hidrat\u00e1lt \u00e9rz\u00e9ssel is k\u00e9nyeztet, \u00edgy mindig magabiztosan mosolyoghatsz a vil\u00e1gra.<\/p>\n<\/p><\/div>\n","protected":false},"featured_media":16587,"comment_status":"open","ping_status":"closed","template":"","meta":[],"product_brand":[],"product_cat":[211],"product_tag":[],"class_list":{"0":"post-35749","1":"product","2":"type-product","3":"status-publish","4":"has-post-thumbnail","6":"product_cat-szepsegapolas-wellness","8":"first","9":"instock","10":"shipping-taxable","11":"purchasable","12":"product-type-simple"},"bundled_by":[],"bundle_stock_status":"instock","bundle_stock_quantity":null,"bundle_virtual":false,"bundle_layout":"","bundle_add_to_cart_form_location":"","bundle_editable_in_cart":false,"bundle_sold_individually_context":"","bundle_item_grouping":"","bundle_min_size":"","bundle_max_size":"","bundle_price":[],"bundled_items":[],"bundle_sell_ids":[],"yoast_head":"<!-- This site is optimized with the Yoast SEO plugin v25.2 - https:\/\/yoast.com\/wordpress\/plugins\/seo\/ -->\n<title>Fedezd fel Bare N Bliss Ajakfest\u00e9k \u00c9l\u00e9nk Sz\u00edn\u00e9t Most<\/title>\n<meta name=\"description\" content=\"Kifinomult st\u00edlus \u00e9s tart\u00f3s sz\u00edn egyetlen l\u00e9p\u00e9sben. A Bare N Bliss Ajakfest\u00e9k hidrat\u00e1l, nem sz\u00e1r\u00edt, minden alkalomhoz t\u00f6k\u00e9letes v\u00e1laszt\u00e1s.\" \/>\n<meta name=\"robots\" content=\"index, follow, max-snippet:-1, max-image-preview:large, max-video-preview:-1\" \/>\n<link rel=\"canonical\" href=\"https:\/\/demostore.ai\/hu\/termek\/bare-n-bliss-ajakfestek\/\" \/>\n<meta property=\"og:type\" content=\"article\" \/>\n<meta property=\"og:title\" content=\"Fedezd fel Bare N Bliss Ajakfest\u00e9k \u00c9l\u00e9nk Sz\u00edn\u00e9t Most\" \/>\n<meta property=\"og:description\" content=\"Kifinomult \u00e1rnyalat, amelyben eg\u00e9sz nap magabiztos lehetsz. A Bare N Bliss Ajakfest\u00e9k hidrat\u00e1l, b\u00e1rsonyos \u00e9rzetet ad, k\u00f6nnyed\u00e9n alkalmazhat\u00f3 \u00e9s tart\u00f3s sz\u00ednt ny\u00fajt.\" \/>\n<meta property=\"og:url\" content=\"https:\/\/demostore.ai\/hu\/termek\/bare-n-bliss-ajakfestek\/\" \/>\n<meta property=\"og:site_name\" content=\"Trendy Thread\" \/>\n<meta property=\"article:modified_time\" content=\"2026-02-20T03:44:01+00:00\" \/>\n<meta property=\"og:image\" content=\"https:\/\/demostore.ai\/wp-content\/uploads\/2025\/06\/Lip-tint-1-scaled-1.png\" \/>\n\t<meta property=\"og:image:width\" content=\"344\" \/>\n\t<meta property=\"og:image:height\" content=\"1000\" \/>\n\t<meta property=\"og:image:type\" content=\"image\/png\" \/>\n<meta name=\"twitter:card\" content=\"summary_large_image\" \/>\n<meta name=\"twitter:title\" content=\"Fedezd fel Bare N Bliss Ajakfest\u00e9k \u00c9l\u00e9nk Sz\u00edn\u00e9t Most\" \/>\n<meta name=\"twitter:description\" content=\"Kifinomult \u00e1rnyalat, amelyben eg\u00e9sz nap magabiztos lehetsz. A Bare N Bliss Ajakfest\u00e9k hidrat\u00e1l, b\u00e1rsonyos \u00e9rzetet ad, k\u00f6nnyed\u00e9n alkalmazhat\u00f3 \u00e9s tart\u00f3s sz\u00ednt ny\u00fajt.\" \/>\n<meta name=\"twitter:label1\" content=\"Becs\u00fclt olvas\u00e1si id\u0151\" \/>\n\t<meta name=\"twitter:data1\" content=\"1 perc\" \/>\n<script type=\"application\/ld+json\" class=\"yoast-schema-graph\">{\"@context\":\"https:\/\/schema.org\",\"@graph\":[{\"@type\":\"WebPage\",\"@id\":\"https:\/\/demostore.ai\/hu\/termek\/bare-n-bliss-ajakfestek\/\",\"url\":\"https:\/\/demostore.ai\/hu\/termek\/bare-n-bliss-ajakfestek\/\",\"name\":\"Fedezd fel Bare N Bliss Ajakfest\u00e9k \u00c9l\u00e9nk Sz\u00edn\u00e9t Most\",\"isPartOf\":{\"@id\":\"https:\/\/demostore.ai\/hu\/#website\"},\"primaryImageOfPage\":{\"@id\":\"https:\/\/demostore.ai\/hu\/termek\/bare-n-bliss-ajakfestek\/#primaryimage\"},\"image\":{\"@id\":\"https:\/\/demostore.ai\/hu\/termek\/bare-n-bliss-ajakfestek\/#primaryimage\"},\"thumbnailUrl\":\"https:\/\/demostore.ai\/wp-content\/uploads\/2025\/06\/Lip-tint-1-scaled-1.png\",\"datePublished\":\"2025-06-13T00:41:42+00:00\",\"dateModified\":\"2026-02-20T03:44:01+00:00\",\"description\":\"Kifinomult st\u00edlus \u00e9s tart\u00f3s sz\u00edn egyetlen l\u00e9p\u00e9sben. A Bare N Bliss Ajakfest\u00e9k hidrat\u00e1l, nem sz\u00e1r\u00edt, minden alkalomhoz t\u00f6k\u00e9letes v\u00e1laszt\u00e1s.\",\"breadcrumb\":{\"@id\":\"https:\/\/demostore.ai\/hu\/termek\/bare-n-bliss-ajakfestek\/#breadcrumb\"},\"inLanguage\":\"hu\",\"potentialAction\":[{\"@type\":\"ReadAction\",\"target\":[\"https:\/\/demostore.ai\/hu\/termek\/bare-n-bliss-ajakfestek\/\"]}]},{\"@type\":\"ImageObject\",\"inLanguage\":\"hu\",\"@id\":\"https:\/\/demostore.ai\/hu\/termek\/bare-n-bliss-ajakfestek\/#primaryimage\",\"url\":\"https:\/\/demostore.ai\/wp-content\/uploads\/2025\/06\/Lip-tint-1-scaled-1.png\",\"contentUrl\":\"https:\/\/demostore.ai\/wp-content\/uploads\/2025\/06\/Lip-tint-1-scaled-1.png\",\"width\":344,\"height\":1000,\"caption\":\"Bare N Bliss ajakfest\u00e9k r\u00f3zsasz\u00edn \u00e1rnyalatban, \u00e1ttetsz\u0151 kupakkal, term\u00e9kfot\u00f3.\"},{\"@type\":\"BreadcrumbList\",\"@id\":\"https:\/\/demostore.ai\/hu\/termek\/bare-n-bliss-ajakfestek\/#breadcrumb\",\"itemListElement\":[{\"@type\":\"ListItem\",\"position\":1,\"name\":\"F\u0151oldal\",\"item\":\"https:\/\/demostore.ai\/hu\/\"},{\"@type\":\"ListItem\",\"position\":2,\"name\":\"Bolt\",\"item\":\"https:\/\/demostore.ai\/hu\/bolt\/\"},{\"@type\":\"ListItem\",\"position\":3,\"name\":\"Bare N Bliss Ajakfest\u00e9k\"}]},{\"@type\":\"WebSite\",\"@id\":\"https:\/\/demostore.ai\/hu\/#website\",\"url\":\"https:\/\/demostore.ai\/hu\/\",\"name\":\"Trendy Thread\",\"description\":\"WriteText.ai bemutat\u00f3bolt\",\"publisher\":{\"@id\":\"https:\/\/demostore.ai\/hu\/#organization\"},\"potentialAction\":[{\"@type\":\"SearchAction\",\"target\":{\"@type\":\"EntryPoint\",\"urlTemplate\":\"https:\/\/demostore.ai\/hu\/?s={search_term_string}\"},\"query-input\":{\"@type\":\"PropertyValueSpecification\",\"valueRequired\":true,\"valueName\":\"search_term_string\"}}],\"inLanguage\":\"hu\"},{\"@type\":\"Organization\",\"@id\":\"https:\/\/demostore.ai\/hu\/#organization\",\"name\":\"WriteText.ai\",\"url\":\"https:\/\/demostore.ai\/hu\/\",\"logo\":{\"@type\":\"ImageObject\",\"inLanguage\":\"hu\",\"@id\":\"https:\/\/demostore.ai\/hu\/#\/schema\/logo\/image\/\",\"url\":\"https:\/\/demostore.ai\/wp-content\/uploads\/2025\/10\/writetext_logo.webp\",\"contentUrl\":\"https:\/\/demostore.ai\/wp-content\/uploads\/2025\/10\/writetext_logo.webp\",\"width\":200,\"height\":34,\"caption\":\"WriteText.ai\"},\"image\":{\"@id\":\"https:\/\/demostore.ai\/hu\/#\/schema\/logo\/image\/\"}}]}<\/script>\n<!-- \/ Yoast SEO plugin. -->","yoast_head_json":{"title":"Fedezd fel Bare N Bliss Ajakfest\u00e9k \u00c9l\u00e9nk Sz\u00edn\u00e9t Most","description":"Kifinomult st\u00edlus \u00e9s tart\u00f3s sz\u00edn egyetlen l\u00e9p\u00e9sben. A Bare N Bliss Ajakfest\u00e9k hidrat\u00e1l, nem sz\u00e1r\u00edt, minden alkalomhoz t\u00f6k\u00e9letes v\u00e1laszt\u00e1s.","robots":{"index":"index","follow":"follow","max-snippet":"max-snippet:-1","max-image-preview":"max-image-preview:large","max-video-preview":"max-video-preview:-1"},"canonical":"https:\/\/demostore.ai\/hu\/termek\/bare-n-bliss-ajakfestek\/","og_type":"article","og_title":"Fedezd fel Bare N Bliss Ajakfest\u00e9k \u00c9l\u00e9nk Sz\u00edn\u00e9t Most","og_description":"Kifinomult \u00e1rnyalat, amelyben eg\u00e9sz nap magabiztos lehetsz. A Bare N Bliss Ajakfest\u00e9k hidrat\u00e1l, b\u00e1rsonyos \u00e9rzetet ad, k\u00f6nnyed\u00e9n alkalmazhat\u00f3 \u00e9s tart\u00f3s sz\u00ednt ny\u00fajt.","og_url":"https:\/\/demostore.ai\/hu\/termek\/bare-n-bliss-ajakfestek\/","og_site_name":"Trendy Thread","article_modified_time":"2026-02-20T03:44:01+00:00","og_image":[{"width":344,"height":1000,"url":"https:\/\/demostore.ai\/wp-content\/uploads\/2025\/06\/Lip-tint-1-scaled-1.png","type":"image\/png"}],"twitter_card":"summary_large_image","twitter_title":"Fedezd fel Bare N Bliss Ajakfest\u00e9k \u00c9l\u00e9nk Sz\u00edn\u00e9t Most","twitter_description":"Kifinomult \u00e1rnyalat, amelyben eg\u00e9sz nap magabiztos lehetsz. A Bare N Bliss Ajakfest\u00e9k hidrat\u00e1l, b\u00e1rsonyos \u00e9rzetet ad, k\u00f6nnyed\u00e9n alkalmazhat\u00f3 \u00e9s tart\u00f3s sz\u00ednt ny\u00fajt.","twitter_misc":{"Becs\u00fclt olvas\u00e1si id\u0151":"1 perc"},"schema":{"@context":"https:\/\/schema.org","@graph":[{"@type":"WebPage","@id":"https:\/\/demostore.ai\/hu\/termek\/bare-n-bliss-ajakfestek\/","url":"https:\/\/demostore.ai\/hu\/termek\/bare-n-bliss-ajakfestek\/","name":"Fedezd fel Bare N Bliss Ajakfest\u00e9k \u00c9l\u00e9nk Sz\u00edn\u00e9t Most","isPartOf":{"@id":"https:\/\/demostore.ai\/hu\/#website"},"primaryImageOfPage":{"@id":"https:\/\/demostore.ai\/hu\/termek\/bare-n-bliss-ajakfestek\/#primaryimage"},"image":{"@id":"https:\/\/demostore.ai\/hu\/termek\/bare-n-bliss-ajakfestek\/#primaryimage"},"thumbnailUrl":"https:\/\/demostore.ai\/wp-content\/uploads\/2025\/06\/Lip-tint-1-scaled-1.png","datePublished":"2025-06-13T00:41:42+00:00","dateModified":"2026-02-20T03:44:01+00:00","description":"Kifinomult st\u00edlus \u00e9s tart\u00f3s sz\u00edn egyetlen l\u00e9p\u00e9sben. A Bare N Bliss Ajakfest\u00e9k hidrat\u00e1l, nem sz\u00e1r\u00edt, minden alkalomhoz t\u00f6k\u00e9letes v\u00e1laszt\u00e1s.","breadcrumb":{"@id":"https:\/\/demostore.ai\/hu\/termek\/bare-n-bliss-ajakfestek\/#breadcrumb"},"inLanguage":"hu","potentialAction":[{"@type":"ReadAction","target":["https:\/\/demostore.ai\/hu\/termek\/bare-n-bliss-ajakfestek\/"]}]},{"@type":"ImageObject","inLanguage":"hu","@id":"https:\/\/demostore.ai\/hu\/termek\/bare-n-bliss-ajakfestek\/#primaryimage","url":"https:\/\/demostore.ai\/wp-content\/uploads\/2025\/06\/Lip-tint-1-scaled-1.png","contentUrl":"https:\/\/demostore.ai\/wp-content\/uploads\/2025\/06\/Lip-tint-1-scaled-1.png","width":344,"height":1000,"caption":"Bare N Bliss ajakfest\u00e9k r\u00f3zsasz\u00edn \u00e1rnyalatban, \u00e1ttetsz\u0151 kupakkal, term\u00e9kfot\u00f3."},{"@type":"BreadcrumbList","@id":"https:\/\/demostore.ai\/hu\/termek\/bare-n-bliss-ajakfestek\/#breadcrumb","itemListElement":[{"@type":"ListItem","position":1,"name":"F\u0151oldal","item":"https:\/\/demostore.ai\/hu\/"},{"@type":"ListItem","position":2,"name":"Bolt","item":"https:\/\/demostore.ai\/hu\/bolt\/"},{"@type":"ListItem","position":3,"name":"Bare N Bliss Ajakfest\u00e9k"}]},{"@type":"WebSite","@id":"https:\/\/demostore.ai\/hu\/#website","url":"https:\/\/demostore.ai\/hu\/","name":"Trendy Thread","description":"WriteText.ai bemutat\u00f3bolt","publisher":{"@id":"https:\/\/demostore.ai\/hu\/#organization"},"potentialAction":[{"@type":"SearchAction","target":{"@type":"EntryPoint","urlTemplate":"https:\/\/demostore.ai\/hu\/?s={search_term_string}"},"query-input":{"@type":"PropertyValueSpecification","valueRequired":true,"valueName":"search_term_string"}}],"inLanguage":"hu"},{"@type":"Organization","@id":"https:\/\/demostore.ai\/hu\/#organization","name":"WriteText.ai","url":"https:\/\/demostore.ai\/hu\/","logo":{"@type":"ImageObject","inLanguage":"hu","@id":"https:\/\/demostore.ai\/hu\/#\/schema\/logo\/image\/","url":"https:\/\/demostore.ai\/wp-content\/uploads\/2025\/10\/writetext_logo.webp","contentUrl":"https:\/\/demostore.ai\/wp-content\/uploads\/2025\/10\/writetext_logo.webp","width":200,"height":34,"caption":"WriteText.ai"},"image":{"@id":"https:\/\/demostore.ai\/hu\/#\/schema\/logo\/image\/"}}]}},"_links":{"self":[{"href":"https:\/\/demostore.ai\/hu\/wp-json\/wp\/v2\/product\/35749","targetHints":{"allow":["GET"]}}],"collection":[{"href":"https:\/\/demostore.ai\/hu\/wp-json\/wp\/v2\/product"}],"about":[{"href":"https:\/\/demostore.ai\/hu\/wp-json\/wp\/v2\/types\/product"}],"replies":[{"embeddable":true,"href":"https:\/\/demostore.ai\/hu\/wp-json\/wp\/v2\/comments?post=35749"}],"wp:featuredmedia":[{"embeddable":true,"href":"https:\/\/demostore.ai\/hu\/wp-json\/wp\/v2\/media\/16587"}],"wp:attachment":[{"href":"https:\/\/demostore.ai\/hu\/wp-json\/wp\/v2\/media?parent=35749"}],"wp:term":[{"taxonomy":"product_brand","embeddable":true,"href":"https:\/\/demostore.ai\/hu\/wp-json\/wp\/v2\/product_brand?post=35749"},{"taxonomy":"product_cat","embeddable":true,"href":"https:\/\/demostore.ai\/hu\/wp-json\/wp\/v2\/product_cat?post=35749"},{"taxonomy":"product_tag","embeddable":true,"href":"https:\/\/demostore.ai\/hu\/wp-json\/wp\/v2\/product_tag?post=35749"}],"curies":[{"name":"wp","href":"https:\/\/api.w.org\/{rel}","templated":true}]}}