{"id":35588,"date":"2025-06-13T08:44:05","date_gmt":"2025-06-13T00:44:05","guid":{"rendered":"https:\/\/demostore.ai\/?post_type=product&#038;p=35588"},"modified":"2026-02-20T11:43:51","modified_gmt":"2026-02-20T03:43:51","slug":"dentiste-plus-legfrissito-spray","status":"publish","type":"product","link":"https:\/\/demostore.ai\/hu\/termek\/dentiste-plus-legfrissito-spray\/","title":{"rendered":"Dentiste Plus L\u00e9gfriss\u00edt\u0151 Spray"},"content":{"rendered":"<section data-wtai-block-id=\"wtai_product_description_features\" class=\"wtai-section wtai-features-section\">\n<h2>Term\u00e9kkiemel\u00e9sek<\/h2>\n<ul>\n<li><strong>Azonnali leheletfriss\u00edt\u00e9s<\/strong> \u2013 hosszan tart\u00f3 mentolos frissess\u00e9get ad m\u00e1r egyetlen f\u00faj\u00e1ssal.<\/li>\n<li><strong>Cukormentes formul\u00e1ja<\/strong> seg\u00edt megel\u0151zni a fogszuvasod\u00e1st \u00e9s a leped\u00e9kk\u00e9pz\u0151d\u00e9st.<\/li>\n<li><strong>K\u00edm\u00e9letes m\u00e9gis hat\u00e9kony<\/strong> \u2013 nem sz\u00e1r\u00edtja ki a sz\u00e1jat, alkoholt nem tartalmaz.<\/li>\n<li><strong>Xilitollal gazdag\u00edtott<\/strong> a term\u00e9szetes sz\u00e1j\u00e1pol\u00e1s\u00e9rt.<\/li>\n<li><strong>Herbater\u00e1pi\u00e1s n\u00f6v\u00e9nyi \u00f6sszetev\u0151kkel<\/strong> \u00e1polja az \u00ednyt \u00e9s t\u00e1mogatja a j\u00f3 sz\u00e1jhigi\u00e9ni\u00e1t.<\/li>\n<li><strong>Kompakt, k\u00f6nnyen hordozhat\u00f3 kiszerel\u00e9s<\/strong> mindig veled lehet t\u00e1sk\u00e1ban vagy zsebben.<\/li>\n<li><strong>Nem aeroszolos kivitel<\/strong> cs\u00f6kkenti az irrit\u00e1ci\u00f3 es\u00e9ly\u00e9t \u00e9s t\u00f6k\u00e9letesen diszkr\u00e9t haszn\u00e1latot biztos\u00edt.<\/li>\n<li><strong>Gyors \u00e9s egyszer\u0171 alkalmaz\u00e1s<\/strong> \u2013 b\u00e1rhol, b\u00e1rmikor \u00fajra magabiztos lehetsz.<\/li>\n<\/ul>\n<\/section>\n<div data-wtai-block-id=\"wtai_product_description_image_1753694499291\" class=\"wtai-section wtai-image_1753694499291-section\">\n<figure class=\"wtai-image-p wtai-align-center\" style=\"text-align:center\"><img decoding=\"async\" src=\"https:\/\/demostore.ai\/wp-content\/uploads\/2025\/06\/Breathspray-4-scaled-1-600x935.png\" alt=\"Dentiste Plus L\u00e9gfriss\u00edt\u0151 Spray flakon feh\u00e9r kupakkal, ment\u00e1s \u00edzes\u00edt\u00e9ssel term\u00e9koldalon.\" srcset=\"https:\/\/demostore.ai\/wp-content\/uploads\/2025\/06\/Breathspray-4-scaled-1.png 642w, https:\/\/demostore.ai\/wp-content\/uploads\/2025\/06\/Breathspray-4-scaled-1-193x300.png 193w, https:\/\/demostore.ai\/wp-content\/uploads\/2025\/06\/Breathspray-4-scaled-1-600x935.png 600w\"><figcaption>\n<p>A ment\u00e1s leveleket \u00e1br\u00e1zol\u00f3 c\u00edmke friss, term\u00e9szetes hat\u00e1st kelt, modern, letisztult flakonon.<\/p>\n<\/figcaption><\/figure>\n<\/p><\/div>\n<section data-wtai-block-id=\"wtai_product_description_benefits\" class=\"wtai-section wtai-benefits-section\">\n<h2>Mi\u00e9rt Im\u00e1dni Fogod<\/h2>\n<ul>\n<li>Megsz\u00fcnteti a kellemetlen leheletet percek alatt.<\/li>\n<li>Nincs t\u00f6bb\u00e9 zavarbaejt\u0151 helyzet a nap folyam\u00e1n.<\/li>\n<li>Finoman h\u0171s\u00edti \u00e9s felfriss\u00edti a sz\u00e1jat.<\/li>\n<li>Magabiztoss\u00e1got ad tal\u00e1lkoz\u00f3k, randik vagy utaz\u00e1s k\u00f6zben.<\/li>\n<li>Gyeng\u00e9d, term\u00e9szetes \u00f6sszet\u00e9tele csal\u00e1di haszn\u00e1latra is ide\u00e1lis.<\/li>\n<\/ul>\n<\/section>\n<section data-wtai-block-id=\"wtai_product_description_use_cases\" class=\"wtai-section wtai-use_cases-section\">\n<h3>\u00cdgy Illesztheted Be a Mindennapokba<\/h3>\n<ol>\n<li>Haszn\u00e1ld reggel a fogmos\u00e1s ut\u00e1n extra frissess\u00e9g\u00e9rt.<\/li>\n<li>F\u00fajj egyet eb\u00e9d vagy k\u00e1v\u00e9 ut\u00e1n, hogy magabiztos maradj.<\/li>\n<li>Tartsd a t\u00e1sk\u00e1dban, \u00e9s haszn\u00e1ld munkahelyen vagy \u00fatk\u00f6zben.<\/li>\n<li>Friss\u00edtsd fel leheletedet randik, tal\u00e1lkoz\u00f3k el\u0151tt.<\/li>\n<li>Ide\u00e1lis utaz\u00e1skor, amikor nincs lehet\u0151s\u00e9g fogmos\u00e1sra.<\/li>\n<li>Oszd meg bar\u00e1taiddal programok vagy bulik el\u0151tt.<\/li>\n<li>Haszn\u00e1lhat\u00f3 z\u00e1rt t\u00e9rben, mert nem aeroszolos.<\/li>\n<li>Naponta t\u00f6bbsz\u00f6r is alkalmazhatod a nap b\u00e1rmely szakasz\u00e1ban.<\/li>\n<\/ol>\n<\/section>\n<section data-wtai-block-id=\"wtai_product_description_technical_specifications\" class=\"wtai-section wtai-technical_specifications-section\">\n<h3>R\u00e9szletek<\/h3>\n<ul>\n<li><strong>Kiszerel\u00e9s<\/strong>: 15 ml<\/li>\n<li><strong>T\u00edpus<\/strong>: Sz\u00e1jspray (nem aeroszolos)<\/li>\n<li><strong>Cukormentes<\/strong>: Igen<\/li>\n<li><strong>F\u0151 \u00f6sszetev\u0151<\/strong>: Xilitol, gy\u00f3gyn\u00f6v\u00e9ny-kivonatok<\/li>\n<\/ul>\n<\/section>\n<section data-wtai-block-id=\"wtai_product_description_custom_1753167803027\" class=\"wtai-section wtai-custom_1753167803027-section\">\n<h2>Kinek aj\u00e1nlott a Dentiste Plus L\u00e9gfriss\u00edt\u0151 Spray haszn\u00e1lata?<\/h2>\n<ul>\n<li><strong>Norm\u00e1l b\u0151r<\/strong>: Nem okoz irrit\u00e1ci\u00f3t a b\u0151rrel val\u00f3 \u00e9rintkez\u00e9skor.<\/li>\n<li><strong>\u00c9rz\u00e9keny b\u0151r<\/strong>: Nincs ismert kock\u00e1zat v\u00e9letlen \u00e9rintkez\u00e9s eset\u00e9n.<\/li>\n<li><strong>Sz\u00e1raz b\u0151r<\/strong>: Nem sz\u00e1r\u00edtja a b\u0151rt sz\u00e1jon k\u00edv\u00fcli haszn\u00e1lat sor\u00e1n sem.<\/li>\n<li><strong>Zs\u00edros b\u0151r<\/strong>: Nem befoly\u00e1solja a b\u0151r zs\u00edross\u00e1g\u00e1t, teljesen semleges.<\/li>\n<li><strong>Tin\u00e9dzser b\u0151r<\/strong>: Biztons\u00e1gosan haszn\u00e1lhat\u00f3 fiatalabb koroszt\u00e1lynak is.<\/li>\n<li><strong>Feln\u0151tt b\u0151r<\/strong>: Minden \u00e9letkorban k\u00e9nyelmesen alkalmazhat\u00f3 a sz\u00e1j\u00fcregben.<\/li>\n<\/ul>\n<\/section>\n<section data-wtai-block-id=\"wtai_product_description_custom_1754200971412\" class=\"wtai-section wtai-custom_1754200971412-section\">\n<h2>\u00d6sszetev\u0151k<\/h2>\n<p>Ethanol, Aqua, Glycerin, Xylitol, PEG-40 Hydrogenated Castor Oil, Menthol, Mentha piperita Oil, Sodium Benzoate, Ascorbic Acid, Eucalyptus globulus Oil, Sucralose, Aloe barbadensis Leaf Extract, Salvia officinalis Extract, Chamomilla recutita Extract, Foeniculum vulgare Extract, Glycyrrhiza glabra Extract, Cinnamomum zeylanicum Bark Extract, Anthemis nobilis Extract, Eugenia caryophyllus Flower Oil.<\/p>\n<\/section>\n<section data-wtai-block-id=\"wtai_product_description_faqs\" class=\"wtai-section wtai-faqs-section\">\n<h2>Gyakran Ism\u00e9telt K\u00e9rd\u00e9sek<\/h2>\n<p><strong>\u00c9rz\u00e9keny ny\u00e1lkah\u00e1rty\u00e1n is haszn\u00e1lhat\u00f3?<\/strong> <br \/> Igen, k\u00edm\u00e9letes, n\u00f6v\u00e9nyi alap\u00fa \u00f6sszetev\u0151kkel k\u00e9sz\u00fclt, \u00edgy \u00e9rz\u00e9kenyek is haszn\u00e1lhatj\u00e1k.<\/p>\n<p><strong>M\u00e1s sz\u00e1j\u00e1pol\u00e1si term\u00e9kkel egy\u00fctt alkalmazhat\u00f3?<\/strong> <br \/> B\u00e1tran haszn\u00e1lhatod fogkr\u00e9m \u00e9s sz\u00e1jv\u00edz mellett, nem \u00fctk\u00f6zik semmilyen akt\u00edv \u00f6sszetev\u0151vel.<\/p>\n<p><strong>Milyen gyorsan v\u00e1rhat\u00f3 a friss lehelet?<\/strong> <br \/> M\u00e1r egy f\u00faj\u00e1s ut\u00e1n azonnal \u00e9rezhet\u0151 a frissess\u00e9g.<\/p>\n<p><strong>Meddig el\u00e9g egy flakon?<\/strong> <br \/> \u00c1ltal\u00e1nos haszn\u00e1lat mellett ak\u00e1r t\u00f6bb h\u00e9tig is elegend\u0151 lehet.<\/p>\n<p><strong>Hogyan t\u00e1roljam a term\u00e9ket?<\/strong> <br \/> Szobah\u0151m\u00e9rs\u00e9kleten, napf\u00e9nyt\u0151l v\u00e9dve t\u00e1roland\u00f3.<\/p>\n<\/section>\n<section data-wtai-block-id=\"wtai_product_description_conclusion\" class=\"wtai-section wtai-conclusion-section\">\n<h2>Pr\u00f3b\u00e1ld Ki Te Is<\/h2>\n<p><em><strong>A Dentiste Plus L\u00e9gfriss\u00edt\u0151 Spray mindig gondoskodik r\u00f3lad, ha a magabiztos lehelet fontos sz\u00e1modra.<\/strong><\/em> <em><strong>Szerezd be most, \u00e9s tedd magabiztoss\u00e1 minden pillanatodat a nap folyam\u00e1n!<\/strong><\/em><\/p>\n<\/section>\n","protected":false},"excerpt":{"rendered":"<div data-wtai-block-id=\"wtai_excerpt_subtitle\" class=\"wtai-section wtai-subtitle-section\">\n<p><em><strong>Friss lehelet b\u00e1rhol, b\u00e1rmikor \u2013 term\u00e9szetes \u00f6sszetev\u0151kkel<\/strong><\/em><\/p>\n<\/p><\/div>\n<div data-wtai-block-id=\"wtai_excerpt_introduction\" class=\"wtai-section wtai-introduction-section\">\n<p>Semmi sem hasonl\u00edthat\u00f3 ahhoz a magabiztoss\u00e1ghoz, amit egy tiszta, \u00fcde lehelet adhat a mindennapokban. Ez a k\u00e9nyelmes l\u00e9gfriss\u00edt\u0151 spray gyors felfriss\u00fcl\u00e9st k\u00edn\u00e1l, legyen sz\u00f3 munk\u00e1r\u00f3l, randir\u00f3l vagy egy gyors tal\u00e1lkoz\u00f3r\u00f3l. A herbater\u00e1pi\u00e1s formul\u00e1ja term\u00e9szetes alap\u00fa \u00f6sszetev\u0151kkel \u2013 p\u00e9ld\u00e1ul xilitollal \u2013 gondoskodik r\u00f3la, hogy a leheleted mindig meggy\u0151z\u0151en friss maradjon, r\u00e1ad\u00e1sul cukor \u00e9s aeroszol n\u00e9lk\u00fcl. F\u00fajj magabiztoss\u00e1got a napodba, \u00e9s \u00e9lvezd az igazi frissess\u00e9g \u00e9rz\u00e9s\u00e9t minden pillanatban.<\/p>\n<\/p><\/div>\n","protected":false},"featured_media":15916,"comment_status":"open","ping_status":"closed","template":"","meta":[],"product_brand":[],"product_cat":[211],"product_tag":[],"class_list":{"0":"post-35588","1":"product","2":"type-product","3":"status-publish","4":"has-post-thumbnail","6":"product_cat-szepsegapolas-wellness","8":"first","9":"instock","10":"shipping-taxable","11":"purchasable","12":"product-type-simple"},"bundled_by":[],"bundle_stock_status":"instock","bundle_stock_quantity":null,"bundle_virtual":false,"bundle_layout":"","bundle_add_to_cart_form_location":"","bundle_editable_in_cart":false,"bundle_sold_individually_context":"","bundle_item_grouping":"","bundle_min_size":"","bundle_max_size":"","bundle_price":[],"bundled_items":[],"bundle_sell_ids":[],"yoast_head":"<!-- This site is optimized with the Yoast SEO plugin v25.2 - https:\/\/yoast.com\/wordpress\/plugins\/seo\/ -->\n<title>Fedezd fel Dentiste Plus L\u00e9gfriss\u00edt\u0151 Spray Frissess\u00e9g\u00e9t Mindennap<\/title>\n<meta name=\"description\" content=\"Kifinomult l\u00e9gfriss\u00edt\u00e9s zsebre szabva: a Dentiste Plus L\u00e9gfriss\u00edt\u0151 Spray xilitollal, cukormentesen \u00e9s gy\u00f3gyn\u00f6v\u00e9nyekkel gondoskodik az azonnali, hosszan tart\u00f3 friss leheletr\u0151l.\" \/>\n<meta name=\"robots\" content=\"index, follow, max-snippet:-1, max-image-preview:large, max-video-preview:-1\" \/>\n<link rel=\"canonical\" href=\"https:\/\/demostore.ai\/hu\/termek\/dentiste-plus-legfrissito-spray\/\" \/>\n<meta property=\"og:type\" content=\"article\" \/>\n<meta property=\"og:title\" content=\"Fedezd fel Dentiste Plus L\u00e9gfriss\u00edt\u0151 Spray Frissess\u00e9g\u00e9t Mindennap\" \/>\n<meta property=\"og:description\" content=\"Val\u00f3di frissess\u00e9g percek alatt: a Dentiste Plus L\u00e9gfriss\u00edt\u0151 Spray gy\u00f3gyn\u00f6v\u00e9nyekkel, xilitollal \u00e9s cukor n\u00e9lk\u00fcl gondoskodik a friss leheletr\u0151l b\u00e1rhol, b\u00e1rmikor.\" \/>\n<meta property=\"og:url\" content=\"https:\/\/demostore.ai\/hu\/termek\/dentiste-plus-legfrissito-spray\/\" \/>\n<meta property=\"og:site_name\" content=\"Trendy Thread\" \/>\n<meta property=\"article:modified_time\" content=\"2026-02-20T03:43:51+00:00\" \/>\n<meta property=\"og:image\" content=\"https:\/\/demostore.ai\/wp-content\/uploads\/2025\/06\/Breathspray-1-scaled-1.png\" \/>\n\t<meta property=\"og:image:width\" content=\"380\" \/>\n\t<meta property=\"og:image:height\" content=\"1000\" \/>\n\t<meta property=\"og:image:type\" content=\"image\/png\" \/>\n<meta name=\"twitter:card\" content=\"summary_large_image\" \/>\n<meta name=\"twitter:title\" content=\"Fedezd fel Dentiste Plus L\u00e9gfriss\u00edt\u0151 Spray Frissess\u00e9g\u00e9t Mindennap\" \/>\n<meta name=\"twitter:description\" content=\"Val\u00f3di frissess\u00e9g percek alatt: a Dentiste Plus L\u00e9gfriss\u00edt\u0151 Spray gy\u00f3gyn\u00f6v\u00e9nyekkel, xilitollal \u00e9s cukor n\u00e9lk\u00fcl gondoskodik a friss leheletr\u0151l b\u00e1rhol, b\u00e1rmikor.\" \/>\n<meta name=\"twitter:label1\" content=\"Becs\u00fclt olvas\u00e1si id\u0151\" \/>\n\t<meta name=\"twitter:data1\" content=\"1 perc\" \/>\n<script type=\"application\/ld+json\" class=\"yoast-schema-graph\">{\"@context\":\"https:\/\/schema.org\",\"@graph\":[{\"@type\":\"WebPage\",\"@id\":\"https:\/\/demostore.ai\/hu\/termek\/dentiste-plus-legfrissito-spray\/\",\"url\":\"https:\/\/demostore.ai\/hu\/termek\/dentiste-plus-legfrissito-spray\/\",\"name\":\"Fedezd fel Dentiste Plus L\u00e9gfriss\u00edt\u0151 Spray Frissess\u00e9g\u00e9t Mindennap\",\"isPartOf\":{\"@id\":\"https:\/\/demostore.ai\/hu\/#website\"},\"primaryImageOfPage\":{\"@id\":\"https:\/\/demostore.ai\/hu\/termek\/dentiste-plus-legfrissito-spray\/#primaryimage\"},\"image\":{\"@id\":\"https:\/\/demostore.ai\/hu\/termek\/dentiste-plus-legfrissito-spray\/#primaryimage\"},\"thumbnailUrl\":\"https:\/\/demostore.ai\/wp-content\/uploads\/2025\/06\/Breathspray-1-scaled-1.png\",\"datePublished\":\"2025-06-13T00:44:05+00:00\",\"dateModified\":\"2026-02-20T03:43:51+00:00\",\"description\":\"Kifinomult l\u00e9gfriss\u00edt\u00e9s zsebre szabva: a Dentiste Plus L\u00e9gfriss\u00edt\u0151 Spray xilitollal, cukormentesen \u00e9s gy\u00f3gyn\u00f6v\u00e9nyekkel gondoskodik az azonnali, hosszan tart\u00f3 friss leheletr\u0151l.\",\"breadcrumb\":{\"@id\":\"https:\/\/demostore.ai\/hu\/termek\/dentiste-plus-legfrissito-spray\/#breadcrumb\"},\"inLanguage\":\"hu\",\"potentialAction\":[{\"@type\":\"ReadAction\",\"target\":[\"https:\/\/demostore.ai\/hu\/termek\/dentiste-plus-legfrissito-spray\/\"]}]},{\"@type\":\"ImageObject\",\"inLanguage\":\"hu\",\"@id\":\"https:\/\/demostore.ai\/hu\/termek\/dentiste-plus-legfrissito-spray\/#primaryimage\",\"url\":\"https:\/\/demostore.ai\/wp-content\/uploads\/2025\/06\/Breathspray-1-scaled-1.png\",\"contentUrl\":\"https:\/\/demostore.ai\/wp-content\/uploads\/2025\/06\/Breathspray-1-scaled-1.png\",\"width\":380,\"height\":1000,\"caption\":\"Dentiste Plus L\u00e9gfriss\u00edt\u0151 Spray term\u00e9k, gy\u00f3gyn\u00f6v\u00e9nyes friss leheletet biztos\u00edt\u00f3 spray z\u00f6ld levelekkel a c\u00edmk\u00e9n.\"},{\"@type\":\"BreadcrumbList\",\"@id\":\"https:\/\/demostore.ai\/hu\/termek\/dentiste-plus-legfrissito-spray\/#breadcrumb\",\"itemListElement\":[{\"@type\":\"ListItem\",\"position\":1,\"name\":\"F\u0151oldal\",\"item\":\"https:\/\/demostore.ai\/hu\/\"},{\"@type\":\"ListItem\",\"position\":2,\"name\":\"Bolt\",\"item\":\"https:\/\/demostore.ai\/hu\/bolt\/\"},{\"@type\":\"ListItem\",\"position\":3,\"name\":\"Dentiste Plus L\u00e9gfriss\u00edt\u0151 Spray\"}]},{\"@type\":\"WebSite\",\"@id\":\"https:\/\/demostore.ai\/hu\/#website\",\"url\":\"https:\/\/demostore.ai\/hu\/\",\"name\":\"Trendy Thread\",\"description\":\"WriteText.ai bemutat\u00f3bolt\",\"publisher\":{\"@id\":\"https:\/\/demostore.ai\/hu\/#organization\"},\"potentialAction\":[{\"@type\":\"SearchAction\",\"target\":{\"@type\":\"EntryPoint\",\"urlTemplate\":\"https:\/\/demostore.ai\/hu\/?s={search_term_string}\"},\"query-input\":{\"@type\":\"PropertyValueSpecification\",\"valueRequired\":true,\"valueName\":\"search_term_string\"}}],\"inLanguage\":\"hu\"},{\"@type\":\"Organization\",\"@id\":\"https:\/\/demostore.ai\/hu\/#organization\",\"name\":\"WriteText.ai\",\"url\":\"https:\/\/demostore.ai\/hu\/\",\"logo\":{\"@type\":\"ImageObject\",\"inLanguage\":\"hu\",\"@id\":\"https:\/\/demostore.ai\/hu\/#\/schema\/logo\/image\/\",\"url\":\"https:\/\/demostore.ai\/wp-content\/uploads\/2025\/10\/writetext_logo.webp\",\"contentUrl\":\"https:\/\/demostore.ai\/wp-content\/uploads\/2025\/10\/writetext_logo.webp\",\"width\":200,\"height\":34,\"caption\":\"WriteText.ai\"},\"image\":{\"@id\":\"https:\/\/demostore.ai\/hu\/#\/schema\/logo\/image\/\"}}]}<\/script>\n<!-- \/ Yoast SEO plugin. -->","yoast_head_json":{"title":"Fedezd fel Dentiste Plus L\u00e9gfriss\u00edt\u0151 Spray Frissess\u00e9g\u00e9t Mindennap","description":"Kifinomult l\u00e9gfriss\u00edt\u00e9s zsebre szabva: a Dentiste Plus L\u00e9gfriss\u00edt\u0151 Spray xilitollal, cukormentesen \u00e9s gy\u00f3gyn\u00f6v\u00e9nyekkel gondoskodik az azonnali, hosszan tart\u00f3 friss leheletr\u0151l.","robots":{"index":"index","follow":"follow","max-snippet":"max-snippet:-1","max-image-preview":"max-image-preview:large","max-video-preview":"max-video-preview:-1"},"canonical":"https:\/\/demostore.ai\/hu\/termek\/dentiste-plus-legfrissito-spray\/","og_type":"article","og_title":"Fedezd fel Dentiste Plus L\u00e9gfriss\u00edt\u0151 Spray Frissess\u00e9g\u00e9t Mindennap","og_description":"Val\u00f3di frissess\u00e9g percek alatt: a Dentiste Plus L\u00e9gfriss\u00edt\u0151 Spray gy\u00f3gyn\u00f6v\u00e9nyekkel, xilitollal \u00e9s cukor n\u00e9lk\u00fcl gondoskodik a friss leheletr\u0151l b\u00e1rhol, b\u00e1rmikor.","og_url":"https:\/\/demostore.ai\/hu\/termek\/dentiste-plus-legfrissito-spray\/","og_site_name":"Trendy Thread","article_modified_time":"2026-02-20T03:43:51+00:00","og_image":[{"width":380,"height":1000,"url":"https:\/\/demostore.ai\/wp-content\/uploads\/2025\/06\/Breathspray-1-scaled-1.png","type":"image\/png"}],"twitter_card":"summary_large_image","twitter_title":"Fedezd fel Dentiste Plus L\u00e9gfriss\u00edt\u0151 Spray Frissess\u00e9g\u00e9t Mindennap","twitter_description":"Val\u00f3di frissess\u00e9g percek alatt: a Dentiste Plus L\u00e9gfriss\u00edt\u0151 Spray gy\u00f3gyn\u00f6v\u00e9nyekkel, xilitollal \u00e9s cukor n\u00e9lk\u00fcl gondoskodik a friss leheletr\u0151l b\u00e1rhol, b\u00e1rmikor.","twitter_misc":{"Becs\u00fclt olvas\u00e1si id\u0151":"1 perc"},"schema":{"@context":"https:\/\/schema.org","@graph":[{"@type":"WebPage","@id":"https:\/\/demostore.ai\/hu\/termek\/dentiste-plus-legfrissito-spray\/","url":"https:\/\/demostore.ai\/hu\/termek\/dentiste-plus-legfrissito-spray\/","name":"Fedezd fel Dentiste Plus L\u00e9gfriss\u00edt\u0151 Spray Frissess\u00e9g\u00e9t Mindennap","isPartOf":{"@id":"https:\/\/demostore.ai\/hu\/#website"},"primaryImageOfPage":{"@id":"https:\/\/demostore.ai\/hu\/termek\/dentiste-plus-legfrissito-spray\/#primaryimage"},"image":{"@id":"https:\/\/demostore.ai\/hu\/termek\/dentiste-plus-legfrissito-spray\/#primaryimage"},"thumbnailUrl":"https:\/\/demostore.ai\/wp-content\/uploads\/2025\/06\/Breathspray-1-scaled-1.png","datePublished":"2025-06-13T00:44:05+00:00","dateModified":"2026-02-20T03:43:51+00:00","description":"Kifinomult l\u00e9gfriss\u00edt\u00e9s zsebre szabva: a Dentiste Plus L\u00e9gfriss\u00edt\u0151 Spray xilitollal, cukormentesen \u00e9s gy\u00f3gyn\u00f6v\u00e9nyekkel gondoskodik az azonnali, hosszan tart\u00f3 friss leheletr\u0151l.","breadcrumb":{"@id":"https:\/\/demostore.ai\/hu\/termek\/dentiste-plus-legfrissito-spray\/#breadcrumb"},"inLanguage":"hu","potentialAction":[{"@type":"ReadAction","target":["https:\/\/demostore.ai\/hu\/termek\/dentiste-plus-legfrissito-spray\/"]}]},{"@type":"ImageObject","inLanguage":"hu","@id":"https:\/\/demostore.ai\/hu\/termek\/dentiste-plus-legfrissito-spray\/#primaryimage","url":"https:\/\/demostore.ai\/wp-content\/uploads\/2025\/06\/Breathspray-1-scaled-1.png","contentUrl":"https:\/\/demostore.ai\/wp-content\/uploads\/2025\/06\/Breathspray-1-scaled-1.png","width":380,"height":1000,"caption":"Dentiste Plus L\u00e9gfriss\u00edt\u0151 Spray term\u00e9k, gy\u00f3gyn\u00f6v\u00e9nyes friss leheletet biztos\u00edt\u00f3 spray z\u00f6ld levelekkel a c\u00edmk\u00e9n."},{"@type":"BreadcrumbList","@id":"https:\/\/demostore.ai\/hu\/termek\/dentiste-plus-legfrissito-spray\/#breadcrumb","itemListElement":[{"@type":"ListItem","position":1,"name":"F\u0151oldal","item":"https:\/\/demostore.ai\/hu\/"},{"@type":"ListItem","position":2,"name":"Bolt","item":"https:\/\/demostore.ai\/hu\/bolt\/"},{"@type":"ListItem","position":3,"name":"Dentiste Plus L\u00e9gfriss\u00edt\u0151 Spray"}]},{"@type":"WebSite","@id":"https:\/\/demostore.ai\/hu\/#website","url":"https:\/\/demostore.ai\/hu\/","name":"Trendy Thread","description":"WriteText.ai bemutat\u00f3bolt","publisher":{"@id":"https:\/\/demostore.ai\/hu\/#organization"},"potentialAction":[{"@type":"SearchAction","target":{"@type":"EntryPoint","urlTemplate":"https:\/\/demostore.ai\/hu\/?s={search_term_string}"},"query-input":{"@type":"PropertyValueSpecification","valueRequired":true,"valueName":"search_term_string"}}],"inLanguage":"hu"},{"@type":"Organization","@id":"https:\/\/demostore.ai\/hu\/#organization","name":"WriteText.ai","url":"https:\/\/demostore.ai\/hu\/","logo":{"@type":"ImageObject","inLanguage":"hu","@id":"https:\/\/demostore.ai\/hu\/#\/schema\/logo\/image\/","url":"https:\/\/demostore.ai\/wp-content\/uploads\/2025\/10\/writetext_logo.webp","contentUrl":"https:\/\/demostore.ai\/wp-content\/uploads\/2025\/10\/writetext_logo.webp","width":200,"height":34,"caption":"WriteText.ai"},"image":{"@id":"https:\/\/demostore.ai\/hu\/#\/schema\/logo\/image\/"}}]}},"_links":{"self":[{"href":"https:\/\/demostore.ai\/hu\/wp-json\/wp\/v2\/product\/35588","targetHints":{"allow":["GET"]}}],"collection":[{"href":"https:\/\/demostore.ai\/hu\/wp-json\/wp\/v2\/product"}],"about":[{"href":"https:\/\/demostore.ai\/hu\/wp-json\/wp\/v2\/types\/product"}],"replies":[{"embeddable":true,"href":"https:\/\/demostore.ai\/hu\/wp-json\/wp\/v2\/comments?post=35588"}],"wp:featuredmedia":[{"embeddable":true,"href":"https:\/\/demostore.ai\/hu\/wp-json\/wp\/v2\/media\/15916"}],"wp:attachment":[{"href":"https:\/\/demostore.ai\/hu\/wp-json\/wp\/v2\/media?parent=35588"}],"wp:term":[{"taxonomy":"product_brand","embeddable":true,"href":"https:\/\/demostore.ai\/hu\/wp-json\/wp\/v2\/product_brand?post=35588"},{"taxonomy":"product_cat","embeddable":true,"href":"https:\/\/demostore.ai\/hu\/wp-json\/wp\/v2\/product_cat?post=35588"},{"taxonomy":"product_tag","embeddable":true,"href":"https:\/\/demostore.ai\/hu\/wp-json\/wp\/v2\/product_tag?post=35588"}],"curies":[{"name":"wp","href":"https:\/\/api.w.org\/{rel}","templated":true}]}}