{"id":35498,"date":"2025-06-16T09:44:24","date_gmt":"2025-06-16T01:44:24","guid":{"rendered":"https:\/\/demostore.ai\/?post_type=product&#038;p=35498"},"modified":"2026-02-20T11:22:47","modified_gmt":"2026-02-20T03:22:47","slug":"piros-modern-kanape","status":"publish","type":"product","link":"https:\/\/demostore.ai\/hu\/termek\/piros-modern-kanape\/","title":{"rendered":"Piros Modern Kanap\u00e9"},"content":{"rendered":"<section data-wtai-block-id=\"wtai_product_description_features\" class=\"wtai-section wtai-features-section\">\n<h2>F\u0151bb jellemz\u0151k<\/h2>\n<ul>\n<li><strong>Modern megjelen\u00e9s<\/strong>: Letisztult vonalak \u00e9s \u00e9l\u00e9nk piros sz\u00edn, amely azonnal feldobja a helyis\u00e9get.<\/li>\n<li><strong>Komfortos \u00fcl\u0151fel\u00fclet<\/strong>: K\u00e9nyelmes, k\u00f6zepesen kem\u00e9ny szivacsb\u00e9l\u00e9ssel, amely hosszabb haszn\u00e1lat sor\u00e1n is megtartja form\u00e1j\u00e1t.<\/li>\n<li><strong>Tart\u00f3s k\u00e1rpit<\/strong>: Min\u0151s\u00e9gi, sz\u00f6v\u00f6tt anyagb\u00f3l k\u00e9sz\u00fclt, ellen\u00e1ll\u00f3, k\u00f6nnyen tiszt\u00edthat\u00f3 fel\u00fclettel.<\/li>\n<li><strong>St\u00edlusos gombd\u00edsz\u00edt\u00e9s<\/strong>: Eleg\u00e1ns gombok a h\u00e1tt\u00e1ml\u00e1n, melyek modern karaktert adnak a kanap\u00e9nak.<\/li>\n<li><strong>Kivehet\u0151 p\u00e1rn\u00e1k<\/strong>: K\u00e9t darab semleges sz\u00edn\u0171, puha d\u00edszp\u00e1rna, amelyek tov\u00e1bb n\u00f6velik a k\u00e9nyelmet.<\/li>\n<li><strong>Stabil l\u00e1bak<\/strong>: Massz\u00edv, s\u00f6t\u00e9t sz\u00edn\u0171 l\u00e1bak biztos\u00edtj\u00e1k a kanap\u00e9 stabilit\u00e1s\u00e1t \u00e9s hossz\u00fa \u00e9lettartam\u00e1t.<\/li>\n<\/ul>\n<\/section>\n<div data-wtai-block-id=\"wtai_product_description_image_1754207315479\" class=\"wtai-section wtai-image_1754207315479-section\">\n<figure class=\"wtai-image-p wtai-align-center\" style=\"text-align:center\"><img decoding=\"async\" src=\"https:\/\/demostore.ai\/wp-content\/uploads\/2025\/06\/Couch-2-1-600x402.png\" alt=\"Piros modern kanap\u00e9 k\u00e9t sz\u00fcrke d\u00edszp\u00e1rn\u00e1val, term\u00e9koldali bemutat\u00f3.\" srcset=\"https:\/\/demostore.ai\/wp-content\/uploads\/2025\/06\/Couch-2-1.png 1000w, https:\/\/demostore.ai\/wp-content\/uploads\/2025\/06\/Couch-2-1-300x201.png 300w, https:\/\/demostore.ai\/wp-content\/uploads\/2025\/06\/Couch-2-1-768x515.png 768w, https:\/\/demostore.ai\/wp-content\/uploads\/2025\/06\/Couch-2-1-600x402.png 600w\"><figcaption>\n<p>A felt\u0171n\u0151 piros k\u00e1rpitoz\u00e1s letisztult, modern form\u00e1t alkot, k\u00e9t vil\u00e1gos d\u00edszp\u00e1rn\u00e1val kieg\u00e9sz\u00edtve.<\/p>\n<\/figcaption><\/figure>\n<\/p><\/div>\n<section data-wtai-block-id=\"wtai_product_description_technical_specifications\" class=\"wtai-section wtai-technical_specifications-section\">\n<h2>R\u00e9szletek<\/h2>\n<ul>\n<li><strong>M\u00e9ret<\/strong>: 190 cm \u00d7 85 cm \u00d7 85 cm<\/li>\n<li><strong>Sz\u00edn<\/strong>: \u00c9l\u00e9nk piros k\u00e1rpit, sz\u00fcrke d\u00edszp\u00e1rn\u00e1kkal<\/li>\n<li><strong>V\u00e1z anyaga<\/strong>: F\u00e1b\u00f3l, ac\u00e9l meger\u0151s\u00edt\u00e9ssel<\/li>\n<li><strong>Maxim\u00e1lis teherb\u00edr\u00e1s<\/strong>: 250 kg<\/li>\n<\/ul>\n<\/section>\n<div data-wtai-block-id=\"wtai_product_description_image_1754207334585\" class=\"wtai-section wtai-image_1754207334585-section\">\n<figure class=\"wtai-image-p wtai-align-center\" style=\"text-align:center\"><img decoding=\"async\" src=\"https:\/\/demostore.ai\/wp-content\/uploads\/2025\/06\/Couch-4.png\" alt=\"Piros modern kanap\u00e9, vil\u00e1gossz\u00fcrke p\u00e1rn\u00e1val, term\u00e9koldalon bemutatva.\" srcset=\"https:\/\/demostore.ai\/wp-content\/uploads\/2025\/06\/Couch-4.png 528w, https:\/\/demostore.ai\/wp-content\/uploads\/2025\/06\/Couch-4-200x300.png 200w\"><figcaption>\n<p>A kanap\u00e9 finoman lekerek\u00edtett karf\u00e1ja \u00e9s textur\u00e1lt sz\u00f6vete otthonos, modern hangulatot teremt.<\/p>\n<\/figcaption><\/figure>\n<\/p><\/div>\n<section data-wtai-block-id=\"wtai_product_description_use_cases\" class=\"wtai-section wtai-use_cases-section\">\n<h2>Felhaszn\u00e1l\u00e1si lehet\u0151s\u00e9gek<\/h2>\n<ul>\n<li><strong>Nappali k\u00f6zponti eleme<\/strong>: Otthonos, modern hangulatot visz a mindennapokba \u00e9s vend\u00e9gfogad\u00e1skor is st\u00edlust ad.<\/li>\n<li><strong>Irodai v\u00e1r\u00f3helyis\u00e9g<\/strong>: K\u00e9nyelmes \u00fcl\u0151alkalmatoss\u00e1g \u00fcgyfelek vagy koll\u00e9g\u00e1k sz\u00e1m\u00e1ra is.<\/li>\n<li><strong>El\u0151szobai \u00fcl\u0151hely<\/strong>: Ide\u00e1lis cip\u0151felv\u00e9telhez vagy r\u00f6vid megpihen\u00e9shez a bej\u00e1ratn\u00e1l.<\/li>\n<li><strong>Aj\u00e1nd\u00e9k \u00faj otthonba<\/strong>: Praktikus \u00e9s mutat\u00f3s b\u00fatordarab h\u00e1zavat\u00f3 vagy lak\u00e1savat\u00f3 aj\u00e1nd\u00e9kk\u00e9nt.<\/li>\n<\/ul>\n<\/section>\n<section data-wtai-block-id=\"wtai_product_description_custom_1754207271771\" class=\"wtai-section wtai-custom_1754207271771-section\">\n<h2>Egyszer\u0171 tippek a Piros Modern Kanap\u00e9 meg\u00f3v\u00e1s\u00e1hoz<\/h2>\n<ul>\n<li>Porsz\u00edv\u00f3zd \u00e1t a kanap\u00e9t hetente, hogy a por \u00e9s a szennyez\u0151d\u00e9sek ne rak\u00f3djanak le.<\/li>\n<li>Azonnal itasd fel a ki\u00f6ml\u00f6tt folyad\u00e9kokat sz\u00e1raz textillel, \u00edgy elker\u00fclheted a foltok kialakul\u00e1s\u00e1t.<\/li>\n<li>Ker\u00fcld a k\u00f6zvetlen napf\u00e9nyt \u00e9s a radi\u00e1tor k\u00f6zels\u00e9g\u00e9t, hogy az anyag sz\u00edne sok\u00e1ig \u00e9l\u00e9nk maradjon.<\/li>\n<li>Forgasd rendszeresen a p\u00e1rn\u00e1kat, hogy a kanap\u00e9 huzata \u00e9s form\u00e1ja meg\u0151rizze eredeti \u00e1llapot\u00e1t.<\/li>\n<\/ul>\n<\/section>\n<section data-wtai-block-id=\"wtai_product_description_faqs\" class=\"wtai-section wtai-faqs-section\">\n<h2>Gyakran Ism\u00e9telt K\u00e9rd\u00e9sek<\/h2>\n<p><strong>K\u00f6nnyen tiszt\u00edthat\u00f3 a kanap\u00e9 k\u00e1rpitja?<\/strong> <br \/> Igen, a strapab\u00edr\u00f3 sz\u00f6vet k\u00e1rpit enyh\u00e9n nedves ruh\u00e1val \u00e9s k\u00edm\u00e9l\u0151 tiszt\u00edt\u00f3szerrel egyszer\u0171en tiszt\u00e1n tarthat\u00f3.<\/p>\n<p><strong>Mennyi s\u00falyt b\u00edr el biztons\u00e1gosan a kanap\u00e9?<\/strong> <br \/> A kanap\u00e9 maxim\u00e1lis terhelhet\u0151s\u00e9ge 250 kg, \u00edgy k\u00e9t-h\u00e1rom f\u0151 sz\u00e1m\u00e1ra is k\u00e9nyelmes \u00e9s stabil.<\/p>\n<p><strong>Sz\u00e1ll\u00edt\u00e1ssal vagy \u00f6sszeszerel\u00e9ssel kapcsolatos tennival\u00f3 van?<\/strong> <br \/> A kanap\u00e9 n\u00e9h\u00e1ny egyszer\u0171 l\u00e9p\u00e9sben \u00f6sszeszerelhet\u0151, a l\u00e1bak k\u00f6nnyen felszerelhet\u0151ek hozz\u00e1.<\/p>\n<p><strong>Levehet\u0151k-e a d\u00edszp\u00e1rn\u00e1k huzatai?<\/strong> <br \/> A sz\u00fcrke d\u00edszp\u00e1rnahuzatok nem levehet\u0151ek, de nedves szivaccsal tiszt\u00edthat\u00f3k.<\/p>\n<p><strong>Mely helyis\u00e9gekhez aj\u00e1nlott els\u0151sorban?<\/strong> <br \/> T\u00f6k\u00e9letes v\u00e1laszt\u00e1s nappaliba, irod\u00e1ba, el\u0151szob\u00e1ba vagy kisebb t\u00e1rsalg\u00f3kba.<\/p>\n<\/section>\n<section data-wtai-block-id=\"wtai_product_description_conclusion\" class=\"wtai-section wtai-conclusion-section\">\n<h2>Fedezze fel a piros kanap\u00e9 el\u0151nyeit<\/h2>\n<p><strong>Ez a modern piros kanap\u00e9 k\u00f6nnyed frissess\u00e9get \u00e9s k\u00e9nyelmet ny\u00fajt b\u00e1rmely helyis\u00e9gben.<\/strong> <strong>Letisztult formavil\u00e1g\u00e1val, strapab\u00edr\u00f3 anyagaival \u00e9s tart\u00f3s kialak\u00edt\u00e1s\u00e1val hossz\u00fa t\u00e1von is otthona \u00e9ke lesz.<\/strong> <strong>Ne hagyja ki ezt a lehet\u0151s\u00e9get, hogy sz\u00ednt \u00e9s egyedi st\u00edlust vigyen lak\u00e1s\u00e1ba vagy irod\u00e1j\u00e1ba\u2014v\u00e1lassza most a k\u00f6vetkez\u0151 kedvenc \u00fcl\u0151hely\u00e9t!<\/strong><\/p>\n<\/section>\n","protected":false},"excerpt":{"rendered":"<div data-wtai-block-id=\"wtai_excerpt_subtitle\" class=\"wtai-section wtai-subtitle-section\">\n<p><em><strong>Letisztult, modern forma \u00e9l\u00e9nk piros \u00e1rnyalatban \u2013 figyelemfelkelt\u0151 k\u00e9nyelem minden helyis\u00e9gben.<\/strong><\/em><\/p>\n<\/p><\/div>\n<div data-wtai-block-id=\"wtai_excerpt_introduction\" class=\"wtai-section wtai-introduction-section\">\n<p>Egy otthonos t\u00e9r kialak\u00edt\u00e1sa mindig \u00faj lend\u00fcletet ad a mindennapokhoz. Ez a piros modern kanap\u00e9 st\u00edlust \u00e9s frissess\u00e9get visz b\u00e1rmilyen irod\u00e1ba vagy nappaliba, mik\u00f6zben k\u00e9nyelmes \u00fcl\u0151helyet k\u00edn\u00e1l. L\u00e1gy tapint\u00e1s\u00fa, finom textilbor\u00edt\u00e1ssal \u00e9s egyszer\u0171 vonalvezet\u00e9s\u00e9vel k\u00f6nnyen igazodik a modern enteri\u0151r\u00f6kh\u00f6z. A k\u00e9t visszafogott d\u00edszp\u00e1rna harmonikus egyens\u00falyt teremt, \u00edgy a kanap\u00e9 nemcsak praktikus, hanem mag\u00e1val ragad\u00f3 f\u00f3kuszpontja lehet a t\u00e9rnek.<\/p>\n<\/p><\/div>\n","protected":false},"featured_media":28503,"comment_status":"open","ping_status":"closed","template":"","meta":[],"product_brand":[],"product_cat":[129],"product_tag":[],"class_list":{"0":"post-35498","1":"product","2":"type-product","3":"status-publish","4":"has-post-thumbnail","6":"product_cat-otthon","8":"first","9":"instock","10":"shipping-taxable","11":"purchasable","12":"product-type-simple"},"bundled_by":[],"bundle_stock_status":"instock","bundle_stock_quantity":null,"bundle_virtual":false,"bundle_layout":"","bundle_add_to_cart_form_location":"","bundle_editable_in_cart":false,"bundle_sold_individually_context":"","bundle_item_grouping":"","bundle_min_size":"","bundle_max_size":"","bundle_price":[],"bundled_items":[],"bundle_sell_ids":[],"yoast_head":"<!-- This site is optimized with the Yoast SEO plugin v25.2 - https:\/\/yoast.com\/wordpress\/plugins\/seo\/ -->\n<title>Top-Rated Piros Modern Kanap\u00e9 Modern Designnal<\/title>\n<meta name=\"description\" content=\"P\u00e1ratlan lend\u00fclet a nappaliba modern designnal \u00e9s k\u00e9nyelmes \u00fcl\u0151fel\u00fclettel. Tart\u00f3s piros sz\u00f6vet, k\u00f6nny\u0171 tiszt\u00edt\u00e1s \u00e9s st\u00edlusos megjelen\u00e9s mindennapra.\" \/>\n<meta name=\"robots\" content=\"index, follow, max-snippet:-1, max-image-preview:large, max-video-preview:-1\" \/>\n<link rel=\"canonical\" href=\"https:\/\/demostore.ai\/hu\/termek\/piros-modern-kanape\/\" \/>\n<meta property=\"og:type\" content=\"article\" \/>\n<meta property=\"og:title\" content=\"Top-Rated Piros Modern Kanap\u00e9 Modern Designnal\" \/>\n<meta property=\"og:description\" content=\"Kiemelked\u0151 st\u00edlusos megjelen\u00e9s modern \u00e9s eleg\u00e1ns enteri\u0151r\u00f6kh\u00f6z. Tart\u00f3s piros sz\u00f6vet, k\u00e9nyelmes \u00fcl\u0151fel\u00fclet \u00e9s letisztult forma. Vigyen frissess\u00e9get otthon\u00e1ba vagy irod\u00e1j\u00e1ba!\" \/>\n<meta property=\"og:url\" content=\"https:\/\/demostore.ai\/hu\/termek\/piros-modern-kanape\/\" \/>\n<meta property=\"og:site_name\" content=\"Trendy Thread\" \/>\n<meta property=\"article:modified_time\" content=\"2026-02-20T03:22:47+00:00\" \/>\n<meta property=\"og:image\" content=\"https:\/\/demostore.ai\/wp-content\/uploads\/2025\/06\/Couch-1-1.png\" \/>\n\t<meta property=\"og:image:width\" content=\"1000\" \/>\n\t<meta property=\"og:image:height\" content=\"520\" \/>\n\t<meta property=\"og:image:type\" content=\"image\/png\" \/>\n<meta name=\"twitter:card\" content=\"summary_large_image\" \/>\n<meta name=\"twitter:title\" content=\"Top-Rated Piros Modern Kanap\u00e9 Modern Designnal\" \/>\n<meta name=\"twitter:description\" content=\"Kiemelked\u0151 st\u00edlusos megjelen\u00e9s modern \u00e9s eleg\u00e1ns enteri\u0151r\u00f6kh\u00f6z. Tart\u00f3s piros sz\u00f6vet, k\u00e9nyelmes \u00fcl\u0151fel\u00fclet \u00e9s letisztult forma. Vigyen frissess\u00e9get otthon\u00e1ba vagy irod\u00e1j\u00e1ba!\" \/>\n<meta name=\"twitter:label1\" content=\"Becs\u00fclt olvas\u00e1si id\u0151\" \/>\n\t<meta name=\"twitter:data1\" content=\"1 perc\" \/>\n<script type=\"application\/ld+json\" class=\"yoast-schema-graph\">{\"@context\":\"https:\/\/schema.org\",\"@graph\":[{\"@type\":\"WebPage\",\"@id\":\"https:\/\/demostore.ai\/hu\/termek\/piros-modern-kanape\/\",\"url\":\"https:\/\/demostore.ai\/hu\/termek\/piros-modern-kanape\/\",\"name\":\"Top-Rated Piros Modern Kanap\u00e9 Modern Designnal\",\"isPartOf\":{\"@id\":\"https:\/\/demostore.ai\/hu\/#website\"},\"primaryImageOfPage\":{\"@id\":\"https:\/\/demostore.ai\/hu\/termek\/piros-modern-kanape\/#primaryimage\"},\"image\":{\"@id\":\"https:\/\/demostore.ai\/hu\/termek\/piros-modern-kanape\/#primaryimage\"},\"thumbnailUrl\":\"https:\/\/demostore.ai\/wp-content\/uploads\/2025\/06\/Couch-1-1.png\",\"datePublished\":\"2025-06-16T01:44:24+00:00\",\"dateModified\":\"2026-02-20T03:22:47+00:00\",\"description\":\"P\u00e1ratlan lend\u00fclet a nappaliba modern designnal \u00e9s k\u00e9nyelmes \u00fcl\u0151fel\u00fclettel. Tart\u00f3s piros sz\u00f6vet, k\u00f6nny\u0171 tiszt\u00edt\u00e1s \u00e9s st\u00edlusos megjelen\u00e9s mindennapra.\",\"breadcrumb\":{\"@id\":\"https:\/\/demostore.ai\/hu\/termek\/piros-modern-kanape\/#breadcrumb\"},\"inLanguage\":\"hu\",\"potentialAction\":[{\"@type\":\"ReadAction\",\"target\":[\"https:\/\/demostore.ai\/hu\/termek\/piros-modern-kanape\/\"]}]},{\"@type\":\"ImageObject\",\"inLanguage\":\"hu\",\"@id\":\"https:\/\/demostore.ai\/hu\/termek\/piros-modern-kanape\/#primaryimage\",\"url\":\"https:\/\/demostore.ai\/wp-content\/uploads\/2025\/06\/Couch-1-1.png\",\"contentUrl\":\"https:\/\/demostore.ai\/wp-content\/uploads\/2025\/06\/Couch-1-1.png\",\"width\":1000,\"height\":520,\"caption\":\"Piros modern kanap\u00e9 k\u00e9t sz\u00fcrke p\u00e1rn\u00e1val, term\u00e9koldali bemutat\u00f3.\"},{\"@type\":\"BreadcrumbList\",\"@id\":\"https:\/\/demostore.ai\/hu\/termek\/piros-modern-kanape\/#breadcrumb\",\"itemListElement\":[{\"@type\":\"ListItem\",\"position\":1,\"name\":\"F\u0151oldal\",\"item\":\"https:\/\/demostore.ai\/hu\/\"},{\"@type\":\"ListItem\",\"position\":2,\"name\":\"Bolt\",\"item\":\"https:\/\/demostore.ai\/hu\/bolt\/\"},{\"@type\":\"ListItem\",\"position\":3,\"name\":\"Piros Modern Kanap\u00e9\"}]},{\"@type\":\"WebSite\",\"@id\":\"https:\/\/demostore.ai\/hu\/#website\",\"url\":\"https:\/\/demostore.ai\/hu\/\",\"name\":\"Trendy Thread\",\"description\":\"WriteText.ai bemutat\u00f3bolt\",\"publisher\":{\"@id\":\"https:\/\/demostore.ai\/hu\/#organization\"},\"potentialAction\":[{\"@type\":\"SearchAction\",\"target\":{\"@type\":\"EntryPoint\",\"urlTemplate\":\"https:\/\/demostore.ai\/hu\/?s={search_term_string}\"},\"query-input\":{\"@type\":\"PropertyValueSpecification\",\"valueRequired\":true,\"valueName\":\"search_term_string\"}}],\"inLanguage\":\"hu\"},{\"@type\":\"Organization\",\"@id\":\"https:\/\/demostore.ai\/hu\/#organization\",\"name\":\"WriteText.ai\",\"url\":\"https:\/\/demostore.ai\/hu\/\",\"logo\":{\"@type\":\"ImageObject\",\"inLanguage\":\"hu\",\"@id\":\"https:\/\/demostore.ai\/hu\/#\/schema\/logo\/image\/\",\"url\":\"https:\/\/demostore.ai\/wp-content\/uploads\/2025\/10\/writetext_logo.webp\",\"contentUrl\":\"https:\/\/demostore.ai\/wp-content\/uploads\/2025\/10\/writetext_logo.webp\",\"width\":200,\"height\":34,\"caption\":\"WriteText.ai\"},\"image\":{\"@id\":\"https:\/\/demostore.ai\/hu\/#\/schema\/logo\/image\/\"}}]}<\/script>\n<!-- \/ Yoast SEO plugin. -->","yoast_head_json":{"title":"Top-Rated Piros Modern Kanap\u00e9 Modern Designnal","description":"P\u00e1ratlan lend\u00fclet a nappaliba modern designnal \u00e9s k\u00e9nyelmes \u00fcl\u0151fel\u00fclettel. Tart\u00f3s piros sz\u00f6vet, k\u00f6nny\u0171 tiszt\u00edt\u00e1s \u00e9s st\u00edlusos megjelen\u00e9s mindennapra.","robots":{"index":"index","follow":"follow","max-snippet":"max-snippet:-1","max-image-preview":"max-image-preview:large","max-video-preview":"max-video-preview:-1"},"canonical":"https:\/\/demostore.ai\/hu\/termek\/piros-modern-kanape\/","og_type":"article","og_title":"Top-Rated Piros Modern Kanap\u00e9 Modern Designnal","og_description":"Kiemelked\u0151 st\u00edlusos megjelen\u00e9s modern \u00e9s eleg\u00e1ns enteri\u0151r\u00f6kh\u00f6z. Tart\u00f3s piros sz\u00f6vet, k\u00e9nyelmes \u00fcl\u0151fel\u00fclet \u00e9s letisztult forma. Vigyen frissess\u00e9get otthon\u00e1ba vagy irod\u00e1j\u00e1ba!","og_url":"https:\/\/demostore.ai\/hu\/termek\/piros-modern-kanape\/","og_site_name":"Trendy Thread","article_modified_time":"2026-02-20T03:22:47+00:00","og_image":[{"width":1000,"height":520,"url":"https:\/\/demostore.ai\/wp-content\/uploads\/2025\/06\/Couch-1-1.png","type":"image\/png"}],"twitter_card":"summary_large_image","twitter_title":"Top-Rated Piros Modern Kanap\u00e9 Modern Designnal","twitter_description":"Kiemelked\u0151 st\u00edlusos megjelen\u00e9s modern \u00e9s eleg\u00e1ns enteri\u0151r\u00f6kh\u00f6z. Tart\u00f3s piros sz\u00f6vet, k\u00e9nyelmes \u00fcl\u0151fel\u00fclet \u00e9s letisztult forma. Vigyen frissess\u00e9get otthon\u00e1ba vagy irod\u00e1j\u00e1ba!","twitter_misc":{"Becs\u00fclt olvas\u00e1si id\u0151":"1 perc"},"schema":{"@context":"https:\/\/schema.org","@graph":[{"@type":"WebPage","@id":"https:\/\/demostore.ai\/hu\/termek\/piros-modern-kanape\/","url":"https:\/\/demostore.ai\/hu\/termek\/piros-modern-kanape\/","name":"Top-Rated Piros Modern Kanap\u00e9 Modern Designnal","isPartOf":{"@id":"https:\/\/demostore.ai\/hu\/#website"},"primaryImageOfPage":{"@id":"https:\/\/demostore.ai\/hu\/termek\/piros-modern-kanape\/#primaryimage"},"image":{"@id":"https:\/\/demostore.ai\/hu\/termek\/piros-modern-kanape\/#primaryimage"},"thumbnailUrl":"https:\/\/demostore.ai\/wp-content\/uploads\/2025\/06\/Couch-1-1.png","datePublished":"2025-06-16T01:44:24+00:00","dateModified":"2026-02-20T03:22:47+00:00","description":"P\u00e1ratlan lend\u00fclet a nappaliba modern designnal \u00e9s k\u00e9nyelmes \u00fcl\u0151fel\u00fclettel. Tart\u00f3s piros sz\u00f6vet, k\u00f6nny\u0171 tiszt\u00edt\u00e1s \u00e9s st\u00edlusos megjelen\u00e9s mindennapra.","breadcrumb":{"@id":"https:\/\/demostore.ai\/hu\/termek\/piros-modern-kanape\/#breadcrumb"},"inLanguage":"hu","potentialAction":[{"@type":"ReadAction","target":["https:\/\/demostore.ai\/hu\/termek\/piros-modern-kanape\/"]}]},{"@type":"ImageObject","inLanguage":"hu","@id":"https:\/\/demostore.ai\/hu\/termek\/piros-modern-kanape\/#primaryimage","url":"https:\/\/demostore.ai\/wp-content\/uploads\/2025\/06\/Couch-1-1.png","contentUrl":"https:\/\/demostore.ai\/wp-content\/uploads\/2025\/06\/Couch-1-1.png","width":1000,"height":520,"caption":"Piros modern kanap\u00e9 k\u00e9t sz\u00fcrke p\u00e1rn\u00e1val, term\u00e9koldali bemutat\u00f3."},{"@type":"BreadcrumbList","@id":"https:\/\/demostore.ai\/hu\/termek\/piros-modern-kanape\/#breadcrumb","itemListElement":[{"@type":"ListItem","position":1,"name":"F\u0151oldal","item":"https:\/\/demostore.ai\/hu\/"},{"@type":"ListItem","position":2,"name":"Bolt","item":"https:\/\/demostore.ai\/hu\/bolt\/"},{"@type":"ListItem","position":3,"name":"Piros Modern Kanap\u00e9"}]},{"@type":"WebSite","@id":"https:\/\/demostore.ai\/hu\/#website","url":"https:\/\/demostore.ai\/hu\/","name":"Trendy Thread","description":"WriteText.ai bemutat\u00f3bolt","publisher":{"@id":"https:\/\/demostore.ai\/hu\/#organization"},"potentialAction":[{"@type":"SearchAction","target":{"@type":"EntryPoint","urlTemplate":"https:\/\/demostore.ai\/hu\/?s={search_term_string}"},"query-input":{"@type":"PropertyValueSpecification","valueRequired":true,"valueName":"search_term_string"}}],"inLanguage":"hu"},{"@type":"Organization","@id":"https:\/\/demostore.ai\/hu\/#organization","name":"WriteText.ai","url":"https:\/\/demostore.ai\/hu\/","logo":{"@type":"ImageObject","inLanguage":"hu","@id":"https:\/\/demostore.ai\/hu\/#\/schema\/logo\/image\/","url":"https:\/\/demostore.ai\/wp-content\/uploads\/2025\/10\/writetext_logo.webp","contentUrl":"https:\/\/demostore.ai\/wp-content\/uploads\/2025\/10\/writetext_logo.webp","width":200,"height":34,"caption":"WriteText.ai"},"image":{"@id":"https:\/\/demostore.ai\/hu\/#\/schema\/logo\/image\/"}}]}},"_links":{"self":[{"href":"https:\/\/demostore.ai\/hu\/wp-json\/wp\/v2\/product\/35498","targetHints":{"allow":["GET"]}}],"collection":[{"href":"https:\/\/demostore.ai\/hu\/wp-json\/wp\/v2\/product"}],"about":[{"href":"https:\/\/demostore.ai\/hu\/wp-json\/wp\/v2\/types\/product"}],"replies":[{"embeddable":true,"href":"https:\/\/demostore.ai\/hu\/wp-json\/wp\/v2\/comments?post=35498"}],"wp:featuredmedia":[{"embeddable":true,"href":"https:\/\/demostore.ai\/hu\/wp-json\/wp\/v2\/media\/28503"}],"wp:attachment":[{"href":"https:\/\/demostore.ai\/hu\/wp-json\/wp\/v2\/media?parent=35498"}],"wp:term":[{"taxonomy":"product_brand","embeddable":true,"href":"https:\/\/demostore.ai\/hu\/wp-json\/wp\/v2\/product_brand?post=35498"},{"taxonomy":"product_cat","embeddable":true,"href":"https:\/\/demostore.ai\/hu\/wp-json\/wp\/v2\/product_cat?post=35498"},{"taxonomy":"product_tag","embeddable":true,"href":"https:\/\/demostore.ai\/hu\/wp-json\/wp\/v2\/product_tag?post=35498"}],"curies":[{"name":"wp","href":"https:\/\/api.w.org\/{rel}","templated":true}]}}