{"id":35482,"date":"2025-06-16T09:14:12","date_gmt":"2025-06-16T01:14:12","guid":{"rendered":"https:\/\/demostore.ai\/?post_type=product&#038;p=35482"},"modified":"2026-02-20T11:17:10","modified_gmt":"2026-02-20T03:17:10","slug":"aquaflask-hoszigetelt-bogre","status":"publish","type":"product","link":"https:\/\/demostore.ai\/hu\/termek\/aquaflask-hoszigetelt-bogre\/","title":{"rendered":"Aquaflask H\u0151szigetelt B\u00f6gre"},"content":{"rendered":"<section data-wtai-block-id=\"wtai_product_description_use_cases\" class=\"wtai-section wtai-use_cases-section\">\n<h2>\u00cdgy haszn\u00e1ld ki az Aquaflask H\u0151szigetelt B\u00f6gre el\u0151nyeit<\/h2>\n<ul>\n<li>Ide\u00e1lis v\u00e1laszt\u00e1s ing\u00e1z\u00e1shoz, amikor megb\u00edzhat\u00f3 b\u00f6gr\u00e9re van sz\u00fcks\u00e9g az aut\u00f3ban vagy vonaton.<\/li>\n<li>Kiv\u00e1l\u00f3 t\u00e1rs irodai munka k\u00f6zben, hisz hossz\u00fa ideig melegen tartja a k\u00e1v\u00e9t vagy te\u00e1t.<\/li>\n<li>Kir\u00e1ndul\u00e1sokon \u00e9s szabadt\u00e9ri programokon is megtartja az ital h\u0151m\u00e9rs\u00e9klet\u00e9t, hogy mindig friss\u00edt\u0151 vagy forr\u00f3 italod legyen.<\/li>\n<li>Sportol\u00e1s el\u0151tt \u00e9s ut\u00e1n is praktikus, hiszen h\u0171t\u00f6tt italokat is magaddal vihetsz benne.<\/li>\n<li>Aj\u00e1nd\u00e9kba is t\u00f6k\u00e9letes, hiszen a modern diz\u00e1jn b\u00e1rmilyen \u00e9letst\u00edlushoz illik.<\/li>\n<\/ul>\n<\/section>\n<div data-wtai-block-id=\"wtai_product_description_image_1753694570766\" class=\"wtai-section wtai-image_1753694570766-section\">\n<figure class=\"wtai-image-p wtai-align-center\" style=\"text-align:center\"><img decoding=\"async\" src=\"https:\/\/demostore.ai\/wp-content\/uploads\/2025\/06\/Reusable-water-bottle-2-600x600.png\" alt=\"Aquaflask h\u0151szigetelt b\u00f6gre z\u00f6ld sz\u00ednben, rozsdamentes ac\u00e9l peremmel \u00e9s \u00e1tl\u00e1tsz\u00f3 fed\u0151vel.\" srcset=\"https:\/\/demostore.ai\/wp-content\/uploads\/2025\/06\/Reusable-water-bottle-2.png 1000w, https:\/\/demostore.ai\/wp-content\/uploads\/2025\/06\/Reusable-water-bottle-2-300x300.png 300w, https:\/\/demostore.ai\/wp-content\/uploads\/2025\/06\/Reusable-water-bottle-2-150x150.png 150w, https:\/\/demostore.ai\/wp-content\/uploads\/2025\/06\/Reusable-water-bottle-2-768x768.png 768w, https:\/\/demostore.ai\/wp-content\/uploads\/2025\/06\/Reusable-water-bottle-2-600x600.png 600w, https:\/\/demostore.ai\/wp-content\/uploads\/2025\/06\/Reusable-water-bottle-2-250x250.png 250w\"><figcaption>\n<p>A matt, ol\u00edvaz\u00f6ld fel\u00fclet eleg\u00e1nsan tal\u00e1lkozik a rozsdamentes peremmel \u00e9s letisztult form\u00e1val.<\/p>\n<\/figcaption><\/figure>\n<\/p><\/div>\n<section data-wtai-block-id=\"wtai_product_description_advantages\" class=\"wtai-section wtai-advantages-section\">\n<h2>Mi\u00e9rt v\u00e1laszd az Aquaflask H\u0151szigetelt B\u00f6gr\u00e9t?<\/h2>\n<ul>\n<li>A dupla fal\u00fa rozsdamentes ac\u00e9lszerkezet hat\u00e9konyan meg\u0151rzi az italok h\u0151m\u00e9rs\u00e9klet\u00e9t.<\/li>\n<li>Cseppmentes z\u00e1r\u00f3d\u00e1s\u00fa kupakja megakad\u00e1lyozza a sziv\u00e1rg\u00e1st utaz\u00e1s k\u00f6zben.<\/li>\n<li>A matt, cs\u00fasz\u00e1smentes fel\u00fclet biztos fog\u00e1st \u00e9s modern megjelen\u00e9st ny\u00fajt.<\/li>\n<li>Egyszer\u0171en tiszt\u00edthat\u00f3, \u00edgy mindennapos haszn\u00e1latra is t\u00f6k\u00e9letes v\u00e1laszt\u00e1s.<\/li>\n<\/ul>\n<\/section>\n<section data-wtai-block-id=\"wtai_product_description_benefits\" class=\"wtai-section wtai-benefits-section\">\n<h2>Hogyan jav\u00edtja a mindennapokat az Aquaflask H\u0151szigetelt B\u00f6gre?<\/h2>\n<ul>\n<li>Gyorsan kih\u0171l\u0151 italok probl\u00e9m\u00e1ja helyett stabilan meleg k\u00e1v\u00e9 vagy tea v\u00e1r eg\u00e9sz nap.<\/li>\n<li>Utaz\u00e1s k\u00f6zbeni ki\u00f6ml\u00e9sek helyett biztons\u00e1gos, lez\u00e1rhat\u00f3 kupak v\u00e9di a t\u00e1sk\u00e1dat \u00e9s ruh\u00e1dat.<\/li>\n<li>Nehezen tiszt\u00edthat\u00f3 b\u00f6gr\u00e9k helyett egyszer\u0171en moshat\u00f3 fel\u00fclet k\u00f6nny\u00edti a mindennapi rutint.<\/li>\n<li>Unalmas megjelen\u00e9s helyett st\u00edlusos, z\u00f6ld diz\u00e1jn teszi szem\u00e9lyess\u00e9 az italod elfogyaszt\u00e1s\u00e1t.<\/li>\n<\/ul>\n<\/section>\n<section data-wtai-block-id=\"wtai_product_description_technical_specifications\" class=\"wtai-section wtai-technical_specifications-section\">\n<h3>R\u00e9szletek<\/h3>\n<ul>\n<li><strong>Anyag:<\/strong> Rozsdamentes ac\u00e9l<\/li>\n<li><strong>Falvastags\u00e1g:<\/strong> Dupla fal\u00fa kialak\u00edt\u00e1s<\/li>\n<li><strong>T\u00e9rfogat:<\/strong> 500 ml<\/li>\n<li><strong>Fed\u00e9l:<\/strong> Sziv\u00e1rg\u00e1smentes m\u0171anyag kupak<\/li>\n<li><strong>Sz\u00edn:<\/strong> Katonaz\u00f6ld matt fel\u00fclet<\/li>\n<li><strong>Mosogat\u00f3g\u00e9p kompatibilit\u00e1s:<\/strong> K\u00e9zi mos\u00e1s aj\u00e1nlott<\/li>\n<li><strong>Magass\u00e1g:<\/strong> 18 cm<\/li>\n<li><strong>\u00c1tm\u00e9r\u0151:<\/strong> 8 cm<\/li>\n<\/ul>\n<\/section>\n<div data-wtai-block-id=\"wtai_product_description_image_1754224212429\" class=\"wtai-section wtai-image_1754224212429-section\">\n<figure class=\"wtai-image-p wtai-align-center\" style=\"text-align:center\"><img decoding=\"async\" src=\"https:\/\/demostore.ai\/wp-content\/uploads\/2025\/06\/Reusable-water-bottle-4-600x600.png\" alt=\"Aquaflask h\u0151szigetelt b\u00f6gre z\u00f6ld sz\u00ednben, fekete fed\u00e9llel \u00e9s feh\u00e9r log\u00f3val, term\u00e9kfot\u00f3.\" srcset=\"https:\/\/demostore.ai\/wp-content\/uploads\/2025\/06\/Reusable-water-bottle-4.png 1000w, https:\/\/demostore.ai\/wp-content\/uploads\/2025\/06\/Reusable-water-bottle-4-300x300.png 300w, https:\/\/demostore.ai\/wp-content\/uploads\/2025\/06\/Reusable-water-bottle-4-150x150.png 150w, https:\/\/demostore.ai\/wp-content\/uploads\/2025\/06\/Reusable-water-bottle-4-768x768.png 768w, https:\/\/demostore.ai\/wp-content\/uploads\/2025\/06\/Reusable-water-bottle-4-600x600.png 600w, https:\/\/demostore.ai\/wp-content\/uploads\/2025\/06\/Reusable-water-bottle-4-250x250.png 250w\"><figcaption>\n<p>Letisztult ol\u00edvaz\u00f6ld test, praktikus z\u00e1rhat\u00f3 fed\u00e9l \u00e9s rozsdamentes ac\u00e9l perem jellemzi.<\/p>\n<\/figcaption><\/figure>\n<\/p><\/div>\n<section data-wtai-block-id=\"wtai_product_description_faqs\" class=\"wtai-section wtai-faqs-section\">\n<h2>Gyakori k\u00e9rd\u00e9sek<\/h2>\n<p><strong>Meddig tartja melegen vagy hidegen az italt az Aquaflask H\u0151szigetelt B\u00f6gre?<\/strong> <br \/> A dupla fal\u00fa szigetel\u00e9snek k\u00f6sz\u00f6nhet\u0151en az italokat t\u00f6bb \u00f3r\u00e1n \u00e1t megtartja kiv\u00e1lasztott h\u0151m\u00e9rs\u00e9kleten.<\/p>\n<p><strong>Csepeg\u00e9smentes a b\u00f6gre kupakja?<\/strong> <br \/> Igen, a sziv\u00e1rg\u00e1smentes m\u0171anyag fed\u00e9l megb\u00edzhat\u00f3an v\u00e9di a folyad\u00e9kot a ki\u00f6ml\u00e9st\u0151l.<\/p>\n<p><strong>Mosogat\u00f3g\u00e9pben moshat\u00f3 a b\u00f6gre?<\/strong> <br \/> A k\u00e9zi mos\u00e1s aj\u00e1nlott a hosszabb \u00e9lettartam \u00e9s a matt fel\u00fclet v\u00e9delme \u00e9rdek\u00e9ben.<\/p>\n<p><strong>Haszn\u00e1lhat\u00f3 sz\u00e9nsavas italokhoz is?<\/strong> <br \/> Igen, a z\u00e1r\u00f3d\u00e1s j\u00f3, de sz\u00e9nsavas italok eset\u00e9n \u00f3vatosan nyisd ki a fedelet, hogy elker\u00fcld a felnyom\u00f3d\u00e1st.<\/p>\n<p><strong>Beilleszthet\u0151 aut\u00f3 poh\u00e1rtart\u00f3j\u00e1ba?<\/strong> <br \/> A 8 cm-es \u00e1tm\u00e9r\u0151 \u00e9s 18 cm-es magass\u00e1g r\u00e9v\u00e9n a legt\u00f6bb aut\u00f3s poh\u00e1rtart\u00f3val kompatibilis.<\/p>\n<\/section>\n<section data-wtai-block-id=\"wtai_product_description_conclusion\" class=\"wtai-section wtai-conclusion-section\">\n<h2>V\u00e1laszd a mindennapok k\u00e9nyelm\u00e9t most!<\/h2>\n<p><strong>Az Aquaflask H\u0151szigetelt B\u00f6gre t\u00f6k\u00e9letes t\u00e1rs a mozgalmas napokra, mert seg\u00edt melegen vagy hidegen tartani kedvenc italod ott, ahol \u00e9pp vagy.<\/strong> <strong>A modern design \u00e9s a tart\u00f3s anyaghaszn\u00e1lat minden h\u00e9tk\u00f6znapot st\u00edlusosabb\u00e1 tesz, legyen sz\u00f3 munk\u00e1r\u00f3l, kir\u00e1ndul\u00e1sr\u00f3l vagy otthoni pihen\u00e9sr\u0151l.<\/strong> <strong>Ne v\u00e1rj tov\u00e1bb, \u00e9lvezd a k\u00e9nyelmet \u00e9s a friss\u00edt\u0151 \u00edz\u00e9lm\u00e9nyt m\u00e1r ma, amit ez a b\u00f6gre k\u00edn\u00e1l a mindennapjaidhoz.<\/strong><\/p>\n<\/section>\n","protected":false},"excerpt":{"rendered":"<div data-wtai-block-id=\"wtai_excerpt_subtitle\" class=\"wtai-section wtai-subtitle-section\">\n<p><em><strong>St\u00edlusos t\u00e1rs a mindennapok lend\u00fclet\u00e9hez \u2013 tart\u00f3s h\u0151szigetel\u00e9ssel.<\/strong><\/em><\/p>\n<\/p><\/div>\n<div data-wtai-block-id=\"wtai_excerpt_introduction\" class=\"wtai-section wtai-introduction-section\">\n<p>Ahogy reggel \u00fatra kel\u00fcnk vagy egy hossz\u00fa nap v\u00e9g\u00e9n megpihenn\u00e9nk, a megb\u00edzhat\u00f3 friss\u00edt\u0151 mindig j\u00f3l j\u00f6n. Ez a letisztult, modern b\u00f6gre rozsdamentes ac\u00e9l bor\u00edt\u00e1s\u00e1val \u00e9s praktikus, z\u00e1rhat\u00f3 fedel\u00e9vel hossz\u00fa ideig \u0151rzi meg italaid h\u0151m\u00e9rs\u00e9klet\u00e9t. St\u00edlusos kialak\u00edt\u00e1sa nem csak a figyelmed vonzza be, de a mindennapi temp\u00f3t is t\u00f6k\u00e9letesen k\u00f6veti, legyen sz\u00f3 munk\u00e1r\u00f3l, edz\u00e9sr\u0151l vagy kir\u00e1ndul\u00e1sr\u00f3l. Fedezd fel, milyen \u00e9rz\u00e9s, amikor minden korty a maxim\u00e1lis frissess\u00e9get ny\u00fajtja!<\/p>\n<\/p><\/div>\n","protected":false},"featured_media":23693,"comment_status":"open","ping_status":"closed","template":"","meta":[],"product_brand":[],"product_cat":[237],"product_tag":[],"class_list":{"0":"post-35482","1":"product","2":"type-product","3":"status-publish","4":"has-post-thumbnail","6":"product_cat-sport-szabadido","8":"first","9":"instock","10":"shipping-taxable","11":"purchasable","12":"product-type-variable"},"bundled_by":["244432"],"bundle_stock_status":"instock","bundle_stock_quantity":null,"bundle_virtual":false,"bundle_layout":"","bundle_add_to_cart_form_location":"","bundle_editable_in_cart":false,"bundle_sold_individually_context":"","bundle_item_grouping":"","bundle_min_size":"","bundle_max_size":"","bundle_price":[],"bundled_items":[],"bundle_sell_ids":[],"yoast_head":"<!-- This site is optimized with the Yoast SEO plugin v25.2 - https:\/\/yoast.com\/wordpress\/plugins\/seo\/ -->\n<title>Top-Rated Aquaflask H\u0151szigetelt B\u00f6gre St\u00edlusos \u00e9s Praktikus Haszn\u00e1latra<\/title>\n<meta name=\"description\" content=\"\u00dajszer\u0171 diz\u00e1jn egyes\u00edtve kiemelked\u0151 h\u0151tart\u00e1ssal. Praktikus cseppmentes tet\u0151, rozsdamentes ac\u00e9l test, k\u00e9nyelmes, modern z\u00f6ld kivitel minden napra.\" \/>\n<meta name=\"robots\" content=\"index, follow, max-snippet:-1, max-image-preview:large, max-video-preview:-1\" \/>\n<link rel=\"canonical\" href=\"https:\/\/demostore.ai\/hu\/termek\/aquaflask-hoszigetelt-bogre\/\" \/>\n<meta property=\"og:type\" content=\"article\" \/>\n<meta property=\"og:title\" content=\"Top-Rated Aquaflask H\u0151szigetelt B\u00f6gre St\u00edlusos \u00e9s Praktikus Haszn\u00e1latra\" \/>\n<meta property=\"og:description\" content=\"K\u00fcl\u00f6nleges \u00e9lm\u00e9nyt ny\u00fajt a mindennapokban az Aquaflask H\u0151szigetelt B\u00f6gre. Rozsdamentes ac\u00e9l test, dupla szigetel\u00e9s, cseppmentes \u00e9s modern design megold\u00e1s.\" \/>\n<meta property=\"og:url\" content=\"https:\/\/demostore.ai\/hu\/termek\/aquaflask-hoszigetelt-bogre\/\" \/>\n<meta property=\"og:site_name\" content=\"Trendy Thread\" \/>\n<meta property=\"article:modified_time\" content=\"2026-02-20T03:17:10+00:00\" \/>\n<meta property=\"og:image\" content=\"https:\/\/demostore.ai\/wp-content\/uploads\/2025\/06\/Reusable-water-bottle-1.png\" \/>\n\t<meta property=\"og:image:width\" content=\"1000\" \/>\n\t<meta property=\"og:image:height\" content=\"1000\" \/>\n\t<meta property=\"og:image:type\" content=\"image\/png\" \/>\n<meta name=\"twitter:card\" content=\"summary_large_image\" \/>\n<meta name=\"twitter:title\" content=\"Top-Rated Aquaflask H\u0151szigetelt B\u00f6gre St\u00edlusos \u00e9s Praktikus Haszn\u00e1latra\" \/>\n<meta name=\"twitter:description\" content=\"K\u00fcl\u00f6nleges \u00e9lm\u00e9nyt ny\u00fajt a mindennapokban az Aquaflask H\u0151szigetelt B\u00f6gre. Rozsdamentes ac\u00e9l test, dupla szigetel\u00e9s, cseppmentes \u00e9s modern design megold\u00e1s.\" \/>\n<meta name=\"twitter:label1\" content=\"Becs\u00fclt olvas\u00e1si id\u0151\" \/>\n\t<meta name=\"twitter:data1\" content=\"1 perc\" \/>\n<script type=\"application\/ld+json\" class=\"yoast-schema-graph\">{\"@context\":\"https:\/\/schema.org\",\"@graph\":[{\"@type\":\"WebPage\",\"@id\":\"https:\/\/demostore.ai\/hu\/termek\/aquaflask-hoszigetelt-bogre\/\",\"url\":\"https:\/\/demostore.ai\/hu\/termek\/aquaflask-hoszigetelt-bogre\/\",\"name\":\"Top-Rated Aquaflask H\u0151szigetelt B\u00f6gre St\u00edlusos \u00e9s Praktikus Haszn\u00e1latra\",\"isPartOf\":{\"@id\":\"https:\/\/demostore.ai\/hu\/#website\"},\"primaryImageOfPage\":{\"@id\":\"https:\/\/demostore.ai\/hu\/termek\/aquaflask-hoszigetelt-bogre\/#primaryimage\"},\"image\":{\"@id\":\"https:\/\/demostore.ai\/hu\/termek\/aquaflask-hoszigetelt-bogre\/#primaryimage\"},\"thumbnailUrl\":\"https:\/\/demostore.ai\/wp-content\/uploads\/2025\/06\/Reusable-water-bottle-1.png\",\"datePublished\":\"2025-06-16T01:14:12+00:00\",\"dateModified\":\"2026-02-20T03:17:10+00:00\",\"description\":\"\u00dajszer\u0171 diz\u00e1jn egyes\u00edtve kiemelked\u0151 h\u0151tart\u00e1ssal. Praktikus cseppmentes tet\u0151, rozsdamentes ac\u00e9l test, k\u00e9nyelmes, modern z\u00f6ld kivitel minden napra.\",\"breadcrumb\":{\"@id\":\"https:\/\/demostore.ai\/hu\/termek\/aquaflask-hoszigetelt-bogre\/#breadcrumb\"},\"inLanguage\":\"hu\",\"potentialAction\":[{\"@type\":\"ReadAction\",\"target\":[\"https:\/\/demostore.ai\/hu\/termek\/aquaflask-hoszigetelt-bogre\/\"]}]},{\"@type\":\"ImageObject\",\"inLanguage\":\"hu\",\"@id\":\"https:\/\/demostore.ai\/hu\/termek\/aquaflask-hoszigetelt-bogre\/#primaryimage\",\"url\":\"https:\/\/demostore.ai\/wp-content\/uploads\/2025\/06\/Reusable-water-bottle-1.png\",\"contentUrl\":\"https:\/\/demostore.ai\/wp-content\/uploads\/2025\/06\/Reusable-water-bottle-1.png\",\"width\":1000,\"height\":1000,\"caption\":\"Aquaflask h\u0151szigetelt b\u00f6gre, z\u00f6ld sz\u00ednben, feh\u00e9r log\u00f3val \u00e9s felirattal, term\u00e9kfot\u00f3.\"},{\"@type\":\"BreadcrumbList\",\"@id\":\"https:\/\/demostore.ai\/hu\/termek\/aquaflask-hoszigetelt-bogre\/#breadcrumb\",\"itemListElement\":[{\"@type\":\"ListItem\",\"position\":1,\"name\":\"F\u0151oldal\",\"item\":\"https:\/\/demostore.ai\/hu\/\"},{\"@type\":\"ListItem\",\"position\":2,\"name\":\"Bolt\",\"item\":\"https:\/\/demostore.ai\/hu\/bolt\/\"},{\"@type\":\"ListItem\",\"position\":3,\"name\":\"Aquaflask H\u0151szigetelt B\u00f6gre\"}]},{\"@type\":\"WebSite\",\"@id\":\"https:\/\/demostore.ai\/hu\/#website\",\"url\":\"https:\/\/demostore.ai\/hu\/\",\"name\":\"Trendy Thread\",\"description\":\"WriteText.ai bemutat\u00f3bolt\",\"publisher\":{\"@id\":\"https:\/\/demostore.ai\/hu\/#organization\"},\"potentialAction\":[{\"@type\":\"SearchAction\",\"target\":{\"@type\":\"EntryPoint\",\"urlTemplate\":\"https:\/\/demostore.ai\/hu\/?s={search_term_string}\"},\"query-input\":{\"@type\":\"PropertyValueSpecification\",\"valueRequired\":true,\"valueName\":\"search_term_string\"}}],\"inLanguage\":\"hu\"},{\"@type\":\"Organization\",\"@id\":\"https:\/\/demostore.ai\/hu\/#organization\",\"name\":\"WriteText.ai\",\"url\":\"https:\/\/demostore.ai\/hu\/\",\"logo\":{\"@type\":\"ImageObject\",\"inLanguage\":\"hu\",\"@id\":\"https:\/\/demostore.ai\/hu\/#\/schema\/logo\/image\/\",\"url\":\"https:\/\/demostore.ai\/wp-content\/uploads\/2025\/10\/writetext_logo.webp\",\"contentUrl\":\"https:\/\/demostore.ai\/wp-content\/uploads\/2025\/10\/writetext_logo.webp\",\"width\":200,\"height\":34,\"caption\":\"WriteText.ai\"},\"image\":{\"@id\":\"https:\/\/demostore.ai\/hu\/#\/schema\/logo\/image\/\"}}]}<\/script>\n<!-- \/ Yoast SEO plugin. -->","yoast_head_json":{"title":"Top-Rated Aquaflask H\u0151szigetelt B\u00f6gre St\u00edlusos \u00e9s Praktikus Haszn\u00e1latra","description":"\u00dajszer\u0171 diz\u00e1jn egyes\u00edtve kiemelked\u0151 h\u0151tart\u00e1ssal. Praktikus cseppmentes tet\u0151, rozsdamentes ac\u00e9l test, k\u00e9nyelmes, modern z\u00f6ld kivitel minden napra.","robots":{"index":"index","follow":"follow","max-snippet":"max-snippet:-1","max-image-preview":"max-image-preview:large","max-video-preview":"max-video-preview:-1"},"canonical":"https:\/\/demostore.ai\/hu\/termek\/aquaflask-hoszigetelt-bogre\/","og_type":"article","og_title":"Top-Rated Aquaflask H\u0151szigetelt B\u00f6gre St\u00edlusos \u00e9s Praktikus Haszn\u00e1latra","og_description":"K\u00fcl\u00f6nleges \u00e9lm\u00e9nyt ny\u00fajt a mindennapokban az Aquaflask H\u0151szigetelt B\u00f6gre. Rozsdamentes ac\u00e9l test, dupla szigetel\u00e9s, cseppmentes \u00e9s modern design megold\u00e1s.","og_url":"https:\/\/demostore.ai\/hu\/termek\/aquaflask-hoszigetelt-bogre\/","og_site_name":"Trendy Thread","article_modified_time":"2026-02-20T03:17:10+00:00","og_image":[{"width":1000,"height":1000,"url":"https:\/\/demostore.ai\/wp-content\/uploads\/2025\/06\/Reusable-water-bottle-1.png","type":"image\/png"}],"twitter_card":"summary_large_image","twitter_title":"Top-Rated Aquaflask H\u0151szigetelt B\u00f6gre St\u00edlusos \u00e9s Praktikus Haszn\u00e1latra","twitter_description":"K\u00fcl\u00f6nleges \u00e9lm\u00e9nyt ny\u00fajt a mindennapokban az Aquaflask H\u0151szigetelt B\u00f6gre. Rozsdamentes ac\u00e9l test, dupla szigetel\u00e9s, cseppmentes \u00e9s modern design megold\u00e1s.","twitter_misc":{"Becs\u00fclt olvas\u00e1si id\u0151":"1 perc"},"schema":{"@context":"https:\/\/schema.org","@graph":[{"@type":"WebPage","@id":"https:\/\/demostore.ai\/hu\/termek\/aquaflask-hoszigetelt-bogre\/","url":"https:\/\/demostore.ai\/hu\/termek\/aquaflask-hoszigetelt-bogre\/","name":"Top-Rated Aquaflask H\u0151szigetelt B\u00f6gre St\u00edlusos \u00e9s Praktikus Haszn\u00e1latra","isPartOf":{"@id":"https:\/\/demostore.ai\/hu\/#website"},"primaryImageOfPage":{"@id":"https:\/\/demostore.ai\/hu\/termek\/aquaflask-hoszigetelt-bogre\/#primaryimage"},"image":{"@id":"https:\/\/demostore.ai\/hu\/termek\/aquaflask-hoszigetelt-bogre\/#primaryimage"},"thumbnailUrl":"https:\/\/demostore.ai\/wp-content\/uploads\/2025\/06\/Reusable-water-bottle-1.png","datePublished":"2025-06-16T01:14:12+00:00","dateModified":"2026-02-20T03:17:10+00:00","description":"\u00dajszer\u0171 diz\u00e1jn egyes\u00edtve kiemelked\u0151 h\u0151tart\u00e1ssal. Praktikus cseppmentes tet\u0151, rozsdamentes ac\u00e9l test, k\u00e9nyelmes, modern z\u00f6ld kivitel minden napra.","breadcrumb":{"@id":"https:\/\/demostore.ai\/hu\/termek\/aquaflask-hoszigetelt-bogre\/#breadcrumb"},"inLanguage":"hu","potentialAction":[{"@type":"ReadAction","target":["https:\/\/demostore.ai\/hu\/termek\/aquaflask-hoszigetelt-bogre\/"]}]},{"@type":"ImageObject","inLanguage":"hu","@id":"https:\/\/demostore.ai\/hu\/termek\/aquaflask-hoszigetelt-bogre\/#primaryimage","url":"https:\/\/demostore.ai\/wp-content\/uploads\/2025\/06\/Reusable-water-bottle-1.png","contentUrl":"https:\/\/demostore.ai\/wp-content\/uploads\/2025\/06\/Reusable-water-bottle-1.png","width":1000,"height":1000,"caption":"Aquaflask h\u0151szigetelt b\u00f6gre, z\u00f6ld sz\u00ednben, feh\u00e9r log\u00f3val \u00e9s felirattal, term\u00e9kfot\u00f3."},{"@type":"BreadcrumbList","@id":"https:\/\/demostore.ai\/hu\/termek\/aquaflask-hoszigetelt-bogre\/#breadcrumb","itemListElement":[{"@type":"ListItem","position":1,"name":"F\u0151oldal","item":"https:\/\/demostore.ai\/hu\/"},{"@type":"ListItem","position":2,"name":"Bolt","item":"https:\/\/demostore.ai\/hu\/bolt\/"},{"@type":"ListItem","position":3,"name":"Aquaflask H\u0151szigetelt B\u00f6gre"}]},{"@type":"WebSite","@id":"https:\/\/demostore.ai\/hu\/#website","url":"https:\/\/demostore.ai\/hu\/","name":"Trendy Thread","description":"WriteText.ai bemutat\u00f3bolt","publisher":{"@id":"https:\/\/demostore.ai\/hu\/#organization"},"potentialAction":[{"@type":"SearchAction","target":{"@type":"EntryPoint","urlTemplate":"https:\/\/demostore.ai\/hu\/?s={search_term_string}"},"query-input":{"@type":"PropertyValueSpecification","valueRequired":true,"valueName":"search_term_string"}}],"inLanguage":"hu"},{"@type":"Organization","@id":"https:\/\/demostore.ai\/hu\/#organization","name":"WriteText.ai","url":"https:\/\/demostore.ai\/hu\/","logo":{"@type":"ImageObject","inLanguage":"hu","@id":"https:\/\/demostore.ai\/hu\/#\/schema\/logo\/image\/","url":"https:\/\/demostore.ai\/wp-content\/uploads\/2025\/10\/writetext_logo.webp","contentUrl":"https:\/\/demostore.ai\/wp-content\/uploads\/2025\/10\/writetext_logo.webp","width":200,"height":34,"caption":"WriteText.ai"},"image":{"@id":"https:\/\/demostore.ai\/hu\/#\/schema\/logo\/image\/"}}]}},"_links":{"self":[{"href":"https:\/\/demostore.ai\/hu\/wp-json\/wp\/v2\/product\/35482","targetHints":{"allow":["GET"]}}],"collection":[{"href":"https:\/\/demostore.ai\/hu\/wp-json\/wp\/v2\/product"}],"about":[{"href":"https:\/\/demostore.ai\/hu\/wp-json\/wp\/v2\/types\/product"}],"replies":[{"embeddable":true,"href":"https:\/\/demostore.ai\/hu\/wp-json\/wp\/v2\/comments?post=35482"}],"wp:featuredmedia":[{"embeddable":true,"href":"https:\/\/demostore.ai\/hu\/wp-json\/wp\/v2\/media\/23693"}],"wp:attachment":[{"href":"https:\/\/demostore.ai\/hu\/wp-json\/wp\/v2\/media?parent=35482"}],"wp:term":[{"taxonomy":"product_brand","embeddable":true,"href":"https:\/\/demostore.ai\/hu\/wp-json\/wp\/v2\/product_brand?post=35482"},{"taxonomy":"product_cat","embeddable":true,"href":"https:\/\/demostore.ai\/hu\/wp-json\/wp\/v2\/product_cat?post=35482"},{"taxonomy":"product_tag","embeddable":true,"href":"https:\/\/demostore.ai\/hu\/wp-json\/wp\/v2\/product_tag?post=35482"}],"curies":[{"name":"wp","href":"https:\/\/api.w.org\/{rel}","templated":true}]}}