{"id":35179,"date":"2025-06-16T06:00:30","date_gmt":"2025-06-15T22:00:30","guid":{"rendered":"https:\/\/demostore.ai\/?post_type=product&#038;p=35179"},"modified":"2026-02-20T11:50:50","modified_gmt":"2026-02-20T03:50:50","slug":"xiaomi-smart-band-9","status":"publish","type":"product","link":"https:\/\/demostore.ai\/hu\/termek\/xiaomi-smart-band-9\/","title":{"rendered":"Xiaomi Smart Band 9"},"content":{"rendered":"<section data-wtai-block-id=\"wtai_product_description_features\" class=\"wtai-section wtai-features-section\">\n<h2>Term\u00e9kjellemz\u0151k<\/h2>\n<ul>\n<li>1,62 h\u00fcvelykes, nagy felbont\u00e1s\u00fa AMOLED \u00e9rint\u0151kijelz\u0151 \u00e9les sz\u00ednekkel \u00e9s r\u00e9szletgazdag megjelen\u00edt\u00e9ssel<\/li>\n<li>V\u00edz\u00e1ll\u00f3 kialak\u00edt\u00e1s, \u00edgy \u00fasz\u00e1s \u00e9s sportol\u00e1s k\u00f6zben is viselhet\u0151<\/li>\n<li>T\u00f6bb mint 110 sportm\u00f3d integr\u00e1lt tev\u00e9kenys\u00e9gk\u00f6vet\u00e9ssel<\/li>\n<li>Val\u00f3s idej\u0171 pulzus- \u00e9s alv\u00e1smonitoroz\u00e1s az eg\u00e9szs\u00e9ged figyelemmel k\u00eds\u00e9r\u00e9s\u00e9re<\/li>\n<li>Hossz\u00fa \u2013 ak\u00e1r k\u00e9t hetes \u2013 akkumul\u00e1tor-\u00fczemid\u0151, gyors t\u00f6lt\u00e9ssel<\/li>\n<\/ul>\n<\/section>\n<div data-wtai-block-id=\"wtai_product_description_image_1753694476277\" class=\"wtai-section wtai-image_1753694476277-section\">\n<figure class=\"wtai-image-p wtai-align-center\" style=\"text-align:center\"><img decoding=\"async\" src=\"https:\/\/demostore.ai\/wp-content\/uploads\/2025\/06\/Smartwatch-2-scaled-2.png\" alt=\"Xiaomi Smart Band 9 okoskark\u00f6t\u0151 kijelz\u0151je, modern \u00f3ralappal \u00e9s digit\u00e1lis id\u0151megjelen\u00edt\u00e9ssel.\" srcset=\"https:\/\/demostore.ai\/wp-content\/uploads\/2025\/06\/Smartwatch-2-scaled-2.png 470w, https:\/\/demostore.ai\/wp-content\/uploads\/2025\/06\/Smartwatch-2-scaled-2-141x300.png 141w\"><figcaption>\n<p>A lekerek\u00edtett kijelz\u0151 modern, letisztult sz\u00e1mlap diz\u00e1jnt \u00e9s kontrasztos sz\u00edneket k\u00edn\u00e1l.<\/p>\n<\/figcaption><\/figure>\n<\/p><\/div>\n<section data-wtai-block-id=\"wtai_product_description_advantages\" class=\"wtai-section wtai-advantages-section\">\n<h2>Mi\u00e9rt el\u0151ny\u00f6s ez a term\u00e9k?<\/h2>\n<p><em>A Xiaomi Smart Band 9 k\u00e9nyelmes viselet, k\u00f6nny\u0171 \u00e9s eleg\u00e1ns megjelen\u00e9s\u00e9vel b\u00e1rhov\u00e1 illik. A kijelz\u0151 m\u00e9rete \u00e9s min\u0151s\u00e9ge gyors inform\u00e1ci\u00f3olvas\u00e1st biztos\u00edt egy pillant\u00e1s alatt.<\/em><\/p>\n<p><em>Az edz\u0151funkci\u00f3k sz\u00e9les sk\u00e1l\u00e1ja minden mozg\u00e1sform\u00e1hoz ide\u00e1lis, legyen sz\u00f3 fut\u00e1sr\u00f3l, jog\u00e1r\u00f3l vagy \u00fasz\u00e1sr\u00f3l. Ezzel minden alkalommal pontos adatokat kapsz az aktivit\u00e1sodr\u00f3l.<\/em><\/p>\n<p><em>A val\u00f3s idej\u0171 eg\u00e9szs\u00e9g\u00fcgyi m\u00e9r\u00e9sek seg\u00edtenek jobban meg\u00e9rteni napi \u00e1llapotodat \u2013 pulzusod, alv\u00e1smin\u0151s\u00e9ged \u00e9s aktivit\u00e1sod k\u00f6nnyen \u00e1ttekinthet\u0151 egy helyen.<\/em><\/p>\n<p><em>Az eszk\u00f6z akkumul\u00e1tora extr\u00e9m hossz\u00fa haszn\u00e1latot tesz lehet\u0151v\u00e9, \u00edgy ritk\u00e1bban kell t\u00f6ltened \u00e9s t\u00f6bb id\u0151t ford\u00edthatsz mozg\u00e1sra.<\/em><\/p>\n<p><em>A v\u00edz\u00e1ll\u00f3s\u00e1gnak k\u00f6sz\u00f6nhet\u0151en nem kell levenned zuhanyz\u00e1shoz vagy sportol\u00e1shoz, ez m\u00e9g praktikusabb\u00e1 \u00e9s id\u0151t\u00e1ll\u00f3bb\u00e1 teszi a kark\u00f6t\u0151t.<\/em><\/p>\n<\/section>\n<section data-wtai-block-id=\"wtai_product_description_benefits\" class=\"wtai-section wtai-benefits-section\">\n<h3>El\u0151ny\u00f6k a mindennapokban<\/h3>\n<ul>\n<li>A hossz\u00fa akkumul\u00e1tor-\u00fczemid\u0151 probl\u00e9mamentes, megszak\u00edt\u00e1s n\u00e9lk\u00fcli haszn\u00e1latot biztos\u00edt, \u00edgy elker\u00fclheted a gyakori t\u00f6lt\u00e9st.<\/li>\n<li>Az eg\u00e9szs\u00e9g\u00fcgyi szenzorok r\u00e9v\u00e9n folyamatosan nyomon k\u00f6vetheted pulzusod \u00e9s alv\u00e1sodat, \u00edgy id\u0151ben felismerheted a v\u00e1ltoz\u00e1sokat.<\/li>\n<li>A sz\u00e9les sportm\u00f3d-k\u00edn\u00e1lat lehet\u0151v\u00e9 teszi, hogy minden mozg\u00e1sform\u00e1t prec\u00edzen dokument\u00e1lj \u2013 nem marad ki egyetlen edz\u00e9s sem.<\/li>\n<li>A v\u00edz\u00e1ll\u00f3 \u00e9s tart\u00f3s kialak\u00edt\u00e1s gondtalann\u00e1 teszi a h\u00e9tk\u00f6znapi \u00e9s extr\u00e9m tev\u00e9kenys\u00e9geket is, \u00edgy soha nem kell agg\u00f3dnod a s\u00e9r\u00fcl\u00e9sek miatt.<\/li>\n<\/ul>\n<\/section>\n<section data-wtai-block-id=\"wtai_product_description_use_cases\" class=\"wtai-section wtai-use_cases-section\">\n<h3>Felhaszn\u00e1l\u00e1si lehet\u0151s\u00e9gek<\/h3>\n<ol>\n<li>Rendszeres sportol\u00e1s vagy edz\u00e9s, ahol fontos a pulzus \u00e9s az el\u00e9getett kal\u00f3ri\u00e1k k\u00f6vet\u00e9se<\/li>\n<li>H\u00e9tk\u00f6znapi viselet okos funkci\u00f3kkal, mint az \u00e9rtes\u00edt\u00e9sek, id\u0151j\u00e1r\u00e1s-inform\u00e1ci\u00f3k \u00e9s \u00e9breszt\u0151<\/li>\n<li>Alv\u00e1smin\u0151s\u00e9g monitoroz\u00e1sa, hogy pontosabb k\u00e9pet kapj pihen\u00e9sed hat\u00e9konys\u00e1g\u00e1r\u00f3l<\/li>\n<li>V\u00edzben v\u00e9gzett testmozg\u00e1s vagy \u00fasz\u00e1s, hiszen az eszk\u00f6z v\u00edz\u00e1ll\u00f3<\/li>\n<li>Eg\u00e9szs\u00e9gtudatos \u00e9letm\u00f3d t\u00e1mogat\u00e1sa a be\u00e9p\u00edtett aktivit\u00e1sm\u00e9r\u0151kkel \u00e9s statisztik\u00e1kkal<\/li>\n<\/ol>\n<\/section>\n<div data-wtai-block-id=\"wtai_product_description_image_1\" class=\"wtai-section wtai-image_1-section\">\n<figure class=\"wtai-image-p wtai-align-center\" style=\"text-align:center\"><img decoding=\"async\" src=\"https:\/\/demostore.ai\/wp-content\/uploads\/2025\/06\/Smartwatch-1-scaled-2-600x715.png\" alt=\"Xiaomi Smart Band 9 okos\u00f3ra sz\u00fcrke sz\u00edjjal, digit\u00e1lis kijelz\u0151n id\u0151 \u00e9s d\u00e1tum l\u00e1that\u00f3.\" srcset=\"https:\/\/demostore.ai\/wp-content\/uploads\/2025\/06\/Smartwatch-1-scaled-2.png 705w, https:\/\/demostore.ai\/wp-content\/uploads\/2025\/06\/Smartwatch-1-scaled-2-252x300.png 252w, https:\/\/demostore.ai\/wp-content\/uploads\/2025\/06\/Smartwatch-1-scaled-2-600x715.png 600w\"><\/figure>\n<\/p><\/div>\n<section data-wtai-block-id=\"wtai_product_description_technical_specifications\" class=\"wtai-section wtai-technical_specifications-section\">\n<h2>M\u0171szaki adatok<\/h2>\n<ul>\n<li><strong>Kijelz\u0151 m\u00e9rete:<\/strong> 1,62&quot;<\/li>\n<li><strong>Kijelz\u0151 t\u00edpusa:<\/strong> AMOLED<\/li>\n<li><strong>Felbont\u00e1s:<\/strong> 192 x 490 pixel<\/li>\n<li><strong>V\u00edz\u00e1ll\u00f3s\u00e1g:<\/strong> 5 ATM<\/li>\n<li><strong>Akkumul\u00e1tor-\u00fczemid\u0151:<\/strong> 14 nap<\/li>\n<li><strong>T\u00f6lt\u00e9si id\u0151:<\/strong> 1,5 \u00f3ra<\/li>\n<li><strong>Bluetooth verzi\u00f3:<\/strong> 5.3<\/li>\n<li><strong>Pulzusm\u00e9r\u0151:<\/strong> Igen<\/li>\n<li><strong>Alv\u00e1smonitoroz\u00e1s:<\/strong> Igen<\/li>\n<li><strong>Sportm\u00f3dok sz\u00e1ma:<\/strong> 110+<\/li>\n<li><strong>Anyag:<\/strong> M\u0171anyag h\u00e1z, szilikon sz\u00edj<\/li>\n<li><strong>Kompatibilit\u00e1s:<\/strong> Android \u00e9s iOS<\/li>\n<li><strong>S\u00faly:<\/strong> 27 g<\/li>\n<li><strong>Sz\u00edj hossza:<\/strong> 160 mm \u2013 220 mm<\/li>\n<li><strong>Sz\u00edn:<\/strong> Sz\u00fcrke<\/li>\n<\/ul>\n<\/section>\n<div data-wtai-block-id=\"wtai_product_description_image_1753694484745\" class=\"wtai-section wtai-image_1753694484745-section\">\n<figure class=\"wtai-image-p wtai-align-center\" style=\"text-align:center\"><img decoding=\"async\" src=\"https:\/\/demostore.ai\/wp-content\/uploads\/2025\/06\/Smartwatch-4-scaled-2.png\" alt=\"Xiaomi Smart Band 9 okos\u00f3ra h\u00e1tlapja, \u00e9rz\u00e9kel\u0151kkel \u00e9s log\u00f3val, szilikon sz\u00edjjal.\" srcset=\"https:\/\/demostore.ai\/wp-content\/uploads\/2025\/06\/Smartwatch-4-scaled-2.png 460w, https:\/\/demostore.ai\/wp-content\/uploads\/2025\/06\/Smartwatch-4-scaled-2-138x300.png 138w\"><figcaption>\n<p>A h\u00e1tlap sz\u00f6vegez\u00e9se \u00e9s a be\u00e9p\u00edtett szenzorok a pulzusm\u00e9r\u00e9s min\u0151s\u00e9g\u00e9t hangs\u00falyozz\u00e1k.<\/p>\n<\/figcaption><\/figure>\n<\/p><\/div>\n<section data-wtai-block-id=\"wtai_product_description_faqs\" class=\"wtai-section wtai-faqs-section\">\n<h2>Gyakran Ism\u00e9telt K\u00e9rd\u00e9sek<\/h2>\n<p><strong>Milyen telefonokkal kompatibilis a Xiaomi Smart Band 9?<\/strong> <br \/> Android k\u00e9sz\u00fcl\u00e9kekkel \u00e9s iOS rendszert futtat\u00f3 telefonokkal is gond n\u00e9lk\u00fcl haszn\u00e1lhat\u00f3.<\/p>\n<p><strong>Mennyire v\u00edz\u00e1ll\u00f3 a term\u00e9k?<\/strong> <br \/> 5 ATM v\u00edz\u00e1ll\u00f3s\u00e1ggal rendelkezik, \u00edgy \u00fasz\u00e1s \u00e9s zuhanyz\u00e1s k\u00f6zben is hordhat\u00f3.<\/p>\n<p><strong>Meddig b\u00edrja egy felt\u00f6lt\u00e9ssel az okoskark\u00f6t\u0151?<\/strong> <br \/> Norm\u00e1l haszn\u00e1lat mellett ak\u00e1r 14 napot is kib\u00edr egyetlen t\u00f6lt\u00e9ssel.<\/p>\n<p><strong>Milyen sportokat t\u00e1mogat az \u00f3ra?<\/strong> <br \/> T\u00f6bb mint 110 sportm\u00f3d \u00e9rhet\u0151 el, bele\u00e9rtve a fut\u00e1st, ker\u00e9kp\u00e1roz\u00e1st, \u00fasz\u00e1st \u00e9s s\u00e9t\u00e1t.<\/p>\n<p><strong>Lehet m\u00e9rni vele az alv\u00e1s id\u0151tartam\u00e1t \u00e9s min\u0151s\u00e9g\u00e9t?<\/strong> <br \/> Igen, r\u00e9szletes alv\u00e1sk\u00f6vet\u0151 funkci\u00f3val seg\u00edt az alv\u00e1si szok\u00e1said nyomon k\u00f6vet\u00e9s\u00e9ben.<\/p>\n<\/section>\n<div data-wtai-block-id=\"wtai_product_description_conclusion\" class=\"wtai-section wtai-conclusion-section\">\n<p><strong>A Xiaomi Smart Band 9 modern, megb\u00edzhat\u00f3 \u00e9s st\u00edlusos t\u00e1rs lehet a mindennapokban. Hozz ki t\u00f6bbet a mozg\u00e1sb\u00f3l \u00e9s eg\u00e9szs\u00e9gfigyel\u00e9sb\u0151l egyetlen eszk\u00f6zzel.<\/strong> <strong>Ne maradj le, fedezd fel az okoskark\u00f6t\u0151 minden el\u0151ny\u00e9t m\u00e9g ma \u2013 lehet, hogy a k\u00f6vetkez\u0151 kedvenc kieg\u00e9sz\u00edt\u0151d lesz!<\/strong><\/p>\n<\/p><\/div>\n","protected":false},"excerpt":{"rendered":"<div data-wtai-block-id=\"wtai_excerpt_subtitle\" class=\"wtai-section wtai-subtitle-section\">\n<p><em><strong>St\u00edlusos diz\u00e1jn, intelligens funkci\u00f3k \u2013 a mindennapok \u00faj szintje<\/strong><\/em><\/p>\n<\/p><\/div>\n<div data-wtai-block-id=\"wtai_excerpt_introduction\" class=\"wtai-section wtai-introduction-section\">\n<p>Neh\u00e9z elk\u00e9pzelni a modern mindennapokat egy okos \u00e9s k\u00e9nyelmes t\u00e1rs n\u00e9lk\u00fcl. A letisztult vonalakkal \u00e9s extra v\u00e9kony kijelz\u0151vel k\u00e9sz\u00fclt okoskark\u00f6t\u0151 \u00faj szintre emeli a szem\u00e9lyes hat\u00e9konys\u00e1got: egyszerre t\u00e1mogatja az eg\u00e9szs\u00e9gedet, seg\u00edti a sportol\u00e1st, \u00e9s mindig naprak\u00e9sz maradsz a fontos \u00e9rtes\u00edt\u00e9sekkel. Egyszer\u0171 haszn\u00e1lat \u00e9s letisztult diz\u00e1jn p\u00e1rosul a korszer\u0171 technol\u00f3gi\u00e1val, ami g\u00f6rd\u00fcl\u00e9kenyen illeszkedik b\u00e1rmilyen st\u00edlushoz vagy napi rutinhoz \u2013 t\u00f6k\u00e9letes v\u00e1laszt\u00e1s azoknak, akik szeretik a technol\u00f3gia adta k\u00e9nyelmet \u00e9lvezni.<\/p>\n<\/p><\/div>\n","protected":false},"featured_media":29124,"comment_status":"open","ping_status":"closed","template":"","meta":[],"product_brand":[],"product_cat":[191],"product_tag":[],"class_list":{"0":"post-35179","1":"product","2":"type-product","3":"status-publish","4":"has-post-thumbnail","6":"product_cat-elektronika-hu","8":"first","9":"instock","10":"shipping-taxable","11":"purchasable","12":"product-type-simple"},"bundled_by":[],"bundle_stock_status":"instock","bundle_stock_quantity":null,"bundle_virtual":false,"bundle_layout":"","bundle_add_to_cart_form_location":"","bundle_editable_in_cart":false,"bundle_sold_individually_context":"","bundle_item_grouping":"","bundle_min_size":"","bundle_max_size":"","bundle_price":[],"bundled_items":[],"bundle_sell_ids":[],"yoast_head":"<!-- This site is optimized with the Yoast SEO plugin v25.2 - https:\/\/yoast.com\/wordpress\/plugins\/seo\/ -->\n<title>Fedezd fel a Xiaomi Smart Band 9 leg\u00fajabb fitnesz\u00e9lm\u00e9ny\u00e9t<\/title>\n<meta name=\"description\" content=\"Kiemelked\u0151 AMOLED kijelz\u0151, hossz\u00fa \u00fczemid\u0151 \u00e9s 110+ sportm\u00f3d teszi a Xiaomi Smart Band 9-et ide\u00e1liss\u00e1 akt\u00edv \u00e9lethez \u00e9s eg\u00e9szs\u00e9gfigyel\u00e9shez.\" \/>\n<meta name=\"robots\" content=\"index, follow, max-snippet:-1, max-image-preview:large, max-video-preview:-1\" \/>\n<link rel=\"canonical\" href=\"https:\/\/demostore.ai\/hu\/termek\/xiaomi-smart-band-9\/\" \/>\n<meta property=\"og:type\" content=\"article\" \/>\n<meta property=\"og:title\" content=\"Fedezd fel a Xiaomi Smart Band 9 leg\u00fajabb fitnesz\u00e9lm\u00e9ny\u00e9t\" \/>\n<meta property=\"og:description\" content=\"Leny\u0171g\u00f6z\u0151 AMOLED kijelz\u0151, v\u00edz\u00e1ll\u00f3 design \u00e9s 110+ sportm\u00f3d v\u00e1r. A Xiaomi Smart Band 9 seg\u00edt az akt\u00edv, eg\u00e9szs\u00e9gtudatos \u00e9letm\u00f3d megval\u00f3s\u00edt\u00e1s\u00e1ban.\" \/>\n<meta property=\"og:url\" content=\"https:\/\/demostore.ai\/hu\/termek\/xiaomi-smart-band-9\/\" \/>\n<meta property=\"og:site_name\" content=\"Trendy Thread\" \/>\n<meta property=\"article:modified_time\" content=\"2026-02-20T03:50:50+00:00\" \/>\n<meta property=\"og:image\" content=\"https:\/\/demostore.ai\/wp-content\/uploads\/2025\/06\/Smartwatch-1-scaled-2.png\" \/>\n\t<meta property=\"og:image:width\" content=\"705\" \/>\n\t<meta property=\"og:image:height\" content=\"840\" \/>\n\t<meta property=\"og:image:type\" content=\"image\/png\" \/>\n<meta name=\"twitter:card\" content=\"summary_large_image\" \/>\n<meta name=\"twitter:title\" content=\"Fedezd fel a Xiaomi Smart Band 9 leg\u00fajabb fitnesz\u00e9lm\u00e9ny\u00e9t\" \/>\n<meta name=\"twitter:description\" content=\"Leny\u0171g\u00f6z\u0151 AMOLED kijelz\u0151, v\u00edz\u00e1ll\u00f3 design \u00e9s 110+ sportm\u00f3d v\u00e1r. A Xiaomi Smart Band 9 seg\u00edt az akt\u00edv, eg\u00e9szs\u00e9gtudatos \u00e9letm\u00f3d megval\u00f3s\u00edt\u00e1s\u00e1ban.\" \/>\n<meta name=\"twitter:label1\" content=\"Becs\u00fclt olvas\u00e1si id\u0151\" \/>\n\t<meta name=\"twitter:data1\" content=\"1 perc\" \/>\n<script type=\"application\/ld+json\" class=\"yoast-schema-graph\">{\"@context\":\"https:\/\/schema.org\",\"@graph\":[{\"@type\":\"WebPage\",\"@id\":\"https:\/\/demostore.ai\/hu\/termek\/xiaomi-smart-band-9\/\",\"url\":\"https:\/\/demostore.ai\/hu\/termek\/xiaomi-smart-band-9\/\",\"name\":\"Fedezd fel a Xiaomi Smart Band 9 leg\u00fajabb fitnesz\u00e9lm\u00e9ny\u00e9t\",\"isPartOf\":{\"@id\":\"https:\/\/demostore.ai\/hu\/#website\"},\"primaryImageOfPage\":{\"@id\":\"https:\/\/demostore.ai\/hu\/termek\/xiaomi-smart-band-9\/#primaryimage\"},\"image\":{\"@id\":\"https:\/\/demostore.ai\/hu\/termek\/xiaomi-smart-band-9\/#primaryimage\"},\"thumbnailUrl\":\"https:\/\/demostore.ai\/wp-content\/uploads\/2025\/06\/Smartwatch-1-scaled-2.png\",\"datePublished\":\"2025-06-15T22:00:30+00:00\",\"dateModified\":\"2026-02-20T03:50:50+00:00\",\"description\":\"Kiemelked\u0151 AMOLED kijelz\u0151, hossz\u00fa \u00fczemid\u0151 \u00e9s 110+ sportm\u00f3d teszi a Xiaomi Smart Band 9-et ide\u00e1liss\u00e1 akt\u00edv \u00e9lethez \u00e9s eg\u00e9szs\u00e9gfigyel\u00e9shez.\",\"breadcrumb\":{\"@id\":\"https:\/\/demostore.ai\/hu\/termek\/xiaomi-smart-band-9\/#breadcrumb\"},\"inLanguage\":\"hu\",\"potentialAction\":[{\"@type\":\"ReadAction\",\"target\":[\"https:\/\/demostore.ai\/hu\/termek\/xiaomi-smart-band-9\/\"]}]},{\"@type\":\"ImageObject\",\"inLanguage\":\"hu\",\"@id\":\"https:\/\/demostore.ai\/hu\/termek\/xiaomi-smart-band-9\/#primaryimage\",\"url\":\"https:\/\/demostore.ai\/wp-content\/uploads\/2025\/06\/Smartwatch-1-scaled-2.png\",\"contentUrl\":\"https:\/\/demostore.ai\/wp-content\/uploads\/2025\/06\/Smartwatch-1-scaled-2.png\",\"width\":705,\"height\":840,\"caption\":\"Xiaomi Smart Band 9 okos\u00f3ra sz\u00fcrke sz\u00edjjal, digit\u00e1lis kijelz\u0151n id\u0151 \u00e9s d\u00e1tum l\u00e1that\u00f3.\"},{\"@type\":\"BreadcrumbList\",\"@id\":\"https:\/\/demostore.ai\/hu\/termek\/xiaomi-smart-band-9\/#breadcrumb\",\"itemListElement\":[{\"@type\":\"ListItem\",\"position\":1,\"name\":\"F\u0151oldal\",\"item\":\"https:\/\/demostore.ai\/hu\/\"},{\"@type\":\"ListItem\",\"position\":2,\"name\":\"Bolt\",\"item\":\"https:\/\/demostore.ai\/hu\/bolt\/\"},{\"@type\":\"ListItem\",\"position\":3,\"name\":\"Xiaomi Smart Band 9\"}]},{\"@type\":\"WebSite\",\"@id\":\"https:\/\/demostore.ai\/hu\/#website\",\"url\":\"https:\/\/demostore.ai\/hu\/\",\"name\":\"Trendy Thread\",\"description\":\"WriteText.ai bemutat\u00f3bolt\",\"publisher\":{\"@id\":\"https:\/\/demostore.ai\/hu\/#organization\"},\"potentialAction\":[{\"@type\":\"SearchAction\",\"target\":{\"@type\":\"EntryPoint\",\"urlTemplate\":\"https:\/\/demostore.ai\/hu\/?s={search_term_string}\"},\"query-input\":{\"@type\":\"PropertyValueSpecification\",\"valueRequired\":true,\"valueName\":\"search_term_string\"}}],\"inLanguage\":\"hu\"},{\"@type\":\"Organization\",\"@id\":\"https:\/\/demostore.ai\/hu\/#organization\",\"name\":\"WriteText.ai\",\"url\":\"https:\/\/demostore.ai\/hu\/\",\"logo\":{\"@type\":\"ImageObject\",\"inLanguage\":\"hu\",\"@id\":\"https:\/\/demostore.ai\/hu\/#\/schema\/logo\/image\/\",\"url\":\"https:\/\/demostore.ai\/wp-content\/uploads\/2025\/10\/writetext_logo.webp\",\"contentUrl\":\"https:\/\/demostore.ai\/wp-content\/uploads\/2025\/10\/writetext_logo.webp\",\"width\":200,\"height\":34,\"caption\":\"WriteText.ai\"},\"image\":{\"@id\":\"https:\/\/demostore.ai\/hu\/#\/schema\/logo\/image\/\"}}]}<\/script>\n<!-- \/ Yoast SEO plugin. -->","yoast_head_json":{"title":"Fedezd fel a Xiaomi Smart Band 9 leg\u00fajabb fitnesz\u00e9lm\u00e9ny\u00e9t","description":"Kiemelked\u0151 AMOLED kijelz\u0151, hossz\u00fa \u00fczemid\u0151 \u00e9s 110+ sportm\u00f3d teszi a Xiaomi Smart Band 9-et ide\u00e1liss\u00e1 akt\u00edv \u00e9lethez \u00e9s eg\u00e9szs\u00e9gfigyel\u00e9shez.","robots":{"index":"index","follow":"follow","max-snippet":"max-snippet:-1","max-image-preview":"max-image-preview:large","max-video-preview":"max-video-preview:-1"},"canonical":"https:\/\/demostore.ai\/hu\/termek\/xiaomi-smart-band-9\/","og_type":"article","og_title":"Fedezd fel a Xiaomi Smart Band 9 leg\u00fajabb fitnesz\u00e9lm\u00e9ny\u00e9t","og_description":"Leny\u0171g\u00f6z\u0151 AMOLED kijelz\u0151, v\u00edz\u00e1ll\u00f3 design \u00e9s 110+ sportm\u00f3d v\u00e1r. A Xiaomi Smart Band 9 seg\u00edt az akt\u00edv, eg\u00e9szs\u00e9gtudatos \u00e9letm\u00f3d megval\u00f3s\u00edt\u00e1s\u00e1ban.","og_url":"https:\/\/demostore.ai\/hu\/termek\/xiaomi-smart-band-9\/","og_site_name":"Trendy Thread","article_modified_time":"2026-02-20T03:50:50+00:00","og_image":[{"width":705,"height":840,"url":"https:\/\/demostore.ai\/wp-content\/uploads\/2025\/06\/Smartwatch-1-scaled-2.png","type":"image\/png"}],"twitter_card":"summary_large_image","twitter_title":"Fedezd fel a Xiaomi Smart Band 9 leg\u00fajabb fitnesz\u00e9lm\u00e9ny\u00e9t","twitter_description":"Leny\u0171g\u00f6z\u0151 AMOLED kijelz\u0151, v\u00edz\u00e1ll\u00f3 design \u00e9s 110+ sportm\u00f3d v\u00e1r. A Xiaomi Smart Band 9 seg\u00edt az akt\u00edv, eg\u00e9szs\u00e9gtudatos \u00e9letm\u00f3d megval\u00f3s\u00edt\u00e1s\u00e1ban.","twitter_misc":{"Becs\u00fclt olvas\u00e1si id\u0151":"1 perc"},"schema":{"@context":"https:\/\/schema.org","@graph":[{"@type":"WebPage","@id":"https:\/\/demostore.ai\/hu\/termek\/xiaomi-smart-band-9\/","url":"https:\/\/demostore.ai\/hu\/termek\/xiaomi-smart-band-9\/","name":"Fedezd fel a Xiaomi Smart Band 9 leg\u00fajabb fitnesz\u00e9lm\u00e9ny\u00e9t","isPartOf":{"@id":"https:\/\/demostore.ai\/hu\/#website"},"primaryImageOfPage":{"@id":"https:\/\/demostore.ai\/hu\/termek\/xiaomi-smart-band-9\/#primaryimage"},"image":{"@id":"https:\/\/demostore.ai\/hu\/termek\/xiaomi-smart-band-9\/#primaryimage"},"thumbnailUrl":"https:\/\/demostore.ai\/wp-content\/uploads\/2025\/06\/Smartwatch-1-scaled-2.png","datePublished":"2025-06-15T22:00:30+00:00","dateModified":"2026-02-20T03:50:50+00:00","description":"Kiemelked\u0151 AMOLED kijelz\u0151, hossz\u00fa \u00fczemid\u0151 \u00e9s 110+ sportm\u00f3d teszi a Xiaomi Smart Band 9-et ide\u00e1liss\u00e1 akt\u00edv \u00e9lethez \u00e9s eg\u00e9szs\u00e9gfigyel\u00e9shez.","breadcrumb":{"@id":"https:\/\/demostore.ai\/hu\/termek\/xiaomi-smart-band-9\/#breadcrumb"},"inLanguage":"hu","potentialAction":[{"@type":"ReadAction","target":["https:\/\/demostore.ai\/hu\/termek\/xiaomi-smart-band-9\/"]}]},{"@type":"ImageObject","inLanguage":"hu","@id":"https:\/\/demostore.ai\/hu\/termek\/xiaomi-smart-band-9\/#primaryimage","url":"https:\/\/demostore.ai\/wp-content\/uploads\/2025\/06\/Smartwatch-1-scaled-2.png","contentUrl":"https:\/\/demostore.ai\/wp-content\/uploads\/2025\/06\/Smartwatch-1-scaled-2.png","width":705,"height":840,"caption":"Xiaomi Smart Band 9 okos\u00f3ra sz\u00fcrke sz\u00edjjal, digit\u00e1lis kijelz\u0151n id\u0151 \u00e9s d\u00e1tum l\u00e1that\u00f3."},{"@type":"BreadcrumbList","@id":"https:\/\/demostore.ai\/hu\/termek\/xiaomi-smart-band-9\/#breadcrumb","itemListElement":[{"@type":"ListItem","position":1,"name":"F\u0151oldal","item":"https:\/\/demostore.ai\/hu\/"},{"@type":"ListItem","position":2,"name":"Bolt","item":"https:\/\/demostore.ai\/hu\/bolt\/"},{"@type":"ListItem","position":3,"name":"Xiaomi Smart Band 9"}]},{"@type":"WebSite","@id":"https:\/\/demostore.ai\/hu\/#website","url":"https:\/\/demostore.ai\/hu\/","name":"Trendy Thread","description":"WriteText.ai bemutat\u00f3bolt","publisher":{"@id":"https:\/\/demostore.ai\/hu\/#organization"},"potentialAction":[{"@type":"SearchAction","target":{"@type":"EntryPoint","urlTemplate":"https:\/\/demostore.ai\/hu\/?s={search_term_string}"},"query-input":{"@type":"PropertyValueSpecification","valueRequired":true,"valueName":"search_term_string"}}],"inLanguage":"hu"},{"@type":"Organization","@id":"https:\/\/demostore.ai\/hu\/#organization","name":"WriteText.ai","url":"https:\/\/demostore.ai\/hu\/","logo":{"@type":"ImageObject","inLanguage":"hu","@id":"https:\/\/demostore.ai\/hu\/#\/schema\/logo\/image\/","url":"https:\/\/demostore.ai\/wp-content\/uploads\/2025\/10\/writetext_logo.webp","contentUrl":"https:\/\/demostore.ai\/wp-content\/uploads\/2025\/10\/writetext_logo.webp","width":200,"height":34,"caption":"WriteText.ai"},"image":{"@id":"https:\/\/demostore.ai\/hu\/#\/schema\/logo\/image\/"}}]}},"_links":{"self":[{"href":"https:\/\/demostore.ai\/hu\/wp-json\/wp\/v2\/product\/35179","targetHints":{"allow":["GET"]}}],"collection":[{"href":"https:\/\/demostore.ai\/hu\/wp-json\/wp\/v2\/product"}],"about":[{"href":"https:\/\/demostore.ai\/hu\/wp-json\/wp\/v2\/types\/product"}],"replies":[{"embeddable":true,"href":"https:\/\/demostore.ai\/hu\/wp-json\/wp\/v2\/comments?post=35179"}],"wp:featuredmedia":[{"embeddable":true,"href":"https:\/\/demostore.ai\/hu\/wp-json\/wp\/v2\/media\/29124"}],"wp:attachment":[{"href":"https:\/\/demostore.ai\/hu\/wp-json\/wp\/v2\/media?parent=35179"}],"wp:term":[{"taxonomy":"product_brand","embeddable":true,"href":"https:\/\/demostore.ai\/hu\/wp-json\/wp\/v2\/product_brand?post=35179"},{"taxonomy":"product_cat","embeddable":true,"href":"https:\/\/demostore.ai\/hu\/wp-json\/wp\/v2\/product_cat?post=35179"},{"taxonomy":"product_tag","embeddable":true,"href":"https:\/\/demostore.ai\/hu\/wp-json\/wp\/v2\/product_tag?post=35179"}],"curies":[{"name":"wp","href":"https:\/\/api.w.org\/{rel}","templated":true}]}}