{"id":35002,"date":"2025-08-06T05:58:45","date_gmt":"2025-08-05T21:58:45","guid":{"rendered":"https:\/\/demostore.ai\/?post_type=product&#038;p=35002"},"modified":"2026-02-20T11:29:00","modified_gmt":"2026-02-20T03:29:00","slug":"fekete-es-feher-gyongy-karperec","status":"publish","type":"product","link":"https:\/\/demostore.ai\/hu\/termek\/fekete-es-feher-gyongy-karperec\/","title":{"rendered":"Fekete \u00e9s Feh\u00e9r Gy\u00f6ngy Karperec"},"content":{"rendered":"<section data-wtai-block-id=\"wtai_product_description_features\" class=\"wtai-section wtai-features-section\">\n<h2>Term\u00e9kjellemz\u0151k r\u00e9szletesen<\/h2>\n<ul>\n<li><strong>Anyag<\/strong>: Kiv\u00e1l\u00f3 min\u0151s\u00e9g\u0171 m\u0171gy\u00f6ngy\u00f6k fekete \u00e9s feh\u00e9r sz\u00ednben<\/li>\n<li><strong>Fel\u00fclet<\/strong>: F\u00e9nyes, sima kidolgoz\u00e1s a kifinomult hat\u00e1s\u00e9rt<\/li>\n<li><strong>Kapocs t\u00edpusa<\/strong>: Er\u0151s, rugalmas alap k\u00e9nyelmes cs\u00fasztat\u00e1ssal<\/li>\n<li><strong>D\u00edsz\u00edt\u00e9s<\/strong>: Harmonikus fekete-feh\u00e9r gy\u00f6ngy elrendez\u00e9s<\/li>\n<li><strong>M\u00e9ret<\/strong>: Univerz\u00e1lis m\u00e9ret a legt\u00f6bb csukl\u00f3hoz, k\u00e9zzel is k\u00f6nnyen \u00e1ll\u00edthat\u00f3<\/li>\n<li><strong>K\u00e9zm\u0171ves kidolgoz\u00e1s<\/strong>: Prec\u00edz, klasszikus st\u00edlus\u00fa \u00f6ssze\u00e1ll\u00edt\u00e1s minden r\u00e9szletben<\/li>\n<\/ul>\n<\/section>\n<div data-wtai-block-id=\"wtai_product_description_image_1753853427907\" class=\"wtai-section wtai-image_1753853427907-section\">\n<figure class=\"wtai-image-p wtai-align-center\" style=\"text-align:center\"><img decoding=\"async\" src=\"https:\/\/demostore.ai\/wp-content\/uploads\/2025\/08\/2-Slim-Black-White-Pearl-Bangle-2-600x358.png\" alt=\"Ez\u00fcst karperec fekete \u00e9s feh\u00e9r gy\u00f6nggyel, eleg\u00e1ns \u00e9kszer term\u00e9kfot\u00f3.\" srcset=\"https:\/\/demostore.ai\/wp-content\/uploads\/2025\/08\/2-Slim-Black-White-Pearl-Bangle-2.png 1000w, https:\/\/demostore.ai\/wp-content\/uploads\/2025\/08\/2-Slim-Black-White-Pearl-Bangle-2-300x179.png 300w, https:\/\/demostore.ai\/wp-content\/uploads\/2025\/08\/2-Slim-Black-White-Pearl-Bangle-2-768x458.png 768w, https:\/\/demostore.ai\/wp-content\/uploads\/2025\/08\/2-Slim-Black-White-Pearl-Bangle-2-600x358.png 600w\"><figcaption>\n<p>Az eleg\u00e1ns karperecet egy h\u00f3feh\u00e9r \u00e9s egy fekete gy\u00f6ngy finoman keretezi.<\/p>\n<\/figcaption><\/figure>\n<\/p><\/div>\n<section data-wtai-block-id=\"wtai_product_description_use_cases\" class=\"wtai-section wtai-use_cases-section\">\n<h2>Felhaszn\u00e1l\u00e1si \u00f6tletek \u00e9s st\u00edlustippek<\/h2>\n<ul>\n<li>Eleg\u00e1ns h\u00e9tk\u00f6znapi viselet; p\u00f3l\u00f3val \u00e9s bl\u00fazzal is remek\u00fcl mutat.<\/li>\n<li>Alkalmi megjelen\u00e9s kieg\u00e9sz\u00edt\u0151je; t\u00f6k\u00e9letes egy letisztult ruh\u00e1hoz.<\/li>\n<li>R\u00e9tegezve m\u00e1s kark\u00f6t\u0151kkel m\u00e9g kifejez\u0151bb hat\u00e1s\u00e9rt.<\/li>\n<li>Aj\u00e1nd\u00e9kba adva \u00f6r\u00f6mteli pillanatokat szerezhet b\u00e1rkinek.<\/li>\n<li>Irodai szettekhez vagy esti programra kiv\u00e1l\u00f3 kieg\u00e9sz\u00edt\u0151.<\/li>\n<\/ul>\n<\/section>\n<section data-wtai-block-id=\"wtai_product_description_custom_1754204236758\" class=\"wtai-section wtai-custom_1754204236758-section\">\n<h2>Alkalmak, amikor a Fekete \u00e9s Feh\u00e9r Gy\u00f6ngy Karperec t\u00f6k\u00e9letes v\u00e1laszt\u00e1s<\/h2>\n<ul>\n<li><strong>Aj\u00e1nd\u00e9koz\u00e1s szeretteidnek<\/strong>: Meghitt \u00fcnnepeken, sz\u00fclet\u00e9snapokon vagy \u00e9vfordul\u00f3kon k\u00fcl\u00f6nleges eml\u00e9ket ad.<\/li>\n<li><strong>Eleg\u00e1ns esem\u00e9nyeken<\/strong>: Esk\u00fcv\u0151k\u00f6n, b\u00e1lokon vagy \u00fcnnepi rendezv\u00e9nyeken kifinomult kieg\u00e9sz\u00edt\u0151 a klasszikus megjelen\u00e9shez.<\/li>\n<li><strong>Mindennapi st\u00edlusos viselethez<\/strong>: Munkahelyen vagy egy k\u00e1v\u00e9 mellett is feldobja az egyszer\u0171bb \u00f6ssze\u00e1ll\u00edt\u00e1sokat.<\/li>\n<li><strong>Bar\u00e1ti tal\u00e1lkoz\u00f3kra<\/strong>: Remek besz\u00e9lget\u00e9sind\u00edt\u00f3, ha egyedi kieg\u00e9sz\u00edt\u0151vel szeretn\u00e9l kit\u0171nni.<\/li>\n<li><strong>Romantikus randev\u00fakra<\/strong>: Egy kis fekete ruh\u00e1val vagy n\u0151ies bl\u00fazzal igaz\u00e1n k\u00fcl\u00f6nleges hangulatot teremt.<\/li>\n<li><strong>R\u00e9teges \u00e9kszervisel\u00e9shez<\/strong>: Kombin\u00e1lva m\u00e1s kark\u00f6t\u0151kkel izgalmas, modern megjelen\u00e9st biztos\u00edt.<\/li>\n<\/ul>\n<\/section>\n<section data-wtai-block-id=\"wtai_product_description_custom_1753164383380\" class=\"wtai-section wtai-custom_1753164383380-section\">\n<h3>\u00c1pol\u00e1si tippek a gy\u00f6ngy karperec hossz\u00fa \u00e9lettartam\u00e1\u00e9rt<\/h3>\n<ul>\n<li>Mindig a karperecet vedd fel utolj\u00e1ra, sminkel\u00e9s \u00e9s parf\u00fcm\u00f6z\u00e9s ut\u00e1n, hogy a gy\u00f6ngy\u00f6k fel\u00fclete meg\u0151rizze term\u00e9szetes f\u00e9ny\u00e9t.<\/li>\n<li>Minden visel\u00e9s ut\u00e1n puha, sz\u00e1raz kend\u0151vel t\u00f6r\u00f6ld \u00e1t a gy\u00f6ngy\u00f6ket, hogy elt\u00e1vol\u00edtsd a r\u00e1tapadt szennyez\u0151d\u00e9seket \u00e9s b\u0151rolajokat.<\/li>\n<li>T\u00e1rold k\u00fcl\u00f6n, puha b\u00e9l\u00e9s\u0171 \u00e9kszerdobozban vagy textilzs\u00e1kban, hogy elker\u00fcld a karcol\u00f3d\u00e1st \u00e9s a gy\u00f6ngy\u00f6k mattul\u00e1s\u00e1t.<\/li>\n<\/ul>\n<\/section>\n<div data-wtai-block-id=\"wtai_product_description_image_1753853450366\" class=\"wtai-section wtai-image_1753853450366-section\">\n<figure class=\"wtai-image-p wtai-align-center\" style=\"text-align:center\"><img decoding=\"async\" src=\"https:\/\/demostore.ai\/wp-content\/uploads\/2025\/08\/3-Slim-Black-White-Pearl-Bangle-1-600x146.png\" alt=\"Ez\u00fcst karperec fekete \u00e9s feh\u00e9r gy\u00f6ngy d\u00edsz\u00edt\u00e9ssel, eleg\u00e1ns \u00e9kszer term\u00e9kfot\u00f3.\" srcset=\"https:\/\/demostore.ai\/wp-content\/uploads\/2025\/08\/3-Slim-Black-White-Pearl-Bangle-1.png 1000w, https:\/\/demostore.ai\/wp-content\/uploads\/2025\/08\/3-Slim-Black-White-Pearl-Bangle-1-300x73.png 300w, https:\/\/demostore.ai\/wp-content\/uploads\/2025\/08\/3-Slim-Black-White-Pearl-Bangle-1-768x187.png 768w, https:\/\/demostore.ai\/wp-content\/uploads\/2025\/08\/3-Slim-Black-White-Pearl-Bangle-1-600x146.png 600w\"><figcaption>\n<p>A letisztult vonal\u00fa, nyitott karperecet k\u00fcl\u00f6nleges kontraszt\u00fa gy\u00f6ngyp\u00e1ros d\u00edsz\u00edti.<\/p>\n<\/figcaption><\/figure>\n<\/p><\/div>\n<section data-wtai-block-id=\"wtai_product_description_faqs\" class=\"wtai-section wtai-faqs-section\">\n<h2>Gyakori k\u00e9rd\u00e9sek<\/h2>\n<p><strong>Milyen anyagb\u00f3l k\u00e9sz\u00fcl a karperec?<\/strong> <br \/> Kiv\u00e1l\u00f3 min\u0151s\u00e9g\u0171, tart\u00f3s m\u0171gy\u00f6ngy\u00f6kb\u0151l \u00e9s rugalmas alapb\u00f3l, amelyek k\u00e9nyelmes viseletet biztos\u00edtanak.<\/p>\n<p><strong>K\u00e9nyelmes eg\u00e9sz nap viselni?<\/strong> <br \/> Igen, a rugalmas alapnak k\u00f6sz\u00f6nhet\u0151en eg\u00e9sz nap kellemes viselet a csukl\u00f3n.<\/p>\n<p><strong>Milyen alkalmakra aj\u00e1nlott?<\/strong> <br \/> H\u00e9tk\u00f6znapokon, eleg\u00e1ns esem\u00e9nyeken vagy aj\u00e1nd\u00e9kk\u00e9nt is t\u00f6k\u00e9letes v\u00e1laszt\u00e1s.<\/p>\n<p><strong>Hogyan \u00e9rdemes t\u00e1rolni?<\/strong> <br \/> T\u00e1rolja sz\u00e1raz, h\u0171v\u00f6s helyen, hogy meg\u0151rizze a gy\u00f6ngy\u00f6k f\u00e9ny\u00e9t \u00e9s sz\u00e9ps\u00e9g\u00e9t.<\/p>\n<\/section>\n<section data-wtai-block-id=\"wtai_product_description_conclusion\" class=\"wtai-section wtai-conclusion-section\">\n<h2>Legyen a ti\u00e9d most!<\/h2>\n<p><strong>A Fekete \u00e9s Feh\u00e9r Gy\u00f6ngy Karperec minden megjelen\u00e9shez k\u00f6nnyed eleganci\u00e1t ad.<\/strong> <strong>Rugalmas kialak\u00edt\u00e1sa miatt k\u00e9nyelmes \u00e9s mindig passzol, st\u00edlusos kieg\u00e9sz\u00edt\u0151k\u00e9nt minden helyzetben meg\u00e1llja a hely\u00e9t.<\/strong> <strong>V\u00e1laszd ezt az id\u0151tlen darabot, \u00e9s tegy\u00e9l minden pillanatot eml\u00e9kezetess\u00e9 vele.<\/strong> <strong>Ne v\u00e1rj tov\u00e1bb, fedezd fel az igazi klasszikus sz\u00e9ps\u00e9get m\u00e9g ma!<\/strong><\/p>\n<\/section>\n","protected":false},"excerpt":{"rendered":"<div data-wtai-block-id=\"wtai_excerpt_subtitle\" class=\"wtai-section wtai-subtitle-section\">\n<p><em><strong>Kifinomult kett\u0151ss\u00e9g, mely \u00f6r\u00f6k eleganci\u00e1t sug\u00e1roz.<\/strong><\/em><\/p>\n<\/p><\/div>\n<div data-wtai-block-id=\"wtai_excerpt_introduction\" class=\"wtai-section wtai-introduction-section\">\n<p>Van, amikor a legegyszer\u0171bb dolgok \u0151rzik a legm\u00e9lyebb jelent\u00e9st. Ez a gy\u00f6ny\u00f6r\u0171 darab kecsesen \u00f6tv\u00f6zi a klasszikus st\u00edlust a modern \u00e9rz\u00e9kenys\u00e9ggel, \u00edgy nem csup\u00e1n az \u00f6lt\u00f6z\u00e9kedre, hanem szem\u00e9lyis\u00e9gedre is r\u00e1vil\u00e1g\u00edt. Finom megjelen\u00e9s\u00e9vel csendben emeli ki a term\u00e9szetes sz\u00e9ps\u00e9get, \u00e9s k\u00f6nnyed\u00e9n v\u00e1lik szeretett eml\u00e9kk\u00e9 vagy mindennapi k\u00eds\u00e9r\u0151v\u00e9, amely egyedis\u00e9gedet t\u00fckr\u00f6zi.<\/p>\n<\/p><\/div>\n","protected":false},"featured_media":40501,"comment_status":"open","ping_status":"closed","template":"","meta":[],"product_brand":[],"product_cat":[302],"product_tag":[],"class_list":{"0":"post-35002","1":"product","2":"type-product","3":"status-publish","4":"has-post-thumbnail","6":"product_cat-ekszerek","8":"first","9":"instock","10":"shipping-taxable","11":"purchasable","12":"product-type-simple"},"bundled_by":[],"bundle_stock_status":"instock","bundle_stock_quantity":null,"bundle_virtual":false,"bundle_layout":"","bundle_add_to_cart_form_location":"","bundle_editable_in_cart":false,"bundle_sold_individually_context":"","bundle_item_grouping":"","bundle_min_size":"","bundle_max_size":"","bundle_price":[],"bundled_items":[],"bundle_sell_ids":[],"yoast_head":"<!-- This site is optimized with the Yoast SEO plugin v25.2 - https:\/\/yoast.com\/wordpress\/plugins\/seo\/ -->\n<title>Best Fekete \u00c9s Feh\u00e9r Gy\u00f6ngy Karperec Eleg\u00e1ns Megjelen\u00e9shez<\/title>\n<meta name=\"description\" content=\"Id\u0151tlen harm\u00f3nia a csukl\u00f3n. Kiv\u00e1l\u00f3 min\u0151s\u00e9g\u0171 fekete \u00e9s feh\u00e9r m\u0171gy\u00f6ngy karperec, klasszikus st\u00edlusban, k\u00e9nyelmes viselettel, univerz\u00e1lis m\u00e9retben.\" \/>\n<meta name=\"robots\" content=\"index, follow, max-snippet:-1, max-image-preview:large, max-video-preview:-1\" \/>\n<link rel=\"canonical\" href=\"https:\/\/demostore.ai\/hu\/termek\/fekete-es-feher-gyongy-karperec\/\" \/>\n<meta property=\"og:type\" content=\"article\" \/>\n<meta property=\"og:title\" content=\"Best Fekete \u00c9s Feh\u00e9r Gy\u00f6ngy Karperec Eleg\u00e1ns Megjelen\u00e9shez\" \/>\n<meta property=\"og:description\" content=\"Apr\u00f3l\u00e9kos st\u00edlus \u00e9s letisztult elegancia minden alkalomhoz. Fekete \u00e9s feh\u00e9r m\u0171gy\u00f6ngy karperec, amely k\u00e9nyelmes viseletet \u00e9s klasszikus st\u00edlust k\u00edn\u00e1l minden csukl\u00f3n.\" \/>\n<meta property=\"og:url\" content=\"https:\/\/demostore.ai\/hu\/termek\/fekete-es-feher-gyongy-karperec\/\" \/>\n<meta property=\"og:site_name\" content=\"Trendy Thread\" \/>\n<meta property=\"article:modified_time\" content=\"2026-02-20T03:29:00+00:00\" \/>\n<meta property=\"og:image\" content=\"https:\/\/demostore.ai\/wp-content\/uploads\/2025\/08\/1-slim-black-white-pearl-bangle.webp\" \/>\n\t<meta property=\"og:image:width\" content=\"1000\" \/>\n\t<meta property=\"og:image:height\" content=\"597\" \/>\n\t<meta property=\"og:image:type\" content=\"image\/webp\" \/>\n<meta name=\"twitter:card\" content=\"summary_large_image\" \/>\n<meta name=\"twitter:title\" content=\"Best Fekete \u00c9s Feh\u00e9r Gy\u00f6ngy Karperec Eleg\u00e1ns Megjelen\u00e9shez\" \/>\n<meta name=\"twitter:description\" content=\"Apr\u00f3l\u00e9kos st\u00edlus \u00e9s letisztult elegancia minden alkalomhoz. Fekete \u00e9s feh\u00e9r m\u0171gy\u00f6ngy karperec, amely k\u00e9nyelmes viseletet \u00e9s klasszikus st\u00edlust k\u00edn\u00e1l minden csukl\u00f3n.\" \/>\n<meta name=\"twitter:label1\" content=\"Becs\u00fclt olvas\u00e1si id\u0151\" \/>\n\t<meta name=\"twitter:data1\" content=\"1 perc\" \/>\n<script type=\"application\/ld+json\" class=\"yoast-schema-graph\">{\"@context\":\"https:\/\/schema.org\",\"@graph\":[{\"@type\":\"WebPage\",\"@id\":\"https:\/\/demostore.ai\/hu\/termek\/fekete-es-feher-gyongy-karperec\/\",\"url\":\"https:\/\/demostore.ai\/hu\/termek\/fekete-es-feher-gyongy-karperec\/\",\"name\":\"Best Fekete \u00c9s Feh\u00e9r Gy\u00f6ngy Karperec Eleg\u00e1ns Megjelen\u00e9shez\",\"isPartOf\":{\"@id\":\"https:\/\/demostore.ai\/hu\/#website\"},\"primaryImageOfPage\":{\"@id\":\"https:\/\/demostore.ai\/hu\/termek\/fekete-es-feher-gyongy-karperec\/#primaryimage\"},\"image\":{\"@id\":\"https:\/\/demostore.ai\/hu\/termek\/fekete-es-feher-gyongy-karperec\/#primaryimage\"},\"thumbnailUrl\":\"https:\/\/demostore.ai\/wp-content\/uploads\/2025\/08\/1-slim-black-white-pearl-bangle.webp\",\"datePublished\":\"2025-08-05T21:58:45+00:00\",\"dateModified\":\"2026-02-20T03:29:00+00:00\",\"description\":\"Id\u0151tlen harm\u00f3nia a csukl\u00f3n. Kiv\u00e1l\u00f3 min\u0151s\u00e9g\u0171 fekete \u00e9s feh\u00e9r m\u0171gy\u00f6ngy karperec, klasszikus st\u00edlusban, k\u00e9nyelmes viselettel, univerz\u00e1lis m\u00e9retben.\",\"breadcrumb\":{\"@id\":\"https:\/\/demostore.ai\/hu\/termek\/fekete-es-feher-gyongy-karperec\/#breadcrumb\"},\"inLanguage\":\"hu\",\"potentialAction\":[{\"@type\":\"ReadAction\",\"target\":[\"https:\/\/demostore.ai\/hu\/termek\/fekete-es-feher-gyongy-karperec\/\"]}]},{\"@type\":\"ImageObject\",\"inLanguage\":\"hu\",\"@id\":\"https:\/\/demostore.ai\/hu\/termek\/fekete-es-feher-gyongy-karperec\/#primaryimage\",\"url\":\"https:\/\/demostore.ai\/wp-content\/uploads\/2025\/08\/1-slim-black-white-pearl-bangle.webp\",\"contentUrl\":\"https:\/\/demostore.ai\/wp-content\/uploads\/2025\/08\/1-slim-black-white-pearl-bangle.webp\",\"width\":1000,\"height\":597,\"caption\":\"Fekete \u00e9s feh\u00e9r gy\u00f6ngy\u00f6s kark\u00f6t\u0151 eleg\u00e1ns designnal, nyitott karperec st\u00edlusban.\"},{\"@type\":\"BreadcrumbList\",\"@id\":\"https:\/\/demostore.ai\/hu\/termek\/fekete-es-feher-gyongy-karperec\/#breadcrumb\",\"itemListElement\":[{\"@type\":\"ListItem\",\"position\":1,\"name\":\"F\u0151oldal\",\"item\":\"https:\/\/demostore.ai\/hu\/\"},{\"@type\":\"ListItem\",\"position\":2,\"name\":\"Bolt\",\"item\":\"https:\/\/demostore.ai\/hu\/bolt\/\"},{\"@type\":\"ListItem\",\"position\":3,\"name\":\"Fekete \u00e9s Feh\u00e9r Gy\u00f6ngy Karperec\"}]},{\"@type\":\"WebSite\",\"@id\":\"https:\/\/demostore.ai\/hu\/#website\",\"url\":\"https:\/\/demostore.ai\/hu\/\",\"name\":\"Trendy Thread\",\"description\":\"WriteText.ai bemutat\u00f3bolt\",\"publisher\":{\"@id\":\"https:\/\/demostore.ai\/hu\/#organization\"},\"potentialAction\":[{\"@type\":\"SearchAction\",\"target\":{\"@type\":\"EntryPoint\",\"urlTemplate\":\"https:\/\/demostore.ai\/hu\/?s={search_term_string}\"},\"query-input\":{\"@type\":\"PropertyValueSpecification\",\"valueRequired\":true,\"valueName\":\"search_term_string\"}}],\"inLanguage\":\"hu\"},{\"@type\":\"Organization\",\"@id\":\"https:\/\/demostore.ai\/hu\/#organization\",\"name\":\"WriteText.ai\",\"url\":\"https:\/\/demostore.ai\/hu\/\",\"logo\":{\"@type\":\"ImageObject\",\"inLanguage\":\"hu\",\"@id\":\"https:\/\/demostore.ai\/hu\/#\/schema\/logo\/image\/\",\"url\":\"https:\/\/demostore.ai\/wp-content\/uploads\/2025\/10\/writetext_logo.webp\",\"contentUrl\":\"https:\/\/demostore.ai\/wp-content\/uploads\/2025\/10\/writetext_logo.webp\",\"width\":200,\"height\":34,\"caption\":\"WriteText.ai\"},\"image\":{\"@id\":\"https:\/\/demostore.ai\/hu\/#\/schema\/logo\/image\/\"}}]}<\/script>\n<!-- \/ Yoast SEO plugin. -->","yoast_head_json":{"title":"Best Fekete \u00c9s Feh\u00e9r Gy\u00f6ngy Karperec Eleg\u00e1ns Megjelen\u00e9shez","description":"Id\u0151tlen harm\u00f3nia a csukl\u00f3n. Kiv\u00e1l\u00f3 min\u0151s\u00e9g\u0171 fekete \u00e9s feh\u00e9r m\u0171gy\u00f6ngy karperec, klasszikus st\u00edlusban, k\u00e9nyelmes viselettel, univerz\u00e1lis m\u00e9retben.","robots":{"index":"index","follow":"follow","max-snippet":"max-snippet:-1","max-image-preview":"max-image-preview:large","max-video-preview":"max-video-preview:-1"},"canonical":"https:\/\/demostore.ai\/hu\/termek\/fekete-es-feher-gyongy-karperec\/","og_type":"article","og_title":"Best Fekete \u00c9s Feh\u00e9r Gy\u00f6ngy Karperec Eleg\u00e1ns Megjelen\u00e9shez","og_description":"Apr\u00f3l\u00e9kos st\u00edlus \u00e9s letisztult elegancia minden alkalomhoz. Fekete \u00e9s feh\u00e9r m\u0171gy\u00f6ngy karperec, amely k\u00e9nyelmes viseletet \u00e9s klasszikus st\u00edlust k\u00edn\u00e1l minden csukl\u00f3n.","og_url":"https:\/\/demostore.ai\/hu\/termek\/fekete-es-feher-gyongy-karperec\/","og_site_name":"Trendy Thread","article_modified_time":"2026-02-20T03:29:00+00:00","og_image":[{"width":1000,"height":597,"url":"https:\/\/demostore.ai\/wp-content\/uploads\/2025\/08\/1-slim-black-white-pearl-bangle.webp","type":"image\/webp"}],"twitter_card":"summary_large_image","twitter_title":"Best Fekete \u00c9s Feh\u00e9r Gy\u00f6ngy Karperec Eleg\u00e1ns Megjelen\u00e9shez","twitter_description":"Apr\u00f3l\u00e9kos st\u00edlus \u00e9s letisztult elegancia minden alkalomhoz. Fekete \u00e9s feh\u00e9r m\u0171gy\u00f6ngy karperec, amely k\u00e9nyelmes viseletet \u00e9s klasszikus st\u00edlust k\u00edn\u00e1l minden csukl\u00f3n.","twitter_misc":{"Becs\u00fclt olvas\u00e1si id\u0151":"1 perc"},"schema":{"@context":"https:\/\/schema.org","@graph":[{"@type":"WebPage","@id":"https:\/\/demostore.ai\/hu\/termek\/fekete-es-feher-gyongy-karperec\/","url":"https:\/\/demostore.ai\/hu\/termek\/fekete-es-feher-gyongy-karperec\/","name":"Best Fekete \u00c9s Feh\u00e9r Gy\u00f6ngy Karperec Eleg\u00e1ns Megjelen\u00e9shez","isPartOf":{"@id":"https:\/\/demostore.ai\/hu\/#website"},"primaryImageOfPage":{"@id":"https:\/\/demostore.ai\/hu\/termek\/fekete-es-feher-gyongy-karperec\/#primaryimage"},"image":{"@id":"https:\/\/demostore.ai\/hu\/termek\/fekete-es-feher-gyongy-karperec\/#primaryimage"},"thumbnailUrl":"https:\/\/demostore.ai\/wp-content\/uploads\/2025\/08\/1-slim-black-white-pearl-bangle.webp","datePublished":"2025-08-05T21:58:45+00:00","dateModified":"2026-02-20T03:29:00+00:00","description":"Id\u0151tlen harm\u00f3nia a csukl\u00f3n. Kiv\u00e1l\u00f3 min\u0151s\u00e9g\u0171 fekete \u00e9s feh\u00e9r m\u0171gy\u00f6ngy karperec, klasszikus st\u00edlusban, k\u00e9nyelmes viselettel, univerz\u00e1lis m\u00e9retben.","breadcrumb":{"@id":"https:\/\/demostore.ai\/hu\/termek\/fekete-es-feher-gyongy-karperec\/#breadcrumb"},"inLanguage":"hu","potentialAction":[{"@type":"ReadAction","target":["https:\/\/demostore.ai\/hu\/termek\/fekete-es-feher-gyongy-karperec\/"]}]},{"@type":"ImageObject","inLanguage":"hu","@id":"https:\/\/demostore.ai\/hu\/termek\/fekete-es-feher-gyongy-karperec\/#primaryimage","url":"https:\/\/demostore.ai\/wp-content\/uploads\/2025\/08\/1-slim-black-white-pearl-bangle.webp","contentUrl":"https:\/\/demostore.ai\/wp-content\/uploads\/2025\/08\/1-slim-black-white-pearl-bangle.webp","width":1000,"height":597,"caption":"Fekete \u00e9s feh\u00e9r gy\u00f6ngy\u00f6s kark\u00f6t\u0151 eleg\u00e1ns designnal, nyitott karperec st\u00edlusban."},{"@type":"BreadcrumbList","@id":"https:\/\/demostore.ai\/hu\/termek\/fekete-es-feher-gyongy-karperec\/#breadcrumb","itemListElement":[{"@type":"ListItem","position":1,"name":"F\u0151oldal","item":"https:\/\/demostore.ai\/hu\/"},{"@type":"ListItem","position":2,"name":"Bolt","item":"https:\/\/demostore.ai\/hu\/bolt\/"},{"@type":"ListItem","position":3,"name":"Fekete \u00e9s Feh\u00e9r Gy\u00f6ngy Karperec"}]},{"@type":"WebSite","@id":"https:\/\/demostore.ai\/hu\/#website","url":"https:\/\/demostore.ai\/hu\/","name":"Trendy Thread","description":"WriteText.ai bemutat\u00f3bolt","publisher":{"@id":"https:\/\/demostore.ai\/hu\/#organization"},"potentialAction":[{"@type":"SearchAction","target":{"@type":"EntryPoint","urlTemplate":"https:\/\/demostore.ai\/hu\/?s={search_term_string}"},"query-input":{"@type":"PropertyValueSpecification","valueRequired":true,"valueName":"search_term_string"}}],"inLanguage":"hu"},{"@type":"Organization","@id":"https:\/\/demostore.ai\/hu\/#organization","name":"WriteText.ai","url":"https:\/\/demostore.ai\/hu\/","logo":{"@type":"ImageObject","inLanguage":"hu","@id":"https:\/\/demostore.ai\/hu\/#\/schema\/logo\/image\/","url":"https:\/\/demostore.ai\/wp-content\/uploads\/2025\/10\/writetext_logo.webp","contentUrl":"https:\/\/demostore.ai\/wp-content\/uploads\/2025\/10\/writetext_logo.webp","width":200,"height":34,"caption":"WriteText.ai"},"image":{"@id":"https:\/\/demostore.ai\/hu\/#\/schema\/logo\/image\/"}}]}},"_links":{"self":[{"href":"https:\/\/demostore.ai\/hu\/wp-json\/wp\/v2\/product\/35002","targetHints":{"allow":["GET"]}}],"collection":[{"href":"https:\/\/demostore.ai\/hu\/wp-json\/wp\/v2\/product"}],"about":[{"href":"https:\/\/demostore.ai\/hu\/wp-json\/wp\/v2\/types\/product"}],"replies":[{"embeddable":true,"href":"https:\/\/demostore.ai\/hu\/wp-json\/wp\/v2\/comments?post=35002"}],"wp:featuredmedia":[{"embeddable":true,"href":"https:\/\/demostore.ai\/hu\/wp-json\/wp\/v2\/media\/40501"}],"wp:attachment":[{"href":"https:\/\/demostore.ai\/hu\/wp-json\/wp\/v2\/media?parent=35002"}],"wp:term":[{"taxonomy":"product_brand","embeddable":true,"href":"https:\/\/demostore.ai\/hu\/wp-json\/wp\/v2\/product_brand?post=35002"},{"taxonomy":"product_cat","embeddable":true,"href":"https:\/\/demostore.ai\/hu\/wp-json\/wp\/v2\/product_cat?post=35002"},{"taxonomy":"product_tag","embeddable":true,"href":"https:\/\/demostore.ai\/hu\/wp-json\/wp\/v2\/product_tag?post=35002"}],"curies":[{"name":"wp","href":"https:\/\/api.w.org\/{rel}","templated":true}]}}