{"id":39157,"date":"2025-06-13T08:34:21","date_gmt":"2025-06-13T00:34:21","guid":{"rendered":"https:\/\/demostore.ai\/?post_type=product&#038;p=39157"},"modified":"2026-02-18T13:25:53","modified_gmt":"2026-02-18T05:25:53","slug":"ponds-kosteuttava-vesimelonikasvovesi","status":"publish","type":"product","link":"https:\/\/demostore.ai\/fi\/tuote\/ponds-kosteuttava-vesimelonikasvovesi\/","title":{"rendered":"Pond\u2019s kosteuttava vesimelonikasvovesi"},"content":{"rendered":"<section data-wtai-block-id=\"wtai_product_description_features\" class=\"wtai-section wtai-features-section\">\n<h2>Tuotteen kohokohdat<\/h2>\n<ul>\n<li><strong>Syv\u00e4kosteuttava koostumus<\/strong>: Palauttaa ihoon luonnollista kosteutta ja raikkautta.<\/li>\n<li><strong>Ihoa kirkastava vaikutus<\/strong>: Edist\u00e4\u00e4 kuulasta, hele\u00e4\u00e4 ja hyvinvoivaa ihoilmett\u00e4.<\/li>\n<li><strong>Kevyt, nopeasti imeytyv\u00e4<\/strong>: Sopii jokap\u00e4iv\u00e4iseen k\u00e4ytt\u00f6\u00f6n j\u00e4tt\u00e4m\u00e4tt\u00e4 ihoa tahmeaksi.<\/li>\n<li><strong>Vesimeloniuutetta sis\u00e4lt\u00e4v\u00e4<\/strong>: Vesimeloniuute tunnetaan virkist\u00e4vist\u00e4 ja kosteuttavista ominaisuuksistaan.<\/li>\n<li><strong>C-vitamiini<\/strong>: Auttaa taistelemaan sameutta vastaan tuoden iholle energiaa.<\/li>\n<li><strong>Sopii useille ihotyypeille<\/strong>: Voidaan k\u00e4ytt\u00e4\u00e4 kuivan, sekaihon ja normaalin ihon hoidossa.<\/li>\n<li><strong>Raikas ja mieto tuoksu<\/strong>: Lis\u00e4\u00e4 p\u00e4ivitt\u00e4iseen ihonhoitorutiiniin miellytt\u00e4v\u00e4n vivahteen.<\/li>\n<li><strong>Helppo annostella<\/strong>: Selke\u00e4 pullo ja k\u00e4yt\u00e4nn\u00f6llinen korkki varmistavat sopivan m\u00e4\u00e4r\u00e4n kerrallaan.<\/li>\n<\/ul>\n<\/section>\n<div data-wtai-block-id=\"wtai_product_description_image_1753694499291\" class=\"wtai-section wtai-image_1753694499291-section\">\n<figure class=\"wtai-image-p wtai-align-center\" style=\"text-align:center\"><img decoding=\"async\" src=\"https:\/\/demostore.ai\/wp-content\/uploads\/2025\/06\/Toner-4-scaled-1.png\" alt=\"Pond\u2019s kosteuttava vesimelonikasvovesi, avonainen pullo ja punainen korkki tuotepaketissa.\" srcset=\"https:\/\/demostore.ai\/wp-content\/uploads\/2025\/06\/Toner-4-scaled-1.png 575w, https:\/\/demostore.ai\/wp-content\/uploads\/2025\/06\/Toner-4-scaled-1-173x300.png 173w\"><figcaption>\n<p>Raikkaasti kuvioitu pullo ja pirte\u00e4n korallinv\u00e4rinen korkki tuovat kes\u00e4isen vesimelonin mieleen.<\/p>\n<\/figcaption><\/figure>\n<\/p><\/div>\n<section data-wtai-block-id=\"wtai_product_description_benefits\" class=\"wtai-section wtai-benefits-section\">\n<h2>Miksi ihastut t\u00e4h\u00e4n<\/h2>\n<ul>\n<li>Ihosta tulee s\u00e4teilev\u00e4 ja luonnollisen kuulaan n\u00e4k\u00f6inen.<\/li>\n<li>Kosteuttaa v\u00e4litt\u00f6m\u00e4sti ja ehk\u00e4isee ihon kiristely\u00e4.<\/li>\n<li>Tasoittaa ihon pintaa ja tuo sille pehmeytt\u00e4.<\/li>\n<li>V\u00e4hent\u00e4\u00e4 sameuden tunnetta ja auttaa raikkaan ilmeen saamisessa.<\/li>\n<li>Lis\u00e4\u00e4 itsevarmuutta luonnolliseen kauneuteen korostaen ihon parhaita puolia.<\/li>\n<\/ul>\n<\/section>\n<section data-wtai-block-id=\"wtai_product_description_use_cases\" class=\"wtai-section wtai-use_cases-section\">\n<h3>N\u00e4in k\u00e4yt\u00e4t osana arkea<\/h3>\n<ol>\n<li>Pyyhi kasvot aamulla vanulapulla puhdistuksen j\u00e4lkeen.<\/li>\n<li>Taputtele kasvoille ennen p\u00e4iv\u00e4- tai y\u00f6voiteen levityst\u00e4.<\/li>\n<li>Raikasta ihoa p\u00e4iv\u00e4n aikana, kun kaipaat nopeaa piristyst\u00e4.<\/li>\n<li>Valmistele iho hoitavalle seerumille tai muille ihonhoitotuotteille.<\/li>\n<li>K\u00e4yt\u00e4 kasvoveden sijaan kasvonaamiota edelt\u00e4v\u00e4n\u00e4 askeleena.<\/li>\n<li>Soveltuu hyvin kiireiseen arkiaamuun tuomaan lis\u00e4kosteutta.<\/li>\n<li>Sis\u00e4llyt\u00e4 iltarutiiniin tuomaan pehmeytt\u00e4 ennen nukkumaanmenoa.<\/li>\n<li>Kuljeta mukana matkoilla ja virkist\u00e4 ihoa tarvittaessa.<\/li>\n<\/ol>\n<\/section>\n<section data-wtai-block-id=\"wtai_product_description_technical_specifications\" class=\"wtai-section wtai-technical_specifications-section\">\n<h3>Tiedot<\/h3>\n<ul>\n<li><strong>Sis\u00e4lt\u00f6m\u00e4\u00e4r\u00e4:<\/strong> 150 ml<\/li>\n<li><strong>Tuotetyyppi:<\/strong> Kosteuttava kasvovesi<\/li>\n<li><strong>P\u00e4\u00e4ainesosa:<\/strong> Vesimeloniuute<\/li>\n<li><strong>K\u00e4ytt\u00f6:<\/strong> P\u00e4ivitt\u00e4inen ihonhoito kasvoille<\/li>\n<\/ul>\n<\/section>\n<section data-wtai-block-id=\"wtai_product_description_custom_1753167803027\" class=\"wtai-section wtai-custom_1753167803027-section\">\n<h2>Kenelle Pond\u2019s kosteuttava vesimelonikasvovesi sopii ja mit\u00e4 ihohuolia se helpottaa<\/h2>\n<ul>\n<li><strong>Kuiva iho<\/strong> \u2013 Kosteuttaa ja virkist\u00e4\u00e4 pintakuivaa ihoa tehokkaasti.<\/li>\n<li><strong>Rasvoittuva iho<\/strong> \u2013 Sopii kevyen ja raikkaan koostumuksensa ansiosta.<\/li>\n<li><strong>Herkk\u00e4 iho<\/strong> \u2013 Voidaan k\u00e4ytt\u00e4\u00e4, mutta herkimmille suositellaan varovaisuutta.<\/li>\n<li><strong>Eloton iho<\/strong> \u2013 Tuo kasvoille kuulautta ja upeaa hehkua.<\/li>\n<li><strong>Ep\u00e4puhtauksiin taipuva iho<\/strong> \u2013 Auttaa tasoittamaan ihon s\u00e4vy\u00e4 ja rakennetta.<\/li>\n<li><strong>Kaikille ihotyypeille<\/strong> \u2013 Sopii monipuolisesti arjen ihonhoitorutiineihin.<\/li>\n<\/ul>\n<\/section>\n<section data-wtai-block-id=\"wtai_product_description_custom_1754200971412\" class=\"wtai-section wtai-custom_1754200971412-section\">\n<h2>Ainesosaluettelo<\/h2>\n<p>Aqua, 1,2-Hexanediol, Glycerin, Tocopheryl Acetate, Sodium Hyaluronate, Sodium Hyaluronate Crosspolymer, Hydrolyzed Sodium Hyaluronate, Sodium Acetylated Hyaluronate, Citrullus Lanatus Fruit Extract, Panthenol, Niacinamide, Hydroxyethyl Urea, Urea, PEG-6 Caprylic\/Capric Glycerides, Propylene Glycol, Ethylhexylglycerin, Pentylene Glycol, Sodium Chloride, Potassium Chloride, Parfum, Trideceth-9, PEG-40 Hydrogenated Castor Oil, Ammonium Lactate, Cetrimonium Chloride, Cetylpyridinium Chloride, Ethanolamine, Benzophenone-4, Tetrasodium EDTA, Phenoxyethanol, Citric Acid, Propanediol.<\/p>\n<\/section>\n<section data-wtai-block-id=\"wtai_product_description_faqs\" class=\"wtai-section wtai-faqs-section\">\n<h2>Usein kysytyt kysymykset<\/h2>\n<p><strong>Sopiiko tuote herk\u00e4lle iholle?<\/strong> <br \/> Kyll\u00e4, mieto ja alkoholiton koostumus sopii useimmille ihoille, my\u00f6s herkille.<\/p>\n<p><strong>Voiko t\u00e4t\u00e4 k\u00e4ytt\u00e4\u00e4 muiden aktiivisten ainesosien kanssa?<\/strong> <br \/> Kyll\u00e4, tuote sopii hyvin osaksi monipuolista ihonhoitorutiinia.<\/p>\n<p><strong>Milloin tulokset ovat n\u00e4kyviss\u00e4?<\/strong> <br \/> Iho n\u00e4ytt\u00e4\u00e4 kirkkaammalta ja kosteutetummalta jo muutaman k\u00e4ytt\u00f6kerran j\u00e4lkeen.<\/p>\n<p><strong>Kuinka kauan tuotetta voi s\u00e4ilytt\u00e4\u00e4 avattuna?<\/strong> <br \/> Avaamisen j\u00e4lkeen suosittelemme k\u00e4ytt\u00e4m\u00e4\u00e4n tuotteen 12 kuukauden sis\u00e4ll\u00e4.<\/p>\n<p><strong>Voiko tuotetta k\u00e4ytt\u00e4\u00e4 my\u00f6s silm\u00e4nymp\u00e4rysiholle?<\/strong> <br \/> V\u00e4lt\u00e4 suoraa kontaktia silmien kanssa ja levit\u00e4 varoen silm\u00e4nymp\u00e4rysiholle.<\/p>\n<\/section>\n<section data-wtai-block-id=\"wtai_product_description_conclusion\" class=\"wtai-section wtai-conclusion-section\">\n<h2>Kokeile ja ihastu jo t\u00e4n\u00e4\u00e4n<\/h2>\n<p><em><strong>Pond\u2019s vesimelonikasvovesi tuo arkeen virkist\u00e4v\u00e4\u00e4 kosteutusta ja n\u00e4kyv\u00e4\u00e4 heleytt\u00e4.<\/strong><\/em> <em><strong>Anna ihosi tuntea pehmeys ja raikkaus \u2013 \u00e4l\u00e4 odota, vaan l\u00f6yd\u00e4 seuraava suosikkisi jo t\u00e4n\u00e4\u00e4n.<\/strong><\/em><\/p>\n<\/section>\n","protected":false},"excerpt":{"rendered":"<div data-wtai-block-id=\"wtai_excerpt_subtitle\" class=\"wtai-section wtai-subtitle-section\">\n<p><em><strong>Kevyt vesimelonin raikkaus antaa iholle hele\u00e4n hehkun.<\/strong><\/em><\/p>\n<\/p><\/div>\n<div data-wtai-block-id=\"wtai_excerpt_introduction\" class=\"wtai-section wtai-introduction-section\">\n<p>Heti kun kaipaat ihoosi raikasta, kosteuttavaa tunnetta, t\u00e4m\u00e4 kasvovesi tekee vaikutuksen. Pond\u2019s kosteuttava vesimelonikasvovesi on suunniteltu niille, jotka arvostavat ihon luonnollista kuulautta ja pehme\u00e4\u00e4, virkistynytt\u00e4 tunnetta. Tuotteen kevyt koostumus virkist\u00e4\u00e4 ja elvytt\u00e4\u00e4 kasvoja j\u00e4tt\u00e4en j\u00e4lkeens\u00e4 hele\u00e4n hehkun. Vedenkirkas, hennon makea tuoksu ja visuaalisesti vieh\u00e4tt\u00e4v\u00e4 pakkaus tekev\u00e4t jokaisesta k\u00e4ytt\u00f6kerrasta oman pienen hemmotteluhetken \u2013 juuri niihin hetkiin, kun oma hyvinvointi kaipaa pient\u00e4 piristyst\u00e4 ja iho lis\u00e4kosteutusta.<\/p>\n<\/p><\/div>\n","protected":false},"featured_media":16249,"comment_status":"open","ping_status":"closed","template":"","meta":[],"product_brand":[],"product_cat":[206],"product_tag":[],"class_list":{"0":"post-39157","1":"product","2":"type-product","3":"status-publish","4":"has-post-thumbnail","6":"product_cat-kauneus-hyvinvointi","8":"first","9":"instock","10":"shipping-taxable","11":"purchasable","12":"product-type-simple"},"bundled_by":[],"bundle_stock_status":"instock","bundle_stock_quantity":null,"bundle_virtual":false,"bundle_layout":"","bundle_add_to_cart_form_location":"","bundle_editable_in_cart":false,"bundle_sold_individually_context":"","bundle_item_grouping":"","bundle_min_size":"","bundle_max_size":"","bundle_price":[],"bundled_items":[],"bundle_sell_ids":[],"yoast_head":"<!-- This site is optimized with the Yoast SEO plugin v25.2 - https:\/\/yoast.com\/wordpress\/plugins\/seo\/ -->\n<title>Best Pond\u2019s Kosteuttava Vesimelonikasvovesi Raikkaaseen Ihoon<\/title>\n<meta name=\"description\" content=\"Rippeet\u00f6n hehku jokaiselle p\u00e4iv\u00e4lle. Pond\u2019s kosteuttava vesimelonikasvovesi antaa iholle v\u00e4lit\u00f6nt\u00e4 kosteutusta, tekee siit\u00e4 kirkkaamman ja lis\u00e4\u00e4 luonnollista kuulautta.\" \/>\n<meta name=\"robots\" content=\"index, follow, max-snippet:-1, max-image-preview:large, max-video-preview:-1\" \/>\n<link rel=\"canonical\" href=\"https:\/\/demostore.ai\/fi\/tuote\/ponds-kosteuttava-vesimelonikasvovesi\/\" \/>\n<meta property=\"og:type\" content=\"article\" \/>\n<meta property=\"og:title\" content=\"Best Pond\u2019s Kosteuttava Vesimelonikasvovesi Raikkaaseen Ihoon\" \/>\n<meta property=\"og:description\" content=\"Virheett\u00f6m\u00e4n kuulaan ihon salaisuus l\u00f6ytyy nyt vesimelonista. Pond\u2019s kosteuttava kasvovesi kosteuttaa, kirkastaa ja pehment\u00e4\u00e4 kasvojen ihoa kevyell\u00e4 ja raikkaalla koostumuksella.\" \/>\n<meta property=\"og:url\" content=\"https:\/\/demostore.ai\/fi\/tuote\/ponds-kosteuttava-vesimelonikasvovesi\/\" \/>\n<meta property=\"og:site_name\" content=\"Trendy Thread\" \/>\n<meta property=\"article:modified_time\" content=\"2026-02-18T05:25:53+00:00\" \/>\n<meta property=\"og:image\" content=\"https:\/\/demostore.ai\/wp-content\/uploads\/2025\/06\/Toner-1-scaled-1.png\" \/>\n\t<meta property=\"og:image:width\" content=\"390\" \/>\n\t<meta property=\"og:image:height\" content=\"1000\" \/>\n\t<meta property=\"og:image:type\" content=\"image\/png\" \/>\n<meta name=\"twitter:card\" content=\"summary_large_image\" \/>\n<meta name=\"twitter:title\" content=\"Best Pond\u2019s Kosteuttava Vesimelonikasvovesi Raikkaaseen Ihoon\" \/>\n<meta name=\"twitter:description\" content=\"Virheett\u00f6m\u00e4n kuulaan ihon salaisuus l\u00f6ytyy nyt vesimelonista. Pond\u2019s kosteuttava kasvovesi kosteuttaa, kirkastaa ja pehment\u00e4\u00e4 kasvojen ihoa kevyell\u00e4 ja raikkaalla koostumuksella.\" \/>\n<meta name=\"twitter:label1\" content=\"Arvioitu lukuaika\" \/>\n\t<meta name=\"twitter:data1\" content=\"1 minuutti\" \/>\n<script type=\"application\/ld+json\" class=\"yoast-schema-graph\">{\"@context\":\"https:\/\/schema.org\",\"@graph\":[{\"@type\":\"WebPage\",\"@id\":\"https:\/\/demostore.ai\/fi\/tuote\/ponds-kosteuttava-vesimelonikasvovesi\/\",\"url\":\"https:\/\/demostore.ai\/fi\/tuote\/ponds-kosteuttava-vesimelonikasvovesi\/\",\"name\":\"Best Pond\u2019s Kosteuttava Vesimelonikasvovesi Raikkaaseen Ihoon\",\"isPartOf\":{\"@id\":\"https:\/\/demostore.ai\/fi\/#website\"},\"primaryImageOfPage\":{\"@id\":\"https:\/\/demostore.ai\/fi\/tuote\/ponds-kosteuttava-vesimelonikasvovesi\/#primaryimage\"},\"image\":{\"@id\":\"https:\/\/demostore.ai\/fi\/tuote\/ponds-kosteuttava-vesimelonikasvovesi\/#primaryimage\"},\"thumbnailUrl\":\"https:\/\/demostore.ai\/wp-content\/uploads\/2025\/06\/Toner-1-scaled-1.png\",\"datePublished\":\"2025-06-13T00:34:21+00:00\",\"dateModified\":\"2026-02-18T05:25:53+00:00\",\"description\":\"Rippeet\u00f6n hehku jokaiselle p\u00e4iv\u00e4lle. Pond\u2019s kosteuttava vesimelonikasvovesi antaa iholle v\u00e4lit\u00f6nt\u00e4 kosteutusta, tekee siit\u00e4 kirkkaamman ja lis\u00e4\u00e4 luonnollista kuulautta.\",\"breadcrumb\":{\"@id\":\"https:\/\/demostore.ai\/fi\/tuote\/ponds-kosteuttava-vesimelonikasvovesi\/#breadcrumb\"},\"inLanguage\":\"fi\",\"potentialAction\":[{\"@type\":\"ReadAction\",\"target\":[\"https:\/\/demostore.ai\/fi\/tuote\/ponds-kosteuttava-vesimelonikasvovesi\/\"]}]},{\"@type\":\"ImageObject\",\"inLanguage\":\"fi\",\"@id\":\"https:\/\/demostore.ai\/fi\/tuote\/ponds-kosteuttava-vesimelonikasvovesi\/#primaryimage\",\"url\":\"https:\/\/demostore.ai\/wp-content\/uploads\/2025\/06\/Toner-1-scaled-1.png\",\"contentUrl\":\"https:\/\/demostore.ai\/wp-content\/uploads\/2025\/06\/Toner-1-scaled-1.png\",\"width\":390,\"height\":1000,\"caption\":\"Pond\u2019s kosteuttava vesimelonikasvovesi 200 ml kirkkaassa pullossa tuotteen tuotesivulla.\"},{\"@type\":\"BreadcrumbList\",\"@id\":\"https:\/\/demostore.ai\/fi\/tuote\/ponds-kosteuttava-vesimelonikasvovesi\/#breadcrumb\",\"itemListElement\":[{\"@type\":\"ListItem\",\"position\":1,\"name\":\"Koti\",\"item\":\"https:\/\/demostore.ai\/fi\/\"},{\"@type\":\"ListItem\",\"position\":2,\"name\":\"Kauppa\",\"item\":\"https:\/\/demostore.ai\/fi\/kauppa\/\"},{\"@type\":\"ListItem\",\"position\":3,\"name\":\"Pond\u2019s kosteuttava vesimelonikasvovesi\"}]},{\"@type\":\"WebSite\",\"@id\":\"https:\/\/demostore.ai\/fi\/#website\",\"url\":\"https:\/\/demostore.ai\/fi\/\",\"name\":\"Trendy Thread\",\"description\":\"WriteText.ai-demokauppa\",\"publisher\":{\"@id\":\"https:\/\/demostore.ai\/fi\/#organization\"},\"potentialAction\":[{\"@type\":\"SearchAction\",\"target\":{\"@type\":\"EntryPoint\",\"urlTemplate\":\"https:\/\/demostore.ai\/fi\/?s={search_term_string}\"},\"query-input\":{\"@type\":\"PropertyValueSpecification\",\"valueRequired\":true,\"valueName\":\"search_term_string\"}}],\"inLanguage\":\"fi\"},{\"@type\":\"Organization\",\"@id\":\"https:\/\/demostore.ai\/fi\/#organization\",\"name\":\"WriteText.ai\",\"url\":\"https:\/\/demostore.ai\/fi\/\",\"logo\":{\"@type\":\"ImageObject\",\"inLanguage\":\"fi\",\"@id\":\"https:\/\/demostore.ai\/fi\/#\/schema\/logo\/image\/\",\"url\":\"https:\/\/demostore.ai\/wp-content\/uploads\/2025\/10\/writetext_logo.webp\",\"contentUrl\":\"https:\/\/demostore.ai\/wp-content\/uploads\/2025\/10\/writetext_logo.webp\",\"width\":200,\"height\":34,\"caption\":\"WriteText.ai\"},\"image\":{\"@id\":\"https:\/\/demostore.ai\/fi\/#\/schema\/logo\/image\/\"}}]}<\/script>\n<!-- \/ Yoast SEO plugin. -->","yoast_head_json":{"title":"Best Pond\u2019s Kosteuttava Vesimelonikasvovesi Raikkaaseen Ihoon","description":"Rippeet\u00f6n hehku jokaiselle p\u00e4iv\u00e4lle. Pond\u2019s kosteuttava vesimelonikasvovesi antaa iholle v\u00e4lit\u00f6nt\u00e4 kosteutusta, tekee siit\u00e4 kirkkaamman ja lis\u00e4\u00e4 luonnollista kuulautta.","robots":{"index":"index","follow":"follow","max-snippet":"max-snippet:-1","max-image-preview":"max-image-preview:large","max-video-preview":"max-video-preview:-1"},"canonical":"https:\/\/demostore.ai\/fi\/tuote\/ponds-kosteuttava-vesimelonikasvovesi\/","og_type":"article","og_title":"Best Pond\u2019s Kosteuttava Vesimelonikasvovesi Raikkaaseen Ihoon","og_description":"Virheett\u00f6m\u00e4n kuulaan ihon salaisuus l\u00f6ytyy nyt vesimelonista. Pond\u2019s kosteuttava kasvovesi kosteuttaa, kirkastaa ja pehment\u00e4\u00e4 kasvojen ihoa kevyell\u00e4 ja raikkaalla koostumuksella.","og_url":"https:\/\/demostore.ai\/fi\/tuote\/ponds-kosteuttava-vesimelonikasvovesi\/","og_site_name":"Trendy Thread","article_modified_time":"2026-02-18T05:25:53+00:00","og_image":[{"width":390,"height":1000,"url":"https:\/\/demostore.ai\/wp-content\/uploads\/2025\/06\/Toner-1-scaled-1.png","type":"image\/png"}],"twitter_card":"summary_large_image","twitter_title":"Best Pond\u2019s Kosteuttava Vesimelonikasvovesi Raikkaaseen Ihoon","twitter_description":"Virheett\u00f6m\u00e4n kuulaan ihon salaisuus l\u00f6ytyy nyt vesimelonista. Pond\u2019s kosteuttava kasvovesi kosteuttaa, kirkastaa ja pehment\u00e4\u00e4 kasvojen ihoa kevyell\u00e4 ja raikkaalla koostumuksella.","twitter_misc":{"Arvioitu lukuaika":"1 minuutti"},"schema":{"@context":"https:\/\/schema.org","@graph":[{"@type":"WebPage","@id":"https:\/\/demostore.ai\/fi\/tuote\/ponds-kosteuttava-vesimelonikasvovesi\/","url":"https:\/\/demostore.ai\/fi\/tuote\/ponds-kosteuttava-vesimelonikasvovesi\/","name":"Best Pond\u2019s Kosteuttava Vesimelonikasvovesi Raikkaaseen Ihoon","isPartOf":{"@id":"https:\/\/demostore.ai\/fi\/#website"},"primaryImageOfPage":{"@id":"https:\/\/demostore.ai\/fi\/tuote\/ponds-kosteuttava-vesimelonikasvovesi\/#primaryimage"},"image":{"@id":"https:\/\/demostore.ai\/fi\/tuote\/ponds-kosteuttava-vesimelonikasvovesi\/#primaryimage"},"thumbnailUrl":"https:\/\/demostore.ai\/wp-content\/uploads\/2025\/06\/Toner-1-scaled-1.png","datePublished":"2025-06-13T00:34:21+00:00","dateModified":"2026-02-18T05:25:53+00:00","description":"Rippeet\u00f6n hehku jokaiselle p\u00e4iv\u00e4lle. Pond\u2019s kosteuttava vesimelonikasvovesi antaa iholle v\u00e4lit\u00f6nt\u00e4 kosteutusta, tekee siit\u00e4 kirkkaamman ja lis\u00e4\u00e4 luonnollista kuulautta.","breadcrumb":{"@id":"https:\/\/demostore.ai\/fi\/tuote\/ponds-kosteuttava-vesimelonikasvovesi\/#breadcrumb"},"inLanguage":"fi","potentialAction":[{"@type":"ReadAction","target":["https:\/\/demostore.ai\/fi\/tuote\/ponds-kosteuttava-vesimelonikasvovesi\/"]}]},{"@type":"ImageObject","inLanguage":"fi","@id":"https:\/\/demostore.ai\/fi\/tuote\/ponds-kosteuttava-vesimelonikasvovesi\/#primaryimage","url":"https:\/\/demostore.ai\/wp-content\/uploads\/2025\/06\/Toner-1-scaled-1.png","contentUrl":"https:\/\/demostore.ai\/wp-content\/uploads\/2025\/06\/Toner-1-scaled-1.png","width":390,"height":1000,"caption":"Pond\u2019s kosteuttava vesimelonikasvovesi 200 ml kirkkaassa pullossa tuotteen tuotesivulla."},{"@type":"BreadcrumbList","@id":"https:\/\/demostore.ai\/fi\/tuote\/ponds-kosteuttava-vesimelonikasvovesi\/#breadcrumb","itemListElement":[{"@type":"ListItem","position":1,"name":"Koti","item":"https:\/\/demostore.ai\/fi\/"},{"@type":"ListItem","position":2,"name":"Kauppa","item":"https:\/\/demostore.ai\/fi\/kauppa\/"},{"@type":"ListItem","position":3,"name":"Pond\u2019s kosteuttava vesimelonikasvovesi"}]},{"@type":"WebSite","@id":"https:\/\/demostore.ai\/fi\/#website","url":"https:\/\/demostore.ai\/fi\/","name":"Trendy Thread","description":"WriteText.ai-demokauppa","publisher":{"@id":"https:\/\/demostore.ai\/fi\/#organization"},"potentialAction":[{"@type":"SearchAction","target":{"@type":"EntryPoint","urlTemplate":"https:\/\/demostore.ai\/fi\/?s={search_term_string}"},"query-input":{"@type":"PropertyValueSpecification","valueRequired":true,"valueName":"search_term_string"}}],"inLanguage":"fi"},{"@type":"Organization","@id":"https:\/\/demostore.ai\/fi\/#organization","name":"WriteText.ai","url":"https:\/\/demostore.ai\/fi\/","logo":{"@type":"ImageObject","inLanguage":"fi","@id":"https:\/\/demostore.ai\/fi\/#\/schema\/logo\/image\/","url":"https:\/\/demostore.ai\/wp-content\/uploads\/2025\/10\/writetext_logo.webp","contentUrl":"https:\/\/demostore.ai\/wp-content\/uploads\/2025\/10\/writetext_logo.webp","width":200,"height":34,"caption":"WriteText.ai"},"image":{"@id":"https:\/\/demostore.ai\/fi\/#\/schema\/logo\/image\/"}}]}},"_links":{"self":[{"href":"https:\/\/demostore.ai\/fi\/wp-json\/wp\/v2\/product\/39157","targetHints":{"allow":["GET"]}}],"collection":[{"href":"https:\/\/demostore.ai\/fi\/wp-json\/wp\/v2\/product"}],"about":[{"href":"https:\/\/demostore.ai\/fi\/wp-json\/wp\/v2\/types\/product"}],"replies":[{"embeddable":true,"href":"https:\/\/demostore.ai\/fi\/wp-json\/wp\/v2\/comments?post=39157"}],"wp:featuredmedia":[{"embeddable":true,"href":"https:\/\/demostore.ai\/fi\/wp-json\/wp\/v2\/media\/16249"}],"wp:attachment":[{"href":"https:\/\/demostore.ai\/fi\/wp-json\/wp\/v2\/media?parent=39157"}],"wp:term":[{"taxonomy":"product_brand","embeddable":true,"href":"https:\/\/demostore.ai\/fi\/wp-json\/wp\/v2\/product_brand?post=39157"},{"taxonomy":"product_cat","embeddable":true,"href":"https:\/\/demostore.ai\/fi\/wp-json\/wp\/v2\/product_cat?post=39157"},{"taxonomy":"product_tag","embeddable":true,"href":"https:\/\/demostore.ai\/fi\/wp-json\/wp\/v2\/product_tag?post=39157"}],"curies":[{"name":"wp","href":"https:\/\/api.w.org\/{rel}","templated":true}]}}