{"id":37461,"date":"2025-07-28T06:53:35","date_gmt":"2025-07-27T22:53:35","guid":{"rendered":"https:\/\/demostore.ai\/?post_type=product&#038;p=37461"},"modified":"2026-02-18T14:10:50","modified_gmt":"2026-02-18T06:10:50","slug":"kultasavyinen-sormus","status":"publish","type":"product","link":"https:\/\/demostore.ai\/fi\/tuote\/kultasavyinen-sormus\/","title":{"rendered":"Kultas\u00e4vyinen Sormus"},"content":{"rendered":"<section data-wtai-block-id=\"wtai_product_description_features\" class=\"wtai-section wtai-features-section\">\n<h2>Klassisen Kultas\u00e4vyisen Sormuksen Ominaisuudet<\/h2>\n<ul>\n<li><strong>Materiaali:<\/strong> Kultas\u00e4vyinen metalli, joka j\u00e4ljittelee aitoa kullan l\u00e4mp\u00f6\u00e4 ja kiiltoa.<\/li>\n<li><strong>Viimeistely:<\/strong> Koristeellinen, kiilt\u00e4v\u00e4 pinta tuo eleganttia hehkua sormukseen.<\/li>\n<li><strong>Koriste:<\/strong> N\u00e4ytt\u00e4v\u00e4 helmi-istutus sormuksen keskell\u00e4 luo ylellisen ilmeen.<\/li>\n<li><strong>Muotoilu:<\/strong> Ohut ja klassinen runko tekee sormuksesta huomaamattoman tyylikk\u00e4\u00e4n.<\/li>\n<li><strong>Kiinnitys:<\/strong> Helmi on kiinnitetty tukevasti, jolloin se pysyy hyvin paikoillaan.<\/li>\n<li><strong>K\u00e4sity\u00f6:<\/strong> Tarkkaan viimeistelty yksityiskohdiltaan, joka kunnioittaa perinteist\u00e4 korumuotoilua.<\/li>\n<\/ul>\n<\/section>\n<div data-wtai-block-id=\"wtai_product_description_image_1753853427907\" class=\"wtai-section wtai-image_1753853427907-section\">\n<figure class=\"wtai-image-p wtai-align-center\" style=\"text-align:center\"><img decoding=\"async\" src=\"https:\/\/demostore.ai\/wp-content\/uploads\/2025\/07\/2-Double-Pearl-Two-Tone-Gold-Ring-2-600x192.png\" alt=\"Kultas\u00e4vyinen sormus, jossa kaksi helme\u00e4 ja hopeinen koriste.\" srcset=\"https:\/\/demostore.ai\/wp-content\/uploads\/2025\/07\/2-Double-Pearl-Two-Tone-Gold-Ring-2.png 1000w, https:\/\/demostore.ai\/wp-content\/uploads\/2025\/07\/2-Double-Pearl-Two-Tone-Gold-Ring-2-300x96.png 300w, https:\/\/demostore.ai\/wp-content\/uploads\/2025\/07\/2-Double-Pearl-Two-Tone-Gold-Ring-2-768x246.png 768w, https:\/\/demostore.ai\/wp-content\/uploads\/2025\/07\/2-Double-Pearl-Two-Tone-Gold-Ring-2-600x192.png 600w\"><figcaption>\n<p>Ohut kultas\u00e4vyinen runko korostaa n\u00e4ytt\u00e4v\u00e4sti kahta hehkuvaa helme\u00e4 ja hopeista yksityiskohtaa.<\/p>\n<\/figcaption><\/figure>\n<\/p><\/div>\n<section data-wtai-block-id=\"wtai_product_description_use_cases\" class=\"wtai-section wtai-use_cases-section\">\n<h2>Inspiroivat K\u00e4ytt\u00f6tavat<\/h2>\n<ul>\n<li>Sopii t\u00e4ydellisesti juhliin, illanviettoihin ja muihin erityisiin hetkiin \u2013 yhdist\u00e4 yksiv\u00e4riseen asuun korostamaan klassista tyyli\u00e4.<\/li>\n<li>Tuo arkeen elegantin lis\u00e4n, kun haluat nostaa oman lookisi seuraavalle tasolle \u2013 hienovarainen mutta huomiota her\u00e4tt\u00e4v\u00e4.<\/li>\n<li>Toimii tyylikk\u00e4\u00e4sti my\u00f6s osana kerroksellista koruasetelmaa \u2013 yhdistele kultakoruja rohkeasti kesken\u00e4\u00e4n.<\/li>\n<li>T\u00e4ydellinen lahja l\u00e4heiselle, joka arvostaa klassista ja ajatonta muotoilua.<\/li>\n<li>K\u00e4yt\u00e4 p\u00e4iv\u00e4st\u00e4 iltaan \u2013 helmi ja kultas\u00e4vy muuttavat tunnelmaa asustasi riippuen.<\/li>\n<\/ul>\n<\/section>\n<section data-wtai-block-id=\"wtai_product_description_custom_1754204236758\" class=\"wtai-section wtai-custom_1754204236758-section\">\n<h2>El\u00e4m\u00e4n hetket, joissa kultas\u00e4vyinen sormus ihastuttaa<\/h2>\n<ul>\n<li><strong>Kihlaus tai vihkiminen<\/strong> \u2013 Tyylik\u00e4s valinta el\u00e4m\u00e4n t\u00e4rkeisiin sitoutumisen hetkiin.<\/li>\n<li><strong>Lahjaksi rakkaalle<\/strong> \u2013 Ainutlaatuinen yll\u00e4tys, joka kertoo v\u00e4litt\u00e4misest\u00e4 erityisell\u00e4 tavalla.<\/li>\n<li><strong>Juhlavissa tilaisuuksissa<\/strong> \u2013 Korostaa juhla-asun arvokkuutta tyylikk\u00e4\u00e4sti.<\/li>\n<li><strong>Arjen asusteena<\/strong> \u2013 Sopii yksinkertaista eleganssia arvostavalle jokap\u00e4iv\u00e4iseen k\u00e4ytt\u00f6\u00f6n.<\/li>\n<li><strong>\u00c4itienp\u00e4iv\u00e4n\u00e4 tai merkkip\u00e4iv\u00e4n\u00e4<\/strong> \u2013 Kaunis tapa juhlistaa erityist\u00e4 henkil\u00f6\u00e4 el\u00e4m\u00e4ss\u00e4si.<\/li>\n<li><strong>Perint\u00f6kalleutena<\/strong> \u2013 Ajaton koru, joka kantaa mukanaan tarinoita sukupolvelta toiselle.<\/li>\n<\/ul>\n<\/section>\n<section data-wtai-block-id=\"wtai_product_description_custom_1753164383380\" class=\"wtai-section wtai-custom_1753164383380-section\">\n<h3>N\u00e4in pid\u00e4t Kultas\u00e4vyisen Sormuksesi kauniina<\/h3>\n<ul>\n<li>Pyyhi sormus k\u00e4yt\u00f6n j\u00e4lkeen pehme\u00e4ll\u00e4 ja kuivalla liinalla, jotta koru s\u00e4ilytt\u00e4\u00e4 hehkunsa.<\/li>\n<li>S\u00e4ilyt\u00e4 sormusta omassa rasiassaan valolta ja kosteudelta suojattuna, sill\u00e4 n\u00e4in v\u00e4lt\u00e4t naarmut ja tummumisen.<\/li>\n<li>V\u00e4lt\u00e4 suoraa kosketusta kemikaaleihin kuten hajuvesiin ja kosmetiikkaan sek\u00e4 riisu sormus ennen vesikosketusta s\u00e4ilytt\u00e4\u00e4ksesi pinnoitteen kauniina.<\/li>\n<\/ul>\n<\/section>\n<div data-wtai-block-id=\"wtai_product_description_image_1753853450366\" class=\"wtai-section wtai-image_1753853450366-section\">\n<figure class=\"wtai-image-p wtai-align-center\" style=\"text-align:center\"><img decoding=\"async\" src=\"https:\/\/demostore.ai\/wp-content\/uploads\/2025\/07\/4-Double-Pearl-Two-Tone-Gold-Ring-600x600.png\" alt=\"Kultas\u00e4vyinen sormus, jossa kaksi suurta helme\u00e4 ja koristeellinen kuvioitu varsi.\" srcset=\"https:\/\/demostore.ai\/wp-content\/uploads\/2025\/07\/4-Double-Pearl-Two-Tone-Gold-Ring.png 1000w, https:\/\/demostore.ai\/wp-content\/uploads\/2025\/07\/4-Double-Pearl-Two-Tone-Gold-Ring-300x300.png 300w, https:\/\/demostore.ai\/wp-content\/uploads\/2025\/07\/4-Double-Pearl-Two-Tone-Gold-Ring-150x150.png 150w, https:\/\/demostore.ai\/wp-content\/uploads\/2025\/07\/4-Double-Pearl-Two-Tone-Gold-Ring-768x768.png 768w, https:\/\/demostore.ai\/wp-content\/uploads\/2025\/07\/4-Double-Pearl-Two-Tone-Gold-Ring-600x600.png 600w, https:\/\/demostore.ai\/wp-content\/uploads\/2025\/07\/4-Double-Pearl-Two-Tone-Gold-Ring-250x250.png 250w\"><figcaption>\n<p>L\u00e4helt\u00e4 tarkasteltuna helmet heijastavat pehme\u00e4\u00e4 valoa klassisen kuvioinnin rinnalla.<\/p>\n<\/figcaption><\/figure>\n<\/p><\/div>\n<section data-wtai-block-id=\"wtai_product_description_faqs\" class=\"wtai-section wtai-faqs-section\">\n<h2>Usein Kysytyt Kysymykset<\/h2>\n<p><strong>Mit\u00e4 materiaalia sormus on?<\/strong> <br \/> Sormus on valmistettu kultas\u00e4vyisest\u00e4 metalliseoksesta, jossa on koristeena helmi.<\/p>\n<p><strong>Onko sormus mukava k\u00e4ytt\u00f6\u00f6n arjessa?<\/strong> <br \/> Klassisen ohut ja kevyt runko tekee sormuksesta mukavan jokap\u00e4iv\u00e4isess\u00e4 k\u00e4yt\u00f6ss\u00e4.<\/p>\n<p><strong>Miten sormuksen kirkkaus s\u00e4ilyy?<\/strong> <br \/> Puhdista sormus s\u00e4\u00e4nn\u00f6llisesti pehme\u00e4ll\u00e4 liinalla, jotta kiilto s\u00e4ilyy parhaana.<\/p>\n<p><strong>Sopiiko t\u00e4m\u00e4 lahjaksi?<\/strong> <br \/> Kyll\u00e4, ajaton muotoilu ja helmi tekev\u00e4t siit\u00e4 erinomaisen lahjavalinnan erityisille hetkille.<\/p>\n<\/section>\n<section data-wtai-block-id=\"wtai_product_description_conclusion\" class=\"wtai-section wtai-conclusion-section\">\n<h2>Valitse Ajaton Tyylikkyys<\/h2>\n<p><strong>Kultas\u00e4vyinen Sormus yhdist\u00e4\u00e4 perinteisen klassisuuden ja hienostuneen helmi-istutuksen, luoden koruun ripauksen ylellisyytt\u00e4.<\/strong> <strong>T\u00e4m\u00e4 sormus korostaa kantajansa persoonaa oli kyseess\u00e4 arki tai juhla.<\/strong> <strong>Hanki pala ajatonta eleganssia ja anna itsellesi tai l\u00e4heisellesi merkityksellinen koru jo t\u00e4n\u00e4\u00e4n.<\/strong><\/p>\n<\/section>\n","protected":false},"excerpt":{"rendered":"<div data-wtai-block-id=\"wtai_excerpt_subtitle\" class=\"wtai-section wtai-subtitle-section\">\n<p><em><strong>Ajaton helmihetki kultaisessa sormuksessa \u2013 tyylikkyytt\u00e4 jokaiseen p\u00e4iv\u00e4\u00e4n.<\/strong><\/em><\/p>\n<\/p><\/div>\n<div data-wtai-block-id=\"wtai_excerpt_introduction\" class=\"wtai-section wtai-introduction-section\">\n<p>V\u00e4lill\u00e4 yksi yksityiskohta kertoo enemm\u00e4n kuin tuhat sanaa. Kultas\u00e4vyinen sormus, jota somistaa hohtava helmi, huokuu hillitty\u00e4 ylellisyytt\u00e4 ja ajatonta naisellisuutta. T\u00e4ss\u00e4 sormuksessa yhdistyv\u00e4t klassinen muotoilu ja pehme\u00e4 kultas\u00e4vy, jotka korostavat huoliteltua tyyli\u00e4si niin arjessa kuin juhlassakin. Sen kauneus ilahduttaa kantajaansa ja s\u00e4ilyy mukana eletyiss\u00e4 hetkiss\u00e4 vuodesta toiseen \u2013 ikuisena muistona oman el\u00e4m\u00e4n tarinoista.<\/p>\n<\/p><\/div>\n","protected":false},"featured_media":31613,"comment_status":"open","ping_status":"closed","template":"","meta":[],"product_brand":[],"product_cat":[299],"product_tag":[],"class_list":{"0":"post-37461","1":"product","2":"type-product","3":"status-publish","4":"has-post-thumbnail","6":"product_cat-korut","8":"first","9":"instock","10":"shipping-taxable","11":"purchasable","12":"product-type-simple"},"bundled_by":[],"bundle_stock_status":"instock","bundle_stock_quantity":null,"bundle_virtual":false,"bundle_layout":"","bundle_add_to_cart_form_location":"","bundle_editable_in_cart":false,"bundle_sold_individually_context":"","bundle_item_grouping":"","bundle_min_size":"","bundle_max_size":"","bundle_price":[],"bundled_items":[],"bundle_sell_ids":[],"yoast_head":"<!-- This site is optimized with the Yoast SEO plugin v25.2 - https:\/\/yoast.com\/wordpress\/plugins\/seo\/ -->\n<title>Shop Kultas\u00e4vyinen Sormus Klassista Kauneutta Ja Helmi Hehkua<\/title>\n<meta name=\"description\" content=\"Elegantti kultas\u00e4vyinen sormus, jossa suuri helmi-istutus, tuo klassista kauneutta arkeen ja juhlaan. Ajaton muotoilu korostaa jokaisen hetken.\" \/>\n<meta name=\"robots\" content=\"index, follow, max-snippet:-1, max-image-preview:large, max-video-preview:-1\" \/>\n<link rel=\"canonical\" href=\"https:\/\/demostore.ai\/fi\/tuote\/kultasavyinen-sormus\/\" \/>\n<meta property=\"og:type\" content=\"article\" \/>\n<meta property=\"og:title\" content=\"Shop Kultas\u00e4vyinen Sormus Klassista Kauneutta Ja Helmi Hehkua\" \/>\n<meta property=\"og:description\" content=\"Kultas\u00e4vyinen sormus, jonka n\u00e4ytt\u00e4v\u00e4 helmi-istutus ja kiilt\u00e4v\u00e4 viimeistely tekev\u00e4t siit\u00e4 ajattoman valinnan. Klassinen muotoilu sopii sek\u00e4 arkeen ett\u00e4 juhlaan.\" \/>\n<meta property=\"og:url\" content=\"https:\/\/demostore.ai\/fi\/tuote\/kultasavyinen-sormus\/\" \/>\n<meta property=\"og:site_name\" content=\"Trendy Thread\" \/>\n<meta property=\"article:modified_time\" content=\"2026-02-18T06:10:50+00:00\" \/>\n<meta property=\"og:image\" content=\"https:\/\/demostore.ai\/wp-content\/uploads\/2025\/07\/1-Double-Pearl-Two-Tone-Gold-Ring-2.png\" \/>\n\t<meta property=\"og:image:width\" content=\"1000\" \/>\n\t<meta property=\"og:image:height\" content=\"320\" \/>\n\t<meta property=\"og:image:type\" content=\"image\/png\" \/>\n<meta name=\"twitter:card\" content=\"summary_large_image\" \/>\n<meta name=\"twitter:title\" content=\"Shop Kultas\u00e4vyinen Sormus Klassista Kauneutta Ja Helmi Hehkua\" \/>\n<meta name=\"twitter:description\" content=\"Kultas\u00e4vyinen sormus, jonka n\u00e4ytt\u00e4v\u00e4 helmi-istutus ja kiilt\u00e4v\u00e4 viimeistely tekev\u00e4t siit\u00e4 ajattoman valinnan. Klassinen muotoilu sopii sek\u00e4 arkeen ett\u00e4 juhlaan.\" \/>\n<meta name=\"twitter:label1\" content=\"Arvioitu lukuaika\" \/>\n\t<meta name=\"twitter:data1\" content=\"1 minuutti\" \/>\n<script type=\"application\/ld+json\" class=\"yoast-schema-graph\">{\"@context\":\"https:\/\/schema.org\",\"@graph\":[{\"@type\":\"WebPage\",\"@id\":\"https:\/\/demostore.ai\/fi\/tuote\/kultasavyinen-sormus\/\",\"url\":\"https:\/\/demostore.ai\/fi\/tuote\/kultasavyinen-sormus\/\",\"name\":\"Shop Kultas\u00e4vyinen Sormus Klassista Kauneutta Ja Helmi Hehkua\",\"isPartOf\":{\"@id\":\"https:\/\/demostore.ai\/fi\/#website\"},\"primaryImageOfPage\":{\"@id\":\"https:\/\/demostore.ai\/fi\/tuote\/kultasavyinen-sormus\/#primaryimage\"},\"image\":{\"@id\":\"https:\/\/demostore.ai\/fi\/tuote\/kultasavyinen-sormus\/#primaryimage\"},\"thumbnailUrl\":\"https:\/\/demostore.ai\/wp-content\/uploads\/2025\/07\/1-Double-Pearl-Two-Tone-Gold-Ring-2.png\",\"datePublished\":\"2025-07-27T22:53:35+00:00\",\"dateModified\":\"2026-02-18T06:10:50+00:00\",\"description\":\"Elegantti kultas\u00e4vyinen sormus, jossa suuri helmi-istutus, tuo klassista kauneutta arkeen ja juhlaan. Ajaton muotoilu korostaa jokaisen hetken.\",\"breadcrumb\":{\"@id\":\"https:\/\/demostore.ai\/fi\/tuote\/kultasavyinen-sormus\/#breadcrumb\"},\"inLanguage\":\"fi\",\"potentialAction\":[{\"@type\":\"ReadAction\",\"target\":[\"https:\/\/demostore.ai\/fi\/tuote\/kultasavyinen-sormus\/\"]}]},{\"@type\":\"ImageObject\",\"inLanguage\":\"fi\",\"@id\":\"https:\/\/demostore.ai\/fi\/tuote\/kultasavyinen-sormus\/#primaryimage\",\"url\":\"https:\/\/demostore.ai\/wp-content\/uploads\/2025\/07\/1-Double-Pearl-Two-Tone-Gold-Ring-2.png\",\"contentUrl\":\"https:\/\/demostore.ai\/wp-content\/uploads\/2025\/07\/1-Double-Pearl-Two-Tone-Gold-Ring-2.png\",\"width\":1000,\"height\":320,\"caption\":\"Kultas\u00e4vyinen sormus, jossa suuri helmi keskell\u00e4, kuvattuna tuotesivulla.\"},{\"@type\":\"BreadcrumbList\",\"@id\":\"https:\/\/demostore.ai\/fi\/tuote\/kultasavyinen-sormus\/#breadcrumb\",\"itemListElement\":[{\"@type\":\"ListItem\",\"position\":1,\"name\":\"Koti\",\"item\":\"https:\/\/demostore.ai\/fi\/\"},{\"@type\":\"ListItem\",\"position\":2,\"name\":\"Kauppa\",\"item\":\"https:\/\/demostore.ai\/fi\/kauppa\/\"},{\"@type\":\"ListItem\",\"position\":3,\"name\":\"Kultas\u00e4vyinen Sormus\"}]},{\"@type\":\"WebSite\",\"@id\":\"https:\/\/demostore.ai\/fi\/#website\",\"url\":\"https:\/\/demostore.ai\/fi\/\",\"name\":\"Trendy Thread\",\"description\":\"WriteText.ai-demokauppa\",\"publisher\":{\"@id\":\"https:\/\/demostore.ai\/fi\/#organization\"},\"potentialAction\":[{\"@type\":\"SearchAction\",\"target\":{\"@type\":\"EntryPoint\",\"urlTemplate\":\"https:\/\/demostore.ai\/fi\/?s={search_term_string}\"},\"query-input\":{\"@type\":\"PropertyValueSpecification\",\"valueRequired\":true,\"valueName\":\"search_term_string\"}}],\"inLanguage\":\"fi\"},{\"@type\":\"Organization\",\"@id\":\"https:\/\/demostore.ai\/fi\/#organization\",\"name\":\"WriteText.ai\",\"url\":\"https:\/\/demostore.ai\/fi\/\",\"logo\":{\"@type\":\"ImageObject\",\"inLanguage\":\"fi\",\"@id\":\"https:\/\/demostore.ai\/fi\/#\/schema\/logo\/image\/\",\"url\":\"https:\/\/demostore.ai\/wp-content\/uploads\/2025\/10\/writetext_logo.webp\",\"contentUrl\":\"https:\/\/demostore.ai\/wp-content\/uploads\/2025\/10\/writetext_logo.webp\",\"width\":200,\"height\":34,\"caption\":\"WriteText.ai\"},\"image\":{\"@id\":\"https:\/\/demostore.ai\/fi\/#\/schema\/logo\/image\/\"}}]}<\/script>\n<!-- \/ Yoast SEO plugin. -->","yoast_head_json":{"title":"Shop Kultas\u00e4vyinen Sormus Klassista Kauneutta Ja Helmi Hehkua","description":"Elegantti kultas\u00e4vyinen sormus, jossa suuri helmi-istutus, tuo klassista kauneutta arkeen ja juhlaan. Ajaton muotoilu korostaa jokaisen hetken.","robots":{"index":"index","follow":"follow","max-snippet":"max-snippet:-1","max-image-preview":"max-image-preview:large","max-video-preview":"max-video-preview:-1"},"canonical":"https:\/\/demostore.ai\/fi\/tuote\/kultasavyinen-sormus\/","og_type":"article","og_title":"Shop Kultas\u00e4vyinen Sormus Klassista Kauneutta Ja Helmi Hehkua","og_description":"Kultas\u00e4vyinen sormus, jonka n\u00e4ytt\u00e4v\u00e4 helmi-istutus ja kiilt\u00e4v\u00e4 viimeistely tekev\u00e4t siit\u00e4 ajattoman valinnan. Klassinen muotoilu sopii sek\u00e4 arkeen ett\u00e4 juhlaan.","og_url":"https:\/\/demostore.ai\/fi\/tuote\/kultasavyinen-sormus\/","og_site_name":"Trendy Thread","article_modified_time":"2026-02-18T06:10:50+00:00","og_image":[{"width":1000,"height":320,"url":"https:\/\/demostore.ai\/wp-content\/uploads\/2025\/07\/1-Double-Pearl-Two-Tone-Gold-Ring-2.png","type":"image\/png"}],"twitter_card":"summary_large_image","twitter_title":"Shop Kultas\u00e4vyinen Sormus Klassista Kauneutta Ja Helmi Hehkua","twitter_description":"Kultas\u00e4vyinen sormus, jonka n\u00e4ytt\u00e4v\u00e4 helmi-istutus ja kiilt\u00e4v\u00e4 viimeistely tekev\u00e4t siit\u00e4 ajattoman valinnan. Klassinen muotoilu sopii sek\u00e4 arkeen ett\u00e4 juhlaan.","twitter_misc":{"Arvioitu lukuaika":"1 minuutti"},"schema":{"@context":"https:\/\/schema.org","@graph":[{"@type":"WebPage","@id":"https:\/\/demostore.ai\/fi\/tuote\/kultasavyinen-sormus\/","url":"https:\/\/demostore.ai\/fi\/tuote\/kultasavyinen-sormus\/","name":"Shop Kultas\u00e4vyinen Sormus Klassista Kauneutta Ja Helmi Hehkua","isPartOf":{"@id":"https:\/\/demostore.ai\/fi\/#website"},"primaryImageOfPage":{"@id":"https:\/\/demostore.ai\/fi\/tuote\/kultasavyinen-sormus\/#primaryimage"},"image":{"@id":"https:\/\/demostore.ai\/fi\/tuote\/kultasavyinen-sormus\/#primaryimage"},"thumbnailUrl":"https:\/\/demostore.ai\/wp-content\/uploads\/2025\/07\/1-Double-Pearl-Two-Tone-Gold-Ring-2.png","datePublished":"2025-07-27T22:53:35+00:00","dateModified":"2026-02-18T06:10:50+00:00","description":"Elegantti kultas\u00e4vyinen sormus, jossa suuri helmi-istutus, tuo klassista kauneutta arkeen ja juhlaan. Ajaton muotoilu korostaa jokaisen hetken.","breadcrumb":{"@id":"https:\/\/demostore.ai\/fi\/tuote\/kultasavyinen-sormus\/#breadcrumb"},"inLanguage":"fi","potentialAction":[{"@type":"ReadAction","target":["https:\/\/demostore.ai\/fi\/tuote\/kultasavyinen-sormus\/"]}]},{"@type":"ImageObject","inLanguage":"fi","@id":"https:\/\/demostore.ai\/fi\/tuote\/kultasavyinen-sormus\/#primaryimage","url":"https:\/\/demostore.ai\/wp-content\/uploads\/2025\/07\/1-Double-Pearl-Two-Tone-Gold-Ring-2.png","contentUrl":"https:\/\/demostore.ai\/wp-content\/uploads\/2025\/07\/1-Double-Pearl-Two-Tone-Gold-Ring-2.png","width":1000,"height":320,"caption":"Kultas\u00e4vyinen sormus, jossa suuri helmi keskell\u00e4, kuvattuna tuotesivulla."},{"@type":"BreadcrumbList","@id":"https:\/\/demostore.ai\/fi\/tuote\/kultasavyinen-sormus\/#breadcrumb","itemListElement":[{"@type":"ListItem","position":1,"name":"Koti","item":"https:\/\/demostore.ai\/fi\/"},{"@type":"ListItem","position":2,"name":"Kauppa","item":"https:\/\/demostore.ai\/fi\/kauppa\/"},{"@type":"ListItem","position":3,"name":"Kultas\u00e4vyinen Sormus"}]},{"@type":"WebSite","@id":"https:\/\/demostore.ai\/fi\/#website","url":"https:\/\/demostore.ai\/fi\/","name":"Trendy Thread","description":"WriteText.ai-demokauppa","publisher":{"@id":"https:\/\/demostore.ai\/fi\/#organization"},"potentialAction":[{"@type":"SearchAction","target":{"@type":"EntryPoint","urlTemplate":"https:\/\/demostore.ai\/fi\/?s={search_term_string}"},"query-input":{"@type":"PropertyValueSpecification","valueRequired":true,"valueName":"search_term_string"}}],"inLanguage":"fi"},{"@type":"Organization","@id":"https:\/\/demostore.ai\/fi\/#organization","name":"WriteText.ai","url":"https:\/\/demostore.ai\/fi\/","logo":{"@type":"ImageObject","inLanguage":"fi","@id":"https:\/\/demostore.ai\/fi\/#\/schema\/logo\/image\/","url":"https:\/\/demostore.ai\/wp-content\/uploads\/2025\/10\/writetext_logo.webp","contentUrl":"https:\/\/demostore.ai\/wp-content\/uploads\/2025\/10\/writetext_logo.webp","width":200,"height":34,"caption":"WriteText.ai"},"image":{"@id":"https:\/\/demostore.ai\/fi\/#\/schema\/logo\/image\/"}}]}},"_links":{"self":[{"href":"https:\/\/demostore.ai\/fi\/wp-json\/wp\/v2\/product\/37461","targetHints":{"allow":["GET"]}}],"collection":[{"href":"https:\/\/demostore.ai\/fi\/wp-json\/wp\/v2\/product"}],"about":[{"href":"https:\/\/demostore.ai\/fi\/wp-json\/wp\/v2\/types\/product"}],"replies":[{"embeddable":true,"href":"https:\/\/demostore.ai\/fi\/wp-json\/wp\/v2\/comments?post=37461"}],"wp:featuredmedia":[{"embeddable":true,"href":"https:\/\/demostore.ai\/fi\/wp-json\/wp\/v2\/media\/31613"}],"wp:attachment":[{"href":"https:\/\/demostore.ai\/fi\/wp-json\/wp\/v2\/media?parent=37461"}],"wp:term":[{"taxonomy":"product_brand","embeddable":true,"href":"https:\/\/demostore.ai\/fi\/wp-json\/wp\/v2\/product_brand?post=37461"},{"taxonomy":"product_cat","embeddable":true,"href":"https:\/\/demostore.ai\/fi\/wp-json\/wp\/v2\/product_cat?post=37461"},{"taxonomy":"product_tag","embeddable":true,"href":"https:\/\/demostore.ai\/fi\/wp-json\/wp\/v2\/product_tag?post=37461"}],"curies":[{"name":"wp","href":"https:\/\/api.w.org\/{rel}","templated":true}]}}