{"id":35019,"date":"2025-06-16T06:00:30","date_gmt":"2025-06-15T22:00:30","guid":{"rendered":"https:\/\/demostore.ai\/?post_type=product&#038;p=35019"},"modified":"2026-02-18T13:35:18","modified_gmt":"2026-02-18T05:35:18","slug":"xiaomi-smart-band-9","status":"publish","type":"product","link":"https:\/\/demostore.ai\/fi\/tuote\/xiaomi-smart-band-9\/","title":{"rendered":"Xiaomi Smart Band 9"},"content":{"rendered":"<section data-wtai-block-id=\"wtai_product_description_features\" class=\"wtai-section wtai-features-section\">\n<h2>Tuotteen kohokohdat<\/h2>\n<ul>\n<li>AMOLED-kosketusn\u00e4ytt\u00f6 1,62&quot; ja korkea kirkkaus (jopa 1200 niti\u00e4) takaa tarkan n\u00e4kyvyyden kaikenlaisissa valaistusolosuhteissa.<\/li>\n<li>Tehokas 233 mAh akku mahdollistaa jopa 21 p\u00e4iv\u00e4n k\u00e4ytt\u00f6ajan tyypillisess\u00e4 k\u00e4yt\u00f6ss\u00e4 ja lataus k\u00e4y nopeasti magneettisella laturilla.<\/li>\n<li>Yli 150 urheilutilaa ja automaattinen harjoitusten tunnistus tukevat monipuolisen aktiivisuuden seuraamista helposti.<\/li>\n<li>Vesitiiviysluokitus 5 ATM tekee rannekkeesta sopivan uintiin ja kosteisiin olosuhteisiin ilman huolia.<\/li>\n<li>\u00c4lyk\u00e4s hyvinvoinnin seuranta kuten syke-, unen- ja SpO\u2082-mittaus sek\u00e4 stressin ja palautumisen analysointi.<\/li>\n<\/ul>\n<\/section>\n<div data-wtai-block-id=\"wtai_product_description_image_1753694476277\" class=\"wtai-section wtai-image_1753694476277-section\">\n<figure class=\"wtai-image-p wtai-align-center\" style=\"text-align:center\"><img decoding=\"async\" src=\"https:\/\/demostore.ai\/wp-content\/uploads\/2025\/06\/Smartwatch-2-scaled-2.png\" alt=\"Xiaomi Smart Band 9 -\u00e4lykello, musta n\u00e4ytt\u00f6 ja digitaalinen kellonaika.\" srcset=\"https:\/\/demostore.ai\/wp-content\/uploads\/2025\/06\/Smartwatch-2-scaled-2.png 470w, https:\/\/demostore.ai\/wp-content\/uploads\/2025\/06\/Smartwatch-2-scaled-2-141x300.png 141w\"><figcaption>\n<p>Minimalistinen kellotaulu ja selke\u00e4 digitaalinen n\u00e4ytt\u00f6 tekev\u00e4t ajanseurannasta vaivatonta arjessa.<\/p>\n<\/figcaption><\/figure>\n<\/p><\/div>\n<section data-wtai-block-id=\"wtai_product_description_advantages\" class=\"wtai-section wtai-advantages-section\">\n<h2>Miksi t\u00e4m\u00e4 tuote on j\u00e4rkev\u00e4 valinta<\/h2>\n<p><em>Xiaomi Smart Band 9 tekee arjen hyvinvoinnin seurannasta helppoa ja vaivatonta. N\u00e4et yhdell\u00e4 silm\u00e4yksell\u00e4 p\u00e4iv\u00e4n aktiivisuuden, treenitulokset ja palautumisen.<\/em><\/p>\n<p><em>Tarkka n\u00e4ytt\u00f6 varmistaa, ett\u00e4 tiedot ovat luettavissa niin sis\u00e4ll\u00e4 kuin kirkkaassa ulkoilmassakin. T\u00e4m\u00e4 helpottaa sek\u00e4 treenien ett\u00e4 palautumisen seuraamista miss\u00e4 tahansa.<\/em><\/p>\n<p><em>Pitk\u00e4 akunkesto mahdollistaa k\u00e4yt\u00f6n ilman p\u00e4ivitt\u00e4ist\u00e4 latausta. Voit unohtaa laturin reissullakin.<\/em><\/p>\n<p><em>Vesitiiviys tuo mielenrauhaa, kun laite toimii k\u00e4yt\u00e4nn\u00f6ss\u00e4 s\u00e4\u00e4ll\u00e4 kuin s\u00e4\u00e4ll\u00e4 sek\u00e4 suihkussa ja uimahallissa.<\/em><\/p>\n<p><em>Helppo pariliitos Android- ja iOS-laitteisiin tuo kattavat sovellusilmoitukset, joten pysyt kartalla viesteist\u00e4 ja tapahtumista suoraan ranteessa.<\/em><\/p>\n<\/section>\n<section data-wtai-block-id=\"wtai_product_description_benefits\" class=\"wtai-section wtai-benefits-section\">\n<h3>Hy\u00f6dyt arjessa<\/h3>\n<ul>\n<li>Arjen kiireess\u00e4 aktiivisuuden ja hyvinvoinnin seuranta k\u00e4y huomaamattomasti \u2013 voit keskitty\u00e4 olennaiseen ja luottaa siihen, ett\u00e4 data tallentuu.<\/li>\n<li>Motivaation l\u00f6yt\u00e4minen treeniin helpottuu, kun yli 150 urheilutilaa mahdollistaa oman suosikkilajin seurannan helposti ja tarkasti.<\/li>\n<li>Sykkeen, unen ja veren happipitoisuuden reaaliaikainen seuranta auttaa tunnistamaan tapoja parantaa omaa jaksamista ja palautumista.<\/li>\n<li>S\u00e4\u00e4nkest\u00e4v\u00e4 ja kevyt rakenne antaa vapauden k\u00e4ytt\u00e4\u00e4 ranneketta tauotta niin t\u00f6iss\u00e4, harrastuksissa kuin lomallakin.<\/li>\n<\/ul>\n<\/section>\n<section data-wtai-block-id=\"wtai_product_description_use_cases\" class=\"wtai-section wtai-use_cases-section\">\n<h3>K\u00e4ytt\u00f6tilanteet<\/h3>\n<ol>\n<li>P\u00e4ivitt\u00e4inen askelten, kalorien ja aktiivisuuden mittaus ty\u00f6p\u00e4iv\u00e4n aikana tai kotona.<\/li>\n<li>Juoksun, py\u00f6r\u00e4ilyn tai salitreenien seuraaminen laajojen urheilutilojen avulla.<\/li>\n<li>Uinnin tai vesiliikunnan seuranta 5 ATM vesitiiviyden ansiosta.<\/li>\n<li>Unenlaadun parantaminen s\u00e4\u00e4nn\u00f6llisen unitilan ja palautumisen seurannan avulla.<\/li>\n<li>Puhelimen ilmoitusten, kuten viestien ja kalenterimuistutusten, tarkistaminen suoraan ranteesta \u2013 ilman tarvetta kaivaa puhelinta esiin.<\/li>\n<\/ol>\n<\/section>\n<div data-wtai-block-id=\"wtai_product_description_image_1\" class=\"wtai-section wtai-image_1-section\">\n<figure class=\"wtai-image-p wtai-align-center\" style=\"text-align:center\"><img decoding=\"async\" src=\"https:\/\/demostore.ai\/wp-content\/uploads\/2025\/06\/Smartwatch-1-scaled-2-600x715.png\" alt=\"Xiaomi Smart Band 9 -aktiivisuusranneke, harmaa rannehihna, digitaalinen n\u00e4ytt\u00f6 kelloajalla.\" srcset=\"https:\/\/demostore.ai\/wp-content\/uploads\/2025\/06\/Smartwatch-1-scaled-2.png 705w, https:\/\/demostore.ai\/wp-content\/uploads\/2025\/06\/Smartwatch-1-scaled-2-252x300.png 252w, https:\/\/demostore.ai\/wp-content\/uploads\/2025\/06\/Smartwatch-1-scaled-2-600x715.png 600w\"><\/figure>\n<\/p><\/div>\n<section data-wtai-block-id=\"wtai_product_description_technical_specifications\" class=\"wtai-section wtai-technical_specifications-section\">\n<h2>Tekniset tiedot<\/h2>\n<ul>\n<li><strong>N\u00e4yt\u00f6n koko ja tyyppi:<\/strong> 1,62&quot; AMOLED<\/li>\n<li><strong>N\u00e4yt\u00f6n kirkkaus:<\/strong> Jopa 1200 niti\u00e4<\/li>\n<li><strong>N\u00e4yt\u00f6n tarkkuus:<\/strong> 192\u202f\u00d7\u202f490 px<\/li>\n<li><strong>Akku:<\/strong> 233 mAh<\/li>\n<li><strong>Akun kesto:<\/strong> Jopa 21 p\u00e4iv\u00e4\u00e4 (tyypillinen k\u00e4ytt\u00f6)<\/li>\n<li><strong>Latausaika:<\/strong> Noin 1 tunti magneettisella laturilla<\/li>\n<li><strong>Vesitiiviys:<\/strong> 5 ATM (50 m)<\/li>\n<li><strong>Urheilutilat:<\/strong> Yli 150 vaihtoehtoa<\/li>\n<li><strong>Anturit:<\/strong> Kiihtyvyys, gyroskooppi, optinen syke, SpO\u2082, valoisuus<\/li>\n<li><strong>Rannekkeen pituus:<\/strong> 135\u2013210 mm<\/li>\n<li><strong>V\u00e4rivaihtoehdot:<\/strong> Useita, kuten musta, harmaa, sininen<\/li>\n<li><strong>Yhteensopivuus:<\/strong> Android 8.0, iOS 12 ja uudemmat<\/li>\n<li><strong>Bluetooth:<\/strong> Versio 5.3<\/li>\n<li><strong>Paino:<\/strong> Noin 27 g (rannekkeen kanssa)<\/li>\n<li><strong>Runko:<\/strong> Muovi, n\u00e4ytt\u00f6 kaarevaa lasia<\/li>\n<\/ul>\n<\/section>\n<div data-wtai-block-id=\"wtai_product_description_image_1753694484745\" class=\"wtai-section wtai-image_1753694484745-section\">\n<figure class=\"wtai-image-p wtai-align-center\" style=\"text-align:center\"><img decoding=\"async\" src=\"https:\/\/demostore.ai\/wp-content\/uploads\/2025\/06\/Smartwatch-4-scaled-2.png\" alt=\"Xiaomi Smart Band 9 -\u00e4lykellon takaosa ja anturit tuotesivulla.\" srcset=\"https:\/\/demostore.ai\/wp-content\/uploads\/2025\/06\/Smartwatch-4-scaled-2.png 460w, https:\/\/demostore.ai\/wp-content\/uploads\/2025\/06\/Smartwatch-4-scaled-2-138x300.png 138w\"><figcaption>\n<p>Rannekkeen takana n\u00e4kyv\u00e4t sensorit lupaavat tarkan sykkeen ja hyvinvoinnin seurannan.<\/p>\n<\/figcaption><\/figure>\n<\/p><\/div>\n<section data-wtai-block-id=\"wtai_product_description_faqs\" class=\"wtai-section wtai-faqs-section\">\n<h2>Usein kysytyt kysymykset<\/h2>\n<p><strong>Voiko Xiaomi Smart Band 9:ll\u00e4 seurata uintia?<\/strong> <br \/> Kyll\u00e4, laite on vesitiivis 5 ATM -luokituksella ja se soveltuu uinnin ja eri vesilajien seurantaan.<\/p>\n<p><strong>Mink\u00e4 tyyppisi\u00e4 ilmoituksia rannekkeeseen saa?<\/strong> <br \/> Voit vastaanottaa puheluita, viestit, kalenterimuistutukset ja muita sovellusilmoituksia suoraan ranteeseen.<\/p>\n<p><strong>Kuinka kauan akku kest\u00e4\u00e4 yhdell\u00e4 latauksella?<\/strong> <br \/> Akku kest\u00e4\u00e4 jopa 21 p\u00e4iv\u00e4\u00e4 normaalik\u00e4yt\u00f6ss\u00e4, mutta Always-on-tilassa kesto on noin 9 p\u00e4iv\u00e4\u00e4.<\/p>\n<p><strong>Onko laitteessa GPS?<\/strong> <br \/> Ei, laitteessa ei ole sis\u00e4\u00e4nrakennettua GPS:\u00e4\u00e4. Voit k\u00e4ytt\u00e4\u00e4 puhelimen GPS-yhteytt\u00e4 reaaliaikaiseen sijaintitallennukseen.<\/p>\n<p><strong>Voiko rannekkeen vaihtaa?<\/strong> <br \/> Kyll\u00e4, ranneke on helposti vaihdettavissa ja tarjolla on useita v\u00e4ri- ja materiaalivaihtoehtoja.<\/p>\n<\/section>\n<div data-wtai-block-id=\"wtai_product_description_conclusion\" class=\"wtai-section wtai-conclusion-section\">\n<p><strong>Xiaomi Smart Band 9 tekee hyvinvoinnin ja liikunnan seuraamisesta mutkatonta. Kattavat ominaisuudet ja tyylik\u00e4s k\u00e4ytt\u00f6liittym\u00e4 sopivat joka el\u00e4m\u00e4ntilanteeseen.<\/strong> <strong>Aloita aktiivisempi arki jo t\u00e4n\u00e4\u00e4n ja hy\u00f6dynn\u00e4 \u00e4lykk\u00e4\u00e4n rannekkeen helppous. Sinun uusi suosikkilaitteesi odottaa!<\/strong><\/p>\n<\/p><\/div>\n","protected":false},"excerpt":{"rendered":"<div data-wtai-block-id=\"wtai_excerpt_subtitle\" class=\"wtai-section wtai-subtitle-section\">\n<p><em><strong>Tyylik\u00e4s aktiivisuusranneke arjen ja treenin huippuseurantaan<\/strong><\/em><\/p>\n<\/p><\/div>\n<div data-wtai-block-id=\"wtai_excerpt_introduction\" class=\"wtai-section wtai-introduction-section\">\n<p>T\u00e4ss\u00e4p\u00e4 mielenkiintoinen valinta sinulle, joka arvostat \u00e4lyk\u00e4st\u00e4 teknologiaa arjessasi. Huomaamattoman kevyt, virtaviivainen ja modernisti muotoiltu ranneke kulkee mukana kaikenlaisissa menoissa \u2013 kotisohvalta salille ja toimistolta lenkkipolulle. Selke\u00e4, kirkas AMOLED-n\u00e4ytt\u00f6 tuo tiedot n\u00e4kyville yhdell\u00e4 vilkaisulla, ja pitk\u00e4 akun kesto pit\u00e4\u00e4 huolen siit\u00e4, ettei teho lopu kesken p\u00e4iv\u00e4n kiireiden. K\u00e4ytt\u00f6 on suoraviivaista ja suomenkieliset valikot varmistavat vaivattoman k\u00e4ytt\u00f6kokemuksen. Kaikki t\u00e4rkeimm\u00e4t hyvinvointiodot l\u00f6ytyv\u00e4t k\u00e4tev\u00e4sti ranteesta \u2013 sinulle, joka haluat lis\u00e4\u00e4 sujuvuutta ja tehokkuutta arkeen ja harrastuksiin.<\/p>\n<\/p><\/div>\n","protected":false},"featured_media":29121,"comment_status":"open","ping_status":"closed","template":"","meta":[],"product_brand":[],"product_cat":[188],"product_tag":[],"class_list":{"0":"post-35019","1":"product","2":"type-product","3":"status-publish","4":"has-post-thumbnail","6":"product_cat-elektroniikka","8":"first","9":"instock","10":"shipping-taxable","11":"purchasable","12":"product-type-simple"},"bundled_by":[],"bundle_stock_status":"instock","bundle_stock_quantity":null,"bundle_virtual":false,"bundle_layout":"","bundle_add_to_cart_form_location":"","bundle_editable_in_cart":false,"bundle_sold_individually_context":"","bundle_item_grouping":"","bundle_min_size":"","bundle_max_size":"","bundle_price":[],"bundled_items":[],"bundle_sell_ids":[],"yoast_head":"<!-- This site is optimized with the Yoast SEO plugin v25.2 - https:\/\/yoast.com\/wordpress\/plugins\/seo\/ -->\n<title>Ota Top-Rated Xiaomi Smart Band 9 \u2013 Tyylik\u00e4s ja Tehokas Aktiivisuusranneke<\/title>\n<meta name=\"description\" content=\"Uusi mukavuuden taso aktiivisuuden ja hyvinvoinnin seurantaan. AMOLED-n\u00e4ytt\u00f6, pitk\u00e4 akunkesto ja yli 150 urheilutilaa helpottavat arkeasi saumattomasti.\" \/>\n<meta name=\"robots\" content=\"index, follow, max-snippet:-1, max-image-preview:large, max-video-preview:-1\" \/>\n<link rel=\"canonical\" href=\"https:\/\/demostore.ai\/fi\/tuote\/xiaomi-smart-band-9\/\" \/>\n<meta property=\"og:type\" content=\"article\" \/>\n<meta property=\"og:title\" content=\"Ota Top-Rated Xiaomi Smart Band 9 \u2013 Tyylik\u00e4s ja Tehokas Aktiivisuusranneke\" \/>\n<meta property=\"og:description\" content=\"S\u00e4ihkyv\u00e4 n\u00e4kyvyys ja huippuluokan seurantatarkkuus. Xiaomi Smart Band 9 tuo hy\u00f6dyn urheiluun, uneen ja arkeen \u2013 yhdell\u00e4 latauksella jopa viikkojen k\u00e4ytt\u00f6.\" \/>\n<meta property=\"og:url\" content=\"https:\/\/demostore.ai\/fi\/tuote\/xiaomi-smart-band-9\/\" \/>\n<meta property=\"og:site_name\" content=\"Trendy Thread\" \/>\n<meta property=\"article:modified_time\" content=\"2026-02-18T05:35:18+00:00\" \/>\n<meta property=\"og:image\" content=\"https:\/\/demostore.ai\/wp-content\/uploads\/2025\/06\/Smartwatch-1-scaled-2.png\" \/>\n\t<meta property=\"og:image:width\" content=\"705\" \/>\n\t<meta property=\"og:image:height\" content=\"840\" \/>\n\t<meta property=\"og:image:type\" content=\"image\/png\" \/>\n<meta name=\"twitter:card\" content=\"summary_large_image\" \/>\n<meta name=\"twitter:title\" content=\"Ota Top-Rated Xiaomi Smart Band 9 \u2013 Tyylik\u00e4s ja Tehokas Aktiivisuusranneke\" \/>\n<meta name=\"twitter:description\" content=\"S\u00e4ihkyv\u00e4 n\u00e4kyvyys ja huippuluokan seurantatarkkuus. Xiaomi Smart Band 9 tuo hy\u00f6dyn urheiluun, uneen ja arkeen \u2013 yhdell\u00e4 latauksella jopa viikkojen k\u00e4ytt\u00f6.\" \/>\n<meta name=\"twitter:label1\" content=\"Arvioitu lukuaika\" \/>\n\t<meta name=\"twitter:data1\" content=\"1 minuutti\" \/>\n<script type=\"application\/ld+json\" class=\"yoast-schema-graph\">{\"@context\":\"https:\/\/schema.org\",\"@graph\":[{\"@type\":\"WebPage\",\"@id\":\"https:\/\/demostore.ai\/fi\/tuote\/xiaomi-smart-band-9\/\",\"url\":\"https:\/\/demostore.ai\/fi\/tuote\/xiaomi-smart-band-9\/\",\"name\":\"Ota Top-Rated Xiaomi Smart Band 9 \u2013 Tyylik\u00e4s ja Tehokas Aktiivisuusranneke\",\"isPartOf\":{\"@id\":\"https:\/\/demostore.ai\/fi\/#website\"},\"primaryImageOfPage\":{\"@id\":\"https:\/\/demostore.ai\/fi\/tuote\/xiaomi-smart-band-9\/#primaryimage\"},\"image\":{\"@id\":\"https:\/\/demostore.ai\/fi\/tuote\/xiaomi-smart-band-9\/#primaryimage\"},\"thumbnailUrl\":\"https:\/\/demostore.ai\/wp-content\/uploads\/2025\/06\/Smartwatch-1-scaled-2.png\",\"datePublished\":\"2025-06-15T22:00:30+00:00\",\"dateModified\":\"2026-02-18T05:35:18+00:00\",\"description\":\"Uusi mukavuuden taso aktiivisuuden ja hyvinvoinnin seurantaan. AMOLED-n\u00e4ytt\u00f6, pitk\u00e4 akunkesto ja yli 150 urheilutilaa helpottavat arkeasi saumattomasti.\",\"breadcrumb\":{\"@id\":\"https:\/\/demostore.ai\/fi\/tuote\/xiaomi-smart-band-9\/#breadcrumb\"},\"inLanguage\":\"fi\",\"potentialAction\":[{\"@type\":\"ReadAction\",\"target\":[\"https:\/\/demostore.ai\/fi\/tuote\/xiaomi-smart-band-9\/\"]}]},{\"@type\":\"ImageObject\",\"inLanguage\":\"fi\",\"@id\":\"https:\/\/demostore.ai\/fi\/tuote\/xiaomi-smart-band-9\/#primaryimage\",\"url\":\"https:\/\/demostore.ai\/wp-content\/uploads\/2025\/06\/Smartwatch-1-scaled-2.png\",\"contentUrl\":\"https:\/\/demostore.ai\/wp-content\/uploads\/2025\/06\/Smartwatch-1-scaled-2.png\",\"width\":705,\"height\":840,\"caption\":\"Xiaomi Smart Band 9 -aktiivisuusranneke, harmaa rannehihna, digitaalinen n\u00e4ytt\u00f6 kelloajalla.\"},{\"@type\":\"BreadcrumbList\",\"@id\":\"https:\/\/demostore.ai\/fi\/tuote\/xiaomi-smart-band-9\/#breadcrumb\",\"itemListElement\":[{\"@type\":\"ListItem\",\"position\":1,\"name\":\"Koti\",\"item\":\"https:\/\/demostore.ai\/fi\/\"},{\"@type\":\"ListItem\",\"position\":2,\"name\":\"Kauppa\",\"item\":\"https:\/\/demostore.ai\/fi\/kauppa\/\"},{\"@type\":\"ListItem\",\"position\":3,\"name\":\"Xiaomi Smart Band 9\"}]},{\"@type\":\"WebSite\",\"@id\":\"https:\/\/demostore.ai\/fi\/#website\",\"url\":\"https:\/\/demostore.ai\/fi\/\",\"name\":\"Trendy Thread\",\"description\":\"WriteText.ai-demokauppa\",\"publisher\":{\"@id\":\"https:\/\/demostore.ai\/fi\/#organization\"},\"potentialAction\":[{\"@type\":\"SearchAction\",\"target\":{\"@type\":\"EntryPoint\",\"urlTemplate\":\"https:\/\/demostore.ai\/fi\/?s={search_term_string}\"},\"query-input\":{\"@type\":\"PropertyValueSpecification\",\"valueRequired\":true,\"valueName\":\"search_term_string\"}}],\"inLanguage\":\"fi\"},{\"@type\":\"Organization\",\"@id\":\"https:\/\/demostore.ai\/fi\/#organization\",\"name\":\"WriteText.ai\",\"url\":\"https:\/\/demostore.ai\/fi\/\",\"logo\":{\"@type\":\"ImageObject\",\"inLanguage\":\"fi\",\"@id\":\"https:\/\/demostore.ai\/fi\/#\/schema\/logo\/image\/\",\"url\":\"https:\/\/demostore.ai\/wp-content\/uploads\/2025\/10\/writetext_logo.webp\",\"contentUrl\":\"https:\/\/demostore.ai\/wp-content\/uploads\/2025\/10\/writetext_logo.webp\",\"width\":200,\"height\":34,\"caption\":\"WriteText.ai\"},\"image\":{\"@id\":\"https:\/\/demostore.ai\/fi\/#\/schema\/logo\/image\/\"}}]}<\/script>\n<!-- \/ Yoast SEO plugin. -->","yoast_head_json":{"title":"Ota Top-Rated Xiaomi Smart Band 9 \u2013 Tyylik\u00e4s ja Tehokas Aktiivisuusranneke","description":"Uusi mukavuuden taso aktiivisuuden ja hyvinvoinnin seurantaan. AMOLED-n\u00e4ytt\u00f6, pitk\u00e4 akunkesto ja yli 150 urheilutilaa helpottavat arkeasi saumattomasti.","robots":{"index":"index","follow":"follow","max-snippet":"max-snippet:-1","max-image-preview":"max-image-preview:large","max-video-preview":"max-video-preview:-1"},"canonical":"https:\/\/demostore.ai\/fi\/tuote\/xiaomi-smart-band-9\/","og_type":"article","og_title":"Ota Top-Rated Xiaomi Smart Band 9 \u2013 Tyylik\u00e4s ja Tehokas Aktiivisuusranneke","og_description":"S\u00e4ihkyv\u00e4 n\u00e4kyvyys ja huippuluokan seurantatarkkuus. Xiaomi Smart Band 9 tuo hy\u00f6dyn urheiluun, uneen ja arkeen \u2013 yhdell\u00e4 latauksella jopa viikkojen k\u00e4ytt\u00f6.","og_url":"https:\/\/demostore.ai\/fi\/tuote\/xiaomi-smart-band-9\/","og_site_name":"Trendy Thread","article_modified_time":"2026-02-18T05:35:18+00:00","og_image":[{"width":705,"height":840,"url":"https:\/\/demostore.ai\/wp-content\/uploads\/2025\/06\/Smartwatch-1-scaled-2.png","type":"image\/png"}],"twitter_card":"summary_large_image","twitter_title":"Ota Top-Rated Xiaomi Smart Band 9 \u2013 Tyylik\u00e4s ja Tehokas Aktiivisuusranneke","twitter_description":"S\u00e4ihkyv\u00e4 n\u00e4kyvyys ja huippuluokan seurantatarkkuus. Xiaomi Smart Band 9 tuo hy\u00f6dyn urheiluun, uneen ja arkeen \u2013 yhdell\u00e4 latauksella jopa viikkojen k\u00e4ytt\u00f6.","twitter_misc":{"Arvioitu lukuaika":"1 minuutti"},"schema":{"@context":"https:\/\/schema.org","@graph":[{"@type":"WebPage","@id":"https:\/\/demostore.ai\/fi\/tuote\/xiaomi-smart-band-9\/","url":"https:\/\/demostore.ai\/fi\/tuote\/xiaomi-smart-band-9\/","name":"Ota Top-Rated Xiaomi Smart Band 9 \u2013 Tyylik\u00e4s ja Tehokas Aktiivisuusranneke","isPartOf":{"@id":"https:\/\/demostore.ai\/fi\/#website"},"primaryImageOfPage":{"@id":"https:\/\/demostore.ai\/fi\/tuote\/xiaomi-smart-band-9\/#primaryimage"},"image":{"@id":"https:\/\/demostore.ai\/fi\/tuote\/xiaomi-smart-band-9\/#primaryimage"},"thumbnailUrl":"https:\/\/demostore.ai\/wp-content\/uploads\/2025\/06\/Smartwatch-1-scaled-2.png","datePublished":"2025-06-15T22:00:30+00:00","dateModified":"2026-02-18T05:35:18+00:00","description":"Uusi mukavuuden taso aktiivisuuden ja hyvinvoinnin seurantaan. AMOLED-n\u00e4ytt\u00f6, pitk\u00e4 akunkesto ja yli 150 urheilutilaa helpottavat arkeasi saumattomasti.","breadcrumb":{"@id":"https:\/\/demostore.ai\/fi\/tuote\/xiaomi-smart-band-9\/#breadcrumb"},"inLanguage":"fi","potentialAction":[{"@type":"ReadAction","target":["https:\/\/demostore.ai\/fi\/tuote\/xiaomi-smart-band-9\/"]}]},{"@type":"ImageObject","inLanguage":"fi","@id":"https:\/\/demostore.ai\/fi\/tuote\/xiaomi-smart-band-9\/#primaryimage","url":"https:\/\/demostore.ai\/wp-content\/uploads\/2025\/06\/Smartwatch-1-scaled-2.png","contentUrl":"https:\/\/demostore.ai\/wp-content\/uploads\/2025\/06\/Smartwatch-1-scaled-2.png","width":705,"height":840,"caption":"Xiaomi Smart Band 9 -aktiivisuusranneke, harmaa rannehihna, digitaalinen n\u00e4ytt\u00f6 kelloajalla."},{"@type":"BreadcrumbList","@id":"https:\/\/demostore.ai\/fi\/tuote\/xiaomi-smart-band-9\/#breadcrumb","itemListElement":[{"@type":"ListItem","position":1,"name":"Koti","item":"https:\/\/demostore.ai\/fi\/"},{"@type":"ListItem","position":2,"name":"Kauppa","item":"https:\/\/demostore.ai\/fi\/kauppa\/"},{"@type":"ListItem","position":3,"name":"Xiaomi Smart Band 9"}]},{"@type":"WebSite","@id":"https:\/\/demostore.ai\/fi\/#website","url":"https:\/\/demostore.ai\/fi\/","name":"Trendy Thread","description":"WriteText.ai-demokauppa","publisher":{"@id":"https:\/\/demostore.ai\/fi\/#organization"},"potentialAction":[{"@type":"SearchAction","target":{"@type":"EntryPoint","urlTemplate":"https:\/\/demostore.ai\/fi\/?s={search_term_string}"},"query-input":{"@type":"PropertyValueSpecification","valueRequired":true,"valueName":"search_term_string"}}],"inLanguage":"fi"},{"@type":"Organization","@id":"https:\/\/demostore.ai\/fi\/#organization","name":"WriteText.ai","url":"https:\/\/demostore.ai\/fi\/","logo":{"@type":"ImageObject","inLanguage":"fi","@id":"https:\/\/demostore.ai\/fi\/#\/schema\/logo\/image\/","url":"https:\/\/demostore.ai\/wp-content\/uploads\/2025\/10\/writetext_logo.webp","contentUrl":"https:\/\/demostore.ai\/wp-content\/uploads\/2025\/10\/writetext_logo.webp","width":200,"height":34,"caption":"WriteText.ai"},"image":{"@id":"https:\/\/demostore.ai\/fi\/#\/schema\/logo\/image\/"}}]}},"_links":{"self":[{"href":"https:\/\/demostore.ai\/fi\/wp-json\/wp\/v2\/product\/35019","targetHints":{"allow":["GET"]}}],"collection":[{"href":"https:\/\/demostore.ai\/fi\/wp-json\/wp\/v2\/product"}],"about":[{"href":"https:\/\/demostore.ai\/fi\/wp-json\/wp\/v2\/types\/product"}],"replies":[{"embeddable":true,"href":"https:\/\/demostore.ai\/fi\/wp-json\/wp\/v2\/comments?post=35019"}],"wp:featuredmedia":[{"embeddable":true,"href":"https:\/\/demostore.ai\/fi\/wp-json\/wp\/v2\/media\/29121"}],"wp:attachment":[{"href":"https:\/\/demostore.ai\/fi\/wp-json\/wp\/v2\/media?parent=35019"}],"wp:term":[{"taxonomy":"product_brand","embeddable":true,"href":"https:\/\/demostore.ai\/fi\/wp-json\/wp\/v2\/product_brand?post=35019"},{"taxonomy":"product_cat","embeddable":true,"href":"https:\/\/demostore.ai\/fi\/wp-json\/wp\/v2\/product_cat?post=35019"},{"taxonomy":"product_tag","embeddable":true,"href":"https:\/\/demostore.ai\/fi\/wp-json\/wp\/v2\/product_tag?post=35019"}],"curies":[{"name":"wp","href":"https:\/\/api.w.org\/{rel}","templated":true}]}}