{"id":38007,"date":"2025-08-06T08:46:19","date_gmt":"2025-08-06T00:46:19","guid":{"rendered":"https:\/\/demostore.ai\/?post_type=product&#038;p=38007"},"modified":"2026-02-20T12:08:20","modified_gmt":"2026-02-20T04:08:20","slug":"sapiens","status":"publish","type":"product","link":"https:\/\/demostore.ai\/et\/toode\/sapiens\/","title":{"rendered":"Sapiens"},"content":{"rendered":"<section data-wtai-block-id=\"wtai_product_description_features\" class=\"wtai-section wtai-features-section\">\n<h2>Miks valida Sapiens?<\/h2>\n<ul>\n<li><strong>Rahvusvaheline menuk<\/strong> \u2013 New York Timesi bestseller, mida soovitab ka Bill Gates.<\/li>\n<li><strong>Kaasahaarav jutustamisviis<\/strong> \u2013 Harari avab inimkonna ajaloo haaravalt ja arusaadavalt v\u00e4ikestest detailidest suurte arenguteni.<\/li>\n<li><strong>Unikaalne vaatenurk ajaloole<\/strong> \u2013 Uurib, kuidas inimese m\u00f5tteviis ja \u00fchiskond on ajas muutunud.<\/li>\n<li><strong>Vastuseid ja k\u00fcsimusi tulevikuks<\/strong> \u2013 Aitab m\u00f5ista kaasaja maailma ja pakub inspiratsiooni enda arusaamade kujundamiseks.<\/li>\n<li><strong>Kaasaegne kujundus<\/strong> \u2013 Tunnustatud kujundusega kvaliteetne pehmekaaneline raamat, sobib nii kinkimiseks kui ka enda lugemisvarasse.<\/li>\n<\/ul>\n<\/section>\n<div data-wtai-block-id=\"wtai_product_description_image_1\" class=\"wtai-section wtai-image_1-section\">\n<figure class=\"wtai-image-p wtai-align-center\" style=\"text-align:center\"><img decoding=\"async\" src=\"https:\/\/demostore.ai\/wp-content\/uploads\/2025\/08\/Sapiens-2-600x600.png\" alt=\"Sapiens raamatu tagakaas koos kiidus\u00f5nadega tuntud isikutelt ja v\u00e4ljaannetest.\" srcset=\"https:\/\/demostore.ai\/wp-content\/uploads\/2025\/08\/Sapiens-2.png 1000w, https:\/\/demostore.ai\/wp-content\/uploads\/2025\/08\/Sapiens-2-300x300.png 300w, https:\/\/demostore.ai\/wp-content\/uploads\/2025\/08\/Sapiens-2-150x150.png 150w, https:\/\/demostore.ai\/wp-content\/uploads\/2025\/08\/Sapiens-2-768x768.png 768w, https:\/\/demostore.ai\/wp-content\/uploads\/2025\/08\/Sapiens-2-600x600.png 600w, https:\/\/demostore.ai\/wp-content\/uploads\/2025\/08\/Sapiens-2-250x250.png 250w\"><figcaption>\n<p>Kaane tagak\u00fcljel on inspireerivad tsitaadid arvukatelt tuntud arvamusliidritelt, mis lisavad raamatule usaldusv\u00e4\u00e4rsust ja p\u00f5nevust.<\/p>\n<\/figcaption><\/figure>\n<\/p><\/div>\n<section data-wtai-block-id=\"wtai_product_description_technical_specifications\" class=\"wtai-section wtai-technical_specifications-section\">\n<h3>Detailid<\/h3>\n<ul>\n<li><strong>Autor<\/strong>: Yuval Noah Harari<\/li>\n<li><strong>Keel<\/strong>: Inglise<\/li>\n<li><strong>ISBN<\/strong>: 978-0-06-231609-7<\/li>\n<li><strong>V\u00e4ljalaskeaasta<\/strong>: 2015<\/li>\n<li><strong>Lehek\u00fclgi<\/strong>: 464<\/li>\n<li><strong>Formaat<\/strong>: Pehmekaaneline<\/li>\n<li><strong>M\u00f5\u00f5dud<\/strong>: 20.32 \u00d7 13.46 \u00d7 3.05 cm<\/li>\n<li><strong>Kaal<\/strong>: 377 g<\/li>\n<\/ul>\n<\/section>\n<section data-wtai-block-id=\"wtai_product_description_custom_1\" class=\"wtai-section wtai-custom_1-section\">\n<h2>Sobivad sihtr\u00fchmad ja kasutusolukorrad<\/h2>\n<ul>\n<li><strong>Uudishimulikud m\u00f5tlejad<\/strong> \u2013 Ideaalne neile, kes soovivad m\u00f5ista inimkonna teekonda.<\/li>\n<li><strong>Raamatuklubi arutelud<\/strong> \u2013 Pakub p\u00f5nevaid teemasid \u00fchiseks m\u00f5ttevahetuseks.<\/li>\n<li><strong>\u00d5pilased ja \u00f5ppurid<\/strong> \u2013 Sobib h\u00e4sti ajaloo v\u00f5i \u00fchiskonna\u00f5petuse t\u00e4iendmaterjaliks.<\/li>\n<\/ul>\n<\/section>\n<section data-wtai-block-id=\"wtai_product_description_custom_2\" class=\"wtai-section wtai-custom_2-section\">\n<h2>Autorist Yuval Noah Harari \u2013 Taust ja tuntumad teosed<\/h2>\n<p>Yuval Noah Harari on tunnustatud Iisraeli ajaloolane ja filosoof, kes on p\u00e4lvinud \u00fclemaailmse tuntuse selgete ja kaasahaaravate raamatutega inimkonna ajaloost.<\/p>\n<p>Tema l\u00e4bil\u00f6\u00f6gi t\u00f5i maailmakuulus \u201eSapiens\u201c, mis on t\u00f5lgitud k\u00fcmnetesse keeltesse ning populaarsus ei n\u00e4ita vaibumise m\u00e4rke.<\/p>\n<p>Lisaks bestsellerile \u201eSapiens\u201c on Harari kirjutanud m\u00f5jukad teosed \u201eHomo Deus\u201c ja \u201e21 \u00f5ppetundi 21. sajandiks\u201c, pakkudes v\u00e4rskeid vaatenurki tehnoloogia ning \u00fchiskonna arengule.<\/p>\n<p>Harari oskab keerulised teemad muuta arusaadavaks ja m\u00f5tlemapanevaks, mis teeb tema raamatud nauditavaks nii noorele kui ka kogenenud lugejale.<\/p>\n<\/section>\n<section data-wtai-block-id=\"wtai_product_description_faqs\" class=\"wtai-section wtai-faqs-section\">\n<h2>Korduma kippuvad k\u00fcsimused<\/h2>\n<p><strong>Kas raamat sobib ka neile, kes pole varem ajalooraamatuid lugenud?<\/strong><\/p>\n<p>Jah, Harari kirjutab arusaadavalt ja humoorikalt, muutes ajaloo kergesti m\u00f5istetavaks ka neile, kellele see pole peamine huviala.<\/p>\n<p><strong>Mida t\u00e4hendab, et see on New York Timesi bestseller?<\/strong><\/p>\n<p>See t\u00e4hendab, et \u201eSapiens\u201c on j\u00f5udnud New York Timesi enim m\u00fc\u00fcdud raamatute nimekirja \u2013 tunnustus, mida raamatu populaarsus v\u00e4\u00e4rib.<\/p>\n<p><strong>Kas see raamat aitab m\u00f5ista praeguseid \u00fchiskondlikke muutusi?<\/strong><\/p>\n<p>Kindlasti! \u201cSapiens\u201d aitab m\u00f5ista, kuidas inimkond on l\u00e4bi ajaloo arenenud ja kust t\u00e4nap\u00e4evased probleemid ning n\u00e4htused alguse on saanud.<\/p>\n<p><strong>Kas raamatust leiab ka visuaale?<\/strong><\/p>\n<p>See v\u00e4ljaanne keskendub tekstile, kuid Harari m\u00f5tte- ja selgitusoskus loob elavad pildid iga lugeja kujutluses.<\/p>\n<\/section>\n<section data-wtai-block-id=\"wtai_product_description_conclusion\" class=\"wtai-section wtai-conclusion-section\">\n<h3>Telli oma eksemplar juba t\u00e4na!<\/h3>\n<p><strong>Sapiens toob inimkonna loo sinu k\u00e4tte kaasahaaravalt ja m\u00f5tlemapanevalt. See raamat pakub nii uusi teadmisi kui ka inspireerivaid teooriaid meie arengu kohta.<\/strong> <strong>Loe, m\u00f5tle kaasa ja jaga muljeid teistega. \u00c4ra lase v\u00f5imalusel k\u00e4est libiseda \u2013 avasta Sapiens juba t\u00e4na!<\/strong><\/p>\n<\/section>\n","protected":false},"excerpt":{"rendered":"<div data-wtai-block-id=\"wtai_excerpt_subtitle\" class=\"wtai-section wtai-subtitle-section\">\n<p><em><strong>\u00dcllatav ja haarav teekond inimkonna t\u00f5eliselt p\u00f5nevatesse saladustesse<\/strong><\/em><\/p>\n<\/p><\/div>\n<div data-wtai-block-id=\"wtai_excerpt_introduction\" class=\"wtai-section wtai-introduction-section\">\n<p>Kas oled kunagi m\u00f5elnud, kuidas inimsugu maailma vallutas? \u201eSapiens\u201c on raamat, mis toob sajanditepikkuse inimajaloo kaasaegsesse konteksti, sidudes teadusliku p\u00f5hjalikkuse ja isikliku huvi s\u00e4rtsaka jutustamisviisiga. See teos sobib k\u00f5igile, kes soovivad m\u00f5ista, miks me just sellised oleme, ja kuidas minevik m\u00f5jutab meie t\u00e4nap\u00e4eva elu. Ideaalne lugemisvalik inimestele, kes otsivad arusaamist iseendast ja \u00fchiskonnast \u2013 inspireeriv avastusretk igas vanuses lugejatele.<\/p>\n<\/p><\/div>\n","protected":false},"featured_media":33942,"comment_status":"open","ping_status":"closed","template":"","meta":[],"product_brand":[],"product_cat":[136],"product_tag":[],"class_list":{"0":"post-38007","1":"product","2":"type-product","3":"status-publish","4":"has-post-thumbnail","6":"product_cat-raamatud-ja-meedia","8":"first","9":"instock","10":"shipping-taxable","11":"purchasable","12":"product-type-simple"},"bundled_by":[],"bundle_stock_status":"instock","bundle_stock_quantity":null,"bundle_virtual":false,"bundle_layout":"","bundle_add_to_cart_form_location":"","bundle_editable_in_cart":false,"bundle_sold_individually_context":"","bundle_item_grouping":"","bundle_min_size":"","bundle_max_size":"","bundle_price":[],"bundled_items":[],"bundle_sell_ids":[],"yoast_head":"<!-- This site is optimized with the Yoast SEO plugin v25.2 - https:\/\/yoast.com\/wordpress\/plugins\/seo\/ -->\n<title>Avasta Sapiens Ajaloo V\u00e4gev Lugu<\/title>\n<meta name=\"description\" content=\"Eneseleidmist toetav lugemine, mis viib r\u00e4nnakule l\u00e4bi inimkonna arengu. Kaasaegne menuk, mis avab maailma ja m\u00f5ttemaailma juuri.\" \/>\n<meta name=\"robots\" content=\"index, follow, max-snippet:-1, max-image-preview:large, max-video-preview:-1\" \/>\n<link rel=\"canonical\" href=\"https:\/\/demostore.ai\/et\/toode\/sapiens\/\" \/>\n<meta property=\"og:type\" content=\"article\" \/>\n<meta property=\"og:title\" content=\"Avasta Sapiens Ajaloo V\u00e4gev Lugu\" \/>\n<meta property=\"og:description\" content=\"Tavatult haarav teos, mis pakub p\u00f5hjalikku pilku inimkonna arengusse. Sapiens on maailmakuulus menuk, mis selgitab meie \u00fchiskonna juured uues valguses.\" \/>\n<meta property=\"og:url\" content=\"https:\/\/demostore.ai\/et\/toode\/sapiens\/\" \/>\n<meta property=\"og:site_name\" content=\"Trendy Thread\" \/>\n<meta property=\"article:modified_time\" content=\"2026-02-20T04:08:20+00:00\" \/>\n<meta property=\"og:image\" content=\"https:\/\/demostore.ai\/wp-content\/uploads\/2025\/08\/Sapiens-1.png\" \/>\n\t<meta property=\"og:image:width\" content=\"1000\" \/>\n\t<meta property=\"og:image:height\" content=\"1000\" \/>\n\t<meta property=\"og:image:type\" content=\"image\/png\" \/>\n<meta name=\"twitter:card\" content=\"summary_large_image\" \/>\n<meta name=\"twitter:title\" content=\"Avasta Sapiens Ajaloo V\u00e4gev Lugu\" \/>\n<meta name=\"twitter:description\" content=\"Tavatult haarav teos, mis pakub p\u00f5hjalikku pilku inimkonna arengusse. Sapiens on maailmakuulus menuk, mis selgitab meie \u00fchiskonna juured uues valguses.\" \/>\n<meta name=\"twitter:label1\" content=\"Est. reading time\" \/>\n\t<meta name=\"twitter:data1\" content=\"1 minut\" \/>\n<script type=\"application\/ld+json\" class=\"yoast-schema-graph\">{\"@context\":\"https:\/\/schema.org\",\"@graph\":[{\"@type\":\"WebPage\",\"@id\":\"https:\/\/demostore.ai\/et\/toode\/sapiens\/\",\"url\":\"https:\/\/demostore.ai\/et\/toode\/sapiens\/\",\"name\":\"Avasta Sapiens Ajaloo V\u00e4gev Lugu\",\"isPartOf\":{\"@id\":\"https:\/\/demostore.ai\/et\/#website\"},\"primaryImageOfPage\":{\"@id\":\"https:\/\/demostore.ai\/et\/toode\/sapiens\/#primaryimage\"},\"image\":{\"@id\":\"https:\/\/demostore.ai\/et\/toode\/sapiens\/#primaryimage\"},\"thumbnailUrl\":\"https:\/\/demostore.ai\/wp-content\/uploads\/2025\/08\/Sapiens-1.png\",\"datePublished\":\"2025-08-06T00:46:19+00:00\",\"dateModified\":\"2026-02-20T04:08:20+00:00\",\"description\":\"Eneseleidmist toetav lugemine, mis viib r\u00e4nnakule l\u00e4bi inimkonna arengu. Kaasaegne menuk, mis avab maailma ja m\u00f5ttemaailma juuri.\",\"breadcrumb\":{\"@id\":\"https:\/\/demostore.ai\/et\/toode\/sapiens\/#breadcrumb\"},\"inLanguage\":\"et\",\"potentialAction\":[{\"@type\":\"ReadAction\",\"target\":[\"https:\/\/demostore.ai\/et\/toode\/sapiens\/\"]}]},{\"@type\":\"ImageObject\",\"inLanguage\":\"et\",\"@id\":\"https:\/\/demostore.ai\/et\/toode\/sapiens\/#primaryimage\",\"url\":\"https:\/\/demostore.ai\/wp-content\/uploads\/2025\/08\/Sapiens-1.png\",\"contentUrl\":\"https:\/\/demostore.ai\/wp-content\/uploads\/2025\/08\/Sapiens-1.png\",\"width\":1000,\"height\":1000,\"caption\":\"Sapiens: inimkonna l\u00fchiajaloo raamatukaas, autoriks Yuval Noah Harari.\"},{\"@type\":\"BreadcrumbList\",\"@id\":\"https:\/\/demostore.ai\/et\/toode\/sapiens\/#breadcrumb\",\"itemListElement\":[{\"@type\":\"ListItem\",\"position\":1,\"name\":\"Avaleht\",\"item\":\"https:\/\/demostore.ai\/et\/\"},{\"@type\":\"ListItem\",\"position\":2,\"name\":\"Pood\",\"item\":\"https:\/\/demostore.ai\/et\/pood\/\"},{\"@type\":\"ListItem\",\"position\":3,\"name\":\"Sapiens\"}]},{\"@type\":\"WebSite\",\"@id\":\"https:\/\/demostore.ai\/et\/#website\",\"url\":\"https:\/\/demostore.ai\/et\/\",\"name\":\"Trendy Thread\",\"description\":\"WriteText.ai demo-pood\",\"publisher\":{\"@id\":\"https:\/\/demostore.ai\/et\/#organization\"},\"potentialAction\":[{\"@type\":\"SearchAction\",\"target\":{\"@type\":\"EntryPoint\",\"urlTemplate\":\"https:\/\/demostore.ai\/et\/?s={search_term_string}\"},\"query-input\":{\"@type\":\"PropertyValueSpecification\",\"valueRequired\":true,\"valueName\":\"search_term_string\"}}],\"inLanguage\":\"et\"},{\"@type\":\"Organization\",\"@id\":\"https:\/\/demostore.ai\/et\/#organization\",\"name\":\"WriteText.ai\",\"url\":\"https:\/\/demostore.ai\/et\/\",\"logo\":{\"@type\":\"ImageObject\",\"inLanguage\":\"et\",\"@id\":\"https:\/\/demostore.ai\/et\/#\/schema\/logo\/image\/\",\"url\":\"https:\/\/demostore.ai\/wp-content\/uploads\/2025\/10\/writetext_logo.webp\",\"contentUrl\":\"https:\/\/demostore.ai\/wp-content\/uploads\/2025\/10\/writetext_logo.webp\",\"width\":200,\"height\":34,\"caption\":\"WriteText.ai\"},\"image\":{\"@id\":\"https:\/\/demostore.ai\/et\/#\/schema\/logo\/image\/\"}}]}<\/script>\n<!-- \/ Yoast SEO plugin. -->","yoast_head_json":{"title":"Avasta Sapiens Ajaloo V\u00e4gev Lugu","description":"Eneseleidmist toetav lugemine, mis viib r\u00e4nnakule l\u00e4bi inimkonna arengu. Kaasaegne menuk, mis avab maailma ja m\u00f5ttemaailma juuri.","robots":{"index":"index","follow":"follow","max-snippet":"max-snippet:-1","max-image-preview":"max-image-preview:large","max-video-preview":"max-video-preview:-1"},"canonical":"https:\/\/demostore.ai\/et\/toode\/sapiens\/","og_type":"article","og_title":"Avasta Sapiens Ajaloo V\u00e4gev Lugu","og_description":"Tavatult haarav teos, mis pakub p\u00f5hjalikku pilku inimkonna arengusse. Sapiens on maailmakuulus menuk, mis selgitab meie \u00fchiskonna juured uues valguses.","og_url":"https:\/\/demostore.ai\/et\/toode\/sapiens\/","og_site_name":"Trendy Thread","article_modified_time":"2026-02-20T04:08:20+00:00","og_image":[{"width":1000,"height":1000,"url":"https:\/\/demostore.ai\/wp-content\/uploads\/2025\/08\/Sapiens-1.png","type":"image\/png"}],"twitter_card":"summary_large_image","twitter_title":"Avasta Sapiens Ajaloo V\u00e4gev Lugu","twitter_description":"Tavatult haarav teos, mis pakub p\u00f5hjalikku pilku inimkonna arengusse. Sapiens on maailmakuulus menuk, mis selgitab meie \u00fchiskonna juured uues valguses.","twitter_misc":{"Est. reading time":"1 minut"},"schema":{"@context":"https:\/\/schema.org","@graph":[{"@type":"WebPage","@id":"https:\/\/demostore.ai\/et\/toode\/sapiens\/","url":"https:\/\/demostore.ai\/et\/toode\/sapiens\/","name":"Avasta Sapiens Ajaloo V\u00e4gev Lugu","isPartOf":{"@id":"https:\/\/demostore.ai\/et\/#website"},"primaryImageOfPage":{"@id":"https:\/\/demostore.ai\/et\/toode\/sapiens\/#primaryimage"},"image":{"@id":"https:\/\/demostore.ai\/et\/toode\/sapiens\/#primaryimage"},"thumbnailUrl":"https:\/\/demostore.ai\/wp-content\/uploads\/2025\/08\/Sapiens-1.png","datePublished":"2025-08-06T00:46:19+00:00","dateModified":"2026-02-20T04:08:20+00:00","description":"Eneseleidmist toetav lugemine, mis viib r\u00e4nnakule l\u00e4bi inimkonna arengu. Kaasaegne menuk, mis avab maailma ja m\u00f5ttemaailma juuri.","breadcrumb":{"@id":"https:\/\/demostore.ai\/et\/toode\/sapiens\/#breadcrumb"},"inLanguage":"et","potentialAction":[{"@type":"ReadAction","target":["https:\/\/demostore.ai\/et\/toode\/sapiens\/"]}]},{"@type":"ImageObject","inLanguage":"et","@id":"https:\/\/demostore.ai\/et\/toode\/sapiens\/#primaryimage","url":"https:\/\/demostore.ai\/wp-content\/uploads\/2025\/08\/Sapiens-1.png","contentUrl":"https:\/\/demostore.ai\/wp-content\/uploads\/2025\/08\/Sapiens-1.png","width":1000,"height":1000,"caption":"Sapiens: inimkonna l\u00fchiajaloo raamatukaas, autoriks Yuval Noah Harari."},{"@type":"BreadcrumbList","@id":"https:\/\/demostore.ai\/et\/toode\/sapiens\/#breadcrumb","itemListElement":[{"@type":"ListItem","position":1,"name":"Avaleht","item":"https:\/\/demostore.ai\/et\/"},{"@type":"ListItem","position":2,"name":"Pood","item":"https:\/\/demostore.ai\/et\/pood\/"},{"@type":"ListItem","position":3,"name":"Sapiens"}]},{"@type":"WebSite","@id":"https:\/\/demostore.ai\/et\/#website","url":"https:\/\/demostore.ai\/et\/","name":"Trendy Thread","description":"WriteText.ai demo-pood","publisher":{"@id":"https:\/\/demostore.ai\/et\/#organization"},"potentialAction":[{"@type":"SearchAction","target":{"@type":"EntryPoint","urlTemplate":"https:\/\/demostore.ai\/et\/?s={search_term_string}"},"query-input":{"@type":"PropertyValueSpecification","valueRequired":true,"valueName":"search_term_string"}}],"inLanguage":"et"},{"@type":"Organization","@id":"https:\/\/demostore.ai\/et\/#organization","name":"WriteText.ai","url":"https:\/\/demostore.ai\/et\/","logo":{"@type":"ImageObject","inLanguage":"et","@id":"https:\/\/demostore.ai\/et\/#\/schema\/logo\/image\/","url":"https:\/\/demostore.ai\/wp-content\/uploads\/2025\/10\/writetext_logo.webp","contentUrl":"https:\/\/demostore.ai\/wp-content\/uploads\/2025\/10\/writetext_logo.webp","width":200,"height":34,"caption":"WriteText.ai"},"image":{"@id":"https:\/\/demostore.ai\/et\/#\/schema\/logo\/image\/"}}]}},"_links":{"self":[{"href":"https:\/\/demostore.ai\/et\/wp-json\/wp\/v2\/product\/38007","targetHints":{"allow":["GET"]}}],"collection":[{"href":"https:\/\/demostore.ai\/et\/wp-json\/wp\/v2\/product"}],"about":[{"href":"https:\/\/demostore.ai\/et\/wp-json\/wp\/v2\/types\/product"}],"replies":[{"embeddable":true,"href":"https:\/\/demostore.ai\/et\/wp-json\/wp\/v2\/comments?post=38007"}],"wp:featuredmedia":[{"embeddable":true,"href":"https:\/\/demostore.ai\/et\/wp-json\/wp\/v2\/media\/33942"}],"wp:attachment":[{"href":"https:\/\/demostore.ai\/et\/wp-json\/wp\/v2\/media?parent=38007"}],"wp:term":[{"taxonomy":"product_brand","embeddable":true,"href":"https:\/\/demostore.ai\/et\/wp-json\/wp\/v2\/product_brand?post=38007"},{"taxonomy":"product_cat","embeddable":true,"href":"https:\/\/demostore.ai\/et\/wp-json\/wp\/v2\/product_cat?post=38007"},{"taxonomy":"product_tag","embeddable":true,"href":"https:\/\/demostore.ai\/et\/wp-json\/wp\/v2\/product_tag?post=38007"}],"curies":[{"name":"wp","href":"https:\/\/api.w.org\/{rel}","templated":true}]}}