{"id":36624,"date":"2025-08-06T08:42:58","date_gmt":"2025-08-06T00:42:58","guid":{"rendered":"https:\/\/demostore.ai\/?post_type=product&#038;p=36624"},"modified":"2026-02-20T12:07:49","modified_gmt":"2026-02-20T04:07:49","slug":"the-lego-story","status":"publish","type":"product","link":"https:\/\/demostore.ai\/et\/toode\/the-lego-story\/","title":{"rendered":"The LEGO Story"},"content":{"rendered":"<section data-wtai-block-id=\"wtai_product_description_features\" class=\"wtai-section wtai-features-section\">\n<h2>Miks see raamat on eriline?<\/h2>\n<ul>\n<li><strong>Ametlik LEGO juubelilugu<\/strong> \u2013 p\u00f5hineb ettev\u00f5tte arhiividel ja eksklusiivsetel intervjuudel<\/li>\n<li><strong>Inspireerivad tegelased ja s\u00fcndmused<\/strong> \u2013 j\u00e4lgib LEGO teekonda v\u00e4ikese m\u00e4nguasjapoe algusest \u00fclemaailmseks fenomeniks<\/li>\n<li><strong>Rohkelt illustratsioone ja originaaldetaile<\/strong> \u2013 sisaldab jooniseid, fotosid ja ainulaadset kujundust, mis r\u00f5hutab LEGO olemust<\/li>\n<li><strong>P\u00f5nev lugemiselamus k\u00f5igile vanustele<\/strong> \u2013 sobib nii f\u00e4nnidele kui peredele ja \u00e4riringkondadele<\/li>\n<li><strong>Jens Andersenilt, tunnustatud autorilt<\/strong> \u2013 paeluv ja p\u00f5hjalik l\u00e4henemine tuntud m\u00e4nguasja loole<\/li>\n<\/ul>\n<\/section>\n<div data-wtai-block-id=\"wtai_product_description_image_1\" class=\"wtai-section wtai-image_1-section\">\n<figure class=\"wtai-image-p wtai-align-center\" style=\"text-align:center\"><img decoding=\"async\" src=\"https:\/\/demostore.ai\/wp-content\/uploads\/2025\/08\/Lego-2-600x600.png\" alt=\"LEGO ajaloo raamatu tagakaas v\u00e4rviliste fotode ja tsitaadiga ehitusklotsidest.\" srcset=\"https:\/\/demostore.ai\/wp-content\/uploads\/2025\/08\/Lego-2.png 1000w, https:\/\/demostore.ai\/wp-content\/uploads\/2025\/08\/Lego-2-300x300.png 300w, https:\/\/demostore.ai\/wp-content\/uploads\/2025\/08\/Lego-2-150x150.png 150w, https:\/\/demostore.ai\/wp-content\/uploads\/2025\/08\/Lego-2-768x768.png 768w, https:\/\/demostore.ai\/wp-content\/uploads\/2025\/08\/Lego-2-600x600.png 600w, https:\/\/demostore.ai\/wp-content\/uploads\/2025\/08\/Lego-2-250x250.png 250w\"><figcaption>\n<p>Tagakaanel \u00e4ratavad t\u00e4helepanu v\u00e4rvilised LEGO-klotsid, ajaloolised mudelid ja armastatud minifiguurid.<\/p>\n<\/figcaption><\/figure>\n<\/p><\/div>\n<section data-wtai-block-id=\"wtai_product_description_technical_specifications\" class=\"wtai-section wtai-technical_specifications-section\">\n<h3>Detailid<\/h3>\n<ul>\n<li><strong>Autor<\/strong>: Jens Andersen<\/li>\n<li><strong>Pealkiri<\/strong>: The LEGO Story: How a Little Toy Sparked the World&#8217;s Imagination<\/li>\n<li><strong>Keel<\/strong>: Inglise<\/li>\n<li><strong>Kaanet\u00fc\u00fcp<\/strong>: K\u00f5vakaaneline<\/li>\n<li><strong>Lehek\u00fclgi<\/strong>: 400<\/li>\n<li><strong>M\u00f5\u00f5dud<\/strong>: 9,25&quot; \u00d7 6,25&quot; \u00d7 1,5&quot;<\/li>\n<li><strong>Kirjastaja<\/strong>: Mariner Books<\/li>\n<li><strong>ISBN<\/strong>: 978-0-06-325958-1<\/li>\n<\/ul>\n<\/section>\n<section data-wtai-block-id=\"wtai_product_description_custom_1\" class=\"wtai-section wtai-custom_1-section\">\n<h2>Kellele ja millal &quot;The LEGO Story&quot; h\u00e4sti sobib<\/h2>\n<ul>\n<li><strong>LEGO f\u00e4nnidele<\/strong> \u2013 Vijustab LEGO br\u00e4ndi s\u00fcnni ja loomeprotsessi lihtsal ja haaraval moel.<\/li>\n<li><strong>Ettev\u00f5tlikele lugejatele<\/strong> \u2013 Toob v\u00e4lja \u00e4rilise leidlikkuse ja innovatsiooni p\u00e4riselu n\u00e4iteid.<\/li>\n<li><strong>Perekondlikuks kinkimiseks<\/strong> \u2013 Sobilik kingitus igas vanuses LEGO huvilisele pereliikmele.<\/li>\n<\/ul>\n<\/section>\n<section data-wtai-block-id=\"wtai_product_description_custom_2\" class=\"wtai-section wtai-custom_2-section\">\n<h2>Autor Jens Andersen \u2013 LEGO maailmaloo jutustaja<\/h2>\n<p>Jens Andersen on tunnustatud Taani kirjanik ja kirjanduskriitik, kelle sulest on ilmunud mitmeid hinnatud biograafiaid. Tal on doktorikraad P\u00f5hjamaade kirjanduses Kopenhaageni \u00dclikoolist.<\/p>\n<p>Tema eriline tugevus seisneb p\u00f5hjalikus uurimist\u00f6\u00f6s ja ligip\u00e4\u00e4sus eksklusiivsetele allikatele \u2013 LEGO loo jutustamisel toetus Andersen personaalsetele intervjuudele LEGO asutaja perekonna ja endise juhi Kjeld Kirk Kristianseniga.<\/p>\n<p>Anderseni seniste t\u00f6\u00f6de seas on elulood n\u00e4iteks Hans Christian Andersenist ja Astrid Lindgrenist, mille kaudu on ta saavutanud rahvusvahelise tuntuse.<\/p>\n<p>Tema soojalt humoorikas ja inimlik kirjutamisstiil pakub iga\u00fchele, kes hindab loovust ja m\u00e4ngulusti, v\u00e4rsket pilku maailma \u00fche armastatuma br\u00e4ndi telgitagustesse.<\/p>\n<\/section>\n<section data-wtai-block-id=\"wtai_product_description_faqs\" class=\"wtai-section wtai-faqs-section\">\n<h2>Korduma kippuvad k\u00fcsimused<\/h2>\n<p><strong>Kellele see raamat sobib?<\/strong><\/p>\n<p>Raamatut naudivad k\u00f5ik LEGO-f\u00e4nnid, inseneridest loomeinimesteni ja noorest t\u00e4iskasvanust vanavanemateni. See k\u00f6idab k\u00f5iki, keda huvitavad ettev\u00f5tlus, loovus v\u00f5i ikonilised m\u00e4nguasjad.<\/p>\n<p><strong>Kas see raamat sisaldab illustratsioone v\u00f5i ainult teksti?<\/strong><\/p>\n<p>Jah, raamatus leidub rohkelt illustratsioone, originaalseid jooniseid ning vanu fotosid, mis rikastavad ja t\u00e4iustavad lugemiselamust.<\/p>\n<p><strong>Kas lugu p\u00f5hineb t\u00f5sielus\u00fcndmustel?<\/strong><\/p>\n<p>Jah, tegemist on p\u00f5hjaliku ja ametliku ajalookroonikaga, mis p\u00f5hineb reaalsetel s\u00fcndmustel ning originaalallikatel LEGO arhiivist.<\/p>\n<p><strong>Millises formaadis raamat on saada?<\/strong><\/p>\n<p>Seda raamatut pakutakse eksklusiivselt k\u00f5vakaanelise v\u00e4ljaandena, mis tagab kogumisv\u00e4\u00e4rtuse ja vastupidavuse ka aktiivse lugemise korral.<\/p>\n<\/section>\n<section data-wtai-block-id=\"wtai_product_description_conclusion\" class=\"wtai-section wtai-conclusion-section\">\n<h3>Avasta LEGO ajalugu l\u00e4hemalt<\/h3>\n<p><strong>Saa teada, kuidas v\u00e4ikesest m\u00e4nguasjast sai \u00fclemaailmne inspiratsiooniallikas ja loovuse s\u00fcmbol.<\/strong> <strong>See raamat ei r\u00e4\u00e4gi ainult LEGOs, vaid ka kirglikest inimestest, visioonist ja p\u00fcsivast innovatsioonist.<\/strong> <strong>\u00c4ra j\u00e4ta v\u00f5imalust piiluda maailma populaarseima m\u00e4nguasja telgitagustesse koos l\u00e4bin\u00e4geliku ja kaasahaarava looga.<\/strong> <strong>V\u00f5ta raamat endale juba t\u00e4na \u2013 sinu uueks lemmikuks v\u00f5ib saada just &quot;The LEGO Story&quot;.<\/strong><\/p>\n<\/section>\n","protected":false},"excerpt":{"rendered":"<div data-wtai-block-id=\"wtai_excerpt_subtitle\" class=\"wtai-section wtai-subtitle-section\">\n<p><em><strong>Tuju t\u00f5stev pilk LEGO maailma kulisside taha<\/strong><\/em><\/p>\n<\/p><\/div>\n<div data-wtai-block-id=\"wtai_excerpt_introduction\" class=\"wtai-section wtai-introduction-section\">\n<p>Kes ei tunneks LEGO ikoonilisi klotse? &quot;The LEGO Story&quot; avab ukse m\u00e4nguasjamaailma kulisside taha, tuues sinuni paeluva loo sellest, kuidas v\u00e4ike plastist klots vallutas nii laste kui t\u00e4iskasvanute kujutlusv\u00f5ime \u00fcle kogu maailma. See raamat sobib lugemiseks igas vanuses huvilisele, pakkudes nii nostalgiat kui uusi teadmisi LEGO inspiratsioonist, loovusest ja ettev\u00f5tte uuendusmeelsusest. Avastad siit nutikaid fakte ja p\u00f5nevaid detaile LEGO fenomeni s\u00fcnnist ja arengust.<\/p>\n<\/p><\/div>\n","protected":false},"featured_media":33545,"comment_status":"open","ping_status":"closed","template":"","meta":[],"product_brand":[],"product_cat":[136],"product_tag":[],"class_list":{"0":"post-36624","1":"product","2":"type-product","3":"status-publish","4":"has-post-thumbnail","6":"product_cat-raamatud-ja-meedia","8":"first","9":"instock","10":"shipping-taxable","11":"purchasable","12":"product-type-simple"},"bundled_by":[],"bundle_stock_status":"instock","bundle_stock_quantity":null,"bundle_virtual":false,"bundle_layout":"","bundle_add_to_cart_form_location":"","bundle_editable_in_cart":false,"bundle_sold_individually_context":"","bundle_item_grouping":"","bundle_min_size":"","bundle_max_size":"","bundle_price":[],"bundled_items":[],"bundle_sell_ids":[],"yoast_head":"<!-- This site is optimized with the Yoast SEO plugin v25.2 - https:\/\/yoast.com\/wordpress\/plugins\/seo\/ -->\n<title>Top-Rated The LEGO Story Avab LEGO Loomise Imelise Maailma<\/title>\n<meta name=\"description\" content=\"Pilk LEGOsse viiva uksena toob see raamat sinuni v\u00f5rratu loo, inspireerivad tegelased ning faktid, mis k\u00f6idavad igas vanuses lugejat.\" \/>\n<meta name=\"robots\" content=\"index, follow, max-snippet:-1, max-image-preview:large, max-video-preview:-1\" \/>\n<link rel=\"canonical\" href=\"https:\/\/demostore.ai\/et\/toode\/the-lego-story\/\" \/>\n<meta property=\"og:type\" content=\"article\" \/>\n<meta property=\"og:title\" content=\"Top-Rated The LEGO Story Avab LEGO Loomise Imelise Maailma\" \/>\n<meta property=\"og:description\" content=\"P\u00f5nev teos, mis viib sind LEGO maailma s\u00fcndi ja arengusse, sisaldab eksklusiivseid taustainfot, jooniseid ning inspireerivaid lugusid igale p\u00f5lvkonnale.\" \/>\n<meta property=\"og:url\" content=\"https:\/\/demostore.ai\/et\/toode\/the-lego-story\/\" \/>\n<meta property=\"og:site_name\" content=\"Trendy Thread\" \/>\n<meta property=\"article:modified_time\" content=\"2026-02-20T04:07:49+00:00\" \/>\n<meta property=\"og:image\" content=\"https:\/\/demostore.ai\/wp-content\/uploads\/2025\/08\/Lego-1.png\" \/>\n\t<meta property=\"og:image:width\" content=\"1000\" \/>\n\t<meta property=\"og:image:height\" content=\"1000\" \/>\n\t<meta property=\"og:image:type\" content=\"image\/png\" \/>\n<meta name=\"twitter:card\" content=\"summary_large_image\" \/>\n<meta name=\"twitter:title\" content=\"Top-Rated The LEGO Story Avab LEGO Loomise Imelise Maailma\" \/>\n<meta name=\"twitter:description\" content=\"P\u00f5nev teos, mis viib sind LEGO maailma s\u00fcndi ja arengusse, sisaldab eksklusiivseid taustainfot, jooniseid ning inspireerivaid lugusid igale p\u00f5lvkonnale.\" \/>\n<meta name=\"twitter:label1\" content=\"Est. reading time\" \/>\n\t<meta name=\"twitter:data1\" content=\"1 minut\" \/>\n<script type=\"application\/ld+json\" class=\"yoast-schema-graph\">{\"@context\":\"https:\/\/schema.org\",\"@graph\":[{\"@type\":\"WebPage\",\"@id\":\"https:\/\/demostore.ai\/et\/toode\/the-lego-story\/\",\"url\":\"https:\/\/demostore.ai\/et\/toode\/the-lego-story\/\",\"name\":\"Top-Rated The LEGO Story Avab LEGO Loomise Imelise Maailma\",\"isPartOf\":{\"@id\":\"https:\/\/demostore.ai\/et\/#website\"},\"primaryImageOfPage\":{\"@id\":\"https:\/\/demostore.ai\/et\/toode\/the-lego-story\/#primaryimage\"},\"image\":{\"@id\":\"https:\/\/demostore.ai\/et\/toode\/the-lego-story\/#primaryimage\"},\"thumbnailUrl\":\"https:\/\/demostore.ai\/wp-content\/uploads\/2025\/08\/Lego-1.png\",\"datePublished\":\"2025-08-06T00:42:58+00:00\",\"dateModified\":\"2026-02-20T04:07:49+00:00\",\"description\":\"Pilk LEGOsse viiva uksena toob see raamat sinuni v\u00f5rratu loo, inspireerivad tegelased ning faktid, mis k\u00f6idavad igas vanuses lugejat.\",\"breadcrumb\":{\"@id\":\"https:\/\/demostore.ai\/et\/toode\/the-lego-story\/#breadcrumb\"},\"inLanguage\":\"et\",\"potentialAction\":[{\"@type\":\"ReadAction\",\"target\":[\"https:\/\/demostore.ai\/et\/toode\/the-lego-story\/\"]}]},{\"@type\":\"ImageObject\",\"inLanguage\":\"et\",\"@id\":\"https:\/\/demostore.ai\/et\/toode\/the-lego-story\/#primaryimage\",\"url\":\"https:\/\/demostore.ai\/wp-content\/uploads\/2025\/08\/Lego-1.png\",\"contentUrl\":\"https:\/\/demostore.ai\/wp-content\/uploads\/2025\/08\/Lego-1.png\",\"width\":1000,\"height\":1000,\"caption\":\"LEGO loo raamat kollasel kaanel, millel on Legomehikesest joonis ja v\u00e4rvikas pealkiri.\"},{\"@type\":\"BreadcrumbList\",\"@id\":\"https:\/\/demostore.ai\/et\/toode\/the-lego-story\/#breadcrumb\",\"itemListElement\":[{\"@type\":\"ListItem\",\"position\":1,\"name\":\"Avaleht\",\"item\":\"https:\/\/demostore.ai\/et\/\"},{\"@type\":\"ListItem\",\"position\":2,\"name\":\"Pood\",\"item\":\"https:\/\/demostore.ai\/et\/pood\/\"},{\"@type\":\"ListItem\",\"position\":3,\"name\":\"The LEGO Story\"}]},{\"@type\":\"WebSite\",\"@id\":\"https:\/\/demostore.ai\/et\/#website\",\"url\":\"https:\/\/demostore.ai\/et\/\",\"name\":\"Trendy Thread\",\"description\":\"WriteText.ai demo-pood\",\"publisher\":{\"@id\":\"https:\/\/demostore.ai\/et\/#organization\"},\"potentialAction\":[{\"@type\":\"SearchAction\",\"target\":{\"@type\":\"EntryPoint\",\"urlTemplate\":\"https:\/\/demostore.ai\/et\/?s={search_term_string}\"},\"query-input\":{\"@type\":\"PropertyValueSpecification\",\"valueRequired\":true,\"valueName\":\"search_term_string\"}}],\"inLanguage\":\"et\"},{\"@type\":\"Organization\",\"@id\":\"https:\/\/demostore.ai\/et\/#organization\",\"name\":\"WriteText.ai\",\"url\":\"https:\/\/demostore.ai\/et\/\",\"logo\":{\"@type\":\"ImageObject\",\"inLanguage\":\"et\",\"@id\":\"https:\/\/demostore.ai\/et\/#\/schema\/logo\/image\/\",\"url\":\"https:\/\/demostore.ai\/wp-content\/uploads\/2025\/10\/writetext_logo.webp\",\"contentUrl\":\"https:\/\/demostore.ai\/wp-content\/uploads\/2025\/10\/writetext_logo.webp\",\"width\":200,\"height\":34,\"caption\":\"WriteText.ai\"},\"image\":{\"@id\":\"https:\/\/demostore.ai\/et\/#\/schema\/logo\/image\/\"}}]}<\/script>\n<!-- \/ Yoast SEO plugin. -->","yoast_head_json":{"title":"Top-Rated The LEGO Story Avab LEGO Loomise Imelise Maailma","description":"Pilk LEGOsse viiva uksena toob see raamat sinuni v\u00f5rratu loo, inspireerivad tegelased ning faktid, mis k\u00f6idavad igas vanuses lugejat.","robots":{"index":"index","follow":"follow","max-snippet":"max-snippet:-1","max-image-preview":"max-image-preview:large","max-video-preview":"max-video-preview:-1"},"canonical":"https:\/\/demostore.ai\/et\/toode\/the-lego-story\/","og_type":"article","og_title":"Top-Rated The LEGO Story Avab LEGO Loomise Imelise Maailma","og_description":"P\u00f5nev teos, mis viib sind LEGO maailma s\u00fcndi ja arengusse, sisaldab eksklusiivseid taustainfot, jooniseid ning inspireerivaid lugusid igale p\u00f5lvkonnale.","og_url":"https:\/\/demostore.ai\/et\/toode\/the-lego-story\/","og_site_name":"Trendy Thread","article_modified_time":"2026-02-20T04:07:49+00:00","og_image":[{"width":1000,"height":1000,"url":"https:\/\/demostore.ai\/wp-content\/uploads\/2025\/08\/Lego-1.png","type":"image\/png"}],"twitter_card":"summary_large_image","twitter_title":"Top-Rated The LEGO Story Avab LEGO Loomise Imelise Maailma","twitter_description":"P\u00f5nev teos, mis viib sind LEGO maailma s\u00fcndi ja arengusse, sisaldab eksklusiivseid taustainfot, jooniseid ning inspireerivaid lugusid igale p\u00f5lvkonnale.","twitter_misc":{"Est. reading time":"1 minut"},"schema":{"@context":"https:\/\/schema.org","@graph":[{"@type":"WebPage","@id":"https:\/\/demostore.ai\/et\/toode\/the-lego-story\/","url":"https:\/\/demostore.ai\/et\/toode\/the-lego-story\/","name":"Top-Rated The LEGO Story Avab LEGO Loomise Imelise Maailma","isPartOf":{"@id":"https:\/\/demostore.ai\/et\/#website"},"primaryImageOfPage":{"@id":"https:\/\/demostore.ai\/et\/toode\/the-lego-story\/#primaryimage"},"image":{"@id":"https:\/\/demostore.ai\/et\/toode\/the-lego-story\/#primaryimage"},"thumbnailUrl":"https:\/\/demostore.ai\/wp-content\/uploads\/2025\/08\/Lego-1.png","datePublished":"2025-08-06T00:42:58+00:00","dateModified":"2026-02-20T04:07:49+00:00","description":"Pilk LEGOsse viiva uksena toob see raamat sinuni v\u00f5rratu loo, inspireerivad tegelased ning faktid, mis k\u00f6idavad igas vanuses lugejat.","breadcrumb":{"@id":"https:\/\/demostore.ai\/et\/toode\/the-lego-story\/#breadcrumb"},"inLanguage":"et","potentialAction":[{"@type":"ReadAction","target":["https:\/\/demostore.ai\/et\/toode\/the-lego-story\/"]}]},{"@type":"ImageObject","inLanguage":"et","@id":"https:\/\/demostore.ai\/et\/toode\/the-lego-story\/#primaryimage","url":"https:\/\/demostore.ai\/wp-content\/uploads\/2025\/08\/Lego-1.png","contentUrl":"https:\/\/demostore.ai\/wp-content\/uploads\/2025\/08\/Lego-1.png","width":1000,"height":1000,"caption":"LEGO loo raamat kollasel kaanel, millel on Legomehikesest joonis ja v\u00e4rvikas pealkiri."},{"@type":"BreadcrumbList","@id":"https:\/\/demostore.ai\/et\/toode\/the-lego-story\/#breadcrumb","itemListElement":[{"@type":"ListItem","position":1,"name":"Avaleht","item":"https:\/\/demostore.ai\/et\/"},{"@type":"ListItem","position":2,"name":"Pood","item":"https:\/\/demostore.ai\/et\/pood\/"},{"@type":"ListItem","position":3,"name":"The LEGO Story"}]},{"@type":"WebSite","@id":"https:\/\/demostore.ai\/et\/#website","url":"https:\/\/demostore.ai\/et\/","name":"Trendy Thread","description":"WriteText.ai demo-pood","publisher":{"@id":"https:\/\/demostore.ai\/et\/#organization"},"potentialAction":[{"@type":"SearchAction","target":{"@type":"EntryPoint","urlTemplate":"https:\/\/demostore.ai\/et\/?s={search_term_string}"},"query-input":{"@type":"PropertyValueSpecification","valueRequired":true,"valueName":"search_term_string"}}],"inLanguage":"et"},{"@type":"Organization","@id":"https:\/\/demostore.ai\/et\/#organization","name":"WriteText.ai","url":"https:\/\/demostore.ai\/et\/","logo":{"@type":"ImageObject","inLanguage":"et","@id":"https:\/\/demostore.ai\/et\/#\/schema\/logo\/image\/","url":"https:\/\/demostore.ai\/wp-content\/uploads\/2025\/10\/writetext_logo.webp","contentUrl":"https:\/\/demostore.ai\/wp-content\/uploads\/2025\/10\/writetext_logo.webp","width":200,"height":34,"caption":"WriteText.ai"},"image":{"@id":"https:\/\/demostore.ai\/et\/#\/schema\/logo\/image\/"}}]}},"_links":{"self":[{"href":"https:\/\/demostore.ai\/et\/wp-json\/wp\/v2\/product\/36624","targetHints":{"allow":["GET"]}}],"collection":[{"href":"https:\/\/demostore.ai\/et\/wp-json\/wp\/v2\/product"}],"about":[{"href":"https:\/\/demostore.ai\/et\/wp-json\/wp\/v2\/types\/product"}],"replies":[{"embeddable":true,"href":"https:\/\/demostore.ai\/et\/wp-json\/wp\/v2\/comments?post=36624"}],"wp:featuredmedia":[{"embeddable":true,"href":"https:\/\/demostore.ai\/et\/wp-json\/wp\/v2\/media\/33545"}],"wp:attachment":[{"href":"https:\/\/demostore.ai\/et\/wp-json\/wp\/v2\/media?parent=36624"}],"wp:term":[{"taxonomy":"product_brand","embeddable":true,"href":"https:\/\/demostore.ai\/et\/wp-json\/wp\/v2\/product_brand?post=36624"},{"taxonomy":"product_cat","embeddable":true,"href":"https:\/\/demostore.ai\/et\/wp-json\/wp\/v2\/product_cat?post=36624"},{"taxonomy":"product_tag","embeddable":true,"href":"https:\/\/demostore.ai\/et\/wp-json\/wp\/v2\/product_tag?post=36624"}],"curies":[{"name":"wp","href":"https:\/\/api.w.org\/{rel}","templated":true}]}}