{"id":35141,"date":"2025-06-16T07:45:29","date_gmt":"2025-06-15T23:45:29","guid":{"rendered":"https:\/\/demostore.ai\/?post_type=product&#038;p=35141"},"modified":"2026-02-20T12:33:12","modified_gmt":"2026-02-20T04:33:12","slug":"aldo-donelly","status":"publish","type":"product","link":"https:\/\/demostore.ai\/et\/toode\/aldo-donelly\/","title":{"rendered":"Aldo Donelly"},"content":{"rendered":"<section data-wtai-block-id=\"wtai_product_description_features\" class=\"wtai-section wtai-features-section\">\n<h2>Toote \u00fcksikasjad<\/h2>\n<ul>\n<li>Valmistatud <strong>kvaliteetsest kunstnahast<\/strong>, mis n\u00e4eb v\u00e4lja elegantne ja on vastupidav igap\u00e4evaseks kandmiseks.<\/li>\n<li><strong>Varustatud magnetkinnitusega<\/strong>, mis tagab koti mugava sulgemise ja kiire juurdep\u00e4\u00e4su asjadele.<\/li>\n<li>Kaasaegne <strong>geomeetriline disain<\/strong> t\u00f5stab esile isikup\u00e4ra ning sobib erinevate stiilidega.<\/li>\n<li><strong>Reguleeritav ja eemaldatav \u00f5larihm<\/strong> v\u00f5imaldab kanda nii \u00f5lal kui risti \u00fcle keha.<\/li>\n<li>Sisaldab <strong>mahukat pearuumi<\/strong> ja v\u00e4iksemaid seesmisi taskuid, et k\u00f5ik vajalik oleks k\u00e4ep\u00e4rast.<\/li>\n<li>Stiilsed <strong>metallist detailid<\/strong> lisavad kaasaegset v\u00f5lu ning vastupidavust.<\/li>\n<li><strong>Kerge konstruktsioon<\/strong> muudab koti mugavaks kogu p\u00e4eva v\u00e4ltel kaasas kanda.<\/li>\n<li>Sile <strong>vooder<\/strong> kaitseb isiklikke esemeid kriimustuste eest ja lihtsustab puhastamist.<\/li>\n<li>Sobib nii <strong>vabaaja- kui ka pidulikumate r\u00f5ivastega<\/strong>, r\u00f5hutades mitmek\u00fclgsust ja ajatut disaini.<\/li>\n<\/ul>\n<\/section>\n<div data-wtai-block-id=\"wtai_product_description_image_1753694415199\" class=\"wtai-section wtai-image_1753694415199-section\">\n<figure class=\"wtai-image-p wtai-align-center\" style=\"text-align:center\"><img decoding=\"async\" src=\"https:\/\/demostore.ai\/wp-content\/uploads\/2025\/06\/Leather-handbag-2-scaled-2-600x698.png\" alt=\"Aldo Donelly stiilne k\u00e4ekott mustri ja kuldsete detailidega, eemaldatav tumesinine \u00f5larihm k\u00f5rval.\" srcset=\"https:\/\/demostore.ai\/wp-content\/uploads\/2025\/06\/Leather-handbag-2-scaled-2.png 860w, https:\/\/demostore.ai\/wp-content\/uploads\/2025\/06\/Leather-handbag-2-scaled-2-258x300.png 258w, https:\/\/demostore.ai\/wp-content\/uploads\/2025\/06\/Leather-handbag-2-scaled-2-768x893.png 768w, https:\/\/demostore.ai\/wp-content\/uploads\/2025\/06\/Leather-handbag-2-scaled-2-600x698.png 600w\"><figcaption>\n<p>Mustriga kunstnahk, tumesinised detailid ja kuldne pannal annavad stiilile t\u00f5elise vau-efekti.<\/p>\n<\/figcaption><\/figure>\n<\/p><\/div>\n<section data-wtai-block-id=\"wtai_product_description_benefits\" class=\"wtai-section wtai-benefits-section\">\n<h2>Miks Sa Sellest Vaimustud<\/h2>\n<ul>\n<li>Mure igap\u00e4evaste asjade korras hoidmise p\u00e4rast kaob \u2013 koti mahukad lahtrid teevad organiseerimise uskumatult lihtsaks.<\/li>\n<li>Suu magnetkinnitus v\u00f5imaldab kiiret ligip\u00e4\u00e4su ega lase olulisel kaduma minna.<\/li>\n<li>Mitmek\u00fclgne disain sobib nii t\u00f6\u00f6le, vaba aja veetmiseks kui linnapeole \u2013 \u00fcks kott, palju v\u00f5imalusi.<\/li>\n<li>Elegantne viimistlus annab igale v\u00e4limusele l\u00e4bim\u00f5eldud viimase lihvi ja aitab enesekindlalt silma paista.<\/li>\n<li>Kergus ning pehme materjal muudavad sellega liikumise mugavaks, v\u00e4hendades \u00fclem\u00e4\u00e4rast koormust \u00f5lal.<\/li>\n<\/ul>\n<\/section>\n<section data-wtai-block-id=\"wtai_product_description_use_cases\" class=\"wtai-section wtai-use_cases-section\">\n<h2>Kus Seda Kanda<\/h2>\n<p>Aldo Donelly r\u00f5hutab stiili nii t\u00f6\u00f6l kui vabal ajal. Kanna seda koos teksade ja T-s\u00e4rgiga, et lisada ilmest argisele riietusele. Kombineeri \u00f5htukleidi v\u00f5i \u00fclikonnaga, kui soovid midagi pilkup\u00fc\u00fcdvat pidulikele s\u00fcndmustele. T\u00e4nu mitmek\u00fclgsele kujule ja reguleeritavale rihmale sobib see ideaalelt nii p\u00e4eva- kui ka \u00f5htuste v\u00e4ljask\u00e4imiste jaoks.<\/p>\n<\/section>\n<section data-wtai-block-id=\"wtai_product_description_custom_1754271650908\" class=\"wtai-section wtai-custom_1754271650908-section\">\n<h2>Kuidas hooldada ja s\u00e4ilitada Aldo Donelly jalan\u00f5usid<\/h2>\n<ul>\n<li>Puhasta \u00f5rnalt niiske lapi v\u00f5i pehme harjaga, v\u00e4ldi tugevat vett ja leotamist.<\/li>\n<li>Kuivata kingad loomulikult, hoia eemal otsesest p\u00e4ikesevalgusest ja soojusallikatest.<\/li>\n<li>Nahast jalan\u00f5ude korral kasuta konditsioneerit v\u00f5i kreemi, et s\u00e4ilitada materjali pehmus.<\/li>\n<li>Hoiusta jalan\u00f5usid tolmukotis v\u00f5i originaalkarbis, jahedas ning kuivas kohas.<\/li>\n<li>V\u00e4ldi pleegitusaineid ja tugevatoimelisi puhastusvahendeid; \u00e4ra j\u00e4ta kingi niiskesse keskkonda.<\/li>\n<\/ul>\n<\/section>\n<section data-wtai-block-id=\"wtai_product_description_custom_1754281021097\" class=\"wtai-section wtai-custom_1754281021097-section\">\n<h2>Aldo Donelly j\u00e4tkusuutlikkuse info<\/h2>\n<h3>Materjalid<\/h3>\n<ul>\n<li>Kasutusel on \u00fcmbert\u00f6\u00f6deldud plastik ja vetikamass.<\/li>\n<li>Voodrid sisaldavad ringlussev\u00f5etud nailonit ja plastikpudeleid.<\/li>\n<li>CleanStep\u2122 tallad valmistatud taaskasutatud materjalidest.<\/li>\n<\/ul>\n<h3>Komponendid<\/h3>\n<ul>\n<li>B.E.D Foam\u2122 sisetallad sisaldavad 30% taaskasutatud materjale.<\/li>\n<li>Kasutatakse ainult vegans\u00f5bralikke liime ja komponente.<\/li>\n<li>LWG-sertifikaadiga nahk v\u00e4hendab tootmise keskkonnam\u00f5ju.<\/li>\n<\/ul>\n<h3>Pakendid<\/h3>\n<ul>\n<li>Jalan\u00f5ukastid tehtud 100% taaskasutatud materjalist, FSC-sertifikaadiga.<\/li>\n<li>Pakendid on kliimaneutraalsed ning vastavad j\u00e4tkusuutlikkuse p\u00f5him\u00f5tetele.<\/li>\n<li>Disainitud taaskasutamiseks ja keskkonnas\u00f5bralikkust silmas pidades.<\/li>\n<\/ul>\n<\/section>\n<div data-wtai-block-id=\"wtai_product_description_image_1753694424568\" class=\"wtai-section wtai-image_1753694424568-section\">\n<figure class=\"wtai-image-p wtai-align-center\" style=\"text-align:center\"><img decoding=\"async\" src=\"https:\/\/demostore.ai\/wp-content\/uploads\/2025\/06\/Leather-handbag-4-scaled-1-600x600.png\" alt=\"Aldo Donelly k\u00e4ekoti detailne metallist lukk ja muster siniste geomeetriliste kujunditega.\" srcset=\"https:\/\/demostore.ai\/wp-content\/uploads\/2025\/06\/Leather-handbag-4-scaled-1.png 1000w, https:\/\/demostore.ai\/wp-content\/uploads\/2025\/06\/Leather-handbag-4-scaled-1-300x300.png 300w, https:\/\/demostore.ai\/wp-content\/uploads\/2025\/06\/Leather-handbag-4-scaled-1-150x150.png 150w, https:\/\/demostore.ai\/wp-content\/uploads\/2025\/06\/Leather-handbag-4-scaled-1-768x768.png 768w, https:\/\/demostore.ai\/wp-content\/uploads\/2025\/06\/Leather-handbag-4-scaled-1-600x600.png 600w, https:\/\/demostore.ai\/wp-content\/uploads\/2025\/06\/Leather-handbag-4-scaled-1-250x250.png 250w\"><figcaption>\n<p>Kuldne metallpannal ja efektne ketiaktsent t\u00f5stavad iga pilgu hetkega esile.<\/p>\n<\/figcaption><\/figure>\n<\/p><\/div>\n<section data-wtai-block-id=\"wtai_product_description_faqs\" class=\"wtai-section wtai-faqs-section\">\n<h2>Korduma Kippuvad K\u00fcsimused<\/h2>\n<p><strong>Kas \u00f5larihm on piisavalt pikk ka risti \u00fcle keha kandmiseks?<\/strong> <br \/> Jah, reguleeritav \u00f5larihm v\u00f5imaldab mugavat kandmist nii \u00f5lal kui risti \u00fcle keha, olgu seljas mis tahes r\u00f5ivad.<\/p>\n<p><strong>Kuidas seda kotti puhastada?<\/strong> <br \/> Kotti on lihtne puhastada \u2013 lihtsalt p\u00fchi pind niiske pehme lapiga. V\u00e4ltida tugevaid keemilisi puhastusvahendeid.<\/p>\n<p><strong>Kas kotis on eraldi taskud v\u00e4iksematele esemetele?<\/strong> <br \/> Jah, pealispinna all on v\u00e4iksemad seesmised taskud, mis aitavad hoiustada v\u00f5tmeid, telefone ja muid pisiesemeid.<\/p>\n<p><strong>Kui h\u00e4sti kott sobib igap\u00e4evaseks kasutamiseks?<\/strong> <br \/> T\u00e4nu kvaliteetsele materjalile, vastupidavusele ja praktilistele lahendustele p\u00fcsib see kott ka igap\u00e4evase kasutuse juures kenana ja funktsionaalsena.<\/p>\n<\/section>\n<section data-wtai-block-id=\"wtai_product_description_conclusion\" class=\"wtai-section wtai-conclusion-section\">\n<h2>Telli Oma Lemmik Stiil<\/h2>\n<p><strong>Aldo Donelly kott \u00fchendab kaasaegse mugavuse ja klassikalise v\u00e4limuse, mis sobib iga riietusega. Mugav disain ja mitmek\u00fclgsed kandmisv\u00f5imalused muudavad selle ideaalseks aksessuaariks kiiretesse p\u00e4evadesse.<\/strong> <strong>Kui soovid, et su lemmikesemed oleks alati stiilselt ja turvaliselt hoiustatud, tee oma valik t\u00e4na \u2013 see kott tasub avastamist.<\/strong><\/p>\n<\/section>\n","protected":false},"excerpt":{"rendered":"<div data-wtai-block-id=\"wtai_excerpt_subtitle\" class=\"wtai-section wtai-subtitle-section\">\n<p><em><strong>Stiil, mis viib su igasse p\u00e4eva uue enesekindlusega<\/strong><\/em><\/p>\n<\/p><\/div>\n<div data-wtai-block-id=\"wtai_excerpt_introduction\" class=\"wtai-section wtai-introduction-section\">\n<p>Kas oled valmis v\u00e4rskenduseks? Aldo Donelly on loodud neile, kes hindavad moodi, kuid ei soovi mugavuses j\u00e4releandmisi teha. See on t\u00e4pselt see aus kaaslane, mis sobitub \u00fchtviisi h\u00e4sti kontorisse, kohvikusse kui kohtingule ja toob igasse p\u00e4eva uue enesetunde. Detailidele r\u00f5hudes, kuid alati kandja isikup\u00e4ra esile t\u00f5stes, aitab Aldo Donelly sul tuua oma igap\u00e4eva ellu enesekindlust ja mitmek\u00fclgset stiili \u2013 lihtne valik, kui tahad tunda end h\u00e4sti ning n\u00e4ha hea v\u00e4lja.<\/p>\n<\/p><\/div>\n","protected":false},"featured_media":40469,"comment_status":"open","ping_status":"closed","template":"","meta":[],"product_brand":[],"product_cat":[114],"product_tag":[],"class_list":{"0":"post-35141","1":"product","2":"type-product","3":"status-publish","4":"has-post-thumbnail","6":"product_cat-mood","8":"first","9":"instock","10":"shipping-taxable","11":"purchasable","12":"product-type-simple"},"bundled_by":[],"bundle_stock_status":"instock","bundle_stock_quantity":null,"bundle_virtual":false,"bundle_layout":"","bundle_add_to_cart_form_location":"","bundle_editable_in_cart":false,"bundle_sold_individually_context":"","bundle_item_grouping":"","bundle_min_size":"","bundle_max_size":"","bundle_price":[],"bundled_items":[],"bundle_sell_ids":[],"yoast_head":"<!-- This site is optimized with the Yoast SEO plugin v25.2 - https:\/\/yoast.com\/wordpress\/plugins\/seo\/ -->\n<title>Shoppingu Top Valik Aldo Donelly Kott Igaks P\u00e4evaks<\/title>\n<meta name=\"description\" content=\"Pilkup\u00fc\u00fcdev v\u00e4limus kohtub praktilisusega \u2013 Aldo Donelly kott pakub rohkelt ruumi, kaasaegset disaini ja mugavat kandmisviisi p\u00e4evaks ja \u00f5htuks.\" \/>\n<meta name=\"robots\" content=\"index, follow, max-snippet:-1, max-image-preview:large, max-video-preview:-1\" \/>\n<link rel=\"canonical\" href=\"https:\/\/demostore.ai\/et\/toode\/aldo-donelly\/\" \/>\n<meta property=\"og:type\" content=\"article\" \/>\n<meta property=\"og:title\" content=\"Shoppingu Top Valik Aldo Donelly Kott Igaks P\u00e4evaks\" \/>\n<meta property=\"og:description\" content=\"Stiili ja mugavuse kohtumispaik \u2013 Aldo Donelly kott on mahukas, kerge ja mitmek\u00fclgne kandmiseks erinevatel puhkudel. Kvaliteetne materjal ning kaasaegne disain aitavad luua igap\u00e4evast isikup\u00e4rast v\u00e4limust.\" \/>\n<meta property=\"og:url\" content=\"https:\/\/demostore.ai\/et\/toode\/aldo-donelly\/\" \/>\n<meta property=\"og:site_name\" content=\"Trendy Thread\" \/>\n<meta property=\"article:modified_time\" content=\"2026-02-20T04:33:12+00:00\" \/>\n<meta property=\"og:image\" content=\"https:\/\/demostore.ai\/wp-content\/uploads\/2025\/06\/leather-handbag-1-scaled-2.webp\" \/>\n\t<meta property=\"og:image:width\" content=\"877\" \/>\n\t<meta property=\"og:image:height\" content=\"1000\" \/>\n\t<meta property=\"og:image:type\" content=\"image\/webp\" \/>\n<meta name=\"twitter:card\" content=\"summary_large_image\" \/>\n<meta name=\"twitter:title\" content=\"Shoppingu Top Valik Aldo Donelly Kott Igaks P\u00e4evaks\" \/>\n<meta name=\"twitter:description\" content=\"Stiili ja mugavuse kohtumispaik \u2013 Aldo Donelly kott on mahukas, kerge ja mitmek\u00fclgne kandmiseks erinevatel puhkudel. Kvaliteetne materjal ning kaasaegne disain aitavad luua igap\u00e4evast isikup\u00e4rast v\u00e4limust.\" \/>\n<meta name=\"twitter:label1\" content=\"Est. reading time\" \/>\n\t<meta name=\"twitter:data1\" content=\"1 minut\" \/>\n<script type=\"application\/ld+json\" class=\"yoast-schema-graph\">{\"@context\":\"https:\/\/schema.org\",\"@graph\":[{\"@type\":\"WebPage\",\"@id\":\"https:\/\/demostore.ai\/et\/toode\/aldo-donelly\/\",\"url\":\"https:\/\/demostore.ai\/et\/toode\/aldo-donelly\/\",\"name\":\"Shoppingu Top Valik Aldo Donelly Kott Igaks P\u00e4evaks\",\"isPartOf\":{\"@id\":\"https:\/\/demostore.ai\/et\/#website\"},\"primaryImageOfPage\":{\"@id\":\"https:\/\/demostore.ai\/et\/toode\/aldo-donelly\/#primaryimage\"},\"image\":{\"@id\":\"https:\/\/demostore.ai\/et\/toode\/aldo-donelly\/#primaryimage\"},\"thumbnailUrl\":\"https:\/\/demostore.ai\/wp-content\/uploads\/2025\/06\/leather-handbag-1-scaled-2.webp\",\"datePublished\":\"2025-06-15T23:45:29+00:00\",\"dateModified\":\"2026-02-20T04:33:12+00:00\",\"description\":\"Pilkup\u00fc\u00fcdev v\u00e4limus kohtub praktilisusega \u2013 Aldo Donelly kott pakub rohkelt ruumi, kaasaegset disaini ja mugavat kandmisviisi p\u00e4evaks ja \u00f5htuks.\",\"breadcrumb\":{\"@id\":\"https:\/\/demostore.ai\/et\/toode\/aldo-donelly\/#breadcrumb\"},\"inLanguage\":\"et\",\"potentialAction\":[{\"@type\":\"ReadAction\",\"target\":[\"https:\/\/demostore.ai\/et\/toode\/aldo-donelly\/\"]}]},{\"@type\":\"ImageObject\",\"inLanguage\":\"et\",\"@id\":\"https:\/\/demostore.ai\/et\/toode\/aldo-donelly\/#primaryimage\",\"url\":\"https:\/\/demostore.ai\/wp-content\/uploads\/2025\/06\/leather-handbag-1-scaled-2.webp\",\"contentUrl\":\"https:\/\/demostore.ai\/wp-content\/uploads\/2025\/06\/leather-handbag-1-scaled-2.webp\",\"width\":877,\"height\":1000,\"caption\":\"Aldo Donelly mustriga naiste k\u00e4ekott sinise ja punase detailiga, trendikas aksessuaar igap\u00e4evaseks kasutamiseks.\"},{\"@type\":\"BreadcrumbList\",\"@id\":\"https:\/\/demostore.ai\/et\/toode\/aldo-donelly\/#breadcrumb\",\"itemListElement\":[{\"@type\":\"ListItem\",\"position\":1,\"name\":\"Avaleht\",\"item\":\"https:\/\/demostore.ai\/et\/\"},{\"@type\":\"ListItem\",\"position\":2,\"name\":\"Pood\",\"item\":\"https:\/\/demostore.ai\/et\/pood\/\"},{\"@type\":\"ListItem\",\"position\":3,\"name\":\"Aldo Donelly\"}]},{\"@type\":\"WebSite\",\"@id\":\"https:\/\/demostore.ai\/et\/#website\",\"url\":\"https:\/\/demostore.ai\/et\/\",\"name\":\"Trendy Thread\",\"description\":\"WriteText.ai demo-pood\",\"publisher\":{\"@id\":\"https:\/\/demostore.ai\/et\/#organization\"},\"potentialAction\":[{\"@type\":\"SearchAction\",\"target\":{\"@type\":\"EntryPoint\",\"urlTemplate\":\"https:\/\/demostore.ai\/et\/?s={search_term_string}\"},\"query-input\":{\"@type\":\"PropertyValueSpecification\",\"valueRequired\":true,\"valueName\":\"search_term_string\"}}],\"inLanguage\":\"et\"},{\"@type\":\"Organization\",\"@id\":\"https:\/\/demostore.ai\/et\/#organization\",\"name\":\"WriteText.ai\",\"url\":\"https:\/\/demostore.ai\/et\/\",\"logo\":{\"@type\":\"ImageObject\",\"inLanguage\":\"et\",\"@id\":\"https:\/\/demostore.ai\/et\/#\/schema\/logo\/image\/\",\"url\":\"https:\/\/demostore.ai\/wp-content\/uploads\/2025\/10\/writetext_logo.webp\",\"contentUrl\":\"https:\/\/demostore.ai\/wp-content\/uploads\/2025\/10\/writetext_logo.webp\",\"width\":200,\"height\":34,\"caption\":\"WriteText.ai\"},\"image\":{\"@id\":\"https:\/\/demostore.ai\/et\/#\/schema\/logo\/image\/\"}}]}<\/script>\n<!-- \/ Yoast SEO plugin. -->","yoast_head_json":{"title":"Shoppingu Top Valik Aldo Donelly Kott Igaks P\u00e4evaks","description":"Pilkup\u00fc\u00fcdev v\u00e4limus kohtub praktilisusega \u2013 Aldo Donelly kott pakub rohkelt ruumi, kaasaegset disaini ja mugavat kandmisviisi p\u00e4evaks ja \u00f5htuks.","robots":{"index":"index","follow":"follow","max-snippet":"max-snippet:-1","max-image-preview":"max-image-preview:large","max-video-preview":"max-video-preview:-1"},"canonical":"https:\/\/demostore.ai\/et\/toode\/aldo-donelly\/","og_type":"article","og_title":"Shoppingu Top Valik Aldo Donelly Kott Igaks P\u00e4evaks","og_description":"Stiili ja mugavuse kohtumispaik \u2013 Aldo Donelly kott on mahukas, kerge ja mitmek\u00fclgne kandmiseks erinevatel puhkudel. Kvaliteetne materjal ning kaasaegne disain aitavad luua igap\u00e4evast isikup\u00e4rast v\u00e4limust.","og_url":"https:\/\/demostore.ai\/et\/toode\/aldo-donelly\/","og_site_name":"Trendy Thread","article_modified_time":"2026-02-20T04:33:12+00:00","og_image":[{"width":877,"height":1000,"url":"https:\/\/demostore.ai\/wp-content\/uploads\/2025\/06\/leather-handbag-1-scaled-2.webp","type":"image\/webp"}],"twitter_card":"summary_large_image","twitter_title":"Shoppingu Top Valik Aldo Donelly Kott Igaks P\u00e4evaks","twitter_description":"Stiili ja mugavuse kohtumispaik \u2013 Aldo Donelly kott on mahukas, kerge ja mitmek\u00fclgne kandmiseks erinevatel puhkudel. Kvaliteetne materjal ning kaasaegne disain aitavad luua igap\u00e4evast isikup\u00e4rast v\u00e4limust.","twitter_misc":{"Est. reading time":"1 minut"},"schema":{"@context":"https:\/\/schema.org","@graph":[{"@type":"WebPage","@id":"https:\/\/demostore.ai\/et\/toode\/aldo-donelly\/","url":"https:\/\/demostore.ai\/et\/toode\/aldo-donelly\/","name":"Shoppingu Top Valik Aldo Donelly Kott Igaks P\u00e4evaks","isPartOf":{"@id":"https:\/\/demostore.ai\/et\/#website"},"primaryImageOfPage":{"@id":"https:\/\/demostore.ai\/et\/toode\/aldo-donelly\/#primaryimage"},"image":{"@id":"https:\/\/demostore.ai\/et\/toode\/aldo-donelly\/#primaryimage"},"thumbnailUrl":"https:\/\/demostore.ai\/wp-content\/uploads\/2025\/06\/leather-handbag-1-scaled-2.webp","datePublished":"2025-06-15T23:45:29+00:00","dateModified":"2026-02-20T04:33:12+00:00","description":"Pilkup\u00fc\u00fcdev v\u00e4limus kohtub praktilisusega \u2013 Aldo Donelly kott pakub rohkelt ruumi, kaasaegset disaini ja mugavat kandmisviisi p\u00e4evaks ja \u00f5htuks.","breadcrumb":{"@id":"https:\/\/demostore.ai\/et\/toode\/aldo-donelly\/#breadcrumb"},"inLanguage":"et","potentialAction":[{"@type":"ReadAction","target":["https:\/\/demostore.ai\/et\/toode\/aldo-donelly\/"]}]},{"@type":"ImageObject","inLanguage":"et","@id":"https:\/\/demostore.ai\/et\/toode\/aldo-donelly\/#primaryimage","url":"https:\/\/demostore.ai\/wp-content\/uploads\/2025\/06\/leather-handbag-1-scaled-2.webp","contentUrl":"https:\/\/demostore.ai\/wp-content\/uploads\/2025\/06\/leather-handbag-1-scaled-2.webp","width":877,"height":1000,"caption":"Aldo Donelly mustriga naiste k\u00e4ekott sinise ja punase detailiga, trendikas aksessuaar igap\u00e4evaseks kasutamiseks."},{"@type":"BreadcrumbList","@id":"https:\/\/demostore.ai\/et\/toode\/aldo-donelly\/#breadcrumb","itemListElement":[{"@type":"ListItem","position":1,"name":"Avaleht","item":"https:\/\/demostore.ai\/et\/"},{"@type":"ListItem","position":2,"name":"Pood","item":"https:\/\/demostore.ai\/et\/pood\/"},{"@type":"ListItem","position":3,"name":"Aldo Donelly"}]},{"@type":"WebSite","@id":"https:\/\/demostore.ai\/et\/#website","url":"https:\/\/demostore.ai\/et\/","name":"Trendy Thread","description":"WriteText.ai demo-pood","publisher":{"@id":"https:\/\/demostore.ai\/et\/#organization"},"potentialAction":[{"@type":"SearchAction","target":{"@type":"EntryPoint","urlTemplate":"https:\/\/demostore.ai\/et\/?s={search_term_string}"},"query-input":{"@type":"PropertyValueSpecification","valueRequired":true,"valueName":"search_term_string"}}],"inLanguage":"et"},{"@type":"Organization","@id":"https:\/\/demostore.ai\/et\/#organization","name":"WriteText.ai","url":"https:\/\/demostore.ai\/et\/","logo":{"@type":"ImageObject","inLanguage":"et","@id":"https:\/\/demostore.ai\/et\/#\/schema\/logo\/image\/","url":"https:\/\/demostore.ai\/wp-content\/uploads\/2025\/10\/writetext_logo.webp","contentUrl":"https:\/\/demostore.ai\/wp-content\/uploads\/2025\/10\/writetext_logo.webp","width":200,"height":34,"caption":"WriteText.ai"},"image":{"@id":"https:\/\/demostore.ai\/et\/#\/schema\/logo\/image\/"}}]}},"_links":{"self":[{"href":"https:\/\/demostore.ai\/et\/wp-json\/wp\/v2\/product\/35141","targetHints":{"allow":["GET"]}}],"collection":[{"href":"https:\/\/demostore.ai\/et\/wp-json\/wp\/v2\/product"}],"about":[{"href":"https:\/\/demostore.ai\/et\/wp-json\/wp\/v2\/types\/product"}],"replies":[{"embeddable":true,"href":"https:\/\/demostore.ai\/et\/wp-json\/wp\/v2\/comments?post=35141"}],"wp:featuredmedia":[{"embeddable":true,"href":"https:\/\/demostore.ai\/et\/wp-json\/wp\/v2\/media\/40469"}],"wp:attachment":[{"href":"https:\/\/demostore.ai\/et\/wp-json\/wp\/v2\/media?parent=35141"}],"wp:term":[{"taxonomy":"product_brand","embeddable":true,"href":"https:\/\/demostore.ai\/et\/wp-json\/wp\/v2\/product_brand?post=35141"},{"taxonomy":"product_cat","embeddable":true,"href":"https:\/\/demostore.ai\/et\/wp-json\/wp\/v2\/product_cat?post=35141"},{"taxonomy":"product_tag","embeddable":true,"href":"https:\/\/demostore.ai\/et\/wp-json\/wp\/v2\/product_tag?post=35141"}],"curies":[{"name":"wp","href":"https:\/\/api.w.org\/{rel}","templated":true}]}}