{"id":37576,"date":"2025-06-16T08:26:31","date_gmt":"2025-06-16T00:26:31","guid":{"rendered":"https:\/\/demostore.ai\/?post_type=product&#038;p=37576"},"modified":"2026-02-19T14:27:11","modified_gmt":"2026-02-19T06:27:11","slug":"guess-who","status":"publish","type":"product","link":"https:\/\/demostore.ai\/es\/producto\/guess-who\/","title":{"rendered":"Guess Who?"},"content":{"rendered":"<section data-wtai-block-id=\"wtai_product_description_features\" class=\"wtai-section wtai-features-section\">\n<h2>Lo Mejor de Guess Who?<\/h2>\n<ul>\n<li><strong>Juego de deducci\u00f3n cl\u00e1sico<\/strong>: Pon a prueba tu l\u00f3gica con preguntas r\u00e1pidas de s\u00ed o no para descubrir el personaje secreto del rival.<\/li>\n<li><strong>Tableros resistentes y plegables<\/strong>: Incluye dos tableros de pl\u00e1stico azul f\u00e1ciles de montar y muy duraderos, adaptados para partidas r\u00e1pidas en cualquier lugar.<\/li>\n<li><strong>Personajes visuales y variados<\/strong>: 24 personajes \u00fanicos en cada tablero, con ilustraciones f\u00e1ciles de identificar y mucho colorido para todas las edades.<\/li>\n<li><strong>Din\u00e1mica apta para todas las generaciones<\/strong>: Reglas sencillas y partidas cortas, ideales para jugar en familia o entre amigos, desde los m\u00e1s peque\u00f1os hasta los adultos.<\/li>\n<li><strong>Formato port\u00e1til y f\u00e1cil de guardar<\/strong>: Tama\u00f1o compacto y dise\u00f1o pensado para llevar a reuniones, viajes o tardes de diversi\u00f3n en casa.<\/li>\n<\/ul>\n<\/section>\n<div data-wtai-block-id=\"wtai_product_description_image_1\" class=\"wtai-section wtai-image_1-section\">\n<figure class=\"wtai-image-p wtai-align-center\" style=\"text-align:center\"><img decoding=\"async\" src=\"https:\/\/demostore.ai\/wp-content\/uploads\/2025\/06\/Guess-who-2-600x600.png\" alt=\"Caja del juego &quot;\u00bfQui\u00e9n es qui\u00e9n?&quot; de Hasbro con instrucciones y reglas en la parte trasera.\" srcset=\"https:\/\/demostore.ai\/wp-content\/uploads\/2025\/06\/Guess-who-2.png 1000w, https:\/\/demostore.ai\/wp-content\/uploads\/2025\/06\/Guess-who-2-300x300.png 300w, https:\/\/demostore.ai\/wp-content\/uploads\/2025\/06\/Guess-who-2-150x150.png 150w, https:\/\/demostore.ai\/wp-content\/uploads\/2025\/06\/Guess-who-2-768x768.png 768w, https:\/\/demostore.ai\/wp-content\/uploads\/2025\/06\/Guess-who-2-600x600.png 600w, https:\/\/demostore.ai\/wp-content\/uploads\/2025\/06\/Guess-who-2-250x250.png 250w\"><figcaption>\n<p>La caja muestra instrucciones claras en ingl\u00e9s, acompa\u00f1adas de ilustraciones coloridas que resumen el juego.<\/p>\n<\/figcaption><\/figure>\n<\/p><\/div>\n<section data-wtai-block-id=\"wtai_product_description_technical_specifications\" class=\"wtai-section wtai-technical_specifications-section\">\n<h3>Detalles<\/h3>\n<ul>\n<li><strong>Edad recomendada: 6+ a\u00f1os<\/strong><\/li>\n<li><strong>N\u00famero de jugadores: 2<\/strong><\/li>\n<li><strong>Materiales: Pl\u00e1stico resistente y cart\u00f3n ilustrado<\/strong><\/li>\n<li><strong>Duraci\u00f3n media de la partida: 15-30 minutos<\/strong><\/li>\n<li><strong>Dimensiones del tablero: 9.45&quot; x 9.84&quot; (24 x 25 cm)<\/strong><\/li>\n<li><strong>Incluye: 2 tableros, 48 tarjetas de personajes, instrucciones<\/strong><\/li>\n<li><strong>Color principal: Azul<\/strong><\/li>\n<li><strong>Tipo de juego: Deducci\u00f3n y preguntas r\u00e1pidas<\/strong><\/li>\n<\/ul>\n<\/section>\n<section data-wtai-block-id=\"wtai_product_description_custom_1\" class=\"wtai-section wtai-custom_1-section\">\n<h2>\u00bfQui\u00e9n disfrutar\u00e1 m\u00e1s Guess Who? y en qu\u00e9 momentos brilla<\/h2>\n<ul>\n<li><strong>Reuniones familiares y de amigos<\/strong>: El juego perfecto para romper el hielo y compartir risas.<\/li>\n<li><strong>Ni\u00f1os en etapas de aprendizaje<\/strong>: Favorece vocabulario, l\u00f3gica y habilidades de deducci\u00f3n sencillas.<\/li>\n<li><strong>Clases de idiomas y refuerzo escolar<\/strong>: Excelente apoyo para trabajar preguntas y expresi\u00f3n oral.<\/li>\n<\/ul>\n<\/section>\n<section data-wtai-block-id=\"wtai_product_description_custom_2\" class=\"wtai-section wtai-custom_2-section\">\n<h2>Sobre los creadores de Guess Who?<\/h2>\n<p>Theo y Ora Coster, inventores israel\u00edes y fundadores de Theora Design, dieron vida al emblem\u00e1tico juego Guess Who? en 1979.<\/p>\n<p>Adem\u00e1s de Guess Who?, desarrollaron m\u00e1s de doscientos juegos y juguetes que han llegado a hogares de todo el mundo.<\/p>\n<p>Su enfoque combina diversi\u00f3n, ingenio y sencillez, logrando un estilo de juego que conecta con todas las edades.<\/p>\n<p>Fans de todas las generaciones disfrutan de sus creaciones por su toque \u00fanico y su capacidad de reunir a familias y amigos en torno al tablero.<\/p>\n<\/section>\n<section data-wtai-block-id=\"wtai_product_description_faqs\" class=\"wtai-section wtai-faqs-section\">\n<h2>Preguntas frecuentes<\/h2>\n<p><strong>\u00bfDesde qu\u00e9 edad es apropiado Guess Who?<\/strong><\/p>\n<p>A partir de 6 a\u00f1os los ni\u00f1os pueden disfrutar plenamente del juego, aunque adultos de todas las edades tambi\u00e9n suelen pasarlo en grande.<\/p>\n<p><strong>\u00bfQu\u00e9 incluye la caja de Guess Who?<\/strong><\/p>\n<p>Incluye dos tableros plegables, tarjetas con personajes, instrucciones y todo lo necesario para empezar a jugar en pocos minutos.<\/p>\n<p><strong>\u00bfPuedo llevar el juego f\u00e1cilmente de un sitio a otro?<\/strong><\/p>\n<p>S\u00ed, su formato compacto y tableros plegables hacen que sea muy f\u00e1cil de transportar y guardar despu\u00e9s de cada partida.<\/p>\n<p><strong>\u00bfRequiere pilas o alg\u00fan componente electr\u00f3nico?<\/strong><\/p>\n<p>No, Guess Who? funciona de forma completamente manual, sin necesidad de pilas ni componentes electr\u00f3nicos.<\/p>\n<\/section>\n<section data-wtai-block-id=\"wtai_product_description_conclusion\" class=\"wtai-section wtai-conclusion-section\">\n<h3>Descubre la Diversi\u00f3n Que Te Espera<\/h3>\n<p><strong>Guess Who? es ese juego que nunca pasa de moda gracias a sus reglas simples, partidas r\u00e1pidas y su toque de misterio.<\/strong> <strong>Perfecto para animar reuniones o compartir momentos \u00fanicos en familia.<\/strong> <strong>Hazte con \u00e9l hoy y prep\u00e1rate para descubrir todos los rostros y secretos en tu pr\u00f3xima partida.<\/strong><\/p>\n<\/section>\n","protected":false},"excerpt":{"rendered":"<div data-wtai-block-id=\"wtai_excerpt_subtitle\" class=\"wtai-section wtai-subtitle-section\">\n<p><em><strong>Descubre qui\u00e9n se esconde tras la solapa y pon a prueba tu ingenio en cada partida.<\/strong><\/em><\/p>\n<\/p><\/div>\n<div data-wtai-block-id=\"wtai_excerpt_introduction\" class=\"wtai-section wtai-introduction-section\">\n<p>\u00bfQui\u00e9n no ha sentido la emoci\u00f3n de intentar adivinar un personaje solo con pistas? Guess Who? convierte esa intriga en un juego de mesa que desaf\u00eda tu l\u00f3gica y tu capacidad de observaci\u00f3n. Esta versi\u00f3n moderna mantiene la esencia cl\u00e1sica con tableros azules resistentes, tarjetas de personajes coloridas y un sistema de juego \u00e1gil que engancha a cualquier generaci\u00f3n. Ideal para retar a familia o amigos, ofrece diversi\u00f3n inteligente y partidas r\u00e1pidas que no pasan de moda.<\/p>\n<\/p><\/div>\n","protected":false},"featured_media":18471,"comment_status":"open","ping_status":"closed","template":"","meta":[],"product_brand":[],"product_cat":[179],"product_tag":[],"class_list":{"0":"post-37576","1":"product","2":"type-product","3":"status-publish","4":"has-post-thumbnail","6":"product_cat-libros-y-multimedia","8":"first","9":"instock","10":"shipping-taxable","11":"purchasable","12":"product-type-simple"},"bundled_by":[],"bundle_stock_status":"instock","bundle_stock_quantity":null,"bundle_virtual":false,"bundle_layout":"","bundle_add_to_cart_form_location":"","bundle_editable_in_cart":false,"bundle_sold_individually_context":"","bundle_item_grouping":"","bundle_min_size":"","bundle_max_size":"","bundle_price":[],"bundled_items":[],"bundle_sell_ids":[],"yoast_head":"<!-- This site is optimized with the Yoast SEO plugin v25.2 - https:\/\/yoast.com\/wordpress\/plugins\/seo\/ -->\n<title>Buy ahora Guess Who? Diversi\u00f3n Para Todos Los Rostros<\/title>\n<meta name=\"description\" content=\"Esp\u00edritu competitivo y risas aseguradas en cada partida. Descubre Guess Who?, el juego de deducci\u00f3n y preguntas para todas las generaciones.\" \/>\n<meta name=\"robots\" content=\"index, follow, max-snippet:-1, max-image-preview:large, max-video-preview:-1\" \/>\n<link rel=\"canonical\" href=\"https:\/\/demostore.ai\/es\/producto\/guess-who\/\" \/>\n<meta property=\"og:type\" content=\"article\" \/>\n<meta property=\"og:title\" content=\"Buy ahora Guess Who? Diversi\u00f3n Para Todos Los Rostros\" \/>\n<meta property=\"og:description\" content=\"Momentos llenos de ingenio y diversi\u00f3n con Guess Who? Re\u00fane a cualquier generaci\u00f3n para partidas r\u00e1pidas, deduce personajes y demuestra qui\u00e9n es el m\u00e1s astuto.\" \/>\n<meta property=\"og:url\" content=\"https:\/\/demostore.ai\/es\/producto\/guess-who\/\" \/>\n<meta property=\"og:site_name\" content=\"Trendy Thread\" \/>\n<meta property=\"article:modified_time\" content=\"2026-02-19T06:27:11+00:00\" \/>\n<meta property=\"og:image\" content=\"https:\/\/demostore.ai\/wp-content\/uploads\/2025\/06\/Guess-who-1.png\" \/>\n\t<meta property=\"og:image:width\" content=\"1000\" \/>\n\t<meta property=\"og:image:height\" content=\"1000\" \/>\n\t<meta property=\"og:image:type\" content=\"image\/png\" \/>\n<meta name=\"twitter:card\" content=\"summary_large_image\" \/>\n<meta name=\"twitter:title\" content=\"Buy ahora Guess Who? Diversi\u00f3n Para Todos Los Rostros\" \/>\n<meta name=\"twitter:description\" content=\"Momentos llenos de ingenio y diversi\u00f3n con Guess Who? Re\u00fane a cualquier generaci\u00f3n para partidas r\u00e1pidas, deduce personajes y demuestra qui\u00e9n es el m\u00e1s astuto.\" \/>\n<meta name=\"twitter:label1\" content=\"Tiempo de lectura\" \/>\n\t<meta name=\"twitter:data1\" content=\"1 minuto\" \/>\n<script type=\"application\/ld+json\" class=\"yoast-schema-graph\">{\"@context\":\"https:\/\/schema.org\",\"@graph\":[{\"@type\":\"WebPage\",\"@id\":\"https:\/\/demostore.ai\/es\/producto\/guess-who\/\",\"url\":\"https:\/\/demostore.ai\/es\/producto\/guess-who\/\",\"name\":\"Buy ahora Guess Who? Diversi\u00f3n Para Todos Los Rostros\",\"isPartOf\":{\"@id\":\"https:\/\/demostore.ai\/es\/#website\"},\"primaryImageOfPage\":{\"@id\":\"https:\/\/demostore.ai\/es\/producto\/guess-who\/#primaryimage\"},\"image\":{\"@id\":\"https:\/\/demostore.ai\/es\/producto\/guess-who\/#primaryimage\"},\"thumbnailUrl\":\"https:\/\/demostore.ai\/wp-content\/uploads\/2025\/06\/Guess-who-1.png\",\"datePublished\":\"2025-06-16T00:26:31+00:00\",\"dateModified\":\"2026-02-19T06:27:11+00:00\",\"description\":\"Esp\u00edritu competitivo y risas aseguradas en cada partida. Descubre Guess Who?, el juego de deducci\u00f3n y preguntas para todas las generaciones.\",\"breadcrumb\":{\"@id\":\"https:\/\/demostore.ai\/es\/producto\/guess-who\/#breadcrumb\"},\"inLanguage\":\"es\",\"potentialAction\":[{\"@type\":\"ReadAction\",\"target\":[\"https:\/\/demostore.ai\/es\/producto\/guess-who\/\"]}]},{\"@type\":\"ImageObject\",\"inLanguage\":\"es\",\"@id\":\"https:\/\/demostore.ai\/es\/producto\/guess-who\/#primaryimage\",\"url\":\"https:\/\/demostore.ai\/wp-content\/uploads\/2025\/06\/Guess-who-1.png\",\"contentUrl\":\"https:\/\/demostore.ai\/wp-content\/uploads\/2025\/06\/Guess-who-1.png\",\"width\":1000,\"height\":1000,\"caption\":\"Caja del juego \u00bfQui\u00e9n es qui\u00e9n? de Hasbro, mostrando el tablero azul y cartas de personajes.\"},{\"@type\":\"BreadcrumbList\",\"@id\":\"https:\/\/demostore.ai\/es\/producto\/guess-who\/#breadcrumb\",\"itemListElement\":[{\"@type\":\"ListItem\",\"position\":1,\"name\":\"Inicio\",\"item\":\"https:\/\/demostore.ai\/es\/\"},{\"@type\":\"ListItem\",\"position\":2,\"name\":\"Tienda\",\"item\":\"https:\/\/demostore.ai\/es\/tienda\/\"},{\"@type\":\"ListItem\",\"position\":3,\"name\":\"Guess Who?\"}]},{\"@type\":\"WebSite\",\"@id\":\"https:\/\/demostore.ai\/es\/#website\",\"url\":\"https:\/\/demostore.ai\/es\/\",\"name\":\"Trendy Thread\",\"description\":\"Tienda demo WriteText.ai\",\"publisher\":{\"@id\":\"https:\/\/demostore.ai\/es\/#organization\"},\"potentialAction\":[{\"@type\":\"SearchAction\",\"target\":{\"@type\":\"EntryPoint\",\"urlTemplate\":\"https:\/\/demostore.ai\/es\/?s={search_term_string}\"},\"query-input\":{\"@type\":\"PropertyValueSpecification\",\"valueRequired\":true,\"valueName\":\"search_term_string\"}}],\"inLanguage\":\"es\"},{\"@type\":\"Organization\",\"@id\":\"https:\/\/demostore.ai\/es\/#organization\",\"name\":\"WriteText.ai\",\"url\":\"https:\/\/demostore.ai\/es\/\",\"logo\":{\"@type\":\"ImageObject\",\"inLanguage\":\"es\",\"@id\":\"https:\/\/demostore.ai\/es\/#\/schema\/logo\/image\/\",\"url\":\"https:\/\/demostore.ai\/wp-content\/uploads\/2025\/10\/writetext_logo.webp\",\"contentUrl\":\"https:\/\/demostore.ai\/wp-content\/uploads\/2025\/10\/writetext_logo.webp\",\"width\":200,\"height\":34,\"caption\":\"WriteText.ai\"},\"image\":{\"@id\":\"https:\/\/demostore.ai\/es\/#\/schema\/logo\/image\/\"}}]}<\/script>\n<!-- \/ Yoast SEO plugin. -->","yoast_head_json":{"title":"Buy ahora Guess Who? Diversi\u00f3n Para Todos Los Rostros","description":"Esp\u00edritu competitivo y risas aseguradas en cada partida. Descubre Guess Who?, el juego de deducci\u00f3n y preguntas para todas las generaciones.","robots":{"index":"index","follow":"follow","max-snippet":"max-snippet:-1","max-image-preview":"max-image-preview:large","max-video-preview":"max-video-preview:-1"},"canonical":"https:\/\/demostore.ai\/es\/producto\/guess-who\/","og_type":"article","og_title":"Buy ahora Guess Who? Diversi\u00f3n Para Todos Los Rostros","og_description":"Momentos llenos de ingenio y diversi\u00f3n con Guess Who? Re\u00fane a cualquier generaci\u00f3n para partidas r\u00e1pidas, deduce personajes y demuestra qui\u00e9n es el m\u00e1s astuto.","og_url":"https:\/\/demostore.ai\/es\/producto\/guess-who\/","og_site_name":"Trendy Thread","article_modified_time":"2026-02-19T06:27:11+00:00","og_image":[{"width":1000,"height":1000,"url":"https:\/\/demostore.ai\/wp-content\/uploads\/2025\/06\/Guess-who-1.png","type":"image\/png"}],"twitter_card":"summary_large_image","twitter_title":"Buy ahora Guess Who? Diversi\u00f3n Para Todos Los Rostros","twitter_description":"Momentos llenos de ingenio y diversi\u00f3n con Guess Who? Re\u00fane a cualquier generaci\u00f3n para partidas r\u00e1pidas, deduce personajes y demuestra qui\u00e9n es el m\u00e1s astuto.","twitter_misc":{"Tiempo de lectura":"1 minuto"},"schema":{"@context":"https:\/\/schema.org","@graph":[{"@type":"WebPage","@id":"https:\/\/demostore.ai\/es\/producto\/guess-who\/","url":"https:\/\/demostore.ai\/es\/producto\/guess-who\/","name":"Buy ahora Guess Who? Diversi\u00f3n Para Todos Los Rostros","isPartOf":{"@id":"https:\/\/demostore.ai\/es\/#website"},"primaryImageOfPage":{"@id":"https:\/\/demostore.ai\/es\/producto\/guess-who\/#primaryimage"},"image":{"@id":"https:\/\/demostore.ai\/es\/producto\/guess-who\/#primaryimage"},"thumbnailUrl":"https:\/\/demostore.ai\/wp-content\/uploads\/2025\/06\/Guess-who-1.png","datePublished":"2025-06-16T00:26:31+00:00","dateModified":"2026-02-19T06:27:11+00:00","description":"Esp\u00edritu competitivo y risas aseguradas en cada partida. Descubre Guess Who?, el juego de deducci\u00f3n y preguntas para todas las generaciones.","breadcrumb":{"@id":"https:\/\/demostore.ai\/es\/producto\/guess-who\/#breadcrumb"},"inLanguage":"es","potentialAction":[{"@type":"ReadAction","target":["https:\/\/demostore.ai\/es\/producto\/guess-who\/"]}]},{"@type":"ImageObject","inLanguage":"es","@id":"https:\/\/demostore.ai\/es\/producto\/guess-who\/#primaryimage","url":"https:\/\/demostore.ai\/wp-content\/uploads\/2025\/06\/Guess-who-1.png","contentUrl":"https:\/\/demostore.ai\/wp-content\/uploads\/2025\/06\/Guess-who-1.png","width":1000,"height":1000,"caption":"Caja del juego \u00bfQui\u00e9n es qui\u00e9n? de Hasbro, mostrando el tablero azul y cartas de personajes."},{"@type":"BreadcrumbList","@id":"https:\/\/demostore.ai\/es\/producto\/guess-who\/#breadcrumb","itemListElement":[{"@type":"ListItem","position":1,"name":"Inicio","item":"https:\/\/demostore.ai\/es\/"},{"@type":"ListItem","position":2,"name":"Tienda","item":"https:\/\/demostore.ai\/es\/tienda\/"},{"@type":"ListItem","position":3,"name":"Guess Who?"}]},{"@type":"WebSite","@id":"https:\/\/demostore.ai\/es\/#website","url":"https:\/\/demostore.ai\/es\/","name":"Trendy Thread","description":"Tienda demo WriteText.ai","publisher":{"@id":"https:\/\/demostore.ai\/es\/#organization"},"potentialAction":[{"@type":"SearchAction","target":{"@type":"EntryPoint","urlTemplate":"https:\/\/demostore.ai\/es\/?s={search_term_string}"},"query-input":{"@type":"PropertyValueSpecification","valueRequired":true,"valueName":"search_term_string"}}],"inLanguage":"es"},{"@type":"Organization","@id":"https:\/\/demostore.ai\/es\/#organization","name":"WriteText.ai","url":"https:\/\/demostore.ai\/es\/","logo":{"@type":"ImageObject","inLanguage":"es","@id":"https:\/\/demostore.ai\/es\/#\/schema\/logo\/image\/","url":"https:\/\/demostore.ai\/wp-content\/uploads\/2025\/10\/writetext_logo.webp","contentUrl":"https:\/\/demostore.ai\/wp-content\/uploads\/2025\/10\/writetext_logo.webp","width":200,"height":34,"caption":"WriteText.ai"},"image":{"@id":"https:\/\/demostore.ai\/es\/#\/schema\/logo\/image\/"}}]}},"_links":{"self":[{"href":"https:\/\/demostore.ai\/es\/wp-json\/wp\/v2\/product\/37576","targetHints":{"allow":["GET"]}}],"collection":[{"href":"https:\/\/demostore.ai\/es\/wp-json\/wp\/v2\/product"}],"about":[{"href":"https:\/\/demostore.ai\/es\/wp-json\/wp\/v2\/types\/product"}],"replies":[{"embeddable":true,"href":"https:\/\/demostore.ai\/es\/wp-json\/wp\/v2\/comments?post=37576"}],"wp:featuredmedia":[{"embeddable":true,"href":"https:\/\/demostore.ai\/es\/wp-json\/wp\/v2\/media\/18471"}],"wp:attachment":[{"href":"https:\/\/demostore.ai\/es\/wp-json\/wp\/v2\/media?parent=37576"}],"wp:term":[{"taxonomy":"product_brand","embeddable":true,"href":"https:\/\/demostore.ai\/es\/wp-json\/wp\/v2\/product_brand?post=37576"},{"taxonomy":"product_cat","embeddable":true,"href":"https:\/\/demostore.ai\/es\/wp-json\/wp\/v2\/product_cat?post=37576"},{"taxonomy":"product_tag","embeddable":true,"href":"https:\/\/demostore.ai\/es\/wp-json\/wp\/v2\/product_tag?post=37576"}],"curies":[{"name":"wp","href":"https:\/\/api.w.org\/{rel}","templated":true}]}}