{"id":36745,"date":"2025-06-16T09:50:47","date_gmt":"2025-06-16T01:50:47","guid":{"rendered":"https:\/\/demostore.ai\/?post_type=product&#038;p=36745"},"modified":"2026-02-18T16:19:43","modified_gmt":"2026-02-18T08:19:43","slug":"ergonomischer-mesh-burostuhl","status":"publish","type":"product","link":"https:\/\/demostore.ai\/de\/produkt\/ergonomischer-mesh-burostuhl\/","title":{"rendered":"Ergonomischer Mesh-B\u00fcrostuhl"},"content":{"rendered":"<section data-wtai-block-id=\"wtai_product_description_features\" class=\"wtai-section wtai-features-section\">\n<h2>Moderne Funktionen f\u00fcr Ihren Arbeitsalltag<\/h2>\n<ul>\n<li><strong>Ergonomisches Design:<\/strong> Unterst\u00fctzt die nat\u00fcrliche Haltung und entlastet R\u00fccken sowie Wirbels\u00e4ule.<\/li>\n<li><strong>Atmungsaktive Mesh-R\u00fcckenlehne:<\/strong> Sorgt f\u00fcr optimale Luftzirkulation und verhindert \u00dcberhitzung beim langen Sitzen.<\/li>\n<li><strong>Bequeme Polsterung:<\/strong> Sitzfl\u00e4che mit komfortabler Schaumstoffpolsterung f\u00fcr angenehme Nutzungsdauer.<\/li>\n<li><strong>Stabile Armlehnen:<\/strong> Bieten Entspannung f\u00fcr Arme und Schultern w\u00e4hrend l\u00e4ngerer Arbeitsphasen.<\/li>\n<li><strong>Verstellbare Sitzh\u00f6he:<\/strong> Gasdruckfeder erm\u00f6glicht individuelle H\u00f6henanpassung f\u00fcr verschiedene Arbeitsplatzsituationen.<\/li>\n<li><strong>Leichtg\u00e4ngige Rollen und stabile Basis:<\/strong> F\u00fcnf robuste Doppellaufrollen und sternf\u00f6rmiges Fu\u00dfkreuz f\u00fcr Mobilit\u00e4t und Standfestigkeit.<\/li>\n<\/ul>\n<\/section>\n<div data-wtai-block-id=\"wtai_product_description_image_1754207315479\" class=\"wtai-section wtai-image_1754207315479-section\">\n<figure class=\"wtai-image-p wtai-align-center\" style=\"text-align:center\"><img decoding=\"async\" src=\"https:\/\/demostore.ai\/wp-content\/uploads\/2025\/06\/Chair-2-600x909.png\" alt=\"Ergonomischer Mesh-B\u00fcrostuhl mit Armlehnen und Rollen, schwarz, ideal f\u00fcr komfortables Arbeiten im B\u00fcro.\" srcset=\"https:\/\/demostore.ai\/wp-content\/uploads\/2025\/06\/Chair-2.png 660w, https:\/\/demostore.ai\/wp-content\/uploads\/2025\/06\/Chair-2-198x300.png 198w, https:\/\/demostore.ai\/wp-content\/uploads\/2025\/06\/Chair-2-600x909.png 600w\"><figcaption>\n<p>Das luftdurchl\u00e4ssige Mesh-R\u00fcckenlehne sorgt gemeinsam mit den abgerundeten Armlehnen f\u00fcr komfortables und ergonomisches Sitzen.<\/p>\n<\/figcaption><\/figure>\n<\/p><\/div>\n<section data-wtai-block-id=\"wtai_product_description_technical_specifications\" class=\"wtai-section wtai-technical_specifications-section\">\n<h2>Details<\/h2>\n<ul>\n<li><strong>Ma\u00dfe (B x T x H):<\/strong> 62,00 cm x 58,00 cm x 95,00\u2013105,00 cm<\/li>\n<li><strong>Material:<\/strong> Mesh (R\u00fcckenlehne), Schaumstoff (Sitz), Kunststoff (Gestell, Armlehnen), Metall (Fu\u00dfkreuz)<\/li>\n<li><strong>Tragkraft:<\/strong> Bis zu 120,00 kg<\/li>\n<li><strong>Funktionen:<\/strong> H\u00f6henverstellung, R\u00fcckenlehne mit Wippmechanik, 360\u00b0 drehbar<\/li>\n<\/ul>\n<\/section>\n<div data-wtai-block-id=\"wtai_product_description_image_1754207334585\" class=\"wtai-section wtai-image_1754207334585-section\">\n<figure class=\"wtai-image-p wtai-align-center\" style=\"text-align:center\"><img decoding=\"async\" src=\"https:\/\/demostore.ai\/wp-content\/uploads\/2025\/06\/Chair-4-600x600.png\" alt=\"Ergonomischer B\u00fcrostuhl mit atmungsaktiver Mesh-R\u00fcckenlehne und gepolsterter Sitzfl\u00e4che, seitliche Ansicht.\" srcset=\"https:\/\/demostore.ai\/wp-content\/uploads\/2025\/06\/Chair-4.png 1000w, https:\/\/demostore.ai\/wp-content\/uploads\/2025\/06\/Chair-4-300x300.png 300w, https:\/\/demostore.ai\/wp-content\/uploads\/2025\/06\/Chair-4-150x150.png 150w, https:\/\/demostore.ai\/wp-content\/uploads\/2025\/06\/Chair-4-768x768.png 768w, https:\/\/demostore.ai\/wp-content\/uploads\/2025\/06\/Chair-4-600x600.png 600w, https:\/\/demostore.ai\/wp-content\/uploads\/2025\/06\/Chair-4-250x250.png 250w\"><figcaption>\n<p>Die seitliche Perspektive hebt die flexible R\u00fcckenlehne sowie die hochwertige Polsterung besonders hervor.<\/p>\n<\/figcaption><\/figure>\n<\/p><\/div>\n<section data-wtai-block-id=\"wtai_product_description_use_cases\" class=\"wtai-section wtai-use_cases-section\">\n<h2>Vielf\u00e4ltige Einsatzm\u00f6glichkeiten im Alltag<\/h2>\n<ul>\n<li><strong>B\u00fcroarbeitsplatz:<\/strong> Verbessern Sie die Ergonomie am Schreibtisch und f\u00f6rdern Sie gesundes Arbeiten.<\/li>\n<li><strong>Home-Office-L\u00f6sung:<\/strong> Komfortabler Begleiter f\u00fcr lange Arbeitstage im eigenen Zuhause.<\/li>\n<li><strong>Konferenzraum:<\/strong> Sorgt f\u00fcr angenehmen Sitzkomfort w\u00e4hrend l\u00e4ngerer Meetings und Besprechungen.<\/li>\n<li><strong>Flexible Arbeitsbereiche:<\/strong> Praktisch f\u00fcr Co-Working-Spaces oder wechselnde Arbeitspl\u00e4tze, dank mobiler Rollen.<\/li>\n<\/ul>\n<\/section>\n<section data-wtai-block-id=\"wtai_product_description_custom_1754207271771\" class=\"wtai-section wtai-custom_1754207271771-section\">\n<h2>Pflege und Werterhalt Ihres ergonomischen Mesh-B\u00fcrostuhls<\/h2>\n<ul>\n<li>Stauben Sie das Mesh regelm\u00e4\u00dfig sanft mit einem weichen Tuch ab, um die Luftdurchl\u00e4ssigkeit zu erhalten.<\/li>\n<li>Vermeiden Sie direkte Sonneneinstrahlung, damit das Material nicht ausbleicht oder br\u00fcchig wird.<\/li>\n<li>Entfernen Sie Verschmutzungen zeitnah durch vorsichtiges Abtupfen, insbesondere auf Sitz und R\u00fcckenlehne.<\/li>\n<li>Kontrollieren Sie von Zeit zu Zeit die Rollen und Standfestigkeit, damit Ihr Stuhl stabil bleibt.<\/li>\n<\/ul>\n<\/section>\n<section data-wtai-block-id=\"wtai_product_description_faqs\" class=\"wtai-section wtai-faqs-section\">\n<h2>H\u00e4ufig gestellte Fragen<\/h2>\n<p><strong>Ist die R\u00fcckenlehne atmungsaktiv?<\/strong> <br \/> Ja, die R\u00fcckenlehne besteht aus Mesh-Gewebe, das eine gute Luftzirkulation erm\u00f6glicht.<\/p>\n<p><strong>Wie l\u00e4sst sich die Sitzh\u00f6he einstellen?<\/strong> <br \/> Die Sitzh\u00f6he wird einfach \u00fcber eine Gasdruckfeder per Hebel angepasst.<\/p>\n<p><strong>Brauche ich spezielles Werkzeug f\u00fcr die Montage?<\/strong> <br \/> Im Regelfall ist das notwendige Werkzeug im Lieferumfang enthalten und die Montage leicht verst\u00e4ndlich.<\/p>\n<p><strong>Wie viel Gewicht kann der Stuhl tragen?<\/strong> <br \/> Der Stuhl ist f\u00fcr Personen bis 120 kg geeignet.<\/p>\n<p><strong>Sind die Rollen f\u00fcr Hartb\u00f6den geeignet?<\/strong> <br \/> Die Doppellaufrollen sind f\u00fcr \u00fcbliche B\u00fcrooberfl\u00e4chen konzipiert. F\u00fcr empfindliche Hartb\u00f6den wird eine Bodenschutzmatte empfohlen.<\/p>\n<\/section>\n<section data-wtai-block-id=\"wtai_product_description_conclusion\" class=\"wtai-section wtai-conclusion-section\">\n<h2>Machen Sie Ihren Arbeitsplatz zum neuen Wohlf\u00fchlort<\/h2>\n<p><strong>Der ergonomische Mesh-B\u00fcrostuhl sorgt f\u00fcr Wohlbefinden und effizientes Arbeiten gleicherma\u00dfen.<\/strong> <strong>Dank durchdachter Ausstattung wird jede Sitzphase komfortabler und unterst\u00fctzt Ihre Gesundheit am Arbeitsplatz.<\/strong> <strong>Erleben Sie modernen Sitzkomfort und verbessern Sie Ihr Arbeitsumfeld \u2013 sichern Sie sich noch heute Ihren neuen B\u00fcrostuhl.<\/strong><\/p>\n<\/section>\n","protected":false},"excerpt":{"rendered":"<div data-wtai-block-id=\"wtai_excerpt_subtitle\" class=\"wtai-section wtai-subtitle-section\">\n<p><em><strong>Modernes Design trifft auf atmungsaktiven Sitzkomfort f\u00fcrs B\u00fcro oder Homeoffice.<\/strong><\/em><\/p>\n<\/p><\/div>\n<div data-wtai-block-id=\"wtai_excerpt_introduction\" class=\"wtai-section wtai-introduction-section\">\n<p>Manchmal macht schon ein kleiner Unterschied beim Sitzen den ganzen Tag angenehmer. Dieser ergonomische Mesh-B\u00fcrostuhl passt dank seines klaren, modernen Designs m\u00fchelos in jeden Arbeitsplatz und sorgt f\u00fcr ein angenehmes Sitzklima. Die atmungsaktive Netz-R\u00fcckenlehne f\u00f6rdert die Luftzirkulation, w\u00e4hrend die flexible, gut gepolsterte Sitzfl\u00e4che f\u00fcr anhaltenden Komfort auch bei langen Arbeitstagen sorgt. So entsteht eine angenehme Arbeitsatmosph\u00e4re \u2013 ideal, um konzentriert und entspannt durch den Tag zu kommen.<\/p>\n<\/p><\/div>\n","protected":false},"featured_media":24200,"comment_status":"open","ping_status":"closed","template":"","meta":[],"product_brand":[],"product_cat":[127],"product_tag":[],"class_list":{"0":"post-36745","1":"product","2":"type-product","3":"status-publish","4":"has-post-thumbnail","6":"product_cat-wohnen","8":"first","9":"instock","10":"shipping-taxable","11":"purchasable","12":"product-type-simple"},"bundled_by":["244206"],"bundle_stock_status":"instock","bundle_stock_quantity":null,"bundle_virtual":false,"bundle_layout":"","bundle_add_to_cart_form_location":"","bundle_editable_in_cart":false,"bundle_sold_individually_context":"","bundle_item_grouping":"","bundle_min_size":"","bundle_max_size":"","bundle_price":[],"bundled_items":[],"bundle_sell_ids":[],"yoast_head":"<!-- This site is optimized with the Yoast SEO plugin v25.2 - https:\/\/yoast.com\/wordpress\/plugins\/seo\/ -->\n<title>Buy Ergonomischer Mesh-B\u00fcrostuhl F\u00fcr Modernen B\u00fcrokomfort<\/title>\n<meta name=\"description\" content=\"Klarer Fokus auf Ergonomie: Der Mesh-B\u00fcrostuhl bietet optimale Unterst\u00fctzung, frische Luftzirkulation und flexible Anpassung f\u00fcr moderne Arbeitstage.\" \/>\n<meta name=\"robots\" content=\"index, follow, max-snippet:-1, max-image-preview:large, max-video-preview:-1\" \/>\n<link rel=\"canonical\" href=\"https:\/\/demostore.ai\/de\/produkt\/ergonomischer-mesh-burostuhl\/\" \/>\n<meta property=\"og:type\" content=\"article\" \/>\n<meta property=\"og:title\" content=\"Buy Ergonomischer Mesh-B\u00fcrostuhl F\u00fcr Modernen B\u00fcrokomfort\" \/>\n<meta property=\"og:description\" content=\"Blickfang f\u00fcr Ihren Arbeitsplatz: Der ergonomische Mesh-B\u00fcrostuhl vereint komfortable Polsterung, atmungsaktives Design und anpassbare H\u00f6henverstellung f\u00fcr gesunde, produktive Stunden am Schreibtisch.\" \/>\n<meta property=\"og:url\" content=\"https:\/\/demostore.ai\/de\/produkt\/ergonomischer-mesh-burostuhl\/\" \/>\n<meta property=\"og:site_name\" content=\"Trendy Thread\" \/>\n<meta property=\"article:modified_time\" content=\"2026-02-18T08:19:43+00:00\" \/>\n<meta property=\"og:image\" content=\"https:\/\/demostore.ai\/wp-content\/uploads\/2025\/06\/Chair-1.png\" \/>\n\t<meta property=\"og:image:width\" content=\"660\" \/>\n\t<meta property=\"og:image:height\" content=\"1000\" \/>\n\t<meta property=\"og:image:type\" content=\"image\/png\" \/>\n<meta name=\"twitter:card\" content=\"summary_large_image\" \/>\n<meta name=\"twitter:title\" content=\"Buy Ergonomischer Mesh-B\u00fcrostuhl F\u00fcr Modernen B\u00fcrokomfort\" \/>\n<meta name=\"twitter:description\" content=\"Blickfang f\u00fcr Ihren Arbeitsplatz: Der ergonomische Mesh-B\u00fcrostuhl vereint komfortable Polsterung, atmungsaktives Design und anpassbare H\u00f6henverstellung f\u00fcr gesunde, produktive Stunden am Schreibtisch.\" \/>\n<meta name=\"twitter:label1\" content=\"Est. reading time\" \/>\n\t<meta name=\"twitter:data1\" content=\"1\u00a0Minute\" \/>\n<script type=\"application\/ld+json\" class=\"yoast-schema-graph\">{\"@context\":\"https:\/\/schema.org\",\"@graph\":[{\"@type\":\"WebPage\",\"@id\":\"https:\/\/demostore.ai\/de\/produkt\/ergonomischer-mesh-burostuhl\/\",\"url\":\"https:\/\/demostore.ai\/de\/produkt\/ergonomischer-mesh-burostuhl\/\",\"name\":\"Buy Ergonomischer Mesh-B\u00fcrostuhl F\u00fcr Modernen B\u00fcrokomfort\",\"isPartOf\":{\"@id\":\"https:\/\/demostore.ai\/de\/#website\"},\"primaryImageOfPage\":{\"@id\":\"https:\/\/demostore.ai\/de\/produkt\/ergonomischer-mesh-burostuhl\/#primaryimage\"},\"image\":{\"@id\":\"https:\/\/demostore.ai\/de\/produkt\/ergonomischer-mesh-burostuhl\/#primaryimage\"},\"thumbnailUrl\":\"https:\/\/demostore.ai\/wp-content\/uploads\/2025\/06\/Chair-1.png\",\"datePublished\":\"2025-06-16T01:50:47+00:00\",\"dateModified\":\"2026-02-18T08:19:43+00:00\",\"description\":\"Klarer Fokus auf Ergonomie: Der Mesh-B\u00fcrostuhl bietet optimale Unterst\u00fctzung, frische Luftzirkulation und flexible Anpassung f\u00fcr moderne Arbeitstage.\",\"breadcrumb\":{\"@id\":\"https:\/\/demostore.ai\/de\/produkt\/ergonomischer-mesh-burostuhl\/#breadcrumb\"},\"inLanguage\":\"de\",\"potentialAction\":[{\"@type\":\"ReadAction\",\"target\":[\"https:\/\/demostore.ai\/de\/produkt\/ergonomischer-mesh-burostuhl\/\"]}]},{\"@type\":\"ImageObject\",\"inLanguage\":\"de\",\"@id\":\"https:\/\/demostore.ai\/de\/produkt\/ergonomischer-mesh-burostuhl\/#primaryimage\",\"url\":\"https:\/\/demostore.ai\/wp-content\/uploads\/2025\/06\/Chair-1.png\",\"contentUrl\":\"https:\/\/demostore.ai\/wp-content\/uploads\/2025\/06\/Chair-1.png\",\"width\":660,\"height\":1000,\"caption\":\"Ergonomischer Mesh-B\u00fcrostuhl mit beweglichen Armlehnen und atmungsaktiver R\u00fcckenlehne, frontal Ansicht.\"},{\"@type\":\"BreadcrumbList\",\"@id\":\"https:\/\/demostore.ai\/de\/produkt\/ergonomischer-mesh-burostuhl\/#breadcrumb\",\"itemListElement\":[{\"@type\":\"ListItem\",\"position\":1,\"name\":\"Startseite\",\"item\":\"https:\/\/demostore.ai\/de\/\"},{\"@type\":\"ListItem\",\"position\":2,\"name\":\"Shop\",\"item\":\"https:\/\/demostore.ai\/de\/shop\/\"},{\"@type\":\"ListItem\",\"position\":3,\"name\":\"Ergonomischer Mesh-B\u00fcrostuhl\"}]},{\"@type\":\"WebSite\",\"@id\":\"https:\/\/demostore.ai\/de\/#website\",\"url\":\"https:\/\/demostore.ai\/de\/\",\"name\":\"Trendy Thread\",\"description\":\"WriteText.ai Demo-Shop\",\"publisher\":{\"@id\":\"https:\/\/demostore.ai\/de\/#organization\"},\"potentialAction\":[{\"@type\":\"SearchAction\",\"target\":{\"@type\":\"EntryPoint\",\"urlTemplate\":\"https:\/\/demostore.ai\/de\/?s={search_term_string}\"},\"query-input\":{\"@type\":\"PropertyValueSpecification\",\"valueRequired\":true,\"valueName\":\"search_term_string\"}}],\"inLanguage\":\"de\"},{\"@type\":\"Organization\",\"@id\":\"https:\/\/demostore.ai\/de\/#organization\",\"name\":\"WriteText.ai\",\"url\":\"https:\/\/demostore.ai\/de\/\",\"logo\":{\"@type\":\"ImageObject\",\"inLanguage\":\"de\",\"@id\":\"https:\/\/demostore.ai\/de\/#\/schema\/logo\/image\/\",\"url\":\"https:\/\/demostore.ai\/wp-content\/uploads\/2025\/10\/writetext_logo.webp\",\"contentUrl\":\"https:\/\/demostore.ai\/wp-content\/uploads\/2025\/10\/writetext_logo.webp\",\"width\":200,\"height\":34,\"caption\":\"WriteText.ai\"},\"image\":{\"@id\":\"https:\/\/demostore.ai\/de\/#\/schema\/logo\/image\/\"}}]}<\/script>\n<!-- \/ Yoast SEO plugin. -->","yoast_head_json":{"title":"Buy Ergonomischer Mesh-B\u00fcrostuhl F\u00fcr Modernen B\u00fcrokomfort","description":"Klarer Fokus auf Ergonomie: Der Mesh-B\u00fcrostuhl bietet optimale Unterst\u00fctzung, frische Luftzirkulation und flexible Anpassung f\u00fcr moderne Arbeitstage.","robots":{"index":"index","follow":"follow","max-snippet":"max-snippet:-1","max-image-preview":"max-image-preview:large","max-video-preview":"max-video-preview:-1"},"canonical":"https:\/\/demostore.ai\/de\/produkt\/ergonomischer-mesh-burostuhl\/","og_type":"article","og_title":"Buy Ergonomischer Mesh-B\u00fcrostuhl F\u00fcr Modernen B\u00fcrokomfort","og_description":"Blickfang f\u00fcr Ihren Arbeitsplatz: Der ergonomische Mesh-B\u00fcrostuhl vereint komfortable Polsterung, atmungsaktives Design und anpassbare H\u00f6henverstellung f\u00fcr gesunde, produktive Stunden am Schreibtisch.","og_url":"https:\/\/demostore.ai\/de\/produkt\/ergonomischer-mesh-burostuhl\/","og_site_name":"Trendy Thread","article_modified_time":"2026-02-18T08:19:43+00:00","og_image":[{"width":660,"height":1000,"url":"https:\/\/demostore.ai\/wp-content\/uploads\/2025\/06\/Chair-1.png","type":"image\/png"}],"twitter_card":"summary_large_image","twitter_title":"Buy Ergonomischer Mesh-B\u00fcrostuhl F\u00fcr Modernen B\u00fcrokomfort","twitter_description":"Blickfang f\u00fcr Ihren Arbeitsplatz: Der ergonomische Mesh-B\u00fcrostuhl vereint komfortable Polsterung, atmungsaktives Design und anpassbare H\u00f6henverstellung f\u00fcr gesunde, produktive Stunden am Schreibtisch.","twitter_misc":{"Est. reading time":"1\u00a0Minute"},"schema":{"@context":"https:\/\/schema.org","@graph":[{"@type":"WebPage","@id":"https:\/\/demostore.ai\/de\/produkt\/ergonomischer-mesh-burostuhl\/","url":"https:\/\/demostore.ai\/de\/produkt\/ergonomischer-mesh-burostuhl\/","name":"Buy Ergonomischer Mesh-B\u00fcrostuhl F\u00fcr Modernen B\u00fcrokomfort","isPartOf":{"@id":"https:\/\/demostore.ai\/de\/#website"},"primaryImageOfPage":{"@id":"https:\/\/demostore.ai\/de\/produkt\/ergonomischer-mesh-burostuhl\/#primaryimage"},"image":{"@id":"https:\/\/demostore.ai\/de\/produkt\/ergonomischer-mesh-burostuhl\/#primaryimage"},"thumbnailUrl":"https:\/\/demostore.ai\/wp-content\/uploads\/2025\/06\/Chair-1.png","datePublished":"2025-06-16T01:50:47+00:00","dateModified":"2026-02-18T08:19:43+00:00","description":"Klarer Fokus auf Ergonomie: Der Mesh-B\u00fcrostuhl bietet optimale Unterst\u00fctzung, frische Luftzirkulation und flexible Anpassung f\u00fcr moderne Arbeitstage.","breadcrumb":{"@id":"https:\/\/demostore.ai\/de\/produkt\/ergonomischer-mesh-burostuhl\/#breadcrumb"},"inLanguage":"de","potentialAction":[{"@type":"ReadAction","target":["https:\/\/demostore.ai\/de\/produkt\/ergonomischer-mesh-burostuhl\/"]}]},{"@type":"ImageObject","inLanguage":"de","@id":"https:\/\/demostore.ai\/de\/produkt\/ergonomischer-mesh-burostuhl\/#primaryimage","url":"https:\/\/demostore.ai\/wp-content\/uploads\/2025\/06\/Chair-1.png","contentUrl":"https:\/\/demostore.ai\/wp-content\/uploads\/2025\/06\/Chair-1.png","width":660,"height":1000,"caption":"Ergonomischer Mesh-B\u00fcrostuhl mit beweglichen Armlehnen und atmungsaktiver R\u00fcckenlehne, frontal Ansicht."},{"@type":"BreadcrumbList","@id":"https:\/\/demostore.ai\/de\/produkt\/ergonomischer-mesh-burostuhl\/#breadcrumb","itemListElement":[{"@type":"ListItem","position":1,"name":"Startseite","item":"https:\/\/demostore.ai\/de\/"},{"@type":"ListItem","position":2,"name":"Shop","item":"https:\/\/demostore.ai\/de\/shop\/"},{"@type":"ListItem","position":3,"name":"Ergonomischer Mesh-B\u00fcrostuhl"}]},{"@type":"WebSite","@id":"https:\/\/demostore.ai\/de\/#website","url":"https:\/\/demostore.ai\/de\/","name":"Trendy Thread","description":"WriteText.ai Demo-Shop","publisher":{"@id":"https:\/\/demostore.ai\/de\/#organization"},"potentialAction":[{"@type":"SearchAction","target":{"@type":"EntryPoint","urlTemplate":"https:\/\/demostore.ai\/de\/?s={search_term_string}"},"query-input":{"@type":"PropertyValueSpecification","valueRequired":true,"valueName":"search_term_string"}}],"inLanguage":"de"},{"@type":"Organization","@id":"https:\/\/demostore.ai\/de\/#organization","name":"WriteText.ai","url":"https:\/\/demostore.ai\/de\/","logo":{"@type":"ImageObject","inLanguage":"de","@id":"https:\/\/demostore.ai\/de\/#\/schema\/logo\/image\/","url":"https:\/\/demostore.ai\/wp-content\/uploads\/2025\/10\/writetext_logo.webp","contentUrl":"https:\/\/demostore.ai\/wp-content\/uploads\/2025\/10\/writetext_logo.webp","width":200,"height":34,"caption":"WriteText.ai"},"image":{"@id":"https:\/\/demostore.ai\/de\/#\/schema\/logo\/image\/"}}]}},"_links":{"self":[{"href":"https:\/\/demostore.ai\/de\/wp-json\/wp\/v2\/product\/36745","targetHints":{"allow":["GET"]}}],"collection":[{"href":"https:\/\/demostore.ai\/de\/wp-json\/wp\/v2\/product"}],"about":[{"href":"https:\/\/demostore.ai\/de\/wp-json\/wp\/v2\/types\/product"}],"replies":[{"embeddable":true,"href":"https:\/\/demostore.ai\/de\/wp-json\/wp\/v2\/comments?post=36745"}],"wp:featuredmedia":[{"embeddable":true,"href":"https:\/\/demostore.ai\/de\/wp-json\/wp\/v2\/media\/24200"}],"wp:attachment":[{"href":"https:\/\/demostore.ai\/de\/wp-json\/wp\/v2\/media?parent=36745"}],"wp:term":[{"taxonomy":"product_brand","embeddable":true,"href":"https:\/\/demostore.ai\/de\/wp-json\/wp\/v2\/product_brand?post=36745"},{"taxonomy":"product_cat","embeddable":true,"href":"https:\/\/demostore.ai\/de\/wp-json\/wp\/v2\/product_cat?post=36745"},{"taxonomy":"product_tag","embeddable":true,"href":"https:\/\/demostore.ai\/de\/wp-json\/wp\/v2\/product_tag?post=36745"}],"curies":[{"name":"wp","href":"https:\/\/api.w.org\/{rel}","templated":true}]}}