{"id":46670,"date":"2025-06-16T08:03:01","date_gmt":"2025-06-16T00:03:01","guid":{"rendered":"https:\/\/demostore.ai\/?post_type=product&#038;p=46670"},"modified":"2026-02-19T15:51:40","modified_gmt":"2026-02-19T07:51:40","slug":"lego-technic-42090","status":"publish","type":"product","link":"https:\/\/demostore.ai\/cs\/produkt\/lego-technic-42090\/","title":{"rendered":"LEGO Technic 42090"},"content":{"rendered":"<section data-wtai-block-id=\"wtai_product_description_features\" class=\"wtai-section wtai-features-section\">\n<h2>Pro\u010d si vybrat LEGO Technic 42090<\/h2>\n<ul>\n<li><strong>Pull-back pohon<\/strong> \u2013 Model je vybaven natahovac\u00edm motorem, tak\u017ee auta vyst\u0159el\u00ed vp\u0159ed jedin\u00fdm pohybem bez bateri\u00ed.<\/li>\n<li><strong>Unik\u00e1tn\u00ed design monster trucku<\/strong> \u2013 V\u00fdrazn\u00e9 barvy, plamenov\u00e9 n\u00e1lepky a robustn\u00ed p\u0159edn\u00ed n\u00e1razn\u00edk zaru\u010d\u00ed, \u017ee ut\u00edkaj\u00edc\u00ed truck jen tak n\u011bkdo nep\u0159ehl\u00e9dne.<\/li>\n<li><strong>Mo\u017enost kombinace<\/strong> \u2013 Sadu lze propojit s LEGO Technic 42091 a vytvo\u0159it ultim\u00e1tn\u00ed 4\u00d74 stroj pro je\u0161t\u011b v\u011bt\u0161\u00ed dobrodru\u017estv\u00ed.<\/li>\n<li><strong>Zaru\u010den\u00e1 z\u00e1bava p\u0159i stav\u011bn\u00ed<\/strong> \u2013 Se 128 d\u00edlky \u010dek\u00e1 akce na staveni\u0161ti i z\u00e1vodn\u00ed dr\u00e1ze b\u011bhem chvilky.<\/li>\n<li><strong>Vhodn\u00e9 pro d\u011bti od 7 let<\/strong> \u2013 Ide\u00e1ln\u00ed start do sv\u011bta techniky pro mlad\u00e9 stavitele i ty, kte\u0159\u00ed maj\u00ed r\u00e1di rychl\u00e1 auta.<\/li>\n<\/ul>\n<\/section>\n<div data-wtai-block-id=\"wtai_product_description_image_1\" class=\"wtai-section wtai-image_1-section\">\n<figure class=\"wtai-image-p wtai-align-center\" style=\"text-align:center\"><img decoding=\"async\" src=\"https:\/\/demostore.ai\/wp-content\/uploads\/2025\/06\/LEGO-Car-set-2-600x418.png\" alt=\"LEGO Technic 42090 stavebnice auta na d\u00e1lkov\u00e9 ovl\u00e1d\u00e1n\u00ed, zobrazen\u00e1 na obalu produktu.\" srcset=\"https:\/\/demostore.ai\/wp-content\/uploads\/2025\/06\/LEGO-Car-set-2.png 1000w, https:\/\/demostore.ai\/wp-content\/uploads\/2025\/06\/LEGO-Car-set-2-300x209.png 300w, https:\/\/demostore.ai\/wp-content\/uploads\/2025\/06\/LEGO-Car-set-2-768x535.png 768w, https:\/\/demostore.ai\/wp-content\/uploads\/2025\/06\/LEGO-Car-set-2-600x418.png 600w\"><figcaption>\n<p>Stavebnice ukazuje robustn\u00ed aut\u00ed\u010dko se \u0161esti koly a dynamick\u00fdm vzhledem pro nap\u00ednavou j\u00edzdu.<\/p>\n<\/figcaption><\/figure>\n<\/p><\/div>\n<section data-wtai-block-id=\"wtai_product_description_technical_specifications\" class=\"wtai-section wtai-technical_specifications-section\">\n<h3>Podrobnosti<\/h3>\n<ul>\n<li><strong>N\u00e1zev produktu: LEGO Technic 42090 Getaway Truck<\/strong><\/li>\n<li><strong>Po\u010det d\u00edlk\u016f: 128<\/strong><\/li>\n<li><strong>V\u011bkov\u00e9 doporu\u010den\u00ed: od 7 let<\/strong><\/li>\n<li><strong>Pohon: Pull-back (natahovac\u00ed motor)<\/strong><\/li>\n<li><strong>Kombinovateln\u00fd model: Lze spojit s LEGO Technic 42091<\/strong><\/li>\n<li><strong>Barva: \u010cern\u00e1, \u0161ed\u00e1 a \u010derven\u00e1 s plameny<\/strong><\/li>\n<li><strong>Rozm\u011bry: d\u00e9lka 6.30&quot;, \u0161\u00ed\u0159ka 3.54&quot;, v\u00fd\u0161ka 2.36&quot;<\/strong><\/li>\n<li><strong>Materi\u00e1l: Plast LEGO<\/strong><\/li>\n<\/ul>\n<\/section>\n<section data-wtai-block-id=\"wtai_product_description_custom_1\" class=\"wtai-section wtai-custom_1-section\">\n<h2>Pro koho je LEGO Technic 42090 ide\u00e1ln\u00ed a kdy p\u0159ijde vhod<\/h2>\n<ul>\n<li><strong>Mal\u00ed technici<\/strong> \u2013 Stavebnice od 7 let rozv\u00edj\u00ed zru\u010dnost a kreativitu p\u0159i skl\u00e1d\u00e1n\u00ed taha\u010de.<\/li>\n<li><strong>Fanou\u0161ci rychlosti<\/strong> \u2013 D\u00edky pull-back motoru si u\u017eij\u00ed nap\u00ednav\u00e9 z\u00e1vody i opakovan\u00e9 starty.<\/li>\n<li><strong>D\u00e1rky k narozenin\u00e1m<\/strong> \u2013 Modern\u00ed design a ak\u010dn\u00ed funkce pot\u011b\u0161\u00ed ka\u017ed\u00e9ho mal\u00e9ho i v\u011bt\u0161\u00edho stavitele.<\/li>\n<\/ul>\n<\/section>\n<section data-wtai-block-id=\"wtai_product_description_custom_2\" class=\"wtai-section wtai-custom_2-section\">\n<h2>O kreativn\u00edm t\u00fdmu LEGO Technic: Inovace, kter\u00e9 bav\u00ed v\u0161echny generace<\/h2>\n<p>LEGO Technic je d\u00edlem zku\u0161en\u00fdch n\u00e1vrh\u00e1\u0159\u016f, kte\u0159\u00ed p\u0159en\u00e1\u0161ej\u00ed sv\u011bt techniky do stavebnic s maxim\u00e1ln\u00ed pozornost\u00ed k detailu a inovac\u00edm.<\/p>\n<p>Kolekce Technic vynik\u00e1 realistick\u00fdmi funkcemi, jako jsou pohybliv\u00e9 \u010d\u00e1sti, robustn\u00ed kola a speci\u00e1ln\u00ed tahov\u00e9 motory, kter\u00e9 o\u017eivuj\u00ed ka\u017ed\u00e9 vozidlo.<\/p>\n<p>Model 42090 Getaway Truck zaujme nejen stylov\u00fdm designem a v\u00fdrazn\u00fdmi plameny na karoserii, ale i obl\u00edbenou funkc\u00ed zp\u011btn\u00e9ho natahov\u00e1n\u00ed.<\/p>\n<p>Stavebnice je navr\u017een\u00e1 tak, aby nadchla d\u011bti i dosp\u011bl\u00e9, kte\u0159\u00ed ocen\u00ed dobrodru\u017estv\u00ed, kreativitu a z\u00e1bavu p\u0159i stav\u011bn\u00ed i hran\u00ed.<\/p>\n<\/section>\n<section data-wtai-block-id=\"wtai_product_description_faqs\" class=\"wtai-section wtai-faqs-section\">\n<h2>\u010casto kladen\u00e9 ot\u00e1zky<\/h2>\n<p><strong>Jak pull-back mechanismus funguje?<\/strong><\/p>\n<p>Sta\u010d\u00ed n\u011bkolikr\u00e1t zat\u00e1hnout auto dozadu po rovn\u00e9 plo\u0161e a pustit. Model se pot\u00e9 s\u00e1m rozjede vp\u0159ed.<\/p>\n<p><strong>Mohu tuto stavebnici zkombinovat s dal\u0161\u00edmi sadami LEGO Technic?<\/strong><\/p>\n<p>Ano, LEGO Technic 42090 lze spojit se sadou 42091 a vytvo\u0159it tak v\u011bt\u0161\u00ed ter\u00e9nn\u00ed vozidlo.<\/p>\n<p><strong>Je pot\u0159eba dokupovat baterie?<\/strong><\/p>\n<p>Ne, natahovac\u00ed motor funguje zcela mechanicky. Baterie nejsou pot\u0159eba.<\/p>\n<p><strong>Jak\u00e9 dovednosti d\u011btem stavebnice rozv\u00edj\u00ed?<\/strong><\/p>\n<p>Rozv\u00edj\u00ed manu\u00e1ln\u00ed zru\u010dnost, p\u0159edstavivost a pom\u00e1h\u00e1 pochopit z\u00e1klady mechaniky a stavby model\u016f.<\/p>\n<\/section>\n<section data-wtai-block-id=\"wtai_product_description_conclusion\" class=\"wtai-section wtai-conclusion-section\">\n<h3>Nev\u00e1hejte a za\u017eijte po\u0159\u00e1dnou j\u00edzdu s LEGO Technic<\/h3>\n<p><strong>LEGO Technic 42090 je ide\u00e1ln\u00ed volbou pro mal\u00e9 i velk\u00e9 stavitele, kte\u0159\u00ed miluj\u00ed rychlost i kreativitu.<\/strong> <strong>Dop\u0159ejte si skv\u011bl\u00fd z\u00e1\u017eitek ze stavby a n\u00e1sledn\u00e9 ak\u010dn\u00ed z\u00e1vody d\u00edky jednoduch\u00e9mu natahovac\u00edmu mechanismu.<\/strong> <strong>Nechte d\u011bti objevovat sv\u011bt techniky hravou formou a u\u017eijte si spole\u010dn\u00e9 chv\u00edle pln\u00e9 fantazie.<\/strong> <strong>V\u00e1\u0161 dal\u0161\u00ed obl\u00edben\u00fd model \u010dek\u00e1 \u2013 vezm\u011bte ho dom\u016f u\u017e dnes.<\/strong><\/p>\n<\/section>\n","protected":false},"excerpt":{"rendered":"<div data-wtai-block-id=\"wtai_excerpt_subtitle\" class=\"wtai-section wtai-subtitle-section\">\n<p><em><strong>Nalo\u017e si dobrodru\u017estv\u00ed: extr\u00e9mn\u00ed j\u00edzda v ka\u017ed\u00e9m d\u00edlku LEGO Technic!<\/strong><\/em><\/p>\n<\/p><\/div>\n<div data-wtai-block-id=\"wtai_excerpt_introduction\" class=\"wtai-section wtai-introduction-section\">\n<p>Kdy\u017e se spoj\u00ed klasick\u00fd LEGO z\u00e1\u017eitek s po\u0159\u00e1dnou porc\u00ed akce, vznikne Technic 42090 \u2013 Getaway Truck. Tato stylov\u00e1 stavebnice je ur\u010dena nejen t\u011bm, co maj\u00ed r\u00e1di rychlost, ale i v\u0161em, kdo miluj\u00ed technick\u00e9 vychyt\u00e1vky a odoln\u00e9 modely. Sta\u010d\u00ed p\u00e1r chvil skl\u00e1d\u00e1n\u00ed a nov\u00fd monster truck s natahovac\u00edm pohonem startuje do dobrodru\u017estv\u00ed. Perfektn\u00ed pro budouc\u00ed in\u017een\u00fdry, hern\u00ed nad\u0161ence i rodi\u010de, kte\u0159\u00ed cht\u011bj\u00ed podpo\u0159it zru\u010dnost sv\u00fdch d\u011bt\u00ed.<\/p>\n<\/p><\/div>\n","protected":false},"featured_media":18642,"comment_status":"open","ping_status":"closed","template":"","meta":[],"product_brand":[],"product_cat":[117],"product_tag":[],"class_list":{"0":"post-46670","1":"product","2":"type-product","3":"status-publish","4":"has-post-thumbnail","6":"product_cat-knihy-media","8":"first","9":"instock","10":"shipping-taxable","11":"purchasable","12":"product-type-simple"},"bundled_by":[],"bundle_stock_status":"instock","bundle_stock_quantity":null,"bundle_virtual":false,"bundle_layout":"","bundle_add_to_cart_form_location":"","bundle_editable_in_cart":false,"bundle_sold_individually_context":"","bundle_item_grouping":"","bundle_min_size":"","bundle_max_size":"","bundle_price":[],"bundled_items":[],"bundle_sell_ids":[],"yoast_head":"<!-- This site is optimized with the Yoast SEO plugin v25.2 - https:\/\/yoast.com\/wordpress\/plugins\/seo\/ -->\n<title>Objevte LEGO Technic 42090 s Pull-Back Akc\u00ed a Ter\u00e9nn\u00edm Vzhledem<\/title>\n<meta name=\"description\" content=\"Siln\u00e9 plameny na kapot\u011b a rychl\u00e9 starty i bez bateri\u00ed. LEGO Technic 42090 nab\u00edz\u00ed z\u00e1bavu p\u0159i stav\u011bn\u00ed, z\u00e1vod\u011bn\u00ed a rozvoji technick\u00e9ho my\u0161len\u00ed.\" \/>\n<meta name=\"robots\" content=\"index, follow, max-snippet:-1, max-image-preview:large, max-video-preview:-1\" \/>\n<link rel=\"canonical\" href=\"https:\/\/demostore.ai\/cs\/produkt\/lego-technic-42090\/\" \/>\n<meta property=\"og:type\" content=\"article\" \/>\n<meta property=\"og:title\" content=\"Objevte LEGO Technic 42090 s Pull-Back Akc\u00ed a Ter\u00e9nn\u00edm Vzhledem\" \/>\n<meta property=\"og:description\" content=\"Stylov\u00e9 truckov\u00e9 proveden\u00ed, natahovac\u00ed motor a par\u00e1dn\u00ed detaily. LEGO Technic 42090 nab\u00edz\u00ed kombinaci technick\u00fdch prvk\u016f a snadn\u00e9 hran\u00ed pro v\u0161echny generace.\" \/>\n<meta property=\"og:url\" content=\"https:\/\/demostore.ai\/cs\/produkt\/lego-technic-42090\/\" \/>\n<meta property=\"og:site_name\" content=\"Trendy Thread\" \/>\n<meta property=\"article:modified_time\" content=\"2026-02-19T07:51:40+00:00\" \/>\n<meta property=\"og:image\" content=\"https:\/\/demostore.ai\/wp-content\/uploads\/2025\/06\/LEGO-Car-set-1.png\" \/>\n\t<meta property=\"og:image:width\" content=\"1000\" \/>\n\t<meta property=\"og:image:height\" content=\"696\" \/>\n\t<meta property=\"og:image:type\" content=\"image\/png\" \/>\n<meta name=\"twitter:card\" content=\"summary_large_image\" \/>\n<meta name=\"twitter:title\" content=\"Objevte LEGO Technic 42090 s Pull-Back Akc\u00ed a Ter\u00e9nn\u00edm Vzhledem\" \/>\n<meta name=\"twitter:description\" content=\"Stylov\u00e9 truckov\u00e9 proveden\u00ed, natahovac\u00ed motor a par\u00e1dn\u00ed detaily. LEGO Technic 42090 nab\u00edz\u00ed kombinaci technick\u00fdch prvk\u016f a snadn\u00e9 hran\u00ed pro v\u0161echny generace.\" \/>\n<meta name=\"twitter:label1\" content=\"Odhadovan\u00e1 doba \u010dten\u00ed\" \/>\n\t<meta name=\"twitter:data1\" content=\"1 minuta\" \/>\n<script type=\"application\/ld+json\" class=\"yoast-schema-graph\">{\"@context\":\"https:\/\/schema.org\",\"@graph\":[{\"@type\":\"WebPage\",\"@id\":\"https:\/\/demostore.ai\/cs\/produkt\/lego-technic-42090\/\",\"url\":\"https:\/\/demostore.ai\/cs\/produkt\/lego-technic-42090\/\",\"name\":\"Objevte LEGO Technic 42090 s Pull-Back Akc\u00ed a Ter\u00e9nn\u00edm Vzhledem\",\"isPartOf\":{\"@id\":\"https:\/\/demostore.ai\/cs\/#website\"},\"primaryImageOfPage\":{\"@id\":\"https:\/\/demostore.ai\/cs\/produkt\/lego-technic-42090\/#primaryimage\"},\"image\":{\"@id\":\"https:\/\/demostore.ai\/cs\/produkt\/lego-technic-42090\/#primaryimage\"},\"thumbnailUrl\":\"https:\/\/demostore.ai\/wp-content\/uploads\/2025\/06\/LEGO-Car-set-1.png\",\"datePublished\":\"2025-06-16T00:03:01+00:00\",\"dateModified\":\"2026-02-19T07:51:40+00:00\",\"description\":\"Siln\u00e9 plameny na kapot\u011b a rychl\u00e9 starty i bez bateri\u00ed. LEGO Technic 42090 nab\u00edz\u00ed z\u00e1bavu p\u0159i stav\u011bn\u00ed, z\u00e1vod\u011bn\u00ed a rozvoji technick\u00e9ho my\u0161len\u00ed.\",\"breadcrumb\":{\"@id\":\"https:\/\/demostore.ai\/cs\/produkt\/lego-technic-42090\/#breadcrumb\"},\"inLanguage\":\"cs\",\"potentialAction\":[{\"@type\":\"ReadAction\",\"target\":[\"https:\/\/demostore.ai\/cs\/produkt\/lego-technic-42090\/\"]}]},{\"@type\":\"ImageObject\",\"inLanguage\":\"cs\",\"@id\":\"https:\/\/demostore.ai\/cs\/produkt\/lego-technic-42090\/#primaryimage\",\"url\":\"https:\/\/demostore.ai\/wp-content\/uploads\/2025\/06\/LEGO-Car-set-1.png\",\"contentUrl\":\"https:\/\/demostore.ai\/wp-content\/uploads\/2025\/06\/LEGO-Car-set-1.png\",\"width\":1000,\"height\":696,\"caption\":\"LEGO Technic 42090 \u00dat\u011bkov\u00fd v\u016fz na obalu, model auta s plameny a funkc\u00ed nata\u017een\u00ed zp\u011bt.\"},{\"@type\":\"BreadcrumbList\",\"@id\":\"https:\/\/demostore.ai\/cs\/produkt\/lego-technic-42090\/#breadcrumb\",\"itemListElement\":[{\"@type\":\"ListItem\",\"position\":1,\"name\":\"Dom\u016f\",\"item\":\"https:\/\/demostore.ai\/cs\/\"},{\"@type\":\"ListItem\",\"position\":2,\"name\":\"Obchod\",\"item\":\"https:\/\/demostore.ai\/cs\/obchod\/\"},{\"@type\":\"ListItem\",\"position\":3,\"name\":\"LEGO Technic 42090\"}]},{\"@type\":\"WebSite\",\"@id\":\"https:\/\/demostore.ai\/cs\/#website\",\"url\":\"https:\/\/demostore.ai\/cs\/\",\"name\":\"Trendy Thread\",\"description\":\"Demo obchod WriteText.ai\",\"publisher\":{\"@id\":\"https:\/\/demostore.ai\/cs\/#organization\"},\"potentialAction\":[{\"@type\":\"SearchAction\",\"target\":{\"@type\":\"EntryPoint\",\"urlTemplate\":\"https:\/\/demostore.ai\/cs\/?s={search_term_string}\"},\"query-input\":{\"@type\":\"PropertyValueSpecification\",\"valueRequired\":true,\"valueName\":\"search_term_string\"}}],\"inLanguage\":\"cs\"},{\"@type\":\"Organization\",\"@id\":\"https:\/\/demostore.ai\/cs\/#organization\",\"name\":\"WriteText.ai\",\"url\":\"https:\/\/demostore.ai\/cs\/\",\"logo\":{\"@type\":\"ImageObject\",\"inLanguage\":\"cs\",\"@id\":\"https:\/\/demostore.ai\/cs\/#\/schema\/logo\/image\/\",\"url\":\"https:\/\/demostore.ai\/wp-content\/uploads\/2025\/10\/writetext_logo.webp\",\"contentUrl\":\"https:\/\/demostore.ai\/wp-content\/uploads\/2025\/10\/writetext_logo.webp\",\"width\":200,\"height\":34,\"caption\":\"WriteText.ai\"},\"image\":{\"@id\":\"https:\/\/demostore.ai\/cs\/#\/schema\/logo\/image\/\"}}]}<\/script>\n<!-- \/ Yoast SEO plugin. -->","yoast_head_json":{"title":"Objevte LEGO Technic 42090 s Pull-Back Akc\u00ed a Ter\u00e9nn\u00edm Vzhledem","description":"Siln\u00e9 plameny na kapot\u011b a rychl\u00e9 starty i bez bateri\u00ed. LEGO Technic 42090 nab\u00edz\u00ed z\u00e1bavu p\u0159i stav\u011bn\u00ed, z\u00e1vod\u011bn\u00ed a rozvoji technick\u00e9ho my\u0161len\u00ed.","robots":{"index":"index","follow":"follow","max-snippet":"max-snippet:-1","max-image-preview":"max-image-preview:large","max-video-preview":"max-video-preview:-1"},"canonical":"https:\/\/demostore.ai\/cs\/produkt\/lego-technic-42090\/","og_type":"article","og_title":"Objevte LEGO Technic 42090 s Pull-Back Akc\u00ed a Ter\u00e9nn\u00edm Vzhledem","og_description":"Stylov\u00e9 truckov\u00e9 proveden\u00ed, natahovac\u00ed motor a par\u00e1dn\u00ed detaily. LEGO Technic 42090 nab\u00edz\u00ed kombinaci technick\u00fdch prvk\u016f a snadn\u00e9 hran\u00ed pro v\u0161echny generace.","og_url":"https:\/\/demostore.ai\/cs\/produkt\/lego-technic-42090\/","og_site_name":"Trendy Thread","article_modified_time":"2026-02-19T07:51:40+00:00","og_image":[{"width":1000,"height":696,"url":"https:\/\/demostore.ai\/wp-content\/uploads\/2025\/06\/LEGO-Car-set-1.png","type":"image\/png"}],"twitter_card":"summary_large_image","twitter_title":"Objevte LEGO Technic 42090 s Pull-Back Akc\u00ed a Ter\u00e9nn\u00edm Vzhledem","twitter_description":"Stylov\u00e9 truckov\u00e9 proveden\u00ed, natahovac\u00ed motor a par\u00e1dn\u00ed detaily. LEGO Technic 42090 nab\u00edz\u00ed kombinaci technick\u00fdch prvk\u016f a snadn\u00e9 hran\u00ed pro v\u0161echny generace.","twitter_misc":{"Odhadovan\u00e1 doba \u010dten\u00ed":"1 minuta"},"schema":{"@context":"https:\/\/schema.org","@graph":[{"@type":"WebPage","@id":"https:\/\/demostore.ai\/cs\/produkt\/lego-technic-42090\/","url":"https:\/\/demostore.ai\/cs\/produkt\/lego-technic-42090\/","name":"Objevte LEGO Technic 42090 s Pull-Back Akc\u00ed a Ter\u00e9nn\u00edm Vzhledem","isPartOf":{"@id":"https:\/\/demostore.ai\/cs\/#website"},"primaryImageOfPage":{"@id":"https:\/\/demostore.ai\/cs\/produkt\/lego-technic-42090\/#primaryimage"},"image":{"@id":"https:\/\/demostore.ai\/cs\/produkt\/lego-technic-42090\/#primaryimage"},"thumbnailUrl":"https:\/\/demostore.ai\/wp-content\/uploads\/2025\/06\/LEGO-Car-set-1.png","datePublished":"2025-06-16T00:03:01+00:00","dateModified":"2026-02-19T07:51:40+00:00","description":"Siln\u00e9 plameny na kapot\u011b a rychl\u00e9 starty i bez bateri\u00ed. LEGO Technic 42090 nab\u00edz\u00ed z\u00e1bavu p\u0159i stav\u011bn\u00ed, z\u00e1vod\u011bn\u00ed a rozvoji technick\u00e9ho my\u0161len\u00ed.","breadcrumb":{"@id":"https:\/\/demostore.ai\/cs\/produkt\/lego-technic-42090\/#breadcrumb"},"inLanguage":"cs","potentialAction":[{"@type":"ReadAction","target":["https:\/\/demostore.ai\/cs\/produkt\/lego-technic-42090\/"]}]},{"@type":"ImageObject","inLanguage":"cs","@id":"https:\/\/demostore.ai\/cs\/produkt\/lego-technic-42090\/#primaryimage","url":"https:\/\/demostore.ai\/wp-content\/uploads\/2025\/06\/LEGO-Car-set-1.png","contentUrl":"https:\/\/demostore.ai\/wp-content\/uploads\/2025\/06\/LEGO-Car-set-1.png","width":1000,"height":696,"caption":"LEGO Technic 42090 \u00dat\u011bkov\u00fd v\u016fz na obalu, model auta s plameny a funkc\u00ed nata\u017een\u00ed zp\u011bt."},{"@type":"BreadcrumbList","@id":"https:\/\/demostore.ai\/cs\/produkt\/lego-technic-42090\/#breadcrumb","itemListElement":[{"@type":"ListItem","position":1,"name":"Dom\u016f","item":"https:\/\/demostore.ai\/cs\/"},{"@type":"ListItem","position":2,"name":"Obchod","item":"https:\/\/demostore.ai\/cs\/obchod\/"},{"@type":"ListItem","position":3,"name":"LEGO Technic 42090"}]},{"@type":"WebSite","@id":"https:\/\/demostore.ai\/cs\/#website","url":"https:\/\/demostore.ai\/cs\/","name":"Trendy Thread","description":"Demo obchod WriteText.ai","publisher":{"@id":"https:\/\/demostore.ai\/cs\/#organization"},"potentialAction":[{"@type":"SearchAction","target":{"@type":"EntryPoint","urlTemplate":"https:\/\/demostore.ai\/cs\/?s={search_term_string}"},"query-input":{"@type":"PropertyValueSpecification","valueRequired":true,"valueName":"search_term_string"}}],"inLanguage":"cs"},{"@type":"Organization","@id":"https:\/\/demostore.ai\/cs\/#organization","name":"WriteText.ai","url":"https:\/\/demostore.ai\/cs\/","logo":{"@type":"ImageObject","inLanguage":"cs","@id":"https:\/\/demostore.ai\/cs\/#\/schema\/logo\/image\/","url":"https:\/\/demostore.ai\/wp-content\/uploads\/2025\/10\/writetext_logo.webp","contentUrl":"https:\/\/demostore.ai\/wp-content\/uploads\/2025\/10\/writetext_logo.webp","width":200,"height":34,"caption":"WriteText.ai"},"image":{"@id":"https:\/\/demostore.ai\/cs\/#\/schema\/logo\/image\/"}}]}},"_links":{"self":[{"href":"https:\/\/demostore.ai\/cs\/wp-json\/wp\/v2\/product\/46670","targetHints":{"allow":["GET"]}}],"collection":[{"href":"https:\/\/demostore.ai\/cs\/wp-json\/wp\/v2\/product"}],"about":[{"href":"https:\/\/demostore.ai\/cs\/wp-json\/wp\/v2\/types\/product"}],"replies":[{"embeddable":true,"href":"https:\/\/demostore.ai\/cs\/wp-json\/wp\/v2\/comments?post=46670"}],"wp:featuredmedia":[{"embeddable":true,"href":"https:\/\/demostore.ai\/cs\/wp-json\/wp\/v2\/media\/18642"}],"wp:attachment":[{"href":"https:\/\/demostore.ai\/cs\/wp-json\/wp\/v2\/media?parent=46670"}],"wp:term":[{"taxonomy":"product_brand","embeddable":true,"href":"https:\/\/demostore.ai\/cs\/wp-json\/wp\/v2\/product_brand?post=46670"},{"taxonomy":"product_cat","embeddable":true,"href":"https:\/\/demostore.ai\/cs\/wp-json\/wp\/v2\/product_cat?post=46670"},{"taxonomy":"product_tag","embeddable":true,"href":"https:\/\/demostore.ai\/cs\/wp-json\/wp\/v2\/product_tag?post=46670"}],"curies":[{"name":"wp","href":"https:\/\/api.w.org\/{rel}","templated":true}]}}