{"id":39195,"date":"2025-06-16T07:58:41","date_gmt":"2025-06-15T23:58:41","guid":{"rendered":"https:\/\/demostore.ai\/?post_type=product&#038;p=39195"},"modified":"2026-02-19T15:51:28","modified_gmt":"2026-02-19T07:51:28","slug":"funko-pop-one-piece-samurai-brook","status":"publish","type":"product","link":"https:\/\/demostore.ai\/cs\/produkt\/funko-pop-one-piece-samurai-brook\/","title":{"rendered":"Funko Pop! One Piece &#8211; Samurai Brook"},"content":{"rendered":"<section data-wtai-block-id=\"wtai_product_description_features\" class=\"wtai-section wtai-features-section\">\n<h2>Co d\u011bl\u00e1 tuto figurku v\u00fdjime\u010dnou<\/h2>\n<ul>\n<li><strong>Exkluzivn\u00ed edice<\/strong> s ozna\u010den\u00edm Funko Special Edition p\u0159\u00edmo na obalu<\/li>\n<li><strong>Ikonick\u00fd design Brooka v samurajsk\u00e9 zbroji<\/strong> z popul\u00e1rn\u00edho anime One Piece<\/li>\n<li><strong>Ofici\u00e1ln\u011b licencovan\u00fd produkt<\/strong> z kolekce Funko Pop! Animation s \u010d\u00edslem 1129<\/li>\n<li><strong>Odoln\u00e9 vinylov\u00e9 proveden\u00ed<\/strong> pro dlouhou \u017eivotnost a snadnou \u00fadr\u017ebu<\/li>\n<li><strong>Stylov\u00e1 sb\u011bratelsk\u00e1 krabi\u010dka s ok\u00e9nkem<\/strong> \u2013 ide\u00e1ln\u00ed na vystaven\u00ed nebo darov\u00e1n\u00ed<\/li>\n<\/ul>\n<\/section>\n<div data-wtai-block-id=\"wtai_product_description_image_1\" class=\"wtai-section wtai-image_1-section\">\n<figure class=\"wtai-image-p wtai-align-center\" style=\"text-align:center\"><img decoding=\"async\" src=\"https:\/\/demostore.ai\/wp-content\/uploads\/2025\/06\/Funko-Pop-figure-2-600x600.png\" alt=\"Krabi\u010dka Funko Pop! One Piece \u2013 Samurai Brook s vyobrazen\u00edm postavi\u010dek ze s\u00e9rie na mapov\u00e9m pozad\u00ed.\" srcset=\"https:\/\/demostore.ai\/wp-content\/uploads\/2025\/06\/Funko-Pop-figure-2.png 1000w, https:\/\/demostore.ai\/wp-content\/uploads\/2025\/06\/Funko-Pop-figure-2-300x300.png 300w, https:\/\/demostore.ai\/wp-content\/uploads\/2025\/06\/Funko-Pop-figure-2-150x150.png 150w, https:\/\/demostore.ai\/wp-content\/uploads\/2025\/06\/Funko-Pop-figure-2-768x768.png 768w, https:\/\/demostore.ai\/wp-content\/uploads\/2025\/06\/Funko-Pop-figure-2-600x600.png 600w, https:\/\/demostore.ai\/wp-content\/uploads\/2025\/06\/Funko-Pop-figure-2-250x250.png 250w\"><figcaption>\n<p>Barevn\u00e1 zadn\u00ed strana krabi\u010dky ukazuje p\u011bt sb\u011bratelsk\u00fdch figurek postav z anime One Piece.<\/p>\n<\/figcaption><\/figure>\n<\/p><\/div>\n<section data-wtai-block-id=\"wtai_product_description_technical_specifications\" class=\"wtai-section wtai-technical_specifications-section\">\n<h3>Podrobnosti<\/h3>\n<ul>\n<li><strong>V\u00fdrobce<\/strong>: Funko<\/li>\n<li><strong>Edice<\/strong>: Funko Pop! Animation \u2013 One Piece<\/li>\n<li><strong>\u010c\u00edslo figurky<\/strong>: 1129<\/li>\n<li><strong>Materi\u00e1l<\/strong>: Vinyl<\/li>\n<li><strong>V\u00fd\u0161ka<\/strong>: 10 cm<\/li>\n<li><strong>Balen\u00ed<\/strong>: Pr\u016fhledn\u00e1 krabi\u010dka s ok\u00e9nkem<\/li>\n<li><strong>Exkluzivita<\/strong>: Special Edition \u2013 Funko Exclusive Sticker<\/li>\n<li><strong>Barva<\/strong>: B\u00edl\u00e1, \u010dern\u00e1, \u010derven\u00e1 a dal\u0161\u00ed v\u00fdrazn\u00e9 odst\u00edny dle postavy<\/li>\n<\/ul>\n<\/section>\n<section data-wtai-block-id=\"wtai_product_description_custom_1\" class=\"wtai-section wtai-custom_1-section\">\n<h2>Pro koho a kdy je Funko Pop! One Piece \u2013 Samurai Brook skv\u011blou volbou<\/h2>\n<ul>\n<li><strong>Fanou\u0161ci One Piece<\/strong> \u2013 ikonick\u00fd Brook ze samurajsk\u00e9 s\u00e1gy pot\u011b\u0161\u00ed ka\u017ed\u00e9ho fandu s\u00e9rie.<\/li>\n<li><strong>Sb\u011bratel\u00e9 limitovan\u00fdch figurek<\/strong> \u2013 exkluzivn\u00ed edice je klenotem do sb\u00edrky Funko Pop!<\/li>\n<li><strong>Origin\u00e1ln\u00ed d\u00e1rek<\/strong> \u2013 skv\u011bl\u00e1 volba pro narozeniny i tematick\u00e9 oslavy milovn\u00edk\u016f anime.<\/li>\n<\/ul>\n<\/section>\n<section data-wtai-block-id=\"wtai_product_description_custom_2\" class=\"wtai-section wtai-custom_2-section\">\n<h2>O autorovi legend\u00e1rn\u00edho sv\u011bta One Piece: Eiichiro Oda<\/h2>\n<p>Eiichiro Oda je japonsk\u00fd mangaka, jeho\u017e jm\u00e9no je neodmysliteln\u011b spjato s \u00fasp\u011bchem s\u00e9rie One Piece, kter\u00e1 dob\u00fdv\u00e1 srdce fanou\u0161k\u016f po cel\u00e9m sv\u011bt\u011b.<\/p>\n<p>U\u017e od ml\u00e1d\u00ed t\u00edhl k vypr\u00e1v\u011bn\u00ed p\u0159\u00edb\u011bh\u016f a kreslen\u00ed, co\u017e ho nakonec p\u0159ivedlo k vytvo\u0159en\u00ed nejslavn\u011bj\u0161\u00edho pir\u00e1tsk\u00e9ho eposu modern\u00ed doby.<\/p>\n<p>One Piece vych\u00e1z\u00ed nep\u0159etr\u017eit\u011b od roku 1997 a dr\u017e\u00ed rekord nejprod\u00e1van\u011bj\u0161\u00edho manga titulu v\u0161ech dob \u2013 jeho p\u0159\u00edb\u011bhy jsou pln\u00e9 dobrodru\u017estv\u00ed, smyslu pro detail a origin\u00e1ln\u00edch postav.<\/p>\n<p>Oda se tak\u00e9 aktivn\u011b pod\u00edl\u00ed na tvorb\u011b filmov\u00fdch adaptac\u00ed, kde dohl\u00ed\u017e\u00ed na ztv\u00e1rn\u011bn\u00ed milovan\u00fdch postav, mezi kter\u00e9 pat\u0159\u00ed i sv\u00e9r\u00e1zn\u00fd kostlivec Brook.<\/p>\n<p>Pr\u00e1v\u011b Oda dok\u00e1\u017ee kombinovat humor, emoce a bl\u00e1zniv\u00e9 n\u00e1pady tak, \u017ee v\u00fdsledkem je sv\u011bt, kter\u00e9mu fand\u00ed v\u0161echny generace i u n\u00e1s.<\/p>\n<\/section>\n<section data-wtai-block-id=\"wtai_product_description_faqs\" class=\"wtai-section wtai-faqs-section\">\n<h2>Nej\u010dast\u011bj\u0161\u00ed dotazy<\/h2>\n<p><strong>Je figurka vhodn\u00e1 pro d\u011bti?<\/strong><\/p>\n<p>Figurka je ur\u010dena p\u0159edev\u0161\u00edm pro sb\u011bratele a fanou\u0161ky, nen\u00ed vhodn\u00e1 pro mal\u00e9 d\u011bti kv\u016fli mal\u00fdm \u010d\u00e1stem.<\/p>\n<p><strong>Mohu figurku vybalit z krabi\u010dky, ani\u017e by ztratila hodnotu?<\/strong><\/p>\n<p>Pro zachov\u00e1n\u00ed sb\u011bratelsk\u00e9 hodnoty doporu\u010dujeme figurku uchov\u00e1vat v origin\u00e1ln\u00edm obalu s ok\u00e9nkem.<\/p>\n<p><strong>Hod\u00ed se figurka jako d\u00e1rek i pro nefanou\u0161ky One Piece?<\/strong><\/p>\n<p>D\u00edky origin\u00e1ln\u00edmu a vtipn\u00e9mu vzhledu m\u016f\u017ee pot\u011b\u0161it milovn\u00edky popkultury i ty, kte\u0159\u00ed seri\u00e1l neznaj\u00ed.<\/p>\n<p><strong>Jak pozn\u00e1m, \u017ee jde o origin\u00e1ln\u00ed edici?<\/strong><\/p>\n<p>Krabi\u010dka nese Funko Special Edition samolepku a ofici\u00e1ln\u00ed zna\u010den\u00ed s logem One Piece a \u010d\u00edslem 1129.<\/p>\n<\/section>\n<section data-wtai-block-id=\"wtai_product_description_conclusion\" class=\"wtai-section wtai-conclusion-section\">\n<h3>Oboha\u0165te svou sb\u00edrku o exkluzivn\u00edho Brooka<\/h3>\n<p><strong>Exkluzivn\u00ed Funko Pop! Samurai Brook o\u017eiv\u00ed ka\u017ed\u00fd interi\u00e9r a pot\u011b\u0161\u00ed nejen skaln\u00ed fanou\u0161ky One Piece.<\/strong> <strong>Jedine\u010dn\u00e1 kombinace ikonick\u00e9ho designu a speci\u00e1ln\u00edho vyd\u00e1n\u00ed \u010din\u00ed z t\u00e9to figurky skv\u011bl\u00fd sb\u011bratelsk\u00fd kousek.<\/strong> <strong>Dop\u0159ejte si origin\u00e1ln\u00ed dekoraci nebo p\u0159ekvapte sv\u00e9 bl\u00edzk\u00e9 nezam\u011bniteln\u00fdm d\u00e1rkem je\u0161t\u011b dnes.<\/strong><\/p>\n<\/section>\n","protected":false},"excerpt":{"rendered":"<div data-wtai-block-id=\"wtai_excerpt_subtitle\" class=\"wtai-section wtai-subtitle-section\">\n<p><em><strong>Samuraj v pop-kulturn\u00edm kab\u00e1t\u011b \u2013 pro fanou\u0161ky, kte\u0159\u00ed se neboj\u00ed vystoupit z \u0159ady.<\/strong><\/em><\/p>\n<\/p><\/div>\n<div data-wtai-block-id=\"wtai_excerpt_introduction\" class=\"wtai-section wtai-introduction-section\">\n<p>Tak tohle nen\u00ed oby\u010dejn\u00e1 postavi\u010dka na poli\u010dku. Funko Pop! One Piece \u2013 Samurai Brook p\u0159in\u00e1\u0161\u00ed ikonickou postavu Brooka ze sv\u011bta One Piece v nezam\u011bniteln\u00e9 samurajsk\u00e9 zbroji a stylu Funko. Sb\u011bratelsk\u00fd kousek pro opravdov\u00e9 fanou\u0161ky anime i popkultury, kter\u00e9mu nechyb\u00ed \u0161petka vtipu, styl a pe\u010dliv\u00e9 zpracov\u00e1n\u00ed. Ide\u00e1ln\u00ed par\u0165\u00e1k do va\u0161eho dom\u00e1c\u00edho koutku \u010di jako origin\u00e1ln\u00ed d\u00e1rek do rukou ka\u017ed\u00e9 generace.<\/p>\n<\/p><\/div>\n","protected":false},"featured_media":18096,"comment_status":"open","ping_status":"closed","template":"","meta":[],"product_brand":[],"product_cat":[117],"product_tag":[],"class_list":{"0":"post-39195","1":"product","2":"type-product","3":"status-publish","4":"has-post-thumbnail","6":"product_cat-knihy-media","8":"first","9":"instock","10":"shipping-taxable","11":"purchasable","12":"product-type-simple"},"bundled_by":[],"bundle_stock_status":"instock","bundle_stock_quantity":null,"bundle_virtual":false,"bundle_layout":"","bundle_add_to_cart_form_location":"","bundle_editable_in_cart":false,"bundle_sold_individually_context":"","bundle_item_grouping":"","bundle_min_size":"","bundle_max_size":"","bundle_price":[],"bundled_items":[],"bundle_sell_ids":[],"yoast_head":"<!-- This site is optimized with the Yoast SEO plugin v25.2 - https:\/\/yoast.com\/wordpress\/plugins\/seo\/ -->\n<title>Objevte Funko Pop One Piece Samurai Brook Speci\u00e1ln\u00ed Edici<\/title>\n<meta name=\"description\" content=\"Nep\u0159ehl\u00e9dnuteln\u00e1 exkluzivita pro sb\u011bratele. Figurka Samurai Brook z One Piece od Funko Pop! s unik\u00e1tn\u00edm designem v d\u00e1rkov\u00e9m balen\u00ed, ide\u00e1ln\u00ed na vystaven\u00ed.\" \/>\n<meta name=\"robots\" content=\"index, follow, max-snippet:-1, max-image-preview:large, max-video-preview:-1\" \/>\n<link rel=\"canonical\" href=\"https:\/\/demostore.ai\/cs\/produkt\/funko-pop-one-piece-samurai-brook\/\" \/>\n<meta property=\"og:type\" content=\"article\" \/>\n<meta property=\"og:title\" content=\"Objevte Funko Pop One Piece Samurai Brook Speci\u00e1ln\u00ed Edici\" \/>\n<meta property=\"og:description\" content=\"Charakteristick\u00fd vzhled a speci\u00e1ln\u00ed edice Funko Pop! Samurai Brook z One Piece p\u0159in\u00e1\u0161\u00ed do sb\u00edrky v\u00fdraznou osobnost a origin\u00e1ln\u00ed dekoraci, kter\u00e1 pot\u011b\u0161\u00ed ka\u017ed\u00e9ho fanou\u0161ka.\" \/>\n<meta property=\"og:url\" content=\"https:\/\/demostore.ai\/cs\/produkt\/funko-pop-one-piece-samurai-brook\/\" \/>\n<meta property=\"og:site_name\" content=\"Trendy Thread\" \/>\n<meta property=\"article:modified_time\" content=\"2026-02-19T07:51:28+00:00\" \/>\n<meta property=\"og:image\" content=\"https:\/\/demostore.ai\/wp-content\/uploads\/2025\/06\/Funko-Pop-figure-1.png\" \/>\n\t<meta property=\"og:image:width\" content=\"1000\" \/>\n\t<meta property=\"og:image:height\" content=\"1000\" \/>\n\t<meta property=\"og:image:type\" content=\"image\/png\" \/>\n<meta name=\"twitter:card\" content=\"summary_large_image\" \/>\n<meta name=\"twitter:title\" content=\"Objevte Funko Pop One Piece Samurai Brook Speci\u00e1ln\u00ed Edici\" \/>\n<meta name=\"twitter:description\" content=\"Charakteristick\u00fd vzhled a speci\u00e1ln\u00ed edice Funko Pop! Samurai Brook z One Piece p\u0159in\u00e1\u0161\u00ed do sb\u00edrky v\u00fdraznou osobnost a origin\u00e1ln\u00ed dekoraci, kter\u00e1 pot\u011b\u0161\u00ed ka\u017ed\u00e9ho fanou\u0161ka.\" \/>\n<meta name=\"twitter:label1\" content=\"Odhadovan\u00e1 doba \u010dten\u00ed\" \/>\n\t<meta name=\"twitter:data1\" content=\"1 minuta\" \/>\n<script type=\"application\/ld+json\" class=\"yoast-schema-graph\">{\"@context\":\"https:\/\/schema.org\",\"@graph\":[{\"@type\":\"WebPage\",\"@id\":\"https:\/\/demostore.ai\/cs\/produkt\/funko-pop-one-piece-samurai-brook\/\",\"url\":\"https:\/\/demostore.ai\/cs\/produkt\/funko-pop-one-piece-samurai-brook\/\",\"name\":\"Objevte Funko Pop One Piece Samurai Brook Speci\u00e1ln\u00ed Edici\",\"isPartOf\":{\"@id\":\"https:\/\/demostore.ai\/cs\/#website\"},\"primaryImageOfPage\":{\"@id\":\"https:\/\/demostore.ai\/cs\/produkt\/funko-pop-one-piece-samurai-brook\/#primaryimage\"},\"image\":{\"@id\":\"https:\/\/demostore.ai\/cs\/produkt\/funko-pop-one-piece-samurai-brook\/#primaryimage\"},\"thumbnailUrl\":\"https:\/\/demostore.ai\/wp-content\/uploads\/2025\/06\/Funko-Pop-figure-1.png\",\"datePublished\":\"2025-06-15T23:58:41+00:00\",\"dateModified\":\"2026-02-19T07:51:28+00:00\",\"description\":\"Nep\u0159ehl\u00e9dnuteln\u00e1 exkluzivita pro sb\u011bratele. Figurka Samurai Brook z One Piece od Funko Pop! s unik\u00e1tn\u00edm designem v d\u00e1rkov\u00e9m balen\u00ed, ide\u00e1ln\u00ed na vystaven\u00ed.\",\"breadcrumb\":{\"@id\":\"https:\/\/demostore.ai\/cs\/produkt\/funko-pop-one-piece-samurai-brook\/#breadcrumb\"},\"inLanguage\":\"cs\",\"potentialAction\":[{\"@type\":\"ReadAction\",\"target\":[\"https:\/\/demostore.ai\/cs\/produkt\/funko-pop-one-piece-samurai-brook\/\"]}]},{\"@type\":\"ImageObject\",\"inLanguage\":\"cs\",\"@id\":\"https:\/\/demostore.ai\/cs\/produkt\/funko-pop-one-piece-samurai-brook\/#primaryimage\",\"url\":\"https:\/\/demostore.ai\/wp-content\/uploads\/2025\/06\/Funko-Pop-figure-1.png\",\"contentUrl\":\"https:\/\/demostore.ai\/wp-content\/uploads\/2025\/06\/Funko-Pop-figure-1.png\",\"width\":1000,\"height\":1000,\"caption\":\"Funko Pop! figurka Samurai Brook z anime One Piece v krabici, exkluzivn\u00ed edice.\"},{\"@type\":\"BreadcrumbList\",\"@id\":\"https:\/\/demostore.ai\/cs\/produkt\/funko-pop-one-piece-samurai-brook\/#breadcrumb\",\"itemListElement\":[{\"@type\":\"ListItem\",\"position\":1,\"name\":\"Dom\u016f\",\"item\":\"https:\/\/demostore.ai\/cs\/\"},{\"@type\":\"ListItem\",\"position\":2,\"name\":\"Obchod\",\"item\":\"https:\/\/demostore.ai\/cs\/obchod\/\"},{\"@type\":\"ListItem\",\"position\":3,\"name\":\"Funko Pop! One Piece &#8211; Samurai Brook\"}]},{\"@type\":\"WebSite\",\"@id\":\"https:\/\/demostore.ai\/cs\/#website\",\"url\":\"https:\/\/demostore.ai\/cs\/\",\"name\":\"Trendy Thread\",\"description\":\"Demo obchod WriteText.ai\",\"publisher\":{\"@id\":\"https:\/\/demostore.ai\/cs\/#organization\"},\"potentialAction\":[{\"@type\":\"SearchAction\",\"target\":{\"@type\":\"EntryPoint\",\"urlTemplate\":\"https:\/\/demostore.ai\/cs\/?s={search_term_string}\"},\"query-input\":{\"@type\":\"PropertyValueSpecification\",\"valueRequired\":true,\"valueName\":\"search_term_string\"}}],\"inLanguage\":\"cs\"},{\"@type\":\"Organization\",\"@id\":\"https:\/\/demostore.ai\/cs\/#organization\",\"name\":\"WriteText.ai\",\"url\":\"https:\/\/demostore.ai\/cs\/\",\"logo\":{\"@type\":\"ImageObject\",\"inLanguage\":\"cs\",\"@id\":\"https:\/\/demostore.ai\/cs\/#\/schema\/logo\/image\/\",\"url\":\"https:\/\/demostore.ai\/wp-content\/uploads\/2025\/10\/writetext_logo.webp\",\"contentUrl\":\"https:\/\/demostore.ai\/wp-content\/uploads\/2025\/10\/writetext_logo.webp\",\"width\":200,\"height\":34,\"caption\":\"WriteText.ai\"},\"image\":{\"@id\":\"https:\/\/demostore.ai\/cs\/#\/schema\/logo\/image\/\"}}]}<\/script>\n<!-- \/ Yoast SEO plugin. -->","yoast_head_json":{"title":"Objevte Funko Pop One Piece Samurai Brook Speci\u00e1ln\u00ed Edici","description":"Nep\u0159ehl\u00e9dnuteln\u00e1 exkluzivita pro sb\u011bratele. Figurka Samurai Brook z One Piece od Funko Pop! s unik\u00e1tn\u00edm designem v d\u00e1rkov\u00e9m balen\u00ed, ide\u00e1ln\u00ed na vystaven\u00ed.","robots":{"index":"index","follow":"follow","max-snippet":"max-snippet:-1","max-image-preview":"max-image-preview:large","max-video-preview":"max-video-preview:-1"},"canonical":"https:\/\/demostore.ai\/cs\/produkt\/funko-pop-one-piece-samurai-brook\/","og_type":"article","og_title":"Objevte Funko Pop One Piece Samurai Brook Speci\u00e1ln\u00ed Edici","og_description":"Charakteristick\u00fd vzhled a speci\u00e1ln\u00ed edice Funko Pop! Samurai Brook z One Piece p\u0159in\u00e1\u0161\u00ed do sb\u00edrky v\u00fdraznou osobnost a origin\u00e1ln\u00ed dekoraci, kter\u00e1 pot\u011b\u0161\u00ed ka\u017ed\u00e9ho fanou\u0161ka.","og_url":"https:\/\/demostore.ai\/cs\/produkt\/funko-pop-one-piece-samurai-brook\/","og_site_name":"Trendy Thread","article_modified_time":"2026-02-19T07:51:28+00:00","og_image":[{"width":1000,"height":1000,"url":"https:\/\/demostore.ai\/wp-content\/uploads\/2025\/06\/Funko-Pop-figure-1.png","type":"image\/png"}],"twitter_card":"summary_large_image","twitter_title":"Objevte Funko Pop One Piece Samurai Brook Speci\u00e1ln\u00ed Edici","twitter_description":"Charakteristick\u00fd vzhled a speci\u00e1ln\u00ed edice Funko Pop! Samurai Brook z One Piece p\u0159in\u00e1\u0161\u00ed do sb\u00edrky v\u00fdraznou osobnost a origin\u00e1ln\u00ed dekoraci, kter\u00e1 pot\u011b\u0161\u00ed ka\u017ed\u00e9ho fanou\u0161ka.","twitter_misc":{"Odhadovan\u00e1 doba \u010dten\u00ed":"1 minuta"},"schema":{"@context":"https:\/\/schema.org","@graph":[{"@type":"WebPage","@id":"https:\/\/demostore.ai\/cs\/produkt\/funko-pop-one-piece-samurai-brook\/","url":"https:\/\/demostore.ai\/cs\/produkt\/funko-pop-one-piece-samurai-brook\/","name":"Objevte Funko Pop One Piece Samurai Brook Speci\u00e1ln\u00ed Edici","isPartOf":{"@id":"https:\/\/demostore.ai\/cs\/#website"},"primaryImageOfPage":{"@id":"https:\/\/demostore.ai\/cs\/produkt\/funko-pop-one-piece-samurai-brook\/#primaryimage"},"image":{"@id":"https:\/\/demostore.ai\/cs\/produkt\/funko-pop-one-piece-samurai-brook\/#primaryimage"},"thumbnailUrl":"https:\/\/demostore.ai\/wp-content\/uploads\/2025\/06\/Funko-Pop-figure-1.png","datePublished":"2025-06-15T23:58:41+00:00","dateModified":"2026-02-19T07:51:28+00:00","description":"Nep\u0159ehl\u00e9dnuteln\u00e1 exkluzivita pro sb\u011bratele. Figurka Samurai Brook z One Piece od Funko Pop! s unik\u00e1tn\u00edm designem v d\u00e1rkov\u00e9m balen\u00ed, ide\u00e1ln\u00ed na vystaven\u00ed.","breadcrumb":{"@id":"https:\/\/demostore.ai\/cs\/produkt\/funko-pop-one-piece-samurai-brook\/#breadcrumb"},"inLanguage":"cs","potentialAction":[{"@type":"ReadAction","target":["https:\/\/demostore.ai\/cs\/produkt\/funko-pop-one-piece-samurai-brook\/"]}]},{"@type":"ImageObject","inLanguage":"cs","@id":"https:\/\/demostore.ai\/cs\/produkt\/funko-pop-one-piece-samurai-brook\/#primaryimage","url":"https:\/\/demostore.ai\/wp-content\/uploads\/2025\/06\/Funko-Pop-figure-1.png","contentUrl":"https:\/\/demostore.ai\/wp-content\/uploads\/2025\/06\/Funko-Pop-figure-1.png","width":1000,"height":1000,"caption":"Funko Pop! figurka Samurai Brook z anime One Piece v krabici, exkluzivn\u00ed edice."},{"@type":"BreadcrumbList","@id":"https:\/\/demostore.ai\/cs\/produkt\/funko-pop-one-piece-samurai-brook\/#breadcrumb","itemListElement":[{"@type":"ListItem","position":1,"name":"Dom\u016f","item":"https:\/\/demostore.ai\/cs\/"},{"@type":"ListItem","position":2,"name":"Obchod","item":"https:\/\/demostore.ai\/cs\/obchod\/"},{"@type":"ListItem","position":3,"name":"Funko Pop! One Piece &#8211; Samurai Brook"}]},{"@type":"WebSite","@id":"https:\/\/demostore.ai\/cs\/#website","url":"https:\/\/demostore.ai\/cs\/","name":"Trendy Thread","description":"Demo obchod WriteText.ai","publisher":{"@id":"https:\/\/demostore.ai\/cs\/#organization"},"potentialAction":[{"@type":"SearchAction","target":{"@type":"EntryPoint","urlTemplate":"https:\/\/demostore.ai\/cs\/?s={search_term_string}"},"query-input":{"@type":"PropertyValueSpecification","valueRequired":true,"valueName":"search_term_string"}}],"inLanguage":"cs"},{"@type":"Organization","@id":"https:\/\/demostore.ai\/cs\/#organization","name":"WriteText.ai","url":"https:\/\/demostore.ai\/cs\/","logo":{"@type":"ImageObject","inLanguage":"cs","@id":"https:\/\/demostore.ai\/cs\/#\/schema\/logo\/image\/","url":"https:\/\/demostore.ai\/wp-content\/uploads\/2025\/10\/writetext_logo.webp","contentUrl":"https:\/\/demostore.ai\/wp-content\/uploads\/2025\/10\/writetext_logo.webp","width":200,"height":34,"caption":"WriteText.ai"},"image":{"@id":"https:\/\/demostore.ai\/cs\/#\/schema\/logo\/image\/"}}]}},"_links":{"self":[{"href":"https:\/\/demostore.ai\/cs\/wp-json\/wp\/v2\/product\/39195","targetHints":{"allow":["GET"]}}],"collection":[{"href":"https:\/\/demostore.ai\/cs\/wp-json\/wp\/v2\/product"}],"about":[{"href":"https:\/\/demostore.ai\/cs\/wp-json\/wp\/v2\/types\/product"}],"replies":[{"embeddable":true,"href":"https:\/\/demostore.ai\/cs\/wp-json\/wp\/v2\/comments?post=39195"}],"wp:featuredmedia":[{"embeddable":true,"href":"https:\/\/demostore.ai\/cs\/wp-json\/wp\/v2\/media\/18096"}],"wp:attachment":[{"href":"https:\/\/demostore.ai\/cs\/wp-json\/wp\/v2\/media?parent=39195"}],"wp:term":[{"taxonomy":"product_brand","embeddable":true,"href":"https:\/\/demostore.ai\/cs\/wp-json\/wp\/v2\/product_brand?post=39195"},{"taxonomy":"product_cat","embeddable":true,"href":"https:\/\/demostore.ai\/cs\/wp-json\/wp\/v2\/product_cat?post=39195"},{"taxonomy":"product_tag","embeddable":true,"href":"https:\/\/demostore.ai\/cs\/wp-json\/wp\/v2\/product_tag?post=39195"}],"curies":[{"name":"wp","href":"https:\/\/api.w.org\/{rel}","templated":true}]}}