{"id":39124,"date":"2025-07-28T06:51:18","date_gmt":"2025-07-27T22:51:18","guid":{"rendered":"https:\/\/demostore.ai\/?post_type=product&#038;p=39124"},"modified":"2026-02-19T11:06:09","modified_gmt":"2026-02-19T03:06:09","slug":"stribrna-broz-s-koralovym-akcentem","status":"publish","type":"product","link":"https:\/\/demostore.ai\/cs\/produkt\/stribrna-broz-s-koralovym-akcentem\/","title":{"rendered":"St\u0159\u00edbrn\u00e1 Bro\u017e s Koralov\u00fdm Akcentem"},"content":{"rendered":"<section data-wtai-block-id=\"wtai_product_description_features\" class=\"wtai-section wtai-features-section\">\n<h2>Hlavn\u00ed p\u0159ednosti tohoto \u0161perku<\/h2>\n<ul>\n<li><strong>Materi\u00e1l:<\/strong> Kvalitn\u00ed st\u0159\u00edbro 925\/1000 pro dlouhou \u017eivotnost a lesk<\/li>\n<li><strong>Povrchov\u00e1 \u00faprava:<\/strong> Precizn\u00ed ru\u010dn\u00ed zpracov\u00e1n\u00ed s le\u0161t\u011bnou \u00fapravou pro elegantn\u00ed vzhled<\/li>\n<li><strong>Design:<\/strong> Origin\u00e1ln\u00ed kor\u00e1lov\u00fd akcent v centru p\u0159ipom\u00ednaj\u00edc\u00ed perlov\u00fd motiv s plastick\u00fdmi detaily<\/li>\n<li><strong>Zap\u00edn\u00e1n\u00ed:<\/strong> Spolehliv\u00fd bro\u017eov\u00fd \u00fachyt na zadn\u00ed stran\u011b zaji\u0161\u0165uje bezpe\u010dn\u00e9 uchycen\u00ed<\/li>\n<li><strong>Barva:<\/strong> Kombinace syt\u011b st\u0159\u00edbrn\u00e9 a b\u00edl\u00e9ho kor\u00e1lov\u00e9ho st\u0159edu<\/li>\n<li><strong>\u0158emesln\u00e9 zpracov\u00e1n\u00ed:<\/strong> Vysoce detailn\u00ed struktura inspirovan\u00e1 mo\u0159sk\u00fdmi kor\u00e1ly<\/li>\n<\/ul>\n<\/section>\n<div data-wtai-block-id=\"wtai_product_description_image_1753853427907\" class=\"wtai-section wtai-image_1753853427907-section\">\n<figure class=\"wtai-image-p wtai-align-center\" style=\"text-align:center\"><img decoding=\"async\" src=\"https:\/\/demostore.ai\/wp-content\/uploads\/2025\/07\/2-Silver-Coral-Brooch-with-Pearl-and-Zirconia-Crystal-Accents-2-600x178.png\" alt=\"St\u0159\u00edbrn\u00e1 bro\u017e s kor\u00e1lov\u00fdm akcentem, zdoben\u00e1 perlou a jemn\u00fdmi detaily.\" srcset=\"https:\/\/demostore.ai\/wp-content\/uploads\/2025\/07\/2-Silver-Coral-Brooch-with-Pearl-and-Zirconia-Crystal-Accents-2.png 1000w, https:\/\/demostore.ai\/wp-content\/uploads\/2025\/07\/2-Silver-Coral-Brooch-with-Pearl-and-Zirconia-Crystal-Accents-2-300x89.png 300w, https:\/\/demostore.ai\/wp-content\/uploads\/2025\/07\/2-Silver-Coral-Brooch-with-Pearl-and-Zirconia-Crystal-Accents-2-768x228.png 768w, https:\/\/demostore.ai\/wp-content\/uploads\/2025\/07\/2-Silver-Coral-Brooch-with-Pearl-and-Zirconia-Crystal-Accents-2-600x178.png 600w\"><figcaption>\n<p>Jemn\u00e9 st\u0159\u00edbro vytv\u00e1\u0159\u00ed elegantn\u00ed z\u00e1klad, kter\u00fd zv\u00fdraz\u0148uje perla s jemn\u00fdm leskem.<\/p>\n<\/figcaption><\/figure>\n<\/p><\/div>\n<section data-wtai-block-id=\"wtai_product_description_use_cases\" class=\"wtai-section wtai-use_cases-section\">\n<h2>Jak a kde bro\u017e vynikne<\/h2>\n<ul>\n<li>Ide\u00e1ln\u00ed ke zv\u00fdrazn\u011bn\u00ed ve\u010dern\u00ed r\u00f3by p\u0159i speci\u00e1ln\u00edch p\u0159\u00edle\u017eitostech nebo gala<\/li>\n<li>O\u017eivte klasick\u00fd kab\u00e1t \u010di sako nen\u00e1padn\u00fdm, ale v\u00fdrazn\u00fdm \u0161perkem<\/li>\n<li>V\u00fdte\u010dn\u011b zapadne i do business outfitu pro decentn\u00ed osobitost<\/li>\n<li>Snadno ji zkombinujete s perlov\u00fdmi n\u00e1u\u0161nicemi pro jednotn\u00fd, elegantn\u00ed look<\/li>\n<li>D\u00edky unik\u00e1tn\u00edmu proveden\u00ed se hod\u00ed jako hodnotn\u00fd d\u00e1rek d\u00e1m\u011b ka\u017ed\u00e9 generace<\/li>\n<\/ul>\n<\/section>\n<section data-wtai-block-id=\"wtai_product_description_custom_1754204236758\" class=\"wtai-section wtai-custom_1754204236758-section\">\n<h2>Kdy zaz\u00e1\u0159\u00ed St\u0159\u00edbrn\u00e1 Bro\u017e s Koralov\u00fdm Akcentem<\/h2>\n<ul>\n<li><strong>V\u00fdjime\u010dn\u00fd d\u00e1rek<\/strong>: Pot\u011b\u0161\u00ed bl\u00edzk\u00e9 jako elegantn\u00ed a smyslupln\u00fd d\u00e1rek ke speci\u00e1ln\u00edm p\u0159\u00edle\u017eitostem.<\/li>\n<li><strong>Rodinn\u00e9 oslavy<\/strong>: P\u0159id\u00e1 jemn\u00fd, osobn\u00ed dotek ka\u017ed\u00e9 slavnostn\u00ed p\u0159\u00edle\u017eitosti v kruhu rodiny nebo p\u0159\u00e1tel.<\/li>\n<li><strong>Pracovn\u00ed jedn\u00e1n\u00ed<\/strong>: Podtrhne va\u0161e sebev\u011bdom\u00ed a vkus ve form\u00e1ln\u00edm i business prost\u0159ed\u00ed.<\/li>\n<li><strong>Speci\u00e1ln\u00ed ve\u010dery<\/strong>: Vynikne na ve\u010d\u00edrc\u00edch, plesech nebo ve spole\u010dnosti koktejlov\u00fdch \u0161at\u016f.<\/li>\n<li><strong>Ka\u017edodenn\u00ed styl<\/strong>: O\u017eiv\u00ed klasick\u00e9 kab\u00e1ty, saka nebo \u0161\u00e1tky a vtiskne outfitu osobitost.<\/li>\n<li><strong>M\u00f3dn\u00ed experimenty<\/strong>: Skv\u011ble poslou\u017e\u00ed jako ozdoba na kabelku, klobouk nebo jako neot\u0159el\u00fd detail na p\u00e1sku.<\/li>\n<\/ul>\n<\/section>\n<section data-wtai-block-id=\"wtai_product_description_custom_1753164383380\" class=\"wtai-section wtai-custom_1753164383380-section\">\n<h3>Jak pe\u010dovat o st\u0159\u00edbrnou bro\u017e s kor\u00e1lov\u00fdm akcentem<\/h3>\n<ul>\n<li>Bro\u017e jemn\u011b ot\u00edrejte m\u011bkk\u00fdm such\u00fdm had\u0159\u00edkem po ka\u017ed\u00e9m no\u0161en\u00ed \u2013 pom\u00e1h\u00e1te tak udr\u017eet jej\u00ed lesk i \u010distotu.<\/li>\n<li>Vyhn\u011bte se p\u0159\u00edm\u00e9mu kontaktu s parf\u00e9my, kr\u00e9my a chemik\u00e1liemi, kter\u00e9 by mohly po\u0161kodit st\u0159\u00edbro i kor\u00e1lov\u00fd akcent.<\/li>\n<li>Skladujte bro\u017e odd\u011blen\u011b na such\u00e9m m\u00edst\u011b, ide\u00e1ln\u011b v l\u00e1tkov\u00e9m s\u00e1\u010dku nebo \u0161perkovnici, aby nedo\u0161lo k po\u0161kr\u00e1b\u00e1n\u00ed \u010di ztr\u00e1t\u011b lesku.<\/li>\n<\/ul>\n<\/section>\n<div data-wtai-block-id=\"wtai_product_description_image_1753853450366\" class=\"wtai-section wtai-image_1753853450366-section\">\n<figure class=\"wtai-image-p wtai-align-center\" style=\"text-align:center\"><img decoding=\"async\" src=\"https:\/\/demostore.ai\/wp-content\/uploads\/2025\/07\/4-Silver-Coral-Brooch-with-Pearl-and-Zirconia-Crystal-Accents-600x379.png\" alt=\"St\u0159\u00edbrn\u00e1 bro\u017e s b\u00edl\u00fdm kor\u00e1lem, detailn\u00ed z\u00e1b\u011br na \u0161perk na produktov\u00e9 str\u00e1nce.\" srcset=\"https:\/\/demostore.ai\/wp-content\/uploads\/2025\/07\/4-Silver-Coral-Brooch-with-Pearl-and-Zirconia-Crystal-Accents.png 848w, https:\/\/demostore.ai\/wp-content\/uploads\/2025\/07\/4-Silver-Coral-Brooch-with-Pearl-and-Zirconia-Crystal-Accents-300x190.png 300w, https:\/\/demostore.ai\/wp-content\/uploads\/2025\/07\/4-Silver-Coral-Brooch-with-Pearl-and-Zirconia-Crystal-Accents-768x485.png 768w, https:\/\/demostore.ai\/wp-content\/uploads\/2025\/07\/4-Silver-Coral-Brooch-with-Pearl-and-Zirconia-Crystal-Accents-600x379.png 600w\"><figcaption>\n<p>Detailn\u00ed zpracov\u00e1n\u00ed st\u0159\u00edbrn\u00e9ho povrchu zaujme bohatou texturou i precizn\u00edm uchycen\u00edm perly.<\/p>\n<\/figcaption><\/figure>\n<\/p><\/div>\n<section data-wtai-block-id=\"wtai_product_description_faqs\" class=\"wtai-section wtai-faqs-section\">\n<h2>\u010casto kladen\u00e9 dotazy<\/h2>\n<p><strong>Z \u010deho je bro\u017e vyrobena?<\/strong> <br \/> Bro\u017e je zhotovena z kvalitn\u00edho st\u0159\u00edbra ryzosti 925\/1000 a dopln\u011bna elegantn\u00edm kor\u00e1lov\u00fdm akcentem.<\/p>\n<p><strong>Dr\u017e\u00ed bro\u017e pevn\u011b na oble\u010den\u00ed?<\/strong> <br \/> Ano, d\u00edky kvalitn\u00edmu bro\u017eov\u00e9mu \u00fachytu z\u016fst\u00e1v\u00e1 bezpe\u010dn\u011b p\u0159ipevn\u011bn\u00e1 a neztr\u00e1c\u00ed dr\u017een\u00ed ani p\u0159i no\u0161en\u00ed na siln\u011bj\u0161\u00edch l\u00e1tk\u00e1ch.<\/p>\n<p><strong>Jak bro\u017e spr\u00e1vn\u011b skladovat?<\/strong> <br \/> Ukl\u00e1dejte bro\u017e samostatn\u011b do m\u011bkk\u00e9ho s\u00e1\u010dku nebo \u0161perkovnice, aby se zabr\u00e1nilo od\u0159en\u00ed nebo oxidaci st\u0159\u00edbra.<\/p>\n<p><strong>Hod\u00ed se bro\u017e jako d\u00e1rek?<\/strong> <br \/> Ano, jej\u00ed elegantn\u00ed design a kvalitn\u00ed zpracov\u00e1n\u00ed z n\u00ed \u010din\u00ed ide\u00e1ln\u00ed volbu pro v\u00fdjime\u010dn\u00fd d\u00e1rek k oslav\u00e1m \u010di jubile\u00edm.<\/p>\n<\/section>\n<section data-wtai-block-id=\"wtai_product_description_conclusion\" class=\"wtai-section wtai-conclusion-section\">\n<h2>Objevte kr\u00e1su v ka\u017ed\u00e9m detailu<\/h2>\n<p><strong>St\u0159\u00edbrn\u00e1 Bro\u017e s Koralov\u00fdm Akcentem p\u0159in\u00e1\u0161\u00ed origin\u00e1ln\u00ed spojen\u00ed klasick\u00fdch lini\u00ed a jemn\u00e9 \u017eensk\u00e9 elegance.<\/strong> <strong>Ka\u017ed\u00fd den ji m\u016f\u017eete vyu\u017e\u00edt pro zv\u00fdrazn\u011bn\u00ed osobn\u00edho stylu nebo zp\u0159\u00edjemn\u011bn\u00ed v\u00fdjime\u010dn\u00e9 chv\u00edle.<\/strong> <strong>Dop\u0159ejte si \u0161perk, kter\u00fd zaujme na prvn\u00ed pohled a snadno se stane obl\u00edbenou sou\u010d\u00e1st\u00ed va\u0161\u00ed \u0161perkovnice.<\/strong> <strong>Po\u0159i\u010fte si tento jedine\u010dn\u00fd kousek je\u0161t\u011b dnes, dokud je st\u00e1le dostupn\u00fd.<\/strong><\/p>\n<\/section>\n","protected":false},"excerpt":{"rendered":"<div data-wtai-block-id=\"wtai_excerpt_subtitle\" class=\"wtai-section wtai-subtitle-section\">\n<p><em><strong>Jedine\u010dn\u00fd \u0161perk, kde se snoub\u00ed kr\u00e1sa st\u0159\u00edbra s p\u016fvabem kor\u00e1lov\u00e9ho detailu.<\/strong><\/em><\/p>\n<\/p><\/div>\n<div data-wtai-block-id=\"wtai_excerpt_introduction\" class=\"wtai-section wtai-introduction-section\">\n<p>N\u011bkdy sta\u010d\u00ed jedin\u00fd prvek, kter\u00fd rozz\u00e1\u0159\u00ed cel\u00fd den. Tato bro\u017e je p\u0159esn\u011b t\u00edm nen\u00e1padn\u00fdm klenotem, jen\u017e um\u00ed dodat outfitu osobit\u00fd \u0161arm i smysl pro eleganci. Precizn\u00ed zpracov\u00e1n\u00ed z u\u0161lechtil\u00e9ho st\u0159\u00edbra vytv\u00e1\u0159\u00ed k\u0159ehk\u00fd tvar, kter\u00fd jako by zachycoval pohyb mo\u0159sk\u00fdch vln. V st\u0159edu se jemn\u011b vyj\u00edm\u00e1 v\u00fdrazn\u00fd kor\u00e1lov\u00fd detail, jen\u017e vn\u00e1\u0161\u00ed do \u0161perku z\u00e1\u0159iv\u00fd st\u0159edobod pozornosti. Je to \u0161perk, kter\u00fd o\u017eiv\u00ed vzpom\u00ednky, stane se mal\u00fdm rodinn\u00fdm pokladem a podtrhne jedine\u010dn\u00e9 kouzlo ka\u017ed\u00e9 nositelky.<\/p>\n<\/p><\/div>\n","protected":false},"featured_media":32029,"comment_status":"open","ping_status":"closed","template":"","meta":[],"product_brand":[],"product_cat":[295],"product_tag":[],"class_list":{"0":"post-39124","1":"product","2":"type-product","3":"status-publish","4":"has-post-thumbnail","6":"product_cat-sperky","8":"first","9":"instock","10":"shipping-taxable","11":"purchasable","12":"product-type-simple"},"bundled_by":[],"bundle_stock_status":"instock","bundle_stock_quantity":null,"bundle_virtual":false,"bundle_layout":"","bundle_add_to_cart_form_location":"","bundle_editable_in_cart":false,"bundle_sold_individually_context":"","bundle_item_grouping":"","bundle_min_size":"","bundle_max_size":"","bundle_price":[],"bundled_items":[],"bundle_sell_ids":[],"yoast_head":"<!-- This site is optimized with the Yoast SEO plugin v25.2 - https:\/\/yoast.com\/wordpress\/plugins\/seo\/ -->\n<title>Objevte Best St\u0159\u00edbrnou Bro\u017e s Koralov\u00fdm Akcentem pro Elegantn\u00ed Styl<\/title>\n<meta name=\"description\" content=\"Vzne\u0161en\u00fd \u0161perk s kor\u00e1lov\u00fdm akcentem p\u0159edstavuje origin\u00e1ln\u00ed spojen\u00ed klasick\u00e9ho st\u0159\u00edbra a perlov\u00e9ho designu. Vhodn\u00fd jak pro ka\u017edodenn\u00ed no\u0161en\u00ed, tak slavnostn\u00ed p\u0159\u00edle\u017eitosti.\" \/>\n<meta name=\"robots\" content=\"index, follow, max-snippet:-1, max-image-preview:large, max-video-preview:-1\" \/>\n<link rel=\"canonical\" href=\"https:\/\/demostore.ai\/cs\/produkt\/stribrna-broz-s-koralovym-akcentem\/\" \/>\n<meta property=\"og:type\" content=\"article\" \/>\n<meta property=\"og:title\" content=\"Objevte Best St\u0159\u00edbrnou Bro\u017e s Koralov\u00fdm Akcentem pro Elegantn\u00ed Styl\" \/>\n<meta property=\"og:description\" content=\"Jemn\u011b tvarovan\u00e1 st\u0159\u00edbrn\u00e1 bro\u017e s kor\u00e1lov\u00fdm akcentem nab\u00edz\u00ed elegantn\u00ed vzhled a promy\u0161len\u00fd design. Perfektn\u00ed volba pro speci\u00e1ln\u00ed p\u0159\u00edle\u017eitosti i vkusn\u00e9 o\u017eiven\u00ed ka\u017edodenn\u00edho outfitu.\" \/>\n<meta property=\"og:url\" content=\"https:\/\/demostore.ai\/cs\/produkt\/stribrna-broz-s-koralovym-akcentem\/\" \/>\n<meta property=\"og:site_name\" content=\"Trendy Thread\" \/>\n<meta property=\"article:modified_time\" content=\"2026-02-19T03:06:09+00:00\" \/>\n<meta property=\"og:image\" content=\"https:\/\/demostore.ai\/wp-content\/uploads\/2025\/07\/1-Silver-Coral-Brooch-with-Pearl-and-Zirconia-Crystal-Accents-1.png\" \/>\n\t<meta property=\"og:image:width\" content=\"1000\" \/>\n\t<meta property=\"og:image:height\" content=\"412\" \/>\n\t<meta property=\"og:image:type\" content=\"image\/png\" \/>\n<meta name=\"twitter:card\" content=\"summary_large_image\" \/>\n<meta name=\"twitter:title\" content=\"Objevte Best St\u0159\u00edbrnou Bro\u017e s Koralov\u00fdm Akcentem pro Elegantn\u00ed Styl\" \/>\n<meta name=\"twitter:description\" content=\"Jemn\u011b tvarovan\u00e1 st\u0159\u00edbrn\u00e1 bro\u017e s kor\u00e1lov\u00fdm akcentem nab\u00edz\u00ed elegantn\u00ed vzhled a promy\u0161len\u00fd design. Perfektn\u00ed volba pro speci\u00e1ln\u00ed p\u0159\u00edle\u017eitosti i vkusn\u00e9 o\u017eiven\u00ed ka\u017edodenn\u00edho outfitu.\" \/>\n<meta name=\"twitter:label1\" content=\"Odhadovan\u00e1 doba \u010dten\u00ed\" \/>\n\t<meta name=\"twitter:data1\" content=\"1 minuta\" \/>\n<script type=\"application\/ld+json\" class=\"yoast-schema-graph\">{\"@context\":\"https:\/\/schema.org\",\"@graph\":[{\"@type\":\"WebPage\",\"@id\":\"https:\/\/demostore.ai\/cs\/produkt\/stribrna-broz-s-koralovym-akcentem\/\",\"url\":\"https:\/\/demostore.ai\/cs\/produkt\/stribrna-broz-s-koralovym-akcentem\/\",\"name\":\"Objevte Best St\u0159\u00edbrnou Bro\u017e s Koralov\u00fdm Akcentem pro Elegantn\u00ed Styl\",\"isPartOf\":{\"@id\":\"https:\/\/demostore.ai\/cs\/#website\"},\"primaryImageOfPage\":{\"@id\":\"https:\/\/demostore.ai\/cs\/produkt\/stribrna-broz-s-koralovym-akcentem\/#primaryimage\"},\"image\":{\"@id\":\"https:\/\/demostore.ai\/cs\/produkt\/stribrna-broz-s-koralovym-akcentem\/#primaryimage\"},\"thumbnailUrl\":\"https:\/\/demostore.ai\/wp-content\/uploads\/2025\/07\/1-Silver-Coral-Brooch-with-Pearl-and-Zirconia-Crystal-Accents-1.png\",\"datePublished\":\"2025-07-27T22:51:18+00:00\",\"dateModified\":\"2026-02-19T03:06:09+00:00\",\"description\":\"Vzne\u0161en\u00fd \u0161perk s kor\u00e1lov\u00fdm akcentem p\u0159edstavuje origin\u00e1ln\u00ed spojen\u00ed klasick\u00e9ho st\u0159\u00edbra a perlov\u00e9ho designu. Vhodn\u00fd jak pro ka\u017edodenn\u00ed no\u0161en\u00ed, tak slavnostn\u00ed p\u0159\u00edle\u017eitosti.\",\"breadcrumb\":{\"@id\":\"https:\/\/demostore.ai\/cs\/produkt\/stribrna-broz-s-koralovym-akcentem\/#breadcrumb\"},\"inLanguage\":\"cs\",\"potentialAction\":[{\"@type\":\"ReadAction\",\"target\":[\"https:\/\/demostore.ai\/cs\/produkt\/stribrna-broz-s-koralovym-akcentem\/\"]}]},{\"@type\":\"ImageObject\",\"inLanguage\":\"cs\",\"@id\":\"https:\/\/demostore.ai\/cs\/produkt\/stribrna-broz-s-koralovym-akcentem\/#primaryimage\",\"url\":\"https:\/\/demostore.ai\/wp-content\/uploads\/2025\/07\/1-Silver-Coral-Brooch-with-Pearl-and-Zirconia-Crystal-Accents-1.png\",\"contentUrl\":\"https:\/\/demostore.ai\/wp-content\/uploads\/2025\/07\/1-Silver-Coral-Brooch-with-Pearl-and-Zirconia-Crystal-Accents-1.png\",\"width\":1000,\"height\":412,\"caption\":\"St\u0159\u00edbrn\u00e1 bro\u017e s kor\u00e1lov\u00fdm akcentem a velkou b\u00edlou perlou uprost\u0159ed, dekorativn\u00ed design.\"},{\"@type\":\"BreadcrumbList\",\"@id\":\"https:\/\/demostore.ai\/cs\/produkt\/stribrna-broz-s-koralovym-akcentem\/#breadcrumb\",\"itemListElement\":[{\"@type\":\"ListItem\",\"position\":1,\"name\":\"Dom\u016f\",\"item\":\"https:\/\/demostore.ai\/cs\/\"},{\"@type\":\"ListItem\",\"position\":2,\"name\":\"Obchod\",\"item\":\"https:\/\/demostore.ai\/cs\/obchod\/\"},{\"@type\":\"ListItem\",\"position\":3,\"name\":\"St\u0159\u00edbrn\u00e1 Bro\u017e s Koralov\u00fdm Akcentem\"}]},{\"@type\":\"WebSite\",\"@id\":\"https:\/\/demostore.ai\/cs\/#website\",\"url\":\"https:\/\/demostore.ai\/cs\/\",\"name\":\"Trendy Thread\",\"description\":\"Demo obchod WriteText.ai\",\"publisher\":{\"@id\":\"https:\/\/demostore.ai\/cs\/#organization\"},\"potentialAction\":[{\"@type\":\"SearchAction\",\"target\":{\"@type\":\"EntryPoint\",\"urlTemplate\":\"https:\/\/demostore.ai\/cs\/?s={search_term_string}\"},\"query-input\":{\"@type\":\"PropertyValueSpecification\",\"valueRequired\":true,\"valueName\":\"search_term_string\"}}],\"inLanguage\":\"cs\"},{\"@type\":\"Organization\",\"@id\":\"https:\/\/demostore.ai\/cs\/#organization\",\"name\":\"WriteText.ai\",\"url\":\"https:\/\/demostore.ai\/cs\/\",\"logo\":{\"@type\":\"ImageObject\",\"inLanguage\":\"cs\",\"@id\":\"https:\/\/demostore.ai\/cs\/#\/schema\/logo\/image\/\",\"url\":\"https:\/\/demostore.ai\/wp-content\/uploads\/2025\/10\/writetext_logo.webp\",\"contentUrl\":\"https:\/\/demostore.ai\/wp-content\/uploads\/2025\/10\/writetext_logo.webp\",\"width\":200,\"height\":34,\"caption\":\"WriteText.ai\"},\"image\":{\"@id\":\"https:\/\/demostore.ai\/cs\/#\/schema\/logo\/image\/\"}}]}<\/script>\n<!-- \/ Yoast SEO plugin. -->","yoast_head_json":{"title":"Objevte Best St\u0159\u00edbrnou Bro\u017e s Koralov\u00fdm Akcentem pro Elegantn\u00ed Styl","description":"Vzne\u0161en\u00fd \u0161perk s kor\u00e1lov\u00fdm akcentem p\u0159edstavuje origin\u00e1ln\u00ed spojen\u00ed klasick\u00e9ho st\u0159\u00edbra a perlov\u00e9ho designu. Vhodn\u00fd jak pro ka\u017edodenn\u00ed no\u0161en\u00ed, tak slavnostn\u00ed p\u0159\u00edle\u017eitosti.","robots":{"index":"index","follow":"follow","max-snippet":"max-snippet:-1","max-image-preview":"max-image-preview:large","max-video-preview":"max-video-preview:-1"},"canonical":"https:\/\/demostore.ai\/cs\/produkt\/stribrna-broz-s-koralovym-akcentem\/","og_type":"article","og_title":"Objevte Best St\u0159\u00edbrnou Bro\u017e s Koralov\u00fdm Akcentem pro Elegantn\u00ed Styl","og_description":"Jemn\u011b tvarovan\u00e1 st\u0159\u00edbrn\u00e1 bro\u017e s kor\u00e1lov\u00fdm akcentem nab\u00edz\u00ed elegantn\u00ed vzhled a promy\u0161len\u00fd design. Perfektn\u00ed volba pro speci\u00e1ln\u00ed p\u0159\u00edle\u017eitosti i vkusn\u00e9 o\u017eiven\u00ed ka\u017edodenn\u00edho outfitu.","og_url":"https:\/\/demostore.ai\/cs\/produkt\/stribrna-broz-s-koralovym-akcentem\/","og_site_name":"Trendy Thread","article_modified_time":"2026-02-19T03:06:09+00:00","og_image":[{"width":1000,"height":412,"url":"https:\/\/demostore.ai\/wp-content\/uploads\/2025\/07\/1-Silver-Coral-Brooch-with-Pearl-and-Zirconia-Crystal-Accents-1.png","type":"image\/png"}],"twitter_card":"summary_large_image","twitter_title":"Objevte Best St\u0159\u00edbrnou Bro\u017e s Koralov\u00fdm Akcentem pro Elegantn\u00ed Styl","twitter_description":"Jemn\u011b tvarovan\u00e1 st\u0159\u00edbrn\u00e1 bro\u017e s kor\u00e1lov\u00fdm akcentem nab\u00edz\u00ed elegantn\u00ed vzhled a promy\u0161len\u00fd design. Perfektn\u00ed volba pro speci\u00e1ln\u00ed p\u0159\u00edle\u017eitosti i vkusn\u00e9 o\u017eiven\u00ed ka\u017edodenn\u00edho outfitu.","twitter_misc":{"Odhadovan\u00e1 doba \u010dten\u00ed":"1 minuta"},"schema":{"@context":"https:\/\/schema.org","@graph":[{"@type":"WebPage","@id":"https:\/\/demostore.ai\/cs\/produkt\/stribrna-broz-s-koralovym-akcentem\/","url":"https:\/\/demostore.ai\/cs\/produkt\/stribrna-broz-s-koralovym-akcentem\/","name":"Objevte Best St\u0159\u00edbrnou Bro\u017e s Koralov\u00fdm Akcentem pro Elegantn\u00ed Styl","isPartOf":{"@id":"https:\/\/demostore.ai\/cs\/#website"},"primaryImageOfPage":{"@id":"https:\/\/demostore.ai\/cs\/produkt\/stribrna-broz-s-koralovym-akcentem\/#primaryimage"},"image":{"@id":"https:\/\/demostore.ai\/cs\/produkt\/stribrna-broz-s-koralovym-akcentem\/#primaryimage"},"thumbnailUrl":"https:\/\/demostore.ai\/wp-content\/uploads\/2025\/07\/1-Silver-Coral-Brooch-with-Pearl-and-Zirconia-Crystal-Accents-1.png","datePublished":"2025-07-27T22:51:18+00:00","dateModified":"2026-02-19T03:06:09+00:00","description":"Vzne\u0161en\u00fd \u0161perk s kor\u00e1lov\u00fdm akcentem p\u0159edstavuje origin\u00e1ln\u00ed spojen\u00ed klasick\u00e9ho st\u0159\u00edbra a perlov\u00e9ho designu. Vhodn\u00fd jak pro ka\u017edodenn\u00ed no\u0161en\u00ed, tak slavnostn\u00ed p\u0159\u00edle\u017eitosti.","breadcrumb":{"@id":"https:\/\/demostore.ai\/cs\/produkt\/stribrna-broz-s-koralovym-akcentem\/#breadcrumb"},"inLanguage":"cs","potentialAction":[{"@type":"ReadAction","target":["https:\/\/demostore.ai\/cs\/produkt\/stribrna-broz-s-koralovym-akcentem\/"]}]},{"@type":"ImageObject","inLanguage":"cs","@id":"https:\/\/demostore.ai\/cs\/produkt\/stribrna-broz-s-koralovym-akcentem\/#primaryimage","url":"https:\/\/demostore.ai\/wp-content\/uploads\/2025\/07\/1-Silver-Coral-Brooch-with-Pearl-and-Zirconia-Crystal-Accents-1.png","contentUrl":"https:\/\/demostore.ai\/wp-content\/uploads\/2025\/07\/1-Silver-Coral-Brooch-with-Pearl-and-Zirconia-Crystal-Accents-1.png","width":1000,"height":412,"caption":"St\u0159\u00edbrn\u00e1 bro\u017e s kor\u00e1lov\u00fdm akcentem a velkou b\u00edlou perlou uprost\u0159ed, dekorativn\u00ed design."},{"@type":"BreadcrumbList","@id":"https:\/\/demostore.ai\/cs\/produkt\/stribrna-broz-s-koralovym-akcentem\/#breadcrumb","itemListElement":[{"@type":"ListItem","position":1,"name":"Dom\u016f","item":"https:\/\/demostore.ai\/cs\/"},{"@type":"ListItem","position":2,"name":"Obchod","item":"https:\/\/demostore.ai\/cs\/obchod\/"},{"@type":"ListItem","position":3,"name":"St\u0159\u00edbrn\u00e1 Bro\u017e s Koralov\u00fdm Akcentem"}]},{"@type":"WebSite","@id":"https:\/\/demostore.ai\/cs\/#website","url":"https:\/\/demostore.ai\/cs\/","name":"Trendy Thread","description":"Demo obchod WriteText.ai","publisher":{"@id":"https:\/\/demostore.ai\/cs\/#organization"},"potentialAction":[{"@type":"SearchAction","target":{"@type":"EntryPoint","urlTemplate":"https:\/\/demostore.ai\/cs\/?s={search_term_string}"},"query-input":{"@type":"PropertyValueSpecification","valueRequired":true,"valueName":"search_term_string"}}],"inLanguage":"cs"},{"@type":"Organization","@id":"https:\/\/demostore.ai\/cs\/#organization","name":"WriteText.ai","url":"https:\/\/demostore.ai\/cs\/","logo":{"@type":"ImageObject","inLanguage":"cs","@id":"https:\/\/demostore.ai\/cs\/#\/schema\/logo\/image\/","url":"https:\/\/demostore.ai\/wp-content\/uploads\/2025\/10\/writetext_logo.webp","contentUrl":"https:\/\/demostore.ai\/wp-content\/uploads\/2025\/10\/writetext_logo.webp","width":200,"height":34,"caption":"WriteText.ai"},"image":{"@id":"https:\/\/demostore.ai\/cs\/#\/schema\/logo\/image\/"}}]}},"_links":{"self":[{"href":"https:\/\/demostore.ai\/cs\/wp-json\/wp\/v2\/product\/39124","targetHints":{"allow":["GET"]}}],"collection":[{"href":"https:\/\/demostore.ai\/cs\/wp-json\/wp\/v2\/product"}],"about":[{"href":"https:\/\/demostore.ai\/cs\/wp-json\/wp\/v2\/types\/product"}],"replies":[{"embeddable":true,"href":"https:\/\/demostore.ai\/cs\/wp-json\/wp\/v2\/comments?post=39124"}],"wp:featuredmedia":[{"embeddable":true,"href":"https:\/\/demostore.ai\/cs\/wp-json\/wp\/v2\/media\/32029"}],"wp:attachment":[{"href":"https:\/\/demostore.ai\/cs\/wp-json\/wp\/v2\/media?parent=39124"}],"wp:term":[{"taxonomy":"product_brand","embeddable":true,"href":"https:\/\/demostore.ai\/cs\/wp-json\/wp\/v2\/product_brand?post=39124"},{"taxonomy":"product_cat","embeddable":true,"href":"https:\/\/demostore.ai\/cs\/wp-json\/wp\/v2\/product_cat?post=39124"},{"taxonomy":"product_tag","embeddable":true,"href":"https:\/\/demostore.ai\/cs\/wp-json\/wp\/v2\/product_tag?post=39124"}],"curies":[{"name":"wp","href":"https:\/\/api.w.org\/{rel}","templated":true}]}}