{"id":39117,"date":"2025-06-13T08:34:21","date_gmt":"2025-06-13T00:34:21","guid":{"rendered":"https:\/\/demostore.ai\/?post_type=product&#038;p=39117"},"modified":"2026-02-19T16:05:52","modified_gmt":"2026-02-19T08:05:52","slug":"melounovy-hydratacni-toner-ponds","status":"publish","type":"product","link":"https:\/\/demostore.ai\/cs\/produkt\/melounovy-hydratacni-toner-ponds\/","title":{"rendered":"Melounov\u00fd hydrata\u010dn\u00ed toner Pond&#8217;s"},"content":{"rendered":"<section data-wtai-block-id=\"wtai_product_description_features\" class=\"wtai-section wtai-features-section\">\n<h2>Hlavn\u00ed p\u0159ednosti produktu<\/h2>\n<ul>\n<li><strong>Okam\u017eit\u00e1 hydratace pleti<\/strong> \u2013 poskytuje intenzivn\u00ed osv\u011b\u017een\u00ed a p\u0159\u00edjemn\u00fd pocit pru\u017enosti.<\/li>\n<li><strong>Zklid\u0148uje a sjednocuje<\/strong> \u2013 obnovuje komfort pleti po \u010di\u0161t\u011bn\u00ed a pom\u00e1h\u00e1 sjednotit jej\u00ed t\u00f3n.<\/li>\n<li><strong>Podporuje p\u0159irozen\u00fd lesk<\/strong> \u2013 p\u0159isp\u00edv\u00e1 k p\u0159irozen\u011b z\u00e1\u0159iv\u00e9mu vzhledu poko\u017eky (\u201eglass skin\u201c efekt).<\/li>\n<li><strong>Vhodn\u00fd i pro citlivou ple\u0165<\/strong> \u2013 neobsahuje alkohol, je jemn\u00fd a \u0161etrn\u00fd.<\/li>\n<li><strong>V\u00fdta\u017eek z melounu<\/strong> \u2013 bohat\u00fd na antioxidanty, kter\u00e9 chr\u00e1n\u00ed a revitalizuj\u00ed ple\u0165.<\/li>\n<li><strong>Kyselina hyaluronov\u00e1<\/strong> \u2013 udr\u017euje dlouhodobou vl\u00e1hu a podporuje hladkost.<\/li>\n<li><strong>Niacinamid<\/strong> \u2013 napom\u00e1h\u00e1 sjednocen\u00ed t\u00f3nu pleti a zpevn\u011bn\u00ed poko\u017eky.<\/li>\n<li><strong>Lehk\u00e1, rychle vst\u0159ebateln\u00e1 textura<\/strong> \u2013 ide\u00e1ln\u00ed pro vrstven\u00ed a ka\u017edodenn\u00ed pou\u017eit\u00ed.<\/li>\n<\/ul>\n<\/section>\n<div data-wtai-block-id=\"wtai_product_description_image_1753694499291\" class=\"wtai-section wtai-image_1753694499291-section\">\n<figure class=\"wtai-image-p wtai-align-center\" style=\"text-align:center\"><img decoding=\"async\" src=\"https:\/\/demostore.ai\/wp-content\/uploads\/2025\/06\/Toner-4-scaled-1.png\" alt=\"L\u00e1hev Melounov\u00e9ho hydrata\u010dn\u00edho toneru Pond\u2019s s otev\u0159en\u00fdm r\u016f\u017eov\u00fdm v\u00ed\u010dkem na produktov\u00e9 str\u00e1nce.\" srcset=\"https:\/\/demostore.ai\/wp-content\/uploads\/2025\/06\/Toner-4-scaled-1.png 575w, https:\/\/demostore.ai\/wp-content\/uploads\/2025\/06\/Toner-4-scaled-1-173x300.png 173w\"><figcaption>\n<p>Pr\u016fhledn\u00e1 lahvi\u010dka se sv\u011b\u017e\u00edm designem melounu l\u00e1k\u00e1 k okam\u017eit\u00e9mu osv\u011b\u017een\u00ed pleti.<\/p>\n<\/figcaption><\/figure>\n<\/p><\/div>\n<section data-wtai-block-id=\"wtai_product_description_benefits\" class=\"wtai-section wtai-benefits-section\">\n<h2>Pro\u010d si ho zamilujete<\/h2>\n<ul>\n<li>Podpo\u0159\u00ed sv\u011b\u017e\u00ed a zdrav\u00fd vzhled pleti hned po pou\u017eit\u00ed.<\/li>\n<li>Dod\u00e1v\u00e1 pocit hydratace, kter\u00fd vydr\u017e\u00ed po cel\u00fd den.<\/li>\n<li>Ulev\u00ed dehydratovan\u00e9 nebo podr\u00e1\u017ed\u011bn\u00e9 pleti.<\/li>\n<li>Usnadn\u00ed aplikaci dal\u0161\u00edch produkt\u016f p\u00e9\u010de.<\/li>\n<li>Pom\u016f\u017ee z\u00edskat sebed\u016fv\u011bru d\u00edky projasn\u011bn\u00e9 pleti.<\/li>\n<\/ul>\n<\/section>\n<section data-wtai-block-id=\"wtai_product_description_use_cases\" class=\"wtai-section wtai-use_cases-section\">\n<h3>Jak jej za\u0159adit do sv\u00e9 rutiny<\/h3>\n<ol>\n<li>R\u00e1no naneste na vy\u010di\u0161t\u011bnou ple\u0165 jako prvn\u00ed krok po umyt\u00ed.<\/li>\n<li>Ve\u010der pou\u017eijte po odl\u00ed\u010den\u00ed pro zklidn\u011bn\u00ed poko\u017eky.<\/li>\n<li>Aplikujte do dlan\u00ed nebo na kosmetick\u00fd tampon a jemn\u011b vklepejte.<\/li>\n<li>Ide\u00e1ln\u00ed p\u0159ed nanesen\u00edm s\u00e9ra nebo denn\u00edho\/no\u010dn\u00edho kr\u00e9mu.<\/li>\n<li>Osv\u011b\u017ete ple\u0165 kdykoli b\u011bhem dne podle pot\u0159eby.<\/li>\n<li>Vhodn\u00fd tak\u00e9 po cvi\u010den\u00ed jako rychl\u00fd hydrata\u010dn\u00ed restart.<\/li>\n<li>Pou\u017eijte p\u0159ed make-upem pro zv\u00fd\u0161en\u00ed sv\u011b\u017eesti.<\/li>\n<li>Vsa\u010fte na n\u011bj b\u011bhem hork\u00fdch dn\u00ed pro okam\u017eitou \u00falevu.<\/li>\n<\/ol>\n<\/section>\n<section data-wtai-block-id=\"wtai_product_description_technical_specifications\" class=\"wtai-section wtai-technical_specifications-section\">\n<h3>Detaily<\/h3>\n<ul>\n<li><strong>Objem<\/strong>: 110 ml<\/li>\n<li><strong>Vhodnost pro typy pleti<\/strong>: v\u0161echny typy, v\u010detn\u011b citliv\u00e9<\/li>\n<li><strong>Textura<\/strong>: lehk\u00e1, vodov\u00e1, rychle vst\u0159ebateln\u00e1<\/li>\n<li><strong>Hlavn\u00ed \u00fa\u010dinn\u00e9 slo\u017eky<\/strong>: extrakt z melounu, kyselina hyaluronov\u00e1, niacinamid<\/li>\n<\/ul>\n<\/section>\n<section data-wtai-block-id=\"wtai_product_description_custom_1753167803027\" class=\"wtai-section wtai-custom_1753167803027-section\">\n<h2>Pro jak\u00e9 typy pleti a probl\u00e9my je toner vhodn\u00fd<\/h2>\n<ul>\n<li><strong>Such\u00e1 ple\u0165<\/strong> \u2013 dod\u00e1v\u00e1 intenzivn\u00ed hydrataci a sv\u011b\u017eest<\/li>\n<li><strong>Matn\u00e1 ple\u0165<\/strong> \u2013 obnovuje p\u0159irozen\u00fd jas a vitalitu<\/li>\n<li><strong>Nevyrovnan\u00fd t\u00f3n pleti<\/strong> \u2013 sjednocuje vzhled a rozjas\u0148uje<\/li>\n<li><strong>Dehydratovan\u00e1 ple\u0165<\/strong> \u2013 okam\u017eit\u011b zvlh\u010duje a zanech\u00e1v\u00e1 hebk\u00fd pocit<\/li>\n<li><strong>Norm\u00e1ln\u00ed a sm\u00ed\u0161en\u00e1 ple\u0165<\/strong> \u2013 hydratuje bez zat\u00ed\u017een\u00ed nebo mastn\u00e9ho pocitu<\/li>\n<li><strong>Mastn\u00e1 ple\u0165<\/strong> \u2013 hydratuje bez lepivosti a nezan\u00e1\u0161\u00ed p\u00f3ry<\/li>\n<\/ul>\n<\/section>\n<section data-wtai-block-id=\"wtai_product_description_custom_1754200971412\" class=\"wtai-section wtai-custom_1754200971412-section\">\n<h2>Slo\u017een\u00ed produktu Melounov\u00fd hydrata\u010dn\u00ed toner Pond\u2019s<\/h2>\n<p>Aqua, Hexylene Glycol, Glycerin, Tocopheryl Acetate, Sodium Hyaluronate, Sodium Hyaluronate Crosspolymer, Hydrolyzed Sodium Hyaluronate, Sodium Acetylated Hyaluronate, Citrullus Lanatus Fruit Extract, Panthenol, Niacinamide, Hydroxyethyl Urea, Urea, PEG-6 Caprylic\/Capric Glycerides, Propylene Glycol, Ethylhexylglycerin, Pentylene Glycol, Sodium Chloride, Potassium Chloride, Parfum, Trideceth-9, PEG-40 Hydrogenated Castor Oil, Ammonium Lactate, Cetrimonium Chloride, Cetylpyridinium Chloride, Ethanolamine, Benzophenone-4, Tetrasodium EDTA, Phenoxyethanol, Citric Acid, Propanediol.<\/p>\n<\/section>\n<section data-wtai-block-id=\"wtai_product_description_faqs\" class=\"wtai-section wtai-faqs-section\">\n<h2>Nej\u010dast\u011bj\u0161\u00ed dotazy<\/h2>\n<p><strong>Je toner vhodn\u00fd pro citlivou poko\u017eku?<\/strong> <br \/> Ano, receptura bez alkoholu je jemn\u00e1 i pro citlivou ple\u0165.<\/p>\n<p><strong>Mohu toner pou\u017e\u00edvat r\u00e1no i ve\u010der?<\/strong> <br \/> Ano, jeho lehk\u00e9 slo\u017een\u00ed je ide\u00e1ln\u00ed k pou\u017eit\u00ed kdykoli v r\u00e1mci rutiny.<\/p>\n<p><strong>S \u010d\u00edm lze toner bezpe\u010dn\u011b kombinovat?<\/strong> <br \/> Hod\u00ed se ke ka\u017edodenn\u00ed p\u00e9\u010di a dob\u0159e se sn\u00e1\u0161\u00ed se s\u00e9ry i hydrata\u010dn\u00edmi kr\u00e9my.<\/p>\n<p><strong>Kdy uvid\u00edm prvn\u00ed v\u00fdsledky?<\/strong> <br \/> Prvn\u00ed efekt osv\u011b\u017een\u00ed a hydratace je patrn\u00fd ihned po pou\u017eit\u00ed.<\/p>\n<p><strong>Jak dlouho vydr\u017e\u00ed po otev\u0159en\u00ed?<\/strong> <br \/> Doporu\u010den\u00e1 spot\u0159eba je 6\u201312 m\u011bs\u00edc\u016f po otev\u0159en\u00ed.<\/p>\n<\/section>\n<section data-wtai-block-id=\"wtai_product_description_conclusion\" class=\"wtai-section wtai-conclusion-section\">\n<h2>Objevte s\u00edlu hydratace s melounov\u00fdm tonerem<\/h2>\n<p><em><strong>Melounov\u00fd hydrata\u010dn\u00ed toner Pond\u2019s dod\u00e1 va\u0161\u00ed pleti okam\u017eit\u00fd komfort a z\u00e1\u0159iv\u00fd vzhled.<\/strong><\/em> <em><strong>Vyzkou\u0161ejte tuto osv\u011b\u017euj\u00edc\u00ed p\u00e9\u010di u\u017e dnes a dop\u0159ejte sv\u00e9 poko\u017ece dotek sv\u011b\u017eesti, na kter\u00fd si rychle zvyknete.<\/strong><\/em><\/p>\n<\/section>\n","protected":false},"excerpt":{"rendered":"<div data-wtai-block-id=\"wtai_excerpt_subtitle\" class=\"wtai-section wtai-subtitle-section\">\n<p><em><strong>Jemn\u00fd dotek hydratace s osv\u011b\u017euj\u00edc\u00ed v\u016fn\u00ed melounu pro p\u0159irozen\u011b z\u00e1\u0159ivou ple\u0165.<\/strong><\/em><\/p>\n<\/p><\/div>\n<div data-wtai-block-id=\"wtai_excerpt_introduction\" class=\"wtai-section wtai-introduction-section\">\n<p>Za\u017eijte sv\u011b\u017e\u00ed pocit, kdykoli se v\u00e1m zacht\u011blo, s melounov\u00fdm hydrata\u010dn\u00edm tonerem Pond\u2019s. Tento toner n\u00e1dhern\u011b von\u00ed po melounu a rychle splyne s plet\u00ed, kterou okam\u017eit\u011b hydratuje a zanech\u00e1 sametov\u011b jemnou na dotek. Ide\u00e1ln\u00ed pro chv\u00edle, kdy c\u00edt\u00edte, \u017ee va\u0161e poko\u017eka tou\u017e\u00ed po povzbuzen\u00ed \u2013 r\u00e1no, po cvi\u010den\u00ed i b\u011bhem hektick\u00e9ho dne. Ka\u017ed\u00e1 aplikace je okam\u017eikem, kdy si m\u016f\u017eete dop\u0159\u00e1t p\u00e9\u010di i z\u00e1\u0159iv\u00fd, zdrav\u00fd vzhled. To je va\u0161e chv\u00edle kr\u00e1sy, jednoduch\u00e1, smysln\u00e1 a pln\u00e1 radosti z ka\u017edodenn\u00edho ritu\u00e1lu.<\/p>\n<\/p><\/div>\n","protected":false},"featured_media":16241,"comment_status":"open","ping_status":"closed","template":"","meta":[],"product_brand":[],"product_cat":[198],"product_tag":[],"class_list":{"0":"post-39117","1":"product","2":"type-product","3":"status-publish","4":"has-post-thumbnail","6":"product_cat-krasa-wellness","8":"first","9":"instock","10":"shipping-taxable","11":"purchasable","12":"product-type-simple"},"bundled_by":[],"bundle_stock_status":"instock","bundle_stock_quantity":null,"bundle_virtual":false,"bundle_layout":"","bundle_add_to_cart_form_location":"","bundle_editable_in_cart":false,"bundle_sold_individually_context":"","bundle_item_grouping":"","bundle_min_size":"","bundle_max_size":"","bundle_price":[],"bundled_items":[],"bundle_sell_ids":[],"yoast_head":"<!-- This site is optimized with the Yoast SEO plugin v25.2 - https:\/\/yoast.com\/wordpress\/plugins\/seo\/ -->\n<title>Objevte Melounov\u00fd Hydrata\u010dn\u00ed Toner Pond&#039;s Pro Z\u00e1\u0159iv\u011b Hladkou Ple\u0165<\/title>\n<meta name=\"description\" content=\"V\u00fdsledek lehk\u00e9 p\u00e9\u010de o poko\u017eku. Melounov\u00fd hydrata\u010dn\u00ed toner Pond\u2019s dod\u00e1v\u00e1 intenzivn\u00ed hydrataci, osv\u011b\u017euje a podporuje p\u0159irozen\u00fd jas pleti pro ka\u017ed\u00fd den.\" \/>\n<meta name=\"robots\" content=\"index, follow, max-snippet:-1, max-image-preview:large, max-video-preview:-1\" \/>\n<link rel=\"canonical\" href=\"https:\/\/demostore.ai\/cs\/produkt\/melounovy-hydratacni-toner-ponds\/\" \/>\n<meta property=\"og:type\" content=\"article\" \/>\n<meta property=\"og:title\" content=\"Objevte Melounov\u00fd Hydrata\u010dn\u00ed Toner Pond&#039;s Pro Z\u00e1\u0159iv\u011b Hladkou Ple\u0165\" \/>\n<meta property=\"og:description\" content=\"Z\u00e1\u017eitek osv\u011b\u017euj\u00edc\u00ed hydratace pro va\u0161i ple\u0165. Melounov\u00fd hydrata\u010dn\u00ed toner Pond\u2019s kombinuje jemnou p\u00e9\u010di, v\u00fdraznou hydrataci a antioxida\u010dn\u00ed \u00fa\u010dinky. Zanech\u00e1 poko\u017eku sv\u011b\u017e\u00ed, hebkou a z\u00e1\u0159iv\u011b sjednocenou.\" \/>\n<meta property=\"og:url\" content=\"https:\/\/demostore.ai\/cs\/produkt\/melounovy-hydratacni-toner-ponds\/\" \/>\n<meta property=\"og:site_name\" content=\"Trendy Thread\" \/>\n<meta property=\"article:modified_time\" content=\"2026-02-19T08:05:52+00:00\" \/>\n<meta property=\"og:image\" content=\"https:\/\/demostore.ai\/wp-content\/uploads\/2025\/06\/Toner-1-scaled-1.png\" \/>\n\t<meta property=\"og:image:width\" content=\"390\" \/>\n\t<meta property=\"og:image:height\" content=\"1000\" \/>\n\t<meta property=\"og:image:type\" content=\"image\/png\" \/>\n<meta name=\"twitter:card\" content=\"summary_large_image\" \/>\n<meta name=\"twitter:title\" content=\"Objevte Melounov\u00fd Hydrata\u010dn\u00ed Toner Pond&#039;s Pro Z\u00e1\u0159iv\u011b Hladkou Ple\u0165\" \/>\n<meta name=\"twitter:description\" content=\"Z\u00e1\u017eitek osv\u011b\u017euj\u00edc\u00ed hydratace pro va\u0161i ple\u0165. Melounov\u00fd hydrata\u010dn\u00ed toner Pond\u2019s kombinuje jemnou p\u00e9\u010di, v\u00fdraznou hydrataci a antioxida\u010dn\u00ed \u00fa\u010dinky. Zanech\u00e1 poko\u017eku sv\u011b\u017e\u00ed, hebkou a z\u00e1\u0159iv\u011b sjednocenou.\" \/>\n<meta name=\"twitter:label1\" content=\"Odhadovan\u00e1 doba \u010dten\u00ed\" \/>\n\t<meta name=\"twitter:data1\" content=\"1 minuta\" \/>\n<script type=\"application\/ld+json\" class=\"yoast-schema-graph\">{\"@context\":\"https:\/\/schema.org\",\"@graph\":[{\"@type\":\"WebPage\",\"@id\":\"https:\/\/demostore.ai\/cs\/produkt\/melounovy-hydratacni-toner-ponds\/\",\"url\":\"https:\/\/demostore.ai\/cs\/produkt\/melounovy-hydratacni-toner-ponds\/\",\"name\":\"Objevte Melounov\u00fd Hydrata\u010dn\u00ed Toner Pond's Pro Z\u00e1\u0159iv\u011b Hladkou Ple\u0165\",\"isPartOf\":{\"@id\":\"https:\/\/demostore.ai\/cs\/#website\"},\"primaryImageOfPage\":{\"@id\":\"https:\/\/demostore.ai\/cs\/produkt\/melounovy-hydratacni-toner-ponds\/#primaryimage\"},\"image\":{\"@id\":\"https:\/\/demostore.ai\/cs\/produkt\/melounovy-hydratacni-toner-ponds\/#primaryimage\"},\"thumbnailUrl\":\"https:\/\/demostore.ai\/wp-content\/uploads\/2025\/06\/Toner-1-scaled-1.png\",\"datePublished\":\"2025-06-13T00:34:21+00:00\",\"dateModified\":\"2026-02-19T08:05:52+00:00\",\"description\":\"V\u00fdsledek lehk\u00e9 p\u00e9\u010de o poko\u017eku. Melounov\u00fd hydrata\u010dn\u00ed toner Pond\u2019s dod\u00e1v\u00e1 intenzivn\u00ed hydrataci, osv\u011b\u017euje a podporuje p\u0159irozen\u00fd jas pleti pro ka\u017ed\u00fd den.\",\"breadcrumb\":{\"@id\":\"https:\/\/demostore.ai\/cs\/produkt\/melounovy-hydratacni-toner-ponds\/#breadcrumb\"},\"inLanguage\":\"cs\",\"potentialAction\":[{\"@type\":\"ReadAction\",\"target\":[\"https:\/\/demostore.ai\/cs\/produkt\/melounovy-hydratacni-toner-ponds\/\"]}]},{\"@type\":\"ImageObject\",\"inLanguage\":\"cs\",\"@id\":\"https:\/\/demostore.ai\/cs\/produkt\/melounovy-hydratacni-toner-ponds\/#primaryimage\",\"url\":\"https:\/\/demostore.ai\/wp-content\/uploads\/2025\/06\/Toner-1-scaled-1.png\",\"contentUrl\":\"https:\/\/demostore.ai\/wp-content\/uploads\/2025\/06\/Toner-1-scaled-1.png\",\"width\":390,\"height\":1000,\"caption\":\"L\u00e1hev melounov\u00e9ho hydrata\u010dn\u00edho toneru Pond\u2019s s r\u016f\u017eov\u00fdm v\u00ed\u010dkem zobrazen\u00e1 na produktov\u00e9 str\u00e1nce.\"},{\"@type\":\"BreadcrumbList\",\"@id\":\"https:\/\/demostore.ai\/cs\/produkt\/melounovy-hydratacni-toner-ponds\/#breadcrumb\",\"itemListElement\":[{\"@type\":\"ListItem\",\"position\":1,\"name\":\"Dom\u016f\",\"item\":\"https:\/\/demostore.ai\/cs\/\"},{\"@type\":\"ListItem\",\"position\":2,\"name\":\"Obchod\",\"item\":\"https:\/\/demostore.ai\/cs\/obchod\/\"},{\"@type\":\"ListItem\",\"position\":3,\"name\":\"Melounov\u00fd hydrata\u010dn\u00ed toner Pond&#8217;s\"}]},{\"@type\":\"WebSite\",\"@id\":\"https:\/\/demostore.ai\/cs\/#website\",\"url\":\"https:\/\/demostore.ai\/cs\/\",\"name\":\"Trendy Thread\",\"description\":\"Demo obchod WriteText.ai\",\"publisher\":{\"@id\":\"https:\/\/demostore.ai\/cs\/#organization\"},\"potentialAction\":[{\"@type\":\"SearchAction\",\"target\":{\"@type\":\"EntryPoint\",\"urlTemplate\":\"https:\/\/demostore.ai\/cs\/?s={search_term_string}\"},\"query-input\":{\"@type\":\"PropertyValueSpecification\",\"valueRequired\":true,\"valueName\":\"search_term_string\"}}],\"inLanguage\":\"cs\"},{\"@type\":\"Organization\",\"@id\":\"https:\/\/demostore.ai\/cs\/#organization\",\"name\":\"WriteText.ai\",\"url\":\"https:\/\/demostore.ai\/cs\/\",\"logo\":{\"@type\":\"ImageObject\",\"inLanguage\":\"cs\",\"@id\":\"https:\/\/demostore.ai\/cs\/#\/schema\/logo\/image\/\",\"url\":\"https:\/\/demostore.ai\/wp-content\/uploads\/2025\/10\/writetext_logo.webp\",\"contentUrl\":\"https:\/\/demostore.ai\/wp-content\/uploads\/2025\/10\/writetext_logo.webp\",\"width\":200,\"height\":34,\"caption\":\"WriteText.ai\"},\"image\":{\"@id\":\"https:\/\/demostore.ai\/cs\/#\/schema\/logo\/image\/\"}}]}<\/script>\n<!-- \/ Yoast SEO plugin. -->","yoast_head_json":{"title":"Objevte Melounov\u00fd Hydrata\u010dn\u00ed Toner Pond's Pro Z\u00e1\u0159iv\u011b Hladkou Ple\u0165","description":"V\u00fdsledek lehk\u00e9 p\u00e9\u010de o poko\u017eku. Melounov\u00fd hydrata\u010dn\u00ed toner Pond\u2019s dod\u00e1v\u00e1 intenzivn\u00ed hydrataci, osv\u011b\u017euje a podporuje p\u0159irozen\u00fd jas pleti pro ka\u017ed\u00fd den.","robots":{"index":"index","follow":"follow","max-snippet":"max-snippet:-1","max-image-preview":"max-image-preview:large","max-video-preview":"max-video-preview:-1"},"canonical":"https:\/\/demostore.ai\/cs\/produkt\/melounovy-hydratacni-toner-ponds\/","og_type":"article","og_title":"Objevte Melounov\u00fd Hydrata\u010dn\u00ed Toner Pond's Pro Z\u00e1\u0159iv\u011b Hladkou Ple\u0165","og_description":"Z\u00e1\u017eitek osv\u011b\u017euj\u00edc\u00ed hydratace pro va\u0161i ple\u0165. Melounov\u00fd hydrata\u010dn\u00ed toner Pond\u2019s kombinuje jemnou p\u00e9\u010di, v\u00fdraznou hydrataci a antioxida\u010dn\u00ed \u00fa\u010dinky. Zanech\u00e1 poko\u017eku sv\u011b\u017e\u00ed, hebkou a z\u00e1\u0159iv\u011b sjednocenou.","og_url":"https:\/\/demostore.ai\/cs\/produkt\/melounovy-hydratacni-toner-ponds\/","og_site_name":"Trendy Thread","article_modified_time":"2026-02-19T08:05:52+00:00","og_image":[{"width":390,"height":1000,"url":"https:\/\/demostore.ai\/wp-content\/uploads\/2025\/06\/Toner-1-scaled-1.png","type":"image\/png"}],"twitter_card":"summary_large_image","twitter_title":"Objevte Melounov\u00fd Hydrata\u010dn\u00ed Toner Pond's Pro Z\u00e1\u0159iv\u011b Hladkou Ple\u0165","twitter_description":"Z\u00e1\u017eitek osv\u011b\u017euj\u00edc\u00ed hydratace pro va\u0161i ple\u0165. Melounov\u00fd hydrata\u010dn\u00ed toner Pond\u2019s kombinuje jemnou p\u00e9\u010di, v\u00fdraznou hydrataci a antioxida\u010dn\u00ed \u00fa\u010dinky. Zanech\u00e1 poko\u017eku sv\u011b\u017e\u00ed, hebkou a z\u00e1\u0159iv\u011b sjednocenou.","twitter_misc":{"Odhadovan\u00e1 doba \u010dten\u00ed":"1 minuta"},"schema":{"@context":"https:\/\/schema.org","@graph":[{"@type":"WebPage","@id":"https:\/\/demostore.ai\/cs\/produkt\/melounovy-hydratacni-toner-ponds\/","url":"https:\/\/demostore.ai\/cs\/produkt\/melounovy-hydratacni-toner-ponds\/","name":"Objevte Melounov\u00fd Hydrata\u010dn\u00ed Toner Pond's Pro Z\u00e1\u0159iv\u011b Hladkou Ple\u0165","isPartOf":{"@id":"https:\/\/demostore.ai\/cs\/#website"},"primaryImageOfPage":{"@id":"https:\/\/demostore.ai\/cs\/produkt\/melounovy-hydratacni-toner-ponds\/#primaryimage"},"image":{"@id":"https:\/\/demostore.ai\/cs\/produkt\/melounovy-hydratacni-toner-ponds\/#primaryimage"},"thumbnailUrl":"https:\/\/demostore.ai\/wp-content\/uploads\/2025\/06\/Toner-1-scaled-1.png","datePublished":"2025-06-13T00:34:21+00:00","dateModified":"2026-02-19T08:05:52+00:00","description":"V\u00fdsledek lehk\u00e9 p\u00e9\u010de o poko\u017eku. Melounov\u00fd hydrata\u010dn\u00ed toner Pond\u2019s dod\u00e1v\u00e1 intenzivn\u00ed hydrataci, osv\u011b\u017euje a podporuje p\u0159irozen\u00fd jas pleti pro ka\u017ed\u00fd den.","breadcrumb":{"@id":"https:\/\/demostore.ai\/cs\/produkt\/melounovy-hydratacni-toner-ponds\/#breadcrumb"},"inLanguage":"cs","potentialAction":[{"@type":"ReadAction","target":["https:\/\/demostore.ai\/cs\/produkt\/melounovy-hydratacni-toner-ponds\/"]}]},{"@type":"ImageObject","inLanguage":"cs","@id":"https:\/\/demostore.ai\/cs\/produkt\/melounovy-hydratacni-toner-ponds\/#primaryimage","url":"https:\/\/demostore.ai\/wp-content\/uploads\/2025\/06\/Toner-1-scaled-1.png","contentUrl":"https:\/\/demostore.ai\/wp-content\/uploads\/2025\/06\/Toner-1-scaled-1.png","width":390,"height":1000,"caption":"L\u00e1hev melounov\u00e9ho hydrata\u010dn\u00edho toneru Pond\u2019s s r\u016f\u017eov\u00fdm v\u00ed\u010dkem zobrazen\u00e1 na produktov\u00e9 str\u00e1nce."},{"@type":"BreadcrumbList","@id":"https:\/\/demostore.ai\/cs\/produkt\/melounovy-hydratacni-toner-ponds\/#breadcrumb","itemListElement":[{"@type":"ListItem","position":1,"name":"Dom\u016f","item":"https:\/\/demostore.ai\/cs\/"},{"@type":"ListItem","position":2,"name":"Obchod","item":"https:\/\/demostore.ai\/cs\/obchod\/"},{"@type":"ListItem","position":3,"name":"Melounov\u00fd hydrata\u010dn\u00ed toner Pond&#8217;s"}]},{"@type":"WebSite","@id":"https:\/\/demostore.ai\/cs\/#website","url":"https:\/\/demostore.ai\/cs\/","name":"Trendy Thread","description":"Demo obchod WriteText.ai","publisher":{"@id":"https:\/\/demostore.ai\/cs\/#organization"},"potentialAction":[{"@type":"SearchAction","target":{"@type":"EntryPoint","urlTemplate":"https:\/\/demostore.ai\/cs\/?s={search_term_string}"},"query-input":{"@type":"PropertyValueSpecification","valueRequired":true,"valueName":"search_term_string"}}],"inLanguage":"cs"},{"@type":"Organization","@id":"https:\/\/demostore.ai\/cs\/#organization","name":"WriteText.ai","url":"https:\/\/demostore.ai\/cs\/","logo":{"@type":"ImageObject","inLanguage":"cs","@id":"https:\/\/demostore.ai\/cs\/#\/schema\/logo\/image\/","url":"https:\/\/demostore.ai\/wp-content\/uploads\/2025\/10\/writetext_logo.webp","contentUrl":"https:\/\/demostore.ai\/wp-content\/uploads\/2025\/10\/writetext_logo.webp","width":200,"height":34,"caption":"WriteText.ai"},"image":{"@id":"https:\/\/demostore.ai\/cs\/#\/schema\/logo\/image\/"}}]}},"_links":{"self":[{"href":"https:\/\/demostore.ai\/cs\/wp-json\/wp\/v2\/product\/39117","targetHints":{"allow":["GET"]}}],"collection":[{"href":"https:\/\/demostore.ai\/cs\/wp-json\/wp\/v2\/product"}],"about":[{"href":"https:\/\/demostore.ai\/cs\/wp-json\/wp\/v2\/types\/product"}],"replies":[{"embeddable":true,"href":"https:\/\/demostore.ai\/cs\/wp-json\/wp\/v2\/comments?post=39117"}],"wp:featuredmedia":[{"embeddable":true,"href":"https:\/\/demostore.ai\/cs\/wp-json\/wp\/v2\/media\/16241"}],"wp:attachment":[{"href":"https:\/\/demostore.ai\/cs\/wp-json\/wp\/v2\/media?parent=39117"}],"wp:term":[{"taxonomy":"product_brand","embeddable":true,"href":"https:\/\/demostore.ai\/cs\/wp-json\/wp\/v2\/product_brand?post=39117"},{"taxonomy":"product_cat","embeddable":true,"href":"https:\/\/demostore.ai\/cs\/wp-json\/wp\/v2\/product_cat?post=39117"},{"taxonomy":"product_tag","embeddable":true,"href":"https:\/\/demostore.ai\/cs\/wp-json\/wp\/v2\/product_tag?post=39117"}],"curies":[{"name":"wp","href":"https:\/\/api.w.org\/{rel}","templated":true}]}}