{"id":38732,"date":"2025-06-13T08:49:49","date_gmt":"2025-06-13T00:49:49","guid":{"rendered":"https:\/\/demostore.ai\/?post_type=product&#038;p=38732"},"modified":"2026-02-19T16:05:47","modified_gmt":"2026-02-19T08:05:47","slug":"ponds-gelovy-hydratacni-krem-s-vodnim-melounem","status":"publish","type":"product","link":"https:\/\/demostore.ai\/cs\/produkt\/ponds-gelovy-hydratacni-krem-s-vodnim-melounem\/","title":{"rendered":"Pond&#8217;s Gelov\u00fd Hydrata\u010dn\u00ed Kr\u00e9m s Vodn\u00edm Melounem"},"content":{"rendered":"<section data-wtai-block-id=\"wtai_product_description_features\" class=\"wtai-section wtai-features-section\">\n<h2>Hlavn\u00ed p\u0159ednosti produktu<\/h2>\n<ul>\n<li><strong>Intenzivn\u00ed hydratace<\/strong> poko\u017eky po dobu a\u017e 24 hodin<\/li>\n<li><strong>Lehk\u00e1 gelov\u00e1 textura<\/strong> zaji\u0161\u0165uje okam\u017eit\u00e9 osv\u011b\u017een\u00ed bez pocitu mastnoty<\/li>\n<li><strong>Zklid\u0148uje a zpev\u0148uje<\/strong> ple\u0165 i v n\u00e1ro\u010dn\u00fdch dnech<\/li>\n<li><strong>Podporuje zdrav\u00fd jas<\/strong> a sjednocen\u00fd vzhled pleti<\/li>\n<li><strong>V\u00fdta\u017eek z vodn\u00edho melounu<\/strong> p\u0159in\u00e1\u0161\u00ed p\u0159irozenou d\u00e1vku hydratace a sv\u011b\u017eesti<\/li>\n<li><strong>Vitam\u00edn E<\/strong> pom\u00e1h\u00e1 chr\u00e1nit ple\u0165 p\u0159ed \u0161kodliv\u00fdmi vn\u011bj\u0161\u00edmi vlivy<\/li>\n<li><strong>Bez oleje a alkoholu<\/strong> vhodn\u00e9 i pro citlivou ple\u0165<\/li>\n<li><strong>Rychle se vst\u0159eb\u00e1v\u00e1<\/strong> a neucp\u00e1v\u00e1 p\u00f3ry<\/li>\n<\/ul>\n<\/section>\n<div data-wtai-block-id=\"wtai_product_description_image_1753694499291\" class=\"wtai-section wtai-image_1753694499291-section\">\n<figure class=\"wtai-image-p wtai-align-center\" style=\"text-align:center\"><img decoding=\"async\" src=\"https:\/\/demostore.ai\/wp-content\/uploads\/2025\/06\/Moisturizer-4-scaled-1-600x372.png\" alt=\"Otev\u0159en\u00fd kel\u00edmek Pond\u2019s Gelov\u00fd Hydrata\u010dn\u00ed Kr\u00e9m s Vodn\u00edm Melounem, b\u00edl\u00fd v\u00ed\u010dko vedle.\" srcset=\"https:\/\/demostore.ai\/wp-content\/uploads\/2025\/06\/Moisturizer-4-scaled-1.png 1000w, https:\/\/demostore.ai\/wp-content\/uploads\/2025\/06\/Moisturizer-4-scaled-1-300x186.png 300w, https:\/\/demostore.ai\/wp-content\/uploads\/2025\/06\/Moisturizer-4-scaled-1-768x476.png 768w, https:\/\/demostore.ai\/wp-content\/uploads\/2025\/06\/Moisturizer-4-scaled-1-600x372.png 600w\"><figcaption>\n<p>Sklen\u011bn\u00fd kel\u00edmek s b\u00edl\u00fdm v\u00ed\u010dkem odhaluje jemn\u011b r\u016f\u017eov\u00fd gel, kter\u00fd p\u016fsob\u00ed osv\u011b\u017euj\u00edc\u00edm dojmem.<\/p>\n<\/figcaption><\/figure>\n<\/p><\/div>\n<section data-wtai-block-id=\"wtai_product_description_benefits\" class=\"wtai-section wtai-benefits-section\">\n<h2>Pro\u010d si ho zamilujete<\/h2>\n<ul>\n<li>Ple\u0165 p\u016fsob\u00ed sv\u011b\u017ee a viditeln\u011b hydratovan\u011b po cel\u00fd den<\/li>\n<li>Dod\u00e1 okam\u017eit\u00fd pocit lehkosti bez zat\u00ed\u017een\u00ed<\/li>\n<li>Pravideln\u00fdm pou\u017e\u00edv\u00e1n\u00edm rozjasn\u00ed a zjemn\u00ed ple\u0165<\/li>\n<li>Podpo\u0159\u00ed sebev\u011bdom\u00ed v ka\u017edodenn\u00ed p\u00e9\u010di o ple\u0165<\/li>\n<li>Redukuje pocity pnut\u00ed a suchosti<\/li>\n<\/ul>\n<\/section>\n<section data-wtai-block-id=\"wtai_product_description_use_cases\" class=\"wtai-section wtai-use_cases-section\">\n<h3>Jak za\u0159adit do va\u0161\u00ed rutiny<\/h3>\n<ol>\n<li>R\u00e1no naneste na \u010distou a suchou ple\u0165 jako prvn\u00ed krok po \u010di\u0161t\u011bn\u00ed<\/li>\n<li>Pou\u017e\u00edvejte i ve\u010der p\u0159ed span\u00edm pro celono\u010dn\u00ed hydrataci<\/li>\n<li>Vhodn\u00fd jako podkladov\u00e1 b\u00e1ze pod make-up<\/li>\n<li>Ide\u00e1ln\u00ed po sportu \u010di spr\u0161e k rychl\u00e9mu osv\u011b\u017een\u00ed<\/li>\n<li>Aplikujte na obli\u010dej, krk i dekolt pro sjednocen\u00fd vzhled<\/li>\n<li>Doporu\u010den\u00fd ka\u017edodenn\u00ed p\u00e9\u010de v ka\u017ed\u00e9m ro\u010dn\u00edm obdob\u00ed<\/li>\n<li>Pou\u017eijte kdykoliv b\u011bhem dne, kdy\u017e c\u00edt\u00edte, \u017ee ple\u0165 pot\u0159ebuje hydrataci<\/li>\n<li>Lze kombinovat s dal\u0161\u00edmi produkty Pond\u2019s pro intenzivn\u00ed p\u00e9\u010di<\/li>\n<\/ol>\n<\/section>\n<section data-wtai-block-id=\"wtai_product_description_technical_specifications\" class=\"wtai-section wtai-technical_specifications-section\">\n<h3>Podrobnosti<\/h3>\n<ul>\n<li><strong>Objem balen\u00ed:<\/strong> 50 ml<\/li>\n<li><strong>Typ produktu:<\/strong> Gelov\u00fd hydrata\u010dn\u00ed kr\u00e9m na obli\u010dej<\/li>\n<li><strong>Vhodn\u00e9 pro typ pleti:<\/strong> V\u0161echny typy, zejm\u00e9na citliv\u00e1 a sm\u00ed\u0161en\u00e1<\/li>\n<li><strong>Hlavn\u00ed slo\u017eky:<\/strong> V\u00fdta\u017eek z vodn\u00edho melounu, vitam\u00edn E<\/li>\n<\/ul>\n<\/section>\n<section data-wtai-block-id=\"wtai_product_description_custom_1753167803027\" class=\"wtai-section wtai-custom_1753167803027-section\">\n<h2>Pro koho je Pond\u2019s Gelov\u00fd Hydrata\u010dn\u00ed Kr\u00e9m s Vodn\u00edm Melounem ide\u00e1ln\u00ed<\/h2>\n<ul>\n<li><strong>Dehydratovan\u00e1 ple\u0165<\/strong> \u2013 intenzivn\u011b zvlh\u010duje bez zat\u00ed\u017een\u00ed poko\u017eky.<\/li>\n<li><strong>Unaven\u00fd vzhled pleti<\/strong> \u2013 ple\u0165 vypad\u00e1 sv\u011b\u017eej\u0161\u00ed a zdrav\u011bj\u0161\u00ed.<\/li>\n<li><strong>Citliv\u00e1 ple\u0165<\/strong> \u2013 lehk\u00e9 slo\u017een\u00ed nedr\u00e1\u017ed\u00ed a je \u0161etrn\u00e9.<\/li>\n<li><strong>Norm\u00e1ln\u00ed ple\u0165<\/strong> \u2013 perfektn\u00ed ka\u017edodenn\u00ed volba pro p\u0159irozenou rovnov\u00e1hu.<\/li>\n<li><strong>Such\u00e1 ple\u0165<\/strong> \u2013 dlouhodob\u011b pom\u00e1h\u00e1 udr\u017eet vl\u00e1hu.<\/li>\n<li><strong>Sm\u00ed\u0161en\u00e1 ple\u0165<\/strong> \u2013 rychle se vst\u0159eb\u00e1v\u00e1 a nezanech\u00e1v\u00e1 mastn\u00fd film.<\/li>\n<\/ul>\n<\/section>\n<section data-wtai-block-id=\"wtai_product_description_custom_1754200971412\" class=\"wtai-section wtai-custom_1754200971412-section\">\n<h2>Slo\u017een\u00ed<\/h2>\n<p>Aqua, Dimethicone, Glycerin, Butylene Glycol, Ammonium Acryloyldimethyltaurate\/VP Copolymer, Isohexadecane, Dimethicone\/Vinyl Dimethicone Crosspolymer, Caprylic\/Capric Triglyceride, Phenoxyethanol, Ammonium Acryloyldimethyltaurate\/Beheneth\u201125 Methacrylate Crosspolymer, Cetearyl Alcohol, Allantoin, Benzophenone\u20114, Linoleamidopropyl PG\u2011Dimonium Chloride Phosphate, Propylene Glycol, Tocopheryl Acetate, Stearic Acid, Niacinamide, Parfum, Dimethiconol, Sodium PCA, BHT, Disodium EDTA, Cetearyl Glucoside, PEG\u20114 Laurate, Propanediol, Sodium Hydroxide, T\u2011Butyl Alcohol, C12\u201114 Pareth\u201112, Iodopropynyl Butylcarbamate, Hydroxystearic Acid, Citrullus Lanatus (Watermelon) Fruit Extract, Arachidic Acid, Palmitic Acid, Sodium Ascorbyl Phosphate, Glucose, Chlorphenesin, Benzyl Alcohol, Benzyl Salicylate, Citronellol, Hexyl Cinnamal, Limonene, Linalool, CI 14700 (Red 4).<\/p>\n<\/section>\n<section data-wtai-block-id=\"wtai_product_description_faqs\" class=\"wtai-section wtai-faqs-section\">\n<h2>Nej\u010dast\u011bj\u0161\u00ed dotazy<\/h2>\n<p><strong>Je vhodn\u00fd pro citlivou ple\u0165?<\/strong> <br \/> Ano, kr\u00e9m je bez oleje a alkoholu a je vhodn\u00fd i pro citlivou poko\u017eku.<\/p>\n<p><strong>Lze kombinovat s aktivn\u00edmi slo\u017ekami jako retinol?<\/strong> <br \/> Ano, gelov\u00fd kr\u00e9m m\u016f\u017eete pou\u017e\u00edvat p\u0159ed i po produktech s aktivn\u00edmi l\u00e1tkami.<\/p>\n<p><strong>Jak rychle bude vid\u011bt v\u00fdsledek?<\/strong> <br \/> Ple\u0165 je hydratovan\u00e1 ihned, hlad\u0161\u00ed a sv\u011b\u017e\u00ed pocit pozn\u00e1te po prvn\u00edm pou\u017eit\u00ed.<\/p>\n<p><strong>Jak skladovat tento kr\u00e9m?<\/strong> <br \/> Skladujte na such\u00e9m a chladn\u00e9m m\u00edst\u011b mimo p\u0159\u00edm\u00e9 slunce.<\/p>\n<p><strong>Jak dlouho vydr\u017e\u00ed otev\u0159en\u00e9 balen\u00ed?<\/strong> <br \/> Po otev\u0159en\u00ed doporu\u010dujeme spot\u0159ebovat do 12 m\u011bs\u00edc\u016f.<\/p>\n<\/section>\n<section data-wtai-block-id=\"wtai_product_description_conclusion\" class=\"wtai-section wtai-conclusion-section\">\n<h2>Objevte s\u00edlu osv\u011b\u017een\u00ed<\/h2>\n<p><em><strong>Dop\u0159ejte sv\u00e9 pleti hydrataci a lehkost, kter\u00e1 vydr\u017e\u00ed cel\u00fd den.<\/strong><\/em> <em><strong>Za\u017eijte pocit sv\u011b\u017eesti a sebev\u011bdom\u00ed s ka\u017edou aplikac\u00ed.<\/strong><\/em> <em><strong>Ne\u010dekejte a zajist\u011bte si zdrav\u011b vypadaj\u00edc\u00ed ple\u0165 u\u017e dnes.<\/strong><\/em><\/p>\n<\/section>\n","protected":false},"excerpt":{"rendered":"<div data-wtai-block-id=\"wtai_excerpt_subtitle\" class=\"wtai-section wtai-subtitle-section\">\n<p><em><strong>Lehk\u00e1 hydratace pro sv\u011b\u017e\u00ed a z\u00e1\u0159ivou ple\u0165 ka\u017ed\u00fd den<\/strong><\/em><\/p>\n<\/p><\/div>\n<div data-wtai-block-id=\"wtai_excerpt_introduction\" class=\"wtai-section wtai-introduction-section\">\n<p>Naj\u00edt dokonal\u00fd hydrata\u010dn\u00ed kr\u00e9m, kter\u00fd spojuje lehkost, p\u0159\u00edrodn\u00ed slo\u017eky a smyslovou radost, je dnes jednodu\u0161\u0161\u00ed ne\u017e d\u0159\u00edv. Gelov\u00fd Hydrata\u010dn\u00ed Kr\u00e9m s Vodn\u00edm Melounem od Pond\u2019s nab\u00edz\u00ed jemnou, chladivou texturu, kter\u00e1 se okam\u017eit\u011b vst\u0159eb\u00e1v\u00e1 a zanech\u00e1v\u00e1 ple\u0165 sv\u011b\u017e\u00ed a p\u0159\u00edjemn\u011b hebkou. P\u0159in\u00e1\u0161\u00ed pocit luxusu do ka\u017edodenn\u00ed p\u00e9\u010de d\u00edky sv\u011b\u017eesti vodn\u00edho melounu. Ka\u017ed\u00e9 r\u00e1no \u010di ve\u010der si m\u016f\u017eete dop\u0159\u00e1t chv\u00edli jen pro sebe a u\u017e\u00edt si okam\u017eit\u00fd i dlouhotrvaj\u00edc\u00ed komfort pro ple\u0165 bez pocitu mastnoty. Va\u0161e tv\u00e1\u0159 z\u00edsk\u00e1 p\u0159irozen\u00fd jas, hydrataci a pocit lehkosti \u2014 p\u0159esn\u011b v duchu modern\u00edho \u017eivotn\u00edho stylu.<\/p>\n<\/p><\/div>\n","protected":false},"featured_media":16823,"comment_status":"open","ping_status":"closed","template":"","meta":[],"product_brand":[],"product_cat":[198],"product_tag":[],"class_list":{"0":"post-38732","1":"product","2":"type-product","3":"status-publish","4":"has-post-thumbnail","6":"product_cat-krasa-wellness","8":"first","9":"instock","10":"shipping-taxable","11":"purchasable","12":"product-type-simple"},"bundled_by":[],"bundle_stock_status":"instock","bundle_stock_quantity":null,"bundle_virtual":false,"bundle_layout":"","bundle_add_to_cart_form_location":"","bundle_editable_in_cart":false,"bundle_sold_individually_context":"","bundle_item_grouping":"","bundle_min_size":"","bundle_max_size":"","bundle_price":[],"bundled_items":[],"bundle_sell_ids":[],"yoast_head":"<!-- This site is optimized with the Yoast SEO plugin v25.2 - https:\/\/yoast.com\/wordpress\/plugins\/seo\/ -->\n<title>Objevte Gelov\u00fd Hydrata\u010dn\u00ed Kr\u00e9m s Vodn\u00edm Melounem pro Ka\u017edodenn\u00ed Sv\u011b\u017eest<\/title>\n<meta name=\"description\" content=\"Rann\u00ed i ve\u010dern\u00ed p\u00e9\u010de s gelov\u00fdm hydrata\u010dn\u00edm kr\u00e9mem Pond\u2019s s vodn\u00edm melounem poskytuje okam\u017eitou a dlouhodobou hydrataci pro sv\u011b\u017e\u00ed a rozjasn\u011bnou ple\u0165.\" \/>\n<meta name=\"robots\" content=\"index, follow, max-snippet:-1, max-image-preview:large, max-video-preview:-1\" \/>\n<link rel=\"canonical\" href=\"https:\/\/demostore.ai\/cs\/produkt\/ponds-gelovy-hydratacni-krem-s-vodnim-melounem\/\" \/>\n<meta property=\"og:type\" content=\"article\" \/>\n<meta property=\"og:title\" content=\"Objevte Gelov\u00fd Hydrata\u010dn\u00ed Kr\u00e9m s Vodn\u00edm Melounem pro Ka\u017edodenn\u00ed Sv\u011b\u017eest\" \/>\n<meta property=\"og:description\" content=\"Lehk\u00fd gelov\u00fd hydrata\u010dn\u00ed kr\u00e9m s v\u00fdta\u017ekem z vodn\u00edho melounu a vitam\u00ednem E nab\u00edz\u00ed okam\u017eit\u00e9 osv\u011b\u017een\u00ed, sjednocuje a zjem\u0148uje ple\u0165 a chr\u00e1n\u00ed ji p\u0159ed vysu\u0161en\u00edm b\u011bhem cel\u00e9ho dne.\" \/>\n<meta property=\"og:url\" content=\"https:\/\/demostore.ai\/cs\/produkt\/ponds-gelovy-hydratacni-krem-s-vodnim-melounem\/\" \/>\n<meta property=\"og:site_name\" content=\"Trendy Thread\" \/>\n<meta property=\"article:modified_time\" content=\"2026-02-19T08:05:47+00:00\" \/>\n<meta property=\"og:image\" content=\"https:\/\/demostore.ai\/wp-content\/uploads\/2025\/06\/Moisturizer-1-scaled-1.png\" \/>\n\t<meta property=\"og:image:width\" content=\"1000\" \/>\n\t<meta property=\"og:image:height\" content=\"1000\" \/>\n\t<meta property=\"og:image:type\" content=\"image\/png\" \/>\n<meta name=\"twitter:card\" content=\"summary_large_image\" \/>\n<meta name=\"twitter:title\" content=\"Objevte Gelov\u00fd Hydrata\u010dn\u00ed Kr\u00e9m s Vodn\u00edm Melounem pro Ka\u017edodenn\u00ed Sv\u011b\u017eest\" \/>\n<meta name=\"twitter:description\" content=\"Lehk\u00fd gelov\u00fd hydrata\u010dn\u00ed kr\u00e9m s v\u00fdta\u017ekem z vodn\u00edho melounu a vitam\u00ednem E nab\u00edz\u00ed okam\u017eit\u00e9 osv\u011b\u017een\u00ed, sjednocuje a zjem\u0148uje ple\u0165 a chr\u00e1n\u00ed ji p\u0159ed vysu\u0161en\u00edm b\u011bhem cel\u00e9ho dne.\" \/>\n<meta name=\"twitter:label1\" content=\"Odhadovan\u00e1 doba \u010dten\u00ed\" \/>\n\t<meta name=\"twitter:data1\" content=\"1 minuta\" \/>\n<script type=\"application\/ld+json\" class=\"yoast-schema-graph\">{\"@context\":\"https:\/\/schema.org\",\"@graph\":[{\"@type\":\"WebPage\",\"@id\":\"https:\/\/demostore.ai\/cs\/produkt\/ponds-gelovy-hydratacni-krem-s-vodnim-melounem\/\",\"url\":\"https:\/\/demostore.ai\/cs\/produkt\/ponds-gelovy-hydratacni-krem-s-vodnim-melounem\/\",\"name\":\"Objevte Gelov\u00fd Hydrata\u010dn\u00ed Kr\u00e9m s Vodn\u00edm Melounem pro Ka\u017edodenn\u00ed Sv\u011b\u017eest\",\"isPartOf\":{\"@id\":\"https:\/\/demostore.ai\/cs\/#website\"},\"primaryImageOfPage\":{\"@id\":\"https:\/\/demostore.ai\/cs\/produkt\/ponds-gelovy-hydratacni-krem-s-vodnim-melounem\/#primaryimage\"},\"image\":{\"@id\":\"https:\/\/demostore.ai\/cs\/produkt\/ponds-gelovy-hydratacni-krem-s-vodnim-melounem\/#primaryimage\"},\"thumbnailUrl\":\"https:\/\/demostore.ai\/wp-content\/uploads\/2025\/06\/Moisturizer-1-scaled-1.png\",\"datePublished\":\"2025-06-13T00:49:49+00:00\",\"dateModified\":\"2026-02-19T08:05:47+00:00\",\"description\":\"Rann\u00ed i ve\u010dern\u00ed p\u00e9\u010de s gelov\u00fdm hydrata\u010dn\u00edm kr\u00e9mem Pond\u2019s s vodn\u00edm melounem poskytuje okam\u017eitou a dlouhodobou hydrataci pro sv\u011b\u017e\u00ed a rozjasn\u011bnou ple\u0165.\",\"breadcrumb\":{\"@id\":\"https:\/\/demostore.ai\/cs\/produkt\/ponds-gelovy-hydratacni-krem-s-vodnim-melounem\/#breadcrumb\"},\"inLanguage\":\"cs\",\"potentialAction\":[{\"@type\":\"ReadAction\",\"target\":[\"https:\/\/demostore.ai\/cs\/produkt\/ponds-gelovy-hydratacni-krem-s-vodnim-melounem\/\"]}]},{\"@type\":\"ImageObject\",\"inLanguage\":\"cs\",\"@id\":\"https:\/\/demostore.ai\/cs\/produkt\/ponds-gelovy-hydratacni-krem-s-vodnim-melounem\/#primaryimage\",\"url\":\"https:\/\/demostore.ai\/wp-content\/uploads\/2025\/06\/Moisturizer-1-scaled-1.png\",\"contentUrl\":\"https:\/\/demostore.ai\/wp-content\/uploads\/2025\/06\/Moisturizer-1-scaled-1.png\",\"width\":1000,\"height\":1000,\"caption\":\"Pond\u2019s Gelov\u00fd Hydrata\u010dn\u00ed Kr\u00e9m s vodn\u00edm melounem ve sklen\u011bn\u00e9 d\u00f3ze, produkt na hydrataci pleti.\"},{\"@type\":\"BreadcrumbList\",\"@id\":\"https:\/\/demostore.ai\/cs\/produkt\/ponds-gelovy-hydratacni-krem-s-vodnim-melounem\/#breadcrumb\",\"itemListElement\":[{\"@type\":\"ListItem\",\"position\":1,\"name\":\"Dom\u016f\",\"item\":\"https:\/\/demostore.ai\/cs\/\"},{\"@type\":\"ListItem\",\"position\":2,\"name\":\"Obchod\",\"item\":\"https:\/\/demostore.ai\/cs\/obchod\/\"},{\"@type\":\"ListItem\",\"position\":3,\"name\":\"Pond&#8217;s Gelov\u00fd Hydrata\u010dn\u00ed Kr\u00e9m s Vodn\u00edm Melounem\"}]},{\"@type\":\"WebSite\",\"@id\":\"https:\/\/demostore.ai\/cs\/#website\",\"url\":\"https:\/\/demostore.ai\/cs\/\",\"name\":\"Trendy Thread\",\"description\":\"Demo obchod WriteText.ai\",\"publisher\":{\"@id\":\"https:\/\/demostore.ai\/cs\/#organization\"},\"potentialAction\":[{\"@type\":\"SearchAction\",\"target\":{\"@type\":\"EntryPoint\",\"urlTemplate\":\"https:\/\/demostore.ai\/cs\/?s={search_term_string}\"},\"query-input\":{\"@type\":\"PropertyValueSpecification\",\"valueRequired\":true,\"valueName\":\"search_term_string\"}}],\"inLanguage\":\"cs\"},{\"@type\":\"Organization\",\"@id\":\"https:\/\/demostore.ai\/cs\/#organization\",\"name\":\"WriteText.ai\",\"url\":\"https:\/\/demostore.ai\/cs\/\",\"logo\":{\"@type\":\"ImageObject\",\"inLanguage\":\"cs\",\"@id\":\"https:\/\/demostore.ai\/cs\/#\/schema\/logo\/image\/\",\"url\":\"https:\/\/demostore.ai\/wp-content\/uploads\/2025\/10\/writetext_logo.webp\",\"contentUrl\":\"https:\/\/demostore.ai\/wp-content\/uploads\/2025\/10\/writetext_logo.webp\",\"width\":200,\"height\":34,\"caption\":\"WriteText.ai\"},\"image\":{\"@id\":\"https:\/\/demostore.ai\/cs\/#\/schema\/logo\/image\/\"}}]}<\/script>\n<!-- \/ Yoast SEO plugin. -->","yoast_head_json":{"title":"Objevte Gelov\u00fd Hydrata\u010dn\u00ed Kr\u00e9m s Vodn\u00edm Melounem pro Ka\u017edodenn\u00ed Sv\u011b\u017eest","description":"Rann\u00ed i ve\u010dern\u00ed p\u00e9\u010de s gelov\u00fdm hydrata\u010dn\u00edm kr\u00e9mem Pond\u2019s s vodn\u00edm melounem poskytuje okam\u017eitou a dlouhodobou hydrataci pro sv\u011b\u017e\u00ed a rozjasn\u011bnou ple\u0165.","robots":{"index":"index","follow":"follow","max-snippet":"max-snippet:-1","max-image-preview":"max-image-preview:large","max-video-preview":"max-video-preview:-1"},"canonical":"https:\/\/demostore.ai\/cs\/produkt\/ponds-gelovy-hydratacni-krem-s-vodnim-melounem\/","og_type":"article","og_title":"Objevte Gelov\u00fd Hydrata\u010dn\u00ed Kr\u00e9m s Vodn\u00edm Melounem pro Ka\u017edodenn\u00ed Sv\u011b\u017eest","og_description":"Lehk\u00fd gelov\u00fd hydrata\u010dn\u00ed kr\u00e9m s v\u00fdta\u017ekem z vodn\u00edho melounu a vitam\u00ednem E nab\u00edz\u00ed okam\u017eit\u00e9 osv\u011b\u017een\u00ed, sjednocuje a zjem\u0148uje ple\u0165 a chr\u00e1n\u00ed ji p\u0159ed vysu\u0161en\u00edm b\u011bhem cel\u00e9ho dne.","og_url":"https:\/\/demostore.ai\/cs\/produkt\/ponds-gelovy-hydratacni-krem-s-vodnim-melounem\/","og_site_name":"Trendy Thread","article_modified_time":"2026-02-19T08:05:47+00:00","og_image":[{"width":1000,"height":1000,"url":"https:\/\/demostore.ai\/wp-content\/uploads\/2025\/06\/Moisturizer-1-scaled-1.png","type":"image\/png"}],"twitter_card":"summary_large_image","twitter_title":"Objevte Gelov\u00fd Hydrata\u010dn\u00ed Kr\u00e9m s Vodn\u00edm Melounem pro Ka\u017edodenn\u00ed Sv\u011b\u017eest","twitter_description":"Lehk\u00fd gelov\u00fd hydrata\u010dn\u00ed kr\u00e9m s v\u00fdta\u017ekem z vodn\u00edho melounu a vitam\u00ednem E nab\u00edz\u00ed okam\u017eit\u00e9 osv\u011b\u017een\u00ed, sjednocuje a zjem\u0148uje ple\u0165 a chr\u00e1n\u00ed ji p\u0159ed vysu\u0161en\u00edm b\u011bhem cel\u00e9ho dne.","twitter_misc":{"Odhadovan\u00e1 doba \u010dten\u00ed":"1 minuta"},"schema":{"@context":"https:\/\/schema.org","@graph":[{"@type":"WebPage","@id":"https:\/\/demostore.ai\/cs\/produkt\/ponds-gelovy-hydratacni-krem-s-vodnim-melounem\/","url":"https:\/\/demostore.ai\/cs\/produkt\/ponds-gelovy-hydratacni-krem-s-vodnim-melounem\/","name":"Objevte Gelov\u00fd Hydrata\u010dn\u00ed Kr\u00e9m s Vodn\u00edm Melounem pro Ka\u017edodenn\u00ed Sv\u011b\u017eest","isPartOf":{"@id":"https:\/\/demostore.ai\/cs\/#website"},"primaryImageOfPage":{"@id":"https:\/\/demostore.ai\/cs\/produkt\/ponds-gelovy-hydratacni-krem-s-vodnim-melounem\/#primaryimage"},"image":{"@id":"https:\/\/demostore.ai\/cs\/produkt\/ponds-gelovy-hydratacni-krem-s-vodnim-melounem\/#primaryimage"},"thumbnailUrl":"https:\/\/demostore.ai\/wp-content\/uploads\/2025\/06\/Moisturizer-1-scaled-1.png","datePublished":"2025-06-13T00:49:49+00:00","dateModified":"2026-02-19T08:05:47+00:00","description":"Rann\u00ed i ve\u010dern\u00ed p\u00e9\u010de s gelov\u00fdm hydrata\u010dn\u00edm kr\u00e9mem Pond\u2019s s vodn\u00edm melounem poskytuje okam\u017eitou a dlouhodobou hydrataci pro sv\u011b\u017e\u00ed a rozjasn\u011bnou ple\u0165.","breadcrumb":{"@id":"https:\/\/demostore.ai\/cs\/produkt\/ponds-gelovy-hydratacni-krem-s-vodnim-melounem\/#breadcrumb"},"inLanguage":"cs","potentialAction":[{"@type":"ReadAction","target":["https:\/\/demostore.ai\/cs\/produkt\/ponds-gelovy-hydratacni-krem-s-vodnim-melounem\/"]}]},{"@type":"ImageObject","inLanguage":"cs","@id":"https:\/\/demostore.ai\/cs\/produkt\/ponds-gelovy-hydratacni-krem-s-vodnim-melounem\/#primaryimage","url":"https:\/\/demostore.ai\/wp-content\/uploads\/2025\/06\/Moisturizer-1-scaled-1.png","contentUrl":"https:\/\/demostore.ai\/wp-content\/uploads\/2025\/06\/Moisturizer-1-scaled-1.png","width":1000,"height":1000,"caption":"Pond\u2019s Gelov\u00fd Hydrata\u010dn\u00ed Kr\u00e9m s vodn\u00edm melounem ve sklen\u011bn\u00e9 d\u00f3ze, produkt na hydrataci pleti."},{"@type":"BreadcrumbList","@id":"https:\/\/demostore.ai\/cs\/produkt\/ponds-gelovy-hydratacni-krem-s-vodnim-melounem\/#breadcrumb","itemListElement":[{"@type":"ListItem","position":1,"name":"Dom\u016f","item":"https:\/\/demostore.ai\/cs\/"},{"@type":"ListItem","position":2,"name":"Obchod","item":"https:\/\/demostore.ai\/cs\/obchod\/"},{"@type":"ListItem","position":3,"name":"Pond&#8217;s Gelov\u00fd Hydrata\u010dn\u00ed Kr\u00e9m s Vodn\u00edm Melounem"}]},{"@type":"WebSite","@id":"https:\/\/demostore.ai\/cs\/#website","url":"https:\/\/demostore.ai\/cs\/","name":"Trendy Thread","description":"Demo obchod WriteText.ai","publisher":{"@id":"https:\/\/demostore.ai\/cs\/#organization"},"potentialAction":[{"@type":"SearchAction","target":{"@type":"EntryPoint","urlTemplate":"https:\/\/demostore.ai\/cs\/?s={search_term_string}"},"query-input":{"@type":"PropertyValueSpecification","valueRequired":true,"valueName":"search_term_string"}}],"inLanguage":"cs"},{"@type":"Organization","@id":"https:\/\/demostore.ai\/cs\/#organization","name":"WriteText.ai","url":"https:\/\/demostore.ai\/cs\/","logo":{"@type":"ImageObject","inLanguage":"cs","@id":"https:\/\/demostore.ai\/cs\/#\/schema\/logo\/image\/","url":"https:\/\/demostore.ai\/wp-content\/uploads\/2025\/10\/writetext_logo.webp","contentUrl":"https:\/\/demostore.ai\/wp-content\/uploads\/2025\/10\/writetext_logo.webp","width":200,"height":34,"caption":"WriteText.ai"},"image":{"@id":"https:\/\/demostore.ai\/cs\/#\/schema\/logo\/image\/"}}]}},"_links":{"self":[{"href":"https:\/\/demostore.ai\/cs\/wp-json\/wp\/v2\/product\/38732","targetHints":{"allow":["GET"]}}],"collection":[{"href":"https:\/\/demostore.ai\/cs\/wp-json\/wp\/v2\/product"}],"about":[{"href":"https:\/\/demostore.ai\/cs\/wp-json\/wp\/v2\/types\/product"}],"replies":[{"embeddable":true,"href":"https:\/\/demostore.ai\/cs\/wp-json\/wp\/v2\/comments?post=38732"}],"wp:featuredmedia":[{"embeddable":true,"href":"https:\/\/demostore.ai\/cs\/wp-json\/wp\/v2\/media\/16823"}],"wp:attachment":[{"href":"https:\/\/demostore.ai\/cs\/wp-json\/wp\/v2\/media?parent=38732"}],"wp:term":[{"taxonomy":"product_brand","embeddable":true,"href":"https:\/\/demostore.ai\/cs\/wp-json\/wp\/v2\/product_brand?post=38732"},{"taxonomy":"product_cat","embeddable":true,"href":"https:\/\/demostore.ai\/cs\/wp-json\/wp\/v2\/product_cat?post=38732"},{"taxonomy":"product_tag","embeddable":true,"href":"https:\/\/demostore.ai\/cs\/wp-json\/wp\/v2\/product_tag?post=38732"}],"curies":[{"name":"wp","href":"https:\/\/api.w.org\/{rel}","templated":true}]}}