{"id":38670,"date":"2025-06-13T08:54:18","date_gmt":"2025-06-13T00:54:18","guid":{"rendered":"https:\/\/demostore.ai\/?post_type=product&#038;p=38670"},"modified":"2026-02-19T16:05:41","modified_gmt":"2026-02-19T08:05:41","slug":"megan-slupovaci-maska-s-aktivnim-uhlim","status":"publish","type":"product","link":"https:\/\/demostore.ai\/cs\/produkt\/megan-slupovaci-maska-s-aktivnim-uhlim\/","title":{"rendered":"Megan Slupovac\u00ed Maska s Aktivn\u00edm Uhl\u00edm"},"content":{"rendered":"<section data-wtai-block-id=\"wtai_product_description_features\" class=\"wtai-section wtai-features-section\">\n<h2>Hlavn\u00ed p\u0159ednosti produktu<\/h2>\n<ul>\n<li><strong>Hloubkov\u011b \u010dist\u00ed ple\u0165<\/strong> a odstra\u0148uje ne\u010distoty z p\u00f3r\u016f pro sv\u011b\u017eej\u0161\u00ed vzhled.<\/li>\n<li><strong>Okam\u017eit\u011b rozjas\u0148uje a sjednocuje barevn\u00fd t\u00f3n<\/strong> d\u00edky slo\u017een\u00ed s niacinamidem.<\/li>\n<li><strong>Uklid\u0148uje a osv\u011b\u017euje poko\u017eku<\/strong> bez vysou\u0161en\u00ed a pocitu pnut\u00ed.<\/li>\n<li><strong>Reguluje nadm\u011brnou tvorbu mazu<\/strong> pro matn\u011bj\u0161\u00ed a \u010dist\u0161\u00ed poko\u017eku.<\/li>\n<li><strong>Snadn\u00e9 slupov\u00e1n\u00ed bez podr\u00e1\u017ed\u011bn\u00ed<\/strong> v\u00fdrazn\u011b usnad\u0148uje rutinu kombinovan\u00e9 i problematick\u00e9 pleti.<\/li>\n<li><strong>Aktivn\u00ed uhl\u00ed<\/strong> pom\u00e1h\u00e1 vytahovat \u010dern\u00e9 te\u010dky a toxiny v jednom kroku.<\/li>\n<li><strong>Niacinamid<\/strong> p\u0159isp\u00edv\u00e1 ke zjemn\u011bn\u00ed pleti a minimalizuje viditelnost p\u00f3r\u016f.<\/li>\n<li><strong>Salicylov\u00e1 kyselina<\/strong> podporuje pro\u010di\u0161t\u011bn\u00ed a p\u0159irozenou obnovu poko\u017eky.<\/li>\n<\/ul>\n<\/section>\n<div data-wtai-block-id=\"wtai_product_description_image_1753694499291\" class=\"wtai-section wtai-image_1753694499291-section\">\n<figure class=\"wtai-image-p wtai-align-center\" style=\"text-align:center\"><img decoding=\"async\" src=\"https:\/\/demostore.ai\/wp-content\/uploads\/2025\/06\/Face-mask-4-scaled-1-600x900.png\" alt=\"Tuba Megan slupovac\u00ed masky s aktivn\u00edm uhl\u00edm, vyt\u00e9kaj\u00edc\u00ed \u010dern\u00fd gel na b\u00edl\u00e9m pozad\u00ed.\" srcset=\"https:\/\/demostore.ai\/wp-content\/uploads\/2025\/06\/Face-mask-4-scaled-1.png 667w, https:\/\/demostore.ai\/wp-content\/uploads\/2025\/06\/Face-mask-4-scaled-1-200x300.png 200w, https:\/\/demostore.ai\/wp-content\/uploads\/2025\/06\/Face-mask-4-scaled-1-600x900.png 600w\"><figcaption>\n<p>Hust\u00e1 \u010dern\u00e1 textura s aktivn\u00edm uhl\u00edm napov\u00edd\u00e1 intenzivn\u00ed p\u00e9\u010di o ple\u0165 a \u010di\u0161t\u011bn\u00ed p\u00f3r\u016f.<\/p>\n<\/figcaption><\/figure>\n<\/p><\/div>\n<section data-wtai-block-id=\"wtai_product_description_benefits\" class=\"wtai-section wtai-benefits-section\">\n<h2>Pro\u010d si ji zamilujete<\/h2>\n<ul>\n<li>Ple\u0165 je viditeln\u011b \u010dist\u0161\u00ed a jemn\u011bj\u0161\u00ed u\u017e po prvn\u00edm pou\u017eit\u00ed.<\/li>\n<li>Rovnom\u011brn\u011b sjednocuje t\u00f3n, tak\u017ee z\u00e1\u0159\u00ed sebev\u011bdom\u00edm.<\/li>\n<li>Minimalizuje \u010dern\u00e9 te\u010dky a podporuje zdrav\u00fd vzhled.<\/li>\n<li>P\u0159in\u00e1\u0161\u00ed pocit okam\u017eit\u00e9 sv\u011b\u017eesti a lehkosti.<\/li>\n<li>Dod\u00e1v\u00e1 pleti hebkost bez podr\u00e1\u017ed\u011bn\u00ed \u010di vysu\u0161en\u00ed.<\/li>\n<\/ul>\n<\/section>\n<section data-wtai-block-id=\"wtai_product_description_use_cases\" class=\"wtai-section wtai-use_cases-section\">\n<h3>Jak ji za\u0159adit do sv\u00e9 rutiny<\/h3>\n<ol>\n<li>Za\u010dn\u011bte s \u010distou a suchou plet\u00ed p\u0159ed aplikac\u00ed masky.<\/li>\n<li>Naneste rovnom\u011brnou, tenkou vrstvu na tv\u00e1\u0159, vyhn\u011bte se o\u010d\u00edm a rt\u016fm.<\/li>\n<li>Pou\u017e\u00edvejte ve\u010der pro intenzivn\u00ed o\u010distu nebo r\u00e1no pro sv\u011b\u017eest.<\/li>\n<li>Nechte p\u016fsobit 15\u201320 minut, dokud maska zcela nezaschne.<\/li>\n<li>Sloupn\u011bte masku sm\u011brem od brady ke sp\u00e1nk\u016fm.<\/li>\n<li>Opl\u00e1chn\u011bte zbytky vla\u017enou vodou pro dokonale \u010dist\u00fd pocit.<\/li>\n<li>Pou\u017e\u00edvejte 2\u20133\u00d7 t\u00fddn\u011b pro nejlep\u0161\u00ed v\u00fdsledky.<\/li>\n<li>Ide\u00e1ln\u00ed i p\u0159ed l\u00ed\u010den\u00edm nebo jako relaxa\u010dn\u00ed ritu\u00e1l po n\u00e1ro\u010dn\u00e9m dni.<\/li>\n<\/ol>\n<\/section>\n<section data-wtai-block-id=\"wtai_product_description_technical_specifications\" class=\"wtai-section wtai-technical_specifications-section\">\n<h3>Detaily<\/h3>\n<ul>\n<li><strong>Obsah balen\u00ed: 50 ml<\/strong><\/li>\n<li><strong>Typ produktu: Slupovac\u00ed ple\u0165ov\u00e1 maska<\/strong><\/li>\n<li><strong>Kl\u00ed\u010dov\u00e9 slo\u017eky: Aktivn\u00ed uhl\u00ed, niacinamid, kyselina salicylov\u00e1<\/strong><\/li>\n<li><strong>Vhodn\u00e9 pro typ pleti: Sm\u00ed\u0161en\u00e1, mastn\u00e1, problematick\u00e1<\/strong><\/li>\n<\/ul>\n<\/section>\n<section data-wtai-block-id=\"wtai_product_description_custom_1753167803027\" class=\"wtai-section wtai-custom_1753167803027-section\">\n<h2>Probl\u00e9my pleti a typy, pro kter\u00e9 je maska vhodn\u00e1<\/h2>\n<ul>\n<li><strong>Zanesen\u00e9 p\u00f3ry<\/strong>: Hloubkov\u011b \u010dist\u00ed a stahuje ucpan\u00e9 p\u00f3ry.<\/li>\n<li><strong>\u010cern\u00e9 te\u010dky<\/strong>: Viditeln\u011b pom\u00e1h\u00e1 s odstran\u011bn\u00edm \u010dern\u00fdch te\u010dek.<\/li>\n<li><strong>Mastn\u00e1 ple\u0165<\/strong>: Sni\u017euje lesk a p\u0159ebyte\u010dn\u00fd maz b\u011bhem dne.<\/li>\n<li><strong>Sm\u00ed\u0161en\u00e1 ple\u0165<\/strong>: Vyrovn\u00e1v\u00e1 mastn\u011bj\u0161\u00ed i su\u0161\u0161\u00ed partie obli\u010deje.<\/li>\n<li><strong>Nerovnom\u011brn\u00fd t\u00f3n pleti<\/strong>: P\u0159isp\u00edv\u00e1 k rozjasn\u011bn\u00ed a sjednocen\u00ed barvy pleti.<\/li>\n<li><strong>Problemati\u010dt\u011bj\u0161\u00ed poko\u017eka<\/strong>: Podporuje sv\u011b\u017e\u00ed vzhled i u akn\u00f3zn\u00ed pleti.<\/li>\n<\/ul>\n<\/section>\n<section data-wtai-block-id=\"wtai_product_description_custom_1754200971412\" class=\"wtai-section wtai-custom_1754200971412-section\">\n<h2>Slo\u017een\u00ed produktu Megan Slupovac\u00ed Maska s Aktivn\u00edm Uhl\u00edm<\/h2>\n<p>Aqua, Polyvinyl Alcohol, Alcohol, Propylene Glycol, Charcoal Powder, Niacinamide, Glycerin, Hamamelis Virginiana Extract, Dipotassium Glycyrrhizate, Panthenol, Phenoxyethanol, Ethylhexylglycerin, Parfum, Carbomer, Triethanolamine, Disodium EDTA.<\/p>\n<\/section>\n<section data-wtai-block-id=\"wtai_product_description_faqs\" class=\"wtai-section wtai-faqs-section\">\n<h2>Nej\u010dast\u011bj\u0161\u00ed dotazy<\/h2>\n<p><strong>Je maska vhodn\u00e1 pro citlivou ple\u0165?<\/strong> <br \/> M\u016f\u017ee b\u00fdt pou\u017eita na citliv\u011bj\u0161\u00ed ple\u0165, doporu\u010dujeme v\u0161ak nejprve otestovat na mal\u00e9m m\u00edst\u011b.<\/p>\n<p><strong>Lze kombinovat s dal\u0161\u00edmi aktivn\u00edmi slo\u017ekami?<\/strong> <br \/> Po pou\u017eit\u00ed masky s kyselinou salicylovou vy\u010dkejte p\u0159ed aplikac\u00ed siln\u00fdch aktivn\u00edch l\u00e1tek.<\/p>\n<p><strong>Jak \u010dasto lze masku pou\u017e\u00edvat?<\/strong> <br \/> Doporu\u010duje se aplikace 2\u20133\u00d7 t\u00fddn\u011b pro optim\u00e1ln\u00ed \u00fa\u010dinek.<\/p>\n<p><strong>Jak m\u00e1m masku skladovat?<\/strong> <br \/> Skladujte ji na such\u00e9m m\u00edst\u011b mimo p\u0159\u00edm\u00e9 slunce a p\u0159i pokojov\u00e9 teplot\u011b.<\/p>\n<p><strong>Kdy o\u010dek\u00e1vat prvn\u00ed viditeln\u00e9 v\u00fdsledky?<\/strong> <br \/> Ple\u0165 bude hlad\u0161\u00ed a \u010dist\u011bj\u0161\u00ed u\u017e po prvn\u00edm pou\u017eit\u00ed, dal\u0161\u00ed zlep\u0161en\u00ed se projev\u00ed pravideln\u00fdm pou\u017e\u00edv\u00e1n\u00edm.<\/p>\n<\/section>\n<section data-wtai-block-id=\"wtai_product_description_conclusion\" class=\"wtai-section wtai-conclusion-section\">\n<h2>Objevte dokonale \u010distou ple\u0165<\/h2>\n<p><em><strong>Vyzkou\u0161ejte s\u00edlu aktivn\u00edho uhl\u00ed a niacinamidu v jednom jednoduch\u00e9m kroku.<\/strong><\/em> <em><strong>Prom\u011b\u0148te pravidelnou p\u00e9\u010di o ple\u0165 ve skute\u010dn\u011b viditeln\u00fd rozd\u00edl.<\/strong><\/em> <em><strong>Dop\u0159ejte sv\u00e9 pleti p\u00e9\u010di, kter\u00e1 j\u00ed dod\u00e1 sv\u011b\u017eest i sebev\u011bdom\u00ed.<\/strong><\/em> <em><strong>Ne\u010dekejte na zm\u011bnu\u2014dop\u0159ejte si svou novou obl\u00edbenou masku u\u017e dnes.<\/strong><\/em><\/p>\n<\/section>\n","protected":false},"excerpt":{"rendered":"<div data-wtai-block-id=\"wtai_excerpt_subtitle\" class=\"wtai-section wtai-subtitle-section\">\n<p><em><strong>Intenzivn\u00ed o\u010dista pleti s aktivn\u00edm uhl\u00edm a niacinamidem v modern\u00edm slupovac\u00edm slo\u017een\u00ed<\/strong><\/em><\/p>\n<\/p><\/div>\n<div data-wtai-block-id=\"wtai_excerpt_introduction\" class=\"wtai-section wtai-introduction-section\">\n<p>Inspirujte se nov\u00fdm ritu\u00e1lem p\u00e9\u010de o ple\u0165, kter\u00fd okam\u017eit\u011b zaujme sv\u00fdm jednoduch\u00fdm a p\u0159itom \u00fa\u010dinn\u00fdm pojet\u00edm. Megan Slupovac\u00ed Maska s Aktivn\u00edm Uhl\u00edm p\u0159in\u00e1\u0161\u00ed hloubkov\u00e9 \u010di\u0161t\u011bn\u00ed \u2013 b\u011bhem n\u011bkolika minut vid\u00edte sv\u011b\u017e\u00ed, rozjasn\u011bn\u00fd v\u00fdsledek. Pe\u010dliv\u011b vyv\u00e1\u017een\u00e9 slo\u017een\u00ed s aktivn\u00edm uhl\u00edm a niacinamidem pohlt\u00ed ne\u010distoty, zat\u00edmco Va\u0161e poko\u017eka si u\u017e\u00edv\u00e1 hladk\u00fd a p\u0159\u00edjemn\u00fd pocit. Maska se snadno nan\u00e1\u0161\u00ed i slupuje, poskytuje p\u0159\u00edjemn\u00fd moment pro sebe a obratem prop\u016fj\u010duje pleti dechberouc\u00ed jas. Vytvo\u0159te si sv\u016fj mal\u00fd ritu\u00e1l kr\u00e1sy, u kter\u00e9ho dokonale vypnete a budete si jist\u00e1 sama sebou.<\/p>\n<\/p><\/div>\n","protected":false},"featured_media":16113,"comment_status":"open","ping_status":"closed","template":"","meta":[],"product_brand":[],"product_cat":[198],"product_tag":[],"class_list":{"0":"post-38670","1":"product","2":"type-product","3":"status-publish","4":"has-post-thumbnail","6":"product_cat-krasa-wellness","8":"first","9":"instock","10":"shipping-taxable","11":"purchasable","12":"product-type-simple"},"bundled_by":[],"bundle_stock_status":"instock","bundle_stock_quantity":null,"bundle_virtual":false,"bundle_layout":"","bundle_add_to_cart_form_location":"","bundle_editable_in_cart":false,"bundle_sold_individually_context":"","bundle_item_grouping":"","bundle_min_size":"","bundle_max_size":"","bundle_price":[],"bundled_items":[],"bundle_sell_ids":[],"yoast_head":"<!-- This site is optimized with the Yoast SEO plugin v25.2 - https:\/\/yoast.com\/wordpress\/plugins\/seo\/ -->\n<title>Objevte Megan Slupovac\u00ed Maska s Aktivn\u00edm Uhl\u00edm pro Z\u00e1\u0159\u00edc\u00ed a \u010cistou Ple\u0165<\/title>\n<meta name=\"description\" content=\"Neobvykl\u00e1 \u010distota a z\u00e1\u0159iv\u00e1 ple\u0165 d\u00edky masce s aktivn\u00edm uhl\u00edm a niacinamidem. Hloubkov\u011b \u010dist\u00ed p\u00f3ry, sjednocuje t\u00f3n a zanech\u00e1v\u00e1 poko\u017eku sv\u011b\u017e\u00ed a jemnou.\" \/>\n<meta name=\"robots\" content=\"index, follow, max-snippet:-1, max-image-preview:large, max-video-preview:-1\" \/>\n<link rel=\"canonical\" href=\"https:\/\/demostore.ai\/cs\/produkt\/megan-slupovaci-maska-s-aktivnim-uhlim\/\" \/>\n<meta property=\"og:type\" content=\"article\" \/>\n<meta property=\"og:title\" content=\"Objevte Megan Slupovac\u00ed Maska s Aktivn\u00edm Uhl\u00edm pro Z\u00e1\u0159\u00edc\u00ed a \u010cistou Ple\u0165\" \/>\n<meta property=\"og:description\" content=\"Ne\u010dekan\u00e1 prom\u011bna pleti s Megan Slupovac\u00ed Maskou s Aktivn\u00edm Uhl\u00edm. Odstran\u00ed ne\u010distoty, sjednocuje t\u00f3n a zanech\u00e1v\u00e1 ple\u0165 viditeln\u011b sv\u011b\u017e\u00ed a hebkou. Objevte nov\u00fd ritu\u00e1l pro \u010distou a z\u00e1\u0159\u00edc\u00ed poko\u017eku.\" \/>\n<meta property=\"og:url\" content=\"https:\/\/demostore.ai\/cs\/produkt\/megan-slupovaci-maska-s-aktivnim-uhlim\/\" \/>\n<meta property=\"og:site_name\" content=\"Trendy Thread\" \/>\n<meta property=\"article:modified_time\" content=\"2026-02-19T08:05:41+00:00\" \/>\n<meta property=\"og:image\" content=\"https:\/\/demostore.ai\/wp-content\/uploads\/2025\/06\/Face-mask-1-scaled-1.png\" \/>\n\t<meta property=\"og:image:width\" content=\"829\" \/>\n\t<meta property=\"og:image:height\" content=\"1000\" \/>\n\t<meta property=\"og:image:type\" content=\"image\/png\" \/>\n<meta name=\"twitter:card\" content=\"summary_large_image\" \/>\n<meta name=\"twitter:title\" content=\"Objevte Megan Slupovac\u00ed Maska s Aktivn\u00edm Uhl\u00edm pro Z\u00e1\u0159\u00edc\u00ed a \u010cistou Ple\u0165\" \/>\n<meta name=\"twitter:description\" content=\"Ne\u010dekan\u00e1 prom\u011bna pleti s Megan Slupovac\u00ed Maskou s Aktivn\u00edm Uhl\u00edm. Odstran\u00ed ne\u010distoty, sjednocuje t\u00f3n a zanech\u00e1v\u00e1 ple\u0165 viditeln\u011b sv\u011b\u017e\u00ed a hebkou. Objevte nov\u00fd ritu\u00e1l pro \u010distou a z\u00e1\u0159\u00edc\u00ed poko\u017eku.\" \/>\n<meta name=\"twitter:label1\" content=\"Odhadovan\u00e1 doba \u010dten\u00ed\" \/>\n\t<meta name=\"twitter:data1\" content=\"1 minuta\" \/>\n<script type=\"application\/ld+json\" class=\"yoast-schema-graph\">{\"@context\":\"https:\/\/schema.org\",\"@graph\":[{\"@type\":\"WebPage\",\"@id\":\"https:\/\/demostore.ai\/cs\/produkt\/megan-slupovaci-maska-s-aktivnim-uhlim\/\",\"url\":\"https:\/\/demostore.ai\/cs\/produkt\/megan-slupovaci-maska-s-aktivnim-uhlim\/\",\"name\":\"Objevte Megan Slupovac\u00ed Maska s Aktivn\u00edm Uhl\u00edm pro Z\u00e1\u0159\u00edc\u00ed a \u010cistou Ple\u0165\",\"isPartOf\":{\"@id\":\"https:\/\/demostore.ai\/cs\/#website\"},\"primaryImageOfPage\":{\"@id\":\"https:\/\/demostore.ai\/cs\/produkt\/megan-slupovaci-maska-s-aktivnim-uhlim\/#primaryimage\"},\"image\":{\"@id\":\"https:\/\/demostore.ai\/cs\/produkt\/megan-slupovaci-maska-s-aktivnim-uhlim\/#primaryimage\"},\"thumbnailUrl\":\"https:\/\/demostore.ai\/wp-content\/uploads\/2025\/06\/Face-mask-1-scaled-1.png\",\"datePublished\":\"2025-06-13T00:54:18+00:00\",\"dateModified\":\"2026-02-19T08:05:41+00:00\",\"description\":\"Neobvykl\u00e1 \u010distota a z\u00e1\u0159iv\u00e1 ple\u0165 d\u00edky masce s aktivn\u00edm uhl\u00edm a niacinamidem. Hloubkov\u011b \u010dist\u00ed p\u00f3ry, sjednocuje t\u00f3n a zanech\u00e1v\u00e1 poko\u017eku sv\u011b\u017e\u00ed a jemnou.\",\"breadcrumb\":{\"@id\":\"https:\/\/demostore.ai\/cs\/produkt\/megan-slupovaci-maska-s-aktivnim-uhlim\/#breadcrumb\"},\"inLanguage\":\"cs\",\"potentialAction\":[{\"@type\":\"ReadAction\",\"target\":[\"https:\/\/demostore.ai\/cs\/produkt\/megan-slupovaci-maska-s-aktivnim-uhlim\/\"]}]},{\"@type\":\"ImageObject\",\"inLanguage\":\"cs\",\"@id\":\"https:\/\/demostore.ai\/cs\/produkt\/megan-slupovaci-maska-s-aktivnim-uhlim\/#primaryimage\",\"url\":\"https:\/\/demostore.ai\/wp-content\/uploads\/2025\/06\/Face-mask-1-scaled-1.png\",\"contentUrl\":\"https:\/\/demostore.ai\/wp-content\/uploads\/2025\/06\/Face-mask-1-scaled-1.png\",\"width\":829,\"height\":1000,\"caption\":\"Tuba Megan Slupovac\u00ed Masky s Aktivn\u00edm Uhl\u00edm a Niacinamidem, vyobrazen\u00ed \u017eeny s maskou na obli\u010deji.\"},{\"@type\":\"BreadcrumbList\",\"@id\":\"https:\/\/demostore.ai\/cs\/produkt\/megan-slupovaci-maska-s-aktivnim-uhlim\/#breadcrumb\",\"itemListElement\":[{\"@type\":\"ListItem\",\"position\":1,\"name\":\"Dom\u016f\",\"item\":\"https:\/\/demostore.ai\/cs\/\"},{\"@type\":\"ListItem\",\"position\":2,\"name\":\"Obchod\",\"item\":\"https:\/\/demostore.ai\/cs\/obchod\/\"},{\"@type\":\"ListItem\",\"position\":3,\"name\":\"Megan Slupovac\u00ed Maska s Aktivn\u00edm Uhl\u00edm\"}]},{\"@type\":\"WebSite\",\"@id\":\"https:\/\/demostore.ai\/cs\/#website\",\"url\":\"https:\/\/demostore.ai\/cs\/\",\"name\":\"Trendy Thread\",\"description\":\"Demo obchod WriteText.ai\",\"publisher\":{\"@id\":\"https:\/\/demostore.ai\/cs\/#organization\"},\"potentialAction\":[{\"@type\":\"SearchAction\",\"target\":{\"@type\":\"EntryPoint\",\"urlTemplate\":\"https:\/\/demostore.ai\/cs\/?s={search_term_string}\"},\"query-input\":{\"@type\":\"PropertyValueSpecification\",\"valueRequired\":true,\"valueName\":\"search_term_string\"}}],\"inLanguage\":\"cs\"},{\"@type\":\"Organization\",\"@id\":\"https:\/\/demostore.ai\/cs\/#organization\",\"name\":\"WriteText.ai\",\"url\":\"https:\/\/demostore.ai\/cs\/\",\"logo\":{\"@type\":\"ImageObject\",\"inLanguage\":\"cs\",\"@id\":\"https:\/\/demostore.ai\/cs\/#\/schema\/logo\/image\/\",\"url\":\"https:\/\/demostore.ai\/wp-content\/uploads\/2025\/10\/writetext_logo.webp\",\"contentUrl\":\"https:\/\/demostore.ai\/wp-content\/uploads\/2025\/10\/writetext_logo.webp\",\"width\":200,\"height\":34,\"caption\":\"WriteText.ai\"},\"image\":{\"@id\":\"https:\/\/demostore.ai\/cs\/#\/schema\/logo\/image\/\"}}]}<\/script>\n<!-- \/ Yoast SEO plugin. -->","yoast_head_json":{"title":"Objevte Megan Slupovac\u00ed Maska s Aktivn\u00edm Uhl\u00edm pro Z\u00e1\u0159\u00edc\u00ed a \u010cistou Ple\u0165","description":"Neobvykl\u00e1 \u010distota a z\u00e1\u0159iv\u00e1 ple\u0165 d\u00edky masce s aktivn\u00edm uhl\u00edm a niacinamidem. Hloubkov\u011b \u010dist\u00ed p\u00f3ry, sjednocuje t\u00f3n a zanech\u00e1v\u00e1 poko\u017eku sv\u011b\u017e\u00ed a jemnou.","robots":{"index":"index","follow":"follow","max-snippet":"max-snippet:-1","max-image-preview":"max-image-preview:large","max-video-preview":"max-video-preview:-1"},"canonical":"https:\/\/demostore.ai\/cs\/produkt\/megan-slupovaci-maska-s-aktivnim-uhlim\/","og_type":"article","og_title":"Objevte Megan Slupovac\u00ed Maska s Aktivn\u00edm Uhl\u00edm pro Z\u00e1\u0159\u00edc\u00ed a \u010cistou Ple\u0165","og_description":"Ne\u010dekan\u00e1 prom\u011bna pleti s Megan Slupovac\u00ed Maskou s Aktivn\u00edm Uhl\u00edm. Odstran\u00ed ne\u010distoty, sjednocuje t\u00f3n a zanech\u00e1v\u00e1 ple\u0165 viditeln\u011b sv\u011b\u017e\u00ed a hebkou. Objevte nov\u00fd ritu\u00e1l pro \u010distou a z\u00e1\u0159\u00edc\u00ed poko\u017eku.","og_url":"https:\/\/demostore.ai\/cs\/produkt\/megan-slupovaci-maska-s-aktivnim-uhlim\/","og_site_name":"Trendy Thread","article_modified_time":"2026-02-19T08:05:41+00:00","og_image":[{"width":829,"height":1000,"url":"https:\/\/demostore.ai\/wp-content\/uploads\/2025\/06\/Face-mask-1-scaled-1.png","type":"image\/png"}],"twitter_card":"summary_large_image","twitter_title":"Objevte Megan Slupovac\u00ed Maska s Aktivn\u00edm Uhl\u00edm pro Z\u00e1\u0159\u00edc\u00ed a \u010cistou Ple\u0165","twitter_description":"Ne\u010dekan\u00e1 prom\u011bna pleti s Megan Slupovac\u00ed Maskou s Aktivn\u00edm Uhl\u00edm. Odstran\u00ed ne\u010distoty, sjednocuje t\u00f3n a zanech\u00e1v\u00e1 ple\u0165 viditeln\u011b sv\u011b\u017e\u00ed a hebkou. Objevte nov\u00fd ritu\u00e1l pro \u010distou a z\u00e1\u0159\u00edc\u00ed poko\u017eku.","twitter_misc":{"Odhadovan\u00e1 doba \u010dten\u00ed":"1 minuta"},"schema":{"@context":"https:\/\/schema.org","@graph":[{"@type":"WebPage","@id":"https:\/\/demostore.ai\/cs\/produkt\/megan-slupovaci-maska-s-aktivnim-uhlim\/","url":"https:\/\/demostore.ai\/cs\/produkt\/megan-slupovaci-maska-s-aktivnim-uhlim\/","name":"Objevte Megan Slupovac\u00ed Maska s Aktivn\u00edm Uhl\u00edm pro Z\u00e1\u0159\u00edc\u00ed a \u010cistou Ple\u0165","isPartOf":{"@id":"https:\/\/demostore.ai\/cs\/#website"},"primaryImageOfPage":{"@id":"https:\/\/demostore.ai\/cs\/produkt\/megan-slupovaci-maska-s-aktivnim-uhlim\/#primaryimage"},"image":{"@id":"https:\/\/demostore.ai\/cs\/produkt\/megan-slupovaci-maska-s-aktivnim-uhlim\/#primaryimage"},"thumbnailUrl":"https:\/\/demostore.ai\/wp-content\/uploads\/2025\/06\/Face-mask-1-scaled-1.png","datePublished":"2025-06-13T00:54:18+00:00","dateModified":"2026-02-19T08:05:41+00:00","description":"Neobvykl\u00e1 \u010distota a z\u00e1\u0159iv\u00e1 ple\u0165 d\u00edky masce s aktivn\u00edm uhl\u00edm a niacinamidem. Hloubkov\u011b \u010dist\u00ed p\u00f3ry, sjednocuje t\u00f3n a zanech\u00e1v\u00e1 poko\u017eku sv\u011b\u017e\u00ed a jemnou.","breadcrumb":{"@id":"https:\/\/demostore.ai\/cs\/produkt\/megan-slupovaci-maska-s-aktivnim-uhlim\/#breadcrumb"},"inLanguage":"cs","potentialAction":[{"@type":"ReadAction","target":["https:\/\/demostore.ai\/cs\/produkt\/megan-slupovaci-maska-s-aktivnim-uhlim\/"]}]},{"@type":"ImageObject","inLanguage":"cs","@id":"https:\/\/demostore.ai\/cs\/produkt\/megan-slupovaci-maska-s-aktivnim-uhlim\/#primaryimage","url":"https:\/\/demostore.ai\/wp-content\/uploads\/2025\/06\/Face-mask-1-scaled-1.png","contentUrl":"https:\/\/demostore.ai\/wp-content\/uploads\/2025\/06\/Face-mask-1-scaled-1.png","width":829,"height":1000,"caption":"Tuba Megan Slupovac\u00ed Masky s Aktivn\u00edm Uhl\u00edm a Niacinamidem, vyobrazen\u00ed \u017eeny s maskou na obli\u010deji."},{"@type":"BreadcrumbList","@id":"https:\/\/demostore.ai\/cs\/produkt\/megan-slupovaci-maska-s-aktivnim-uhlim\/#breadcrumb","itemListElement":[{"@type":"ListItem","position":1,"name":"Dom\u016f","item":"https:\/\/demostore.ai\/cs\/"},{"@type":"ListItem","position":2,"name":"Obchod","item":"https:\/\/demostore.ai\/cs\/obchod\/"},{"@type":"ListItem","position":3,"name":"Megan Slupovac\u00ed Maska s Aktivn\u00edm Uhl\u00edm"}]},{"@type":"WebSite","@id":"https:\/\/demostore.ai\/cs\/#website","url":"https:\/\/demostore.ai\/cs\/","name":"Trendy Thread","description":"Demo obchod WriteText.ai","publisher":{"@id":"https:\/\/demostore.ai\/cs\/#organization"},"potentialAction":[{"@type":"SearchAction","target":{"@type":"EntryPoint","urlTemplate":"https:\/\/demostore.ai\/cs\/?s={search_term_string}"},"query-input":{"@type":"PropertyValueSpecification","valueRequired":true,"valueName":"search_term_string"}}],"inLanguage":"cs"},{"@type":"Organization","@id":"https:\/\/demostore.ai\/cs\/#organization","name":"WriteText.ai","url":"https:\/\/demostore.ai\/cs\/","logo":{"@type":"ImageObject","inLanguage":"cs","@id":"https:\/\/demostore.ai\/cs\/#\/schema\/logo\/image\/","url":"https:\/\/demostore.ai\/wp-content\/uploads\/2025\/10\/writetext_logo.webp","contentUrl":"https:\/\/demostore.ai\/wp-content\/uploads\/2025\/10\/writetext_logo.webp","width":200,"height":34,"caption":"WriteText.ai"},"image":{"@id":"https:\/\/demostore.ai\/cs\/#\/schema\/logo\/image\/"}}]}},"_links":{"self":[{"href":"https:\/\/demostore.ai\/cs\/wp-json\/wp\/v2\/product\/38670","targetHints":{"allow":["GET"]}}],"collection":[{"href":"https:\/\/demostore.ai\/cs\/wp-json\/wp\/v2\/product"}],"about":[{"href":"https:\/\/demostore.ai\/cs\/wp-json\/wp\/v2\/types\/product"}],"replies":[{"embeddable":true,"href":"https:\/\/demostore.ai\/cs\/wp-json\/wp\/v2\/comments?post=38670"}],"wp:featuredmedia":[{"embeddable":true,"href":"https:\/\/demostore.ai\/cs\/wp-json\/wp\/v2\/media\/16113"}],"wp:attachment":[{"href":"https:\/\/demostore.ai\/cs\/wp-json\/wp\/v2\/media?parent=38670"}],"wp:term":[{"taxonomy":"product_brand","embeddable":true,"href":"https:\/\/demostore.ai\/cs\/wp-json\/wp\/v2\/product_brand?post=38670"},{"taxonomy":"product_cat","embeddable":true,"href":"https:\/\/demostore.ai\/cs\/wp-json\/wp\/v2\/product_cat?post=38670"},{"taxonomy":"product_tag","embeddable":true,"href":"https:\/\/demostore.ai\/cs\/wp-json\/wp\/v2\/product_tag?post=38670"}],"curies":[{"name":"wp","href":"https:\/\/api.w.org\/{rel}","templated":true}]}}