{"id":38483,"date":"2025-06-16T08:58:51","date_gmt":"2025-06-16T00:58:51","guid":{"rendered":"https:\/\/demostore.ai\/?post_type=product&#038;p=38483"},"modified":"2026-02-19T15:41:30","modified_gmt":"2026-02-19T07:41:30","slug":"one-more-rep-fitness-chranice-na-kolena","status":"publish","type":"product","link":"https:\/\/demostore.ai\/cs\/produkt\/one-more-rep-fitness-chranice-na-kolena\/","title":{"rendered":"One More Rep Fitness Chr\u00e1ni\u010de na Kolena"},"content":{"rendered":"<section data-wtai-block-id=\"wtai_product_description_use_cases\" class=\"wtai-section wtai-use_cases-section\">\n<h2>Jak m\u016f\u017eete chr\u00e1ni\u010de na kolena vyu\u017e\u00edt<\/h2>\n<ul>\n<li>Podpora a stabilizace kolen p\u0159i silov\u00e9m tr\u00e9ninku jako jsou d\u0159epy, mrtv\u00e9 tahy nebo v\u00fdpady.<\/li>\n<li>Ochrana kolen p\u0159i sportech s vysokou z\u00e1t\u011b\u017e\u00ed na kloubn\u00ed apar\u00e1t, nap\u0159\u00edklad vzp\u00edr\u00e1n\u00ed a crossfit.<\/li>\n<li>Prevence zran\u011bn\u00ed kolen b\u011bhem dynamick\u00fdch pohyb\u016f v r\u00e1mci intenzivn\u00edho tr\u00e9ninku nebo sout\u011b\u017en\u00edch v\u00fdkon\u016f.<\/li>\n<li>Pom\u016fcka pro regeneraci po \u00farazech \u010di b\u011bhem rehabilitace kolenn\u00edho kloubu.<\/li>\n<li>Ka\u017edodenn\u00ed pou\u017eit\u00ed p\u0159i cvi\u010den\u00ed ve fitku nebo v dom\u00e1c\u00edm prost\u0159ed\u00ed pro zv\u00fd\u0161en\u00ed jistoty a komfortu p\u0159i r\u016fzn\u00fdch cvic\u00edch.<\/li>\n<\/ul>\n<\/section>\n<div data-wtai-block-id=\"wtai_product_description_image_1753694570766\" class=\"wtai-section wtai-image_1753694570766-section\">\n<figure class=\"wtai-image-p wtai-align-center\" style=\"text-align:center\"><img decoding=\"async\" src=\"https:\/\/demostore.ai\/wp-content\/uploads\/2025\/06\/Knee-pads-2-600x600.png\" alt=\"\u010cern\u00e9 fitness chr\u00e1ni\u010de na kolena One More Rep, zobrazen\u00e9 ve vzp\u0159\u00edmen\u00e9 poloze, pohled zep\u0159edu.\" srcset=\"https:\/\/demostore.ai\/wp-content\/uploads\/2025\/06\/Knee-pads-2.png 1000w, https:\/\/demostore.ai\/wp-content\/uploads\/2025\/06\/Knee-pads-2-300x300.png 300w, https:\/\/demostore.ai\/wp-content\/uploads\/2025\/06\/Knee-pads-2-150x150.png 150w, https:\/\/demostore.ai\/wp-content\/uploads\/2025\/06\/Knee-pads-2-768x768.png 768w, https:\/\/demostore.ai\/wp-content\/uploads\/2025\/06\/Knee-pads-2-600x600.png 600w, https:\/\/demostore.ai\/wp-content\/uploads\/2025\/06\/Knee-pads-2-250x250.png 250w\"><figcaption>\n<p>\u010cern\u00e9 chr\u00e1ni\u010de na kolena maj\u00ed pe\u010dliv\u011b za\u010di\u0161t\u011bn\u00e9 \u0161vy a p\u016fsob\u00ed robustn\u011b a odoln\u011b.<\/p>\n<\/figcaption><\/figure>\n<\/p><\/div>\n<section data-wtai-block-id=\"wtai_product_description_advantages\" class=\"wtai-section wtai-advantages-section\">\n<h2>V\u00fdhody, kter\u00e9 ocen\u00edte<\/h2>\n<ul>\n<li>Pevn\u00e1 konstrukce zaji\u0161\u0165uje stabilitu a chr\u00e1n\u00ed kolenn\u00ed klouby p\u0159i z\u00e1t\u011b\u017ei.<\/li>\n<li>Univerz\u00e1ln\u00ed st\u0159ih vhodn\u00fd pro r\u016fzn\u00e9 typy postav umo\u017e\u0148uje pohodln\u00e9 no\u0161en\u00ed pro mu\u017ee i \u017eeny.<\/li>\n<li>Odoln\u00e9 materi\u00e1ly prodlu\u017euj\u00ed \u017eivotnost chr\u00e1ni\u010d\u016f a z\u00e1rove\u0148 zachov\u00e1vaj\u00ed tvar i p\u0159i \u010dast\u00e9m pou\u017e\u00edv\u00e1n\u00ed.<\/li>\n<li>D\u00edky \u010dern\u00e9 barv\u011b s minimalistick\u00fdm logem jsou chr\u00e1ni\u010de snadno kombinovateln\u00e9 s jak\u00fdmkoli sportovn\u00edm oble\u010den\u00edm.<\/li>\n<\/ul>\n<\/section>\n<section data-wtai-block-id=\"wtai_product_description_benefits\" class=\"wtai-section wtai-benefits-section\">\n<h2>P\u0159\u00ednosy pro v\u00e1\u0161 ka\u017edodenn\u00ed tr\u00e9nink<\/h2>\n<ul>\n<li>Bolesti a nejistota kolen p\u0159i zv\u00fd\u0161en\u00e9 n\u00e1maze jsou sn\u00ed\u017eeny, proto\u017ee chr\u00e1ni\u010de poskytuj\u00ed podporu a kompresi.<\/li>\n<li>Opakovan\u00e9 zran\u011bn\u00ed z tr\u00e9ninku lze omezit d\u00edky zv\u00fd\u0161en\u00e9 ochran\u011b b\u011bhem n\u00e1ro\u010dn\u00fdch cvik\u016f.<\/li>\n<li>Pocit komfortu i p\u0159i intenzivn\u00edm v\u00fdkonu, proto\u017ee materi\u00e1l obep\u00edn\u00e1 koleno bez nep\u0159\u00edjemn\u00e9ho tlaku.<\/li>\n<li>Ztr\u00e1ta motivace zp\u016fsoben\u00e1 obavami o zdrav\u00ed kolen odpad\u00e1 \u2013 m\u016f\u017eete se pln\u011b soust\u0159edit na v\u00fdkon.<\/li>\n<\/ul>\n<\/section>\n<section data-wtai-block-id=\"wtai_product_description_technical_specifications\" class=\"wtai-section wtai-technical_specifications-section\">\n<h3>Detaily<\/h3>\n<ul>\n<li><strong>Typ produktu:<\/strong> Chr\u00e1ni\u010de na kolena (n\u00e1kolenky)<\/li>\n<li><strong>Materi\u00e1l:<\/strong> Pru\u017en\u00fd syntetick\u00fd materi\u00e1l (pravd\u011bpodobn\u011b neopren na z\u00e1klad\u011b vzhledu, ofici\u00e1ln\u00ed \u00fadaj nen\u00ed uveden)<\/li>\n<li><strong>Barva:<\/strong> \u010cern\u00e1<\/li>\n<li><strong>Design:<\/strong> Logo One More Rep Fitness, minimalistick\u00e9 proveden\u00ed<\/li>\n<li><strong>Velikost:<\/strong> Univerz\u00e1ln\u00ed (p\u0159esn\u00e9 m\u00edry nejsou specifikov\u00e1ny)<\/li>\n<li><strong>Tvar:<\/strong> Ergonomicky tvarovan\u00e9 pro p\u0159irozen\u00e9 kop\u00edrov\u00e1n\u00ed kolena<\/li>\n<li><strong>Ur\u010den\u00ed:<\/strong> Sportovn\u00ed aktivity a silov\u00fd tr\u00e9nink<\/li>\n<li><strong>Balen\u00ed:<\/strong> 1 p\u00e1r<\/li>\n<\/ul>\n<\/section>\n<div data-wtai-block-id=\"wtai_product_description_image_1754224212429\" class=\"wtai-section wtai-image_1754224212429-section\">\n<figure class=\"wtai-image-p wtai-align-center\" style=\"text-align:center\"><img decoding=\"async\" src=\"https:\/\/demostore.ai\/wp-content\/uploads\/2025\/06\/Knee-pads-3-600x600.png\" alt=\"Detailn\u00ed pohled na logo One More Rep Fitness na \u010dern\u00fdch chr\u00e1ni\u010d\u00edch na kolena.\" srcset=\"https:\/\/demostore.ai\/wp-content\/uploads\/2025\/06\/Knee-pads-3.png 1000w, https:\/\/demostore.ai\/wp-content\/uploads\/2025\/06\/Knee-pads-3-300x300.png 300w, https:\/\/demostore.ai\/wp-content\/uploads\/2025\/06\/Knee-pads-3-150x150.png 150w, https:\/\/demostore.ai\/wp-content\/uploads\/2025\/06\/Knee-pads-3-768x768.png 768w, https:\/\/demostore.ai\/wp-content\/uploads\/2025\/06\/Knee-pads-3-600x600.png 600w, https:\/\/demostore.ai\/wp-content\/uploads\/2025\/06\/Knee-pads-3-250x250.png 250w\"><figcaption>\n<p>V\u00fdrazn\u00e9 logo se vzty\u010denou p\u011bst\u00ed zd\u016fraz\u0148uje sportovn\u00ed styl a zna\u010dkovou identitu v\u00fdrobku.<\/p>\n<\/figcaption><\/figure>\n<\/p><\/div>\n<section data-wtai-block-id=\"wtai_product_description_faqs\" class=\"wtai-section wtai-faqs-section\">\n<h2>Nej\u010dast\u011bj\u0161\u00ed dotazy<\/h2>\n<p><strong>Jsou chr\u00e1ni\u010de vhodn\u00e9 jak pro mu\u017ee, tak pro \u017eeny?<\/strong> <br \/> Ano, st\u0159ih a pou\u017eit\u00fd materi\u00e1l umo\u017e\u0148uj\u00ed pohodln\u00e9 no\u0161en\u00ed bez ohledu na pohlav\u00ed.<\/p>\n<p><strong>Mohu chr\u00e1ni\u010de pou\u017e\u00edvat i mimo posilovnu?<\/strong> <br \/> Ano, hod\u00ed se na jak\u00fdkoli sportovn\u00ed tr\u00e9nink, kde pot\u0159ebujete podpo\u0159it kolena.<\/p>\n<p><strong>Jak\u00fd je hlavn\u00ed materi\u00e1l chr\u00e1ni\u010d\u016f?<\/strong> <br \/> Na z\u00e1klad\u011b vzhledu lze p\u0159edpokl\u00e1dat pru\u017en\u00fd syntetick\u00fd materi\u00e1l, b\u011b\u017en\u011b pou\u017e\u00edvan\u00fd v t\u00e9to kategorii v\u00fdrobk\u016f.<\/p>\n<p><strong>Jak se o chr\u00e1ni\u010de spr\u00e1vn\u011b starat?<\/strong> <br \/> Po ka\u017ed\u00e9m pou\u017eit\u00ed doporu\u010dujeme v\u011btrat a p\u0159\u00edle\u017eitostn\u011b ru\u010dn\u011b vyprat ve vla\u017en\u00e9 vod\u011b bez agresivn\u00edch \u010distic\u00edch prost\u0159edk\u016f.<\/p>\n<p><strong>Vydr\u017e\u00ed chr\u00e1ni\u010de i vysokou z\u00e1t\u011b\u017e p\u0159i t\u011b\u017ek\u00e9m tr\u00e9ninku?<\/strong> <br \/> Chr\u00e1ni\u010de jsou navr\u017eeny tak, aby zvl\u00e1dly opakovanou z\u00e1t\u011b\u017e typickou pro silov\u00fd a funk\u010dn\u00ed tr\u00e9nink.<\/p>\n<\/section>\n<section data-wtai-block-id=\"wtai_product_description_conclusion\" class=\"wtai-section wtai-conclusion-section\">\n<h2>P\u0159idejte ke sv\u00e9mu tr\u00e9ninku jistotu a ochranu<\/h2>\n<p><strong>One More Rep Fitness Chr\u00e1ni\u010de na Kolena p\u0159in\u00e1\u0161ej\u00ed stabilitu a komfort p\u0159i ka\u017ed\u00e9m pohybu. U\u017eijte si vy\u0161\u0161\u00ed \u00farove\u0148 ochrany i p\u0159i n\u00e1ro\u010dn\u00fdch sportovn\u00edch aktivit\u00e1ch.<\/strong> <strong>Investujte do zdrav\u00ed sv\u00fdch kolen a prodlu\u017ete si aktivn\u00ed \u017eivot bez omezen\u00ed. Neponechte nic n\u00e1hod\u011b a zam\u011b\u0159te se jen na sv\u016fj v\u00fdkon \u2013 za\u010dn\u011bte s ochranou, kterou si zaslou\u017e\u00edte u\u017e dnes.<\/strong><\/p>\n<\/section>\n","protected":false},"excerpt":{"rendered":"<div data-wtai-block-id=\"wtai_excerpt_subtitle\" class=\"wtai-section wtai-subtitle-section\">\n<p><em><strong>Pevn\u00e1 podpora kolen v ka\u017ed\u00e9m pohybu \u2013 pro sebejist\u00fd tr\u00e9nink bez kompromis\u016f.<\/strong><\/em><\/p>\n<\/p><\/div>\n<div data-wtai-block-id=\"wtai_excerpt_introduction\" class=\"wtai-section wtai-introduction-section\">\n<p>Ka\u017ed\u00fd, kdo skute\u010dn\u011b v\u011b\u0159\u00ed v s\u00edlu pohybu, v\u00ed, jak d\u016fle\u017eit\u00e9 je chr\u00e1nit sv\u00e9 klouby p\u0159i intenzivn\u00edm v\u00fdkonu. Chr\u00e1ni\u010de na kolena One More Rep Fitness p\u0159edstavuj\u00ed spolehliv\u00e9ho partnera pro v\u0161echny \u00farovn\u011b sportovc\u016f, kte\u0159\u00ed kladou d\u016fraz na stabilitu i sebev\u011bdom\u00ed v ka\u017ed\u00e9 s\u00e9rii. Modern\u00ed ergonomick\u00fd design nab\u00edz\u00ed pohodl\u00ed i p\u0159i n\u00e1ro\u010dn\u00e9m tr\u00e9ninku a jejich robustn\u00ed konstrukce p\u0159in\u00e1\u0161\u00ed dlouhodobou oporu bez zbyte\u010dn\u00fdch otlak\u016f. Dr\u017ete tempo s vlastn\u00edm nasazen\u00edm a posu\u0148te sv\u016fj v\u00fdkon d\u00e1l.<\/p>\n<\/p><\/div>\n","protected":false},"featured_media":23534,"comment_status":"open","ping_status":"closed","template":"","meta":[],"product_brand":[],"product_cat":[223],"product_tag":[],"class_list":{"0":"post-38483","1":"product","2":"type-product","3":"status-publish","4":"has-post-thumbnail","6":"product_cat-sport-volny-cas","8":"first","9":"instock","10":"shipping-taxable","11":"purchasable","12":"product-type-simple"},"bundled_by":["244421"],"bundle_stock_status":"instock","bundle_stock_quantity":null,"bundle_virtual":false,"bundle_layout":"","bundle_add_to_cart_form_location":"","bundle_editable_in_cart":false,"bundle_sold_individually_context":"","bundle_item_grouping":"","bundle_min_size":"","bundle_max_size":"","bundle_price":[],"bundled_items":[],"bundle_sell_ids":[],"yoast_head":"<!-- This site is optimized with the Yoast SEO plugin v25.2 - https:\/\/yoast.com\/wordpress\/plugins\/seo\/ -->\n<title>Objevte One More Rep Fitness Chr\u00e1ni\u010de na Kolena pro lep\u0161\u00ed tr\u00e9nink<\/title>\n<meta name=\"description\" content=\"Nep\u0159ehl\u00e9dnuteln\u00fd z\u00e1klad ochrany pro posilov\u00e1n\u00ed i sport. Chr\u00e1ni\u010de One More Rep Fitness chr\u00e1n\u00ed kolena p\u0159ed p\u0159et\u00ed\u017een\u00edm, padnou dob\u0159e a zv\u00fd\u0161\u00ed komfort.\" \/>\n<meta name=\"robots\" content=\"index, follow, max-snippet:-1, max-image-preview:large, max-video-preview:-1\" \/>\n<link rel=\"canonical\" href=\"https:\/\/demostore.ai\/cs\/produkt\/one-more-rep-fitness-chranice-na-kolena\/\" \/>\n<meta property=\"og:type\" content=\"article\" \/>\n<meta property=\"og:title\" content=\"Objevte One More Rep Fitness Chr\u00e1ni\u010de na Kolena pro lep\u0161\u00ed tr\u00e9nink\" \/>\n<meta property=\"og:description\" content=\"Nep\u0159ehl\u00e9dnuteln\u00e1 ochrana pro n\u00e1ro\u010dn\u00e9 tr\u00e9ninky i ka\u017edodenn\u00ed pohyb. One More Rep Fitness chr\u00e1ni\u010de na kolena poskytuj\u00ed stabilitu a pohodl\u00ed p\u0159i sportu i ve fitku.\" \/>\n<meta property=\"og:url\" content=\"https:\/\/demostore.ai\/cs\/produkt\/one-more-rep-fitness-chranice-na-kolena\/\" \/>\n<meta property=\"og:site_name\" content=\"Trendy Thread\" \/>\n<meta property=\"article:modified_time\" content=\"2026-02-19T07:41:30+00:00\" \/>\n<meta property=\"og:image\" content=\"https:\/\/demostore.ai\/wp-content\/uploads\/2025\/06\/Knee-pads-1.png\" \/>\n\t<meta property=\"og:image:width\" content=\"1000\" \/>\n\t<meta property=\"og:image:height\" content=\"1000\" \/>\n\t<meta property=\"og:image:type\" content=\"image\/png\" \/>\n<meta name=\"twitter:card\" content=\"summary_large_image\" \/>\n<meta name=\"twitter:title\" content=\"Objevte One More Rep Fitness Chr\u00e1ni\u010de na Kolena pro lep\u0161\u00ed tr\u00e9nink\" \/>\n<meta name=\"twitter:description\" content=\"Nep\u0159ehl\u00e9dnuteln\u00e1 ochrana pro n\u00e1ro\u010dn\u00e9 tr\u00e9ninky i ka\u017edodenn\u00ed pohyb. One More Rep Fitness chr\u00e1ni\u010de na kolena poskytuj\u00ed stabilitu a pohodl\u00ed p\u0159i sportu i ve fitku.\" \/>\n<meta name=\"twitter:label1\" content=\"Odhadovan\u00e1 doba \u010dten\u00ed\" \/>\n\t<meta name=\"twitter:data1\" content=\"1 minuta\" \/>\n<script type=\"application\/ld+json\" class=\"yoast-schema-graph\">{\"@context\":\"https:\/\/schema.org\",\"@graph\":[{\"@type\":\"WebPage\",\"@id\":\"https:\/\/demostore.ai\/cs\/produkt\/one-more-rep-fitness-chranice-na-kolena\/\",\"url\":\"https:\/\/demostore.ai\/cs\/produkt\/one-more-rep-fitness-chranice-na-kolena\/\",\"name\":\"Objevte One More Rep Fitness Chr\u00e1ni\u010de na Kolena pro lep\u0161\u00ed tr\u00e9nink\",\"isPartOf\":{\"@id\":\"https:\/\/demostore.ai\/cs\/#website\"},\"primaryImageOfPage\":{\"@id\":\"https:\/\/demostore.ai\/cs\/produkt\/one-more-rep-fitness-chranice-na-kolena\/#primaryimage\"},\"image\":{\"@id\":\"https:\/\/demostore.ai\/cs\/produkt\/one-more-rep-fitness-chranice-na-kolena\/#primaryimage\"},\"thumbnailUrl\":\"https:\/\/demostore.ai\/wp-content\/uploads\/2025\/06\/Knee-pads-1.png\",\"datePublished\":\"2025-06-16T00:58:51+00:00\",\"dateModified\":\"2026-02-19T07:41:30+00:00\",\"description\":\"Nep\u0159ehl\u00e9dnuteln\u00fd z\u00e1klad ochrany pro posilov\u00e1n\u00ed i sport. Chr\u00e1ni\u010de One More Rep Fitness chr\u00e1n\u00ed kolena p\u0159ed p\u0159et\u00ed\u017een\u00edm, padnou dob\u0159e a zv\u00fd\u0161\u00ed komfort.\",\"breadcrumb\":{\"@id\":\"https:\/\/demostore.ai\/cs\/produkt\/one-more-rep-fitness-chranice-na-kolena\/#breadcrumb\"},\"inLanguage\":\"cs\",\"potentialAction\":[{\"@type\":\"ReadAction\",\"target\":[\"https:\/\/demostore.ai\/cs\/produkt\/one-more-rep-fitness-chranice-na-kolena\/\"]}]},{\"@type\":\"ImageObject\",\"inLanguage\":\"cs\",\"@id\":\"https:\/\/demostore.ai\/cs\/produkt\/one-more-rep-fitness-chranice-na-kolena\/#primaryimage\",\"url\":\"https:\/\/demostore.ai\/wp-content\/uploads\/2025\/06\/Knee-pads-1.png\",\"contentUrl\":\"https:\/\/demostore.ai\/wp-content\/uploads\/2025\/06\/Knee-pads-1.png\",\"width\":1000,\"height\":1000,\"caption\":\"\u010cern\u00e9 chr\u00e1ni\u010de na kolena One More Rep Fitness s logem, vhodn\u00e9 pro podporu p\u0159i cvi\u010den\u00ed.\"},{\"@type\":\"BreadcrumbList\",\"@id\":\"https:\/\/demostore.ai\/cs\/produkt\/one-more-rep-fitness-chranice-na-kolena\/#breadcrumb\",\"itemListElement\":[{\"@type\":\"ListItem\",\"position\":1,\"name\":\"Dom\u016f\",\"item\":\"https:\/\/demostore.ai\/cs\/\"},{\"@type\":\"ListItem\",\"position\":2,\"name\":\"Obchod\",\"item\":\"https:\/\/demostore.ai\/cs\/obchod\/\"},{\"@type\":\"ListItem\",\"position\":3,\"name\":\"One More Rep Fitness Chr\u00e1ni\u010de na Kolena\"}]},{\"@type\":\"WebSite\",\"@id\":\"https:\/\/demostore.ai\/cs\/#website\",\"url\":\"https:\/\/demostore.ai\/cs\/\",\"name\":\"Trendy Thread\",\"description\":\"Demo obchod WriteText.ai\",\"publisher\":{\"@id\":\"https:\/\/demostore.ai\/cs\/#organization\"},\"potentialAction\":[{\"@type\":\"SearchAction\",\"target\":{\"@type\":\"EntryPoint\",\"urlTemplate\":\"https:\/\/demostore.ai\/cs\/?s={search_term_string}\"},\"query-input\":{\"@type\":\"PropertyValueSpecification\",\"valueRequired\":true,\"valueName\":\"search_term_string\"}}],\"inLanguage\":\"cs\"},{\"@type\":\"Organization\",\"@id\":\"https:\/\/demostore.ai\/cs\/#organization\",\"name\":\"WriteText.ai\",\"url\":\"https:\/\/demostore.ai\/cs\/\",\"logo\":{\"@type\":\"ImageObject\",\"inLanguage\":\"cs\",\"@id\":\"https:\/\/demostore.ai\/cs\/#\/schema\/logo\/image\/\",\"url\":\"https:\/\/demostore.ai\/wp-content\/uploads\/2025\/10\/writetext_logo.webp\",\"contentUrl\":\"https:\/\/demostore.ai\/wp-content\/uploads\/2025\/10\/writetext_logo.webp\",\"width\":200,\"height\":34,\"caption\":\"WriteText.ai\"},\"image\":{\"@id\":\"https:\/\/demostore.ai\/cs\/#\/schema\/logo\/image\/\"}}]}<\/script>\n<!-- \/ Yoast SEO plugin. -->","yoast_head_json":{"title":"Objevte One More Rep Fitness Chr\u00e1ni\u010de na Kolena pro lep\u0161\u00ed tr\u00e9nink","description":"Nep\u0159ehl\u00e9dnuteln\u00fd z\u00e1klad ochrany pro posilov\u00e1n\u00ed i sport. Chr\u00e1ni\u010de One More Rep Fitness chr\u00e1n\u00ed kolena p\u0159ed p\u0159et\u00ed\u017een\u00edm, padnou dob\u0159e a zv\u00fd\u0161\u00ed komfort.","robots":{"index":"index","follow":"follow","max-snippet":"max-snippet:-1","max-image-preview":"max-image-preview:large","max-video-preview":"max-video-preview:-1"},"canonical":"https:\/\/demostore.ai\/cs\/produkt\/one-more-rep-fitness-chranice-na-kolena\/","og_type":"article","og_title":"Objevte One More Rep Fitness Chr\u00e1ni\u010de na Kolena pro lep\u0161\u00ed tr\u00e9nink","og_description":"Nep\u0159ehl\u00e9dnuteln\u00e1 ochrana pro n\u00e1ro\u010dn\u00e9 tr\u00e9ninky i ka\u017edodenn\u00ed pohyb. One More Rep Fitness chr\u00e1ni\u010de na kolena poskytuj\u00ed stabilitu a pohodl\u00ed p\u0159i sportu i ve fitku.","og_url":"https:\/\/demostore.ai\/cs\/produkt\/one-more-rep-fitness-chranice-na-kolena\/","og_site_name":"Trendy Thread","article_modified_time":"2026-02-19T07:41:30+00:00","og_image":[{"width":1000,"height":1000,"url":"https:\/\/demostore.ai\/wp-content\/uploads\/2025\/06\/Knee-pads-1.png","type":"image\/png"}],"twitter_card":"summary_large_image","twitter_title":"Objevte One More Rep Fitness Chr\u00e1ni\u010de na Kolena pro lep\u0161\u00ed tr\u00e9nink","twitter_description":"Nep\u0159ehl\u00e9dnuteln\u00e1 ochrana pro n\u00e1ro\u010dn\u00e9 tr\u00e9ninky i ka\u017edodenn\u00ed pohyb. One More Rep Fitness chr\u00e1ni\u010de na kolena poskytuj\u00ed stabilitu a pohodl\u00ed p\u0159i sportu i ve fitku.","twitter_misc":{"Odhadovan\u00e1 doba \u010dten\u00ed":"1 minuta"},"schema":{"@context":"https:\/\/schema.org","@graph":[{"@type":"WebPage","@id":"https:\/\/demostore.ai\/cs\/produkt\/one-more-rep-fitness-chranice-na-kolena\/","url":"https:\/\/demostore.ai\/cs\/produkt\/one-more-rep-fitness-chranice-na-kolena\/","name":"Objevte One More Rep Fitness Chr\u00e1ni\u010de na Kolena pro lep\u0161\u00ed tr\u00e9nink","isPartOf":{"@id":"https:\/\/demostore.ai\/cs\/#website"},"primaryImageOfPage":{"@id":"https:\/\/demostore.ai\/cs\/produkt\/one-more-rep-fitness-chranice-na-kolena\/#primaryimage"},"image":{"@id":"https:\/\/demostore.ai\/cs\/produkt\/one-more-rep-fitness-chranice-na-kolena\/#primaryimage"},"thumbnailUrl":"https:\/\/demostore.ai\/wp-content\/uploads\/2025\/06\/Knee-pads-1.png","datePublished":"2025-06-16T00:58:51+00:00","dateModified":"2026-02-19T07:41:30+00:00","description":"Nep\u0159ehl\u00e9dnuteln\u00fd z\u00e1klad ochrany pro posilov\u00e1n\u00ed i sport. Chr\u00e1ni\u010de One More Rep Fitness chr\u00e1n\u00ed kolena p\u0159ed p\u0159et\u00ed\u017een\u00edm, padnou dob\u0159e a zv\u00fd\u0161\u00ed komfort.","breadcrumb":{"@id":"https:\/\/demostore.ai\/cs\/produkt\/one-more-rep-fitness-chranice-na-kolena\/#breadcrumb"},"inLanguage":"cs","potentialAction":[{"@type":"ReadAction","target":["https:\/\/demostore.ai\/cs\/produkt\/one-more-rep-fitness-chranice-na-kolena\/"]}]},{"@type":"ImageObject","inLanguage":"cs","@id":"https:\/\/demostore.ai\/cs\/produkt\/one-more-rep-fitness-chranice-na-kolena\/#primaryimage","url":"https:\/\/demostore.ai\/wp-content\/uploads\/2025\/06\/Knee-pads-1.png","contentUrl":"https:\/\/demostore.ai\/wp-content\/uploads\/2025\/06\/Knee-pads-1.png","width":1000,"height":1000,"caption":"\u010cern\u00e9 chr\u00e1ni\u010de na kolena One More Rep Fitness s logem, vhodn\u00e9 pro podporu p\u0159i cvi\u010den\u00ed."},{"@type":"BreadcrumbList","@id":"https:\/\/demostore.ai\/cs\/produkt\/one-more-rep-fitness-chranice-na-kolena\/#breadcrumb","itemListElement":[{"@type":"ListItem","position":1,"name":"Dom\u016f","item":"https:\/\/demostore.ai\/cs\/"},{"@type":"ListItem","position":2,"name":"Obchod","item":"https:\/\/demostore.ai\/cs\/obchod\/"},{"@type":"ListItem","position":3,"name":"One More Rep Fitness Chr\u00e1ni\u010de na Kolena"}]},{"@type":"WebSite","@id":"https:\/\/demostore.ai\/cs\/#website","url":"https:\/\/demostore.ai\/cs\/","name":"Trendy Thread","description":"Demo obchod WriteText.ai","publisher":{"@id":"https:\/\/demostore.ai\/cs\/#organization"},"potentialAction":[{"@type":"SearchAction","target":{"@type":"EntryPoint","urlTemplate":"https:\/\/demostore.ai\/cs\/?s={search_term_string}"},"query-input":{"@type":"PropertyValueSpecification","valueRequired":true,"valueName":"search_term_string"}}],"inLanguage":"cs"},{"@type":"Organization","@id":"https:\/\/demostore.ai\/cs\/#organization","name":"WriteText.ai","url":"https:\/\/demostore.ai\/cs\/","logo":{"@type":"ImageObject","inLanguage":"cs","@id":"https:\/\/demostore.ai\/cs\/#\/schema\/logo\/image\/","url":"https:\/\/demostore.ai\/wp-content\/uploads\/2025\/10\/writetext_logo.webp","contentUrl":"https:\/\/demostore.ai\/wp-content\/uploads\/2025\/10\/writetext_logo.webp","width":200,"height":34,"caption":"WriteText.ai"},"image":{"@id":"https:\/\/demostore.ai\/cs\/#\/schema\/logo\/image\/"}}]}},"_links":{"self":[{"href":"https:\/\/demostore.ai\/cs\/wp-json\/wp\/v2\/product\/38483","targetHints":{"allow":["GET"]}}],"collection":[{"href":"https:\/\/demostore.ai\/cs\/wp-json\/wp\/v2\/product"}],"about":[{"href":"https:\/\/demostore.ai\/cs\/wp-json\/wp\/v2\/types\/product"}],"replies":[{"embeddable":true,"href":"https:\/\/demostore.ai\/cs\/wp-json\/wp\/v2\/comments?post=38483"}],"wp:featuredmedia":[{"embeddable":true,"href":"https:\/\/demostore.ai\/cs\/wp-json\/wp\/v2\/media\/23534"}],"wp:attachment":[{"href":"https:\/\/demostore.ai\/cs\/wp-json\/wp\/v2\/media?parent=38483"}],"wp:term":[{"taxonomy":"product_brand","embeddable":true,"href":"https:\/\/demostore.ai\/cs\/wp-json\/wp\/v2\/product_brand?post=38483"},{"taxonomy":"product_cat","embeddable":true,"href":"https:\/\/demostore.ai\/cs\/wp-json\/wp\/v2\/product_cat?post=38483"},{"taxonomy":"product_tag","embeddable":true,"href":"https:\/\/demostore.ai\/cs\/wp-json\/wp\/v2\/product_tag?post=38483"}],"curies":[{"name":"wp","href":"https:\/\/api.w.org\/{rel}","templated":true}]}}