{"id":37977,"date":"2025-07-28T06:49:28","date_gmt":"2025-07-27T22:49:28","guid":{"rendered":"https:\/\/demostore.ai\/?post_type=product&#038;p=37977"},"modified":"2026-02-19T11:05:46","modified_gmt":"2026-02-19T03:05:46","slug":"nahrdelnik-z-jantaru-na-retizku","status":"publish","type":"product","link":"https:\/\/demostore.ai\/cs\/produkt\/nahrdelnik-z-jantaru-na-retizku\/","title":{"rendered":"N\u00e1hrdeln\u00edk z Jantaru na \u0158et\u00edzku"},"content":{"rendered":"<section data-wtai-block-id=\"wtai_product_description_features\" class=\"wtai-section wtai-features-section\">\n<h2>Hlavn\u00ed vlastnosti n\u00e1hrdeln\u00edku z jantaru<\/h2>\n<ul>\n<li><strong>Materi\u00e1l:<\/strong> Prav\u00fd jantar \u2013 p\u0159\u00edrodn\u00ed prysky\u0159ice s jedine\u010dnou kresbou a tepl\u00fdmi zlatohn\u011bd\u00fdmi t\u00f3ny.<\/li>\n<li><strong>\u0158et\u00edzek:<\/strong> Kvalitn\u00ed kovov\u00fd \u0159et\u00edzek s lesklou povrchovou \u00fapravou, kter\u00fd se p\u0159\u00edjemn\u011b nos\u00ed na krku.<\/li>\n<li><strong>P\u0159\u00edv\u011bsek:<\/strong> Le\u0161t\u011bn\u00fd jantarov\u00fd p\u0159\u00edv\u011bsek kapkovit\u00e9ho tvaru s jemn\u00fdm reli\u00e9fem p\u0159irozen\u00fdch inkluz\u00ed v kameni.<\/li>\n<li><strong>Zap\u00edn\u00e1n\u00ed:<\/strong> Bezpe\u010dn\u00fd klasick\u00fd uz\u00e1v\u011br pro snadn\u00e9 a rychl\u00e9 zapnut\u00ed a sund\u00e1n\u00ed n\u00e1hrdeln\u00edku.<\/li>\n<li><strong>Povrchov\u00e1 \u00faprava:<\/strong> Hladk\u00fd a leskl\u00fd povrch jantaru, vyzdvihuj\u00edc\u00ed jeho hloubku a p\u0159irozen\u00fd lesk.<\/li>\n<li><strong>Zpracov\u00e1n\u00ed:<\/strong> Ru\u010dn\u00ed v\u00fdroba a pe\u010dliv\u00e9 brou\u0161en\u00ed zaji\u0161\u0165uj\u00ed originalitu a jedine\u010dn\u00fd vzhled ka\u017ed\u00e9ho kusu.<\/li>\n<\/ul>\n<\/section>\n<div data-wtai-block-id=\"wtai_product_description_image_1753853427907\" class=\"wtai-section wtai-image_1753853427907-section\">\n<figure class=\"wtai-image-p wtai-align-center\" style=\"text-align:center\"><img decoding=\"async\" src=\"https:\/\/demostore.ai\/wp-content\/uploads\/2025\/07\/2-Rope-Chain-Necklace-in-White-Gold-with-Amber-Pendant-1-600x314.png\" alt=\"St\u0159\u00edbrn\u00fd n\u00e1hrdeln\u00edk s ov\u00e1ln\u00fdm jantarov\u00fdm p\u0159\u00edv\u011bskem na jemn\u00e9m \u0159et\u00edzku.\" srcset=\"https:\/\/demostore.ai\/wp-content\/uploads\/2025\/07\/2-Rope-Chain-Necklace-in-White-Gold-with-Amber-Pendant-1.png 1000w, https:\/\/demostore.ai\/wp-content\/uploads\/2025\/07\/2-Rope-Chain-Necklace-in-White-Gold-with-Amber-Pendant-1-300x157.png 300w, https:\/\/demostore.ai\/wp-content\/uploads\/2025\/07\/2-Rope-Chain-Necklace-in-White-Gold-with-Amber-Pendant-1-768x402.png 768w, https:\/\/demostore.ai\/wp-content\/uploads\/2025\/07\/2-Rope-Chain-Necklace-in-White-Gold-with-Amber-Pendant-1-600x314.png 600w\"><figcaption>\n<p>Kapka tmav\u011b zlatav\u00e9ho jantaru je zasazen\u00e1 do elegantn\u00edho st\u0159\u00edbrn\u00e9ho l\u016f\u017eka s jemn\u00fdm \u0159et\u00edzkem.<\/p>\n<\/figcaption><\/figure>\n<\/p><\/div>\n<section data-wtai-block-id=\"wtai_product_description_use_cases\" class=\"wtai-section wtai-use_cases-section\">\n<h2>Inspirace pro no\u0161en\u00ed a kombinov\u00e1n\u00ed<\/h2>\n<ul>\n<li>Elegantn\u00ed dopln\u011bk pro ka\u017edodenn\u00ed outfit i do pr\u00e1ce \u2013 decentn\u011b zv\u00fdrazn\u00ed p\u0159irozen\u00fd styl.<\/li>\n<li>V\u00fdrazn\u00fd \u0161perk ke spole\u010densk\u00fdm \u0161at\u016fm na slavnostn\u00ed ve\u010de\u0159i, svatbu nebo gala ve\u010der.<\/li>\n<li>Stylov\u00e9 vrstven\u00ed \u2013 kombinujte s del\u0161\u00edmi n\u00e1hrdeln\u00edky nebo s jemn\u00fdmi zlat\u00fdmi \u0161perky.<\/li>\n<li>Origin\u00e1ln\u00ed d\u00e1rek pro maminku, kamar\u00e1dku \u010di partnerku s osobit\u00fdm v\u00fdznamem.<\/li>\n<li>Vkusn\u00fd detail do minimalistick\u00e9ho looku \u2013 zv\u00fdrazn\u00ed jednoduch\u00fd outfit i voln\u00e9 \u0161aty.<\/li>\n<\/ul>\n<\/section>\n<section data-wtai-block-id=\"wtai_product_description_custom_1754204236758\" class=\"wtai-section wtai-custom_1754204236758-section\">\n<h2>Vhodn\u00e9 p\u0159\u00edle\u017eitosti pro no\u0161en\u00ed jantarov\u00e9ho n\u00e1hrdeln\u00edku<\/h2>\n<ul>\n<li><strong>D\u00e1rek k v\u00fdznamn\u00fdm ud\u00e1lostem<\/strong> \u2013 pot\u011b\u0161\u00ed jako osobit\u00fd \u0161perk k narozenin\u00e1m nebo v\u00fdro\u010d\u00ed.<\/li>\n<li><strong>Ozdoba pro slavnostn\u00ed chv\u00edle<\/strong> \u2013 zv\u00fdrazn\u00ed va\u0161i eleganci na svatb\u011b, maturitn\u00edm plese \u010di jin\u00e9 oslav\u011b.<\/li>\n<li><strong>Stylov\u00fd prvek do ka\u017edodenn\u00edho outfitu<\/strong> \u2013 jemn\u011b dopln\u00ed neform\u00e1ln\u00ed i business look ka\u017ed\u00fd den.<\/li>\n<li><strong>Vkusn\u00e1 volba pro pracovn\u00ed sch\u016fzky<\/strong> \u2013 decentn\u00ed detail, kter\u00fd podtrhne v\u00e1\u0161 profesion\u00e1ln\u00ed dojem.<\/li>\n<li><strong>Tradice v rodinn\u00e9m kruhu<\/strong> \u2013 ide\u00e1ln\u00ed k p\u0159ed\u00e1v\u00e1n\u00ed mezi generacemi jako symbol rodinn\u00e9ho pouta.<\/li>\n<li><strong>Tip na v\u00e1no\u010dn\u00ed nebo sv\u00e1te\u010dn\u00ed d\u00e1rek<\/strong> \u2013 origin\u00e1ln\u00ed \u0161perk s p\u0159\u00edb\u011bhem pro milovanou osobu.<\/li>\n<\/ul>\n<\/section>\n<section data-wtai-block-id=\"wtai_product_description_custom_1753164383380\" class=\"wtai-section wtai-custom_1753164383380-section\">\n<h3>Jak pe\u010dovat o v\u00e1\u0161 jantarov\u00fd n\u00e1hrdeln\u00edk<\/h3>\n<ul>\n<li>\u010cist\u011bte jantar jemn\u00fdm bavln\u011bn\u00fdm had\u0159\u00edkem m\u00edrn\u011b navlh\u010den\u00fdm vla\u017enou vodou a po ka\u017ed\u00e9m \u010di\u0161t\u011bn\u00ed jej osu\u0161te do sucha.<\/li>\n<li>Chra\u0148te n\u00e1hrdeln\u00edk p\u0159ed p\u0159\u00edm\u00fdm sluncem, teplem a chemik\u00e1liemi, jako jsou parf\u00e9my nebo laky na vlasy, kter\u00e9 mohou povrch jantaru po\u0161kodit.<\/li>\n<li>Ukl\u00e1dejte n\u00e1hrdeln\u00edk zvl\u00e1\u0161\u0165 do m\u011bkk\u00e9ho pouzdra nebo l\u00e1tkov\u00e9ho s\u00e1\u010dku, aby nedo\u0161lo k po\u0161kr\u00e1b\u00e1n\u00ed nebo naru\u0161en\u00ed jeho p\u0159irozen\u00e9ho lesku.<\/li>\n<\/ul>\n<\/section>\n<div data-wtai-block-id=\"wtai_product_description_image_1753853450366\" class=\"wtai-section wtai-image_1753853450366-section\">\n<figure class=\"wtai-image-p wtai-align-center\" style=\"text-align:center\"><img decoding=\"async\" src=\"https:\/\/demostore.ai\/wp-content\/uploads\/2025\/07\/4-Rope-Chain-Necklace-in-White-Gold-with-Amber-Pendant-600x307.png\" alt=\"St\u0159\u00edbrn\u00fd \u0159et\u00edzek s p\u0159\u00edv\u011bskem z brou\u0161en\u00e9ho \u017elut\u00e9ho jantaru na produktov\u00e9 fotografii.\" srcset=\"https:\/\/demostore.ai\/wp-content\/uploads\/2025\/07\/4-Rope-Chain-Necklace-in-White-Gold-with-Amber-Pendant.png 1000w, https:\/\/demostore.ai\/wp-content\/uploads\/2025\/07\/4-Rope-Chain-Necklace-in-White-Gold-with-Amber-Pendant-300x154.png 300w, https:\/\/demostore.ai\/wp-content\/uploads\/2025\/07\/4-Rope-Chain-Necklace-in-White-Gold-with-Amber-Pendant-768x393.png 768w, https:\/\/demostore.ai\/wp-content\/uploads\/2025\/07\/4-Rope-Chain-Necklace-in-White-Gold-with-Amber-Pendant-600x307.png 600w\"><figcaption>\n<p>Leskl\u00fd jantar je obklopen\u00fd st\u0159\u00edbrn\u00fdm detailem ve tvaru listu pro harmonick\u00fd p\u0159\u00edrodn\u00ed vzhled.<\/p>\n<\/figcaption><\/figure>\n<\/p><\/div>\n<section data-wtai-block-id=\"wtai_product_description_faqs\" class=\"wtai-section wtai-faqs-section\">\n<h2>Nej\u010dast\u011bj\u0161\u00ed dotazy a odpov\u011bdi<\/h2>\n<p><strong>Z jak\u00e9ho materi\u00e1lu je p\u0159\u00edv\u011bsek vyroben?<\/strong> <br \/> P\u0159\u00edv\u011bsek je vyroben z prav\u00e9ho jantaru, co\u017e je zkamen\u011bl\u00e1 prysky\u0159ice p\u0159\u00edrodn\u00edho p\u016fvodu.<\/p>\n<p><strong>Je \u0159et\u00edzek vhodn\u00fd pro citlivou poko\u017eku?<\/strong> <br \/> Ano, kvalitn\u00ed kov pou\u017eit\u00fd na \u0159et\u00edzku je \u0161etrn\u00fd ke k\u016f\u017ei a b\u011b\u017en\u011b nezp\u016fsobuje podr\u00e1\u017ed\u011bn\u00ed.<\/p>\n<p><strong>Jak m\u00e1m n\u00e1hrdeln\u00edk skladovat?<\/strong> <br \/> Doporu\u010dujeme uchov\u00e1vat jej v m\u011bkk\u00e9m s\u00e1\u010dku \u010di krabi\u010dce mimo p\u0159\u00edm\u00e9 slunce a chemik\u00e1lie.<\/p>\n<p><strong>Je n\u00e1hrdeln\u00edk vhodn\u00fd jako d\u00e1rek?<\/strong> <br \/> Jantarov\u00fd \u0161perk je d\u00edky sv\u00e9mu p\u0159\u00edrodn\u00edmu p\u016fvodu a decentn\u00ed eleganci velmi obl\u00edben\u00fd jako d\u00e1rek.<\/p>\n<\/section>\n<section data-wtai-block-id=\"wtai_product_description_conclusion\" class=\"wtai-section wtai-conclusion-section\">\n<h2>Objevte jedine\u010dn\u00e9 kouzlo p\u0159\u00edrodn\u00edho jantaru<\/h2>\n<p><strong>Pono\u0159te se do harmonie p\u0159\u00edrody s n\u00e1hrdeln\u00edkem, kter\u00fd v sob\u011b skr\u00fdv\u00e1 \u010das i originalitu.<\/strong> <strong>Ka\u017ed\u00fd kus je autentick\u00fd origin\u00e1l, kter\u00fd podtrhne va\u0161i \u017eenskou osobnost a p\u0159inese pocit v\u00fdjime\u010dnosti.<\/strong> <strong>Neoddalujte radost z nov\u00e9ho elegantn\u00edho dopl\u0148ku \u2013 v\u00e1\u0161 nov\u00fd obl\u00edben\u00fd \u0161perk \u010dek\u00e1 pr\u00e1v\u011b dnes.<\/strong><\/p>\n<\/section>\n","protected":false},"excerpt":{"rendered":"<div data-wtai-block-id=\"wtai_excerpt_subtitle\" class=\"wtai-section wtai-subtitle-section\">\n<p><em><strong>Nad\u010dasov\u00e1 kapka sv\u011btla: Prav\u00fd jantar v decentn\u00edm proveden\u00ed na jemn\u00e9m \u0159et\u00edzku.<\/strong><\/em><\/p>\n<\/p><\/div>\n<div data-wtai-block-id=\"wtai_excerpt_introduction\" class=\"wtai-section wtai-introduction-section\">\n<p>P\u0159ekvapiv\u011b jemn\u00e9 propojen\u00ed p\u0159\u00edrody a elegance vystihuje podstatu tohoto \u0161perku. Nosit jantar na \u0159et\u00edzku znamen\u00e1 z\u00edskat nejen v\u00fdjime\u010dn\u00fd dopln\u011bk, ale i kousek d\u00e1vn\u00e9 historie ukryt\u00fd v origin\u00e1ln\u00edm tvaru, kter\u00fd se nikdy neokouk\u00e1. Tento n\u00e1hrdeln\u00edk vnese do ka\u017ed\u00e9ho okam\u017eiku v\u0159el\u00fd dotek a p\u0159irozen\u011b zd\u016frazn\u00ed osobitou kr\u00e1su sv\u00e9 majitelky. Je ide\u00e1ln\u00ed volbou pro chv\u00edle, kdy tou\u017e\u00edte po nen\u00e1padn\u00e9m, ale p\u016fsobiv\u00e9m dopl\u0148ku, kter\u00fd dopln\u00ed jak le\u017e\u00e9rn\u00ed, tak slavnostn\u00ed styl.<\/p>\n<\/p><\/div>\n","protected":false},"featured_media":33045,"comment_status":"open","ping_status":"closed","template":"","meta":[],"product_brand":[],"product_cat":[295],"product_tag":[],"class_list":{"0":"post-37977","1":"product","2":"type-product","3":"status-publish","4":"has-post-thumbnail","6":"product_cat-sperky","8":"first","9":"instock","10":"shipping-taxable","11":"purchasable","12":"product-type-simple"},"bundled_by":[],"bundle_stock_status":"instock","bundle_stock_quantity":null,"bundle_virtual":false,"bundle_layout":"","bundle_add_to_cart_form_location":"","bundle_editable_in_cart":false,"bundle_sold_individually_context":"","bundle_item_grouping":"","bundle_min_size":"","bundle_max_size":"","bundle_price":[],"bundled_items":[],"bundle_sell_ids":[],"yoast_head":"<!-- This site is optimized with the Yoast SEO plugin v25.2 - https:\/\/yoast.com\/wordpress\/plugins\/seo\/ -->\n<title>Objevte N\u00e1hrdeln\u00edk z Jantaru na \u0158et\u00edzku s Nad\u010dasovou Eleganc\u00ed<\/title>\n<meta name=\"description\" content=\"Ne\u010dekan\u00e1 harmonie p\u0159\u00edrody a stylu v jantarov\u00e9m n\u00e1hrdeln\u00edku na klasick\u00e9m \u0159et\u00edzku. Ka\u017ed\u00fd p\u0159\u00edv\u011bsek je jedine\u010dn\u00fd, jemn\u011b vynikne v ka\u017edodenn\u00edm i slavnostn\u00edm outfitu.\" \/>\n<meta name=\"robots\" content=\"index, follow, max-snippet:-1, max-image-preview:large, max-video-preview:-1\" \/>\n<link rel=\"canonical\" href=\"https:\/\/demostore.ai\/cs\/produkt\/nahrdelnik-z-jantaru-na-retizku\/\" \/>\n<meta property=\"og:type\" content=\"article\" \/>\n<meta property=\"og:title\" content=\"Objevte N\u00e1hrdeln\u00edk z Jantaru na \u0158et\u00edzku s Nad\u010dasovou Eleganc\u00ed\" \/>\n<meta property=\"og:description\" content=\"Spojen\u00ed \u010dist\u00e9 p\u0159\u00edrody a osobit\u00e9 elegance nab\u00edz\u00ed jantarov\u00fd n\u00e1hrdeln\u00edk na klasick\u00e9m \u0159et\u00edzku s kapkovit\u00fdm p\u0159\u00edv\u011bskem. Ka\u017ed\u00fd kus je origin\u00e1l pro ka\u017edodenn\u00ed i slavnostn\u00ed no\u0161en\u00ed.\" \/>\n<meta property=\"og:url\" content=\"https:\/\/demostore.ai\/cs\/produkt\/nahrdelnik-z-jantaru-na-retizku\/\" \/>\n<meta property=\"og:site_name\" content=\"Trendy Thread\" \/>\n<meta property=\"article:modified_time\" content=\"2026-02-19T03:05:46+00:00\" \/>\n<meta property=\"og:image\" content=\"https:\/\/demostore.ai\/wp-content\/uploads\/2025\/07\/1-Rope-Chain-Necklace-in-White-Gold-with-Amber-Pendant-1.png\" \/>\n\t<meta property=\"og:image:width\" content=\"1000\" \/>\n\t<meta property=\"og:image:height\" content=\"551\" \/>\n\t<meta property=\"og:image:type\" content=\"image\/png\" \/>\n<meta name=\"twitter:card\" content=\"summary_large_image\" \/>\n<meta name=\"twitter:title\" content=\"Objevte N\u00e1hrdeln\u00edk z Jantaru na \u0158et\u00edzku s Nad\u010dasovou Eleganc\u00ed\" \/>\n<meta name=\"twitter:description\" content=\"Spojen\u00ed \u010dist\u00e9 p\u0159\u00edrody a osobit\u00e9 elegance nab\u00edz\u00ed jantarov\u00fd n\u00e1hrdeln\u00edk na klasick\u00e9m \u0159et\u00edzku s kapkovit\u00fdm p\u0159\u00edv\u011bskem. Ka\u017ed\u00fd kus je origin\u00e1l pro ka\u017edodenn\u00ed i slavnostn\u00ed no\u0161en\u00ed.\" \/>\n<meta name=\"twitter:label1\" content=\"Odhadovan\u00e1 doba \u010dten\u00ed\" \/>\n\t<meta name=\"twitter:data1\" content=\"1 minuta\" \/>\n<script type=\"application\/ld+json\" class=\"yoast-schema-graph\">{\"@context\":\"https:\/\/schema.org\",\"@graph\":[{\"@type\":\"WebPage\",\"@id\":\"https:\/\/demostore.ai\/cs\/produkt\/nahrdelnik-z-jantaru-na-retizku\/\",\"url\":\"https:\/\/demostore.ai\/cs\/produkt\/nahrdelnik-z-jantaru-na-retizku\/\",\"name\":\"Objevte N\u00e1hrdeln\u00edk z Jantaru na \u0158et\u00edzku s Nad\u010dasovou Eleganc\u00ed\",\"isPartOf\":{\"@id\":\"https:\/\/demostore.ai\/cs\/#website\"},\"primaryImageOfPage\":{\"@id\":\"https:\/\/demostore.ai\/cs\/produkt\/nahrdelnik-z-jantaru-na-retizku\/#primaryimage\"},\"image\":{\"@id\":\"https:\/\/demostore.ai\/cs\/produkt\/nahrdelnik-z-jantaru-na-retizku\/#primaryimage\"},\"thumbnailUrl\":\"https:\/\/demostore.ai\/wp-content\/uploads\/2025\/07\/1-Rope-Chain-Necklace-in-White-Gold-with-Amber-Pendant-1.png\",\"datePublished\":\"2025-07-27T22:49:28+00:00\",\"dateModified\":\"2026-02-19T03:05:46+00:00\",\"description\":\"Ne\u010dekan\u00e1 harmonie p\u0159\u00edrody a stylu v jantarov\u00e9m n\u00e1hrdeln\u00edku na klasick\u00e9m \u0159et\u00edzku. Ka\u017ed\u00fd p\u0159\u00edv\u011bsek je jedine\u010dn\u00fd, jemn\u011b vynikne v ka\u017edodenn\u00edm i slavnostn\u00edm outfitu.\",\"breadcrumb\":{\"@id\":\"https:\/\/demostore.ai\/cs\/produkt\/nahrdelnik-z-jantaru-na-retizku\/#breadcrumb\"},\"inLanguage\":\"cs\",\"potentialAction\":[{\"@type\":\"ReadAction\",\"target\":[\"https:\/\/demostore.ai\/cs\/produkt\/nahrdelnik-z-jantaru-na-retizku\/\"]}]},{\"@type\":\"ImageObject\",\"inLanguage\":\"cs\",\"@id\":\"https:\/\/demostore.ai\/cs\/produkt\/nahrdelnik-z-jantaru-na-retizku\/#primaryimage\",\"url\":\"https:\/\/demostore.ai\/wp-content\/uploads\/2025\/07\/1-Rope-Chain-Necklace-in-White-Gold-with-Amber-Pendant-1.png\",\"contentUrl\":\"https:\/\/demostore.ai\/wp-content\/uploads\/2025\/07\/1-Rope-Chain-Necklace-in-White-Gold-with-Amber-Pendant-1.png\",\"width\":1000,\"height\":551,\"caption\":\"Zlat\u00fd \u0159et\u00edzek s p\u0159\u00edv\u011bskem z leskl\u00e9ho \u017elut\u00e9ho jantaru na produktov\u00e9 str\u00e1nce.\"},{\"@type\":\"BreadcrumbList\",\"@id\":\"https:\/\/demostore.ai\/cs\/produkt\/nahrdelnik-z-jantaru-na-retizku\/#breadcrumb\",\"itemListElement\":[{\"@type\":\"ListItem\",\"position\":1,\"name\":\"Dom\u016f\",\"item\":\"https:\/\/demostore.ai\/cs\/\"},{\"@type\":\"ListItem\",\"position\":2,\"name\":\"Obchod\",\"item\":\"https:\/\/demostore.ai\/cs\/obchod\/\"},{\"@type\":\"ListItem\",\"position\":3,\"name\":\"N\u00e1hrdeln\u00edk z Jantaru na \u0158et\u00edzku\"}]},{\"@type\":\"WebSite\",\"@id\":\"https:\/\/demostore.ai\/cs\/#website\",\"url\":\"https:\/\/demostore.ai\/cs\/\",\"name\":\"Trendy Thread\",\"description\":\"Demo obchod WriteText.ai\",\"publisher\":{\"@id\":\"https:\/\/demostore.ai\/cs\/#organization\"},\"potentialAction\":[{\"@type\":\"SearchAction\",\"target\":{\"@type\":\"EntryPoint\",\"urlTemplate\":\"https:\/\/demostore.ai\/cs\/?s={search_term_string}\"},\"query-input\":{\"@type\":\"PropertyValueSpecification\",\"valueRequired\":true,\"valueName\":\"search_term_string\"}}],\"inLanguage\":\"cs\"},{\"@type\":\"Organization\",\"@id\":\"https:\/\/demostore.ai\/cs\/#organization\",\"name\":\"WriteText.ai\",\"url\":\"https:\/\/demostore.ai\/cs\/\",\"logo\":{\"@type\":\"ImageObject\",\"inLanguage\":\"cs\",\"@id\":\"https:\/\/demostore.ai\/cs\/#\/schema\/logo\/image\/\",\"url\":\"https:\/\/demostore.ai\/wp-content\/uploads\/2025\/10\/writetext_logo.webp\",\"contentUrl\":\"https:\/\/demostore.ai\/wp-content\/uploads\/2025\/10\/writetext_logo.webp\",\"width\":200,\"height\":34,\"caption\":\"WriteText.ai\"},\"image\":{\"@id\":\"https:\/\/demostore.ai\/cs\/#\/schema\/logo\/image\/\"}}]}<\/script>\n<!-- \/ Yoast SEO plugin. -->","yoast_head_json":{"title":"Objevte N\u00e1hrdeln\u00edk z Jantaru na \u0158et\u00edzku s Nad\u010dasovou Eleganc\u00ed","description":"Ne\u010dekan\u00e1 harmonie p\u0159\u00edrody a stylu v jantarov\u00e9m n\u00e1hrdeln\u00edku na klasick\u00e9m \u0159et\u00edzku. Ka\u017ed\u00fd p\u0159\u00edv\u011bsek je jedine\u010dn\u00fd, jemn\u011b vynikne v ka\u017edodenn\u00edm i slavnostn\u00edm outfitu.","robots":{"index":"index","follow":"follow","max-snippet":"max-snippet:-1","max-image-preview":"max-image-preview:large","max-video-preview":"max-video-preview:-1"},"canonical":"https:\/\/demostore.ai\/cs\/produkt\/nahrdelnik-z-jantaru-na-retizku\/","og_type":"article","og_title":"Objevte N\u00e1hrdeln\u00edk z Jantaru na \u0158et\u00edzku s Nad\u010dasovou Eleganc\u00ed","og_description":"Spojen\u00ed \u010dist\u00e9 p\u0159\u00edrody a osobit\u00e9 elegance nab\u00edz\u00ed jantarov\u00fd n\u00e1hrdeln\u00edk na klasick\u00e9m \u0159et\u00edzku s kapkovit\u00fdm p\u0159\u00edv\u011bskem. Ka\u017ed\u00fd kus je origin\u00e1l pro ka\u017edodenn\u00ed i slavnostn\u00ed no\u0161en\u00ed.","og_url":"https:\/\/demostore.ai\/cs\/produkt\/nahrdelnik-z-jantaru-na-retizku\/","og_site_name":"Trendy Thread","article_modified_time":"2026-02-19T03:05:46+00:00","og_image":[{"width":1000,"height":551,"url":"https:\/\/demostore.ai\/wp-content\/uploads\/2025\/07\/1-Rope-Chain-Necklace-in-White-Gold-with-Amber-Pendant-1.png","type":"image\/png"}],"twitter_card":"summary_large_image","twitter_title":"Objevte N\u00e1hrdeln\u00edk z Jantaru na \u0158et\u00edzku s Nad\u010dasovou Eleganc\u00ed","twitter_description":"Spojen\u00ed \u010dist\u00e9 p\u0159\u00edrody a osobit\u00e9 elegance nab\u00edz\u00ed jantarov\u00fd n\u00e1hrdeln\u00edk na klasick\u00e9m \u0159et\u00edzku s kapkovit\u00fdm p\u0159\u00edv\u011bskem. Ka\u017ed\u00fd kus je origin\u00e1l pro ka\u017edodenn\u00ed i slavnostn\u00ed no\u0161en\u00ed.","twitter_misc":{"Odhadovan\u00e1 doba \u010dten\u00ed":"1 minuta"},"schema":{"@context":"https:\/\/schema.org","@graph":[{"@type":"WebPage","@id":"https:\/\/demostore.ai\/cs\/produkt\/nahrdelnik-z-jantaru-na-retizku\/","url":"https:\/\/demostore.ai\/cs\/produkt\/nahrdelnik-z-jantaru-na-retizku\/","name":"Objevte N\u00e1hrdeln\u00edk z Jantaru na \u0158et\u00edzku s Nad\u010dasovou Eleganc\u00ed","isPartOf":{"@id":"https:\/\/demostore.ai\/cs\/#website"},"primaryImageOfPage":{"@id":"https:\/\/demostore.ai\/cs\/produkt\/nahrdelnik-z-jantaru-na-retizku\/#primaryimage"},"image":{"@id":"https:\/\/demostore.ai\/cs\/produkt\/nahrdelnik-z-jantaru-na-retizku\/#primaryimage"},"thumbnailUrl":"https:\/\/demostore.ai\/wp-content\/uploads\/2025\/07\/1-Rope-Chain-Necklace-in-White-Gold-with-Amber-Pendant-1.png","datePublished":"2025-07-27T22:49:28+00:00","dateModified":"2026-02-19T03:05:46+00:00","description":"Ne\u010dekan\u00e1 harmonie p\u0159\u00edrody a stylu v jantarov\u00e9m n\u00e1hrdeln\u00edku na klasick\u00e9m \u0159et\u00edzku. Ka\u017ed\u00fd p\u0159\u00edv\u011bsek je jedine\u010dn\u00fd, jemn\u011b vynikne v ka\u017edodenn\u00edm i slavnostn\u00edm outfitu.","breadcrumb":{"@id":"https:\/\/demostore.ai\/cs\/produkt\/nahrdelnik-z-jantaru-na-retizku\/#breadcrumb"},"inLanguage":"cs","potentialAction":[{"@type":"ReadAction","target":["https:\/\/demostore.ai\/cs\/produkt\/nahrdelnik-z-jantaru-na-retizku\/"]}]},{"@type":"ImageObject","inLanguage":"cs","@id":"https:\/\/demostore.ai\/cs\/produkt\/nahrdelnik-z-jantaru-na-retizku\/#primaryimage","url":"https:\/\/demostore.ai\/wp-content\/uploads\/2025\/07\/1-Rope-Chain-Necklace-in-White-Gold-with-Amber-Pendant-1.png","contentUrl":"https:\/\/demostore.ai\/wp-content\/uploads\/2025\/07\/1-Rope-Chain-Necklace-in-White-Gold-with-Amber-Pendant-1.png","width":1000,"height":551,"caption":"Zlat\u00fd \u0159et\u00edzek s p\u0159\u00edv\u011bskem z leskl\u00e9ho \u017elut\u00e9ho jantaru na produktov\u00e9 str\u00e1nce."},{"@type":"BreadcrumbList","@id":"https:\/\/demostore.ai\/cs\/produkt\/nahrdelnik-z-jantaru-na-retizku\/#breadcrumb","itemListElement":[{"@type":"ListItem","position":1,"name":"Dom\u016f","item":"https:\/\/demostore.ai\/cs\/"},{"@type":"ListItem","position":2,"name":"Obchod","item":"https:\/\/demostore.ai\/cs\/obchod\/"},{"@type":"ListItem","position":3,"name":"N\u00e1hrdeln\u00edk z Jantaru na \u0158et\u00edzku"}]},{"@type":"WebSite","@id":"https:\/\/demostore.ai\/cs\/#website","url":"https:\/\/demostore.ai\/cs\/","name":"Trendy Thread","description":"Demo obchod WriteText.ai","publisher":{"@id":"https:\/\/demostore.ai\/cs\/#organization"},"potentialAction":[{"@type":"SearchAction","target":{"@type":"EntryPoint","urlTemplate":"https:\/\/demostore.ai\/cs\/?s={search_term_string}"},"query-input":{"@type":"PropertyValueSpecification","valueRequired":true,"valueName":"search_term_string"}}],"inLanguage":"cs"},{"@type":"Organization","@id":"https:\/\/demostore.ai\/cs\/#organization","name":"WriteText.ai","url":"https:\/\/demostore.ai\/cs\/","logo":{"@type":"ImageObject","inLanguage":"cs","@id":"https:\/\/demostore.ai\/cs\/#\/schema\/logo\/image\/","url":"https:\/\/demostore.ai\/wp-content\/uploads\/2025\/10\/writetext_logo.webp","contentUrl":"https:\/\/demostore.ai\/wp-content\/uploads\/2025\/10\/writetext_logo.webp","width":200,"height":34,"caption":"WriteText.ai"},"image":{"@id":"https:\/\/demostore.ai\/cs\/#\/schema\/logo\/image\/"}}]}},"_links":{"self":[{"href":"https:\/\/demostore.ai\/cs\/wp-json\/wp\/v2\/product\/37977","targetHints":{"allow":["GET"]}}],"collection":[{"href":"https:\/\/demostore.ai\/cs\/wp-json\/wp\/v2\/product"}],"about":[{"href":"https:\/\/demostore.ai\/cs\/wp-json\/wp\/v2\/types\/product"}],"replies":[{"embeddable":true,"href":"https:\/\/demostore.ai\/cs\/wp-json\/wp\/v2\/comments?post=37977"}],"wp:featuredmedia":[{"embeddable":true,"href":"https:\/\/demostore.ai\/cs\/wp-json\/wp\/v2\/media\/33045"}],"wp:attachment":[{"href":"https:\/\/demostore.ai\/cs\/wp-json\/wp\/v2\/media?parent=37977"}],"wp:term":[{"taxonomy":"product_brand","embeddable":true,"href":"https:\/\/demostore.ai\/cs\/wp-json\/wp\/v2\/product_brand?post=37977"},{"taxonomy":"product_cat","embeddable":true,"href":"https:\/\/demostore.ai\/cs\/wp-json\/wp\/v2\/product_cat?post=37977"},{"taxonomy":"product_tag","embeddable":true,"href":"https:\/\/demostore.ai\/cs\/wp-json\/wp\/v2\/product_tag?post=37977"}],"curies":[{"name":"wp","href":"https:\/\/api.w.org\/{rel}","templated":true}]}}