{"id":37884,"date":"2025-06-16T07:23:39","date_gmt":"2025-06-15T23:23:39","guid":{"rendered":"https:\/\/demostore.ai\/?post_type=product&#038;p=37884"},"modified":"2026-02-18T18:23:16","modified_gmt":"2026-02-18T10:23:16","slug":"hm-mikina-na-zip-s-kapuci","status":"publish","type":"product","link":"https:\/\/demostore.ai\/cs\/produkt\/hm-mikina-na-zip-s-kapuci\/","title":{"rendered":"H&#038;M Mikina na Zip s Kapuc\u00ed"},"content":{"rendered":"<section data-wtai-block-id=\"wtai_product_description_features\" class=\"wtai-section wtai-features-section\">\n<h2>Detaily produktu<\/h2>\n<ul>\n<li><strong>Pohodln\u00fd materi\u00e1l<\/strong> ze sm\u011bsi bavlny a polyesteru pro celodenn\u00ed komfort<\/li>\n<li><strong>Celoprop\u00ednac\u00ed zip<\/strong> umo\u017en\u00ed rychl\u00e9 obl\u00e9k\u00e1n\u00ed a odkl\u00e1d\u00e1n\u00ed<\/li>\n<li><strong>Kapuce s praktickou \u0161\u0148\u016frkou<\/strong> pro dolad\u011bn\u00ed stylu a ochranu p\u0159ed v\u011btrem<\/li>\n<li><strong>Dv\u011b hlubok\u00e9 p\u0159edn\u00ed kapsy<\/strong> na v\u0161echny drobnosti nebo ruce v teple<\/li>\n<li><strong>Elastick\u00e9 man\u017eety<\/strong> na ruk\u00e1vech a spodn\u00edm lemu dr\u017e\u00ed tvar i po \u010dast\u00e9m no\u0161en\u00ed<\/li>\n<li><strong>Jednoduch\u00fd, univerz\u00e1ln\u00ed st\u0159ih<\/strong> vhodn\u00fd pro v\u0161echny postavy<\/li>\n<li><strong>Mel\u00edrovan\u00e1 \u0161ed\u00e1 barva<\/strong> snadno zkombinujete s d\u017e\u00ednami i tepl\u00e1ky<\/li>\n<li><strong>Odoln\u00e9 \u0161vy<\/strong> pro ka\u017edodenn\u00ed akci bez obav z vytah\u00e1n\u00ed<\/li>\n<li><strong>Lehk\u00e1 vnit\u0159n\u00ed pod\u0161\u00edvka<\/strong> p\u0159\u00edjemn\u00e1 na dotek a vhodn\u00e1 na vrstven\u00ed<\/li>\n<\/ul>\n<\/section>\n<div data-wtai-block-id=\"wtai_product_description_image_1753694415199\" class=\"wtai-section wtai-image_1753694415199-section\">\n<figure class=\"wtai-image-p wtai-align-center\" style=\"text-align:center\"><img decoding=\"async\" src=\"https:\/\/demostore.ai\/wp-content\/uploads\/2025\/06\/Branded-hoodie-2-scaled-1-600x738.png\" alt=\"\u0160ed\u00e1 mikina na zip s kapuc\u00ed H&amp;M, pohled zezadu, jednoduch\u00fd design bez potisku.\" srcset=\"https:\/\/demostore.ai\/wp-content\/uploads\/2025\/06\/Branded-hoodie-2-scaled-1.png 813w, https:\/\/demostore.ai\/wp-content\/uploads\/2025\/06\/Branded-hoodie-2-scaled-1-244x300.png 244w, https:\/\/demostore.ai\/wp-content\/uploads\/2025\/06\/Branded-hoodie-2-scaled-1-768x945.png 768w, https:\/\/demostore.ai\/wp-content\/uploads\/2025\/06\/Branded-hoodie-2-scaled-1-600x738.png 600w\"><figcaption>\n<p>Mel\u00edrovan\u00e1 \u0161ed\u00e1 barva s kapuc\u00ed a \u017eebrovan\u00fdmi lemy p\u016fsob\u00ed maxim\u00e1ln\u011b stylov\u011b a pohodov\u011b.<\/p>\n<\/figcaption><\/figure>\n<\/p><\/div>\n<section data-wtai-block-id=\"wtai_product_description_benefits\" class=\"wtai-section wtai-benefits-section\">\n<h2>Pro\u010d si ji zamilujete<\/h2>\n<ul>\n<li>Zap\u00edn\u00e1n\u00ed na zip v\u00e1m d\u00e1v\u00e1 naprostou svobodu ve vrstven\u00ed a \u00faprav\u011b podle po\u010das\u00ed.<\/li>\n<li>Kapuce ochr\u00e1n\u00ed p\u0159ed ne\u010dekan\u00fdm de\u0161t\u011bm i v\u011btrem, tak\u017ee u\u017e v\u00e1s po\u010das\u00ed nezasko\u010d\u00ed.<\/li>\n<li>P\u0159edn\u00ed kapsy pojmou mobil, kl\u00ed\u010de i ruce, kdy\u017e je venku chladn\u011bji.<\/li>\n<li>Pohodln\u00fd, pru\u017en\u00fd materi\u00e1l zajist\u00ed, \u017ee budete v klidu cel\u00fd den \u2013 ve \u0161kole, pr\u00e1ci i venku.<\/li>\n<li>Univerz\u00e1ln\u00ed design zapadne do m\u011bstsk\u00e9ho stylu i dom\u00e1c\u00ed pohody, tak\u017ee nemus\u00edte p\u0159em\u00fd\u0161let, co na sebe.<\/li>\n<\/ul>\n<\/section>\n<section data-wtai-block-id=\"wtai_product_description_use_cases\" class=\"wtai-section wtai-use_cases-section\">\n<h2>Kdy a kde ji unos\u00edte<\/h2>\n<p>Na proch\u00e1zku do m\u011bsta jednodu\u0161e zkombinujte s d\u017e\u00ednami a teniskami pro le\u017e\u00e9rn\u00ed look. Mikina je skv\u011bl\u00e1 do \u0161koly, na tr\u00e9nink i doma na gau\u010di. Perfektn\u011b v\u00e1s zah\u0159eje cestou do pr\u00e1ce a vyu\u017eijete ji i jako vrchn\u00ed vrstvu p\u0159i cest\u00e1ch ven s kamar\u00e1dy. D\u00edky jednoduch\u00e9mu st\u0159ihu ji unos\u00edte prakticky kdykoliv \u2013 od podzimu do jara, samostatn\u011b i pod bundu.<\/p>\n<\/section>\n<section data-wtai-block-id=\"wtai_product_description_custom_1754271650908\" class=\"wtai-section wtai-custom_1754271650908-section\">\n<h2>Jak udr\u017eet mikinu H&amp;M na zip s kapuc\u00ed v top stavu<\/h2>\n<ul>\n<li>Per naruby v pra\u010dce na jemn\u00fd program a studenou vodu.<\/li>\n<li>Su\u0161 rozlo\u017een\u00e9 na vzduchu, mimo p\u0159\u00edm\u00e9 slunce.<\/li>\n<li>\u017dehli pouze z rubu na n\u00edzkou teplotu, pokud je pot\u0159eba.<\/li>\n<li>Mikinu skladuj slo\u017eenou, aby ramena neztratila tvar.<\/li>\n<li>Nepou\u017e\u00edvej b\u011blidlo ani aviv\u00e1\u017e, chra\u0148 p\u0159ed vlhkost\u00ed.<\/li>\n<\/ul>\n<\/section>\n<section data-wtai-block-id=\"wtai_product_description_custom_1754281021097\" class=\"wtai-section wtai-custom_1754281021097-section\">\n<h2>S \u010d\u00edm je tato H&amp;M mikina je\u0161t\u011b v\u00edc cool: udr\u017eitelnost na prvn\u00edm m\u00edst\u011b<\/h2>\n<h3>Materi\u00e1ly<\/h3>\n<ul>\n<li>29,5 % materi\u00e1l\u016f je z recyklovan\u00fdch zdroj\u016f podle H&amp;M<\/li>\n<li>Bavlna poch\u00e1z\u00ed z Better Cotton iniciativy \u010di je recyklovan\u00e1<\/li>\n<li>C\u00edl: 100 % materi\u00e1l\u016f bude do roku 2030 udr\u017eiteln\u00fdch<\/li>\n<\/ul>\n<h3>Komponenty<\/h3>\n<ul>\n<li>78 % polyesteru pou\u017eit\u00fd recyklovan\u00fd, omezuje pl\u00fdtv\u00e1n\u00ed zdroji<\/li>\n<li>Pou\u017e\u00edvan\u00fd polyamid \u010d\u00e1ste\u010dn\u011b z recykla\u010dn\u00edch projekt\u016f<\/li>\n<li>Pod\u00edl visk\u00f3zy zodpov\u011bdn\u011b certifikovan\u00e9, m\u00e9n\u011b dopadu na planetu<\/li>\n<\/ul>\n<h3>Balen\u00ed<\/h3>\n<ul>\n<li>Obalov\u00e9 materi\u00e1ly budou do 2030 kompletn\u011b recyklovateln\u00e9 nebo udr\u017eiteln\u00e9<\/li>\n<li>Sb\u011brn\u00e9 boxy \u201eTake Care\u201c na pou\u017eit\u00fd textil v prodejn\u00e1ch<\/li>\n<li>Pap\u00edrov\u00e9 visa\u010dky z recyklovan\u00e9ho materi\u00e1lu, \u0161et\u0159\u00ed nov\u00e9 zdroje<\/li>\n<\/ul>\n<\/section>\n<div data-wtai-block-id=\"wtai_product_description_image_1753694424568\" class=\"wtai-section wtai-image_1753694424568-section\">\n<figure class=\"wtai-image-p wtai-align-center\" style=\"text-align:center\"><img decoding=\"async\" src=\"https:\/\/demostore.ai\/wp-content\/uploads\/2025\/06\/Branded-hoodie-4-scaled-1-600x600.png\" alt=\"Detail mikiny na zip s kapuc\u00ed od H&amp;M, \u0161ed\u00e1 barva a \u010dern\u00fd zip, detail zna\u010dky na \u0161t\u00edtku.\" srcset=\"https:\/\/demostore.ai\/wp-content\/uploads\/2025\/06\/Branded-hoodie-4-scaled-1.png 1000w, https:\/\/demostore.ai\/wp-content\/uploads\/2025\/06\/Branded-hoodie-4-scaled-1-300x300.png 300w, https:\/\/demostore.ai\/wp-content\/uploads\/2025\/06\/Branded-hoodie-4-scaled-1-150x150.png 150w, https:\/\/demostore.ai\/wp-content\/uploads\/2025\/06\/Branded-hoodie-4-scaled-1-768x768.png 768w, https:\/\/demostore.ai\/wp-content\/uploads\/2025\/06\/Branded-hoodie-4-scaled-1-600x600.png 600w, https:\/\/demostore.ai\/wp-content\/uploads\/2025\/06\/Branded-hoodie-4-scaled-1-250x250.png 250w\"><figcaption>\n<p>Detailn\u00ed pohled na kovov\u00fd zip a m\u011bkk\u00fd vnit\u0159n\u00ed materi\u00e1l slibuje pohodl\u00ed ka\u017ed\u00fd den.<\/p>\n<\/figcaption><\/figure>\n<\/p><\/div>\n<section data-wtai-block-id=\"wtai_product_description_faqs\" class=\"wtai-section wtai-faqs-section\">\n<h2>Nej\u010dast\u011bj\u0161\u00ed dotazy<\/h2>\n<p><strong>Jak vybrat spr\u00e1vnou velikost t\u00e9to mikiny?<\/strong> <br \/> Doporu\u010dujeme \u0159\u00eddit se velikostn\u00ed tabulkou H&amp;M. Mikina m\u00e1 pohodln\u00fd st\u0159ih, volbu p\u0159izp\u016fsobte, podle toho, zda chcete sp\u00ed\u0161 voln\u011bj\u0161\u00ed nebo na t\u011blo.<\/p>\n<p><strong>Je mikina vhodn\u00e1 na celoro\u010dn\u00ed no\u0161en\u00ed?<\/strong> <br \/> Materi\u00e1l je prody\u0161n\u00fd, st\u0159edn\u011b siln\u00fd a zvl\u00e1dne pohodln\u011b vrstvit \u2013 unos\u00edte ji samostatn\u011b na ja\u0159e, na podzim, v zim\u011b pod bundu.<\/p>\n<p><strong>Jak ji pr\u00e1t, aby vydr\u017eela co nejd\u00e9le?<\/strong> <br \/> Perte naruby na 30 \u00b0C s podobn\u00fdmi barvami. Su\u0161te voln\u011b a nevystavujte p\u0159\u00edli\u0161 horku, mikina si zachov\u00e1 barvu i tvar.<\/p>\n<p><strong>Jsou kapsy bezpe\u010dn\u00e9 na drobnosti?<\/strong> <br \/> Ano, kapsy jsou hlubok\u00e9 a dob\u0159e dr\u017e\u00ed tvar, mobil nebo kl\u00ed\u010de v nich bez probl\u00e9mu z\u016fstanou i p\u0159i pohybu.<\/p>\n<\/section>\n<section data-wtai-block-id=\"wtai_product_description_conclusion\" class=\"wtai-section wtai-conclusion-section\">\n<h2>Ne\u010dekejte a objevte svou novou obl\u00edbenou mikinu<\/h2>\n<p><strong>Osvojte si pohodl\u00ed a styl, kter\u00fd zvl\u00e1dne ka\u017ed\u00fd den i n\u00e1ro\u010dn\u00e9 po\u010das\u00ed. Univerz\u00e1ln\u00ed st\u0159ih a praktick\u00e9 detaily z n\u00ed d\u011blaj\u00ed kousek, na kter\u00fd se m\u016f\u017eete spolehnout doma i ve m\u011bst\u011b.<\/strong> <strong>Tak si ji dop\u0159ejte je\u0161t\u011b dnes a najd\u011bte v n\u00ed novou \u00farove\u0148 v\u0161estrannosti \u2013 oble\u010dte ji, kdykoli pot\u0159ebujete pohodl\u00ed a styl v jednom.<\/strong><\/p>\n<\/section>\n","protected":false},"excerpt":{"rendered":"<div data-wtai-block-id=\"wtai_excerpt_subtitle\" class=\"wtai-section wtai-subtitle-section\">\n<p><em><strong>Jednoduch\u00fd styl, ve kter\u00e9m zvl\u00e1dne\u0161 v\u0161echno od relaxu po cestu ven.<\/strong><\/em><\/p>\n<\/p><\/div>\n<div data-wtai-block-id=\"wtai_excerpt_introduction\" class=\"wtai-section wtai-introduction-section\">\n<p>Tenhle kousek m\u00e1 prost\u011b v\u0161echno, co od pohodov\u00e9 mikiny \u010dek\u00e1\u0161. H&amp;M Mikina na Zip s Kapuc\u00ed je univerz\u00e1ln\u00ed z\u00e1le\u017eitost, kter\u00e1 ti dod\u00e1 sebev\u011bdom\u00ed i le\u017e\u00e9rn\u00ed styl p\u0159i ka\u017edodenn\u00edm no\u0161en\u00ed. M\u011bkk\u00e1, p\u0159\u00edjemn\u00e1 na dotek a dostate\u010dn\u011b prostorn\u00e1, aby ses v n\u00ed c\u00edtil(a) fakt voln\u011b \u2013 a\u0165 u\u017e vyr\u00e1\u017e\u00ed\u0161 do m\u011bsta, na sport, nebo jen tak chyt\u00e1\u0161 klid doma. Tenhle neutr\u00e1ln\u00ed odst\u00edn sed\u00ed ke v\u0161emu, tak\u017ee s n\u00ed m\u016f\u017ee\u0161 tvo\u0159it nekone\u010dn\u011b kombinac\u00ed. Mikina perfektn\u011b zapadne do ka\u017ed\u00e9ho \u0161atn\u00edku \u2013 proto\u017ee \u017eivot je o pohod\u011b a stylu, kter\u00fd je tv\u016fj vlastn\u00ed.<\/p>\n<\/p><\/div>\n","protected":false},"featured_media":21237,"comment_status":"open","ping_status":"closed","template":"","meta":[],"product_brand":[],"product_cat":[110],"product_tag":[],"class_list":{"0":"post-37884","1":"product","2":"type-product","3":"status-publish","4":"has-post-thumbnail","6":"product_cat-moda-cs","8":"first","9":"instock","10":"shipping-taxable","11":"purchasable","12":"product-type-simple"},"bundled_by":[],"bundle_stock_status":"instock","bundle_stock_quantity":null,"bundle_virtual":false,"bundle_layout":"","bundle_add_to_cart_form_location":"","bundle_editable_in_cart":false,"bundle_sold_individually_context":"","bundle_item_grouping":"","bundle_min_size":"","bundle_max_size":"","bundle_price":[],"bundled_items":[],"bundle_sell_ids":[],"yoast_head":"<!-- This site is optimized with the Yoast SEO plugin v25.2 - https:\/\/yoast.com\/wordpress\/plugins\/seo\/ -->\n<title>Objevte Best H&amp;M Mikinu Na Zip S Kapuc\u00ed Pro Ka\u017ed\u00fd Den<\/title>\n<meta name=\"description\" content=\"Efektivn\u00ed vrstven\u00ed b\u011bhem ka\u017ed\u00e9ho ro\u010dn\u00edho obdob\u00ed. Tato \u0161ed\u00e1 mikina s kapuc\u00ed na zip, z p\u0159\u00edjemn\u00e9ho materi\u00e1lu, nab\u00edz\u00ed pohodl\u00ed, styl i prakti\u010dnost pro ka\u017edou p\u0159\u00edle\u017eitost.\" \/>\n<meta name=\"robots\" content=\"index, follow, max-snippet:-1, max-image-preview:large, max-video-preview:-1\" \/>\n<link rel=\"canonical\" href=\"https:\/\/demostore.ai\/cs\/produkt\/hm-mikina-na-zip-s-kapuci\/\" \/>\n<meta property=\"og:type\" content=\"article\" \/>\n<meta property=\"og:title\" content=\"Objevte Best H&amp;M Mikinu Na Zip S Kapuc\u00ed Pro Ka\u017ed\u00fd Den\" \/>\n<meta property=\"og:description\" content=\"Ne\u010dekan\u00e9 pohodl\u00ed a styl v jednom kousku. Mikina H&amp;M na zip s kapuc\u00ed nab\u00edz\u00ed praktick\u00e9 kapsy, m\u011bkk\u00fd materi\u00e1l a univerz\u00e1ln\u00ed st\u0159ih pro ka\u017edodenn\u00ed no\u0161en\u00ed od podzimu do jara. Skv\u011bl\u00e1 volba pro m\u011bsto, \u0161kolu i domov.\" \/>\n<meta property=\"og:url\" content=\"https:\/\/demostore.ai\/cs\/produkt\/hm-mikina-na-zip-s-kapuci\/\" \/>\n<meta property=\"og:site_name\" content=\"Trendy Thread\" \/>\n<meta property=\"article:modified_time\" content=\"2026-02-18T10:23:16+00:00\" \/>\n<meta property=\"og:image\" content=\"https:\/\/demostore.ai\/wp-content\/uploads\/2025\/06\/Branded-hoodie-1-scaled-1.png\" \/>\n\t<meta property=\"og:image:width\" content=\"810\" \/>\n\t<meta property=\"og:image:height\" content=\"1000\" \/>\n\t<meta property=\"og:image:type\" content=\"image\/png\" \/>\n<meta name=\"twitter:card\" content=\"summary_large_image\" \/>\n<meta name=\"twitter:title\" content=\"Objevte Best H&amp;M Mikinu Na Zip S Kapuc\u00ed Pro Ka\u017ed\u00fd Den\" \/>\n<meta name=\"twitter:description\" content=\"Ne\u010dekan\u00e9 pohodl\u00ed a styl v jednom kousku. Mikina H&amp;M na zip s kapuc\u00ed nab\u00edz\u00ed praktick\u00e9 kapsy, m\u011bkk\u00fd materi\u00e1l a univerz\u00e1ln\u00ed st\u0159ih pro ka\u017edodenn\u00ed no\u0161en\u00ed od podzimu do jara. Skv\u011bl\u00e1 volba pro m\u011bsto, \u0161kolu i domov.\" \/>\n<meta name=\"twitter:label1\" content=\"Odhadovan\u00e1 doba \u010dten\u00ed\" \/>\n\t<meta name=\"twitter:data1\" content=\"1 minuta\" \/>\n<script type=\"application\/ld+json\" class=\"yoast-schema-graph\">{\"@context\":\"https:\/\/schema.org\",\"@graph\":[{\"@type\":\"WebPage\",\"@id\":\"https:\/\/demostore.ai\/cs\/produkt\/hm-mikina-na-zip-s-kapuci\/\",\"url\":\"https:\/\/demostore.ai\/cs\/produkt\/hm-mikina-na-zip-s-kapuci\/\",\"name\":\"Objevte Best H&M Mikinu Na Zip S Kapuc\u00ed Pro Ka\u017ed\u00fd Den\",\"isPartOf\":{\"@id\":\"https:\/\/demostore.ai\/cs\/#website\"},\"primaryImageOfPage\":{\"@id\":\"https:\/\/demostore.ai\/cs\/produkt\/hm-mikina-na-zip-s-kapuci\/#primaryimage\"},\"image\":{\"@id\":\"https:\/\/demostore.ai\/cs\/produkt\/hm-mikina-na-zip-s-kapuci\/#primaryimage\"},\"thumbnailUrl\":\"https:\/\/demostore.ai\/wp-content\/uploads\/2025\/06\/Branded-hoodie-1-scaled-1.png\",\"datePublished\":\"2025-06-15T23:23:39+00:00\",\"dateModified\":\"2026-02-18T10:23:16+00:00\",\"description\":\"Efektivn\u00ed vrstven\u00ed b\u011bhem ka\u017ed\u00e9ho ro\u010dn\u00edho obdob\u00ed. Tato \u0161ed\u00e1 mikina s kapuc\u00ed na zip, z p\u0159\u00edjemn\u00e9ho materi\u00e1lu, nab\u00edz\u00ed pohodl\u00ed, styl i prakti\u010dnost pro ka\u017edou p\u0159\u00edle\u017eitost.\",\"breadcrumb\":{\"@id\":\"https:\/\/demostore.ai\/cs\/produkt\/hm-mikina-na-zip-s-kapuci\/#breadcrumb\"},\"inLanguage\":\"cs\",\"potentialAction\":[{\"@type\":\"ReadAction\",\"target\":[\"https:\/\/demostore.ai\/cs\/produkt\/hm-mikina-na-zip-s-kapuci\/\"]}]},{\"@type\":\"ImageObject\",\"inLanguage\":\"cs\",\"@id\":\"https:\/\/demostore.ai\/cs\/produkt\/hm-mikina-na-zip-s-kapuci\/#primaryimage\",\"url\":\"https:\/\/demostore.ai\/wp-content\/uploads\/2025\/06\/Branded-hoodie-1-scaled-1.png\",\"contentUrl\":\"https:\/\/demostore.ai\/wp-content\/uploads\/2025\/06\/Branded-hoodie-1-scaled-1.png\",\"width\":810,\"height\":1000,\"caption\":\"\u0160ed\u00e1 mikina na zip s kapuc\u00ed H&M polo\u017een\u00e1 nale\u017eato, viditeln\u00e9 kapsy a zap\u00edn\u00e1n\u00ed.\"},{\"@type\":\"BreadcrumbList\",\"@id\":\"https:\/\/demostore.ai\/cs\/produkt\/hm-mikina-na-zip-s-kapuci\/#breadcrumb\",\"itemListElement\":[{\"@type\":\"ListItem\",\"position\":1,\"name\":\"Dom\u016f\",\"item\":\"https:\/\/demostore.ai\/cs\/\"},{\"@type\":\"ListItem\",\"position\":2,\"name\":\"Obchod\",\"item\":\"https:\/\/demostore.ai\/cs\/obchod\/\"},{\"@type\":\"ListItem\",\"position\":3,\"name\":\"H&#038;M Mikina na Zip s Kapuc\u00ed\"}]},{\"@type\":\"WebSite\",\"@id\":\"https:\/\/demostore.ai\/cs\/#website\",\"url\":\"https:\/\/demostore.ai\/cs\/\",\"name\":\"Trendy Thread\",\"description\":\"Demo obchod WriteText.ai\",\"publisher\":{\"@id\":\"https:\/\/demostore.ai\/cs\/#organization\"},\"potentialAction\":[{\"@type\":\"SearchAction\",\"target\":{\"@type\":\"EntryPoint\",\"urlTemplate\":\"https:\/\/demostore.ai\/cs\/?s={search_term_string}\"},\"query-input\":{\"@type\":\"PropertyValueSpecification\",\"valueRequired\":true,\"valueName\":\"search_term_string\"}}],\"inLanguage\":\"cs\"},{\"@type\":\"Organization\",\"@id\":\"https:\/\/demostore.ai\/cs\/#organization\",\"name\":\"WriteText.ai\",\"url\":\"https:\/\/demostore.ai\/cs\/\",\"logo\":{\"@type\":\"ImageObject\",\"inLanguage\":\"cs\",\"@id\":\"https:\/\/demostore.ai\/cs\/#\/schema\/logo\/image\/\",\"url\":\"https:\/\/demostore.ai\/wp-content\/uploads\/2025\/10\/writetext_logo.webp\",\"contentUrl\":\"https:\/\/demostore.ai\/wp-content\/uploads\/2025\/10\/writetext_logo.webp\",\"width\":200,\"height\":34,\"caption\":\"WriteText.ai\"},\"image\":{\"@id\":\"https:\/\/demostore.ai\/cs\/#\/schema\/logo\/image\/\"}}]}<\/script>\n<!-- \/ Yoast SEO plugin. -->","yoast_head_json":{"title":"Objevte Best H&M Mikinu Na Zip S Kapuc\u00ed Pro Ka\u017ed\u00fd Den","description":"Efektivn\u00ed vrstven\u00ed b\u011bhem ka\u017ed\u00e9ho ro\u010dn\u00edho obdob\u00ed. Tato \u0161ed\u00e1 mikina s kapuc\u00ed na zip, z p\u0159\u00edjemn\u00e9ho materi\u00e1lu, nab\u00edz\u00ed pohodl\u00ed, styl i prakti\u010dnost pro ka\u017edou p\u0159\u00edle\u017eitost.","robots":{"index":"index","follow":"follow","max-snippet":"max-snippet:-1","max-image-preview":"max-image-preview:large","max-video-preview":"max-video-preview:-1"},"canonical":"https:\/\/demostore.ai\/cs\/produkt\/hm-mikina-na-zip-s-kapuci\/","og_type":"article","og_title":"Objevte Best H&M Mikinu Na Zip S Kapuc\u00ed Pro Ka\u017ed\u00fd Den","og_description":"Ne\u010dekan\u00e9 pohodl\u00ed a styl v jednom kousku. Mikina H&M na zip s kapuc\u00ed nab\u00edz\u00ed praktick\u00e9 kapsy, m\u011bkk\u00fd materi\u00e1l a univerz\u00e1ln\u00ed st\u0159ih pro ka\u017edodenn\u00ed no\u0161en\u00ed od podzimu do jara. Skv\u011bl\u00e1 volba pro m\u011bsto, \u0161kolu i domov.","og_url":"https:\/\/demostore.ai\/cs\/produkt\/hm-mikina-na-zip-s-kapuci\/","og_site_name":"Trendy Thread","article_modified_time":"2026-02-18T10:23:16+00:00","og_image":[{"width":810,"height":1000,"url":"https:\/\/demostore.ai\/wp-content\/uploads\/2025\/06\/Branded-hoodie-1-scaled-1.png","type":"image\/png"}],"twitter_card":"summary_large_image","twitter_title":"Objevte Best H&M Mikinu Na Zip S Kapuc\u00ed Pro Ka\u017ed\u00fd Den","twitter_description":"Ne\u010dekan\u00e9 pohodl\u00ed a styl v jednom kousku. Mikina H&M na zip s kapuc\u00ed nab\u00edz\u00ed praktick\u00e9 kapsy, m\u011bkk\u00fd materi\u00e1l a univerz\u00e1ln\u00ed st\u0159ih pro ka\u017edodenn\u00ed no\u0161en\u00ed od podzimu do jara. Skv\u011bl\u00e1 volba pro m\u011bsto, \u0161kolu i domov.","twitter_misc":{"Odhadovan\u00e1 doba \u010dten\u00ed":"1 minuta"},"schema":{"@context":"https:\/\/schema.org","@graph":[{"@type":"WebPage","@id":"https:\/\/demostore.ai\/cs\/produkt\/hm-mikina-na-zip-s-kapuci\/","url":"https:\/\/demostore.ai\/cs\/produkt\/hm-mikina-na-zip-s-kapuci\/","name":"Objevte Best H&M Mikinu Na Zip S Kapuc\u00ed Pro Ka\u017ed\u00fd Den","isPartOf":{"@id":"https:\/\/demostore.ai\/cs\/#website"},"primaryImageOfPage":{"@id":"https:\/\/demostore.ai\/cs\/produkt\/hm-mikina-na-zip-s-kapuci\/#primaryimage"},"image":{"@id":"https:\/\/demostore.ai\/cs\/produkt\/hm-mikina-na-zip-s-kapuci\/#primaryimage"},"thumbnailUrl":"https:\/\/demostore.ai\/wp-content\/uploads\/2025\/06\/Branded-hoodie-1-scaled-1.png","datePublished":"2025-06-15T23:23:39+00:00","dateModified":"2026-02-18T10:23:16+00:00","description":"Efektivn\u00ed vrstven\u00ed b\u011bhem ka\u017ed\u00e9ho ro\u010dn\u00edho obdob\u00ed. Tato \u0161ed\u00e1 mikina s kapuc\u00ed na zip, z p\u0159\u00edjemn\u00e9ho materi\u00e1lu, nab\u00edz\u00ed pohodl\u00ed, styl i prakti\u010dnost pro ka\u017edou p\u0159\u00edle\u017eitost.","breadcrumb":{"@id":"https:\/\/demostore.ai\/cs\/produkt\/hm-mikina-na-zip-s-kapuci\/#breadcrumb"},"inLanguage":"cs","potentialAction":[{"@type":"ReadAction","target":["https:\/\/demostore.ai\/cs\/produkt\/hm-mikina-na-zip-s-kapuci\/"]}]},{"@type":"ImageObject","inLanguage":"cs","@id":"https:\/\/demostore.ai\/cs\/produkt\/hm-mikina-na-zip-s-kapuci\/#primaryimage","url":"https:\/\/demostore.ai\/wp-content\/uploads\/2025\/06\/Branded-hoodie-1-scaled-1.png","contentUrl":"https:\/\/demostore.ai\/wp-content\/uploads\/2025\/06\/Branded-hoodie-1-scaled-1.png","width":810,"height":1000,"caption":"\u0160ed\u00e1 mikina na zip s kapuc\u00ed H&M polo\u017een\u00e1 nale\u017eato, viditeln\u00e9 kapsy a zap\u00edn\u00e1n\u00ed."},{"@type":"BreadcrumbList","@id":"https:\/\/demostore.ai\/cs\/produkt\/hm-mikina-na-zip-s-kapuci\/#breadcrumb","itemListElement":[{"@type":"ListItem","position":1,"name":"Dom\u016f","item":"https:\/\/demostore.ai\/cs\/"},{"@type":"ListItem","position":2,"name":"Obchod","item":"https:\/\/demostore.ai\/cs\/obchod\/"},{"@type":"ListItem","position":3,"name":"H&#038;M Mikina na Zip s Kapuc\u00ed"}]},{"@type":"WebSite","@id":"https:\/\/demostore.ai\/cs\/#website","url":"https:\/\/demostore.ai\/cs\/","name":"Trendy Thread","description":"Demo obchod WriteText.ai","publisher":{"@id":"https:\/\/demostore.ai\/cs\/#organization"},"potentialAction":[{"@type":"SearchAction","target":{"@type":"EntryPoint","urlTemplate":"https:\/\/demostore.ai\/cs\/?s={search_term_string}"},"query-input":{"@type":"PropertyValueSpecification","valueRequired":true,"valueName":"search_term_string"}}],"inLanguage":"cs"},{"@type":"Organization","@id":"https:\/\/demostore.ai\/cs\/#organization","name":"WriteText.ai","url":"https:\/\/demostore.ai\/cs\/","logo":{"@type":"ImageObject","inLanguage":"cs","@id":"https:\/\/demostore.ai\/cs\/#\/schema\/logo\/image\/","url":"https:\/\/demostore.ai\/wp-content\/uploads\/2025\/10\/writetext_logo.webp","contentUrl":"https:\/\/demostore.ai\/wp-content\/uploads\/2025\/10\/writetext_logo.webp","width":200,"height":34,"caption":"WriteText.ai"},"image":{"@id":"https:\/\/demostore.ai\/cs\/#\/schema\/logo\/image\/"}}]}},"_links":{"self":[{"href":"https:\/\/demostore.ai\/cs\/wp-json\/wp\/v2\/product\/37884","targetHints":{"allow":["GET"]}}],"collection":[{"href":"https:\/\/demostore.ai\/cs\/wp-json\/wp\/v2\/product"}],"about":[{"href":"https:\/\/demostore.ai\/cs\/wp-json\/wp\/v2\/types\/product"}],"replies":[{"embeddable":true,"href":"https:\/\/demostore.ai\/cs\/wp-json\/wp\/v2\/comments?post=37884"}],"wp:featuredmedia":[{"embeddable":true,"href":"https:\/\/demostore.ai\/cs\/wp-json\/wp\/v2\/media\/21237"}],"wp:attachment":[{"href":"https:\/\/demostore.ai\/cs\/wp-json\/wp\/v2\/media?parent=37884"}],"wp:term":[{"taxonomy":"product_brand","embeddable":true,"href":"https:\/\/demostore.ai\/cs\/wp-json\/wp\/v2\/product_brand?post=37884"},{"taxonomy":"product_cat","embeddable":true,"href":"https:\/\/demostore.ai\/cs\/wp-json\/wp\/v2\/product_cat?post=37884"},{"taxonomy":"product_tag","embeddable":true,"href":"https:\/\/demostore.ai\/cs\/wp-json\/wp\/v2\/product_tag?post=37884"}],"curies":[{"name":"wp","href":"https:\/\/api.w.org\/{rel}","templated":true}]}}