{"id":37795,"date":"2025-06-16T09:26:40","date_gmt":"2025-06-16T01:26:40","guid":{"rendered":"https:\/\/demostore.ai\/?post_type=product&#038;p=37795"},"modified":"2026-02-19T15:41:15","modified_gmt":"2026-02-19T07:41:15","slug":"quechua-arpenaz-batoh","status":"publish","type":"product","link":"https:\/\/demostore.ai\/cs\/produkt\/quechua-arpenaz-batoh\/","title":{"rendered":"Quechua Arpenaz Batoh"},"content":{"rendered":"<section data-wtai-block-id=\"wtai_product_description_use_cases\" class=\"wtai-section wtai-use_cases-section\">\n<h2>Vyu\u017eit\u00ed Quechua Arpenaz Batohu v ka\u017edodenn\u00edm \u017eivot\u011b<\/h2>\n<ul>\n<li>Lehk\u00e9 turistick\u00e9 v\u00fdlety do p\u0159\u00edrody, lesa nebo na proch\u00e1zky v okol\u00ed m\u011bsta.<\/li>\n<li>Cestov\u00e1n\u00ed vlakem, autobusem nebo letadlem, kde batoh slou\u017e\u00ed jako p\u0159\u00edru\u010dn\u00ed zavazadlo.<\/li>\n<li>No\u0161en\u00ed \u0161koln\u00edch nebo pracovn\u00edch pot\u0159eb jako jsou knihy, se\u0161ity a notebook.<\/li>\n<li>Sportovn\u00ed aktivity v\u010detn\u011b n\u00e1v\u0161t\u011bvy posilovny, koupali\u0161t\u011b \u010di sportovn\u00edho krou\u017eku.<\/li>\n<li>Celodenn\u00ed v\u00fdlety s rodinou, p\u0159en\u00e1\u0161en\u00ed sva\u010diny, n\u00e1poj\u016f a drobn\u00fdch dopl\u0148k\u016f pro d\u011bti i dosp\u011bl\u00e9.<\/li>\n<\/ul>\n<\/section>\n<div data-wtai-block-id=\"wtai_product_description_image_1753694570766\" class=\"wtai-section wtai-image_1753694570766-section\">\n<figure class=\"wtai-image-p wtai-align-center\" style=\"text-align:center\"><img decoding=\"async\" src=\"https:\/\/demostore.ai\/wp-content\/uploads\/2025\/06\/Hiking-backpack-2-600x600.png\" alt=\"Zadn\u00ed pohled na turistick\u00fd batoh Quechua Arpenaz s polstrovan\u00fdmi popruhy a hrudn\u00edm p\u00e1sem.\" srcset=\"https:\/\/demostore.ai\/wp-content\/uploads\/2025\/06\/Hiking-backpack-2.png 1000w, https:\/\/demostore.ai\/wp-content\/uploads\/2025\/06\/Hiking-backpack-2-300x300.png 300w, https:\/\/demostore.ai\/wp-content\/uploads\/2025\/06\/Hiking-backpack-2-150x150.png 150w, https:\/\/demostore.ai\/wp-content\/uploads\/2025\/06\/Hiking-backpack-2-768x768.png 768w, https:\/\/demostore.ai\/wp-content\/uploads\/2025\/06\/Hiking-backpack-2-600x600.png 600w, https:\/\/demostore.ai\/wp-content\/uploads\/2025\/06\/Hiking-backpack-2-250x250.png 250w\"><figcaption>\n<p>Polstrovan\u00e9 ramenn\u00ed popruhy a bedern\u00ed p\u00e1s zaji\u0161\u0165uj\u00ed pohodl\u00ed i p\u0159i del\u0161\u00edm no\u0161en\u00ed v ter\u00e9nu.<\/p>\n<\/figcaption><\/figure>\n<\/p><\/div>\n<section data-wtai-block-id=\"wtai_product_description_advantages\" class=\"wtai-section wtai-advantages-section\">\n<h2>Pro\u010d si vybrat pr\u00e1v\u011b tento batoh<\/h2>\n<ul>\n<li>N\u00edzk\u00e1 hmotnost a ergonomicky tvarovan\u00e1 z\u00e1da zvy\u0161uj\u00ed pohodl\u00ed p\u0159i del\u0161\u00edm no\u0161en\u00ed.<\/li>\n<li>Prostorn\u00e1 hlavn\u00ed komora a v\u00edce vn\u011bj\u0161\u00edch i vnit\u0159n\u00edch kapes pro p\u0159ehledn\u00e9 uspo\u0159\u00e1d\u00e1n\u00ed v\u011bc\u00ed.<\/li>\n<li>Odoln\u00fd materi\u00e1l a kvalitn\u00ed \u0161vy zaji\u0161\u0165uj\u00ed dlouhou \u017eivotnost i p\u0159i \u010dast\u00e9m pou\u017e\u00edv\u00e1n\u00ed.<\/li>\n<li>Modern\u00ed design s neutr\u00e1ln\u00ed barvou dob\u0159e lad\u00ed ke sportovn\u00edmu i m\u011bstsk\u00e9mu stylu.<\/li>\n<\/ul>\n<\/section>\n<section data-wtai-block-id=\"wtai_product_description_benefits\" class=\"wtai-section wtai-benefits-section\">\n<h2>Jak v\u00e1m Quechua Arpenaz Batoh zlep\u0161\u00ed den<\/h2>\n<ul>\n<li>Nedostatek prostoru p\u0159i no\u0161en\u00ed nezbytnost\u00ed \u0159e\u0161\u00ed objem 20 litr\u016f a praktick\u00e9 kapsy.<\/li>\n<li>Nepohodln\u00e9 batohy sni\u017euj\u00ed z\u00e1\u017eitek z v\u00fdletu, zde d\u00edky polstrov\u00e1n\u00ed a n\u00edzk\u00e9 v\u00e1ze z\u016fst\u00e1v\u00e1 no\u0161en\u00ed po cel\u00fd den p\u0159\u00edjemn\u00e9.<\/li>\n<li>Obava z po\u0161kozen\u00ed nebo rychl\u00e9ho opot\u0159eben\u00ed je eliminov\u00e1na odoln\u00fdmi materi\u00e1ly testovan\u00fdmi v ter\u00e9nu.<\/li>\n<li>Pot\u00ed\u017ee s organizac\u00ed p\u0159edm\u011bt\u016f \u0159e\u0161\u00ed promy\u0161len\u00fd vnit\u0159n\u00ed syst\u00e9m a snadn\u00fd p\u0159\u00edstup do v\u0161ech p\u0159ihr\u00e1dek.<\/li>\n<\/ul>\n<\/section>\n<section data-wtai-block-id=\"wtai_product_description_technical_specifications\" class=\"wtai-section wtai-technical_specifications-section\">\n<h3>Detaily<\/h3>\n<ul>\n<li><strong>Objem:<\/strong> 20 l<\/li>\n<li><strong>Hmotnost:<\/strong> 0,44 kg<\/li>\n<li><strong>Rozm\u011bry:<\/strong> 46 \u00d7 20 \u00d7 25 cm<\/li>\n<li><strong>Materi\u00e1l:<\/strong> polyester odoln\u00fd proti od\u011bru<\/li>\n<li><strong>Hlavn\u00ed kapsa:<\/strong> 1 hlavn\u00ed komora se stahov\u00e1n\u00edm a v\u00edkem<\/li>\n<li><strong>Vn\u011bj\u0161\u00ed kapsy:<\/strong> 2 s\u00ed\u0165ovan\u00e9 bo\u010dn\u00ed kapsy<\/li>\n<li><strong>Vnit\u0159n\u00ed kapsy:<\/strong> 1 kapsa na zip a p\u0159ep\u00e1\u017eka uvnit\u0159<\/li>\n<li><strong>Barva:<\/strong> \u010dern\u00e1 s \u010derven\u00fdmi a olivov\u00fdmi detaily<\/li>\n<\/ul>\n<\/section>\n<div data-wtai-block-id=\"wtai_product_description_image_1754224212429\" class=\"wtai-section wtai-image_1754224212429-section\">\n<figure class=\"wtai-image-p wtai-align-center\" style=\"text-align:center\"><img decoding=\"async\" src=\"https:\/\/demostore.ai\/wp-content\/uploads\/2025\/06\/Hiking-backpack-4-600x600.png\" alt=\"Detailn\u00ed pohled na logo Quechua na \u0161ed\u00e9m batohu Arpenaz.\" srcset=\"https:\/\/demostore.ai\/wp-content\/uploads\/2025\/06\/Hiking-backpack-4.png 1000w, https:\/\/demostore.ai\/wp-content\/uploads\/2025\/06\/Hiking-backpack-4-300x300.png 300w, https:\/\/demostore.ai\/wp-content\/uploads\/2025\/06\/Hiking-backpack-4-150x150.png 150w, https:\/\/demostore.ai\/wp-content\/uploads\/2025\/06\/Hiking-backpack-4-768x768.png 768w, https:\/\/demostore.ai\/wp-content\/uploads\/2025\/06\/Hiking-backpack-4-600x600.png 600w, https:\/\/demostore.ai\/wp-content\/uploads\/2025\/06\/Hiking-backpack-4-250x250.png 250w\"><figcaption>\n<p>Detailn\u00ed z\u00e1b\u011br na logo zd\u016fraz\u0148uje kvalitn\u00ed materi\u00e1l a precizn\u00ed zpracov\u00e1n\u00ed \u0161v\u016f batohu.<\/p>\n<\/figcaption><\/figure>\n<\/p><\/div>\n<section data-wtai-block-id=\"wtai_product_description_faqs\" class=\"wtai-section wtai-faqs-section\">\n<h2>Nej\u010dast\u011bj\u0161\u00ed dotazy<\/h2>\n<p><strong>Je batoh vhodn\u00fd na celodenn\u00ed v\u00fdlety?<\/strong> <br \/> Ano, d\u00edky ergonomick\u00e9mu tvarov\u00e1n\u00ed a n\u00edzk\u00e9 v\u00e1ze je pohodln\u00fd i p\u0159i celodenn\u00edm no\u0161en\u00ed a dob\u0159e rozlo\u017e\u00ed z\u00e1t\u011b\u017e na z\u00e1da.<\/p>\n<p><strong>Vejde se do batohu notebook?<\/strong> <br \/> Do hlavn\u00ed komory lze ulo\u017eit a\u017e 15&quot; notebook, co\u017e usnadn\u00ed vyu\u017eit\u00ed do \u0161koly i do pr\u00e1ce.<\/p>\n<p><strong>Jak je na tom batoh s odolnost\u00ed proti de\u0161ti?<\/strong> <br \/> Materi\u00e1l je vodoodpudiv\u00fd a zvl\u00e1dne lehk\u00e9 mrholen\u00ed, ale nen\u00ed zcela nepromokav\u00fd. P\u0159i siln\u011bj\u0161\u00edm de\u0161ti doporu\u010dujeme pou\u017e\u00edt pl\u00e1\u0161t\u011bnku.<\/p>\n<p><strong>Je mo\u017en\u00e9 batoh pou\u017e\u00edt na cykloturistiku?<\/strong> <br \/> Ano, batoh je lehk\u00fd a d\u00edky polstrovan\u00fdm popruh\u016fm i pohodln\u00fd p\u0159i pohybu na kole na krat\u0161\u00ed vzd\u00e1lenosti.<\/p>\n<p><strong>Lze batoh jednodu\u0161e o\u010distit?<\/strong> <br \/> Ano, povrchov\u00fd materi\u00e1l sta\u010d\u00ed ot\u0159\u00edt vlhk\u00fdm had\u0159\u00edkem, p\u0159\u00edpadn\u011b jej lze ru\u010dn\u011b vyprat v m\u00fddlov\u00e9m roztoku.<\/p>\n<\/section>\n<section data-wtai-block-id=\"wtai_product_description_conclusion\" class=\"wtai-section wtai-conclusion-section\">\n<h2>Objevte nov\u00fd komfort p\u0159i ka\u017ed\u00e9m v\u00fdletu<\/h2>\n<p><strong>Quechua Arpenaz Batoh spojuje lehkost, prakti\u010dnost a modern\u00ed vzhled v jednom \u0159e\u0161en\u00ed.<\/strong> <strong>S promy\u0161len\u00fdmi kapsami i odoln\u00fdm materi\u00e1lem zvl\u00e1dne ka\u017edodenn\u00ed v\u00fdlety, cestu do pr\u00e1ce i nen\u00e1ro\u010dnou turistiku.<\/strong> <strong>Nepodce\u0148ujte pohodl\u00ed a vyberte si batoh, kter\u00fd v\u00e1m usnadn\u00ed organizaci i pohyb b\u011bhem cel\u00e9ho dne.<\/strong> <strong>Ne\u010dekejte, ne\u017e bude vyprodan\u00fd \u2013 v\u00e1\u0161 dal\u0161\u00ed spole\u010dn\u00edk na cest\u00e1ch u\u017e na v\u00e1s \u010dek\u00e1 dnes.<\/strong><\/p>\n<\/section>\n","protected":false},"excerpt":{"rendered":"<div data-wtai-block-id=\"wtai_excerpt_subtitle\" class=\"wtai-section wtai-subtitle-section\">\n<p><em><strong>Lehk\u00fd batoh pro rychl\u00e9 v\u00fdpravy a ka\u017edodenn\u00ed dobrodru\u017estv\u00ed<\/strong><\/em><\/p>\n<\/p><\/div>\n<div data-wtai-block-id=\"wtai_excerpt_introduction\" class=\"wtai-section wtai-introduction-section\">\n<p>Vyrazte ven bez zbyte\u010dn\u00e9 z\u00e1t\u011b\u017ee. Tento batoh v sob\u011b spojuje jednoduchost, funk\u010dnost a odolnost, kterou ocen\u00ed ka\u017ed\u00fd, kdo \u017eije pohybem \u2013 od m\u011bstsk\u00fdch proch\u00e1zek a\u017e po v\u00edkendov\u00e9 t\u00fary. Kompaktn\u00ed proveden\u00ed a pohodln\u00e9 no\u0161en\u00ed spln\u00ed o\u010dek\u00e1v\u00e1n\u00ed modern\u00edho \u010dlov\u011bka, kter\u00fd chce b\u00fdt p\u0159ipraven\u00fd na cokoli a c\u00edtit volnost v ka\u017ed\u00e9m kroku. Arpenaz zt\u011bles\u0148uje spolehliv\u00e9ho par\u0165\u00e1ka pro ka\u017ed\u00fd v\u00e1\u0161 pl\u00e1n, a\u0165 u\u017e c\u00edl\u00edte na v\u00fdkon, nebo spont\u00e1nn\u00ed z\u00e1\u017eitky v p\u0159\u00edrod\u011b.<\/p>\n<\/p><\/div>\n","protected":false},"featured_media":23324,"comment_status":"open","ping_status":"closed","template":"","meta":[],"product_brand":[],"product_cat":[223],"product_tag":[],"class_list":{"0":"post-37795","1":"product","2":"type-product","3":"status-publish","4":"has-post-thumbnail","6":"product_cat-sport-volny-cas","8":"first","9":"instock","10":"shipping-taxable","11":"purchasable","12":"product-type-simple"},"bundled_by":[],"bundle_stock_status":"instock","bundle_stock_quantity":null,"bundle_virtual":false,"bundle_layout":"","bundle_add_to_cart_form_location":"","bundle_editable_in_cart":false,"bundle_sold_individually_context":"","bundle_item_grouping":"","bundle_min_size":"","bundle_max_size":"","bundle_price":[],"bundled_items":[],"bundle_sell_ids":[],"yoast_head":"<!-- This site is optimized with the Yoast SEO plugin v25.2 - https:\/\/yoast.com\/wordpress\/plugins\/seo\/ -->\n<title>Objevte Quechua Arpenaz Batoh pro Ka\u017edodenn\u00ed Pohodl\u00ed<\/title>\n<meta name=\"description\" content=\"Jedine\u010dn\u00fd modern\u00ed batoh Quechua Arpenaz nab\u00edz\u00ed 20 l prostoru, ergonomick\u00e9 polstrov\u00e1n\u00ed a praktick\u00e9 kapsy. Ide\u00e1ln\u00ed pro v\u00fdlety, cestov\u00e1n\u00ed i ka\u017edodenn\u00ed no\u0161en\u00ed.\" \/>\n<meta name=\"robots\" content=\"index, follow, max-snippet:-1, max-image-preview:large, max-video-preview:-1\" \/>\n<link rel=\"canonical\" href=\"https:\/\/demostore.ai\/cs\/produkt\/quechua-arpenaz-batoh\/\" \/>\n<meta property=\"og:type\" content=\"article\" \/>\n<meta property=\"og:title\" content=\"Objevte Quechua Arpenaz Batoh pro Ka\u017edodenn\u00ed Pohodl\u00ed\" \/>\n<meta property=\"og:description\" content=\"Promy\u0161len\u00e1 konstrukce batohu Quechua Arpenaz nab\u00edz\u00ed optim\u00e1ln\u00ed kombinaci lehkosti, odolnosti a organizace. Ide\u00e1ln\u00ed na cestov\u00e1n\u00ed, v\u00fdlety i ka\u017edodenn\u00ed aktivity.\" \/>\n<meta property=\"og:url\" content=\"https:\/\/demostore.ai\/cs\/produkt\/quechua-arpenaz-batoh\/\" \/>\n<meta property=\"og:site_name\" content=\"Trendy Thread\" \/>\n<meta property=\"article:modified_time\" content=\"2026-02-19T07:41:15+00:00\" \/>\n<meta property=\"og:image\" content=\"https:\/\/demostore.ai\/wp-content\/uploads\/2025\/06\/Hiking-backpack-1.png\" \/>\n\t<meta property=\"og:image:width\" content=\"1000\" \/>\n\t<meta property=\"og:image:height\" content=\"1000\" \/>\n\t<meta property=\"og:image:type\" content=\"image\/png\" \/>\n<meta name=\"twitter:card\" content=\"summary_large_image\" \/>\n<meta name=\"twitter:title\" content=\"Objevte Quechua Arpenaz Batoh pro Ka\u017edodenn\u00ed Pohodl\u00ed\" \/>\n<meta name=\"twitter:description\" content=\"Promy\u0161len\u00e1 konstrukce batohu Quechua Arpenaz nab\u00edz\u00ed optim\u00e1ln\u00ed kombinaci lehkosti, odolnosti a organizace. Ide\u00e1ln\u00ed na cestov\u00e1n\u00ed, v\u00fdlety i ka\u017edodenn\u00ed aktivity.\" \/>\n<meta name=\"twitter:label1\" content=\"Odhadovan\u00e1 doba \u010dten\u00ed\" \/>\n\t<meta name=\"twitter:data1\" content=\"1 minuta\" \/>\n<script type=\"application\/ld+json\" class=\"yoast-schema-graph\">{\"@context\":\"https:\/\/schema.org\",\"@graph\":[{\"@type\":\"WebPage\",\"@id\":\"https:\/\/demostore.ai\/cs\/produkt\/quechua-arpenaz-batoh\/\",\"url\":\"https:\/\/demostore.ai\/cs\/produkt\/quechua-arpenaz-batoh\/\",\"name\":\"Objevte Quechua Arpenaz Batoh pro Ka\u017edodenn\u00ed Pohodl\u00ed\",\"isPartOf\":{\"@id\":\"https:\/\/demostore.ai\/cs\/#website\"},\"primaryImageOfPage\":{\"@id\":\"https:\/\/demostore.ai\/cs\/produkt\/quechua-arpenaz-batoh\/#primaryimage\"},\"image\":{\"@id\":\"https:\/\/demostore.ai\/cs\/produkt\/quechua-arpenaz-batoh\/#primaryimage\"},\"thumbnailUrl\":\"https:\/\/demostore.ai\/wp-content\/uploads\/2025\/06\/Hiking-backpack-1.png\",\"datePublished\":\"2025-06-16T01:26:40+00:00\",\"dateModified\":\"2026-02-19T07:41:15+00:00\",\"description\":\"Jedine\u010dn\u00fd modern\u00ed batoh Quechua Arpenaz nab\u00edz\u00ed 20 l prostoru, ergonomick\u00e9 polstrov\u00e1n\u00ed a praktick\u00e9 kapsy. Ide\u00e1ln\u00ed pro v\u00fdlety, cestov\u00e1n\u00ed i ka\u017edodenn\u00ed no\u0161en\u00ed.\",\"breadcrumb\":{\"@id\":\"https:\/\/demostore.ai\/cs\/produkt\/quechua-arpenaz-batoh\/#breadcrumb\"},\"inLanguage\":\"cs\",\"potentialAction\":[{\"@type\":\"ReadAction\",\"target\":[\"https:\/\/demostore.ai\/cs\/produkt\/quechua-arpenaz-batoh\/\"]}]},{\"@type\":\"ImageObject\",\"inLanguage\":\"cs\",\"@id\":\"https:\/\/demostore.ai\/cs\/produkt\/quechua-arpenaz-batoh\/#primaryimage\",\"url\":\"https:\/\/demostore.ai\/wp-content\/uploads\/2025\/06\/Hiking-backpack-1.png\",\"contentUrl\":\"https:\/\/demostore.ai\/wp-content\/uploads\/2025\/06\/Hiking-backpack-1.png\",\"width\":1000,\"height\":1000,\"caption\":\"\u010cern\u00fd turistick\u00fd batoh Quechua Arpenaz s p\u0159edn\u00ed p\u0159ezkou a s\u00ed\u0165ovan\u00fdmi kapsami po stran\u00e1ch.\"},{\"@type\":\"BreadcrumbList\",\"@id\":\"https:\/\/demostore.ai\/cs\/produkt\/quechua-arpenaz-batoh\/#breadcrumb\",\"itemListElement\":[{\"@type\":\"ListItem\",\"position\":1,\"name\":\"Dom\u016f\",\"item\":\"https:\/\/demostore.ai\/cs\/\"},{\"@type\":\"ListItem\",\"position\":2,\"name\":\"Obchod\",\"item\":\"https:\/\/demostore.ai\/cs\/obchod\/\"},{\"@type\":\"ListItem\",\"position\":3,\"name\":\"Quechua Arpenaz Batoh\"}]},{\"@type\":\"WebSite\",\"@id\":\"https:\/\/demostore.ai\/cs\/#website\",\"url\":\"https:\/\/demostore.ai\/cs\/\",\"name\":\"Trendy Thread\",\"description\":\"Demo obchod WriteText.ai\",\"publisher\":{\"@id\":\"https:\/\/demostore.ai\/cs\/#organization\"},\"potentialAction\":[{\"@type\":\"SearchAction\",\"target\":{\"@type\":\"EntryPoint\",\"urlTemplate\":\"https:\/\/demostore.ai\/cs\/?s={search_term_string}\"},\"query-input\":{\"@type\":\"PropertyValueSpecification\",\"valueRequired\":true,\"valueName\":\"search_term_string\"}}],\"inLanguage\":\"cs\"},{\"@type\":\"Organization\",\"@id\":\"https:\/\/demostore.ai\/cs\/#organization\",\"name\":\"WriteText.ai\",\"url\":\"https:\/\/demostore.ai\/cs\/\",\"logo\":{\"@type\":\"ImageObject\",\"inLanguage\":\"cs\",\"@id\":\"https:\/\/demostore.ai\/cs\/#\/schema\/logo\/image\/\",\"url\":\"https:\/\/demostore.ai\/wp-content\/uploads\/2025\/10\/writetext_logo.webp\",\"contentUrl\":\"https:\/\/demostore.ai\/wp-content\/uploads\/2025\/10\/writetext_logo.webp\",\"width\":200,\"height\":34,\"caption\":\"WriteText.ai\"},\"image\":{\"@id\":\"https:\/\/demostore.ai\/cs\/#\/schema\/logo\/image\/\"}}]}<\/script>\n<!-- \/ Yoast SEO plugin. -->","yoast_head_json":{"title":"Objevte Quechua Arpenaz Batoh pro Ka\u017edodenn\u00ed Pohodl\u00ed","description":"Jedine\u010dn\u00fd modern\u00ed batoh Quechua Arpenaz nab\u00edz\u00ed 20 l prostoru, ergonomick\u00e9 polstrov\u00e1n\u00ed a praktick\u00e9 kapsy. Ide\u00e1ln\u00ed pro v\u00fdlety, cestov\u00e1n\u00ed i ka\u017edodenn\u00ed no\u0161en\u00ed.","robots":{"index":"index","follow":"follow","max-snippet":"max-snippet:-1","max-image-preview":"max-image-preview:large","max-video-preview":"max-video-preview:-1"},"canonical":"https:\/\/demostore.ai\/cs\/produkt\/quechua-arpenaz-batoh\/","og_type":"article","og_title":"Objevte Quechua Arpenaz Batoh pro Ka\u017edodenn\u00ed Pohodl\u00ed","og_description":"Promy\u0161len\u00e1 konstrukce batohu Quechua Arpenaz nab\u00edz\u00ed optim\u00e1ln\u00ed kombinaci lehkosti, odolnosti a organizace. Ide\u00e1ln\u00ed na cestov\u00e1n\u00ed, v\u00fdlety i ka\u017edodenn\u00ed aktivity.","og_url":"https:\/\/demostore.ai\/cs\/produkt\/quechua-arpenaz-batoh\/","og_site_name":"Trendy Thread","article_modified_time":"2026-02-19T07:41:15+00:00","og_image":[{"width":1000,"height":1000,"url":"https:\/\/demostore.ai\/wp-content\/uploads\/2025\/06\/Hiking-backpack-1.png","type":"image\/png"}],"twitter_card":"summary_large_image","twitter_title":"Objevte Quechua Arpenaz Batoh pro Ka\u017edodenn\u00ed Pohodl\u00ed","twitter_description":"Promy\u0161len\u00e1 konstrukce batohu Quechua Arpenaz nab\u00edz\u00ed optim\u00e1ln\u00ed kombinaci lehkosti, odolnosti a organizace. Ide\u00e1ln\u00ed na cestov\u00e1n\u00ed, v\u00fdlety i ka\u017edodenn\u00ed aktivity.","twitter_misc":{"Odhadovan\u00e1 doba \u010dten\u00ed":"1 minuta"},"schema":{"@context":"https:\/\/schema.org","@graph":[{"@type":"WebPage","@id":"https:\/\/demostore.ai\/cs\/produkt\/quechua-arpenaz-batoh\/","url":"https:\/\/demostore.ai\/cs\/produkt\/quechua-arpenaz-batoh\/","name":"Objevte Quechua Arpenaz Batoh pro Ka\u017edodenn\u00ed Pohodl\u00ed","isPartOf":{"@id":"https:\/\/demostore.ai\/cs\/#website"},"primaryImageOfPage":{"@id":"https:\/\/demostore.ai\/cs\/produkt\/quechua-arpenaz-batoh\/#primaryimage"},"image":{"@id":"https:\/\/demostore.ai\/cs\/produkt\/quechua-arpenaz-batoh\/#primaryimage"},"thumbnailUrl":"https:\/\/demostore.ai\/wp-content\/uploads\/2025\/06\/Hiking-backpack-1.png","datePublished":"2025-06-16T01:26:40+00:00","dateModified":"2026-02-19T07:41:15+00:00","description":"Jedine\u010dn\u00fd modern\u00ed batoh Quechua Arpenaz nab\u00edz\u00ed 20 l prostoru, ergonomick\u00e9 polstrov\u00e1n\u00ed a praktick\u00e9 kapsy. Ide\u00e1ln\u00ed pro v\u00fdlety, cestov\u00e1n\u00ed i ka\u017edodenn\u00ed no\u0161en\u00ed.","breadcrumb":{"@id":"https:\/\/demostore.ai\/cs\/produkt\/quechua-arpenaz-batoh\/#breadcrumb"},"inLanguage":"cs","potentialAction":[{"@type":"ReadAction","target":["https:\/\/demostore.ai\/cs\/produkt\/quechua-arpenaz-batoh\/"]}]},{"@type":"ImageObject","inLanguage":"cs","@id":"https:\/\/demostore.ai\/cs\/produkt\/quechua-arpenaz-batoh\/#primaryimage","url":"https:\/\/demostore.ai\/wp-content\/uploads\/2025\/06\/Hiking-backpack-1.png","contentUrl":"https:\/\/demostore.ai\/wp-content\/uploads\/2025\/06\/Hiking-backpack-1.png","width":1000,"height":1000,"caption":"\u010cern\u00fd turistick\u00fd batoh Quechua Arpenaz s p\u0159edn\u00ed p\u0159ezkou a s\u00ed\u0165ovan\u00fdmi kapsami po stran\u00e1ch."},{"@type":"BreadcrumbList","@id":"https:\/\/demostore.ai\/cs\/produkt\/quechua-arpenaz-batoh\/#breadcrumb","itemListElement":[{"@type":"ListItem","position":1,"name":"Dom\u016f","item":"https:\/\/demostore.ai\/cs\/"},{"@type":"ListItem","position":2,"name":"Obchod","item":"https:\/\/demostore.ai\/cs\/obchod\/"},{"@type":"ListItem","position":3,"name":"Quechua Arpenaz Batoh"}]},{"@type":"WebSite","@id":"https:\/\/demostore.ai\/cs\/#website","url":"https:\/\/demostore.ai\/cs\/","name":"Trendy Thread","description":"Demo obchod WriteText.ai","publisher":{"@id":"https:\/\/demostore.ai\/cs\/#organization"},"potentialAction":[{"@type":"SearchAction","target":{"@type":"EntryPoint","urlTemplate":"https:\/\/demostore.ai\/cs\/?s={search_term_string}"},"query-input":{"@type":"PropertyValueSpecification","valueRequired":true,"valueName":"search_term_string"}}],"inLanguage":"cs"},{"@type":"Organization","@id":"https:\/\/demostore.ai\/cs\/#organization","name":"WriteText.ai","url":"https:\/\/demostore.ai\/cs\/","logo":{"@type":"ImageObject","inLanguage":"cs","@id":"https:\/\/demostore.ai\/cs\/#\/schema\/logo\/image\/","url":"https:\/\/demostore.ai\/wp-content\/uploads\/2025\/10\/writetext_logo.webp","contentUrl":"https:\/\/demostore.ai\/wp-content\/uploads\/2025\/10\/writetext_logo.webp","width":200,"height":34,"caption":"WriteText.ai"},"image":{"@id":"https:\/\/demostore.ai\/cs\/#\/schema\/logo\/image\/"}}]}},"_links":{"self":[{"href":"https:\/\/demostore.ai\/cs\/wp-json\/wp\/v2\/product\/37795","targetHints":{"allow":["GET"]}}],"collection":[{"href":"https:\/\/demostore.ai\/cs\/wp-json\/wp\/v2\/product"}],"about":[{"href":"https:\/\/demostore.ai\/cs\/wp-json\/wp\/v2\/types\/product"}],"replies":[{"embeddable":true,"href":"https:\/\/demostore.ai\/cs\/wp-json\/wp\/v2\/comments?post=37795"}],"wp:featuredmedia":[{"embeddable":true,"href":"https:\/\/demostore.ai\/cs\/wp-json\/wp\/v2\/media\/23324"}],"wp:attachment":[{"href":"https:\/\/demostore.ai\/cs\/wp-json\/wp\/v2\/media?parent=37795"}],"wp:term":[{"taxonomy":"product_brand","embeddable":true,"href":"https:\/\/demostore.ai\/cs\/wp-json\/wp\/v2\/product_brand?post=37795"},{"taxonomy":"product_cat","embeddable":true,"href":"https:\/\/demostore.ai\/cs\/wp-json\/wp\/v2\/product_cat?post=37795"},{"taxonomy":"product_tag","embeddable":true,"href":"https:\/\/demostore.ai\/cs\/wp-json\/wp\/v2\/product_tag?post=37795"}],"curies":[{"name":"wp","href":"https:\/\/api.w.org\/{rel}","templated":true}]}}